{"id":68569,"date":"2025-06-05T16:19:47","date_gmt":"2025-06-05T15:19:47","guid":{"rendered":"https:\/\/truusk.store\/product\/avsparrningsgrind-for-hundar-4-delad-2075-x-61-cm-vikbar-dorrskyddsgrind-med-2-stodben-fristaende-hundgrind-trappgrind-for-medelstora-hundar-for-hall-trappa-vit\/"},"modified":"2026-03-12T09:46:12","modified_gmt":"2026-03-12T08:46:12","slug":"truusk-avsparrningsgrind-for-hundar-vikbar-4-delad-hundgrind-fristaende-med-2-stodben-for-hall-trappa-2075-x-61-cm-vit","status":"publish","type":"product","link":"https:\/\/truusk.store\/sv\/produkt\/truusk-avsparrningsgrind-for-hundar-vikbar-4-delad-hundgrind-fristaende-med-2-stodben-for-hall-trappa-2075-x-61-cm-vit\/","title":{"rendered":"TRUUSK Avsp\u00e4rrningsgrind f\u00f6r Hundar &#8211; Vikbar 4-delad Hundgrind &#8211; Frist\u00e5ende med 2 St\u00f6dben &#8211; F\u00f6r Hall, Trappa &#8211; 207,5 x 61 cm &#8211; Vit"},"content":{"rendered":"<p>Upplev charm och funktionalitet med det frist\u00e5ende TRUUSK hundbarri\u00e4ren! Denna f\u00e4llbara, fyrdelade design av hundbarri\u00e4ren passar perfekt f\u00f6r korridorer, d\u00f6rrkarmar och trappor, ger dina husdjur den \u00f6nskade friheten och h\u00e5ller dem \u00e4nd\u00e5 s\u00e4kert i vissa omr\u00e5den. Utrustad med halkfria fotspetsar och stabila f\u00f6tter, erbjuder denna barri\u00e4r en elegant s\u00e4kerhetsl\u00f6sning f\u00f6r ditt hem.<\/p>\n<p>Beskrivning:<\/p>\n<ul>\n<li> Fyrdelad, f\u00e4llbar design av barri\u00e4ren m\u00f6jligg\u00f6r enkel lagring och b\u00e4rbarhet<\/li>\n<li> Halkfria fotspetsar och tv\u00e5 st\u00f6df\u00f6tter p\u00e5 hundbarri\u00e4ren \u00f6kar stabiliteten<\/li>\n<li> Ger husdjur frihet och h\u00e5ller dem \u00e4nd\u00e5 borta fr\u00e5n vissa omr\u00e5den<\/li>\n<li> L\u00e4mplig f\u00f6r korridorer, d\u00f6rrar och trappor<\/li>\n<li> Tillverkad av MDF<\/li>\n<li> Det ih\u00e5liga benm\u00f6nstret p\u00e5 hundskyddsgaller l\u00e4gger till en dekorativ, lekfull touch<\/li>\n<li> Montering kr\u00e4vs<\/li>\n<\/ul>\n<p> Tekniska data:<\/p>\n<ul>\n<li> F\u00e4rg: Vit<\/li>\n<li> Material: MDF<\/li>\n<li> Totala dimensioner: 207,5L x 30B x 61H cm<\/li>\n<li> Enskild panel: 51B x 61H x 1,5T cm<\/li>\n<li> St\u00f6df\u00f6tter: 30L x 10B x 1,5T cm<\/li>\n<li> F\u00e4llbar storlek: 51B x 61H x 7,5T cm<\/li>\n<li> St\u00e5ngavst\u00e5nd: 3,7 cm<\/li>\n<\/ul>\n<p>Leverans inneh\u00e5ller:<\/p>\n<ul>\n<li> 1 x frist\u00e5ende hundbarri\u00e4r<\/li>\n<li> 1 x bruksanvisning<\/li>\n<\/ul>\n","protected":false},"excerpt":{"rendered":"<p>Upplev charm och funktionalitet med det frist\u00e5ende TRUUSK hundbarri\u00e4ren! Denna f\u00e4llbara, fyrdelade design av hundbarri\u00e4ren passar perfekt f\u00f6r korridorer, d\u00f6rrkarmar&#8230;<\/p>\n","protected":false},"featured_media":68560,"template":"","meta":[],"product_brand":[],"product_cat":[878,948,574],"product_tag":[],"class_list":{"0":"post-68569","1":"product","2":"type-product","3":"status-publish","4":"has-post-thumbnail","6":"product_cat-djurbehov","7":"product_cat-hundgaller-skiljevaggar","8":"product_cat-hundtillbehor","10":"first","11":"instock","12":"sale","13":"taxable","14":"shipping-taxable","15":"purchasable","16":"product-type-simple"},"yoast_head":"<!-- This site is optimized with the Yoast SEO plugin v25.4 - https:\/\/yoast.com\/wordpress\/plugins\/seo\/ -->\n<title>TRUUSK Avsp\u00e4rrningsgrind f\u00f6r Hundar - Vikbar 4-delad Hundgrind - Frist\u00e5ende med 2 St\u00f6dben - F\u00f6r Hall, Trappa - 207,5 x 61 cm - Vit - TRUUSK - Hem, Tr\u00e4dg\u00e5rd &amp; Fritid<\/title>\n<meta name=\"robots\" content=\"index, follow, max-snippet:-1, max-image-preview:large, max-video-preview:-1\" \/>\n<link rel=\"canonical\" href=\"https:\/\/truusk.store\/sv\/produkt\/truusk-avsparrningsgrind-for-hundar-vikbar-4-delad-hundgrind-fristaende-med-2-stodben-for-hall-trappa-2075-x-61-cm-vit\/\" \/>\n<meta property=\"og:locale\" content=\"sv_SE\" \/>\n<meta property=\"og:type\" content=\"article\" \/>\n<meta property=\"og:title\" content=\"TRUUSK Avsp\u00e4rrningsgrind f\u00f6r Hundar - Vikbar 4-delad Hundgrind - Frist\u00e5ende med 2 St\u00f6dben - F\u00f6r Hall, Trappa - 207,5 x 61 cm - Vit - TRUUSK - Hem, Tr\u00e4dg\u00e5rd &amp; Fritid\" \/>\n<meta property=\"og:description\" content=\"Upplev charm och funktionalitet med det frist\u00e5ende TRUUSK hundbarri\u00e4ren! Denna f\u00e4llbara, fyrdelade design av hundbarri\u00e4ren passar perfekt f\u00f6r korridorer, d\u00f6rrkarmar...\" \/>\n<meta property=\"og:url\" content=\"https:\/\/truusk.store\/sv\/produkt\/truusk-avsparrningsgrind-for-hundar-vikbar-4-delad-hundgrind-fristaende-med-2-stodben-for-hall-trappa-2075-x-61-cm-vit\/\" \/>\n<meta property=\"og:site_name\" content=\"TRUUSK - Hem, Tr\u00e4dg\u00e5rd &amp; Fritid\" \/>\n<meta property=\"article:modified_time\" content=\"2026-03-12T08:46:12+00:00\" \/>\n<meta property=\"og:image\" content=\"https:\/\/i0.wp.com\/truusk.se\/wp-content\/uploads\/2025\/06\/avsparrningsgrind-for-hundar-4-delad-2075-x-61-cm-vikbar-dorrskyddsgrind-med-2-stodben-fristaende-hundgrind-trappgrind-for-medelstora-hundar-for-hall-trappa-vit-1.webp?fit=2000%2C2000&ssl=1\" \/>\n\t<meta property=\"og:image:width\" content=\"2000\" \/>\n\t<meta property=\"og:image:height\" content=\"2000\" \/>\n\t<meta property=\"og:image:type\" content=\"image\/webp\" \/>\n<meta name=\"twitter:card\" content=\"summary_large_image\" \/>\n<meta name=\"twitter:label1\" content=\"Ber\u00e4knad l\u00e4stid\" \/>\n\t<meta name=\"twitter:data1\" content=\"1 minut\" \/>\n<!-- \/ Yoast SEO plugin. -->","yoast_head_json":{"title":"TRUUSK Avsp\u00e4rrningsgrind f\u00f6r Hundar - Vikbar 4-delad Hundgrind - Frist\u00e5ende med 2 St\u00f6dben - F\u00f6r Hall, Trappa - 207,5 x 61 cm - Vit - TRUUSK - Hem, Tr\u00e4dg\u00e5rd &amp; Fritid","robots":{"index":"index","follow":"follow","max-snippet":"max-snippet:-1","max-image-preview":"max-image-preview:large","max-video-preview":"max-video-preview:-1"},"canonical":"https:\/\/truusk.store\/sv\/produkt\/truusk-avsparrningsgrind-for-hundar-vikbar-4-delad-hundgrind-fristaende-med-2-stodben-for-hall-trappa-2075-x-61-cm-vit\/","og_locale":"sv_SE","og_type":"article","og_title":"TRUUSK Avsp\u00e4rrningsgrind f\u00f6r Hundar - Vikbar 4-delad Hundgrind - Frist\u00e5ende med 2 St\u00f6dben - F\u00f6r Hall, Trappa - 207,5 x 61 cm - Vit - TRUUSK - Hem, Tr\u00e4dg\u00e5rd &amp; Fritid","og_description":"Upplev charm och funktionalitet med det frist\u00e5ende TRUUSK hundbarri\u00e4ren! Denna f\u00e4llbara, fyrdelade design av hundbarri\u00e4ren passar perfekt f\u00f6r korridorer, d\u00f6rrkarmar...","og_url":"https:\/\/truusk.store\/sv\/produkt\/truusk-avsparrningsgrind-for-hundar-vikbar-4-delad-hundgrind-fristaende-med-2-stodben-for-hall-trappa-2075-x-61-cm-vit\/","og_site_name":"TRUUSK - Hem, Tr\u00e4dg\u00e5rd &amp; Fritid","article_modified_time":"2026-03-12T08:46:12+00:00","og_image":[{"width":2000,"height":2000,"url":"https:\/\/i0.wp.com\/truusk.se\/wp-content\/uploads\/2025\/06\/avsparrningsgrind-for-hundar-4-delad-2075-x-61-cm-vikbar-dorrskyddsgrind-med-2-stodben-fristaende-hundgrind-trappgrind-for-medelstora-hundar-for-hall-trappa-vit-1.webp?fit=2000%2C2000&ssl=1","type":"image\/webp"}],"twitter_card":"summary_large_image","twitter_misc":{"Ber\u00e4knad l\u00e4stid":"1 minut"},"schema":{"@context":"https:\/\/schema.org","@graph":[{"@type":"WebPage","@id":"https:\/\/truusk.store\/sv\/produkt\/truusk-avsparrningsgrind-for-hundar-vikbar-4-delad-hundgrind-fristaende-med-2-stodben-for-hall-trappa-2075-x-61-cm-vit\/","url":"https:\/\/truusk.store\/sv\/produkt\/truusk-avsparrningsgrind-for-hundar-vikbar-4-delad-hundgrind-fristaende-med-2-stodben-for-hall-trappa-2075-x-61-cm-vit\/","name":"TRUUSK Avsp\u00e4rrningsgrind f\u00f6r Hundar - Vikbar 4-delad Hundgrind - Frist\u00e5ende med 2 St\u00f6dben - F\u00f6r Hall, Trappa - 207,5 x 61 cm - Vit - TRUUSK - Hem, Tr\u00e4dg\u00e5rd &amp; Fritid","isPartOf":{"@id":"https:\/\/truusk.store\/sv\/#website"},"primaryImageOfPage":{"@id":"https:\/\/truusk.store\/sv\/produkt\/truusk-avsparrningsgrind-for-hundar-vikbar-4-delad-hundgrind-fristaende-med-2-stodben-for-hall-trappa-2075-x-61-cm-vit\/#primaryimage"},"image":{"@id":"https:\/\/truusk.store\/sv\/produkt\/truusk-avsparrningsgrind-for-hundar-vikbar-4-delad-hundgrind-fristaende-med-2-stodben-for-hall-trappa-2075-x-61-cm-vit\/#primaryimage"},"thumbnailUrl":"https:\/\/i0.wp.com\/truusk.store\/wp-content\/uploads\/2025\/06\/avsparrningsgrind-for-hundar-4-delad-2075-x-61-cm-vikbar-dorrskyddsgrind-med-2-stodben-fristaende-hundgrind-trappgrind-for-medelstora-hundar-for-hall-trappa-vit-1.webp?fit=2000%2C2000&ssl=1","datePublished":"2025-06-05T15:19:47+00:00","dateModified":"2026-03-12T08:46:12+00:00","breadcrumb":{"@id":"https:\/\/truusk.store\/sv\/produkt\/truusk-avsparrningsgrind-for-hundar-vikbar-4-delad-hundgrind-fristaende-med-2-stodben-for-hall-trappa-2075-x-61-cm-vit\/#breadcrumb"},"inLanguage":"sv-SE","potentialAction":[{"@type":"ReadAction","target":["https:\/\/truusk.store\/sv\/produkt\/truusk-avsparrningsgrind-for-hundar-vikbar-4-delad-hundgrind-fristaende-med-2-stodben-for-hall-trappa-2075-x-61-cm-vit\/"]}]},{"@type":"ImageObject","inLanguage":"sv-SE","@id":"https:\/\/truusk.store\/sv\/produkt\/truusk-avsparrningsgrind-for-hundar-vikbar-4-delad-hundgrind-fristaende-med-2-stodben-for-hall-trappa-2075-x-61-cm-vit\/#primaryimage","url":"https:\/\/i0.wp.com\/truusk.store\/wp-content\/uploads\/2025\/06\/avsparrningsgrind-for-hundar-4-delad-2075-x-61-cm-vikbar-dorrskyddsgrind-med-2-stodben-fristaende-hundgrind-trappgrind-for-medelstora-hundar-for-hall-trappa-vit-1.webp?fit=2000%2C2000&ssl=1","contentUrl":"https:\/\/i0.wp.com\/truusk.store\/wp-content\/uploads\/2025\/06\/avsparrningsgrind-for-hundar-4-delad-2075-x-61-cm-vikbar-dorrskyddsgrind-med-2-stodben-fristaende-hundgrind-trappgrind-for-medelstora-hundar-for-hall-trappa-vit-1.webp?fit=2000%2C2000&ssl=1","width":2000,"height":2000},{"@type":"BreadcrumbList","@id":"https:\/\/truusk.store\/sv\/produkt\/truusk-avsparrningsgrind-for-hundar-vikbar-4-delad-hundgrind-fristaende-med-2-stodben-for-hall-trappa-2075-x-61-cm-vit\/#breadcrumb","itemListElement":[{"@type":"ListItem","position":1,"name":"Home","item":"https:\/\/truusk.store\/sv\/"},{"@type":"ListItem","position":2,"name":"Shop","item":"https:\/\/truusk.store\/shop\/"},{"@type":"ListItem","position":3,"name":"TRUUSK Avsp\u00e4rrningsgrind f\u00f6r Hundar &#8211; Vikbar 4-delad Hundgrind &#8211; Frist\u00e5ende med 2 St\u00f6dben &#8211; F\u00f6r Hall, Trappa &#8211; 207,5 x 61 cm &#8211; Vit"}]},{"@type":"WebSite","@id":"https:\/\/truusk.store\/sv\/#website","url":"https:\/\/truusk.store\/sv\/","name":"TRUUSK - Hem, Tr\u00e4dg\u00e5rd & Fritid","description":"","publisher":{"@id":"https:\/\/truusk.store\/sv\/#organization"},"potentialAction":[{"@type":"SearchAction","target":{"@type":"EntryPoint","urlTemplate":"https:\/\/truusk.store\/sv\/?s={search_term_string}"},"query-input":{"@type":"PropertyValueSpecification","valueRequired":true,"valueName":"search_term_string"}}],"inLanguage":"sv-SE"},{"@type":"Organization","@id":"https:\/\/truusk.store\/sv\/#organization","name":"TRUUSK - Hem, Tr\u00e4dg\u00e5rd & Fritid","url":"https:\/\/truusk.store\/sv\/","logo":{"@type":"ImageObject","inLanguage":"sv-SE","@id":"https:\/\/truusk.store\/sv\/#\/schema\/logo\/image\/","url":"https:\/\/i0.wp.com\/truusk.store\/wp-content\/uploads\/2026\/03\/cropped-TRUUSK.png?fit=2032%2C917&ssl=1","contentUrl":"https:\/\/i0.wp.com\/truusk.store\/wp-content\/uploads\/2026\/03\/cropped-TRUUSK.png?fit=2032%2C917&ssl=1","width":2032,"height":917,"caption":"TRUUSK - Hem, Tr\u00e4dg\u00e5rd & Fritid"},"image":{"@id":"https:\/\/truusk.store\/sv\/#\/schema\/logo\/image\/"}}]}},"jetpack_sharing_enabled":true,"_links":{"self":[{"href":"https:\/\/truusk.store\/sv\/wp-json\/wp\/v2\/product\/68569","targetHints":{"allow":["GET"]}}],"collection":[{"href":"https:\/\/truusk.store\/sv\/wp-json\/wp\/v2\/product"}],"about":[{"href":"https:\/\/truusk.store\/sv\/wp-json\/wp\/v2\/types\/product"}],"wp:featuredmedia":[{"embeddable":true,"href":"https:\/\/truusk.store\/sv\/wp-json\/wp\/v2\/media\/68560"}],"wp:attachment":[{"href":"https:\/\/truusk.store\/sv\/wp-json\/wp\/v2\/media?parent=68569"}],"wp:term":[{"taxonomy":"product_brand","embeddable":true,"href":"https:\/\/truusk.store\/sv\/wp-json\/wp\/v2\/product_brand?post=68569"},{"taxonomy":"product_cat","embeddable":true,"href":"https:\/\/truusk.store\/sv\/wp-json\/wp\/v2\/product_cat?post=68569"},{"taxonomy":"product_tag","embeddable":true,"href":"https:\/\/truusk.store\/sv\/wp-json\/wp\/v2\/product_tag?post=68569"}],"curies":[{"name":"wp","href":"https:\/\/api.w.org\/{rel}","templated":true}]}}