{"id":68655,"date":"2025-06-05T16:28:52","date_gmt":"2025-06-05T15:28:52","guid":{"rendered":"https:\/\/truusk.store\/product\/sittbank-stoppad-bank-med-chenille-overdrag-armstod-sangbank-med-2-cylinderkuddar-traram-skobank-for-sovrum-vardagsrum-hall-115-x-44-x-58-cm-beige\/"},"modified":"2026-03-12T09:44:38","modified_gmt":"2026-03-12T08:44:38","slug":"truusk-stopad-sittbank-med-chenille-overdrag-armstod-2-cylinderkuddar-traram-skobank-115-x-44-x-58-cm-beige","status":"publish","type":"product","link":"https:\/\/truusk.store\/sv\/produkt\/truusk-stopad-sittbank-med-chenille-overdrag-armstod-2-cylinderkuddar-traram-skobank-115-x-44-x-58-cm-beige\/","title":{"rendered":"TRUUSK Stopad Sittb\u00e4nk med Chenille-\u00f6verdrag &#8211; Armst\u00f6d &#8211; 2 Cylinderkuddar &#8211; Tr\u00e4ram &#8211; Skob\u00e4nk &#8211; 115 x 44 x 58 cm &#8211; Beige"},"content":{"rendered":"<p>Uppt\u00e4ck Vintage TRUUSK stoppade b\u00e4nken, en perfekt symbios av komfort och klassisk elegans. Omsluten av lyxigt chenille\u00f6verdrag och utrustad med mjuk stoppning, samt bekv\u00e4ma, stoppade armst\u00f6d, erbjuder den dig avkoppling vid varje kontakt. Den nostalgiska charmen hos den stoppade b\u00e4nken framh\u00e4vs av knappf\u00e4stningen och de stilfulla kuddarna. Idealisk f\u00f6r sovrum, entr\u00e9omr\u00e5de eller en mysig f\u00f6nsterh\u00f6rna. Funktionalitet och stil i ett!<\/p>\n<p>Beskrivning:<\/p>\n<ul>\n<li> Chenille\u00f6verdraget p\u00e5 s\u00e4ngb\u00e4nken ger en mjuk, lyxig k\u00e4nsla<\/li>\n<li> Kuddar och knappf\u00e4stning f\u00f6r en vintage-look<\/li>\n<li> H\u00f6g densitet, tjock skumstoppning och mjuka kuddar p\u00e5 den stoppade b\u00e4nken f\u00f6r \u00f6verl\u00e4gsen komfort<\/li>\n<li> Flerskiktsplatta-ram och gummitr\u00e4ben med justerbara f\u00f6tter f\u00f6r st\u00f6d och stabilitet<\/li>\n<li> Tillr\u00e4ckligt m\u00e5ngsidig f\u00f6r att anv\u00e4ndas som en b\u00e4nk vid s\u00e4ngen eller som en plats att byta skor<\/li>\n<li> Montering kr\u00e4vs<\/li>\n<\/ul>\n<p> Tekniska data:<\/p>\n<ul>\n<li> F\u00e4rg: Beige<\/li>\n<li> Material: Chenille (100% polyester), skum, flerskiktsplatta, gummitr\u00e4<\/li>\n<li> Totala m\u00e5tt: 115B x 44T x 58H cm<\/li>\n<li> Sitsstorlek: 88B x 44T x 44H cm<\/li>\n<li> Sitt tjocklek: 18 cm<\/li>\n<li> Armst\u00f6dsh\u00f6jd fr\u00e5n sits: 13,5 cm<\/li>\n<li> Belastningskapacitet: 150 kg<\/li>\n<\/ul>\n<p>Leverans inneh\u00e5ller:<\/p>\n<ul>\n<li> 1 x S\u00e4ngb\u00e4nk<\/li>\n<li> 1 x Handbok<\/li>\n<\/ul>\n","protected":false},"excerpt":{"rendered":"<p>Uppt\u00e4ck Vintage TRUUSK stoppade b\u00e4nken, en perfekt symbios av komfort och klassisk elegans. Omsluten av lyxigt chenille\u00f6verdrag och utrustad med&#8230;<\/p>\n","protected":false},"featured_media":68646,"template":"","meta":[],"product_brand":[],"product_cat":[871,897,540],"product_tag":[],"class_list":{"0":"post-68655","1":"product","2":"type-product","3":"status-publish","4":"has-post-thumbnail","6":"product_cat-hus-hem","7":"product_cat-sovrum","8":"product_cat-stoppade-bankar","10":"first","11":"instock","12":"sale","13":"taxable","14":"shipping-taxable","15":"purchasable","16":"product-type-simple"},"yoast_head":"<!-- This site is optimized with the Yoast SEO plugin v25.4 - https:\/\/yoast.com\/wordpress\/plugins\/seo\/ -->\n<title>TRUUSK Stopad Sittb\u00e4nk med Chenille-\u00f6verdrag - Armst\u00f6d - 2 Cylinderkuddar - Tr\u00e4ram - Skob\u00e4nk - 115 x 44 x 58 cm - Beige - TRUUSK - Hem, Tr\u00e4dg\u00e5rd &amp; Fritid<\/title>\n<meta name=\"robots\" content=\"index, follow, max-snippet:-1, max-image-preview:large, max-video-preview:-1\" \/>\n<link rel=\"canonical\" href=\"https:\/\/truusk.store\/sv\/produkt\/truusk-stopad-sittbank-med-chenille-overdrag-armstod-2-cylinderkuddar-traram-skobank-115-x-44-x-58-cm-beige\/\" \/>\n<meta property=\"og:locale\" content=\"sv_SE\" \/>\n<meta property=\"og:type\" content=\"article\" \/>\n<meta property=\"og:title\" content=\"TRUUSK Stopad Sittb\u00e4nk med Chenille-\u00f6verdrag - Armst\u00f6d - 2 Cylinderkuddar - Tr\u00e4ram - Skob\u00e4nk - 115 x 44 x 58 cm - Beige - TRUUSK - Hem, Tr\u00e4dg\u00e5rd &amp; Fritid\" \/>\n<meta property=\"og:description\" content=\"Uppt\u00e4ck Vintage TRUUSK stoppade b\u00e4nken, en perfekt symbios av komfort och klassisk elegans. Omsluten av lyxigt chenille\u00f6verdrag och utrustad med...\" \/>\n<meta property=\"og:url\" content=\"https:\/\/truusk.store\/sv\/produkt\/truusk-stopad-sittbank-med-chenille-overdrag-armstod-2-cylinderkuddar-traram-skobank-115-x-44-x-58-cm-beige\/\" \/>\n<meta property=\"og:site_name\" content=\"TRUUSK - Hem, Tr\u00e4dg\u00e5rd &amp; Fritid\" \/>\n<meta property=\"article:modified_time\" content=\"2026-03-12T08:44:38+00:00\" \/>\n<meta property=\"og:image\" content=\"https:\/\/i0.wp.com\/truusk.se\/wp-content\/uploads\/2025\/06\/sittbank-stoppad-bank-med-chenille-overdrag-armstod-sangbank-med-2-cylinderkuddar-traram-skobank-for-sovrum-vardagsrum-hall-115-x-44-x-58-cm-beige-1.webp?fit=2000%2C2000&ssl=1\" \/>\n\t<meta property=\"og:image:width\" content=\"2000\" \/>\n\t<meta property=\"og:image:height\" content=\"2000\" \/>\n\t<meta property=\"og:image:type\" content=\"image\/webp\" \/>\n<meta name=\"twitter:card\" content=\"summary_large_image\" \/>\n<meta name=\"twitter:label1\" content=\"Ber\u00e4knad l\u00e4stid\" \/>\n\t<meta name=\"twitter:data1\" content=\"1 minut\" \/>\n<!-- \/ Yoast SEO plugin. -->","yoast_head_json":{"title":"TRUUSK Stopad Sittb\u00e4nk med Chenille-\u00f6verdrag - Armst\u00f6d - 2 Cylinderkuddar - Tr\u00e4ram - Skob\u00e4nk - 115 x 44 x 58 cm - Beige - TRUUSK - Hem, Tr\u00e4dg\u00e5rd &amp; Fritid","robots":{"index":"index","follow":"follow","max-snippet":"max-snippet:-1","max-image-preview":"max-image-preview:large","max-video-preview":"max-video-preview:-1"},"canonical":"https:\/\/truusk.store\/sv\/produkt\/truusk-stopad-sittbank-med-chenille-overdrag-armstod-2-cylinderkuddar-traram-skobank-115-x-44-x-58-cm-beige\/","og_locale":"sv_SE","og_type":"article","og_title":"TRUUSK Stopad Sittb\u00e4nk med Chenille-\u00f6verdrag - Armst\u00f6d - 2 Cylinderkuddar - Tr\u00e4ram - Skob\u00e4nk - 115 x 44 x 58 cm - Beige - TRUUSK - Hem, Tr\u00e4dg\u00e5rd &amp; Fritid","og_description":"Uppt\u00e4ck Vintage TRUUSK stoppade b\u00e4nken, en perfekt symbios av komfort och klassisk elegans. Omsluten av lyxigt chenille\u00f6verdrag och utrustad med...","og_url":"https:\/\/truusk.store\/sv\/produkt\/truusk-stopad-sittbank-med-chenille-overdrag-armstod-2-cylinderkuddar-traram-skobank-115-x-44-x-58-cm-beige\/","og_site_name":"TRUUSK - Hem, Tr\u00e4dg\u00e5rd &amp; Fritid","article_modified_time":"2026-03-12T08:44:38+00:00","og_image":[{"width":2000,"height":2000,"url":"https:\/\/i0.wp.com\/truusk.se\/wp-content\/uploads\/2025\/06\/sittbank-stoppad-bank-med-chenille-overdrag-armstod-sangbank-med-2-cylinderkuddar-traram-skobank-for-sovrum-vardagsrum-hall-115-x-44-x-58-cm-beige-1.webp?fit=2000%2C2000&ssl=1","type":"image\/webp"}],"twitter_card":"summary_large_image","twitter_misc":{"Ber\u00e4knad l\u00e4stid":"1 minut"},"schema":{"@context":"https:\/\/schema.org","@graph":[{"@type":"WebPage","@id":"https:\/\/truusk.store\/sv\/produkt\/truusk-stopad-sittbank-med-chenille-overdrag-armstod-2-cylinderkuddar-traram-skobank-115-x-44-x-58-cm-beige\/","url":"https:\/\/truusk.store\/sv\/produkt\/truusk-stopad-sittbank-med-chenille-overdrag-armstod-2-cylinderkuddar-traram-skobank-115-x-44-x-58-cm-beige\/","name":"TRUUSK Stopad Sittb\u00e4nk med Chenille-\u00f6verdrag - Armst\u00f6d - 2 Cylinderkuddar - Tr\u00e4ram - Skob\u00e4nk - 115 x 44 x 58 cm - Beige - TRUUSK - Hem, Tr\u00e4dg\u00e5rd &amp; Fritid","isPartOf":{"@id":"https:\/\/truusk.store\/sv\/#website"},"primaryImageOfPage":{"@id":"https:\/\/truusk.store\/sv\/produkt\/truusk-stopad-sittbank-med-chenille-overdrag-armstod-2-cylinderkuddar-traram-skobank-115-x-44-x-58-cm-beige\/#primaryimage"},"image":{"@id":"https:\/\/truusk.store\/sv\/produkt\/truusk-stopad-sittbank-med-chenille-overdrag-armstod-2-cylinderkuddar-traram-skobank-115-x-44-x-58-cm-beige\/#primaryimage"},"thumbnailUrl":"https:\/\/i0.wp.com\/truusk.store\/wp-content\/uploads\/2025\/06\/sittbank-stoppad-bank-med-chenille-overdrag-armstod-sangbank-med-2-cylinderkuddar-traram-skobank-for-sovrum-vardagsrum-hall-115-x-44-x-58-cm-beige-1.webp?fit=2000%2C2000&ssl=1","datePublished":"2025-06-05T15:28:52+00:00","dateModified":"2026-03-12T08:44:38+00:00","breadcrumb":{"@id":"https:\/\/truusk.store\/sv\/produkt\/truusk-stopad-sittbank-med-chenille-overdrag-armstod-2-cylinderkuddar-traram-skobank-115-x-44-x-58-cm-beige\/#breadcrumb"},"inLanguage":"sv-SE","potentialAction":[{"@type":"ReadAction","target":["https:\/\/truusk.store\/sv\/produkt\/truusk-stopad-sittbank-med-chenille-overdrag-armstod-2-cylinderkuddar-traram-skobank-115-x-44-x-58-cm-beige\/"]}]},{"@type":"ImageObject","inLanguage":"sv-SE","@id":"https:\/\/truusk.store\/sv\/produkt\/truusk-stopad-sittbank-med-chenille-overdrag-armstod-2-cylinderkuddar-traram-skobank-115-x-44-x-58-cm-beige\/#primaryimage","url":"https:\/\/i0.wp.com\/truusk.store\/wp-content\/uploads\/2025\/06\/sittbank-stoppad-bank-med-chenille-overdrag-armstod-sangbank-med-2-cylinderkuddar-traram-skobank-for-sovrum-vardagsrum-hall-115-x-44-x-58-cm-beige-1.webp?fit=2000%2C2000&ssl=1","contentUrl":"https:\/\/i0.wp.com\/truusk.store\/wp-content\/uploads\/2025\/06\/sittbank-stoppad-bank-med-chenille-overdrag-armstod-sangbank-med-2-cylinderkuddar-traram-skobank-for-sovrum-vardagsrum-hall-115-x-44-x-58-cm-beige-1.webp?fit=2000%2C2000&ssl=1","width":2000,"height":2000},{"@type":"BreadcrumbList","@id":"https:\/\/truusk.store\/sv\/produkt\/truusk-stopad-sittbank-med-chenille-overdrag-armstod-2-cylinderkuddar-traram-skobank-115-x-44-x-58-cm-beige\/#breadcrumb","itemListElement":[{"@type":"ListItem","position":1,"name":"Home","item":"https:\/\/truusk.store\/sv\/"},{"@type":"ListItem","position":2,"name":"Shop","item":"https:\/\/truusk.store\/shop\/"},{"@type":"ListItem","position":3,"name":"TRUUSK Stopad Sittb\u00e4nk med Chenille-\u00f6verdrag &#8211; Armst\u00f6d &#8211; 2 Cylinderkuddar &#8211; Tr\u00e4ram &#8211; Skob\u00e4nk &#8211; 115 x 44 x 58 cm &#8211; Beige"}]},{"@type":"WebSite","@id":"https:\/\/truusk.store\/sv\/#website","url":"https:\/\/truusk.store\/sv\/","name":"TRUUSK - Hem, Tr\u00e4dg\u00e5rd & Fritid","description":"","publisher":{"@id":"https:\/\/truusk.store\/sv\/#organization"},"potentialAction":[{"@type":"SearchAction","target":{"@type":"EntryPoint","urlTemplate":"https:\/\/truusk.store\/sv\/?s={search_term_string}"},"query-input":{"@type":"PropertyValueSpecification","valueRequired":true,"valueName":"search_term_string"}}],"inLanguage":"sv-SE"},{"@type":"Organization","@id":"https:\/\/truusk.store\/sv\/#organization","name":"TRUUSK - Hem, Tr\u00e4dg\u00e5rd & Fritid","url":"https:\/\/truusk.store\/sv\/","logo":{"@type":"ImageObject","inLanguage":"sv-SE","@id":"https:\/\/truusk.store\/sv\/#\/schema\/logo\/image\/","url":"https:\/\/i0.wp.com\/truusk.store\/wp-content\/uploads\/2026\/03\/cropped-TRUUSK.png?fit=2032%2C917&ssl=1","contentUrl":"https:\/\/i0.wp.com\/truusk.store\/wp-content\/uploads\/2026\/03\/cropped-TRUUSK.png?fit=2032%2C917&ssl=1","width":2032,"height":917,"caption":"TRUUSK - Hem, Tr\u00e4dg\u00e5rd & Fritid"},"image":{"@id":"https:\/\/truusk.store\/sv\/#\/schema\/logo\/image\/"}}]}},"jetpack_sharing_enabled":true,"_links":{"self":[{"href":"https:\/\/truusk.store\/sv\/wp-json\/wp\/v2\/product\/68655","targetHints":{"allow":["GET"]}}],"collection":[{"href":"https:\/\/truusk.store\/sv\/wp-json\/wp\/v2\/product"}],"about":[{"href":"https:\/\/truusk.store\/sv\/wp-json\/wp\/v2\/types\/product"}],"wp:featuredmedia":[{"embeddable":true,"href":"https:\/\/truusk.store\/sv\/wp-json\/wp\/v2\/media\/68646"}],"wp:attachment":[{"href":"https:\/\/truusk.store\/sv\/wp-json\/wp\/v2\/media?parent=68655"}],"wp:term":[{"taxonomy":"product_brand","embeddable":true,"href":"https:\/\/truusk.store\/sv\/wp-json\/wp\/v2\/product_brand?post=68655"},{"taxonomy":"product_cat","embeddable":true,"href":"https:\/\/truusk.store\/sv\/wp-json\/wp\/v2\/product_cat?post=68655"},{"taxonomy":"product_tag","embeddable":true,"href":"https:\/\/truusk.store\/sv\/wp-json\/wp\/v2\/product_tag?post=68655"}],"curies":[{"name":"wp","href":"https:\/\/api.w.org\/{rel}","templated":true}]}}