{"id":68675,"date":"2025-06-05T16:30:53","date_gmt":"2025-06-05T15:30:53","guid":{"rendered":"https:\/\/truusk.store\/product\/kattraningshjul-traningshjul-for-katter-91-cm-med-broms-klobrada-kattrad-for-halsosam-motion-avkoppling-valnot\/"},"modified":"2026-03-12T08:40:43","modified_gmt":"2026-03-12T07:40:43","slug":"truusk-kattraningshjul-91-cm-med-broms-klobrada-for-halsosam-motion-avkoppling-valnot","status":"publish","type":"product","link":"https:\/\/truusk.store\/sv\/produkt\/truusk-kattraningshjul-91-cm-med-broms-klobrada-for-halsosam-motion-avkoppling-valnot\/","title":{"rendered":"TRUUSK Kattr\u00e4ningshjul 91 cm &#8211; Med Broms &#8211; Kl\u00f6br\u00e4da &#8211; F\u00f6r H\u00e4lsosam Motion &#8211; Avkoppling &#8211; Valn\u00f6t"},"content":{"rendered":"<p>Aktivera din katts lekinstinkt med TRUUSK kattl\u00f6phjul. Designat f\u00f6r mjuk rullning, stimulerar det de naturliga instinkterna, medan den l\u00e5sbara bromsen garanterar s\u00e4kerhet. Den utbytbara skrapmattan inuti ger b\u00e4ttre friktion vid l\u00f6pning och stillar din katts skrapbehov.<\/p>\n<p>Beskrivning:<\/p>\n<ul>\n<li> Den st\u00f6djande designen garanterar en smidigare rotation f\u00f6r aktiva katter<\/li>\n<li> Bromsen l\u00e5ser kanten och m\u00f6jligg\u00f6r enkel kontroll<\/li>\n<li> Skrapmattans inre lager \u00f6kar friktionen vid l\u00f6pning<\/li>\n<li> Den l\u00e4tt utbytbara wellpapp-skrapmattan ger bekv\u00e4m hantering<\/li>\n<li> L\u00e4mplig f\u00f6r katter under 5 kg<\/li>\n<li> Montering kr\u00e4vs<\/li>\n<\/ul>\n<p> Tekniska data:<\/p>\n<ul>\n<li> F\u00e4rg: Valn\u00f6t<\/li>\n<li> Material: Flerlagerskiva, wellpapp, st\u00e5l<\/li>\n<li> Totala dimensioner: 91L x 33,5B x 94H cm<\/li>\n<li> Hjul: \u00d891 x 28T cm (Totalt), \u00d879 cm (Inre)<\/li>\n<li> Wellpapp: 55L x 25,5B x 3H cm<\/li>\n<li> Bas: 75,2B x 33,5T x 21,3H cm<\/li>\n<li> Vertikala hjul: \u00d83,7 cm<\/li>\n<li> Horisontella hjul: \u00d82,4 cm<\/li>\n<li> Hjulh\u00f6jd: 9,2H cm<\/li>\n<li> Block: 25,5L x 8\/10B cm<\/li>\n<li> Rekommenderad belastning: 5 kg<\/li>\n<\/ul>\n<p>Leveransinneh\u00e5ll:<\/p>\n<ul>\n<li> 1 x Kattl\u00f6phjul<\/li>\n<li> 1 x Handbok<\/li>\n<\/ul>\n","protected":false},"excerpt":{"rendered":"<p>Aktivera din katts lekinstinkt med TRUUSK kattl\u00f6phjul. Designat f\u00f6r mjuk rullning, stimulerar det de naturliga instinkterna, medan den l\u00e5sbara bromsen&#8230;<\/p>\n","protected":false},"featured_media":68666,"template":"","meta":[],"product_brand":[],"product_cat":[878,588,879],"product_tag":[],"class_list":{"0":"post-68675","1":"product","2":"type-product","3":"status-publish","4":"has-post-thumbnail","6":"product_cat-djurbehov","7":"product_cat-katttillbehor","8":"product_cat-klostrad","10":"first","11":"instock","12":"sale","13":"taxable","14":"shipping-taxable","15":"purchasable","16":"product-type-simple"},"yoast_head":"<!-- This site is optimized with the Yoast SEO plugin v25.4 - https:\/\/yoast.com\/wordpress\/plugins\/seo\/ -->\n<title>TRUUSK Kattr\u00e4ningshjul 91 cm - Med Broms - Kl\u00f6br\u00e4da - F\u00f6r H\u00e4lsosam Motion - Avkoppling - Valn\u00f6t - TRUUSK - Hem, Tr\u00e4dg\u00e5rd &amp; Fritid<\/title>\n<meta name=\"robots\" content=\"index, follow, max-snippet:-1, max-image-preview:large, max-video-preview:-1\" \/>\n<link rel=\"canonical\" href=\"https:\/\/truusk.store\/sv\/produkt\/truusk-kattraningshjul-91-cm-med-broms-klobrada-for-halsosam-motion-avkoppling-valnot\/\" \/>\n<meta property=\"og:locale\" content=\"sv_SE\" \/>\n<meta property=\"og:type\" content=\"article\" \/>\n<meta property=\"og:title\" content=\"TRUUSK Kattr\u00e4ningshjul 91 cm - Med Broms - Kl\u00f6br\u00e4da - F\u00f6r H\u00e4lsosam Motion - Avkoppling - Valn\u00f6t - TRUUSK - Hem, Tr\u00e4dg\u00e5rd &amp; Fritid\" \/>\n<meta property=\"og:description\" content=\"Aktivera din katts lekinstinkt med TRUUSK kattl\u00f6phjul. Designat f\u00f6r mjuk rullning, stimulerar det de naturliga instinkterna, medan den l\u00e5sbara bromsen...\" \/>\n<meta property=\"og:url\" content=\"https:\/\/truusk.store\/sv\/produkt\/truusk-kattraningshjul-91-cm-med-broms-klobrada-for-halsosam-motion-avkoppling-valnot\/\" \/>\n<meta property=\"og:site_name\" content=\"TRUUSK - Hem, Tr\u00e4dg\u00e5rd &amp; Fritid\" \/>\n<meta property=\"article:modified_time\" content=\"2026-03-12T07:40:43+00:00\" \/>\n<meta property=\"og:image\" content=\"https:\/\/i0.wp.com\/truusk.se\/wp-content\/uploads\/2025\/06\/kattraningshjul-traningshjul-for-katter-91-cm-med-broms-klobrada-kattrad-for-halsosam-motion-avkoppling-valnot-1.webp?fit=2000%2C2000&ssl=1\" \/>\n\t<meta property=\"og:image:width\" content=\"2000\" \/>\n\t<meta property=\"og:image:height\" content=\"2000\" \/>\n\t<meta property=\"og:image:type\" content=\"image\/webp\" \/>\n<meta name=\"twitter:card\" content=\"summary_large_image\" \/>\n<meta name=\"twitter:label1\" content=\"Ber\u00e4knad l\u00e4stid\" \/>\n\t<meta name=\"twitter:data1\" content=\"1 minut\" \/>\n<!-- \/ Yoast SEO plugin. -->","yoast_head_json":{"title":"TRUUSK Kattr\u00e4ningshjul 91 cm - Med Broms - Kl\u00f6br\u00e4da - F\u00f6r H\u00e4lsosam Motion - Avkoppling - Valn\u00f6t - TRUUSK - Hem, Tr\u00e4dg\u00e5rd &amp; Fritid","robots":{"index":"index","follow":"follow","max-snippet":"max-snippet:-1","max-image-preview":"max-image-preview:large","max-video-preview":"max-video-preview:-1"},"canonical":"https:\/\/truusk.store\/sv\/produkt\/truusk-kattraningshjul-91-cm-med-broms-klobrada-for-halsosam-motion-avkoppling-valnot\/","og_locale":"sv_SE","og_type":"article","og_title":"TRUUSK Kattr\u00e4ningshjul 91 cm - Med Broms - Kl\u00f6br\u00e4da - F\u00f6r H\u00e4lsosam Motion - Avkoppling - Valn\u00f6t - TRUUSK - Hem, Tr\u00e4dg\u00e5rd &amp; Fritid","og_description":"Aktivera din katts lekinstinkt med TRUUSK kattl\u00f6phjul. Designat f\u00f6r mjuk rullning, stimulerar det de naturliga instinkterna, medan den l\u00e5sbara bromsen...","og_url":"https:\/\/truusk.store\/sv\/produkt\/truusk-kattraningshjul-91-cm-med-broms-klobrada-for-halsosam-motion-avkoppling-valnot\/","og_site_name":"TRUUSK - Hem, Tr\u00e4dg\u00e5rd &amp; Fritid","article_modified_time":"2026-03-12T07:40:43+00:00","og_image":[{"width":2000,"height":2000,"url":"https:\/\/i0.wp.com\/truusk.se\/wp-content\/uploads\/2025\/06\/kattraningshjul-traningshjul-for-katter-91-cm-med-broms-klobrada-kattrad-for-halsosam-motion-avkoppling-valnot-1.webp?fit=2000%2C2000&ssl=1","type":"image\/webp"}],"twitter_card":"summary_large_image","twitter_misc":{"Ber\u00e4knad l\u00e4stid":"1 minut"},"schema":{"@context":"https:\/\/schema.org","@graph":[{"@type":"WebPage","@id":"https:\/\/truusk.store\/sv\/produkt\/truusk-kattraningshjul-91-cm-med-broms-klobrada-for-halsosam-motion-avkoppling-valnot\/","url":"https:\/\/truusk.store\/sv\/produkt\/truusk-kattraningshjul-91-cm-med-broms-klobrada-for-halsosam-motion-avkoppling-valnot\/","name":"TRUUSK Kattr\u00e4ningshjul 91 cm - Med Broms - Kl\u00f6br\u00e4da - F\u00f6r H\u00e4lsosam Motion - Avkoppling - Valn\u00f6t - TRUUSK - Hem, Tr\u00e4dg\u00e5rd &amp; Fritid","isPartOf":{"@id":"https:\/\/truusk.store\/sv\/#website"},"primaryImageOfPage":{"@id":"https:\/\/truusk.store\/sv\/produkt\/truusk-kattraningshjul-91-cm-med-broms-klobrada-for-halsosam-motion-avkoppling-valnot\/#primaryimage"},"image":{"@id":"https:\/\/truusk.store\/sv\/produkt\/truusk-kattraningshjul-91-cm-med-broms-klobrada-for-halsosam-motion-avkoppling-valnot\/#primaryimage"},"thumbnailUrl":"https:\/\/i0.wp.com\/truusk.store\/wp-content\/uploads\/2025\/06\/kattraningshjul-traningshjul-for-katter-91-cm-med-broms-klobrada-kattrad-for-halsosam-motion-avkoppling-valnot-1.webp?fit=2000%2C2000&ssl=1","datePublished":"2025-06-05T15:30:53+00:00","dateModified":"2026-03-12T07:40:43+00:00","breadcrumb":{"@id":"https:\/\/truusk.store\/sv\/produkt\/truusk-kattraningshjul-91-cm-med-broms-klobrada-for-halsosam-motion-avkoppling-valnot\/#breadcrumb"},"inLanguage":"sv-SE","potentialAction":[{"@type":"ReadAction","target":["https:\/\/truusk.store\/sv\/produkt\/truusk-kattraningshjul-91-cm-med-broms-klobrada-for-halsosam-motion-avkoppling-valnot\/"]}]},{"@type":"ImageObject","inLanguage":"sv-SE","@id":"https:\/\/truusk.store\/sv\/produkt\/truusk-kattraningshjul-91-cm-med-broms-klobrada-for-halsosam-motion-avkoppling-valnot\/#primaryimage","url":"https:\/\/i0.wp.com\/truusk.store\/wp-content\/uploads\/2025\/06\/kattraningshjul-traningshjul-for-katter-91-cm-med-broms-klobrada-kattrad-for-halsosam-motion-avkoppling-valnot-1.webp?fit=2000%2C2000&ssl=1","contentUrl":"https:\/\/i0.wp.com\/truusk.store\/wp-content\/uploads\/2025\/06\/kattraningshjul-traningshjul-for-katter-91-cm-med-broms-klobrada-kattrad-for-halsosam-motion-avkoppling-valnot-1.webp?fit=2000%2C2000&ssl=1","width":2000,"height":2000},{"@type":"BreadcrumbList","@id":"https:\/\/truusk.store\/sv\/produkt\/truusk-kattraningshjul-91-cm-med-broms-klobrada-for-halsosam-motion-avkoppling-valnot\/#breadcrumb","itemListElement":[{"@type":"ListItem","position":1,"name":"Home","item":"https:\/\/truusk.store\/sv\/"},{"@type":"ListItem","position":2,"name":"Shop","item":"https:\/\/truusk.store\/shop\/"},{"@type":"ListItem","position":3,"name":"TRUUSK Kattr\u00e4ningshjul 91 cm &#8211; Med Broms &#8211; Kl\u00f6br\u00e4da &#8211; F\u00f6r H\u00e4lsosam Motion &#8211; Avkoppling &#8211; Valn\u00f6t"}]},{"@type":"WebSite","@id":"https:\/\/truusk.store\/sv\/#website","url":"https:\/\/truusk.store\/sv\/","name":"TRUUSK - Hem, Tr\u00e4dg\u00e5rd & Fritid","description":"","publisher":{"@id":"https:\/\/truusk.store\/sv\/#organization"},"potentialAction":[{"@type":"SearchAction","target":{"@type":"EntryPoint","urlTemplate":"https:\/\/truusk.store\/sv\/?s={search_term_string}"},"query-input":{"@type":"PropertyValueSpecification","valueRequired":true,"valueName":"search_term_string"}}],"inLanguage":"sv-SE"},{"@type":"Organization","@id":"https:\/\/truusk.store\/sv\/#organization","name":"TRUUSK - Hem, Tr\u00e4dg\u00e5rd & Fritid","url":"https:\/\/truusk.store\/sv\/","logo":{"@type":"ImageObject","inLanguage":"sv-SE","@id":"https:\/\/truusk.store\/sv\/#\/schema\/logo\/image\/","url":"https:\/\/i0.wp.com\/truusk.store\/wp-content\/uploads\/2026\/03\/cropped-TRUUSK.png?fit=2032%2C917&ssl=1","contentUrl":"https:\/\/i0.wp.com\/truusk.store\/wp-content\/uploads\/2026\/03\/cropped-TRUUSK.png?fit=2032%2C917&ssl=1","width":2032,"height":917,"caption":"TRUUSK - Hem, Tr\u00e4dg\u00e5rd & Fritid"},"image":{"@id":"https:\/\/truusk.store\/sv\/#\/schema\/logo\/image\/"}}]}},"jetpack_sharing_enabled":true,"_links":{"self":[{"href":"https:\/\/truusk.store\/sv\/wp-json\/wp\/v2\/product\/68675","targetHints":{"allow":["GET"]}}],"collection":[{"href":"https:\/\/truusk.store\/sv\/wp-json\/wp\/v2\/product"}],"about":[{"href":"https:\/\/truusk.store\/sv\/wp-json\/wp\/v2\/types\/product"}],"wp:featuredmedia":[{"embeddable":true,"href":"https:\/\/truusk.store\/sv\/wp-json\/wp\/v2\/media\/68666"}],"wp:attachment":[{"href":"https:\/\/truusk.store\/sv\/wp-json\/wp\/v2\/media?parent=68675"}],"wp:term":[{"taxonomy":"product_brand","embeddable":true,"href":"https:\/\/truusk.store\/sv\/wp-json\/wp\/v2\/product_brand?post=68675"},{"taxonomy":"product_cat","embeddable":true,"href":"https:\/\/truusk.store\/sv\/wp-json\/wp\/v2\/product_cat?post=68675"},{"taxonomy":"product_tag","embeddable":true,"href":"https:\/\/truusk.store\/sv\/wp-json\/wp\/v2\/product_tag?post=68675"}],"curies":[{"name":"wp","href":"https:\/\/api.w.org\/{rel}","templated":true}]}}