{"id":68685,"date":"2025-06-05T16:31:58","date_gmt":"2025-06-05T15:31:58","guid":{"rendered":"https:\/\/truusk.store\/product\/tv-skap-lowboard-med-2-dorrar-lada-160-cm-lang-tv-bord-for-tv-apparater-upp-till-65-tum-tv-board-med-kabelhantering-for-vardagsrum-vit\/"},"modified":"2026-03-12T08:40:14","modified_gmt":"2026-03-12T07:40:14","slug":"truusk-tv-bank-med-2-dorrar-och-lada-160-cm-lang-tv-mobel-for-tv-skarmar-upp-till-65-tum-vit-kabelhantering-for-vardagsrum","status":"publish","type":"product","link":"https:\/\/truusk.store\/sv\/produkt\/truusk-tv-bank-med-2-dorrar-och-lada-160-cm-lang-tv-mobel-for-tv-skarmar-upp-till-65-tum-vit-kabelhantering-for-vardagsrum\/","title":{"rendered":"TRUUSK TV-b\u00e4nk med 2 d\u00f6rrar och l\u00e5da &#8211; 160 cm l\u00e5ng TV-m\u00f6bel f\u00f6r TV-sk\u00e4rmar upp till 65 tum &#8211; Vit &#8211; Kabelhantering &#8211; F\u00f6r vardagsrum"},"content":{"rendered":"<p>Uppt\u00e4ck den eleganta charmen hos TRUUSK Lowboard, som \u00e4r perfekt f\u00f6r TV-apparater upp till 65&#8243;. Med en robust bordsskiva p\u00e5 160 cm och en imponerande b\u00e4rkapacitet p\u00e5 90 kg, erbjuder den inte bara stabilitet, utan ocks\u00e5 stilfull funktionalitet. De h\u00f6gglansiga frontpanelerna harmonierar underbart med den matta kroppen. Tre praktiska fack och en l\u00e5da p\u00e5 TV-bordet ger enkel organisation och kabelhantering. Njut av din TV-upplevelse med stil.<\/p>\n<p>Beskrivning:<\/p>\n<ul>\n<li> Det 160 cm l\u00e5nga TV-bordet rymmer bekv\u00e4mt TV-apparater upp till 65 tum<\/li>\n<li> H\u00f6gglansiga fronter kompletterar moderna interi\u00f6rer<\/li>\n<li> Tv\u00e5 st\u00e4ngda fack och en l\u00e5da f\u00f6r dammfri f\u00f6rvaring<\/li>\n<li> Ett \u00f6ppet fack p\u00e5 TV-br\u00e4dan erbjuder tillg\u00e4ngligt utrymme f\u00f6r medieenheter<\/li>\n<li> Tv\u00e5 kabelgenomf\u00f6ringar ger en organiserad och snygg kabelhantering<\/li>\n<li> Handtagsskenor anv\u00e4nds f\u00f6r enkel grepp<\/li>\n<li> Smidiga l\u00e5dror och h\u00f6gkvalitativa d\u00f6rrg\u00e5ngj\u00e4rn garanterar en smidig drift<\/li>\n<li> Maximal belastning 90 kg, montering kr\u00e4vs<\/li>\n<\/ul>\n<p> Tekniska data:<\/p>\n<ul>\n<li> F\u00e4rg: Vit<\/li>\n<li> Material: Sp\u00e5nskiva, MDF<\/li>\n<li> Totala dimensioner: 160B x 38T x 43H cm<\/li>\n<li> Sk\u00e5p inre dimensioner: 47B x 35T x 34,5H cm<\/li>\n<li> L\u00e5dans inre dimensioner: 55B x 39T x 9,5H cm<\/li>\n<li> Storlek p\u00e5 \u00f6ppna fack: 59B x 39T x 18H cm<\/li>\n<li> Avst\u00e5nd till golvet: 8 cm<\/li>\n<li> B\u00e4rkapacitet: 90 kg (totalt), 70 kg (ovanp\u00e5), 5 kg (hylla\/l\u00e5da)<\/li>\n<\/ul>\n<p>Leverans inneh\u00e5ller:<\/p>\n<ul>\n<li> 1 x TV-Lowboard<\/li>\n<li> 1 x Handbok<\/li>\n<\/ul>\n","protected":false},"excerpt":{"rendered":"<p>Uppt\u00e4ck den eleganta charmen hos TRUUSK Lowboard, som \u00e4r perfekt f\u00f6r TV-apparater upp till 65&#8243;. Med en robust bordsskiva p\u00e5&#8230;<\/p>\n","protected":false},"featured_media":68676,"template":"","meta":[],"product_brand":[],"product_cat":[871,1007,910],"product_tag":[],"class_list":{"0":"post-68685","1":"product","2":"type-product","3":"status-publish","4":"has-post-thumbnail","6":"product_cat-hus-hem","7":"product_cat-tv-mobler","8":"product_cat-vardagsrum","10":"first","11":"instock","12":"sale","13":"taxable","14":"shipping-taxable","15":"purchasable","16":"product-type-simple"},"yoast_head":"<!-- This site is optimized with the Yoast SEO plugin v25.4 - https:\/\/yoast.com\/wordpress\/plugins\/seo\/ -->\n<title>TRUUSK TV-b\u00e4nk med 2 d\u00f6rrar och l\u00e5da - 160 cm l\u00e5ng TV-m\u00f6bel f\u00f6r TV-sk\u00e4rmar upp till 65 tum - Vit - Kabelhantering - F\u00f6r vardagsrum - TRUUSK - Hem, Tr\u00e4dg\u00e5rd &amp; Fritid<\/title>\n<meta name=\"robots\" content=\"index, follow, max-snippet:-1, max-image-preview:large, max-video-preview:-1\" \/>\n<link rel=\"canonical\" href=\"https:\/\/truusk.store\/sv\/produkt\/truusk-tv-bank-med-2-dorrar-och-lada-160-cm-lang-tv-mobel-for-tv-skarmar-upp-till-65-tum-vit-kabelhantering-for-vardagsrum\/\" \/>\n<meta property=\"og:locale\" content=\"sv_SE\" \/>\n<meta property=\"og:type\" content=\"article\" \/>\n<meta property=\"og:title\" content=\"TRUUSK TV-b\u00e4nk med 2 d\u00f6rrar och l\u00e5da - 160 cm l\u00e5ng TV-m\u00f6bel f\u00f6r TV-sk\u00e4rmar upp till 65 tum - Vit - Kabelhantering - F\u00f6r vardagsrum - TRUUSK - Hem, Tr\u00e4dg\u00e5rd &amp; Fritid\" \/>\n<meta property=\"og:description\" content=\"Uppt\u00e4ck den eleganta charmen hos TRUUSK Lowboard, som \u00e4r perfekt f\u00f6r TV-apparater upp till 65&#8243;. Med en robust bordsskiva p\u00e5...\" \/>\n<meta property=\"og:url\" content=\"https:\/\/truusk.store\/sv\/produkt\/truusk-tv-bank-med-2-dorrar-och-lada-160-cm-lang-tv-mobel-for-tv-skarmar-upp-till-65-tum-vit-kabelhantering-for-vardagsrum\/\" \/>\n<meta property=\"og:site_name\" content=\"TRUUSK - Hem, Tr\u00e4dg\u00e5rd &amp; Fritid\" \/>\n<meta property=\"article:modified_time\" content=\"2026-03-12T07:40:14+00:00\" \/>\n<meta property=\"og:image\" content=\"https:\/\/i0.wp.com\/truusk.se\/wp-content\/uploads\/2025\/06\/tv-skap-lowboard-med-2-dorrar-lada-160-cm-lang-tv-bord-for-tv-apparater-upp-till-65-tum-tv-board-med-kabelhantering-for-vardagsrum-vit-1.webp?fit=2000%2C2000&ssl=1\" \/>\n\t<meta property=\"og:image:width\" content=\"2000\" \/>\n\t<meta property=\"og:image:height\" content=\"2000\" \/>\n\t<meta property=\"og:image:type\" content=\"image\/webp\" \/>\n<meta name=\"twitter:card\" content=\"summary_large_image\" \/>\n<meta name=\"twitter:label1\" content=\"Ber\u00e4knad l\u00e4stid\" \/>\n\t<meta name=\"twitter:data1\" content=\"1 minut\" \/>\n<!-- \/ Yoast SEO plugin. -->","yoast_head_json":{"title":"TRUUSK TV-b\u00e4nk med 2 d\u00f6rrar och l\u00e5da - 160 cm l\u00e5ng TV-m\u00f6bel f\u00f6r TV-sk\u00e4rmar upp till 65 tum - Vit - Kabelhantering - F\u00f6r vardagsrum - TRUUSK - Hem, Tr\u00e4dg\u00e5rd &amp; Fritid","robots":{"index":"index","follow":"follow","max-snippet":"max-snippet:-1","max-image-preview":"max-image-preview:large","max-video-preview":"max-video-preview:-1"},"canonical":"https:\/\/truusk.store\/sv\/produkt\/truusk-tv-bank-med-2-dorrar-och-lada-160-cm-lang-tv-mobel-for-tv-skarmar-upp-till-65-tum-vit-kabelhantering-for-vardagsrum\/","og_locale":"sv_SE","og_type":"article","og_title":"TRUUSK TV-b\u00e4nk med 2 d\u00f6rrar och l\u00e5da - 160 cm l\u00e5ng TV-m\u00f6bel f\u00f6r TV-sk\u00e4rmar upp till 65 tum - Vit - Kabelhantering - F\u00f6r vardagsrum - TRUUSK - Hem, Tr\u00e4dg\u00e5rd &amp; Fritid","og_description":"Uppt\u00e4ck den eleganta charmen hos TRUUSK Lowboard, som \u00e4r perfekt f\u00f6r TV-apparater upp till 65&#8243;. Med en robust bordsskiva p\u00e5...","og_url":"https:\/\/truusk.store\/sv\/produkt\/truusk-tv-bank-med-2-dorrar-och-lada-160-cm-lang-tv-mobel-for-tv-skarmar-upp-till-65-tum-vit-kabelhantering-for-vardagsrum\/","og_site_name":"TRUUSK - Hem, Tr\u00e4dg\u00e5rd &amp; Fritid","article_modified_time":"2026-03-12T07:40:14+00:00","og_image":[{"width":2000,"height":2000,"url":"https:\/\/i0.wp.com\/truusk.se\/wp-content\/uploads\/2025\/06\/tv-skap-lowboard-med-2-dorrar-lada-160-cm-lang-tv-bord-for-tv-apparater-upp-till-65-tum-tv-board-med-kabelhantering-for-vardagsrum-vit-1.webp?fit=2000%2C2000&ssl=1","type":"image\/webp"}],"twitter_card":"summary_large_image","twitter_misc":{"Ber\u00e4knad l\u00e4stid":"1 minut"},"schema":{"@context":"https:\/\/schema.org","@graph":[{"@type":"WebPage","@id":"https:\/\/truusk.store\/sv\/produkt\/truusk-tv-bank-med-2-dorrar-och-lada-160-cm-lang-tv-mobel-for-tv-skarmar-upp-till-65-tum-vit-kabelhantering-for-vardagsrum\/","url":"https:\/\/truusk.store\/sv\/produkt\/truusk-tv-bank-med-2-dorrar-och-lada-160-cm-lang-tv-mobel-for-tv-skarmar-upp-till-65-tum-vit-kabelhantering-for-vardagsrum\/","name":"TRUUSK TV-b\u00e4nk med 2 d\u00f6rrar och l\u00e5da - 160 cm l\u00e5ng TV-m\u00f6bel f\u00f6r TV-sk\u00e4rmar upp till 65 tum - Vit - Kabelhantering - F\u00f6r vardagsrum - TRUUSK - Hem, Tr\u00e4dg\u00e5rd &amp; Fritid","isPartOf":{"@id":"https:\/\/truusk.store\/sv\/#website"},"primaryImageOfPage":{"@id":"https:\/\/truusk.store\/sv\/produkt\/truusk-tv-bank-med-2-dorrar-och-lada-160-cm-lang-tv-mobel-for-tv-skarmar-upp-till-65-tum-vit-kabelhantering-for-vardagsrum\/#primaryimage"},"image":{"@id":"https:\/\/truusk.store\/sv\/produkt\/truusk-tv-bank-med-2-dorrar-och-lada-160-cm-lang-tv-mobel-for-tv-skarmar-upp-till-65-tum-vit-kabelhantering-for-vardagsrum\/#primaryimage"},"thumbnailUrl":"https:\/\/i0.wp.com\/truusk.store\/wp-content\/uploads\/2025\/06\/tv-skap-lowboard-med-2-dorrar-lada-160-cm-lang-tv-bord-for-tv-apparater-upp-till-65-tum-tv-board-med-kabelhantering-for-vardagsrum-vit-1.webp?fit=2000%2C2000&ssl=1","datePublished":"2025-06-05T15:31:58+00:00","dateModified":"2026-03-12T07:40:14+00:00","breadcrumb":{"@id":"https:\/\/truusk.store\/sv\/produkt\/truusk-tv-bank-med-2-dorrar-och-lada-160-cm-lang-tv-mobel-for-tv-skarmar-upp-till-65-tum-vit-kabelhantering-for-vardagsrum\/#breadcrumb"},"inLanguage":"sv-SE","potentialAction":[{"@type":"ReadAction","target":["https:\/\/truusk.store\/sv\/produkt\/truusk-tv-bank-med-2-dorrar-och-lada-160-cm-lang-tv-mobel-for-tv-skarmar-upp-till-65-tum-vit-kabelhantering-for-vardagsrum\/"]}]},{"@type":"ImageObject","inLanguage":"sv-SE","@id":"https:\/\/truusk.store\/sv\/produkt\/truusk-tv-bank-med-2-dorrar-och-lada-160-cm-lang-tv-mobel-for-tv-skarmar-upp-till-65-tum-vit-kabelhantering-for-vardagsrum\/#primaryimage","url":"https:\/\/i0.wp.com\/truusk.store\/wp-content\/uploads\/2025\/06\/tv-skap-lowboard-med-2-dorrar-lada-160-cm-lang-tv-bord-for-tv-apparater-upp-till-65-tum-tv-board-med-kabelhantering-for-vardagsrum-vit-1.webp?fit=2000%2C2000&ssl=1","contentUrl":"https:\/\/i0.wp.com\/truusk.store\/wp-content\/uploads\/2025\/06\/tv-skap-lowboard-med-2-dorrar-lada-160-cm-lang-tv-bord-for-tv-apparater-upp-till-65-tum-tv-board-med-kabelhantering-for-vardagsrum-vit-1.webp?fit=2000%2C2000&ssl=1","width":2000,"height":2000},{"@type":"BreadcrumbList","@id":"https:\/\/truusk.store\/sv\/produkt\/truusk-tv-bank-med-2-dorrar-och-lada-160-cm-lang-tv-mobel-for-tv-skarmar-upp-till-65-tum-vit-kabelhantering-for-vardagsrum\/#breadcrumb","itemListElement":[{"@type":"ListItem","position":1,"name":"Home","item":"https:\/\/truusk.store\/sv\/"},{"@type":"ListItem","position":2,"name":"Shop","item":"https:\/\/truusk.store\/shop\/"},{"@type":"ListItem","position":3,"name":"TRUUSK TV-b\u00e4nk med 2 d\u00f6rrar och l\u00e5da &#8211; 160 cm l\u00e5ng TV-m\u00f6bel f\u00f6r TV-sk\u00e4rmar upp till 65 tum &#8211; Vit &#8211; Kabelhantering &#8211; F\u00f6r vardagsrum"}]},{"@type":"WebSite","@id":"https:\/\/truusk.store\/sv\/#website","url":"https:\/\/truusk.store\/sv\/","name":"TRUUSK - Hem, Tr\u00e4dg\u00e5rd & Fritid","description":"","publisher":{"@id":"https:\/\/truusk.store\/sv\/#organization"},"potentialAction":[{"@type":"SearchAction","target":{"@type":"EntryPoint","urlTemplate":"https:\/\/truusk.store\/sv\/?s={search_term_string}"},"query-input":{"@type":"PropertyValueSpecification","valueRequired":true,"valueName":"search_term_string"}}],"inLanguage":"sv-SE"},{"@type":"Organization","@id":"https:\/\/truusk.store\/sv\/#organization","name":"TRUUSK - Hem, Tr\u00e4dg\u00e5rd & Fritid","url":"https:\/\/truusk.store\/sv\/","logo":{"@type":"ImageObject","inLanguage":"sv-SE","@id":"https:\/\/truusk.store\/sv\/#\/schema\/logo\/image\/","url":"https:\/\/i0.wp.com\/truusk.store\/wp-content\/uploads\/2026\/03\/cropped-TRUUSK.png?fit=2032%2C917&ssl=1","contentUrl":"https:\/\/i0.wp.com\/truusk.store\/wp-content\/uploads\/2026\/03\/cropped-TRUUSK.png?fit=2032%2C917&ssl=1","width":2032,"height":917,"caption":"TRUUSK - Hem, Tr\u00e4dg\u00e5rd & Fritid"},"image":{"@id":"https:\/\/truusk.store\/sv\/#\/schema\/logo\/image\/"}}]}},"jetpack_sharing_enabled":true,"_links":{"self":[{"href":"https:\/\/truusk.store\/sv\/wp-json\/wp\/v2\/product\/68685","targetHints":{"allow":["GET"]}}],"collection":[{"href":"https:\/\/truusk.store\/sv\/wp-json\/wp\/v2\/product"}],"about":[{"href":"https:\/\/truusk.store\/sv\/wp-json\/wp\/v2\/types\/product"}],"wp:featuredmedia":[{"embeddable":true,"href":"https:\/\/truusk.store\/sv\/wp-json\/wp\/v2\/media\/68676"}],"wp:attachment":[{"href":"https:\/\/truusk.store\/sv\/wp-json\/wp\/v2\/media?parent=68685"}],"wp:term":[{"taxonomy":"product_brand","embeddable":true,"href":"https:\/\/truusk.store\/sv\/wp-json\/wp\/v2\/product_brand?post=68685"},{"taxonomy":"product_cat","embeddable":true,"href":"https:\/\/truusk.store\/sv\/wp-json\/wp\/v2\/product_cat?post=68685"},{"taxonomy":"product_tag","embeddable":true,"href":"https:\/\/truusk.store\/sv\/wp-json\/wp\/v2\/product_tag?post=68685"}],"curies":[{"name":"wp","href":"https:\/\/api.w.org\/{rel}","templated":true}]}}