{"id":68715,"date":"2025-06-05T16:34:58","date_gmt":"2025-06-05T15:34:58","guid":{"rendered":"https:\/\/truusk.store\/product\/honshus-med-utegard-i-stal-300-x-200-x-195-cm-honsbur-med-uv-resistent-tackning-matdorr-hangande-matning-sittstang-honsomrade-for-6-8-hons-smadjur-silver\/"},"modified":"2026-03-12T09:46:14","modified_gmt":"2026-03-12T08:46:14","slug":"truusk-honshus-med-utegard-i-stal-uv-resistent-tackning-matdorr-sittstang-for-6-8-hons-smadjur-silver","status":"publish","type":"product","link":"https:\/\/truusk.store\/sv\/produkt\/truusk-honshus-med-utegard-i-stal-uv-resistent-tackning-matdorr-sittstang-for-6-8-hons-smadjur-silver\/","title":{"rendered":"TRUUSK H\u00f6nshus Med Uteg\u00e5rd i St\u00e5l &#8211; UV-resistent T\u00e4ckning &#8211; Matd\u00f6rr &#8211; Sittst\u00e5ng &#8211; F\u00f6r 6-8 H\u00f6ns &#8211; Sm\u00e5djur &#8211; Silver"},"content":{"rendered":"<p>Forma om din tr\u00e4dg\u00e5rd med TRUUSK h\u00f6nsfrihetsinh\u00e4gnad, en gener\u00f6s 6m\u00b2-stall f\u00f6r 6-8 h\u00f6ns. Utrustad med galvaniserat st\u00e5l och UV-resistent Oxford-tyg, garanterar den en s\u00e4ker och bekv\u00e4m vistelseplats f\u00f6r dina fj\u00e4derkl\u00e4dda v\u00e4nner. Den innovativa d\u00f6rren till frig\u00e5ngsh\u00e4gnet med inbyggd mat\u00e5tkomst underl\u00e4ttar sk\u00f6tseln av h\u00f6nsen och konstruktionen erbjuder tillr\u00e4ckligt med utrymme f\u00f6r att leka, springa runt och vila.<\/p>\n<p>Beskrivning:<\/p>\n<ul>\n<li> Rymlig 6 m\u00b2 yta av h\u00f6nsinh\u00e4gnaden rymmer bekv\u00e4mt 6-8 h\u00f6ns<\/li>\n<li> Galvaniserat st\u00e5l och plastbelagt n\u00e4t av h\u00f6nsinh\u00e4gnaden garanterar h\u00e5llbarhet<\/li>\n<li> 420D Oxford-tyg skyddar mot UV-str\u00e5lar och regn<\/li>\n<li> Matd\u00f6rrdesign f\u00f6rhindrar att h\u00f6nsen flyr<\/li>\n<li> Inneh\u00e5ller h\u00e4ngande matautomat och en 4-stegs sittstav f\u00f6r komfort<\/li>\n<li> Montering kr\u00e4ver minst 2 personer, cirka 1,5 timmars uppbyggnadstid<\/li>\n<li> L\u00e4gg till h\u00f6nsstuga rekommenderas, f\u00f6r mer v\u00e4rme och skydd<\/li>\n<li> \u00c4ven l\u00e4mplig f\u00f6r kaniner, ankor eller g\u00e4ss<\/li>\n<\/ul>\n<p> Tekniska data:<\/p>\n<ul>\n<li> F\u00e4rg: Silver<\/li>\n<li> Material: Galvaniserat st\u00e5lr\u00f6r, st\u00e5ln\u00e4t, 420D Oxford-tyg<\/li>\n<li> Totala dimensioner: 300B x 200T x 195H cm<\/li>\n<li> \u00d6vre t\u00e4ckning: 348L x 200B cm<\/li>\n<li> Stor d\u00f6rr: 55B x 160H cm<\/li>\n<li> Matd\u00f6rr: 44B x 42H cm<\/li>\n<li> N\u00e4tgaller: 4L x 2,5B cm<\/li>\n<li> Sittstav: 140L x 95B cm, 25 cm (avst\u00e5nd)<\/li>\n<\/ul>\n<p>Leveransinneh\u00e5ll:<\/p>\n<ul>\n<li> 1 x H\u00f6nsutlopp<\/li>\n<li> 1 x H\u00e4ngande matautomat<\/li>\n<li> 1 x Sittstav<\/li>\n<li> 1 x Handbok<\/li>\n<\/ul>\n","protected":false},"excerpt":{"rendered":"<p>Forma om din tr\u00e4dg\u00e5rd med TRUUSK h\u00f6nsfrihetsinh\u00e4gnad, en gener\u00f6s 6m\u00b2-stall f\u00f6r 6-8 h\u00f6ns. Utrustad med galvaniserat st\u00e5l och UV-resistent Oxford-tyg,&#8230;<\/p>\n","protected":false},"featured_media":68706,"template":"","meta":[],"product_brand":[],"product_cat":[895,601,602],"product_tag":[],"class_list":{"0":"post-68715","1":"product","2":"type-product","3":"status-publish","4":"has-post-thumbnail","6":"product_cat-djurutrustning","7":"product_cat-fageltillbehor","8":"product_cat-honshus","10":"first","11":"instock","12":"sale","13":"taxable","14":"shipping-taxable","15":"purchasable","16":"product-type-simple"},"yoast_head":"<!-- This site is optimized with the Yoast SEO plugin v25.4 - https:\/\/yoast.com\/wordpress\/plugins\/seo\/ -->\n<title>TRUUSK H\u00f6nshus Med Uteg\u00e5rd i St\u00e5l - UV-resistent T\u00e4ckning - Matd\u00f6rr - Sittst\u00e5ng - F\u00f6r 6-8 H\u00f6ns - Sm\u00e5djur - Silver - TRUUSK - Hem, Tr\u00e4dg\u00e5rd &amp; Fritid<\/title>\n<meta name=\"robots\" content=\"index, follow, max-snippet:-1, max-image-preview:large, max-video-preview:-1\" \/>\n<link rel=\"canonical\" href=\"https:\/\/truusk.store\/sv\/produkt\/truusk-honshus-med-utegard-i-stal-uv-resistent-tackning-matdorr-sittstang-for-6-8-hons-smadjur-silver\/\" \/>\n<meta property=\"og:locale\" content=\"sv_SE\" \/>\n<meta property=\"og:type\" content=\"article\" \/>\n<meta property=\"og:title\" content=\"TRUUSK H\u00f6nshus Med Uteg\u00e5rd i St\u00e5l - UV-resistent T\u00e4ckning - Matd\u00f6rr - Sittst\u00e5ng - F\u00f6r 6-8 H\u00f6ns - Sm\u00e5djur - Silver - TRUUSK - Hem, Tr\u00e4dg\u00e5rd &amp; Fritid\" \/>\n<meta property=\"og:description\" content=\"Forma om din tr\u00e4dg\u00e5rd med TRUUSK h\u00f6nsfrihetsinh\u00e4gnad, en gener\u00f6s 6m\u00b2-stall f\u00f6r 6-8 h\u00f6ns. Utrustad med galvaniserat st\u00e5l och UV-resistent Oxford-tyg,...\" \/>\n<meta property=\"og:url\" content=\"https:\/\/truusk.store\/sv\/produkt\/truusk-honshus-med-utegard-i-stal-uv-resistent-tackning-matdorr-sittstang-for-6-8-hons-smadjur-silver\/\" \/>\n<meta property=\"og:site_name\" content=\"TRUUSK - Hem, Tr\u00e4dg\u00e5rd &amp; Fritid\" \/>\n<meta property=\"article:modified_time\" content=\"2026-03-12T08:46:14+00:00\" \/>\n<meta property=\"og:image\" content=\"https:\/\/i0.wp.com\/truusk.se\/wp-content\/uploads\/2025\/06\/honshus-med-utegard-i-stal-300-x-200-x-195-cm-honsbur-med-uv-resistent-tackning-matdorr-hangande-matning-sittstang-honsomrade-for-6-8-hons-smadjur-silver-1.webp?fit=2000%2C2000&ssl=1\" \/>\n\t<meta property=\"og:image:width\" content=\"2000\" \/>\n\t<meta property=\"og:image:height\" content=\"2000\" \/>\n\t<meta property=\"og:image:type\" content=\"image\/webp\" \/>\n<meta name=\"twitter:card\" content=\"summary_large_image\" \/>\n<meta name=\"twitter:label1\" content=\"Ber\u00e4knad l\u00e4stid\" \/>\n\t<meta name=\"twitter:data1\" content=\"1 minut\" \/>\n<!-- \/ Yoast SEO plugin. -->","yoast_head_json":{"title":"TRUUSK H\u00f6nshus Med Uteg\u00e5rd i St\u00e5l - UV-resistent T\u00e4ckning - Matd\u00f6rr - Sittst\u00e5ng - F\u00f6r 6-8 H\u00f6ns - Sm\u00e5djur - Silver - TRUUSK - Hem, Tr\u00e4dg\u00e5rd &amp; Fritid","robots":{"index":"index","follow":"follow","max-snippet":"max-snippet:-1","max-image-preview":"max-image-preview:large","max-video-preview":"max-video-preview:-1"},"canonical":"https:\/\/truusk.store\/sv\/produkt\/truusk-honshus-med-utegard-i-stal-uv-resistent-tackning-matdorr-sittstang-for-6-8-hons-smadjur-silver\/","og_locale":"sv_SE","og_type":"article","og_title":"TRUUSK H\u00f6nshus Med Uteg\u00e5rd i St\u00e5l - UV-resistent T\u00e4ckning - Matd\u00f6rr - Sittst\u00e5ng - F\u00f6r 6-8 H\u00f6ns - Sm\u00e5djur - Silver - TRUUSK - Hem, Tr\u00e4dg\u00e5rd &amp; Fritid","og_description":"Forma om din tr\u00e4dg\u00e5rd med TRUUSK h\u00f6nsfrihetsinh\u00e4gnad, en gener\u00f6s 6m\u00b2-stall f\u00f6r 6-8 h\u00f6ns. Utrustad med galvaniserat st\u00e5l och UV-resistent Oxford-tyg,...","og_url":"https:\/\/truusk.store\/sv\/produkt\/truusk-honshus-med-utegard-i-stal-uv-resistent-tackning-matdorr-sittstang-for-6-8-hons-smadjur-silver\/","og_site_name":"TRUUSK - Hem, Tr\u00e4dg\u00e5rd &amp; Fritid","article_modified_time":"2026-03-12T08:46:14+00:00","og_image":[{"width":2000,"height":2000,"url":"https:\/\/i0.wp.com\/truusk.se\/wp-content\/uploads\/2025\/06\/honshus-med-utegard-i-stal-300-x-200-x-195-cm-honsbur-med-uv-resistent-tackning-matdorr-hangande-matning-sittstang-honsomrade-for-6-8-hons-smadjur-silver-1.webp?fit=2000%2C2000&ssl=1","type":"image\/webp"}],"twitter_card":"summary_large_image","twitter_misc":{"Ber\u00e4knad l\u00e4stid":"1 minut"},"schema":{"@context":"https:\/\/schema.org","@graph":[{"@type":"WebPage","@id":"https:\/\/truusk.store\/sv\/produkt\/truusk-honshus-med-utegard-i-stal-uv-resistent-tackning-matdorr-sittstang-for-6-8-hons-smadjur-silver\/","url":"https:\/\/truusk.store\/sv\/produkt\/truusk-honshus-med-utegard-i-stal-uv-resistent-tackning-matdorr-sittstang-for-6-8-hons-smadjur-silver\/","name":"TRUUSK H\u00f6nshus Med Uteg\u00e5rd i St\u00e5l - UV-resistent T\u00e4ckning - Matd\u00f6rr - Sittst\u00e5ng - F\u00f6r 6-8 H\u00f6ns - Sm\u00e5djur - Silver - TRUUSK - Hem, Tr\u00e4dg\u00e5rd &amp; Fritid","isPartOf":{"@id":"https:\/\/truusk.store\/sv\/#website"},"primaryImageOfPage":{"@id":"https:\/\/truusk.store\/sv\/produkt\/truusk-honshus-med-utegard-i-stal-uv-resistent-tackning-matdorr-sittstang-for-6-8-hons-smadjur-silver\/#primaryimage"},"image":{"@id":"https:\/\/truusk.store\/sv\/produkt\/truusk-honshus-med-utegard-i-stal-uv-resistent-tackning-matdorr-sittstang-for-6-8-hons-smadjur-silver\/#primaryimage"},"thumbnailUrl":"https:\/\/i0.wp.com\/truusk.store\/wp-content\/uploads\/2025\/06\/honshus-med-utegard-i-stal-300-x-200-x-195-cm-honsbur-med-uv-resistent-tackning-matdorr-hangande-matning-sittstang-honsomrade-for-6-8-hons-smadjur-silver-1.webp?fit=2000%2C2000&ssl=1","datePublished":"2025-06-05T15:34:58+00:00","dateModified":"2026-03-12T08:46:14+00:00","breadcrumb":{"@id":"https:\/\/truusk.store\/sv\/produkt\/truusk-honshus-med-utegard-i-stal-uv-resistent-tackning-matdorr-sittstang-for-6-8-hons-smadjur-silver\/#breadcrumb"},"inLanguage":"sv-SE","potentialAction":[{"@type":"ReadAction","target":["https:\/\/truusk.store\/sv\/produkt\/truusk-honshus-med-utegard-i-stal-uv-resistent-tackning-matdorr-sittstang-for-6-8-hons-smadjur-silver\/"]}]},{"@type":"ImageObject","inLanguage":"sv-SE","@id":"https:\/\/truusk.store\/sv\/produkt\/truusk-honshus-med-utegard-i-stal-uv-resistent-tackning-matdorr-sittstang-for-6-8-hons-smadjur-silver\/#primaryimage","url":"https:\/\/i0.wp.com\/truusk.store\/wp-content\/uploads\/2025\/06\/honshus-med-utegard-i-stal-300-x-200-x-195-cm-honsbur-med-uv-resistent-tackning-matdorr-hangande-matning-sittstang-honsomrade-for-6-8-hons-smadjur-silver-1.webp?fit=2000%2C2000&ssl=1","contentUrl":"https:\/\/i0.wp.com\/truusk.store\/wp-content\/uploads\/2025\/06\/honshus-med-utegard-i-stal-300-x-200-x-195-cm-honsbur-med-uv-resistent-tackning-matdorr-hangande-matning-sittstang-honsomrade-for-6-8-hons-smadjur-silver-1.webp?fit=2000%2C2000&ssl=1","width":2000,"height":2000},{"@type":"BreadcrumbList","@id":"https:\/\/truusk.store\/sv\/produkt\/truusk-honshus-med-utegard-i-stal-uv-resistent-tackning-matdorr-sittstang-for-6-8-hons-smadjur-silver\/#breadcrumb","itemListElement":[{"@type":"ListItem","position":1,"name":"Home","item":"https:\/\/truusk.store\/sv\/"},{"@type":"ListItem","position":2,"name":"Shop","item":"https:\/\/truusk.store\/shop\/"},{"@type":"ListItem","position":3,"name":"TRUUSK H\u00f6nshus Med Uteg\u00e5rd i St\u00e5l &#8211; UV-resistent T\u00e4ckning &#8211; Matd\u00f6rr &#8211; Sittst\u00e5ng &#8211; F\u00f6r 6-8 H\u00f6ns &#8211; Sm\u00e5djur &#8211; Silver"}]},{"@type":"WebSite","@id":"https:\/\/truusk.store\/sv\/#website","url":"https:\/\/truusk.store\/sv\/","name":"TRUUSK - Hem, Tr\u00e4dg\u00e5rd & Fritid","description":"","publisher":{"@id":"https:\/\/truusk.store\/sv\/#organization"},"potentialAction":[{"@type":"SearchAction","target":{"@type":"EntryPoint","urlTemplate":"https:\/\/truusk.store\/sv\/?s={search_term_string}"},"query-input":{"@type":"PropertyValueSpecification","valueRequired":true,"valueName":"search_term_string"}}],"inLanguage":"sv-SE"},{"@type":"Organization","@id":"https:\/\/truusk.store\/sv\/#organization","name":"TRUUSK - Hem, Tr\u00e4dg\u00e5rd & Fritid","url":"https:\/\/truusk.store\/sv\/","logo":{"@type":"ImageObject","inLanguage":"sv-SE","@id":"https:\/\/truusk.store\/sv\/#\/schema\/logo\/image\/","url":"https:\/\/i0.wp.com\/truusk.store\/wp-content\/uploads\/2026\/03\/cropped-TRUUSK.png?fit=2032%2C917&ssl=1","contentUrl":"https:\/\/i0.wp.com\/truusk.store\/wp-content\/uploads\/2026\/03\/cropped-TRUUSK.png?fit=2032%2C917&ssl=1","width":2032,"height":917,"caption":"TRUUSK - Hem, Tr\u00e4dg\u00e5rd & Fritid"},"image":{"@id":"https:\/\/truusk.store\/sv\/#\/schema\/logo\/image\/"}}]}},"jetpack_sharing_enabled":true,"_links":{"self":[{"href":"https:\/\/truusk.store\/sv\/wp-json\/wp\/v2\/product\/68715","targetHints":{"allow":["GET"]}}],"collection":[{"href":"https:\/\/truusk.store\/sv\/wp-json\/wp\/v2\/product"}],"about":[{"href":"https:\/\/truusk.store\/sv\/wp-json\/wp\/v2\/types\/product"}],"wp:featuredmedia":[{"embeddable":true,"href":"https:\/\/truusk.store\/sv\/wp-json\/wp\/v2\/media\/68706"}],"wp:attachment":[{"href":"https:\/\/truusk.store\/sv\/wp-json\/wp\/v2\/media?parent=68715"}],"wp:term":[{"taxonomy":"product_brand","embeddable":true,"href":"https:\/\/truusk.store\/sv\/wp-json\/wp\/v2\/product_brand?post=68715"},{"taxonomy":"product_cat","embeddable":true,"href":"https:\/\/truusk.store\/sv\/wp-json\/wp\/v2\/product_cat?post=68715"},{"taxonomy":"product_tag","embeddable":true,"href":"https:\/\/truusk.store\/sv\/wp-json\/wp\/v2\/product_tag?post=68715"}],"curies":[{"name":"wp","href":"https:\/\/api.w.org\/{rel}","templated":true}]}}