{"id":68776,"date":"2025-06-05T16:41:07","date_gmt":"2025-06-05T15:41:07","guid":{"rendered":"https:\/\/truusk.store\/product\/avslappningsstol-tv-stol-med-ligglage-tv-stol-med-linneutseende-vadderad-liggstol-med-fickfjaderkarna-vilstol-upp-till-150-kg-belastning-for-vardagsrum-gra\/"},"modified":"2026-03-12T09:33:16","modified_gmt":"2026-03-12T08:33:16","slug":"truusk-avslappningsstol-tv-stol-med-ligglage-vadderad-liggstol-upp-till-150-kg-belastning-gra","status":"publish","type":"product","link":"https:\/\/truusk.store\/sv\/produkt\/truusk-avslappningsstol-tv-stol-med-ligglage-vadderad-liggstol-upp-till-150-kg-belastning-gra\/","title":{"rendered":"TRUUSK Avslappningsstol &#8211; TV-stol Med Liggl\u00e4ge &#8211; Vadderad Liggstol &#8211; Upp Till 150 Kg Belastning &#8211; Gr\u00e5"},"content":{"rendered":"<p>H\u00e5ll din favoritdryck till hands i den praktiska dryckh\u00e5llaren och njut av friheten att justera ryggst\u00f6det p\u00e5 f\u00e5t\u00f6ljen med ligfunktion enligt dina \u00f6nskem\u00e5l. Den smidiga justeringsmekanismen p\u00e5 TV-f\u00e5t\u00f6ljen g\u00f6r att du kan fokusera helt p\u00e5 upplevelsen. L\u00e5t dig svepas med in i filmv\u00e4rlden och g\u00f6r varje kv\u00e4ll till n\u00e5got speciellt. Unna dig lyxen du f\u00f6rtj\u00e4nar &#8211; med TRUUSK.<\/p>\n<p>Beskrivning:<\/p>\n<ul>\n<li> H\u00e5ll biostolen vertikal eller luta dig tillbaka l\u00e4tt eller upp till 155\u00ba med upph\u00f6jd fotdel<\/li>\n<li> Justera ligf\u00e5t\u00f6ljen smidigt genom att bara trycka bak den bakre delen med din kroppsvikt<\/li>\n<li> Tyget p\u00e5 denna avkopplande soffa k\u00e4nns som linne och \u00e4r andningsbart och bekv\u00e4mt<\/li>\n<li> Systemet med fickfj\u00e4drar erbjuder en mer elastisk sittupplevelse och mer fj\u00e4dring<\/li>\n<li> L\u00e4mplig f\u00f6r vardagsrum, sovrum, hemmakontor etc.<\/li>\n<li> Montering kr\u00e4vs<\/li>\n<\/ul>\n<p> Tekniska data:<\/p>\n<ul>\n<li> F\u00e4rg: Gr\u00e5<\/li>\n<li> Material: Linneimitation (100% polyester), skum, MDF<\/li>\n<li> Totala dimensioner (uppr\u00e4tt): 67B x 87T x 98H cm<\/li>\n<li> Totala dimensioner (liggande): 65B x 158T x 76H cm<\/li>\n<li> Sitsstorlek: 52B x 50T x 45H cm<\/li>\n<li> Ryggst\u00f6dsm\u00e5tt: 64B x 52T cm<\/li>\n<li> Armst\u00f6dsh\u00f6jd: 14 cm (till s\u00e4tet)<\/li>\n<li> Sitt tjocklek: 18 cm<\/li>\n<li> Ryggst\u00f6dets tjocklek: 21 cm<\/li>\n<li> L\u00e4mplig anv\u00e4ndarh\u00f6jd: \u2264 195 cm<\/li>\n<li> Belastningskapacitet: 150 kg<\/li>\n<li> Rekommenderad monteringstid: 8 min<\/li>\n<li> Referens: 839-863V80GY<\/li>\n<\/ul>\n<p> Leveransinneh\u00e5ll:<\/p>\n<ul>\n<li> 1 x Ligf\u00e5t\u00f6lj<\/li>\n<li> 1 x Bruksanvisning<\/li>\n<\/ul>\n","protected":false},"excerpt":{"rendered":"<p>H\u00e5ll din favoritdryck till hands i den praktiska dryckh\u00e5llaren och njut av friheten att justera ryggst\u00f6det p\u00e5 f\u00e5t\u00f6ljen med ligfunktion&#8230;<\/p>\n","protected":false},"featured_media":68767,"template":"","meta":[],"product_brand":[],"product_cat":[521,946,871,910],"product_tag":[],"class_list":{"0":"post-68776","1":"product","2":"type-product","3":"status-publish","4":"has-post-thumbnail","6":"product_cat-fatolj","7":"product_cat-fernsehsessel","8":"product_cat-hus-hem","9":"product_cat-vardagsrum","11":"first","12":"instock","13":"sale","14":"taxable","15":"shipping-taxable","16":"purchasable","17":"product-type-simple"},"yoast_head":"<!-- This site is optimized with the Yoast SEO plugin v25.4 - https:\/\/yoast.com\/wordpress\/plugins\/seo\/ -->\n<title>TRUUSK Avslappningsstol - TV-stol Med Liggl\u00e4ge - Vadderad Liggstol - Upp Till 150 Kg Belastning - Gr\u00e5 - TRUUSK - Hem, Tr\u00e4dg\u00e5rd &amp; Fritid<\/title>\n<meta name=\"robots\" content=\"index, follow, max-snippet:-1, max-image-preview:large, max-video-preview:-1\" \/>\n<link rel=\"canonical\" href=\"https:\/\/truusk.store\/sv\/produkt\/truusk-avslappningsstol-tv-stol-med-ligglage-vadderad-liggstol-upp-till-150-kg-belastning-gra\/\" \/>\n<meta property=\"og:locale\" content=\"sv_SE\" \/>\n<meta property=\"og:type\" content=\"article\" \/>\n<meta property=\"og:title\" content=\"TRUUSK Avslappningsstol - TV-stol Med Liggl\u00e4ge - Vadderad Liggstol - Upp Till 150 Kg Belastning - Gr\u00e5 - TRUUSK - Hem, Tr\u00e4dg\u00e5rd &amp; Fritid\" \/>\n<meta property=\"og:description\" content=\"H\u00e5ll din favoritdryck till hands i den praktiska dryckh\u00e5llaren och njut av friheten att justera ryggst\u00f6det p\u00e5 f\u00e5t\u00f6ljen med ligfunktion...\" \/>\n<meta property=\"og:url\" content=\"https:\/\/truusk.store\/sv\/produkt\/truusk-avslappningsstol-tv-stol-med-ligglage-vadderad-liggstol-upp-till-150-kg-belastning-gra\/\" \/>\n<meta property=\"og:site_name\" content=\"TRUUSK - Hem, Tr\u00e4dg\u00e5rd &amp; Fritid\" \/>\n<meta property=\"article:modified_time\" content=\"2026-03-12T08:33:16+00:00\" \/>\n<meta property=\"og:image\" content=\"https:\/\/i0.wp.com\/truusk.se\/wp-content\/uploads\/2025\/06\/avslappningsstol-tv-stol-med-ligglage-tv-stol-med-linneutseende-vadderad-liggstol-med-fickfjaderkarna-vilstol-upp-till-150-kg-belastning-for-vardagsrum-gra-1.webp?fit=2000%2C2000&ssl=1\" \/>\n\t<meta property=\"og:image:width\" content=\"2000\" \/>\n\t<meta property=\"og:image:height\" content=\"2000\" \/>\n\t<meta property=\"og:image:type\" content=\"image\/webp\" \/>\n<meta name=\"twitter:card\" content=\"summary_large_image\" \/>\n<meta name=\"twitter:label1\" content=\"Ber\u00e4knad l\u00e4stid\" \/>\n\t<meta name=\"twitter:data1\" content=\"1 minut\" \/>\n<!-- \/ Yoast SEO plugin. -->","yoast_head_json":{"title":"TRUUSK Avslappningsstol - TV-stol Med Liggl\u00e4ge - Vadderad Liggstol - Upp Till 150 Kg Belastning - Gr\u00e5 - TRUUSK - Hem, Tr\u00e4dg\u00e5rd &amp; Fritid","robots":{"index":"index","follow":"follow","max-snippet":"max-snippet:-1","max-image-preview":"max-image-preview:large","max-video-preview":"max-video-preview:-1"},"canonical":"https:\/\/truusk.store\/sv\/produkt\/truusk-avslappningsstol-tv-stol-med-ligglage-vadderad-liggstol-upp-till-150-kg-belastning-gra\/","og_locale":"sv_SE","og_type":"article","og_title":"TRUUSK Avslappningsstol - TV-stol Med Liggl\u00e4ge - Vadderad Liggstol - Upp Till 150 Kg Belastning - Gr\u00e5 - TRUUSK - Hem, Tr\u00e4dg\u00e5rd &amp; Fritid","og_description":"H\u00e5ll din favoritdryck till hands i den praktiska dryckh\u00e5llaren och njut av friheten att justera ryggst\u00f6det p\u00e5 f\u00e5t\u00f6ljen med ligfunktion...","og_url":"https:\/\/truusk.store\/sv\/produkt\/truusk-avslappningsstol-tv-stol-med-ligglage-vadderad-liggstol-upp-till-150-kg-belastning-gra\/","og_site_name":"TRUUSK - Hem, Tr\u00e4dg\u00e5rd &amp; Fritid","article_modified_time":"2026-03-12T08:33:16+00:00","og_image":[{"width":2000,"height":2000,"url":"https:\/\/i0.wp.com\/truusk.se\/wp-content\/uploads\/2025\/06\/avslappningsstol-tv-stol-med-ligglage-tv-stol-med-linneutseende-vadderad-liggstol-med-fickfjaderkarna-vilstol-upp-till-150-kg-belastning-for-vardagsrum-gra-1.webp?fit=2000%2C2000&ssl=1","type":"image\/webp"}],"twitter_card":"summary_large_image","twitter_misc":{"Ber\u00e4knad l\u00e4stid":"1 minut"},"schema":{"@context":"https:\/\/schema.org","@graph":[{"@type":"WebPage","@id":"https:\/\/truusk.store\/sv\/produkt\/truusk-avslappningsstol-tv-stol-med-ligglage-vadderad-liggstol-upp-till-150-kg-belastning-gra\/","url":"https:\/\/truusk.store\/sv\/produkt\/truusk-avslappningsstol-tv-stol-med-ligglage-vadderad-liggstol-upp-till-150-kg-belastning-gra\/","name":"TRUUSK Avslappningsstol - TV-stol Med Liggl\u00e4ge - Vadderad Liggstol - Upp Till 150 Kg Belastning - Gr\u00e5 - TRUUSK - Hem, Tr\u00e4dg\u00e5rd &amp; Fritid","isPartOf":{"@id":"https:\/\/truusk.store\/sv\/#website"},"primaryImageOfPage":{"@id":"https:\/\/truusk.store\/sv\/produkt\/truusk-avslappningsstol-tv-stol-med-ligglage-vadderad-liggstol-upp-till-150-kg-belastning-gra\/#primaryimage"},"image":{"@id":"https:\/\/truusk.store\/sv\/produkt\/truusk-avslappningsstol-tv-stol-med-ligglage-vadderad-liggstol-upp-till-150-kg-belastning-gra\/#primaryimage"},"thumbnailUrl":"https:\/\/i0.wp.com\/truusk.store\/wp-content\/uploads\/2025\/06\/avslappningsstol-tv-stol-med-ligglage-tv-stol-med-linneutseende-vadderad-liggstol-med-fickfjaderkarna-vilstol-upp-till-150-kg-belastning-for-vardagsrum-gra-1.webp?fit=2000%2C2000&ssl=1","datePublished":"2025-06-05T15:41:07+00:00","dateModified":"2026-03-12T08:33:16+00:00","breadcrumb":{"@id":"https:\/\/truusk.store\/sv\/produkt\/truusk-avslappningsstol-tv-stol-med-ligglage-vadderad-liggstol-upp-till-150-kg-belastning-gra\/#breadcrumb"},"inLanguage":"sv-SE","potentialAction":[{"@type":"ReadAction","target":["https:\/\/truusk.store\/sv\/produkt\/truusk-avslappningsstol-tv-stol-med-ligglage-vadderad-liggstol-upp-till-150-kg-belastning-gra\/"]}]},{"@type":"ImageObject","inLanguage":"sv-SE","@id":"https:\/\/truusk.store\/sv\/produkt\/truusk-avslappningsstol-tv-stol-med-ligglage-vadderad-liggstol-upp-till-150-kg-belastning-gra\/#primaryimage","url":"https:\/\/i0.wp.com\/truusk.store\/wp-content\/uploads\/2025\/06\/avslappningsstol-tv-stol-med-ligglage-tv-stol-med-linneutseende-vadderad-liggstol-med-fickfjaderkarna-vilstol-upp-till-150-kg-belastning-for-vardagsrum-gra-1.webp?fit=2000%2C2000&ssl=1","contentUrl":"https:\/\/i0.wp.com\/truusk.store\/wp-content\/uploads\/2025\/06\/avslappningsstol-tv-stol-med-ligglage-tv-stol-med-linneutseende-vadderad-liggstol-med-fickfjaderkarna-vilstol-upp-till-150-kg-belastning-for-vardagsrum-gra-1.webp?fit=2000%2C2000&ssl=1","width":2000,"height":2000},{"@type":"BreadcrumbList","@id":"https:\/\/truusk.store\/sv\/produkt\/truusk-avslappningsstol-tv-stol-med-ligglage-vadderad-liggstol-upp-till-150-kg-belastning-gra\/#breadcrumb","itemListElement":[{"@type":"ListItem","position":1,"name":"Home","item":"https:\/\/truusk.store\/sv\/"},{"@type":"ListItem","position":2,"name":"Shop","item":"https:\/\/truusk.store\/shop\/"},{"@type":"ListItem","position":3,"name":"TRUUSK Avslappningsstol &#8211; TV-stol Med Liggl\u00e4ge &#8211; Vadderad Liggstol &#8211; Upp Till 150 Kg Belastning &#8211; Gr\u00e5"}]},{"@type":"WebSite","@id":"https:\/\/truusk.store\/sv\/#website","url":"https:\/\/truusk.store\/sv\/","name":"TRUUSK - Hem, Tr\u00e4dg\u00e5rd & Fritid","description":"","publisher":{"@id":"https:\/\/truusk.store\/sv\/#organization"},"potentialAction":[{"@type":"SearchAction","target":{"@type":"EntryPoint","urlTemplate":"https:\/\/truusk.store\/sv\/?s={search_term_string}"},"query-input":{"@type":"PropertyValueSpecification","valueRequired":true,"valueName":"search_term_string"}}],"inLanguage":"sv-SE"},{"@type":"Organization","@id":"https:\/\/truusk.store\/sv\/#organization","name":"TRUUSK - Hem, Tr\u00e4dg\u00e5rd & Fritid","url":"https:\/\/truusk.store\/sv\/","logo":{"@type":"ImageObject","inLanguage":"sv-SE","@id":"https:\/\/truusk.store\/sv\/#\/schema\/logo\/image\/","url":"https:\/\/i0.wp.com\/truusk.store\/wp-content\/uploads\/2026\/03\/cropped-TRUUSK.png?fit=2032%2C917&ssl=1","contentUrl":"https:\/\/i0.wp.com\/truusk.store\/wp-content\/uploads\/2026\/03\/cropped-TRUUSK.png?fit=2032%2C917&ssl=1","width":2032,"height":917,"caption":"TRUUSK - Hem, Tr\u00e4dg\u00e5rd & Fritid"},"image":{"@id":"https:\/\/truusk.store\/sv\/#\/schema\/logo\/image\/"}}]}},"jetpack_sharing_enabled":true,"_links":{"self":[{"href":"https:\/\/truusk.store\/sv\/wp-json\/wp\/v2\/product\/68776","targetHints":{"allow":["GET"]}}],"collection":[{"href":"https:\/\/truusk.store\/sv\/wp-json\/wp\/v2\/product"}],"about":[{"href":"https:\/\/truusk.store\/sv\/wp-json\/wp\/v2\/types\/product"}],"wp:featuredmedia":[{"embeddable":true,"href":"https:\/\/truusk.store\/sv\/wp-json\/wp\/v2\/media\/68767"}],"wp:attachment":[{"href":"https:\/\/truusk.store\/sv\/wp-json\/wp\/v2\/media?parent=68776"}],"wp:term":[{"taxonomy":"product_brand","embeddable":true,"href":"https:\/\/truusk.store\/sv\/wp-json\/wp\/v2\/product_brand?post=68776"},{"taxonomy":"product_cat","embeddable":true,"href":"https:\/\/truusk.store\/sv\/wp-json\/wp\/v2\/product_cat?post=68776"},{"taxonomy":"product_tag","embeddable":true,"href":"https:\/\/truusk.store\/sv\/wp-json\/wp\/v2\/product_tag?post=68776"}],"curies":[{"name":"wp","href":"https:\/\/api.w.org\/{rel}","templated":true}]}}