{"id":68796,"date":"2025-06-05T16:42:48","date_gmt":"2025-06-05T15:42:48","guid":{"rendered":"https:\/\/truusk.store\/product\/2-delat-set-med-sidodelar-for-paviljong-3x3-3x6-m-sidovagg-med-fonster-och-kardborreband-vattentata-sidovaggar-i-oxfordtyg-som-vindskydd-och-insynsskydd-for-partytalt-gron\/"},"modified":"2026-03-12T09:32:17","modified_gmt":"2026-03-12T08:32:17","slug":"truusk-2-delat-set-for-paviljong-3x3-3x6-m-sidovagg-med-fonster-vattentata-sidovaggar-insynsskydd-partytalt-gron","status":"publish","type":"product","link":"https:\/\/truusk.store\/sv\/produkt\/truusk-2-delat-set-for-paviljong-3x3-3x6-m-sidovagg-med-fonster-vattentata-sidovaggar-insynsskydd-partytalt-gron\/","title":{"rendered":"TRUUSK 2-delat Set f\u00f6r Paviljong 3&#215;3\/3&#215;6 M &#8211; Sidov\u00e4gg med F\u00f6nster &#8211; Vattent\u00e4ta Sidov\u00e4ggar &#8211; Insynsskydd &#8211; Partyt\u00e4lt &#8211; Gr\u00f6n"},"content":{"rendered":"<p>Ge ditt tr\u00e4dg\u00e5rdspaviljong nytt liv med TRUUSK sidov\u00e4ggar f\u00f6r paviljong! Detta set med tv\u00e5 sidov\u00e4ggar passar de flesta 3 x 3 m eller 3 x 6 m hopf\u00e4llbara paviljonger och \u00e4r tillverkade av slitstark Oxfordpolyester. Med dubbla, upprullbara f\u00f6nster f\u00f6r ljus och dragkedjed\u00f6rrar f\u00f6r enkel \u00e5tkomst. Tack vare de speciella remmarna \u00e4r monteringen en barnlek. Observera att endast sidov\u00e4ggarna ing\u00e5r: Paviljongramen ing\u00e5r inte.<\/p>\n<p>Beskrivning:<\/p>\n<ul>\n<li> Set med tv\u00e5 paviljong-sidov\u00e4ggar<\/li>\n<li> L\u00e4mpliga sidodelar f\u00f6r paviljong 3 x 3 m eller 3 x 6 m<\/li>\n<li> F\u00f6nstren p\u00e5 sidov\u00e4ggarna sl\u00e4pper in mycket ljus och erbjuder en fri utsikt \u00f6ver omgivningen<\/li>\n<li> Dragkedjed\u00f6rrar p\u00e5 sidodelarna f\u00f6r l\u00e4tt \u00e5tkomst<\/li>\n<li> 210D Oxfordpolyester ger h\u00e5llbarhet<\/li>\n<li> Remmar f\u00f6r enkel montering<\/li>\n<\/ul>\n<p> Tekniska data:<\/p>\n<ul>\n<li> F\u00e4rg: Gr\u00f6n<\/li>\n<li> Material: Oxfordtyg (100% Polyester)<\/li>\n<li> M\u00e5tt per sidov\u00e4gg: 295B x 195H cm<\/li>\n<li> F\u00f6nsterstorlek: 143B x 130H cm<\/li>\n<li> D\u00f6rrstorlek: 145B x 190H cm<\/li>\n<li> Obs: L\u00e4mplig f\u00f6r en 3 x 3 m eller 3 x 6 m tr\u00e4dg\u00e5rdspaviljong<\/li>\n<\/ul>\n<p>Leveransinneh\u00e5ll:<\/p>\n<ul>\n<li> 2 x sidov\u00e4ggar;<\/li>\n<\/ul>\n","protected":false},"excerpt":{"rendered":"<p>Ge ditt tr\u00e4dg\u00e5rdspaviljong nytt liv med TRUUSK sidov\u00e4ggar f\u00f6r paviljong! Detta set med tv\u00e5 sidov\u00e4ggar passar de flesta 3 x&#8230;<\/p>\n","protected":false},"featured_media":68787,"template":"","meta":[],"product_brand":[],"product_cat":[477,858,476],"product_tag":[],"class_list":{"0":"post-68796","1":"product","2":"type-product","3":"status-publish","4":"has-post-thumbnail","6":"product_cat-paviljonger-partytalt","7":"product_cat-tradgard-terrass","8":"product_cat-tradgardspaviljonger","10":"first","11":"instock","12":"sale","13":"taxable","14":"shipping-taxable","15":"purchasable","16":"product-type-simple"},"yoast_head":"<!-- This site is optimized with the Yoast SEO plugin v25.4 - https:\/\/yoast.com\/wordpress\/plugins\/seo\/ -->\n<title>TRUUSK 2-delat Set f\u00f6r Paviljong 3x3\/3x6 M - Sidov\u00e4gg med F\u00f6nster - Vattent\u00e4ta Sidov\u00e4ggar - Insynsskydd - Partyt\u00e4lt - Gr\u00f6n - TRUUSK - Hem, Tr\u00e4dg\u00e5rd &amp; Fritid<\/title>\n<meta name=\"robots\" content=\"index, follow, max-snippet:-1, max-image-preview:large, max-video-preview:-1\" \/>\n<link rel=\"canonical\" href=\"https:\/\/truusk.store\/sv\/produkt\/truusk-2-delat-set-for-paviljong-3x3-3x6-m-sidovagg-med-fonster-vattentata-sidovaggar-insynsskydd-partytalt-gron\/\" \/>\n<meta property=\"og:locale\" content=\"sv_SE\" \/>\n<meta property=\"og:type\" content=\"article\" \/>\n<meta property=\"og:title\" content=\"TRUUSK 2-delat Set f\u00f6r Paviljong 3x3\/3x6 M - Sidov\u00e4gg med F\u00f6nster - Vattent\u00e4ta Sidov\u00e4ggar - Insynsskydd - Partyt\u00e4lt - Gr\u00f6n - TRUUSK - Hem, Tr\u00e4dg\u00e5rd &amp; Fritid\" \/>\n<meta property=\"og:description\" content=\"Ge ditt tr\u00e4dg\u00e5rdspaviljong nytt liv med TRUUSK sidov\u00e4ggar f\u00f6r paviljong! Detta set med tv\u00e5 sidov\u00e4ggar passar de flesta 3 x...\" \/>\n<meta property=\"og:url\" content=\"https:\/\/truusk.store\/sv\/produkt\/truusk-2-delat-set-for-paviljong-3x3-3x6-m-sidovagg-med-fonster-vattentata-sidovaggar-insynsskydd-partytalt-gron\/\" \/>\n<meta property=\"og:site_name\" content=\"TRUUSK - Hem, Tr\u00e4dg\u00e5rd &amp; Fritid\" \/>\n<meta property=\"article:modified_time\" content=\"2026-03-12T08:32:17+00:00\" \/>\n<meta property=\"og:image\" content=\"https:\/\/i0.wp.com\/truusk.se\/wp-content\/uploads\/2025\/06\/2-delat-set-med-sidodelar-for-paviljong-3x3-3x6-m-sidovagg-med-fonster-och-kardborreband-vattentata-sidovaggar-i-oxfordtyg-som-vindskydd-och-insynsskydd-for-partytalt-gron-1.webp?fit=2000%2C2000&ssl=1\" \/>\n\t<meta property=\"og:image:width\" content=\"2000\" \/>\n\t<meta property=\"og:image:height\" content=\"2000\" \/>\n\t<meta property=\"og:image:type\" content=\"image\/webp\" \/>\n<meta name=\"twitter:card\" content=\"summary_large_image\" \/>\n<meta name=\"twitter:label1\" content=\"Ber\u00e4knad l\u00e4stid\" \/>\n\t<meta name=\"twitter:data1\" content=\"1 minut\" \/>\n<!-- \/ Yoast SEO plugin. -->","yoast_head_json":{"title":"TRUUSK 2-delat Set f\u00f6r Paviljong 3x3\/3x6 M - Sidov\u00e4gg med F\u00f6nster - Vattent\u00e4ta Sidov\u00e4ggar - Insynsskydd - Partyt\u00e4lt - Gr\u00f6n - TRUUSK - Hem, Tr\u00e4dg\u00e5rd &amp; Fritid","robots":{"index":"index","follow":"follow","max-snippet":"max-snippet:-1","max-image-preview":"max-image-preview:large","max-video-preview":"max-video-preview:-1"},"canonical":"https:\/\/truusk.store\/sv\/produkt\/truusk-2-delat-set-for-paviljong-3x3-3x6-m-sidovagg-med-fonster-vattentata-sidovaggar-insynsskydd-partytalt-gron\/","og_locale":"sv_SE","og_type":"article","og_title":"TRUUSK 2-delat Set f\u00f6r Paviljong 3x3\/3x6 M - Sidov\u00e4gg med F\u00f6nster - Vattent\u00e4ta Sidov\u00e4ggar - Insynsskydd - Partyt\u00e4lt - Gr\u00f6n - TRUUSK - Hem, Tr\u00e4dg\u00e5rd &amp; Fritid","og_description":"Ge ditt tr\u00e4dg\u00e5rdspaviljong nytt liv med TRUUSK sidov\u00e4ggar f\u00f6r paviljong! Detta set med tv\u00e5 sidov\u00e4ggar passar de flesta 3 x...","og_url":"https:\/\/truusk.store\/sv\/produkt\/truusk-2-delat-set-for-paviljong-3x3-3x6-m-sidovagg-med-fonster-vattentata-sidovaggar-insynsskydd-partytalt-gron\/","og_site_name":"TRUUSK - Hem, Tr\u00e4dg\u00e5rd &amp; Fritid","article_modified_time":"2026-03-12T08:32:17+00:00","og_image":[{"width":2000,"height":2000,"url":"https:\/\/i0.wp.com\/truusk.se\/wp-content\/uploads\/2025\/06\/2-delat-set-med-sidodelar-for-paviljong-3x3-3x6-m-sidovagg-med-fonster-och-kardborreband-vattentata-sidovaggar-i-oxfordtyg-som-vindskydd-och-insynsskydd-for-partytalt-gron-1.webp?fit=2000%2C2000&ssl=1","type":"image\/webp"}],"twitter_card":"summary_large_image","twitter_misc":{"Ber\u00e4knad l\u00e4stid":"1 minut"},"schema":{"@context":"https:\/\/schema.org","@graph":[{"@type":"WebPage","@id":"https:\/\/truusk.store\/sv\/produkt\/truusk-2-delat-set-for-paviljong-3x3-3x6-m-sidovagg-med-fonster-vattentata-sidovaggar-insynsskydd-partytalt-gron\/","url":"https:\/\/truusk.store\/sv\/produkt\/truusk-2-delat-set-for-paviljong-3x3-3x6-m-sidovagg-med-fonster-vattentata-sidovaggar-insynsskydd-partytalt-gron\/","name":"TRUUSK 2-delat Set f\u00f6r Paviljong 3x3\/3x6 M - Sidov\u00e4gg med F\u00f6nster - Vattent\u00e4ta Sidov\u00e4ggar - Insynsskydd - Partyt\u00e4lt - Gr\u00f6n - TRUUSK - Hem, Tr\u00e4dg\u00e5rd &amp; Fritid","isPartOf":{"@id":"https:\/\/truusk.store\/sv\/#website"},"primaryImageOfPage":{"@id":"https:\/\/truusk.store\/sv\/produkt\/truusk-2-delat-set-for-paviljong-3x3-3x6-m-sidovagg-med-fonster-vattentata-sidovaggar-insynsskydd-partytalt-gron\/#primaryimage"},"image":{"@id":"https:\/\/truusk.store\/sv\/produkt\/truusk-2-delat-set-for-paviljong-3x3-3x6-m-sidovagg-med-fonster-vattentata-sidovaggar-insynsskydd-partytalt-gron\/#primaryimage"},"thumbnailUrl":"https:\/\/i0.wp.com\/truusk.store\/wp-content\/uploads\/2025\/06\/2-delat-set-med-sidodelar-for-paviljong-3x3-3x6-m-sidovagg-med-fonster-och-kardborreband-vattentata-sidovaggar-i-oxfordtyg-som-vindskydd-och-insynsskydd-for-partytalt-gron-1.webp?fit=2000%2C2000&ssl=1","datePublished":"2025-06-05T15:42:48+00:00","dateModified":"2026-03-12T08:32:17+00:00","breadcrumb":{"@id":"https:\/\/truusk.store\/sv\/produkt\/truusk-2-delat-set-for-paviljong-3x3-3x6-m-sidovagg-med-fonster-vattentata-sidovaggar-insynsskydd-partytalt-gron\/#breadcrumb"},"inLanguage":"sv-SE","potentialAction":[{"@type":"ReadAction","target":["https:\/\/truusk.store\/sv\/produkt\/truusk-2-delat-set-for-paviljong-3x3-3x6-m-sidovagg-med-fonster-vattentata-sidovaggar-insynsskydd-partytalt-gron\/"]}]},{"@type":"ImageObject","inLanguage":"sv-SE","@id":"https:\/\/truusk.store\/sv\/produkt\/truusk-2-delat-set-for-paviljong-3x3-3x6-m-sidovagg-med-fonster-vattentata-sidovaggar-insynsskydd-partytalt-gron\/#primaryimage","url":"https:\/\/i0.wp.com\/truusk.store\/wp-content\/uploads\/2025\/06\/2-delat-set-med-sidodelar-for-paviljong-3x3-3x6-m-sidovagg-med-fonster-och-kardborreband-vattentata-sidovaggar-i-oxfordtyg-som-vindskydd-och-insynsskydd-for-partytalt-gron-1.webp?fit=2000%2C2000&ssl=1","contentUrl":"https:\/\/i0.wp.com\/truusk.store\/wp-content\/uploads\/2025\/06\/2-delat-set-med-sidodelar-for-paviljong-3x3-3x6-m-sidovagg-med-fonster-och-kardborreband-vattentata-sidovaggar-i-oxfordtyg-som-vindskydd-och-insynsskydd-for-partytalt-gron-1.webp?fit=2000%2C2000&ssl=1","width":2000,"height":2000},{"@type":"BreadcrumbList","@id":"https:\/\/truusk.store\/sv\/produkt\/truusk-2-delat-set-for-paviljong-3x3-3x6-m-sidovagg-med-fonster-vattentata-sidovaggar-insynsskydd-partytalt-gron\/#breadcrumb","itemListElement":[{"@type":"ListItem","position":1,"name":"Home","item":"https:\/\/truusk.store\/sv\/"},{"@type":"ListItem","position":2,"name":"Shop","item":"https:\/\/truusk.store\/shop\/"},{"@type":"ListItem","position":3,"name":"TRUUSK 2-delat Set f\u00f6r Paviljong 3&#215;3\/3&#215;6 M &#8211; Sidov\u00e4gg med F\u00f6nster &#8211; Vattent\u00e4ta Sidov\u00e4ggar &#8211; Insynsskydd &#8211; Partyt\u00e4lt &#8211; Gr\u00f6n"}]},{"@type":"WebSite","@id":"https:\/\/truusk.store\/sv\/#website","url":"https:\/\/truusk.store\/sv\/","name":"TRUUSK - Hem, Tr\u00e4dg\u00e5rd & Fritid","description":"","publisher":{"@id":"https:\/\/truusk.store\/sv\/#organization"},"potentialAction":[{"@type":"SearchAction","target":{"@type":"EntryPoint","urlTemplate":"https:\/\/truusk.store\/sv\/?s={search_term_string}"},"query-input":{"@type":"PropertyValueSpecification","valueRequired":true,"valueName":"search_term_string"}}],"inLanguage":"sv-SE"},{"@type":"Organization","@id":"https:\/\/truusk.store\/sv\/#organization","name":"TRUUSK - Hem, Tr\u00e4dg\u00e5rd & Fritid","url":"https:\/\/truusk.store\/sv\/","logo":{"@type":"ImageObject","inLanguage":"sv-SE","@id":"https:\/\/truusk.store\/sv\/#\/schema\/logo\/image\/","url":"https:\/\/i0.wp.com\/truusk.store\/wp-content\/uploads\/2026\/03\/cropped-TRUUSK.png?fit=2032%2C917&ssl=1","contentUrl":"https:\/\/i0.wp.com\/truusk.store\/wp-content\/uploads\/2026\/03\/cropped-TRUUSK.png?fit=2032%2C917&ssl=1","width":2032,"height":917,"caption":"TRUUSK - Hem, Tr\u00e4dg\u00e5rd & Fritid"},"image":{"@id":"https:\/\/truusk.store\/sv\/#\/schema\/logo\/image\/"}}]}},"jetpack_sharing_enabled":true,"_links":{"self":[{"href":"https:\/\/truusk.store\/sv\/wp-json\/wp\/v2\/product\/68796","targetHints":{"allow":["GET"]}}],"collection":[{"href":"https:\/\/truusk.store\/sv\/wp-json\/wp\/v2\/product"}],"about":[{"href":"https:\/\/truusk.store\/sv\/wp-json\/wp\/v2\/types\/product"}],"wp:featuredmedia":[{"embeddable":true,"href":"https:\/\/truusk.store\/sv\/wp-json\/wp\/v2\/media\/68787"}],"wp:attachment":[{"href":"https:\/\/truusk.store\/sv\/wp-json\/wp\/v2\/media?parent=68796"}],"wp:term":[{"taxonomy":"product_brand","embeddable":true,"href":"https:\/\/truusk.store\/sv\/wp-json\/wp\/v2\/product_brand?post=68796"},{"taxonomy":"product_cat","embeddable":true,"href":"https:\/\/truusk.store\/sv\/wp-json\/wp\/v2\/product_cat?post=68796"},{"taxonomy":"product_tag","embeddable":true,"href":"https:\/\/truusk.store\/sv\/wp-json\/wp\/v2\/product_tag?post=68796"}],"curies":[{"name":"wp","href":"https:\/\/api.w.org\/{rel}","templated":true}]}}