{"id":6880,"date":"2024-02-13T08:37:32","date_gmt":"2024-02-13T07:37:32","guid":{"rendered":"https:\/\/truusk.store\/product\/basram-for-kapsagar-arbetsbord-for-kap-och-geringssagar-sagram-kapsag-stal-svart-silver-sidoforlangning-1235-245-cm\/"},"modified":"2026-03-12T08:55:23","modified_gmt":"2026-03-12T07:55:23","slug":"truusk-kapsagar-arbetsbord-for-kap-och-geringssagar-stal-svart-silver-sidoforlangning-1235-245-cm","status":"publish","type":"product","link":"https:\/\/truusk.store\/sv\/produkt\/truusk-kapsagar-arbetsbord-for-kap-och-geringssagar-stal-svart-silver-sidoforlangning-1235-245-cm\/","title":{"rendered":"TRUUSK Kaps\u00e5gar Arbetsbord &#8211; F\u00f6r Kap- Och Geringss\u00e5gar &#8211; St\u00e5l Svart + Silver &#8211; Sidof\u00f6rl\u00e4ngning 123,5-245 Cm"},"content":{"rendered":"<p>Med det f\u00e4llbara geringss\u00e5gbordet har du ett starkt och p\u00e5litligt st\u00f6dsystem som uppfyller alla dina s\u00e5gbehov. Snabbf\u00e4stet l\u00e5ser geringss\u00e5gen s\u00e4kert p\u00e5 plats, vilket m\u00f6jligg\u00f6r enkel installation och justering. St\u00e5lramen kan ge en st\u00f6dkraft p\u00e5 150 kg f\u00f6r s\u00e5g och material. Detta geringss\u00e5gstativ \u00e4r idealiskt f\u00f6r alla professionella entrepren\u00f6rer eller g\u00f6r-det-sj\u00e4lv-entusiaster.<\/p>\n<h3>Beskrivning:<\/h3>\n<ul>\n<li>Idealisk f\u00f6r alla professionella entrepren\u00f6rer eller g\u00f6r-det-sj\u00e4lv-entusiaster<\/li>\n<li>F\u00e4llbar design med hjul och handtag f\u00f6r kompakt f\u00f6rvaring och enkel transport<\/li>\n<li>H\u00f6jden \u00e4r fullt justerbar tack vare en l\u00e4ttl\u00e5sbar spak<\/li>\n<li>Avst\u00e5ndet mellan 2 rullh\u00e5llare kan f\u00f6rl\u00e4ngas genom att lossa eller dra \u00e5t justeringsrattarna<\/li>\n<li>H\u00f6jden p\u00e5 rullst\u00f6den kan justeras f\u00f6r olika arbetskrav<\/li>\n<li>Ett av benen kan justeras f\u00f6r extra stabilitet<\/li>\n<li>Tillverkad av robust st\u00e5l f\u00f6r h\u00e5llbar anv\u00e4ndning<\/li>\n<li>Montering kr\u00e4vs<\/li>\n<li>OBS: Se till att str\u00e4cka den nedre rullbasen med 4 cm f\u00f6r att undvika att falla n\u00e4r du viks.<\/li>\n<\/ul>\n<h3>Teknisk data:<\/h3>\n<ul>\n<li>F\u00e4rg: Svart+Silver<\/li>\n<li>Material: st\u00e5l<\/li>\n<li>Totala m\u00e5tt (ovikt): 73W x 96H x 123,5-245L cm<\/li>\n<li>M\u00e5tt (vikt): 44W x 34,5D x 123,5H cm<\/li>\n<li>M\u00e5tt p\u00e5 rullen: 4,5 x 26,5L cm<\/li>\n<li>Avst\u00e5nd mellan 2 rullar: 101,5cm-235cm<\/li>\n<li>L\u00e4ngd p\u00e5 sp\u00e5r f\u00f6r verktygsh\u00e5llare: 16 cm (l\u00e5ng sp\u00e5r), 14 cm (kort sp\u00e5r)<\/li>\n<li>Geringss\u00e5gens arbetsavst\u00e5nd: 5,5-36 cm<\/li>\n<li>Lastkapacitet: 150 kg<\/li>\n<\/ul>\n<h3>Leveransens omfattning:<\/h3>\n<ul>\n<li>1 x s\u00e5gst\u00e4ll<\/li>\n<li>1 x Instruktioner<\/li>\n<\/ul>\n","protected":false},"excerpt":{"rendered":"<p>Med det f\u00e4llbara geringss\u00e5gbordet har du ett starkt och p\u00e5litligt st\u00f6dsystem som uppfyller alla dina s\u00e5gbehov. Snabbf\u00e4stet l\u00e5ser geringss\u00e5gen s\u00e4kert&#8230;<\/p>\n","protected":false},"featured_media":6881,"template":"","meta":[],"product_brand":[],"product_cat":[691,688,671],"product_tag":[],"class_list":{"0":"post-6880","1":"product","2":"type-product","3":"status-publish","4":"has-post-thumbnail","6":"product_cat-arbetsbankar-arbetsbockar","7":"product_cat-diy","8":"product_cat-jarnaffar","10":"first","11":"instock","12":"sale","13":"taxable","14":"shipping-taxable","15":"purchasable","16":"product-type-simple"},"yoast_head":"<!-- This site is optimized with the Yoast SEO plugin v25.4 - https:\/\/yoast.com\/wordpress\/plugins\/seo\/ -->\n<title>TRUUSK Kaps\u00e5gar Arbetsbord - F\u00f6r Kap- Och Geringss\u00e5gar - St\u00e5l Svart + Silver - Sidof\u00f6rl\u00e4ngning 123,5-245 Cm - TRUUSK - Hem, Tr\u00e4dg\u00e5rd &amp; Fritid<\/title>\n<meta name=\"robots\" content=\"index, follow, max-snippet:-1, max-image-preview:large, max-video-preview:-1\" \/>\n<link rel=\"canonical\" href=\"https:\/\/truusk.store\/sv\/produkt\/truusk-kapsagar-arbetsbord-for-kap-och-geringssagar-stal-svart-silver-sidoforlangning-1235-245-cm\/\" \/>\n<meta property=\"og:locale\" content=\"sv_SE\" \/>\n<meta property=\"og:type\" content=\"article\" \/>\n<meta property=\"og:title\" content=\"TRUUSK Kaps\u00e5gar Arbetsbord - F\u00f6r Kap- Och Geringss\u00e5gar - St\u00e5l Svart + Silver - Sidof\u00f6rl\u00e4ngning 123,5-245 Cm - TRUUSK - Hem, Tr\u00e4dg\u00e5rd &amp; Fritid\" \/>\n<meta property=\"og:description\" content=\"Med det f\u00e4llbara geringss\u00e5gbordet har du ett starkt och p\u00e5litligt st\u00f6dsystem som uppfyller alla dina s\u00e5gbehov. Snabbf\u00e4stet l\u00e5ser geringss\u00e5gen s\u00e4kert...\" \/>\n<meta property=\"og:url\" content=\"https:\/\/truusk.store\/sv\/produkt\/truusk-kapsagar-arbetsbord-for-kap-och-geringssagar-stal-svart-silver-sidoforlangning-1235-245-cm\/\" \/>\n<meta property=\"og:site_name\" content=\"TRUUSK - Hem, Tr\u00e4dg\u00e5rd &amp; Fritid\" \/>\n<meta property=\"article:modified_time\" content=\"2026-03-12T07:55:23+00:00\" \/>\n<meta property=\"og:image\" content=\"https:\/\/i0.wp.com\/truusk.se\/wp-content\/uploads\/2024\/02\/basram-for-kapsagar-arbetsbord-for-kap-och-geringssagar-sagram-kapsag-stal-svart-silver-sidoforlangning-1235-245-cm.webp?fit=800%2C800&ssl=1\" \/>\n\t<meta property=\"og:image:width\" content=\"800\" \/>\n\t<meta property=\"og:image:height\" content=\"800\" \/>\n\t<meta property=\"og:image:type\" content=\"image\/webp\" \/>\n<meta name=\"twitter:card\" content=\"summary_large_image\" \/>\n<meta name=\"twitter:label1\" content=\"Ber\u00e4knad l\u00e4stid\" \/>\n\t<meta name=\"twitter:data1\" content=\"1 minut\" \/>\n<!-- \/ Yoast SEO plugin. -->","yoast_head_json":{"title":"TRUUSK Kaps\u00e5gar Arbetsbord - F\u00f6r Kap- Och Geringss\u00e5gar - St\u00e5l Svart + Silver - Sidof\u00f6rl\u00e4ngning 123,5-245 Cm - TRUUSK - Hem, Tr\u00e4dg\u00e5rd &amp; Fritid","robots":{"index":"index","follow":"follow","max-snippet":"max-snippet:-1","max-image-preview":"max-image-preview:large","max-video-preview":"max-video-preview:-1"},"canonical":"https:\/\/truusk.store\/sv\/produkt\/truusk-kapsagar-arbetsbord-for-kap-och-geringssagar-stal-svart-silver-sidoforlangning-1235-245-cm\/","og_locale":"sv_SE","og_type":"article","og_title":"TRUUSK Kaps\u00e5gar Arbetsbord - F\u00f6r Kap- Och Geringss\u00e5gar - St\u00e5l Svart + Silver - Sidof\u00f6rl\u00e4ngning 123,5-245 Cm - TRUUSK - Hem, Tr\u00e4dg\u00e5rd &amp; Fritid","og_description":"Med det f\u00e4llbara geringss\u00e5gbordet har du ett starkt och p\u00e5litligt st\u00f6dsystem som uppfyller alla dina s\u00e5gbehov. Snabbf\u00e4stet l\u00e5ser geringss\u00e5gen s\u00e4kert...","og_url":"https:\/\/truusk.store\/sv\/produkt\/truusk-kapsagar-arbetsbord-for-kap-och-geringssagar-stal-svart-silver-sidoforlangning-1235-245-cm\/","og_site_name":"TRUUSK - Hem, Tr\u00e4dg\u00e5rd &amp; Fritid","article_modified_time":"2026-03-12T07:55:23+00:00","og_image":[{"width":800,"height":800,"url":"https:\/\/i0.wp.com\/truusk.se\/wp-content\/uploads\/2024\/02\/basram-for-kapsagar-arbetsbord-for-kap-och-geringssagar-sagram-kapsag-stal-svart-silver-sidoforlangning-1235-245-cm.webp?fit=800%2C800&ssl=1","type":"image\/webp"}],"twitter_card":"summary_large_image","twitter_misc":{"Ber\u00e4knad l\u00e4stid":"1 minut"},"schema":{"@context":"https:\/\/schema.org","@graph":[{"@type":"WebPage","@id":"https:\/\/truusk.store\/sv\/produkt\/truusk-kapsagar-arbetsbord-for-kap-och-geringssagar-stal-svart-silver-sidoforlangning-1235-245-cm\/","url":"https:\/\/truusk.store\/sv\/produkt\/truusk-kapsagar-arbetsbord-for-kap-och-geringssagar-stal-svart-silver-sidoforlangning-1235-245-cm\/","name":"TRUUSK Kaps\u00e5gar Arbetsbord - F\u00f6r Kap- Och Geringss\u00e5gar - St\u00e5l Svart + Silver - Sidof\u00f6rl\u00e4ngning 123,5-245 Cm - TRUUSK - Hem, Tr\u00e4dg\u00e5rd &amp; Fritid","isPartOf":{"@id":"https:\/\/truusk.store\/sv\/#website"},"primaryImageOfPage":{"@id":"https:\/\/truusk.store\/sv\/produkt\/truusk-kapsagar-arbetsbord-for-kap-och-geringssagar-stal-svart-silver-sidoforlangning-1235-245-cm\/#primaryimage"},"image":{"@id":"https:\/\/truusk.store\/sv\/produkt\/truusk-kapsagar-arbetsbord-for-kap-och-geringssagar-stal-svart-silver-sidoforlangning-1235-245-cm\/#primaryimage"},"thumbnailUrl":"https:\/\/i0.wp.com\/truusk.store\/wp-content\/uploads\/2024\/02\/basram-for-kapsagar-arbetsbord-for-kap-och-geringssagar-sagram-kapsag-stal-svart-silver-sidoforlangning-1235-245-cm.webp?fit=800%2C800&ssl=1","datePublished":"2024-02-13T07:37:32+00:00","dateModified":"2026-03-12T07:55:23+00:00","breadcrumb":{"@id":"https:\/\/truusk.store\/sv\/produkt\/truusk-kapsagar-arbetsbord-for-kap-och-geringssagar-stal-svart-silver-sidoforlangning-1235-245-cm\/#breadcrumb"},"inLanguage":"sv-SE","potentialAction":[{"@type":"ReadAction","target":["https:\/\/truusk.store\/sv\/produkt\/truusk-kapsagar-arbetsbord-for-kap-och-geringssagar-stal-svart-silver-sidoforlangning-1235-245-cm\/"]}]},{"@type":"ImageObject","inLanguage":"sv-SE","@id":"https:\/\/truusk.store\/sv\/produkt\/truusk-kapsagar-arbetsbord-for-kap-och-geringssagar-stal-svart-silver-sidoforlangning-1235-245-cm\/#primaryimage","url":"https:\/\/i0.wp.com\/truusk.store\/wp-content\/uploads\/2024\/02\/basram-for-kapsagar-arbetsbord-for-kap-och-geringssagar-sagram-kapsag-stal-svart-silver-sidoforlangning-1235-245-cm.webp?fit=800%2C800&ssl=1","contentUrl":"https:\/\/i0.wp.com\/truusk.store\/wp-content\/uploads\/2024\/02\/basram-for-kapsagar-arbetsbord-for-kap-och-geringssagar-sagram-kapsag-stal-svart-silver-sidoforlangning-1235-245-cm.webp?fit=800%2C800&ssl=1","width":800,"height":800,"caption":"Basram F\u00f6r Kaps\u00e5gar Arbetsbord F\u00f6r Kap- Och Geringss\u00e5gar S\u00e5gram Kaps\u00e5g St\u00e5l Svart + Silver Sidof\u00f6rl\u00e4ngning 123,5-245 Cm 1"},{"@type":"BreadcrumbList","@id":"https:\/\/truusk.store\/sv\/produkt\/truusk-kapsagar-arbetsbord-for-kap-och-geringssagar-stal-svart-silver-sidoforlangning-1235-245-cm\/#breadcrumb","itemListElement":[{"@type":"ListItem","position":1,"name":"Home","item":"https:\/\/truusk.store\/sv\/"},{"@type":"ListItem","position":2,"name":"Shop","item":"https:\/\/truusk.store\/shop\/"},{"@type":"ListItem","position":3,"name":"TRUUSK Kaps\u00e5gar Arbetsbord &#8211; F\u00f6r Kap- Och Geringss\u00e5gar &#8211; St\u00e5l Svart + Silver &#8211; Sidof\u00f6rl\u00e4ngning 123,5-245 Cm"}]},{"@type":"WebSite","@id":"https:\/\/truusk.store\/sv\/#website","url":"https:\/\/truusk.store\/sv\/","name":"TRUUSK - Hem, Tr\u00e4dg\u00e5rd & Fritid","description":"","publisher":{"@id":"https:\/\/truusk.store\/sv\/#organization"},"potentialAction":[{"@type":"SearchAction","target":{"@type":"EntryPoint","urlTemplate":"https:\/\/truusk.store\/sv\/?s={search_term_string}"},"query-input":{"@type":"PropertyValueSpecification","valueRequired":true,"valueName":"search_term_string"}}],"inLanguage":"sv-SE"},{"@type":"Organization","@id":"https:\/\/truusk.store\/sv\/#organization","name":"TRUUSK - Hem, Tr\u00e4dg\u00e5rd & Fritid","url":"https:\/\/truusk.store\/sv\/","logo":{"@type":"ImageObject","inLanguage":"sv-SE","@id":"https:\/\/truusk.store\/sv\/#\/schema\/logo\/image\/","url":"https:\/\/i0.wp.com\/truusk.store\/wp-content\/uploads\/2026\/03\/cropped-TRUUSK.png?fit=2032%2C917&ssl=1","contentUrl":"https:\/\/i0.wp.com\/truusk.store\/wp-content\/uploads\/2026\/03\/cropped-TRUUSK.png?fit=2032%2C917&ssl=1","width":2032,"height":917,"caption":"TRUUSK - Hem, Tr\u00e4dg\u00e5rd & Fritid"},"image":{"@id":"https:\/\/truusk.store\/sv\/#\/schema\/logo\/image\/"}}]}},"jetpack_sharing_enabled":true,"_links":{"self":[{"href":"https:\/\/truusk.store\/sv\/wp-json\/wp\/v2\/product\/6880","targetHints":{"allow":["GET"]}}],"collection":[{"href":"https:\/\/truusk.store\/sv\/wp-json\/wp\/v2\/product"}],"about":[{"href":"https:\/\/truusk.store\/sv\/wp-json\/wp\/v2\/types\/product"}],"wp:featuredmedia":[{"embeddable":true,"href":"https:\/\/truusk.store\/sv\/wp-json\/wp\/v2\/media\/6881"}],"wp:attachment":[{"href":"https:\/\/truusk.store\/sv\/wp-json\/wp\/v2\/media?parent=6880"}],"wp:term":[{"taxonomy":"product_brand","embeddable":true,"href":"https:\/\/truusk.store\/sv\/wp-json\/wp\/v2\/product_brand?post=6880"},{"taxonomy":"product_cat","embeddable":true,"href":"https:\/\/truusk.store\/sv\/wp-json\/wp\/v2\/product_cat?post=6880"},{"taxonomy":"product_tag","embeddable":true,"href":"https:\/\/truusk.store\/sv\/wp-json\/wp\/v2\/product_tag?post=6880"}],"curies":[{"name":"wp","href":"https:\/\/api.w.org\/{rel}","templated":true}]}}