{"id":68836,"date":"2025-06-05T16:46:43","date_gmt":"2025-06-05T15:46:43","guid":{"rendered":"https:\/\/truusk.store\/product\/ersattnings-tak-for-285-x-2-m-pergola-vattenavvisande-infallbar-vagoverdrag-med-regnavloppshal-uv-skydd-30-vinterfast-skuggskydd-for-tradgard-balkong-terrass-kaffe\/"},"modified":"2026-03-12T09:32:27","modified_gmt":"2026-03-12T08:32:27","slug":"truusk-ersattnings-tak-for-pergola-285-x-2-m-vattenavvisande-infallbar-regnavloppshal-uv-skydd-30-vinterfast","status":"publish","type":"product","link":"https:\/\/truusk.store\/sv\/produkt\/truusk-ersattnings-tak-for-pergola-285-x-2-m-vattenavvisande-infallbar-regnavloppshal-uv-skydd-30-vinterfast\/","title":{"rendered":"TRUUSK Ers\u00e4ttnings Tak F\u00f6r Pergola 2,85 x 2 m &#8211; Vattenavvisande &#8211; Inf\u00e4llbar &#8211; Regnavloppsh\u00e5l &#8211; UV-skydd 30+ &#8211; Vinterfast"},"content":{"rendered":"<p>Med taket fr\u00e5n TRUUSK blir f\u00f6rnyelsen av din tr\u00e4dg\u00e5rdspaviljong en barnlek. Det slitstarka polyestermaterialet i taket \u00e4r belagt med en plastbel\u00e4ggning och erbjuder tillf\u00f6rlitligt UV-skydd. Montering \u00e4r ocks\u00e5 mycket enkel. Dessutom ser dr\u00e4neringsh\u00e5len i skuggt\u00e4ckningen till att du aldrig beh\u00f6ver oroa dig f\u00f6r vattenansamlingar.<\/p>\n<p>Beskrivning:<\/p>\n<ul>\n<li> Speciellt f\u00f6r TRUUSK 2,85 x 2 m tr\u00e4dg\u00e5rdspaviljong (Artikelnummer: 84C-175, 84C-175BK)<\/li>\n<li> \u00c5tta dr\u00e4neringsh\u00e5l i skuggt\u00e4ckningen f\u00f6r optimal vattenavledning<\/li>\n<li> UV30+ med plastbelagt reservtak f\u00f6r pergola f\u00f6r tillf\u00f6rlitligt skydd<\/li>\n<li> Enkel installation: F\u00e4stning p\u00e5 paviljongramen med hj\u00e4lp av monteringsh\u00e5len<\/li>\n<li> Endast skuggt\u00e4ckningen ing\u00e5r, v\u00e4nligen m\u00e4t din paviljongram f\u00f6re k\u00f6p<\/li>\n<\/ul>\n<p> Tekniska data:<\/p>\n<ul>\n<li> F\u00e4rg: Kaffe<\/li>\n<li> Material: Polyester<\/li>\n<li> Totala dimensioner: 286L x 245B cm<\/li>\n<li> L\u00e4mplig f\u00f6r TRUUSK Sku: 84C-175, 84C-175BK (Ramstorlek: 2,85 x 2 m)<\/li>\n<\/ul>\n<p>Leveransinneh\u00e5ll:<\/p>\n<ul>\n<li> 1 x paviljong reservtak;<\/li>\n<\/ul>\n","protected":false},"excerpt":{"rendered":"<p>Med taket fr\u00e5n TRUUSK blir f\u00f6rnyelsen av din tr\u00e4dg\u00e5rdspaviljong en barnlek. Det slitstarka polyestermaterialet i taket \u00e4r belagt med en&#8230;<\/p>\n","protected":false},"featured_media":68827,"template":"","meta":[],"product_brand":[],"product_cat":[479,858,476],"product_tag":[],"class_list":{"0":"post-68836","1":"product","2":"type-product","3":"status-publish","4":"has-post-thumbnail","6":"product_cat-paviljongtak","7":"product_cat-tradgard-terrass","8":"product_cat-tradgardspaviljonger","10":"first","11":"instock","12":"sale","13":"taxable","14":"shipping-taxable","15":"purchasable","16":"product-type-simple"},"yoast_head":"<!-- This site is optimized with the Yoast SEO plugin v25.4 - https:\/\/yoast.com\/wordpress\/plugins\/seo\/ -->\n<title>TRUUSK Ers\u00e4ttnings Tak F\u00f6r Pergola 2,85 x 2 m - Vattenavvisande - Inf\u00e4llbar - Regnavloppsh\u00e5l - UV-skydd 30+ - Vinterfast - TRUUSK - Hem, Tr\u00e4dg\u00e5rd &amp; Fritid<\/title>\n<meta name=\"robots\" content=\"index, follow, max-snippet:-1, max-image-preview:large, max-video-preview:-1\" \/>\n<link rel=\"canonical\" href=\"https:\/\/truusk.store\/sv\/produkt\/truusk-ersattnings-tak-for-pergola-285-x-2-m-vattenavvisande-infallbar-regnavloppshal-uv-skydd-30-vinterfast\/\" \/>\n<meta property=\"og:locale\" content=\"sv_SE\" \/>\n<meta property=\"og:type\" content=\"article\" \/>\n<meta property=\"og:title\" content=\"TRUUSK Ers\u00e4ttnings Tak F\u00f6r Pergola 2,85 x 2 m - Vattenavvisande - Inf\u00e4llbar - Regnavloppsh\u00e5l - UV-skydd 30+ - Vinterfast - TRUUSK - Hem, Tr\u00e4dg\u00e5rd &amp; Fritid\" \/>\n<meta property=\"og:description\" content=\"Med taket fr\u00e5n TRUUSK blir f\u00f6rnyelsen av din tr\u00e4dg\u00e5rdspaviljong en barnlek. Det slitstarka polyestermaterialet i taket \u00e4r belagt med en...\" \/>\n<meta property=\"og:url\" content=\"https:\/\/truusk.store\/sv\/produkt\/truusk-ersattnings-tak-for-pergola-285-x-2-m-vattenavvisande-infallbar-regnavloppshal-uv-skydd-30-vinterfast\/\" \/>\n<meta property=\"og:site_name\" content=\"TRUUSK - Hem, Tr\u00e4dg\u00e5rd &amp; Fritid\" \/>\n<meta property=\"article:modified_time\" content=\"2026-03-12T08:32:27+00:00\" \/>\n<meta property=\"og:image\" content=\"https:\/\/i0.wp.com\/truusk.se\/wp-content\/uploads\/2025\/06\/ersattnings-tak-for-285-x-2-m-pergola-vattenavvisande-infallbar-vagoverdrag-med-regnavloppshal-uv-skydd-30-vinterfast-skuggskydd-for-tradgard-balkong-terrass-kaffe-1.webp?fit=2000%2C2000&ssl=1\" \/>\n\t<meta property=\"og:image:width\" content=\"2000\" \/>\n\t<meta property=\"og:image:height\" content=\"2000\" \/>\n\t<meta property=\"og:image:type\" content=\"image\/webp\" \/>\n<meta name=\"twitter:card\" content=\"summary_large_image\" \/>\n<meta name=\"twitter:label1\" content=\"Ber\u00e4knad l\u00e4stid\" \/>\n\t<meta name=\"twitter:data1\" content=\"1 minut\" \/>\n<!-- \/ Yoast SEO plugin. -->","yoast_head_json":{"title":"TRUUSK Ers\u00e4ttnings Tak F\u00f6r Pergola 2,85 x 2 m - Vattenavvisande - Inf\u00e4llbar - Regnavloppsh\u00e5l - UV-skydd 30+ - Vinterfast - TRUUSK - Hem, Tr\u00e4dg\u00e5rd &amp; Fritid","robots":{"index":"index","follow":"follow","max-snippet":"max-snippet:-1","max-image-preview":"max-image-preview:large","max-video-preview":"max-video-preview:-1"},"canonical":"https:\/\/truusk.store\/sv\/produkt\/truusk-ersattnings-tak-for-pergola-285-x-2-m-vattenavvisande-infallbar-regnavloppshal-uv-skydd-30-vinterfast\/","og_locale":"sv_SE","og_type":"article","og_title":"TRUUSK Ers\u00e4ttnings Tak F\u00f6r Pergola 2,85 x 2 m - Vattenavvisande - Inf\u00e4llbar - Regnavloppsh\u00e5l - UV-skydd 30+ - Vinterfast - TRUUSK - Hem, Tr\u00e4dg\u00e5rd &amp; Fritid","og_description":"Med taket fr\u00e5n TRUUSK blir f\u00f6rnyelsen av din tr\u00e4dg\u00e5rdspaviljong en barnlek. Det slitstarka polyestermaterialet i taket \u00e4r belagt med en...","og_url":"https:\/\/truusk.store\/sv\/produkt\/truusk-ersattnings-tak-for-pergola-285-x-2-m-vattenavvisande-infallbar-regnavloppshal-uv-skydd-30-vinterfast\/","og_site_name":"TRUUSK - Hem, Tr\u00e4dg\u00e5rd &amp; Fritid","article_modified_time":"2026-03-12T08:32:27+00:00","og_image":[{"width":2000,"height":2000,"url":"https:\/\/i0.wp.com\/truusk.se\/wp-content\/uploads\/2025\/06\/ersattnings-tak-for-285-x-2-m-pergola-vattenavvisande-infallbar-vagoverdrag-med-regnavloppshal-uv-skydd-30-vinterfast-skuggskydd-for-tradgard-balkong-terrass-kaffe-1.webp?fit=2000%2C2000&ssl=1","type":"image\/webp"}],"twitter_card":"summary_large_image","twitter_misc":{"Ber\u00e4knad l\u00e4stid":"1 minut"},"schema":{"@context":"https:\/\/schema.org","@graph":[{"@type":"WebPage","@id":"https:\/\/truusk.store\/sv\/produkt\/truusk-ersattnings-tak-for-pergola-285-x-2-m-vattenavvisande-infallbar-regnavloppshal-uv-skydd-30-vinterfast\/","url":"https:\/\/truusk.store\/sv\/produkt\/truusk-ersattnings-tak-for-pergola-285-x-2-m-vattenavvisande-infallbar-regnavloppshal-uv-skydd-30-vinterfast\/","name":"TRUUSK Ers\u00e4ttnings Tak F\u00f6r Pergola 2,85 x 2 m - Vattenavvisande - Inf\u00e4llbar - Regnavloppsh\u00e5l - UV-skydd 30+ - Vinterfast - TRUUSK - Hem, Tr\u00e4dg\u00e5rd &amp; Fritid","isPartOf":{"@id":"https:\/\/truusk.store\/sv\/#website"},"primaryImageOfPage":{"@id":"https:\/\/truusk.store\/sv\/produkt\/truusk-ersattnings-tak-for-pergola-285-x-2-m-vattenavvisande-infallbar-regnavloppshal-uv-skydd-30-vinterfast\/#primaryimage"},"image":{"@id":"https:\/\/truusk.store\/sv\/produkt\/truusk-ersattnings-tak-for-pergola-285-x-2-m-vattenavvisande-infallbar-regnavloppshal-uv-skydd-30-vinterfast\/#primaryimage"},"thumbnailUrl":"https:\/\/i0.wp.com\/truusk.store\/wp-content\/uploads\/2025\/06\/ersattnings-tak-for-285-x-2-m-pergola-vattenavvisande-infallbar-vagoverdrag-med-regnavloppshal-uv-skydd-30-vinterfast-skuggskydd-for-tradgard-balkong-terrass-kaffe-1.webp?fit=2000%2C2000&ssl=1","datePublished":"2025-06-05T15:46:43+00:00","dateModified":"2026-03-12T08:32:27+00:00","breadcrumb":{"@id":"https:\/\/truusk.store\/sv\/produkt\/truusk-ersattnings-tak-for-pergola-285-x-2-m-vattenavvisande-infallbar-regnavloppshal-uv-skydd-30-vinterfast\/#breadcrumb"},"inLanguage":"sv-SE","potentialAction":[{"@type":"ReadAction","target":["https:\/\/truusk.store\/sv\/produkt\/truusk-ersattnings-tak-for-pergola-285-x-2-m-vattenavvisande-infallbar-regnavloppshal-uv-skydd-30-vinterfast\/"]}]},{"@type":"ImageObject","inLanguage":"sv-SE","@id":"https:\/\/truusk.store\/sv\/produkt\/truusk-ersattnings-tak-for-pergola-285-x-2-m-vattenavvisande-infallbar-regnavloppshal-uv-skydd-30-vinterfast\/#primaryimage","url":"https:\/\/i0.wp.com\/truusk.store\/wp-content\/uploads\/2025\/06\/ersattnings-tak-for-285-x-2-m-pergola-vattenavvisande-infallbar-vagoverdrag-med-regnavloppshal-uv-skydd-30-vinterfast-skuggskydd-for-tradgard-balkong-terrass-kaffe-1.webp?fit=2000%2C2000&ssl=1","contentUrl":"https:\/\/i0.wp.com\/truusk.store\/wp-content\/uploads\/2025\/06\/ersattnings-tak-for-285-x-2-m-pergola-vattenavvisande-infallbar-vagoverdrag-med-regnavloppshal-uv-skydd-30-vinterfast-skuggskydd-for-tradgard-balkong-terrass-kaffe-1.webp?fit=2000%2C2000&ssl=1","width":2000,"height":2000},{"@type":"BreadcrumbList","@id":"https:\/\/truusk.store\/sv\/produkt\/truusk-ersattnings-tak-for-pergola-285-x-2-m-vattenavvisande-infallbar-regnavloppshal-uv-skydd-30-vinterfast\/#breadcrumb","itemListElement":[{"@type":"ListItem","position":1,"name":"Home","item":"https:\/\/truusk.store\/sv\/"},{"@type":"ListItem","position":2,"name":"Shop","item":"https:\/\/truusk.store\/shop\/"},{"@type":"ListItem","position":3,"name":"TRUUSK Ers\u00e4ttnings Tak F\u00f6r Pergola 2,85 x 2 m &#8211; Vattenavvisande &#8211; Inf\u00e4llbar &#8211; Regnavloppsh\u00e5l &#8211; UV-skydd 30+ &#8211; Vinterfast"}]},{"@type":"WebSite","@id":"https:\/\/truusk.store\/sv\/#website","url":"https:\/\/truusk.store\/sv\/","name":"TRUUSK - Hem, Tr\u00e4dg\u00e5rd & Fritid","description":"","publisher":{"@id":"https:\/\/truusk.store\/sv\/#organization"},"potentialAction":[{"@type":"SearchAction","target":{"@type":"EntryPoint","urlTemplate":"https:\/\/truusk.store\/sv\/?s={search_term_string}"},"query-input":{"@type":"PropertyValueSpecification","valueRequired":true,"valueName":"search_term_string"}}],"inLanguage":"sv-SE"},{"@type":"Organization","@id":"https:\/\/truusk.store\/sv\/#organization","name":"TRUUSK - Hem, Tr\u00e4dg\u00e5rd & Fritid","url":"https:\/\/truusk.store\/sv\/","logo":{"@type":"ImageObject","inLanguage":"sv-SE","@id":"https:\/\/truusk.store\/sv\/#\/schema\/logo\/image\/","url":"https:\/\/i0.wp.com\/truusk.store\/wp-content\/uploads\/2026\/03\/cropped-TRUUSK.png?fit=2032%2C917&ssl=1","contentUrl":"https:\/\/i0.wp.com\/truusk.store\/wp-content\/uploads\/2026\/03\/cropped-TRUUSK.png?fit=2032%2C917&ssl=1","width":2032,"height":917,"caption":"TRUUSK - Hem, Tr\u00e4dg\u00e5rd & Fritid"},"image":{"@id":"https:\/\/truusk.store\/sv\/#\/schema\/logo\/image\/"}}]}},"jetpack_sharing_enabled":true,"_links":{"self":[{"href":"https:\/\/truusk.store\/sv\/wp-json\/wp\/v2\/product\/68836","targetHints":{"allow":["GET"]}}],"collection":[{"href":"https:\/\/truusk.store\/sv\/wp-json\/wp\/v2\/product"}],"about":[{"href":"https:\/\/truusk.store\/sv\/wp-json\/wp\/v2\/types\/product"}],"wp:featuredmedia":[{"embeddable":true,"href":"https:\/\/truusk.store\/sv\/wp-json\/wp\/v2\/media\/68827"}],"wp:attachment":[{"href":"https:\/\/truusk.store\/sv\/wp-json\/wp\/v2\/media?parent=68836"}],"wp:term":[{"taxonomy":"product_brand","embeddable":true,"href":"https:\/\/truusk.store\/sv\/wp-json\/wp\/v2\/product_brand?post=68836"},{"taxonomy":"product_cat","embeddable":true,"href":"https:\/\/truusk.store\/sv\/wp-json\/wp\/v2\/product_cat?post=68836"},{"taxonomy":"product_tag","embeddable":true,"href":"https:\/\/truusk.store\/sv\/wp-json\/wp\/v2\/product_tag?post=68836"}],"curies":[{"name":"wp","href":"https:\/\/api.w.org\/{rel}","templated":true}]}}