{"id":68896,"date":"2025-06-05T16:52:55","date_gmt":"2025-06-05T15:52:55","guid":{"rendered":"https:\/\/truusk.store\/product\/outsuuny-hollywood-svang-med-sittkudde-3-sits-tradgardssvang-med-justerbar-solskydd-svangbank-belastar-upp-till-240-kg-for-tradgard-terrass-172-x-110-x-153-cm-gravit\/"},"modified":"2026-03-12T09:38:39","modified_gmt":"2026-03-12T08:38:39","slug":"truusk-hollywood-svang-med-justerbar-solskydd-3-sits-tradgardssvang-belastar-upp-till-240-kg-for-tradgard-terrass-172-x","status":"publish","type":"product","link":"https:\/\/truusk.store\/sv\/produkt\/truusk-hollywood-svang-med-justerbar-solskydd-3-sits-tradgardssvang-belastar-upp-till-240-kg-for-tradgard-terrass-172-x\/","title":{"rendered":"TRUUSK Hollywood-sv\u00e4ng Med Justerbar Solskydd &#8211; 3-sits Tr\u00e4dg\u00e5rdssv\u00e4ng &#8211; Belastar Upp Till 240 Kg &#8211; F\u00f6r Tr\u00e4dg\u00e5rd, Terrass &#8211; 172 x"},"content":{"rendered":"<p>Njut av sommaren med en svalkande dryck medan du l\u00e5ter dagen avslutas p\u00e5 denna Hollywood-sv\u00e4ng som om du var p\u00e5 molnen. Utrustad med en robust, rostfri st\u00e5lram, b\u00e4r denna 3-sits Hollywood-sv\u00e4ng enkelt upp till 200 kg och erbjuder dig alltid en s\u00e4ker plats att slappna av. P\u00e5 den breda, bekv\u00e4ma sittytan finns plats f\u00f6r upp till tre personer och det lutande taket p\u00e5 tr\u00e4dg\u00e5rdssv\u00e4ngen skyddar dig s\u00e4kert fr\u00e5n bl\u00e4ndande sol.<\/p>\n<p>Beskrivning:<\/p>\n<ul>\n<li> Dekorativ Hollywood-sv\u00e4ng f\u00f6r upp till 3 personer<\/li>\n<li> L\u00e4mplig f\u00f6r utomhusomr\u00e5den som tr\u00e4dg\u00e5rd, terrass eller balkong<\/li>\n<li> Stabil och stadig konstruktion av st\u00e5l<\/li>\n<li> Lutande tak p\u00e5 tr\u00e4dg\u00e5rdssv\u00e4ngen av vattenavvisande polyester ger idealiskt solskydd<\/li>\n<li> Sittytan och ryggst\u00f6det p\u00e5 sv\u00e4ngen \u00e4r mjukt vadderade<\/li>\n<li> Med halkfria f\u00f6tter f\u00f6r extra stabilitet<\/li>\n<li> Mjuk och ljudl\u00f6s sv\u00e4ngr\u00f6relse<\/li>\n<li> Snabb och enkel montering<\/li>\n<\/ul>\n<p>Tekniska data:<\/p>\n<ul>\n<li> F\u00e4rg: Gr\u00e5+Vit<\/li>\n<li> Material: St\u00e5l, Polyester, Skum<\/li>\n<li> Totala m\u00e5tt: 172L x 110B x 153H cm<\/li>\n<li> Sittytan: 130L x 46B cm<\/li>\n<li> Sitth\u00f6jd: 45 cm<\/li>\n<li> Tjocklek p\u00e5 stoppning: 5 cm<\/li>\n<li> Max. belastningskapacitet: 240 kg<\/li>\n<\/ul>\n<p>Leveransinneh\u00e5ll:<\/p>\n<ul>\n<li> 1 x Hollywood-sv\u00e4ng<\/li>\n<li> 1 x Monteringsanvisningar<\/li>\n<\/ul>\n","protected":false},"excerpt":{"rendered":"<p>Njut av sommaren med en svalkande dryck medan du l\u00e5ter dagen avslutas p\u00e5 denna Hollywood-sv\u00e4ng som om du var p\u00e5&#8230;<\/p>\n","protected":false},"featured_media":68887,"template":"","meta":[],"product_brand":[],"product_cat":[453,858,450],"product_tag":[],"class_list":{"0":"post-68896","1":"product","2":"type-product","3":"status-publish","4":"has-post-thumbnail","6":"product_cat-hollywood-gungor","7":"product_cat-tradgard-terrass","8":"product_cat-tradgardsmobler","10":"first","11":"instock","12":"sale","13":"taxable","14":"shipping-taxable","15":"purchasable","16":"product-type-simple"},"yoast_head":"<!-- This site is optimized with the Yoast SEO plugin v25.4 - https:\/\/yoast.com\/wordpress\/plugins\/seo\/ -->\n<title>TRUUSK Hollywood-sv\u00e4ng Med Justerbar Solskydd - 3-sits Tr\u00e4dg\u00e5rdssv\u00e4ng - Belastar Upp Till 240 Kg - F\u00f6r Tr\u00e4dg\u00e5rd, Terrass - 172 x - TRUUSK - Hem, Tr\u00e4dg\u00e5rd &amp; Fritid<\/title>\n<meta name=\"robots\" content=\"index, follow, max-snippet:-1, max-image-preview:large, max-video-preview:-1\" \/>\n<link rel=\"canonical\" href=\"https:\/\/truusk.store\/sv\/produkt\/truusk-hollywood-svang-med-justerbar-solskydd-3-sits-tradgardssvang-belastar-upp-till-240-kg-for-tradgard-terrass-172-x\/\" \/>\n<meta property=\"og:locale\" content=\"sv_SE\" \/>\n<meta property=\"og:type\" content=\"article\" \/>\n<meta property=\"og:title\" content=\"TRUUSK Hollywood-sv\u00e4ng Med Justerbar Solskydd - 3-sits Tr\u00e4dg\u00e5rdssv\u00e4ng - Belastar Upp Till 240 Kg - F\u00f6r Tr\u00e4dg\u00e5rd, Terrass - 172 x - TRUUSK - Hem, Tr\u00e4dg\u00e5rd &amp; Fritid\" \/>\n<meta property=\"og:description\" content=\"Njut av sommaren med en svalkande dryck medan du l\u00e5ter dagen avslutas p\u00e5 denna Hollywood-sv\u00e4ng som om du var p\u00e5...\" \/>\n<meta property=\"og:url\" content=\"https:\/\/truusk.store\/sv\/produkt\/truusk-hollywood-svang-med-justerbar-solskydd-3-sits-tradgardssvang-belastar-upp-till-240-kg-for-tradgard-terrass-172-x\/\" \/>\n<meta property=\"og:site_name\" content=\"TRUUSK - Hem, Tr\u00e4dg\u00e5rd &amp; Fritid\" \/>\n<meta property=\"article:modified_time\" content=\"2026-03-12T08:38:39+00:00\" \/>\n<meta property=\"og:image\" content=\"https:\/\/i0.wp.com\/truusk.se\/wp-content\/uploads\/2025\/06\/outsuuny-hollywood-svang-med-sittkudde-3-sits-tradgardssvang-med-justerbar-solskydd-svangbank-belastar-upp-till-240-kg-for-tradgard-terrass-172-x-110-x-153-cm-gravit-1.webp?fit=2000%2C2000&ssl=1\" \/>\n\t<meta property=\"og:image:width\" content=\"2000\" \/>\n\t<meta property=\"og:image:height\" content=\"2000\" \/>\n\t<meta property=\"og:image:type\" content=\"image\/webp\" \/>\n<meta name=\"twitter:card\" content=\"summary_large_image\" \/>\n<meta name=\"twitter:label1\" content=\"Ber\u00e4knad l\u00e4stid\" \/>\n\t<meta name=\"twitter:data1\" content=\"1 minut\" \/>\n<!-- \/ Yoast SEO plugin. -->","yoast_head_json":{"title":"TRUUSK Hollywood-sv\u00e4ng Med Justerbar Solskydd - 3-sits Tr\u00e4dg\u00e5rdssv\u00e4ng - Belastar Upp Till 240 Kg - F\u00f6r Tr\u00e4dg\u00e5rd, Terrass - 172 x - TRUUSK - Hem, Tr\u00e4dg\u00e5rd &amp; Fritid","robots":{"index":"index","follow":"follow","max-snippet":"max-snippet:-1","max-image-preview":"max-image-preview:large","max-video-preview":"max-video-preview:-1"},"canonical":"https:\/\/truusk.store\/sv\/produkt\/truusk-hollywood-svang-med-justerbar-solskydd-3-sits-tradgardssvang-belastar-upp-till-240-kg-for-tradgard-terrass-172-x\/","og_locale":"sv_SE","og_type":"article","og_title":"TRUUSK Hollywood-sv\u00e4ng Med Justerbar Solskydd - 3-sits Tr\u00e4dg\u00e5rdssv\u00e4ng - Belastar Upp Till 240 Kg - F\u00f6r Tr\u00e4dg\u00e5rd, Terrass - 172 x - TRUUSK - Hem, Tr\u00e4dg\u00e5rd &amp; Fritid","og_description":"Njut av sommaren med en svalkande dryck medan du l\u00e5ter dagen avslutas p\u00e5 denna Hollywood-sv\u00e4ng som om du var p\u00e5...","og_url":"https:\/\/truusk.store\/sv\/produkt\/truusk-hollywood-svang-med-justerbar-solskydd-3-sits-tradgardssvang-belastar-upp-till-240-kg-for-tradgard-terrass-172-x\/","og_site_name":"TRUUSK - Hem, Tr\u00e4dg\u00e5rd &amp; Fritid","article_modified_time":"2026-03-12T08:38:39+00:00","og_image":[{"width":2000,"height":2000,"url":"https:\/\/i0.wp.com\/truusk.se\/wp-content\/uploads\/2025\/06\/outsuuny-hollywood-svang-med-sittkudde-3-sits-tradgardssvang-med-justerbar-solskydd-svangbank-belastar-upp-till-240-kg-for-tradgard-terrass-172-x-110-x-153-cm-gravit-1.webp?fit=2000%2C2000&ssl=1","type":"image\/webp"}],"twitter_card":"summary_large_image","twitter_misc":{"Ber\u00e4knad l\u00e4stid":"1 minut"},"schema":{"@context":"https:\/\/schema.org","@graph":[{"@type":"WebPage","@id":"https:\/\/truusk.store\/sv\/produkt\/truusk-hollywood-svang-med-justerbar-solskydd-3-sits-tradgardssvang-belastar-upp-till-240-kg-for-tradgard-terrass-172-x\/","url":"https:\/\/truusk.store\/sv\/produkt\/truusk-hollywood-svang-med-justerbar-solskydd-3-sits-tradgardssvang-belastar-upp-till-240-kg-for-tradgard-terrass-172-x\/","name":"TRUUSK Hollywood-sv\u00e4ng Med Justerbar Solskydd - 3-sits Tr\u00e4dg\u00e5rdssv\u00e4ng - Belastar Upp Till 240 Kg - F\u00f6r Tr\u00e4dg\u00e5rd, Terrass - 172 x - TRUUSK - Hem, Tr\u00e4dg\u00e5rd &amp; Fritid","isPartOf":{"@id":"https:\/\/truusk.store\/sv\/#website"},"primaryImageOfPage":{"@id":"https:\/\/truusk.store\/sv\/produkt\/truusk-hollywood-svang-med-justerbar-solskydd-3-sits-tradgardssvang-belastar-upp-till-240-kg-for-tradgard-terrass-172-x\/#primaryimage"},"image":{"@id":"https:\/\/truusk.store\/sv\/produkt\/truusk-hollywood-svang-med-justerbar-solskydd-3-sits-tradgardssvang-belastar-upp-till-240-kg-for-tradgard-terrass-172-x\/#primaryimage"},"thumbnailUrl":"https:\/\/i0.wp.com\/truusk.store\/wp-content\/uploads\/2025\/06\/outsuuny-hollywood-svang-med-sittkudde-3-sits-tradgardssvang-med-justerbar-solskydd-svangbank-belastar-upp-till-240-kg-for-tradgard-terrass-172-x-110-x-153-cm-gravit-1.webp?fit=2000%2C2000&ssl=1","datePublished":"2025-06-05T15:52:55+00:00","dateModified":"2026-03-12T08:38:39+00:00","breadcrumb":{"@id":"https:\/\/truusk.store\/sv\/produkt\/truusk-hollywood-svang-med-justerbar-solskydd-3-sits-tradgardssvang-belastar-upp-till-240-kg-for-tradgard-terrass-172-x\/#breadcrumb"},"inLanguage":"sv-SE","potentialAction":[{"@type":"ReadAction","target":["https:\/\/truusk.store\/sv\/produkt\/truusk-hollywood-svang-med-justerbar-solskydd-3-sits-tradgardssvang-belastar-upp-till-240-kg-for-tradgard-terrass-172-x\/"]}]},{"@type":"ImageObject","inLanguage":"sv-SE","@id":"https:\/\/truusk.store\/sv\/produkt\/truusk-hollywood-svang-med-justerbar-solskydd-3-sits-tradgardssvang-belastar-upp-till-240-kg-for-tradgard-terrass-172-x\/#primaryimage","url":"https:\/\/i0.wp.com\/truusk.store\/wp-content\/uploads\/2025\/06\/outsuuny-hollywood-svang-med-sittkudde-3-sits-tradgardssvang-med-justerbar-solskydd-svangbank-belastar-upp-till-240-kg-for-tradgard-terrass-172-x-110-x-153-cm-gravit-1.webp?fit=2000%2C2000&ssl=1","contentUrl":"https:\/\/i0.wp.com\/truusk.store\/wp-content\/uploads\/2025\/06\/outsuuny-hollywood-svang-med-sittkudde-3-sits-tradgardssvang-med-justerbar-solskydd-svangbank-belastar-upp-till-240-kg-for-tradgard-terrass-172-x-110-x-153-cm-gravit-1.webp?fit=2000%2C2000&ssl=1","width":2000,"height":2000},{"@type":"BreadcrumbList","@id":"https:\/\/truusk.store\/sv\/produkt\/truusk-hollywood-svang-med-justerbar-solskydd-3-sits-tradgardssvang-belastar-upp-till-240-kg-for-tradgard-terrass-172-x\/#breadcrumb","itemListElement":[{"@type":"ListItem","position":1,"name":"Home","item":"https:\/\/truusk.store\/sv\/"},{"@type":"ListItem","position":2,"name":"Shop","item":"https:\/\/truusk.store\/shop\/"},{"@type":"ListItem","position":3,"name":"TRUUSK Hollywood-sv\u00e4ng Med Justerbar Solskydd &#8211; 3-sits Tr\u00e4dg\u00e5rdssv\u00e4ng &#8211; Belastar Upp Till 240 Kg &#8211; F\u00f6r Tr\u00e4dg\u00e5rd, Terrass &#8211; 172 x"}]},{"@type":"WebSite","@id":"https:\/\/truusk.store\/sv\/#website","url":"https:\/\/truusk.store\/sv\/","name":"TRUUSK - Hem, Tr\u00e4dg\u00e5rd & Fritid","description":"","publisher":{"@id":"https:\/\/truusk.store\/sv\/#organization"},"potentialAction":[{"@type":"SearchAction","target":{"@type":"EntryPoint","urlTemplate":"https:\/\/truusk.store\/sv\/?s={search_term_string}"},"query-input":{"@type":"PropertyValueSpecification","valueRequired":true,"valueName":"search_term_string"}}],"inLanguage":"sv-SE"},{"@type":"Organization","@id":"https:\/\/truusk.store\/sv\/#organization","name":"TRUUSK - Hem, Tr\u00e4dg\u00e5rd & Fritid","url":"https:\/\/truusk.store\/sv\/","logo":{"@type":"ImageObject","inLanguage":"sv-SE","@id":"https:\/\/truusk.store\/sv\/#\/schema\/logo\/image\/","url":"https:\/\/i0.wp.com\/truusk.store\/wp-content\/uploads\/2026\/03\/cropped-TRUUSK.png?fit=2032%2C917&ssl=1","contentUrl":"https:\/\/i0.wp.com\/truusk.store\/wp-content\/uploads\/2026\/03\/cropped-TRUUSK.png?fit=2032%2C917&ssl=1","width":2032,"height":917,"caption":"TRUUSK - Hem, Tr\u00e4dg\u00e5rd & Fritid"},"image":{"@id":"https:\/\/truusk.store\/sv\/#\/schema\/logo\/image\/"}}]}},"jetpack_sharing_enabled":true,"_links":{"self":[{"href":"https:\/\/truusk.store\/sv\/wp-json\/wp\/v2\/product\/68896","targetHints":{"allow":["GET"]}}],"collection":[{"href":"https:\/\/truusk.store\/sv\/wp-json\/wp\/v2\/product"}],"about":[{"href":"https:\/\/truusk.store\/sv\/wp-json\/wp\/v2\/types\/product"}],"wp:featuredmedia":[{"embeddable":true,"href":"https:\/\/truusk.store\/sv\/wp-json\/wp\/v2\/media\/68887"}],"wp:attachment":[{"href":"https:\/\/truusk.store\/sv\/wp-json\/wp\/v2\/media?parent=68896"}],"wp:term":[{"taxonomy":"product_brand","embeddable":true,"href":"https:\/\/truusk.store\/sv\/wp-json\/wp\/v2\/product_brand?post=68896"},{"taxonomy":"product_cat","embeddable":true,"href":"https:\/\/truusk.store\/sv\/wp-json\/wp\/v2\/product_cat?post=68896"},{"taxonomy":"product_tag","embeddable":true,"href":"https:\/\/truusk.store\/sv\/wp-json\/wp\/v2\/product_tag?post=68896"}],"curies":[{"name":"wp","href":"https:\/\/api.w.org\/{rel}","templated":true}]}}