{"id":68906,"date":"2025-06-05T16:53:58","date_gmt":"2025-06-05T15:53:58","guid":{"rendered":"https:\/\/truusk.store\/product\/3-sits-soffa-soffa-med-armstod-ryggkuddar-vardagsrum-soffa-med-cordoverdrag-fjaderkarna-tjockt-stoppad-soffa-for-vardagsrum-sovrum-193-x-77-x-80-cm-kramvit\/"},"modified":"2026-03-12T08:40:44","modified_gmt":"2026-03-12T07:40:44","slug":"truusk-3-sits-soffa-med-armstod-ryggkuddar-cordoverdrag-fjaderkarna-tjockt-stoppad-193-x-77-x-80-cm-kramvit","status":"publish","type":"product","link":"https:\/\/truusk.store\/sv\/produkt\/truusk-3-sits-soffa-med-armstod-ryggkuddar-cordoverdrag-fjaderkarna-tjockt-stoppad-193-x-77-x-80-cm-kramvit\/","title":{"rendered":"TRUUSK 3-sits Soffa med Armst\u00f6d &#8211; Ryggkuddar &#8211; Cord\u00f6verdrag &#8211; Fj\u00e4derk\u00e4rna &#8211; Tjockt Stoppad &#8211; 193 x 77 x 80 cm &#8211; Kr\u00e4mvit"},"content":{"rendered":"<p>L\u00e5t dig sjunka ner i den mjuka komforten av TRUUSK 3-sits soffa, som ger en stilfull accent till alla vardags- eller kontorsmilj\u00f6er. Den presenterar sig med lyxigt cordtyg, t\u00e4t skumfyllning och robusta S-fj\u00e4drar, som garanterar h\u00f6gsta avkoppling. De eleganta silverbenen och det texturerade kuddesignet ger denna mysiga soffa ett modernt utseende och g\u00f6r den till ett exceptionellt och samtidigt bekv\u00e4mt element i ditt rum.<\/p>\n<p>Beskrivning:<\/p>\n<ul>\n<li> Mjukt cordtyg p\u00e5 soffan ger en mjuk, texturerad k\u00e4nsla<\/li>\n<li> H\u00f6g densitet skum med S-fj\u00e4drar och elastiska band garanterar l\u00e5ngvarig komfort<\/li>\n<li> Tv\u00e5 ryggkuddar p\u00e5 soffan ger f\u00f6rb\u00e4ttrad komfort och st\u00f6d<\/li>\n<li> Modernt tredelat design passar in i olika rum<\/li>\n<li> Robust ram av komposittr\u00e4 och st\u00e5lben b\u00e4r upp till 400 kg<\/li>\n<li> Fotdynor skyddar ditt golv fr\u00e5n repor<\/li>\n<li> Enkel montering kr\u00e4vs<\/li>\n<\/ul>\n<p> Tekniska data:<\/p>\n<ul>\n<li> F\u00e4rg: Kr\u00e4m vit<\/li>\n<li> Material: Cordtyg (100% polyester), skum, flerskiktsplatta, st\u00e5l<\/li>\n<li> Totala dimensioner: 193B x 77T x 80H cm<\/li>\n<li> Sitsstorlek: 160B x 51T x 44H cm<\/li>\n<li> Sits tjocklek: 33 cm<\/li>\n<li> Ryggstorlek: 161B x 41H cm<\/li>\n<li> Rygg tjocklek: 18 cm<\/li>\n<li> Armst\u00f6dsstorlek: 76L x 17B cm<\/li>\n<li> Armst\u00f6dsh\u00f6jd: (till sittplats) 15 cm<\/li>\n<li> Benh\u00f6jd: 13 cm<\/li>\n<li> Belastningskapacitet: 400 kg (totalt)<\/li>\n<\/ul>\n<p>Leveransinneh\u00e5ll:<\/p>\n<ul>\n<li> 1 x 3-sits soffa<\/li>\n<li> 1 x bruksanvisning<\/li>\n<\/ul>\n","protected":false},"excerpt":{"rendered":"<p>L\u00e5t dig sjunka ner i den mjuka komforten av TRUUSK 3-sits soffa, som ger en stilfull accent till alla vardags-&#8230;<\/p>\n","protected":false},"featured_media":68897,"template":"","meta":[],"product_brand":[],"product_cat":[1011,871,937,910],"product_tag":[],"class_list":{"0":"post-68906","1":"product","2":"type-product","3":"status-publish","4":"has-post-thumbnail","6":"product_cat-dreisitzer","7":"product_cat-hus-hem","8":"product_cat-soffor","9":"product_cat-vardagsrum","11":"first","12":"instock","13":"sale","14":"taxable","15":"shipping-taxable","16":"purchasable","17":"product-type-simple"},"yoast_head":"<!-- This site is optimized with the Yoast SEO plugin v25.4 - https:\/\/yoast.com\/wordpress\/plugins\/seo\/ -->\n<title>TRUUSK 3-sits Soffa med Armst\u00f6d - Ryggkuddar - Cord\u00f6verdrag - Fj\u00e4derk\u00e4rna - Tjockt Stoppad - 193 x 77 x 80 cm - Kr\u00e4mvit - TRUUSK - Hem, Tr\u00e4dg\u00e5rd &amp; Fritid<\/title>\n<meta name=\"robots\" content=\"index, follow, max-snippet:-1, max-image-preview:large, max-video-preview:-1\" \/>\n<link rel=\"canonical\" href=\"https:\/\/truusk.store\/sv\/produkt\/truusk-3-sits-soffa-med-armstod-ryggkuddar-cordoverdrag-fjaderkarna-tjockt-stoppad-193-x-77-x-80-cm-kramvit\/\" \/>\n<meta property=\"og:locale\" content=\"sv_SE\" \/>\n<meta property=\"og:type\" content=\"article\" \/>\n<meta property=\"og:title\" content=\"TRUUSK 3-sits Soffa med Armst\u00f6d - Ryggkuddar - Cord\u00f6verdrag - Fj\u00e4derk\u00e4rna - Tjockt Stoppad - 193 x 77 x 80 cm - Kr\u00e4mvit - TRUUSK - Hem, Tr\u00e4dg\u00e5rd &amp; Fritid\" \/>\n<meta property=\"og:description\" content=\"L\u00e5t dig sjunka ner i den mjuka komforten av TRUUSK 3-sits soffa, som ger en stilfull accent till alla vardags-...\" \/>\n<meta property=\"og:url\" content=\"https:\/\/truusk.store\/sv\/produkt\/truusk-3-sits-soffa-med-armstod-ryggkuddar-cordoverdrag-fjaderkarna-tjockt-stoppad-193-x-77-x-80-cm-kramvit\/\" \/>\n<meta property=\"og:site_name\" content=\"TRUUSK - Hem, Tr\u00e4dg\u00e5rd &amp; Fritid\" \/>\n<meta property=\"article:modified_time\" content=\"2026-03-12T07:40:44+00:00\" \/>\n<meta property=\"og:image\" content=\"https:\/\/i0.wp.com\/truusk.se\/wp-content\/uploads\/2025\/06\/3-sits-soffa-soffa-med-armstod-ryggkuddar-vardagsrum-soffa-med-cordoverdrag-fjaderkarna-tjockt-stoppad-soffa-for-vardagsrum-sovrum-193-x-77-x-80-cm-kramvit-1.webp?fit=2000%2C2000&ssl=1\" \/>\n\t<meta property=\"og:image:width\" content=\"2000\" \/>\n\t<meta property=\"og:image:height\" content=\"2000\" \/>\n\t<meta property=\"og:image:type\" content=\"image\/webp\" \/>\n<meta name=\"twitter:card\" content=\"summary_large_image\" \/>\n<meta name=\"twitter:label1\" content=\"Ber\u00e4knad l\u00e4stid\" \/>\n\t<meta name=\"twitter:data1\" content=\"1 minut\" \/>\n<!-- \/ Yoast SEO plugin. -->","yoast_head_json":{"title":"TRUUSK 3-sits Soffa med Armst\u00f6d - Ryggkuddar - Cord\u00f6verdrag - Fj\u00e4derk\u00e4rna - Tjockt Stoppad - 193 x 77 x 80 cm - Kr\u00e4mvit - TRUUSK - Hem, Tr\u00e4dg\u00e5rd &amp; Fritid","robots":{"index":"index","follow":"follow","max-snippet":"max-snippet:-1","max-image-preview":"max-image-preview:large","max-video-preview":"max-video-preview:-1"},"canonical":"https:\/\/truusk.store\/sv\/produkt\/truusk-3-sits-soffa-med-armstod-ryggkuddar-cordoverdrag-fjaderkarna-tjockt-stoppad-193-x-77-x-80-cm-kramvit\/","og_locale":"sv_SE","og_type":"article","og_title":"TRUUSK 3-sits Soffa med Armst\u00f6d - Ryggkuddar - Cord\u00f6verdrag - Fj\u00e4derk\u00e4rna - Tjockt Stoppad - 193 x 77 x 80 cm - Kr\u00e4mvit - TRUUSK - Hem, Tr\u00e4dg\u00e5rd &amp; Fritid","og_description":"L\u00e5t dig sjunka ner i den mjuka komforten av TRUUSK 3-sits soffa, som ger en stilfull accent till alla vardags-...","og_url":"https:\/\/truusk.store\/sv\/produkt\/truusk-3-sits-soffa-med-armstod-ryggkuddar-cordoverdrag-fjaderkarna-tjockt-stoppad-193-x-77-x-80-cm-kramvit\/","og_site_name":"TRUUSK - Hem, Tr\u00e4dg\u00e5rd &amp; Fritid","article_modified_time":"2026-03-12T07:40:44+00:00","og_image":[{"width":2000,"height":2000,"url":"https:\/\/i0.wp.com\/truusk.se\/wp-content\/uploads\/2025\/06\/3-sits-soffa-soffa-med-armstod-ryggkuddar-vardagsrum-soffa-med-cordoverdrag-fjaderkarna-tjockt-stoppad-soffa-for-vardagsrum-sovrum-193-x-77-x-80-cm-kramvit-1.webp?fit=2000%2C2000&ssl=1","type":"image\/webp"}],"twitter_card":"summary_large_image","twitter_misc":{"Ber\u00e4knad l\u00e4stid":"1 minut"},"schema":{"@context":"https:\/\/schema.org","@graph":[{"@type":"WebPage","@id":"https:\/\/truusk.store\/sv\/produkt\/truusk-3-sits-soffa-med-armstod-ryggkuddar-cordoverdrag-fjaderkarna-tjockt-stoppad-193-x-77-x-80-cm-kramvit\/","url":"https:\/\/truusk.store\/sv\/produkt\/truusk-3-sits-soffa-med-armstod-ryggkuddar-cordoverdrag-fjaderkarna-tjockt-stoppad-193-x-77-x-80-cm-kramvit\/","name":"TRUUSK 3-sits Soffa med Armst\u00f6d - Ryggkuddar - Cord\u00f6verdrag - Fj\u00e4derk\u00e4rna - Tjockt Stoppad - 193 x 77 x 80 cm - Kr\u00e4mvit - TRUUSK - Hem, Tr\u00e4dg\u00e5rd &amp; Fritid","isPartOf":{"@id":"https:\/\/truusk.store\/sv\/#website"},"primaryImageOfPage":{"@id":"https:\/\/truusk.store\/sv\/produkt\/truusk-3-sits-soffa-med-armstod-ryggkuddar-cordoverdrag-fjaderkarna-tjockt-stoppad-193-x-77-x-80-cm-kramvit\/#primaryimage"},"image":{"@id":"https:\/\/truusk.store\/sv\/produkt\/truusk-3-sits-soffa-med-armstod-ryggkuddar-cordoverdrag-fjaderkarna-tjockt-stoppad-193-x-77-x-80-cm-kramvit\/#primaryimage"},"thumbnailUrl":"https:\/\/i0.wp.com\/truusk.store\/wp-content\/uploads\/2025\/06\/3-sits-soffa-soffa-med-armstod-ryggkuddar-vardagsrum-soffa-med-cordoverdrag-fjaderkarna-tjockt-stoppad-soffa-for-vardagsrum-sovrum-193-x-77-x-80-cm-kramvit-1.webp?fit=2000%2C2000&ssl=1","datePublished":"2025-06-05T15:53:58+00:00","dateModified":"2026-03-12T07:40:44+00:00","breadcrumb":{"@id":"https:\/\/truusk.store\/sv\/produkt\/truusk-3-sits-soffa-med-armstod-ryggkuddar-cordoverdrag-fjaderkarna-tjockt-stoppad-193-x-77-x-80-cm-kramvit\/#breadcrumb"},"inLanguage":"sv-SE","potentialAction":[{"@type":"ReadAction","target":["https:\/\/truusk.store\/sv\/produkt\/truusk-3-sits-soffa-med-armstod-ryggkuddar-cordoverdrag-fjaderkarna-tjockt-stoppad-193-x-77-x-80-cm-kramvit\/"]}]},{"@type":"ImageObject","inLanguage":"sv-SE","@id":"https:\/\/truusk.store\/sv\/produkt\/truusk-3-sits-soffa-med-armstod-ryggkuddar-cordoverdrag-fjaderkarna-tjockt-stoppad-193-x-77-x-80-cm-kramvit\/#primaryimage","url":"https:\/\/i0.wp.com\/truusk.store\/wp-content\/uploads\/2025\/06\/3-sits-soffa-soffa-med-armstod-ryggkuddar-vardagsrum-soffa-med-cordoverdrag-fjaderkarna-tjockt-stoppad-soffa-for-vardagsrum-sovrum-193-x-77-x-80-cm-kramvit-1.webp?fit=2000%2C2000&ssl=1","contentUrl":"https:\/\/i0.wp.com\/truusk.store\/wp-content\/uploads\/2025\/06\/3-sits-soffa-soffa-med-armstod-ryggkuddar-vardagsrum-soffa-med-cordoverdrag-fjaderkarna-tjockt-stoppad-soffa-for-vardagsrum-sovrum-193-x-77-x-80-cm-kramvit-1.webp?fit=2000%2C2000&ssl=1","width":2000,"height":2000},{"@type":"BreadcrumbList","@id":"https:\/\/truusk.store\/sv\/produkt\/truusk-3-sits-soffa-med-armstod-ryggkuddar-cordoverdrag-fjaderkarna-tjockt-stoppad-193-x-77-x-80-cm-kramvit\/#breadcrumb","itemListElement":[{"@type":"ListItem","position":1,"name":"Home","item":"https:\/\/truusk.store\/sv\/"},{"@type":"ListItem","position":2,"name":"Shop","item":"https:\/\/truusk.store\/shop\/"},{"@type":"ListItem","position":3,"name":"TRUUSK 3-sits Soffa med Armst\u00f6d &#8211; Ryggkuddar &#8211; Cord\u00f6verdrag &#8211; Fj\u00e4derk\u00e4rna &#8211; Tjockt Stoppad &#8211; 193 x 77 x 80 cm &#8211; Kr\u00e4mvit"}]},{"@type":"WebSite","@id":"https:\/\/truusk.store\/sv\/#website","url":"https:\/\/truusk.store\/sv\/","name":"TRUUSK - Hem, Tr\u00e4dg\u00e5rd & Fritid","description":"","publisher":{"@id":"https:\/\/truusk.store\/sv\/#organization"},"potentialAction":[{"@type":"SearchAction","target":{"@type":"EntryPoint","urlTemplate":"https:\/\/truusk.store\/sv\/?s={search_term_string}"},"query-input":{"@type":"PropertyValueSpecification","valueRequired":true,"valueName":"search_term_string"}}],"inLanguage":"sv-SE"},{"@type":"Organization","@id":"https:\/\/truusk.store\/sv\/#organization","name":"TRUUSK - Hem, Tr\u00e4dg\u00e5rd & Fritid","url":"https:\/\/truusk.store\/sv\/","logo":{"@type":"ImageObject","inLanguage":"sv-SE","@id":"https:\/\/truusk.store\/sv\/#\/schema\/logo\/image\/","url":"https:\/\/i0.wp.com\/truusk.store\/wp-content\/uploads\/2026\/03\/cropped-TRUUSK.png?fit=2032%2C917&ssl=1","contentUrl":"https:\/\/i0.wp.com\/truusk.store\/wp-content\/uploads\/2026\/03\/cropped-TRUUSK.png?fit=2032%2C917&ssl=1","width":2032,"height":917,"caption":"TRUUSK - Hem, Tr\u00e4dg\u00e5rd & Fritid"},"image":{"@id":"https:\/\/truusk.store\/sv\/#\/schema\/logo\/image\/"}}]}},"jetpack_sharing_enabled":true,"_links":{"self":[{"href":"https:\/\/truusk.store\/sv\/wp-json\/wp\/v2\/product\/68906","targetHints":{"allow":["GET"]}}],"collection":[{"href":"https:\/\/truusk.store\/sv\/wp-json\/wp\/v2\/product"}],"about":[{"href":"https:\/\/truusk.store\/sv\/wp-json\/wp\/v2\/types\/product"}],"wp:featuredmedia":[{"embeddable":true,"href":"https:\/\/truusk.store\/sv\/wp-json\/wp\/v2\/media\/68897"}],"wp:attachment":[{"href":"https:\/\/truusk.store\/sv\/wp-json\/wp\/v2\/media?parent=68906"}],"wp:term":[{"taxonomy":"product_brand","embeddable":true,"href":"https:\/\/truusk.store\/sv\/wp-json\/wp\/v2\/product_brand?post=68906"},{"taxonomy":"product_cat","embeddable":true,"href":"https:\/\/truusk.store\/sv\/wp-json\/wp\/v2\/product_cat?post=68906"},{"taxonomy":"product_tag","embeddable":true,"href":"https:\/\/truusk.store\/sv\/wp-json\/wp\/v2\/product_tag?post=68906"}],"curies":[{"name":"wp","href":"https:\/\/api.w.org\/{rel}","templated":true}]}}