{"id":68916,"date":"2025-06-05T16:54:47","date_gmt":"2025-06-05T15:54:47","guid":{"rendered":"https:\/\/truusk.store\/product\/outsuuny-hollywood-svang-med-sidoficka-3-sits-tradgardssvang-med-justerbart-solskydd-svangbank-belastar-upp-till-300kg-for-tradgard-terrass-196-x-128-x-172-cm-brun\/"},"modified":"2026-03-12T09:06:12","modified_gmt":"2026-03-12T08:06:12","slug":"truusk-hollywood-svang-med-sidoficka-3-sits-tradgardssvang-med-justerbart-solskydd-belastar-upp-till-300kg-for-tradgard","status":"publish","type":"product","link":"https:\/\/truusk.store\/sv\/produkt\/truusk-hollywood-svang-med-sidoficka-3-sits-tradgardssvang-med-justerbart-solskydd-belastar-upp-till-300kg-for-tradgard\/","title":{"rendered":"TRUUSK Hollywood-sv\u00e4ng Med Sidoficka &#8211; 3-sits Tr\u00e4dg\u00e5rdssv\u00e4ng Med Justerbart Solskydd &#8211; Belastar Upp Till 300kg &#8211; F\u00f6r Tr\u00e4dg\u00e5rd,"},"content":{"rendered":"<p>Den 3-sits Hollywood-gungan med justerbar baldakin \u00e4r utrustad med tre s\u00e4ten av sl\u00e4t, andningsbart n\u00e4ttyg, vilket ger fantastisk sittkomfort och enkel reng\u00f6ring. Den justerbara baldakinen p\u00e5 Hollywood-gungan ger dig idealiskt solskydd p\u00e5 varma och soliga dagar. Hollywood-gungan har en robust konstruktion som l\u00e5ter dig gunga mjukt in i kv\u00e4llen eller semestern.<\/p>\n<p>Beskrivning:<\/p>\n<ul>\n<li>Plats f\u00f6r upp till 3 personer<\/li>\n<li>Justerbart soltak p\u00e5 tr\u00e4dg\u00e5rdsgungan f\u00f6r vuxna f\u00f6r optimal skugga<\/li>\n<li>Det andningsbara n\u00e4ttyget \u00e4r l\u00e4tt att reng\u00f6ra<\/li>\n<li>H\u00f6gkvalitativ metall- och aluminiumram med en maximal belastningskapacitet p\u00e5 300 kg<\/li>\n<li>Halkresistenta fotmattor p\u00e5 gungan f\u00f6r \u00f6kad stabilitet<\/li>\n<li>Tv\u00e5 fickor p\u00e5 tr\u00e4dg\u00e5rdsgungan med plats f\u00f6r tidningar eller b\u00f6cker<\/li>\n<li>Idealisk f\u00f6r terrass, tr\u00e4dg\u00e5rd, pooler och andra utomhusomr\u00e5den<\/li>\n<li>Enkel montering kr\u00e4vs<\/li>\n<\/ul>\n<p> Tekniska data:<\/p>\n<ul>\n<li>F\u00e4rg: Brun+Svart<\/li>\n<li>Material: Metall, Aluminium, Polyester, N\u00e4ttyg<\/li>\n<li>Totala m\u00e5tt: 196L x 128B x 172H cm<\/li>\n<li>M\u00e5tt (sitsyta): 142,5L x 50B cm<\/li>\n<li>Sits h\u00f6jd: 39 cm<\/li>\n<li>Belastningskapacitet: 300 kg<\/li>\n<\/ul>\n<p>Leveransinneh\u00e5ll:<\/p>\n<ul>\n<li>1 x Hollywood-gunga<\/li>\n<li>2 x Sidofickor<\/li>\n<li>1 x Monteringsanvisningar<\/li>\n<li>Viktigt: Vi levererar artikeln till dig kostnadsfritt till trottoarkanten. Var v\u00e4nlig och se till att adressen och telefonnumret \u00e4r korrekt..<\/li>\n<\/ul>\n","protected":false},"excerpt":{"rendered":"<p>Den 3-sits Hollywood-gungan med justerbar baldakin \u00e4r utrustad med tre s\u00e4ten av sl\u00e4t, andningsbart n\u00e4ttyg, vilket ger fantastisk sittkomfort och&#8230;<\/p>\n","protected":false},"featured_media":68907,"template":"","meta":[],"product_brand":[],"product_cat":[453,858,450],"product_tag":[],"class_list":{"0":"post-68916","1":"product","2":"type-product","3":"status-publish","4":"has-post-thumbnail","6":"product_cat-hollywood-gungor","7":"product_cat-tradgard-terrass","8":"product_cat-tradgardsmobler","10":"first","11":"instock","12":"sale","13":"taxable","14":"shipping-taxable","15":"purchasable","16":"product-type-simple"},"yoast_head":"<!-- This site is optimized with the Yoast SEO plugin v25.4 - https:\/\/yoast.com\/wordpress\/plugins\/seo\/ -->\n<title>TRUUSK Hollywood-sv\u00e4ng Med Sidoficka - 3-sits Tr\u00e4dg\u00e5rdssv\u00e4ng Med Justerbart Solskydd - Belastar Upp Till 300kg - F\u00f6r Tr\u00e4dg\u00e5rd, - TRUUSK - Hem, Tr\u00e4dg\u00e5rd &amp; Fritid<\/title>\n<meta name=\"robots\" content=\"index, follow, max-snippet:-1, max-image-preview:large, max-video-preview:-1\" \/>\n<link rel=\"canonical\" href=\"https:\/\/truusk.store\/sv\/produkt\/truusk-hollywood-svang-med-sidoficka-3-sits-tradgardssvang-med-justerbart-solskydd-belastar-upp-till-300kg-for-tradgard\/\" \/>\n<meta property=\"og:locale\" content=\"sv_SE\" \/>\n<meta property=\"og:type\" content=\"article\" \/>\n<meta property=\"og:title\" content=\"TRUUSK Hollywood-sv\u00e4ng Med Sidoficka - 3-sits Tr\u00e4dg\u00e5rdssv\u00e4ng Med Justerbart Solskydd - Belastar Upp Till 300kg - F\u00f6r Tr\u00e4dg\u00e5rd, - TRUUSK - Hem, Tr\u00e4dg\u00e5rd &amp; Fritid\" \/>\n<meta property=\"og:description\" content=\"Den 3-sits Hollywood-gungan med justerbar baldakin \u00e4r utrustad med tre s\u00e4ten av sl\u00e4t, andningsbart n\u00e4ttyg, vilket ger fantastisk sittkomfort och...\" \/>\n<meta property=\"og:url\" content=\"https:\/\/truusk.store\/sv\/produkt\/truusk-hollywood-svang-med-sidoficka-3-sits-tradgardssvang-med-justerbart-solskydd-belastar-upp-till-300kg-for-tradgard\/\" \/>\n<meta property=\"og:site_name\" content=\"TRUUSK - Hem, Tr\u00e4dg\u00e5rd &amp; Fritid\" \/>\n<meta property=\"article:modified_time\" content=\"2026-03-12T08:06:12+00:00\" \/>\n<meta property=\"og:image\" content=\"https:\/\/i0.wp.com\/truusk.se\/wp-content\/uploads\/2025\/06\/outsuuny-hollywood-svang-med-sidoficka-3-sits-tradgardssvang-med-justerbart-solskydd-svangbank-belastar-upp-till-300kg-for-tradgard-terrass-196-x-128-x-172-cm-brun-1.webp?fit=2000%2C2000&ssl=1\" \/>\n\t<meta property=\"og:image:width\" content=\"2000\" \/>\n\t<meta property=\"og:image:height\" content=\"2000\" \/>\n\t<meta property=\"og:image:type\" content=\"image\/webp\" \/>\n<meta name=\"twitter:card\" content=\"summary_large_image\" \/>\n<meta name=\"twitter:label1\" content=\"Ber\u00e4knad l\u00e4stid\" \/>\n\t<meta name=\"twitter:data1\" content=\"1 minut\" \/>\n<!-- \/ Yoast SEO plugin. -->","yoast_head_json":{"title":"TRUUSK Hollywood-sv\u00e4ng Med Sidoficka - 3-sits Tr\u00e4dg\u00e5rdssv\u00e4ng Med Justerbart Solskydd - Belastar Upp Till 300kg - F\u00f6r Tr\u00e4dg\u00e5rd, - TRUUSK - Hem, Tr\u00e4dg\u00e5rd &amp; Fritid","robots":{"index":"index","follow":"follow","max-snippet":"max-snippet:-1","max-image-preview":"max-image-preview:large","max-video-preview":"max-video-preview:-1"},"canonical":"https:\/\/truusk.store\/sv\/produkt\/truusk-hollywood-svang-med-sidoficka-3-sits-tradgardssvang-med-justerbart-solskydd-belastar-upp-till-300kg-for-tradgard\/","og_locale":"sv_SE","og_type":"article","og_title":"TRUUSK Hollywood-sv\u00e4ng Med Sidoficka - 3-sits Tr\u00e4dg\u00e5rdssv\u00e4ng Med Justerbart Solskydd - Belastar Upp Till 300kg - F\u00f6r Tr\u00e4dg\u00e5rd, - TRUUSK - Hem, Tr\u00e4dg\u00e5rd &amp; Fritid","og_description":"Den 3-sits Hollywood-gungan med justerbar baldakin \u00e4r utrustad med tre s\u00e4ten av sl\u00e4t, andningsbart n\u00e4ttyg, vilket ger fantastisk sittkomfort och...","og_url":"https:\/\/truusk.store\/sv\/produkt\/truusk-hollywood-svang-med-sidoficka-3-sits-tradgardssvang-med-justerbart-solskydd-belastar-upp-till-300kg-for-tradgard\/","og_site_name":"TRUUSK - Hem, Tr\u00e4dg\u00e5rd &amp; Fritid","article_modified_time":"2026-03-12T08:06:12+00:00","og_image":[{"width":2000,"height":2000,"url":"https:\/\/i0.wp.com\/truusk.se\/wp-content\/uploads\/2025\/06\/outsuuny-hollywood-svang-med-sidoficka-3-sits-tradgardssvang-med-justerbart-solskydd-svangbank-belastar-upp-till-300kg-for-tradgard-terrass-196-x-128-x-172-cm-brun-1.webp?fit=2000%2C2000&ssl=1","type":"image\/webp"}],"twitter_card":"summary_large_image","twitter_misc":{"Ber\u00e4knad l\u00e4stid":"1 minut"},"schema":{"@context":"https:\/\/schema.org","@graph":[{"@type":"WebPage","@id":"https:\/\/truusk.store\/sv\/produkt\/truusk-hollywood-svang-med-sidoficka-3-sits-tradgardssvang-med-justerbart-solskydd-belastar-upp-till-300kg-for-tradgard\/","url":"https:\/\/truusk.store\/sv\/produkt\/truusk-hollywood-svang-med-sidoficka-3-sits-tradgardssvang-med-justerbart-solskydd-belastar-upp-till-300kg-for-tradgard\/","name":"TRUUSK Hollywood-sv\u00e4ng Med Sidoficka - 3-sits Tr\u00e4dg\u00e5rdssv\u00e4ng Med Justerbart Solskydd - Belastar Upp Till 300kg - F\u00f6r Tr\u00e4dg\u00e5rd, - TRUUSK - Hem, Tr\u00e4dg\u00e5rd &amp; Fritid","isPartOf":{"@id":"https:\/\/truusk.store\/sv\/#website"},"primaryImageOfPage":{"@id":"https:\/\/truusk.store\/sv\/produkt\/truusk-hollywood-svang-med-sidoficka-3-sits-tradgardssvang-med-justerbart-solskydd-belastar-upp-till-300kg-for-tradgard\/#primaryimage"},"image":{"@id":"https:\/\/truusk.store\/sv\/produkt\/truusk-hollywood-svang-med-sidoficka-3-sits-tradgardssvang-med-justerbart-solskydd-belastar-upp-till-300kg-for-tradgard\/#primaryimage"},"thumbnailUrl":"https:\/\/i0.wp.com\/truusk.store\/wp-content\/uploads\/2025\/06\/outsuuny-hollywood-svang-med-sidoficka-3-sits-tradgardssvang-med-justerbart-solskydd-svangbank-belastar-upp-till-300kg-for-tradgard-terrass-196-x-128-x-172-cm-brun-1.webp?fit=2000%2C2000&ssl=1","datePublished":"2025-06-05T15:54:47+00:00","dateModified":"2026-03-12T08:06:12+00:00","breadcrumb":{"@id":"https:\/\/truusk.store\/sv\/produkt\/truusk-hollywood-svang-med-sidoficka-3-sits-tradgardssvang-med-justerbart-solskydd-belastar-upp-till-300kg-for-tradgard\/#breadcrumb"},"inLanguage":"sv-SE","potentialAction":[{"@type":"ReadAction","target":["https:\/\/truusk.store\/sv\/produkt\/truusk-hollywood-svang-med-sidoficka-3-sits-tradgardssvang-med-justerbart-solskydd-belastar-upp-till-300kg-for-tradgard\/"]}]},{"@type":"ImageObject","inLanguage":"sv-SE","@id":"https:\/\/truusk.store\/sv\/produkt\/truusk-hollywood-svang-med-sidoficka-3-sits-tradgardssvang-med-justerbart-solskydd-belastar-upp-till-300kg-for-tradgard\/#primaryimage","url":"https:\/\/i0.wp.com\/truusk.store\/wp-content\/uploads\/2025\/06\/outsuuny-hollywood-svang-med-sidoficka-3-sits-tradgardssvang-med-justerbart-solskydd-svangbank-belastar-upp-till-300kg-for-tradgard-terrass-196-x-128-x-172-cm-brun-1.webp?fit=2000%2C2000&ssl=1","contentUrl":"https:\/\/i0.wp.com\/truusk.store\/wp-content\/uploads\/2025\/06\/outsuuny-hollywood-svang-med-sidoficka-3-sits-tradgardssvang-med-justerbart-solskydd-svangbank-belastar-upp-till-300kg-for-tradgard-terrass-196-x-128-x-172-cm-brun-1.webp?fit=2000%2C2000&ssl=1","width":2000,"height":2000},{"@type":"BreadcrumbList","@id":"https:\/\/truusk.store\/sv\/produkt\/truusk-hollywood-svang-med-sidoficka-3-sits-tradgardssvang-med-justerbart-solskydd-belastar-upp-till-300kg-for-tradgard\/#breadcrumb","itemListElement":[{"@type":"ListItem","position":1,"name":"Home","item":"https:\/\/truusk.store\/sv\/"},{"@type":"ListItem","position":2,"name":"Shop","item":"https:\/\/truusk.store\/shop\/"},{"@type":"ListItem","position":3,"name":"TRUUSK Hollywood-sv\u00e4ng Med Sidoficka &#8211; 3-sits Tr\u00e4dg\u00e5rdssv\u00e4ng Med Justerbart Solskydd &#8211; Belastar Upp Till 300kg &#8211; F\u00f6r Tr\u00e4dg\u00e5rd,"}]},{"@type":"WebSite","@id":"https:\/\/truusk.store\/sv\/#website","url":"https:\/\/truusk.store\/sv\/","name":"TRUUSK - Hem, Tr\u00e4dg\u00e5rd & Fritid","description":"","publisher":{"@id":"https:\/\/truusk.store\/sv\/#organization"},"potentialAction":[{"@type":"SearchAction","target":{"@type":"EntryPoint","urlTemplate":"https:\/\/truusk.store\/sv\/?s={search_term_string}"},"query-input":{"@type":"PropertyValueSpecification","valueRequired":true,"valueName":"search_term_string"}}],"inLanguage":"sv-SE"},{"@type":"Organization","@id":"https:\/\/truusk.store\/sv\/#organization","name":"TRUUSK - Hem, Tr\u00e4dg\u00e5rd & Fritid","url":"https:\/\/truusk.store\/sv\/","logo":{"@type":"ImageObject","inLanguage":"sv-SE","@id":"https:\/\/truusk.store\/sv\/#\/schema\/logo\/image\/","url":"https:\/\/i0.wp.com\/truusk.store\/wp-content\/uploads\/2026\/03\/cropped-TRUUSK.png?fit=2032%2C917&ssl=1","contentUrl":"https:\/\/i0.wp.com\/truusk.store\/wp-content\/uploads\/2026\/03\/cropped-TRUUSK.png?fit=2032%2C917&ssl=1","width":2032,"height":917,"caption":"TRUUSK - Hem, Tr\u00e4dg\u00e5rd & Fritid"},"image":{"@id":"https:\/\/truusk.store\/sv\/#\/schema\/logo\/image\/"}}]}},"jetpack_sharing_enabled":true,"_links":{"self":[{"href":"https:\/\/truusk.store\/sv\/wp-json\/wp\/v2\/product\/68916","targetHints":{"allow":["GET"]}}],"collection":[{"href":"https:\/\/truusk.store\/sv\/wp-json\/wp\/v2\/product"}],"about":[{"href":"https:\/\/truusk.store\/sv\/wp-json\/wp\/v2\/types\/product"}],"wp:featuredmedia":[{"embeddable":true,"href":"https:\/\/truusk.store\/sv\/wp-json\/wp\/v2\/media\/68907"}],"wp:attachment":[{"href":"https:\/\/truusk.store\/sv\/wp-json\/wp\/v2\/media?parent=68916"}],"wp:term":[{"taxonomy":"product_brand","embeddable":true,"href":"https:\/\/truusk.store\/sv\/wp-json\/wp\/v2\/product_brand?post=68916"},{"taxonomy":"product_cat","embeddable":true,"href":"https:\/\/truusk.store\/sv\/wp-json\/wp\/v2\/product_cat?post=68916"},{"taxonomy":"product_tag","embeddable":true,"href":"https:\/\/truusk.store\/sv\/wp-json\/wp\/v2\/product_tag?post=68916"}],"curies":[{"name":"wp","href":"https:\/\/api.w.org\/{rel}","templated":true}]}}