{"id":68936,"date":"2025-06-05T16:56:56","date_gmt":"2025-06-05T15:56:56","guid":{"rendered":"https:\/\/truusk.store\/product\/3-sits-soffa-soffa-med-armstod-ryggkuddar-vardagsrum-soffa-med-cordoverdrag-fjaderkarna-stoppad-soffa-for-vardagsrum-sovrum-227-x-84-x-87-cm-kramvit\/"},"modified":"2026-03-12T08:40:46","modified_gmt":"2026-03-12T07:40:46","slug":"truusk-3-sits-soffa-med-armstod-ryggkuddar-cordoverdrag-fjaderkarna-stoppad-soffa-227-x-84-x-87-cm-kramvit","status":"publish","type":"product","link":"https:\/\/truusk.store\/sv\/produkt\/truusk-3-sits-soffa-med-armstod-ryggkuddar-cordoverdrag-fjaderkarna-stoppad-soffa-227-x-84-x-87-cm-kramvit\/","title":{"rendered":"TRUUSK 3-sits Soffa Med Armst\u00f6d &#8211; Ryggkuddar &#8211; Cord\u00f6verdrag &#8211; Fj\u00e4derk\u00e4rna &#8211; Stoppad Soffa &#8211; 227 x 84 x 87 cm &#8211; Kr\u00e4mvit"},"content":{"rendered":"<p>Upplev o\u00f6vertr\u00e4ffad komfort med 3-sits soffan fr\u00e5n TRUUSK, d\u00e4r avkoppling m\u00f6ter stil. De behagligt fj\u00e4drande sittdynorna av h\u00f6gdensitetsskum ger dig optimalt st\u00f6d och f\u00f6rhindrar deformationer, s\u00e5 att din soffa ser ut som ny i flera \u00e5r. Den mjuka, andningsbara manchestertyget skapar en mysig atmosf\u00e4r i ditt vardagsrum.<\/p>\n<p>Beskrivning:<\/p>\n<ul>\n<li> Sittdynor med fj\u00e4dring och h\u00f6gdensitetsskum beh\u00e5ller sin form \u00f6ver tiden<\/li>\n<li> Mjukt manchestertyg erbjuder h\u00e5llbarhet och komfort<\/li>\n<li> 60 cm djupa sittdynor p\u00e5 3-sits soffan erbjuder en stor sittyta<\/li>\n<li> Ryggkuddar med mjuk fyllning och armst\u00f6d erbjuder avkoppling och st\u00f6d<\/li>\n<li> Stabil flerskiktsplattformram f\u00f6r soffan med \u00e5tta ben b\u00e4r upp till 400 kg<\/li>\n<li> M\u00e5ngsidigt anv\u00e4ndbar f\u00f6r sovrum, vardagsrum, g\u00e4strum, reservrum eller hemmakontor<\/li>\n<li> Enkel montering kr\u00e4vs<\/li>\n<\/ul>\n<p> Tekniska data:<\/p>\n<ul>\n<li> F\u00e4rg: Kr\u00e4mvit<\/li>\n<li> Material: Manchester (100% polyester), skum, flerskiktsplatta<\/li>\n<li> Totala dimensioner: 227B x 84T x 87H cm<\/li>\n<li> Sittstorlek: 189B x 60T x 47H cm<\/li>\n<li> Sitt tjocklek: 17 cm<\/li>\n<li> Ryggstorlek: 189B x 43H cm<\/li>\n<li> Rygg tjocklek: 17 cm<\/li>\n<li> Armst\u00f6dsstorlek: 73L x 20B cm<\/li>\n<li> Armst\u00f6dsh\u00f6jd till sittplats: 15 cm<\/li>\n<li> Benh\u00f6jd: 10 cm<\/li>\n<li> Belastningskapacitet: 400 kg<\/li>\n<\/ul>\n<p>Leveransinneh\u00e5ll:<\/p>\n<ul>\n<li> 1 x 3-sits soffa<\/li>\n<li> 1 x bruksanvisning<\/li>\n<\/ul>\n","protected":false},"excerpt":{"rendered":"<p>Upplev o\u00f6vertr\u00e4ffad komfort med 3-sits soffan fr\u00e5n TRUUSK, d\u00e4r avkoppling m\u00f6ter stil. De behagligt fj\u00e4drande sittdynorna av h\u00f6gdensitetsskum ger dig&#8230;<\/p>\n","protected":false},"featured_media":68927,"template":"","meta":[],"product_brand":[],"product_cat":[1011,871,937,910],"product_tag":[],"class_list":{"0":"post-68936","1":"product","2":"type-product","3":"status-publish","4":"has-post-thumbnail","6":"product_cat-dreisitzer","7":"product_cat-hus-hem","8":"product_cat-soffor","9":"product_cat-vardagsrum","11":"first","12":"instock","13":"sale","14":"taxable","15":"shipping-taxable","16":"purchasable","17":"product-type-simple"},"yoast_head":"<!-- This site is optimized with the Yoast SEO plugin v25.4 - https:\/\/yoast.com\/wordpress\/plugins\/seo\/ -->\n<title>TRUUSK 3-sits Soffa Med Armst\u00f6d - Ryggkuddar - Cord\u00f6verdrag - Fj\u00e4derk\u00e4rna - Stoppad Soffa - 227 x 84 x 87 cm - Kr\u00e4mvit - TRUUSK - Hem, Tr\u00e4dg\u00e5rd &amp; Fritid<\/title>\n<meta name=\"robots\" content=\"index, follow, max-snippet:-1, max-image-preview:large, max-video-preview:-1\" \/>\n<link rel=\"canonical\" href=\"https:\/\/truusk.store\/sv\/produkt\/truusk-3-sits-soffa-med-armstod-ryggkuddar-cordoverdrag-fjaderkarna-stoppad-soffa-227-x-84-x-87-cm-kramvit\/\" \/>\n<meta property=\"og:locale\" content=\"sv_SE\" \/>\n<meta property=\"og:type\" content=\"article\" \/>\n<meta property=\"og:title\" content=\"TRUUSK 3-sits Soffa Med Armst\u00f6d - Ryggkuddar - Cord\u00f6verdrag - Fj\u00e4derk\u00e4rna - Stoppad Soffa - 227 x 84 x 87 cm - Kr\u00e4mvit - TRUUSK - Hem, Tr\u00e4dg\u00e5rd &amp; Fritid\" \/>\n<meta property=\"og:description\" content=\"Upplev o\u00f6vertr\u00e4ffad komfort med 3-sits soffan fr\u00e5n TRUUSK, d\u00e4r avkoppling m\u00f6ter stil. De behagligt fj\u00e4drande sittdynorna av h\u00f6gdensitetsskum ger dig...\" \/>\n<meta property=\"og:url\" content=\"https:\/\/truusk.store\/sv\/produkt\/truusk-3-sits-soffa-med-armstod-ryggkuddar-cordoverdrag-fjaderkarna-stoppad-soffa-227-x-84-x-87-cm-kramvit\/\" \/>\n<meta property=\"og:site_name\" content=\"TRUUSK - Hem, Tr\u00e4dg\u00e5rd &amp; Fritid\" \/>\n<meta property=\"article:modified_time\" content=\"2026-03-12T07:40:46+00:00\" \/>\n<meta property=\"og:image\" content=\"https:\/\/i0.wp.com\/truusk.se\/wp-content\/uploads\/2025\/06\/3-sits-soffa-soffa-med-armstod-ryggkuddar-vardagsrum-soffa-med-cordoverdrag-fjaderkarna-stoppad-soffa-for-vardagsrum-sovrum-227-x-84-x-87-cm-kramvit-1.webp?fit=2000%2C2000&ssl=1\" \/>\n\t<meta property=\"og:image:width\" content=\"2000\" \/>\n\t<meta property=\"og:image:height\" content=\"2000\" \/>\n\t<meta property=\"og:image:type\" content=\"image\/webp\" \/>\n<meta name=\"twitter:card\" content=\"summary_large_image\" \/>\n<meta name=\"twitter:label1\" content=\"Ber\u00e4knad l\u00e4stid\" \/>\n\t<meta name=\"twitter:data1\" content=\"1 minut\" \/>\n<!-- \/ Yoast SEO plugin. -->","yoast_head_json":{"title":"TRUUSK 3-sits Soffa Med Armst\u00f6d - Ryggkuddar - Cord\u00f6verdrag - Fj\u00e4derk\u00e4rna - Stoppad Soffa - 227 x 84 x 87 cm - Kr\u00e4mvit - TRUUSK - Hem, Tr\u00e4dg\u00e5rd &amp; Fritid","robots":{"index":"index","follow":"follow","max-snippet":"max-snippet:-1","max-image-preview":"max-image-preview:large","max-video-preview":"max-video-preview:-1"},"canonical":"https:\/\/truusk.store\/sv\/produkt\/truusk-3-sits-soffa-med-armstod-ryggkuddar-cordoverdrag-fjaderkarna-stoppad-soffa-227-x-84-x-87-cm-kramvit\/","og_locale":"sv_SE","og_type":"article","og_title":"TRUUSK 3-sits Soffa Med Armst\u00f6d - Ryggkuddar - Cord\u00f6verdrag - Fj\u00e4derk\u00e4rna - Stoppad Soffa - 227 x 84 x 87 cm - Kr\u00e4mvit - TRUUSK - Hem, Tr\u00e4dg\u00e5rd &amp; Fritid","og_description":"Upplev o\u00f6vertr\u00e4ffad komfort med 3-sits soffan fr\u00e5n TRUUSK, d\u00e4r avkoppling m\u00f6ter stil. De behagligt fj\u00e4drande sittdynorna av h\u00f6gdensitetsskum ger dig...","og_url":"https:\/\/truusk.store\/sv\/produkt\/truusk-3-sits-soffa-med-armstod-ryggkuddar-cordoverdrag-fjaderkarna-stoppad-soffa-227-x-84-x-87-cm-kramvit\/","og_site_name":"TRUUSK - Hem, Tr\u00e4dg\u00e5rd &amp; Fritid","article_modified_time":"2026-03-12T07:40:46+00:00","og_image":[{"width":2000,"height":2000,"url":"https:\/\/i0.wp.com\/truusk.se\/wp-content\/uploads\/2025\/06\/3-sits-soffa-soffa-med-armstod-ryggkuddar-vardagsrum-soffa-med-cordoverdrag-fjaderkarna-stoppad-soffa-for-vardagsrum-sovrum-227-x-84-x-87-cm-kramvit-1.webp?fit=2000%2C2000&ssl=1","type":"image\/webp"}],"twitter_card":"summary_large_image","twitter_misc":{"Ber\u00e4knad l\u00e4stid":"1 minut"},"schema":{"@context":"https:\/\/schema.org","@graph":[{"@type":"WebPage","@id":"https:\/\/truusk.store\/sv\/produkt\/truusk-3-sits-soffa-med-armstod-ryggkuddar-cordoverdrag-fjaderkarna-stoppad-soffa-227-x-84-x-87-cm-kramvit\/","url":"https:\/\/truusk.store\/sv\/produkt\/truusk-3-sits-soffa-med-armstod-ryggkuddar-cordoverdrag-fjaderkarna-stoppad-soffa-227-x-84-x-87-cm-kramvit\/","name":"TRUUSK 3-sits Soffa Med Armst\u00f6d - Ryggkuddar - Cord\u00f6verdrag - Fj\u00e4derk\u00e4rna - Stoppad Soffa - 227 x 84 x 87 cm - Kr\u00e4mvit - TRUUSK - Hem, Tr\u00e4dg\u00e5rd &amp; Fritid","isPartOf":{"@id":"https:\/\/truusk.store\/sv\/#website"},"primaryImageOfPage":{"@id":"https:\/\/truusk.store\/sv\/produkt\/truusk-3-sits-soffa-med-armstod-ryggkuddar-cordoverdrag-fjaderkarna-stoppad-soffa-227-x-84-x-87-cm-kramvit\/#primaryimage"},"image":{"@id":"https:\/\/truusk.store\/sv\/produkt\/truusk-3-sits-soffa-med-armstod-ryggkuddar-cordoverdrag-fjaderkarna-stoppad-soffa-227-x-84-x-87-cm-kramvit\/#primaryimage"},"thumbnailUrl":"https:\/\/i0.wp.com\/truusk.store\/wp-content\/uploads\/2025\/06\/3-sits-soffa-soffa-med-armstod-ryggkuddar-vardagsrum-soffa-med-cordoverdrag-fjaderkarna-stoppad-soffa-for-vardagsrum-sovrum-227-x-84-x-87-cm-kramvit-1.webp?fit=2000%2C2000&ssl=1","datePublished":"2025-06-05T15:56:56+00:00","dateModified":"2026-03-12T07:40:46+00:00","breadcrumb":{"@id":"https:\/\/truusk.store\/sv\/produkt\/truusk-3-sits-soffa-med-armstod-ryggkuddar-cordoverdrag-fjaderkarna-stoppad-soffa-227-x-84-x-87-cm-kramvit\/#breadcrumb"},"inLanguage":"sv-SE","potentialAction":[{"@type":"ReadAction","target":["https:\/\/truusk.store\/sv\/produkt\/truusk-3-sits-soffa-med-armstod-ryggkuddar-cordoverdrag-fjaderkarna-stoppad-soffa-227-x-84-x-87-cm-kramvit\/"]}]},{"@type":"ImageObject","inLanguage":"sv-SE","@id":"https:\/\/truusk.store\/sv\/produkt\/truusk-3-sits-soffa-med-armstod-ryggkuddar-cordoverdrag-fjaderkarna-stoppad-soffa-227-x-84-x-87-cm-kramvit\/#primaryimage","url":"https:\/\/i0.wp.com\/truusk.store\/wp-content\/uploads\/2025\/06\/3-sits-soffa-soffa-med-armstod-ryggkuddar-vardagsrum-soffa-med-cordoverdrag-fjaderkarna-stoppad-soffa-for-vardagsrum-sovrum-227-x-84-x-87-cm-kramvit-1.webp?fit=2000%2C2000&ssl=1","contentUrl":"https:\/\/i0.wp.com\/truusk.store\/wp-content\/uploads\/2025\/06\/3-sits-soffa-soffa-med-armstod-ryggkuddar-vardagsrum-soffa-med-cordoverdrag-fjaderkarna-stoppad-soffa-for-vardagsrum-sovrum-227-x-84-x-87-cm-kramvit-1.webp?fit=2000%2C2000&ssl=1","width":2000,"height":2000},{"@type":"BreadcrumbList","@id":"https:\/\/truusk.store\/sv\/produkt\/truusk-3-sits-soffa-med-armstod-ryggkuddar-cordoverdrag-fjaderkarna-stoppad-soffa-227-x-84-x-87-cm-kramvit\/#breadcrumb","itemListElement":[{"@type":"ListItem","position":1,"name":"Home","item":"https:\/\/truusk.store\/sv\/"},{"@type":"ListItem","position":2,"name":"Shop","item":"https:\/\/truusk.store\/shop\/"},{"@type":"ListItem","position":3,"name":"TRUUSK 3-sits Soffa Med Armst\u00f6d &#8211; Ryggkuddar &#8211; Cord\u00f6verdrag &#8211; Fj\u00e4derk\u00e4rna &#8211; Stoppad Soffa &#8211; 227 x 84 x 87 cm &#8211; Kr\u00e4mvit"}]},{"@type":"WebSite","@id":"https:\/\/truusk.store\/sv\/#website","url":"https:\/\/truusk.store\/sv\/","name":"TRUUSK - Hem, Tr\u00e4dg\u00e5rd & Fritid","description":"","publisher":{"@id":"https:\/\/truusk.store\/sv\/#organization"},"potentialAction":[{"@type":"SearchAction","target":{"@type":"EntryPoint","urlTemplate":"https:\/\/truusk.store\/sv\/?s={search_term_string}"},"query-input":{"@type":"PropertyValueSpecification","valueRequired":true,"valueName":"search_term_string"}}],"inLanguage":"sv-SE"},{"@type":"Organization","@id":"https:\/\/truusk.store\/sv\/#organization","name":"TRUUSK - Hem, Tr\u00e4dg\u00e5rd & Fritid","url":"https:\/\/truusk.store\/sv\/","logo":{"@type":"ImageObject","inLanguage":"sv-SE","@id":"https:\/\/truusk.store\/sv\/#\/schema\/logo\/image\/","url":"https:\/\/i0.wp.com\/truusk.store\/wp-content\/uploads\/2026\/03\/cropped-TRUUSK.png?fit=2032%2C917&ssl=1","contentUrl":"https:\/\/i0.wp.com\/truusk.store\/wp-content\/uploads\/2026\/03\/cropped-TRUUSK.png?fit=2032%2C917&ssl=1","width":2032,"height":917,"caption":"TRUUSK - Hem, Tr\u00e4dg\u00e5rd & Fritid"},"image":{"@id":"https:\/\/truusk.store\/sv\/#\/schema\/logo\/image\/"}}]}},"jetpack_sharing_enabled":true,"_links":{"self":[{"href":"https:\/\/truusk.store\/sv\/wp-json\/wp\/v2\/product\/68936","targetHints":{"allow":["GET"]}}],"collection":[{"href":"https:\/\/truusk.store\/sv\/wp-json\/wp\/v2\/product"}],"about":[{"href":"https:\/\/truusk.store\/sv\/wp-json\/wp\/v2\/types\/product"}],"wp:featuredmedia":[{"embeddable":true,"href":"https:\/\/truusk.store\/sv\/wp-json\/wp\/v2\/media\/68927"}],"wp:attachment":[{"href":"https:\/\/truusk.store\/sv\/wp-json\/wp\/v2\/media?parent=68936"}],"wp:term":[{"taxonomy":"product_brand","embeddable":true,"href":"https:\/\/truusk.store\/sv\/wp-json\/wp\/v2\/product_brand?post=68936"},{"taxonomy":"product_cat","embeddable":true,"href":"https:\/\/truusk.store\/sv\/wp-json\/wp\/v2\/product_cat?post=68936"},{"taxonomy":"product_tag","embeddable":true,"href":"https:\/\/truusk.store\/sv\/wp-json\/wp\/v2\/product_tag?post=68936"}],"curies":[{"name":"wp","href":"https:\/\/api.w.org\/{rel}","templated":true}]}}