{"id":69006,"date":"2025-06-05T17:04:04","date_gmt":"2025-06-05T16:04:04","guid":{"rendered":"https:\/\/truusk.store\/product\/kokso-koksvagn-pa-hjul-med-arbetsyta-lada-rullande-koksskap-med-hylla-kryddhylla-handduksstang-serveringsvagn-kokstrolley-vit\/"},"modified":"2026-03-12T09:47:15","modified_gmt":"2026-03-12T08:47:15","slug":"truusk-koksvagn-pa-hjul-med-arbetsyta-lada-hylla-vit-praktisk-serveringsvagn-kryddhylla-handduksstang","status":"publish","type":"product","link":"https:\/\/truusk.store\/sv\/produkt\/truusk-koksvagn-pa-hjul-med-arbetsyta-lada-hylla-vit-praktisk-serveringsvagn-kryddhylla-handduksstang\/","title":{"rendered":"TRUUSK K\u00f6ksvagn p\u00e5 hjul &#8211; Med arbetsyta, l\u00e5da, hylla &#8211; Vit &#8211; Praktisk serveringsvagn &#8211; Kryddhylla &#8211; Handduksst\u00e5ng"},"content":{"rendered":"<p>Uppt\u00e4ck elegansen och m\u00e5ngsidigheten hos TRUUSK k\u00f6ksvagn. Med sin gener\u00f6sa arbetsyta blir matlagningen ett n\u00f6je. Den praktiska l\u00e5dan och det rymliga, tv\u00e5delade sk\u00e5pfacket med justerbar hylla ger dig extra f\u00f6rvaringsutrymme f\u00f6r dina k\u00f6ksredskap. Den trestegs kryddhyllan och den sidomonterade handduksst\u00e5ngen g\u00f6r denna k\u00f6ksvagn till en flexibel, kompakt hj\u00e4lpreda f\u00f6r alla tillf\u00e4llen.<\/p>\n<p>Beskrivning:<\/p>\n<ul>\n<li> En utdragbar l\u00e5da och ett tv\u00e5stegs sk\u00e5p organiserar k\u00f6ksredskap \u00f6versiktligt<\/li>\n<li> Trestegs kryddhyllor ger snabb tillg\u00e5ng till kryddor<\/li>\n<li> Sidomonterad handduksst\u00e5ng f\u00f6r l\u00e4tt tillg\u00e5ng till k\u00f6kshanddukar, fungerar ocks\u00e5 som ett skjuthandtag<\/li>\n<li> Trestegs justerbar hylla i sk\u00e5pet f\u00f6r olika lagringsbehov<\/li>\n<li> Fyra hjul f\u00f6rb\u00e4ttrar r\u00f6rligheten, tv\u00e5 av dem kan l\u00e5sas f\u00f6r att s\u00e4kerst\u00e4lla stabilitet<\/li>\n<li> Melaminbelagd yta garanterar enkel reng\u00f6ring<\/li>\n<li> Dubbeld\u00f6rrar med magnet skyddar dina f\u00f6rem\u00e5l<\/li>\n<li> Montering kr\u00e4vs<\/li>\n<\/ul>\n<p> Tekniska data:<\/p>\n<ul>\n<li> F\u00e4rg: Vit+Ek<\/li>\n<li> Material: Sp\u00e5nskiva, MDF<\/li>\n<li> Totala dimensioner: 82L x 38B x 86,5H cm<\/li>\n<li> Arbetsytans storlek: 60B x 38T cm<\/li>\n<li> Inre m\u00e5tt p\u00e5 l\u00e5dan: 51B x 23,5T x 8,5H cm<\/li>\n<li> Inre m\u00e5tt p\u00e5 sk\u00e5pet: 56B x 32,5T x 64H cm<\/li>\n<li> Kryddhyllans storlek: 34B x 12T x 9\/30\/30H cm<\/li>\n<li> Handduksst\u00e5ngens storlek: 27L x 11B cm<\/li>\n<li> B\u00e4rkapacitet: 35 kg (totalt), 10 kg (\u00f6vre\/fasta hyllan), 5 kg (l\u00e5da\/justerbar hylla)<\/li>\n<\/ul>\n<p>Leveransinneh\u00e5ll:<\/p>\n<ul>\n<li> 1 x K\u00f6ksvagn<\/li>\n<li> 1 x Bruksanvisning<\/li>\n<\/ul>\n","protected":false},"excerpt":{"rendered":"<p>Uppt\u00e4ck elegansen och m\u00e5ngsidigheten hos TRUUSK k\u00f6ksvagn. Med sin gener\u00f6sa arbetsyta blir matlagningen ett n\u00f6je. Den praktiska l\u00e5dan och det&#8230;<\/p>\n","protected":false},"featured_media":68997,"template":"","meta":[],"product_brand":[],"product_cat":[871,889,1017],"product_tag":[],"class_list":{"0":"post-69006","1":"product","2":"type-product","3":"status-publish","4":"has-post-thumbnail","6":"product_cat-hus-hem","7":"product_cat-kok-matsal","8":"product_cat-koksoar","10":"first","11":"instock","12":"sale","13":"taxable","14":"shipping-taxable","15":"purchasable","16":"product-type-simple"},"yoast_head":"<!-- This site is optimized with the Yoast SEO plugin v25.4 - https:\/\/yoast.com\/wordpress\/plugins\/seo\/ -->\n<title>TRUUSK K\u00f6ksvagn p\u00e5 hjul - Med arbetsyta, l\u00e5da, hylla - Vit - Praktisk serveringsvagn - Kryddhylla - Handduksst\u00e5ng - TRUUSK - Hem, Tr\u00e4dg\u00e5rd &amp; Fritid<\/title>\n<meta name=\"robots\" content=\"index, follow, max-snippet:-1, max-image-preview:large, max-video-preview:-1\" \/>\n<link rel=\"canonical\" href=\"https:\/\/truusk.store\/sv\/produkt\/truusk-koksvagn-pa-hjul-med-arbetsyta-lada-hylla-vit-praktisk-serveringsvagn-kryddhylla-handduksstang\/\" \/>\n<meta property=\"og:locale\" content=\"sv_SE\" \/>\n<meta property=\"og:type\" content=\"article\" \/>\n<meta property=\"og:title\" content=\"TRUUSK K\u00f6ksvagn p\u00e5 hjul - Med arbetsyta, l\u00e5da, hylla - Vit - Praktisk serveringsvagn - Kryddhylla - Handduksst\u00e5ng - TRUUSK - Hem, Tr\u00e4dg\u00e5rd &amp; Fritid\" \/>\n<meta property=\"og:description\" content=\"Uppt\u00e4ck elegansen och m\u00e5ngsidigheten hos TRUUSK k\u00f6ksvagn. Med sin gener\u00f6sa arbetsyta blir matlagningen ett n\u00f6je. Den praktiska l\u00e5dan och det...\" \/>\n<meta property=\"og:url\" content=\"https:\/\/truusk.store\/sv\/produkt\/truusk-koksvagn-pa-hjul-med-arbetsyta-lada-hylla-vit-praktisk-serveringsvagn-kryddhylla-handduksstang\/\" \/>\n<meta property=\"og:site_name\" content=\"TRUUSK - Hem, Tr\u00e4dg\u00e5rd &amp; Fritid\" \/>\n<meta property=\"article:modified_time\" content=\"2026-03-12T08:47:15+00:00\" \/>\n<meta property=\"og:image\" content=\"https:\/\/i0.wp.com\/truusk.se\/wp-content\/uploads\/2025\/06\/kokso-koksvagn-pa-hjul-med-arbetsyta-lada-rullande-koksskap-med-hylla-kryddhylla-handduksstang-serveringsvagn-kokstrolley-vit-1.webp?fit=2000%2C2000&ssl=1\" \/>\n\t<meta property=\"og:image:width\" content=\"2000\" \/>\n\t<meta property=\"og:image:height\" content=\"2000\" \/>\n\t<meta property=\"og:image:type\" content=\"image\/webp\" \/>\n<meta name=\"twitter:card\" content=\"summary_large_image\" \/>\n<meta name=\"twitter:label1\" content=\"Ber\u00e4knad l\u00e4stid\" \/>\n\t<meta name=\"twitter:data1\" content=\"1 minut\" \/>\n<!-- \/ Yoast SEO plugin. -->","yoast_head_json":{"title":"TRUUSK K\u00f6ksvagn p\u00e5 hjul - Med arbetsyta, l\u00e5da, hylla - Vit - Praktisk serveringsvagn - Kryddhylla - Handduksst\u00e5ng - TRUUSK - Hem, Tr\u00e4dg\u00e5rd &amp; Fritid","robots":{"index":"index","follow":"follow","max-snippet":"max-snippet:-1","max-image-preview":"max-image-preview:large","max-video-preview":"max-video-preview:-1"},"canonical":"https:\/\/truusk.store\/sv\/produkt\/truusk-koksvagn-pa-hjul-med-arbetsyta-lada-hylla-vit-praktisk-serveringsvagn-kryddhylla-handduksstang\/","og_locale":"sv_SE","og_type":"article","og_title":"TRUUSK K\u00f6ksvagn p\u00e5 hjul - Med arbetsyta, l\u00e5da, hylla - Vit - Praktisk serveringsvagn - Kryddhylla - Handduksst\u00e5ng - TRUUSK - Hem, Tr\u00e4dg\u00e5rd &amp; Fritid","og_description":"Uppt\u00e4ck elegansen och m\u00e5ngsidigheten hos TRUUSK k\u00f6ksvagn. Med sin gener\u00f6sa arbetsyta blir matlagningen ett n\u00f6je. Den praktiska l\u00e5dan och det...","og_url":"https:\/\/truusk.store\/sv\/produkt\/truusk-koksvagn-pa-hjul-med-arbetsyta-lada-hylla-vit-praktisk-serveringsvagn-kryddhylla-handduksstang\/","og_site_name":"TRUUSK - Hem, Tr\u00e4dg\u00e5rd &amp; Fritid","article_modified_time":"2026-03-12T08:47:15+00:00","og_image":[{"width":2000,"height":2000,"url":"https:\/\/i0.wp.com\/truusk.se\/wp-content\/uploads\/2025\/06\/kokso-koksvagn-pa-hjul-med-arbetsyta-lada-rullande-koksskap-med-hylla-kryddhylla-handduksstang-serveringsvagn-kokstrolley-vit-1.webp?fit=2000%2C2000&ssl=1","type":"image\/webp"}],"twitter_card":"summary_large_image","twitter_misc":{"Ber\u00e4knad l\u00e4stid":"1 minut"},"schema":{"@context":"https:\/\/schema.org","@graph":[{"@type":"WebPage","@id":"https:\/\/truusk.store\/sv\/produkt\/truusk-koksvagn-pa-hjul-med-arbetsyta-lada-hylla-vit-praktisk-serveringsvagn-kryddhylla-handduksstang\/","url":"https:\/\/truusk.store\/sv\/produkt\/truusk-koksvagn-pa-hjul-med-arbetsyta-lada-hylla-vit-praktisk-serveringsvagn-kryddhylla-handduksstang\/","name":"TRUUSK K\u00f6ksvagn p\u00e5 hjul - Med arbetsyta, l\u00e5da, hylla - Vit - Praktisk serveringsvagn - Kryddhylla - Handduksst\u00e5ng - TRUUSK - Hem, Tr\u00e4dg\u00e5rd &amp; Fritid","isPartOf":{"@id":"https:\/\/truusk.store\/sv\/#website"},"primaryImageOfPage":{"@id":"https:\/\/truusk.store\/sv\/produkt\/truusk-koksvagn-pa-hjul-med-arbetsyta-lada-hylla-vit-praktisk-serveringsvagn-kryddhylla-handduksstang\/#primaryimage"},"image":{"@id":"https:\/\/truusk.store\/sv\/produkt\/truusk-koksvagn-pa-hjul-med-arbetsyta-lada-hylla-vit-praktisk-serveringsvagn-kryddhylla-handduksstang\/#primaryimage"},"thumbnailUrl":"https:\/\/i0.wp.com\/truusk.store\/wp-content\/uploads\/2025\/06\/kokso-koksvagn-pa-hjul-med-arbetsyta-lada-rullande-koksskap-med-hylla-kryddhylla-handduksstang-serveringsvagn-kokstrolley-vit-1.webp?fit=2000%2C2000&ssl=1","datePublished":"2025-06-05T16:04:04+00:00","dateModified":"2026-03-12T08:47:15+00:00","breadcrumb":{"@id":"https:\/\/truusk.store\/sv\/produkt\/truusk-koksvagn-pa-hjul-med-arbetsyta-lada-hylla-vit-praktisk-serveringsvagn-kryddhylla-handduksstang\/#breadcrumb"},"inLanguage":"sv-SE","potentialAction":[{"@type":"ReadAction","target":["https:\/\/truusk.store\/sv\/produkt\/truusk-koksvagn-pa-hjul-med-arbetsyta-lada-hylla-vit-praktisk-serveringsvagn-kryddhylla-handduksstang\/"]}]},{"@type":"ImageObject","inLanguage":"sv-SE","@id":"https:\/\/truusk.store\/sv\/produkt\/truusk-koksvagn-pa-hjul-med-arbetsyta-lada-hylla-vit-praktisk-serveringsvagn-kryddhylla-handduksstang\/#primaryimage","url":"https:\/\/i0.wp.com\/truusk.store\/wp-content\/uploads\/2025\/06\/kokso-koksvagn-pa-hjul-med-arbetsyta-lada-rullande-koksskap-med-hylla-kryddhylla-handduksstang-serveringsvagn-kokstrolley-vit-1.webp?fit=2000%2C2000&ssl=1","contentUrl":"https:\/\/i0.wp.com\/truusk.store\/wp-content\/uploads\/2025\/06\/kokso-koksvagn-pa-hjul-med-arbetsyta-lada-rullande-koksskap-med-hylla-kryddhylla-handduksstang-serveringsvagn-kokstrolley-vit-1.webp?fit=2000%2C2000&ssl=1","width":2000,"height":2000},{"@type":"BreadcrumbList","@id":"https:\/\/truusk.store\/sv\/produkt\/truusk-koksvagn-pa-hjul-med-arbetsyta-lada-hylla-vit-praktisk-serveringsvagn-kryddhylla-handduksstang\/#breadcrumb","itemListElement":[{"@type":"ListItem","position":1,"name":"Home","item":"https:\/\/truusk.store\/sv\/"},{"@type":"ListItem","position":2,"name":"Shop","item":"https:\/\/truusk.store\/shop\/"},{"@type":"ListItem","position":3,"name":"TRUUSK K\u00f6ksvagn p\u00e5 hjul &#8211; Med arbetsyta, l\u00e5da, hylla &#8211; Vit &#8211; Praktisk serveringsvagn &#8211; Kryddhylla &#8211; Handduksst\u00e5ng"}]},{"@type":"WebSite","@id":"https:\/\/truusk.store\/sv\/#website","url":"https:\/\/truusk.store\/sv\/","name":"TRUUSK - Hem, Tr\u00e4dg\u00e5rd & Fritid","description":"","publisher":{"@id":"https:\/\/truusk.store\/sv\/#organization"},"potentialAction":[{"@type":"SearchAction","target":{"@type":"EntryPoint","urlTemplate":"https:\/\/truusk.store\/sv\/?s={search_term_string}"},"query-input":{"@type":"PropertyValueSpecification","valueRequired":true,"valueName":"search_term_string"}}],"inLanguage":"sv-SE"},{"@type":"Organization","@id":"https:\/\/truusk.store\/sv\/#organization","name":"TRUUSK - Hem, Tr\u00e4dg\u00e5rd & Fritid","url":"https:\/\/truusk.store\/sv\/","logo":{"@type":"ImageObject","inLanguage":"sv-SE","@id":"https:\/\/truusk.store\/sv\/#\/schema\/logo\/image\/","url":"https:\/\/i0.wp.com\/truusk.store\/wp-content\/uploads\/2026\/03\/cropped-TRUUSK.png?fit=2032%2C917&ssl=1","contentUrl":"https:\/\/i0.wp.com\/truusk.store\/wp-content\/uploads\/2026\/03\/cropped-TRUUSK.png?fit=2032%2C917&ssl=1","width":2032,"height":917,"caption":"TRUUSK - Hem, Tr\u00e4dg\u00e5rd & Fritid"},"image":{"@id":"https:\/\/truusk.store\/sv\/#\/schema\/logo\/image\/"}}]}},"jetpack_sharing_enabled":true,"_links":{"self":[{"href":"https:\/\/truusk.store\/sv\/wp-json\/wp\/v2\/product\/69006","targetHints":{"allow":["GET"]}}],"collection":[{"href":"https:\/\/truusk.store\/sv\/wp-json\/wp\/v2\/product"}],"about":[{"href":"https:\/\/truusk.store\/sv\/wp-json\/wp\/v2\/types\/product"}],"wp:featuredmedia":[{"embeddable":true,"href":"https:\/\/truusk.store\/sv\/wp-json\/wp\/v2\/media\/68997"}],"wp:attachment":[{"href":"https:\/\/truusk.store\/sv\/wp-json\/wp\/v2\/media?parent=69006"}],"wp:term":[{"taxonomy":"product_brand","embeddable":true,"href":"https:\/\/truusk.store\/sv\/wp-json\/wp\/v2\/product_brand?post=69006"},{"taxonomy":"product_cat","embeddable":true,"href":"https:\/\/truusk.store\/sv\/wp-json\/wp\/v2\/product_cat?post=69006"},{"taxonomy":"product_tag","embeddable":true,"href":"https:\/\/truusk.store\/sv\/wp-json\/wp\/v2\/product_tag?post=69006"}],"curies":[{"name":"wp","href":"https:\/\/api.w.org\/{rel}","templated":true}]}}