{"id":69101,"date":"2025-06-05T17:13:21","date_gmt":"2025-06-05T16:13:21","guid":{"rendered":"https:\/\/truusk.store\/product\/grillpaviljong-240-x-150-x-257-cm-vattentat-flamskyddad-tradgardspaviljong-med-dubbel-tak-sidohyllor-tradgardsbagar-med-uv-skydd-bbq-paviljong-av-stal-grilltalt-for-fest-bbq-beige\/"},"modified":"2026-03-12T09:46:41","modified_gmt":"2026-03-12T08:46:41","slug":"truusk-grillpaviljong-240-x-150-x-257-cm-vattentat-flamskyddad-dubbelt-tak-sidohyllor-uv-skydd-bbq-paviljong-av-stal","status":"publish","type":"product","link":"https:\/\/truusk.store\/sv\/produkt\/truusk-grillpaviljong-240-x-150-x-257-cm-vattentat-flamskyddad-dubbelt-tak-sidohyllor-uv-skydd-bbq-paviljong-av-stal\/","title":{"rendered":"TRUUSK Grillpaviljong 240 x 150 x 257 cm &#8211; Vattent\u00e4t &#8211; Flamskyddad &#8211; Dubbelt tak &#8211; Sidohyllor &#8211; UV-skydd &#8211; BBQ Paviljong av St\u00e5l"},"content":{"rendered":"<p>TRUUSK grillpaviljongen erbjuder utm\u00e4rkt luftcirkulation f\u00f6r att leda bort r\u00f6k och skyddar samtidigt mot sol och duggregn. Tr\u00e4dg\u00e5rdspaviljongens brandh\u00e4mmande och st\u00e4nks\u00e4kra tak garanterar en s\u00e4ker matlagningszon. Praktiska krokar, hyllor och korgar ger dessutom ordning. Den robusta, rostfria ramen g\u00f6r denna tr\u00e4dg\u00e5rdspaviljong till det perfekta komplementet till alla utomhusk\u00f6k.<\/p>\n<p>Beskrivning:<\/p>\n<ul>\n<li> Tr\u00e4dg\u00e5rdspaviljongens tv\u00e5stegsdesign s\u00e4kerst\u00e4ller effektiv avledning av r\u00f6k och v\u00e4rme<\/li>\n<li> Tr\u00e4dg\u00e5rdspaviljongens tak erbjuder skugga och skydd mot direkt solljus<\/li>\n<li> Avloppsh\u00e5l i grillpaviljongen f\u00f6rhindrar ansamling av vatten<\/li>\n<li> Brandh\u00e4mmande, st\u00e4nks\u00e4ker polyesterduk f\u00f6r s\u00e4kerhet<\/li>\n<li> Tak krok g\u00f6r det m\u00f6jligt att h\u00e4nga upp lampor<\/li>\n<li> Sidohyllor och f\u00f6rvaringskorgar h\u00e5ller n\u00f6dv\u00e4ndigheter inom r\u00e4ckh\u00e5ll<\/li>\n<li> Pulverlackerad st\u00e5lram, markankare och skruvar f\u00f6r s\u00e4ker montering<\/li>\n<li> Obs: L\u00e5t inte st\u00e5 kvar vid d\u00e5ligt v\u00e4der<\/li>\n<\/ul>\n<p> Tekniska data:<\/p>\n<ul>\n<li> F\u00e4rg: Beige<\/li>\n<li> Material: Galvaniserat st\u00e5l, Polyester<\/li>\n<li> Totala dimensioner: 240L x 150B x 257H cm<\/li>\n<li> Takfotsh\u00f6jd: 201H cm<\/li>\n<li> Pelaravst\u00e5nd: 195L x 119B cm<\/li>\n<li> Hyllstorlek: 119L x 20B cm<\/li>\n<li> Hyllh\u00f6jd fr\u00e5n marken: 98 cm<\/li>\n<li> F\u00f6rvaringskorgstorlek: 120L x 20B x 15H cm<\/li>\n<li> Korgens h\u00f6jd fr\u00e5n marken: 40 cm<\/li>\n<li> Vindt\u00e5lighet: 4-5 (10,6-20,8 km\/h)<\/li>\n<li> Sn\u00f6lastkapacitet: 5 kg\/m\u00b2<\/li>\n<li> Belastningskapacitet: 40 kg (hylla), 5 kg (krok), 30 kg (korg)<\/li>\n<\/ul>\n<p>Leveransinneh\u00e5ll:<\/p>\n<ul>\n<li> 1 x Grillt\u00e4lt<\/li>\n<li> 8 x Expansionspluggar<\/li>\n<li> 8 x Markpinnar<\/li>\n<li> 1 x Bruksanvisning<\/li>\n<\/ul>\n","protected":false},"excerpt":{"rendered":"<p>TRUUSK grillpaviljongen erbjuder utm\u00e4rkt luftcirkulation f\u00f6r att leda bort r\u00f6k och skyddar samtidigt mot sol och duggregn. Tr\u00e4dg\u00e5rdspaviljongens brandh\u00e4mmande och&#8230;<\/p>\n","protected":false},"featured_media":69087,"template":"","meta":[],"product_brand":[],"product_cat":[480,858,476],"product_tag":[],"class_list":{"0":"post-69101","1":"product","2":"type-product","3":"status-publish","4":"has-post-thumbnail","6":"product_cat-grillpaviljonger","7":"product_cat-tradgard-terrass","8":"product_cat-tradgardspaviljonger","10":"first","11":"instock","12":"sale","13":"taxable","14":"shipping-taxable","15":"purchasable","16":"product-type-simple"},"yoast_head":"<!-- This site is optimized with the Yoast SEO plugin v25.4 - https:\/\/yoast.com\/wordpress\/plugins\/seo\/ -->\n<title>TRUUSK Grillpaviljong 240 x 150 x 257 cm - Vattent\u00e4t - Flamskyddad - Dubbelt tak - Sidohyllor - UV-skydd - BBQ Paviljong av St\u00e5l - TRUUSK - Hem, Tr\u00e4dg\u00e5rd &amp; Fritid<\/title>\n<meta name=\"robots\" content=\"index, follow, max-snippet:-1, max-image-preview:large, max-video-preview:-1\" \/>\n<link rel=\"canonical\" href=\"https:\/\/truusk.store\/sv\/produkt\/truusk-grillpaviljong-240-x-150-x-257-cm-vattentat-flamskyddad-dubbelt-tak-sidohyllor-uv-skydd-bbq-paviljong-av-stal\/\" \/>\n<meta property=\"og:locale\" content=\"sv_SE\" \/>\n<meta property=\"og:type\" content=\"article\" \/>\n<meta property=\"og:title\" content=\"TRUUSK Grillpaviljong 240 x 150 x 257 cm - Vattent\u00e4t - Flamskyddad - Dubbelt tak - Sidohyllor - UV-skydd - BBQ Paviljong av St\u00e5l - TRUUSK - Hem, Tr\u00e4dg\u00e5rd &amp; Fritid\" \/>\n<meta property=\"og:description\" content=\"TRUUSK grillpaviljongen erbjuder utm\u00e4rkt luftcirkulation f\u00f6r att leda bort r\u00f6k och skyddar samtidigt mot sol och duggregn. Tr\u00e4dg\u00e5rdspaviljongens brandh\u00e4mmande och...\" \/>\n<meta property=\"og:url\" content=\"https:\/\/truusk.store\/sv\/produkt\/truusk-grillpaviljong-240-x-150-x-257-cm-vattentat-flamskyddad-dubbelt-tak-sidohyllor-uv-skydd-bbq-paviljong-av-stal\/\" \/>\n<meta property=\"og:site_name\" content=\"TRUUSK - Hem, Tr\u00e4dg\u00e5rd &amp; Fritid\" \/>\n<meta property=\"article:modified_time\" content=\"2026-03-12T08:46:41+00:00\" \/>\n<meta property=\"og:image\" content=\"https:\/\/i0.wp.com\/truusk.se\/wp-content\/uploads\/2025\/06\/grillpaviljong-240-x-150-x-257-cm-vattentat-flamskyddad-tradgardspaviljong-med-dubbel-tak-sidohyllor-tradgardsbagar-med-uv-skydd-bbq-paviljong-av-stal-grilltalt-for-fest-bbq-beige-1.webp?fit=2000%2C2000&ssl=1\" \/>\n\t<meta property=\"og:image:width\" content=\"2000\" \/>\n\t<meta property=\"og:image:height\" content=\"2000\" \/>\n\t<meta property=\"og:image:type\" content=\"image\/webp\" \/>\n<meta name=\"twitter:card\" content=\"summary_large_image\" \/>\n<meta name=\"twitter:label1\" content=\"Ber\u00e4knad l\u00e4stid\" \/>\n\t<meta name=\"twitter:data1\" content=\"1 minut\" \/>\n<!-- \/ Yoast SEO plugin. -->","yoast_head_json":{"title":"TRUUSK Grillpaviljong 240 x 150 x 257 cm - Vattent\u00e4t - Flamskyddad - Dubbelt tak - Sidohyllor - UV-skydd - BBQ Paviljong av St\u00e5l - TRUUSK - Hem, Tr\u00e4dg\u00e5rd &amp; Fritid","robots":{"index":"index","follow":"follow","max-snippet":"max-snippet:-1","max-image-preview":"max-image-preview:large","max-video-preview":"max-video-preview:-1"},"canonical":"https:\/\/truusk.store\/sv\/produkt\/truusk-grillpaviljong-240-x-150-x-257-cm-vattentat-flamskyddad-dubbelt-tak-sidohyllor-uv-skydd-bbq-paviljong-av-stal\/","og_locale":"sv_SE","og_type":"article","og_title":"TRUUSK Grillpaviljong 240 x 150 x 257 cm - Vattent\u00e4t - Flamskyddad - Dubbelt tak - Sidohyllor - UV-skydd - BBQ Paviljong av St\u00e5l - TRUUSK - Hem, Tr\u00e4dg\u00e5rd &amp; Fritid","og_description":"TRUUSK grillpaviljongen erbjuder utm\u00e4rkt luftcirkulation f\u00f6r att leda bort r\u00f6k och skyddar samtidigt mot sol och duggregn. Tr\u00e4dg\u00e5rdspaviljongens brandh\u00e4mmande och...","og_url":"https:\/\/truusk.store\/sv\/produkt\/truusk-grillpaviljong-240-x-150-x-257-cm-vattentat-flamskyddad-dubbelt-tak-sidohyllor-uv-skydd-bbq-paviljong-av-stal\/","og_site_name":"TRUUSK - Hem, Tr\u00e4dg\u00e5rd &amp; Fritid","article_modified_time":"2026-03-12T08:46:41+00:00","og_image":[{"width":2000,"height":2000,"url":"https:\/\/i0.wp.com\/truusk.se\/wp-content\/uploads\/2025\/06\/grillpaviljong-240-x-150-x-257-cm-vattentat-flamskyddad-tradgardspaviljong-med-dubbel-tak-sidohyllor-tradgardsbagar-med-uv-skydd-bbq-paviljong-av-stal-grilltalt-for-fest-bbq-beige-1.webp?fit=2000%2C2000&ssl=1","type":"image\/webp"}],"twitter_card":"summary_large_image","twitter_misc":{"Ber\u00e4knad l\u00e4stid":"1 minut"},"schema":{"@context":"https:\/\/schema.org","@graph":[{"@type":"WebPage","@id":"https:\/\/truusk.store\/sv\/produkt\/truusk-grillpaviljong-240-x-150-x-257-cm-vattentat-flamskyddad-dubbelt-tak-sidohyllor-uv-skydd-bbq-paviljong-av-stal\/","url":"https:\/\/truusk.store\/sv\/produkt\/truusk-grillpaviljong-240-x-150-x-257-cm-vattentat-flamskyddad-dubbelt-tak-sidohyllor-uv-skydd-bbq-paviljong-av-stal\/","name":"TRUUSK Grillpaviljong 240 x 150 x 257 cm - Vattent\u00e4t - Flamskyddad - Dubbelt tak - Sidohyllor - UV-skydd - BBQ Paviljong av St\u00e5l - TRUUSK - Hem, Tr\u00e4dg\u00e5rd &amp; Fritid","isPartOf":{"@id":"https:\/\/truusk.store\/sv\/#website"},"primaryImageOfPage":{"@id":"https:\/\/truusk.store\/sv\/produkt\/truusk-grillpaviljong-240-x-150-x-257-cm-vattentat-flamskyddad-dubbelt-tak-sidohyllor-uv-skydd-bbq-paviljong-av-stal\/#primaryimage"},"image":{"@id":"https:\/\/truusk.store\/sv\/produkt\/truusk-grillpaviljong-240-x-150-x-257-cm-vattentat-flamskyddad-dubbelt-tak-sidohyllor-uv-skydd-bbq-paviljong-av-stal\/#primaryimage"},"thumbnailUrl":"https:\/\/i0.wp.com\/truusk.store\/wp-content\/uploads\/2025\/06\/grillpaviljong-240-x-150-x-257-cm-vattentat-flamskyddad-tradgardspaviljong-med-dubbel-tak-sidohyllor-tradgardsbagar-med-uv-skydd-bbq-paviljong-av-stal-grilltalt-for-fest-bbq-beige-1.webp?fit=2000%2C2000&ssl=1","datePublished":"2025-06-05T16:13:21+00:00","dateModified":"2026-03-12T08:46:41+00:00","breadcrumb":{"@id":"https:\/\/truusk.store\/sv\/produkt\/truusk-grillpaviljong-240-x-150-x-257-cm-vattentat-flamskyddad-dubbelt-tak-sidohyllor-uv-skydd-bbq-paviljong-av-stal\/#breadcrumb"},"inLanguage":"sv-SE","potentialAction":[{"@type":"ReadAction","target":["https:\/\/truusk.store\/sv\/produkt\/truusk-grillpaviljong-240-x-150-x-257-cm-vattentat-flamskyddad-dubbelt-tak-sidohyllor-uv-skydd-bbq-paviljong-av-stal\/"]}]},{"@type":"ImageObject","inLanguage":"sv-SE","@id":"https:\/\/truusk.store\/sv\/produkt\/truusk-grillpaviljong-240-x-150-x-257-cm-vattentat-flamskyddad-dubbelt-tak-sidohyllor-uv-skydd-bbq-paviljong-av-stal\/#primaryimage","url":"https:\/\/i0.wp.com\/truusk.store\/wp-content\/uploads\/2025\/06\/grillpaviljong-240-x-150-x-257-cm-vattentat-flamskyddad-tradgardspaviljong-med-dubbel-tak-sidohyllor-tradgardsbagar-med-uv-skydd-bbq-paviljong-av-stal-grilltalt-for-fest-bbq-beige-1.webp?fit=2000%2C2000&ssl=1","contentUrl":"https:\/\/i0.wp.com\/truusk.store\/wp-content\/uploads\/2025\/06\/grillpaviljong-240-x-150-x-257-cm-vattentat-flamskyddad-tradgardspaviljong-med-dubbel-tak-sidohyllor-tradgardsbagar-med-uv-skydd-bbq-paviljong-av-stal-grilltalt-for-fest-bbq-beige-1.webp?fit=2000%2C2000&ssl=1","width":2000,"height":2000},{"@type":"BreadcrumbList","@id":"https:\/\/truusk.store\/sv\/produkt\/truusk-grillpaviljong-240-x-150-x-257-cm-vattentat-flamskyddad-dubbelt-tak-sidohyllor-uv-skydd-bbq-paviljong-av-stal\/#breadcrumb","itemListElement":[{"@type":"ListItem","position":1,"name":"Home","item":"https:\/\/truusk.store\/sv\/"},{"@type":"ListItem","position":2,"name":"Shop","item":"https:\/\/truusk.store\/shop\/"},{"@type":"ListItem","position":3,"name":"TRUUSK Grillpaviljong 240 x 150 x 257 cm &#8211; Vattent\u00e4t &#8211; Flamskyddad &#8211; Dubbelt tak &#8211; Sidohyllor &#8211; UV-skydd &#8211; BBQ Paviljong av St\u00e5l"}]},{"@type":"WebSite","@id":"https:\/\/truusk.store\/sv\/#website","url":"https:\/\/truusk.store\/sv\/","name":"TRUUSK - Hem, Tr\u00e4dg\u00e5rd & Fritid","description":"","publisher":{"@id":"https:\/\/truusk.store\/sv\/#organization"},"potentialAction":[{"@type":"SearchAction","target":{"@type":"EntryPoint","urlTemplate":"https:\/\/truusk.store\/sv\/?s={search_term_string}"},"query-input":{"@type":"PropertyValueSpecification","valueRequired":true,"valueName":"search_term_string"}}],"inLanguage":"sv-SE"},{"@type":"Organization","@id":"https:\/\/truusk.store\/sv\/#organization","name":"TRUUSK - Hem, Tr\u00e4dg\u00e5rd & Fritid","url":"https:\/\/truusk.store\/sv\/","logo":{"@type":"ImageObject","inLanguage":"sv-SE","@id":"https:\/\/truusk.store\/sv\/#\/schema\/logo\/image\/","url":"https:\/\/i0.wp.com\/truusk.store\/wp-content\/uploads\/2026\/03\/cropped-TRUUSK.png?fit=2032%2C917&ssl=1","contentUrl":"https:\/\/i0.wp.com\/truusk.store\/wp-content\/uploads\/2026\/03\/cropped-TRUUSK.png?fit=2032%2C917&ssl=1","width":2032,"height":917,"caption":"TRUUSK - Hem, Tr\u00e4dg\u00e5rd & Fritid"},"image":{"@id":"https:\/\/truusk.store\/sv\/#\/schema\/logo\/image\/"}}]}},"jetpack_sharing_enabled":true,"_links":{"self":[{"href":"https:\/\/truusk.store\/sv\/wp-json\/wp\/v2\/product\/69101","targetHints":{"allow":["GET"]}}],"collection":[{"href":"https:\/\/truusk.store\/sv\/wp-json\/wp\/v2\/product"}],"about":[{"href":"https:\/\/truusk.store\/sv\/wp-json\/wp\/v2\/types\/product"}],"wp:featuredmedia":[{"embeddable":true,"href":"https:\/\/truusk.store\/sv\/wp-json\/wp\/v2\/media\/69087"}],"wp:attachment":[{"href":"https:\/\/truusk.store\/sv\/wp-json\/wp\/v2\/media?parent=69101"}],"wp:term":[{"taxonomy":"product_brand","embeddable":true,"href":"https:\/\/truusk.store\/sv\/wp-json\/wp\/v2\/product_brand?post=69101"},{"taxonomy":"product_cat","embeddable":true,"href":"https:\/\/truusk.store\/sv\/wp-json\/wp\/v2\/product_cat?post=69101"},{"taxonomy":"product_tag","embeddable":true,"href":"https:\/\/truusk.store\/sv\/wp-json\/wp\/v2\/product_tag?post=69101"}],"curies":[{"name":"wp","href":"https:\/\/api.w.org\/{rel}","templated":true}]}}