{"id":69136,"date":"2025-06-05T17:16:59","date_gmt":"2025-06-05T16:16:59","guid":{"rendered":"https:\/\/truusk.store\/product\/steppbrada-aerobic-stepper-hojdjusterbar-med-3-steg-10-15-20-cm-fitness-hemtranare-for-inomhus-och-utomhus-barkapacitet-upp-till-150-kg-rod\/"},"modified":"2026-03-12T09:42:21","modified_gmt":"2026-03-12T08:42:21","slug":"truusk-steppbrada-aerobic-stepper-hojdjusterbar-3-steg-10-15-20-cm-fitness-hemtranare-inomhus-och-utomhus","status":"publish","type":"product","link":"https:\/\/truusk.store\/sv\/produkt\/truusk-steppbrada-aerobic-stepper-hojdjusterbar-3-steg-10-15-20-cm-fitness-hemtranare-inomhus-och-utomhus\/","title":{"rendered":"TRUUSK Steppbr\u00e4da Aerobic-Stepper &#8211; H\u00f6jdjusterbar &#8211; 3 Steg (10\/15\/20 cm) &#8211; Fitness Hemtr\u00e4nare &#8211; Inomhus och Utomhus &#8211;"},"content":{"rendered":"<p>G\u00f6r din fitness- och konditionstr\u00e4ning s\u00e4rskilt effektiv och skonsam med denna aerobics-stepper fr\u00e5n TRUUSK. Den modul\u00e4ra tillverkningen g\u00f6r det m\u00f6jligt att justera h\u00f6jden mellan 10, 15 och 20 cm. De slitstarka och l\u00e5ngvariga materialen ger inte bara ett fast grepp, utan skyddar ocks\u00e5 lederna genom sina st\u00f6td\u00e4mpande egenskaper. S\u00e4rskilt kompakt designad, kan du bekv\u00e4mt ta med dig denna stepper \u00f6verallt och f\u00f6rvara den platsbesparande.<\/p>\n<p>Beskrivning:<\/p>\n<ul>\n<li> H\u00f6gkvalitativ plast i utm\u00e4rkt utf\u00f6rande<\/li>\n<li> L\u00e4mplig b\u00e5de f\u00f6r hemmabruk och utomhusbruk<\/li>\n<li> Levereras med 4 modul\u00e4ra fotdelar f\u00f6r h\u00f6jdjustering<\/li>\n<li> H\u00f6jden kan justeras i 3 steg: 10, 15 och 20 cm<\/li>\n<li> Non-stick och st\u00f6td\u00e4mpande h\u00f6lje<\/li>\n<li> S\u00e4kert grepp tack vare den halkfria ytan<\/li>\n<li> L\u00e5g vikt f\u00f6r enkel transport<\/li>\n<li> S\u00e4rskilt platsbesparande f\u00f6rvaring<\/li>\n<li> Montering kr\u00e4vs<\/li>\n<\/ul>\n<p> Tekniska data:<\/p>\n<ul>\n<li> F\u00e4rg: Svart+R\u00f6d<\/li>\n<li> Material: Plast<\/li>\n<li> Total storlek: 80L x 31B x 20H cm<\/li>\n<li> Justerbar h\u00f6jd: 10\/15\/20 cm<\/li>\n<li> Max. b\u00e4rkapacitet: 150 kg<\/li>\n<\/ul>\n<p>Leveransinneh\u00e5ll:<\/p>\n<ul>\n<li> 1 x Aerobic-stepper<\/li>\n<li> 1 x Instruktioner<\/li>\n<\/ul>\n","protected":false},"excerpt":{"rendered":"<p>G\u00f6r din fitness- och konditionstr\u00e4ning s\u00e4rskilt effektiv och skonsam med denna aerobics-stepper fr\u00e5n TRUUSK. Den modul\u00e4ra tillverkningen g\u00f6r det m\u00f6jligt&#8230;<\/p>\n","protected":false},"featured_media":69123,"template":"","meta":[],"product_brand":[],"product_cat":[980,647,971],"product_tag":[],"class_list":{"0":"post-69136","1":"product","2":"type-product","3":"status-publish","4":"has-post-thumbnail","6":"product_cat-fitness-kraftsport","7":"product_cat-sport-fritid","8":"product_cat-steppbrador-mini-stepper","10":"first","11":"instock","12":"sale","13":"taxable","14":"shipping-taxable","15":"purchasable","16":"product-type-simple"},"yoast_head":"<!-- This site is optimized with the Yoast SEO plugin v25.4 - https:\/\/yoast.com\/wordpress\/plugins\/seo\/ -->\n<title>TRUUSK Steppbr\u00e4da Aerobic-Stepper - H\u00f6jdjusterbar - 3 Steg (10\/15\/20 cm) - Fitness Hemtr\u00e4nare - Inomhus och Utomhus - TRUUSK - Hem, Tr\u00e4dg\u00e5rd &amp; Fritid<\/title>\n<meta name=\"robots\" content=\"index, follow, max-snippet:-1, max-image-preview:large, max-video-preview:-1\" \/>\n<link rel=\"canonical\" href=\"https:\/\/truusk.store\/sv\/produkt\/truusk-steppbrada-aerobic-stepper-hojdjusterbar-3-steg-10-15-20-cm-fitness-hemtranare-inomhus-och-utomhus\/\" \/>\n<meta property=\"og:locale\" content=\"sv_SE\" \/>\n<meta property=\"og:type\" content=\"article\" \/>\n<meta property=\"og:title\" content=\"TRUUSK Steppbr\u00e4da Aerobic-Stepper - H\u00f6jdjusterbar - 3 Steg (10\/15\/20 cm) - Fitness Hemtr\u00e4nare - Inomhus och Utomhus - TRUUSK - Hem, Tr\u00e4dg\u00e5rd &amp; Fritid\" \/>\n<meta property=\"og:description\" content=\"G\u00f6r din fitness- och konditionstr\u00e4ning s\u00e4rskilt effektiv och skonsam med denna aerobics-stepper fr\u00e5n TRUUSK. Den modul\u00e4ra tillverkningen g\u00f6r det m\u00f6jligt...\" \/>\n<meta property=\"og:url\" content=\"https:\/\/truusk.store\/sv\/produkt\/truusk-steppbrada-aerobic-stepper-hojdjusterbar-3-steg-10-15-20-cm-fitness-hemtranare-inomhus-och-utomhus\/\" \/>\n<meta property=\"og:site_name\" content=\"TRUUSK - Hem, Tr\u00e4dg\u00e5rd &amp; Fritid\" \/>\n<meta property=\"article:modified_time\" content=\"2026-03-12T08:42:21+00:00\" \/>\n<meta property=\"og:image\" content=\"https:\/\/i0.wp.com\/truusk.se\/wp-content\/uploads\/2025\/06\/steppbrada-aerobic-stepper-hojdjusterbar-med-3-steg-10-15-20-cm-fitness-hemtranare-for-inomhus-och-utomhus-barkapacitet-upp-till-150-kg-rod-1.webp?fit=2000%2C2000&ssl=1\" \/>\n\t<meta property=\"og:image:width\" content=\"2000\" \/>\n\t<meta property=\"og:image:height\" content=\"2000\" \/>\n\t<meta property=\"og:image:type\" content=\"image\/webp\" \/>\n<meta name=\"twitter:card\" content=\"summary_large_image\" \/>\n<meta name=\"twitter:label1\" content=\"Ber\u00e4knad l\u00e4stid\" \/>\n\t<meta name=\"twitter:data1\" content=\"1 minut\" \/>\n<!-- \/ Yoast SEO plugin. -->","yoast_head_json":{"title":"TRUUSK Steppbr\u00e4da Aerobic-Stepper - H\u00f6jdjusterbar - 3 Steg (10\/15\/20 cm) - Fitness Hemtr\u00e4nare - Inomhus och Utomhus - TRUUSK - Hem, Tr\u00e4dg\u00e5rd &amp; Fritid","robots":{"index":"index","follow":"follow","max-snippet":"max-snippet:-1","max-image-preview":"max-image-preview:large","max-video-preview":"max-video-preview:-1"},"canonical":"https:\/\/truusk.store\/sv\/produkt\/truusk-steppbrada-aerobic-stepper-hojdjusterbar-3-steg-10-15-20-cm-fitness-hemtranare-inomhus-och-utomhus\/","og_locale":"sv_SE","og_type":"article","og_title":"TRUUSK Steppbr\u00e4da Aerobic-Stepper - H\u00f6jdjusterbar - 3 Steg (10\/15\/20 cm) - Fitness Hemtr\u00e4nare - Inomhus och Utomhus - TRUUSK - Hem, Tr\u00e4dg\u00e5rd &amp; Fritid","og_description":"G\u00f6r din fitness- och konditionstr\u00e4ning s\u00e4rskilt effektiv och skonsam med denna aerobics-stepper fr\u00e5n TRUUSK. Den modul\u00e4ra tillverkningen g\u00f6r det m\u00f6jligt...","og_url":"https:\/\/truusk.store\/sv\/produkt\/truusk-steppbrada-aerobic-stepper-hojdjusterbar-3-steg-10-15-20-cm-fitness-hemtranare-inomhus-och-utomhus\/","og_site_name":"TRUUSK - Hem, Tr\u00e4dg\u00e5rd &amp; Fritid","article_modified_time":"2026-03-12T08:42:21+00:00","og_image":[{"width":2000,"height":2000,"url":"https:\/\/i0.wp.com\/truusk.se\/wp-content\/uploads\/2025\/06\/steppbrada-aerobic-stepper-hojdjusterbar-med-3-steg-10-15-20-cm-fitness-hemtranare-for-inomhus-och-utomhus-barkapacitet-upp-till-150-kg-rod-1.webp?fit=2000%2C2000&ssl=1","type":"image\/webp"}],"twitter_card":"summary_large_image","twitter_misc":{"Ber\u00e4knad l\u00e4stid":"1 minut"},"schema":{"@context":"https:\/\/schema.org","@graph":[{"@type":"WebPage","@id":"https:\/\/truusk.store\/sv\/produkt\/truusk-steppbrada-aerobic-stepper-hojdjusterbar-3-steg-10-15-20-cm-fitness-hemtranare-inomhus-och-utomhus\/","url":"https:\/\/truusk.store\/sv\/produkt\/truusk-steppbrada-aerobic-stepper-hojdjusterbar-3-steg-10-15-20-cm-fitness-hemtranare-inomhus-och-utomhus\/","name":"TRUUSK Steppbr\u00e4da Aerobic-Stepper - H\u00f6jdjusterbar - 3 Steg (10\/15\/20 cm) - Fitness Hemtr\u00e4nare - Inomhus och Utomhus - TRUUSK - Hem, Tr\u00e4dg\u00e5rd &amp; Fritid","isPartOf":{"@id":"https:\/\/truusk.store\/sv\/#website"},"primaryImageOfPage":{"@id":"https:\/\/truusk.store\/sv\/produkt\/truusk-steppbrada-aerobic-stepper-hojdjusterbar-3-steg-10-15-20-cm-fitness-hemtranare-inomhus-och-utomhus\/#primaryimage"},"image":{"@id":"https:\/\/truusk.store\/sv\/produkt\/truusk-steppbrada-aerobic-stepper-hojdjusterbar-3-steg-10-15-20-cm-fitness-hemtranare-inomhus-och-utomhus\/#primaryimage"},"thumbnailUrl":"https:\/\/i0.wp.com\/truusk.store\/wp-content\/uploads\/2025\/06\/steppbrada-aerobic-stepper-hojdjusterbar-med-3-steg-10-15-20-cm-fitness-hemtranare-for-inomhus-och-utomhus-barkapacitet-upp-till-150-kg-rod-1.webp?fit=2000%2C2000&ssl=1","datePublished":"2025-06-05T16:16:59+00:00","dateModified":"2026-03-12T08:42:21+00:00","breadcrumb":{"@id":"https:\/\/truusk.store\/sv\/produkt\/truusk-steppbrada-aerobic-stepper-hojdjusterbar-3-steg-10-15-20-cm-fitness-hemtranare-inomhus-och-utomhus\/#breadcrumb"},"inLanguage":"sv-SE","potentialAction":[{"@type":"ReadAction","target":["https:\/\/truusk.store\/sv\/produkt\/truusk-steppbrada-aerobic-stepper-hojdjusterbar-3-steg-10-15-20-cm-fitness-hemtranare-inomhus-och-utomhus\/"]}]},{"@type":"ImageObject","inLanguage":"sv-SE","@id":"https:\/\/truusk.store\/sv\/produkt\/truusk-steppbrada-aerobic-stepper-hojdjusterbar-3-steg-10-15-20-cm-fitness-hemtranare-inomhus-och-utomhus\/#primaryimage","url":"https:\/\/i0.wp.com\/truusk.store\/wp-content\/uploads\/2025\/06\/steppbrada-aerobic-stepper-hojdjusterbar-med-3-steg-10-15-20-cm-fitness-hemtranare-for-inomhus-och-utomhus-barkapacitet-upp-till-150-kg-rod-1.webp?fit=2000%2C2000&ssl=1","contentUrl":"https:\/\/i0.wp.com\/truusk.store\/wp-content\/uploads\/2025\/06\/steppbrada-aerobic-stepper-hojdjusterbar-med-3-steg-10-15-20-cm-fitness-hemtranare-for-inomhus-och-utomhus-barkapacitet-upp-till-150-kg-rod-1.webp?fit=2000%2C2000&ssl=1","width":2000,"height":2000},{"@type":"BreadcrumbList","@id":"https:\/\/truusk.store\/sv\/produkt\/truusk-steppbrada-aerobic-stepper-hojdjusterbar-3-steg-10-15-20-cm-fitness-hemtranare-inomhus-och-utomhus\/#breadcrumb","itemListElement":[{"@type":"ListItem","position":1,"name":"Home","item":"https:\/\/truusk.store\/sv\/"},{"@type":"ListItem","position":2,"name":"Shop","item":"https:\/\/truusk.store\/shop\/"},{"@type":"ListItem","position":3,"name":"TRUUSK Steppbr\u00e4da Aerobic-Stepper &#8211; H\u00f6jdjusterbar &#8211; 3 Steg (10\/15\/20 cm) &#8211; Fitness Hemtr\u00e4nare &#8211; Inomhus och Utomhus &#8211;"}]},{"@type":"WebSite","@id":"https:\/\/truusk.store\/sv\/#website","url":"https:\/\/truusk.store\/sv\/","name":"TRUUSK - Hem, Tr\u00e4dg\u00e5rd & Fritid","description":"","publisher":{"@id":"https:\/\/truusk.store\/sv\/#organization"},"potentialAction":[{"@type":"SearchAction","target":{"@type":"EntryPoint","urlTemplate":"https:\/\/truusk.store\/sv\/?s={search_term_string}"},"query-input":{"@type":"PropertyValueSpecification","valueRequired":true,"valueName":"search_term_string"}}],"inLanguage":"sv-SE"},{"@type":"Organization","@id":"https:\/\/truusk.store\/sv\/#organization","name":"TRUUSK - Hem, Tr\u00e4dg\u00e5rd & Fritid","url":"https:\/\/truusk.store\/sv\/","logo":{"@type":"ImageObject","inLanguage":"sv-SE","@id":"https:\/\/truusk.store\/sv\/#\/schema\/logo\/image\/","url":"https:\/\/i0.wp.com\/truusk.store\/wp-content\/uploads\/2026\/03\/cropped-TRUUSK.png?fit=2032%2C917&ssl=1","contentUrl":"https:\/\/i0.wp.com\/truusk.store\/wp-content\/uploads\/2026\/03\/cropped-TRUUSK.png?fit=2032%2C917&ssl=1","width":2032,"height":917,"caption":"TRUUSK - Hem, Tr\u00e4dg\u00e5rd & Fritid"},"image":{"@id":"https:\/\/truusk.store\/sv\/#\/schema\/logo\/image\/"}}]}},"jetpack_sharing_enabled":true,"_links":{"self":[{"href":"https:\/\/truusk.store\/sv\/wp-json\/wp\/v2\/product\/69136","targetHints":{"allow":["GET"]}}],"collection":[{"href":"https:\/\/truusk.store\/sv\/wp-json\/wp\/v2\/product"}],"about":[{"href":"https:\/\/truusk.store\/sv\/wp-json\/wp\/v2\/types\/product"}],"wp:featuredmedia":[{"embeddable":true,"href":"https:\/\/truusk.store\/sv\/wp-json\/wp\/v2\/media\/69123"}],"wp:attachment":[{"href":"https:\/\/truusk.store\/sv\/wp-json\/wp\/v2\/media?parent=69136"}],"wp:term":[{"taxonomy":"product_brand","embeddable":true,"href":"https:\/\/truusk.store\/sv\/wp-json\/wp\/v2\/product_brand?post=69136"},{"taxonomy":"product_cat","embeddable":true,"href":"https:\/\/truusk.store\/sv\/wp-json\/wp\/v2\/product_cat?post=69136"},{"taxonomy":"product_tag","embeddable":true,"href":"https:\/\/truusk.store\/sv\/wp-json\/wp\/v2\/product_tag?post=69136"}],"curies":[{"name":"wp","href":"https:\/\/api.w.org\/{rel}","templated":true}]}}