{"id":69146,"date":"2025-06-05T17:18:13","date_gmt":"2025-06-05T16:18:13","guid":{"rendered":"https:\/\/truusk.store\/product\/kontorsstol-ergonomisk-skrivbordsstol-med-armstod-hojdjusterbar-snurrstol-med-gungfunktion-linneutseende-vadderad-datorstol-gra\/"},"modified":"2026-03-12T08:42:41","modified_gmt":"2026-03-12T07:42:41","slug":"truusk-ergonomisk-kontorsstol-med-armstod-hojdjusterbar-och-gungfunktion-linneutseende-vadderad-gra","status":"publish","type":"product","link":"https:\/\/truusk.store\/sv\/produkt\/truusk-ergonomisk-kontorsstol-med-armstod-hojdjusterbar-och-gungfunktion-linneutseende-vadderad-gra\/","title":{"rendered":"TRUUSK Ergonomisk Kontorsstol med Armst\u00f6d &#8211; H\u00f6jdjusterbar och Gungfunktion &#8211; Linneutseende &#8211; Vadderad &#8211; Gr\u00e5"},"content":{"rendered":"<p>Upplev den lyxiga komforten med TRUUSK kontorsstolen, som \u00e4r stoppad med dubbla lager av h\u00f6gdensitetsskum och kl\u00e4dd i ett andningsbart tyg. Njut av friheten att luta och gunga efter behag, medan den stegl\u00f6st justerbara sitth\u00f6jden p\u00e5 datorstolen med en mjuk gaslyft s\u00e4kerst\u00e4ller att du alltid \u00e4r optimalt positionerad f\u00f6r maximal produktivitet. En stilfull h\u00f6jdpunkt f\u00f6r varje arbetsmilj\u00f6 &#8211; f\u00f6r mer komfort och elegans p\u00e5 ditt kontor!<\/p>\n<p>Beskrivning:<\/p>\n<ul>\n<li> Dubbelskiktad, h\u00f6gdensitetsskumstoppning ger optimal sittkomfort<\/li>\n<li> Andningsbart tyg med linne-look f\u00f6rb\u00e4ttrar luftcirkulationen och minskar svettning<\/li>\n<li> Gungfunktionen m\u00f6jligg\u00f6r mjuk gungning f\u00f6r \u00f6kad avkoppling<\/li>\n<li> Sitth\u00f6jden \u00e4r justerbar med en h\u00f6gkvalitativ gaslyft av klass tre f\u00f6r optimal anpassning<\/li>\n<li> PU-hjul p\u00e5 kontorsstolen skyddar golvet mot skador och \u00e4r l\u00e4mpliga f\u00f6r alla ytor<\/li>\n<li> Modern design p\u00e5 PC-stolen med rena linjer i gr\u00e5 ton<\/li>\n<li> Montering kr\u00e4vs<\/li>\n<\/ul>\n<p> Tekniska data:<\/p>\n<ul>\n<li> F\u00e4rg: Gr\u00e5<\/li>\n<li> Material: Linneimitation (100% polyester), skum, st\u00e5l<\/li>\n<li> Totala dimensioner: 63B x 70T x 102-112H cm<\/li>\n<li> Sitsstorlek: 50B x 48T cm<\/li>\n<li> Sitth\u00f6jd: 50-60 cm<\/li>\n<li> Ryggstorlek: 50B x 61L cm<\/li>\n<li> Tjocklek p\u00e5 sits- och ryggkudde: 12 cm<\/li>\n<li> B\u00e4rkapacitet: 120 kg<\/li>\n<\/ul>\n<p>Leveransinneh\u00e5ll:<\/p>\n<ul>\n<li> 1 x Kontorsstol<\/li>\n<li> 1 x Bruksanvisning<\/li>\n<\/ul>\n","protected":false},"excerpt":{"rendered":"<p>Upplev den lyxiga komforten med TRUUSK kontorsstolen, som \u00e4r stoppad med dubbla lager av h\u00f6gdensitetsskum och kl\u00e4dd i ett andningsbart&#8230;<\/p>\n","protected":false},"featured_media":69137,"template":"","meta":[],"product_brand":[],"product_cat":[872,871,516],"product_tag":[],"class_list":{"0":"post-69146","1":"product","2":"type-product","3":"status-publish","4":"has-post-thumbnail","6":"product_cat-hemmakontor-arbetsplats","7":"product_cat-hus-hem","8":"product_cat-kontorsstolar","10":"first","11":"instock","12":"sale","13":"taxable","14":"shipping-taxable","15":"purchasable","16":"product-type-simple"},"yoast_head":"<!-- This site is optimized with the Yoast SEO plugin v25.4 - https:\/\/yoast.com\/wordpress\/plugins\/seo\/ -->\n<title>TRUUSK Ergonomisk Kontorsstol med Armst\u00f6d - H\u00f6jdjusterbar och Gungfunktion - Linneutseende - Vadderad - Gr\u00e5 - TRUUSK - Hem, Tr\u00e4dg\u00e5rd &amp; Fritid<\/title>\n<meta name=\"robots\" content=\"index, follow, max-snippet:-1, max-image-preview:large, max-video-preview:-1\" \/>\n<link rel=\"canonical\" href=\"https:\/\/truusk.store\/sv\/produkt\/truusk-ergonomisk-kontorsstol-med-armstod-hojdjusterbar-och-gungfunktion-linneutseende-vadderad-gra\/\" \/>\n<meta property=\"og:locale\" content=\"sv_SE\" \/>\n<meta property=\"og:type\" content=\"article\" \/>\n<meta property=\"og:title\" content=\"TRUUSK Ergonomisk Kontorsstol med Armst\u00f6d - H\u00f6jdjusterbar och Gungfunktion - Linneutseende - Vadderad - Gr\u00e5 - TRUUSK - Hem, Tr\u00e4dg\u00e5rd &amp; Fritid\" \/>\n<meta property=\"og:description\" content=\"Upplev den lyxiga komforten med TRUUSK kontorsstolen, som \u00e4r stoppad med dubbla lager av h\u00f6gdensitetsskum och kl\u00e4dd i ett andningsbart...\" \/>\n<meta property=\"og:url\" content=\"https:\/\/truusk.store\/sv\/produkt\/truusk-ergonomisk-kontorsstol-med-armstod-hojdjusterbar-och-gungfunktion-linneutseende-vadderad-gra\/\" \/>\n<meta property=\"og:site_name\" content=\"TRUUSK - Hem, Tr\u00e4dg\u00e5rd &amp; Fritid\" \/>\n<meta property=\"article:modified_time\" content=\"2026-03-12T07:42:41+00:00\" \/>\n<meta property=\"og:image\" content=\"https:\/\/i0.wp.com\/truusk.se\/wp-content\/uploads\/2025\/06\/kontorsstol-ergonomisk-skrivbordsstol-med-armstod-hojdjusterbar-snurrstol-med-gungfunktion-linneutseende-vadderad-datorstol-gra-1.webp?fit=2000%2C2000&ssl=1\" \/>\n\t<meta property=\"og:image:width\" content=\"2000\" \/>\n\t<meta property=\"og:image:height\" content=\"2000\" \/>\n\t<meta property=\"og:image:type\" content=\"image\/webp\" \/>\n<meta name=\"twitter:card\" content=\"summary_large_image\" \/>\n<meta name=\"twitter:label1\" content=\"Ber\u00e4knad l\u00e4stid\" \/>\n\t<meta name=\"twitter:data1\" content=\"1 minut\" \/>\n<!-- \/ Yoast SEO plugin. -->","yoast_head_json":{"title":"TRUUSK Ergonomisk Kontorsstol med Armst\u00f6d - H\u00f6jdjusterbar och Gungfunktion - Linneutseende - Vadderad - Gr\u00e5 - TRUUSK - Hem, Tr\u00e4dg\u00e5rd &amp; Fritid","robots":{"index":"index","follow":"follow","max-snippet":"max-snippet:-1","max-image-preview":"max-image-preview:large","max-video-preview":"max-video-preview:-1"},"canonical":"https:\/\/truusk.store\/sv\/produkt\/truusk-ergonomisk-kontorsstol-med-armstod-hojdjusterbar-och-gungfunktion-linneutseende-vadderad-gra\/","og_locale":"sv_SE","og_type":"article","og_title":"TRUUSK Ergonomisk Kontorsstol med Armst\u00f6d - H\u00f6jdjusterbar och Gungfunktion - Linneutseende - Vadderad - Gr\u00e5 - TRUUSK - Hem, Tr\u00e4dg\u00e5rd &amp; Fritid","og_description":"Upplev den lyxiga komforten med TRUUSK kontorsstolen, som \u00e4r stoppad med dubbla lager av h\u00f6gdensitetsskum och kl\u00e4dd i ett andningsbart...","og_url":"https:\/\/truusk.store\/sv\/produkt\/truusk-ergonomisk-kontorsstol-med-armstod-hojdjusterbar-och-gungfunktion-linneutseende-vadderad-gra\/","og_site_name":"TRUUSK - Hem, Tr\u00e4dg\u00e5rd &amp; Fritid","article_modified_time":"2026-03-12T07:42:41+00:00","og_image":[{"width":2000,"height":2000,"url":"https:\/\/i0.wp.com\/truusk.se\/wp-content\/uploads\/2025\/06\/kontorsstol-ergonomisk-skrivbordsstol-med-armstod-hojdjusterbar-snurrstol-med-gungfunktion-linneutseende-vadderad-datorstol-gra-1.webp?fit=2000%2C2000&ssl=1","type":"image\/webp"}],"twitter_card":"summary_large_image","twitter_misc":{"Ber\u00e4knad l\u00e4stid":"1 minut"},"schema":{"@context":"https:\/\/schema.org","@graph":[{"@type":"WebPage","@id":"https:\/\/truusk.store\/sv\/produkt\/truusk-ergonomisk-kontorsstol-med-armstod-hojdjusterbar-och-gungfunktion-linneutseende-vadderad-gra\/","url":"https:\/\/truusk.store\/sv\/produkt\/truusk-ergonomisk-kontorsstol-med-armstod-hojdjusterbar-och-gungfunktion-linneutseende-vadderad-gra\/","name":"TRUUSK Ergonomisk Kontorsstol med Armst\u00f6d - H\u00f6jdjusterbar och Gungfunktion - Linneutseende - Vadderad - Gr\u00e5 - TRUUSK - Hem, Tr\u00e4dg\u00e5rd &amp; Fritid","isPartOf":{"@id":"https:\/\/truusk.store\/sv\/#website"},"primaryImageOfPage":{"@id":"https:\/\/truusk.store\/sv\/produkt\/truusk-ergonomisk-kontorsstol-med-armstod-hojdjusterbar-och-gungfunktion-linneutseende-vadderad-gra\/#primaryimage"},"image":{"@id":"https:\/\/truusk.store\/sv\/produkt\/truusk-ergonomisk-kontorsstol-med-armstod-hojdjusterbar-och-gungfunktion-linneutseende-vadderad-gra\/#primaryimage"},"thumbnailUrl":"https:\/\/i0.wp.com\/truusk.store\/wp-content\/uploads\/2025\/06\/kontorsstol-ergonomisk-skrivbordsstol-med-armstod-hojdjusterbar-snurrstol-med-gungfunktion-linneutseende-vadderad-datorstol-gra-1.webp?fit=2000%2C2000&ssl=1","datePublished":"2025-06-05T16:18:13+00:00","dateModified":"2026-03-12T07:42:41+00:00","breadcrumb":{"@id":"https:\/\/truusk.store\/sv\/produkt\/truusk-ergonomisk-kontorsstol-med-armstod-hojdjusterbar-och-gungfunktion-linneutseende-vadderad-gra\/#breadcrumb"},"inLanguage":"sv-SE","potentialAction":[{"@type":"ReadAction","target":["https:\/\/truusk.store\/sv\/produkt\/truusk-ergonomisk-kontorsstol-med-armstod-hojdjusterbar-och-gungfunktion-linneutseende-vadderad-gra\/"]}]},{"@type":"ImageObject","inLanguage":"sv-SE","@id":"https:\/\/truusk.store\/sv\/produkt\/truusk-ergonomisk-kontorsstol-med-armstod-hojdjusterbar-och-gungfunktion-linneutseende-vadderad-gra\/#primaryimage","url":"https:\/\/i0.wp.com\/truusk.store\/wp-content\/uploads\/2025\/06\/kontorsstol-ergonomisk-skrivbordsstol-med-armstod-hojdjusterbar-snurrstol-med-gungfunktion-linneutseende-vadderad-datorstol-gra-1.webp?fit=2000%2C2000&ssl=1","contentUrl":"https:\/\/i0.wp.com\/truusk.store\/wp-content\/uploads\/2025\/06\/kontorsstol-ergonomisk-skrivbordsstol-med-armstod-hojdjusterbar-snurrstol-med-gungfunktion-linneutseende-vadderad-datorstol-gra-1.webp?fit=2000%2C2000&ssl=1","width":2000,"height":2000},{"@type":"BreadcrumbList","@id":"https:\/\/truusk.store\/sv\/produkt\/truusk-ergonomisk-kontorsstol-med-armstod-hojdjusterbar-och-gungfunktion-linneutseende-vadderad-gra\/#breadcrumb","itemListElement":[{"@type":"ListItem","position":1,"name":"Home","item":"https:\/\/truusk.store\/sv\/"},{"@type":"ListItem","position":2,"name":"Shop","item":"https:\/\/truusk.store\/shop\/"},{"@type":"ListItem","position":3,"name":"TRUUSK Ergonomisk Kontorsstol med Armst\u00f6d &#8211; H\u00f6jdjusterbar och Gungfunktion &#8211; Linneutseende &#8211; Vadderad &#8211; Gr\u00e5"}]},{"@type":"WebSite","@id":"https:\/\/truusk.store\/sv\/#website","url":"https:\/\/truusk.store\/sv\/","name":"TRUUSK - Hem, Tr\u00e4dg\u00e5rd & Fritid","description":"","publisher":{"@id":"https:\/\/truusk.store\/sv\/#organization"},"potentialAction":[{"@type":"SearchAction","target":{"@type":"EntryPoint","urlTemplate":"https:\/\/truusk.store\/sv\/?s={search_term_string}"},"query-input":{"@type":"PropertyValueSpecification","valueRequired":true,"valueName":"search_term_string"}}],"inLanguage":"sv-SE"},{"@type":"Organization","@id":"https:\/\/truusk.store\/sv\/#organization","name":"TRUUSK - Hem, Tr\u00e4dg\u00e5rd & Fritid","url":"https:\/\/truusk.store\/sv\/","logo":{"@type":"ImageObject","inLanguage":"sv-SE","@id":"https:\/\/truusk.store\/sv\/#\/schema\/logo\/image\/","url":"https:\/\/i0.wp.com\/truusk.store\/wp-content\/uploads\/2026\/03\/cropped-TRUUSK.png?fit=2032%2C917&ssl=1","contentUrl":"https:\/\/i0.wp.com\/truusk.store\/wp-content\/uploads\/2026\/03\/cropped-TRUUSK.png?fit=2032%2C917&ssl=1","width":2032,"height":917,"caption":"TRUUSK - Hem, Tr\u00e4dg\u00e5rd & Fritid"},"image":{"@id":"https:\/\/truusk.store\/sv\/#\/schema\/logo\/image\/"}}]}},"jetpack_sharing_enabled":true,"_links":{"self":[{"href":"https:\/\/truusk.store\/sv\/wp-json\/wp\/v2\/product\/69146","targetHints":{"allow":["GET"]}}],"collection":[{"href":"https:\/\/truusk.store\/sv\/wp-json\/wp\/v2\/product"}],"about":[{"href":"https:\/\/truusk.store\/sv\/wp-json\/wp\/v2\/types\/product"}],"wp:featuredmedia":[{"embeddable":true,"href":"https:\/\/truusk.store\/sv\/wp-json\/wp\/v2\/media\/69137"}],"wp:attachment":[{"href":"https:\/\/truusk.store\/sv\/wp-json\/wp\/v2\/media?parent=69146"}],"wp:term":[{"taxonomy":"product_brand","embeddable":true,"href":"https:\/\/truusk.store\/sv\/wp-json\/wp\/v2\/product_brand?post=69146"},{"taxonomy":"product_cat","embeddable":true,"href":"https:\/\/truusk.store\/sv\/wp-json\/wp\/v2\/product_cat?post=69146"},{"taxonomy":"product_tag","embeddable":true,"href":"https:\/\/truusk.store\/sv\/wp-json\/wp\/v2\/product_tag?post=69146"}],"curies":[{"name":"wp","href":"https:\/\/api.w.org\/{rel}","templated":true}]}}