{"id":6915,"date":"2024-02-13T08:38:47","date_gmt":"2024-02-13T07:38:47","guid":{"rendered":"https:\/\/truusk.store\/product\/skrapstolpe-med-kattgrotstege-katttrad-klattertrad-for-katter-multi-level-multi-aktivitetscenter-e1-mdf-sisal-ljusgra-60-x-48-x-122-cm\/"},"modified":"2026-03-12T08:55:23","modified_gmt":"2026-03-12T07:55:23","slug":"truusk-katttrad-med-skrapstolpe-och-kattgrotstege-multi-level-aktivitetscenter-e1-mdf-material-sisal-ljusgra-60-x-48-x","status":"publish","type":"product","link":"https:\/\/truusk.store\/sv\/produkt\/truusk-katttrad-med-skrapstolpe-och-kattgrotstege-multi-level-aktivitetscenter-e1-mdf-material-sisal-ljusgra-60-x-48-x\/","title":{"rendered":"TRUUSK Katttr\u00e4d med Skrapstolpe och Kattgrotstege &#8211; Multi-level Aktivitetscenter &#8211; E1 MDF Material &#8211; Sisal &#8211; Ljusgr\u00e5 &#8211; 60 x 48 x"},"content":{"rendered":"<p>Tillfredsst\u00e4ll din katts naturliga instinkter p\u00e5 ett s\u00e4kert s\u00e4tt med detta skrapinl\u00e4gg! Med flera plattformar f\u00f6r att slappa och sola \u00e4r detta katttr\u00e4d p\u00e5 flera niv\u00e5er den perfekta l\u00f6sningen f\u00f6r hush\u00e5ll med mer \u00e4n en lekfull katt! Vila, lek, tr\u00e4na, dina katter kan spendera hela dagen p\u00e5 det, ett bekv\u00e4mt skrapstolpe f\u00f6r dina lurviga v\u00e4nner<\/p>\n<h3>Beskrivning:<\/h3>\n<ul>\n<li>Flerniv\u00e5design ger en perfekt lekstuga f\u00f6r dina katter att hoppa runt fritt<\/li>\n<li>Tillverkad med korta plysch\u00f6verdrag f\u00f6r \u00f6kad h\u00e5llbarhet och l\u00e5ngvarig anv\u00e4ndning<\/li>\n<li>Uppmuntrar l\u00e4mpliga repor och kloslipning<\/li>\n<li>Den solida konstruktionen av sp\u00e5nskiva av klass E1 h\u00e5ller hela skrapstolpen stark, stabil och djurv\u00e4nlig<\/li>\n<li>Tack vare det klassiska f\u00e4rgschemat kan skrapstolpen enkelt kombineras med den befintliga inredningen i ditt hem<\/li>\n<li>1 l\u00e4genhet, 3 plattformar, 1 boll och 1 stege f\u00f6r din katt att sova och leka<\/li>\n<li>Utrymmesbesparande design g\u00f6r den till en perfekt f\u00f6ljeslagare i alla delar av ditt hem<\/li>\n<li>Montering kr\u00e4vs<\/li>\n<\/ul>\n<h3>Teknisk data:<\/h3>\n<ul>\n<li>F\u00e4rg: Ljusgr\u00e5 (plysch) + beige (sisalrep)<\/li>\n<li>Material: E1 klass MDF, plysch, sisal<\/li>\n<li>Totala m\u00e5tt: 50L x 40W x 120H cm<\/li>\n<li>Kattgrottans storlek: 35L x 30W x 31H cm<\/li>\n<li>D\u00f6rrh\u00e5lsstorlek: 15cm<\/li>\n<li>Stegestorlek: 52L x 17W cm<\/li>\n<li>\u00d6vre plattformsstorlek: 30L x 30W x 5H cm<\/li>\n<li>Mellanplattformsstorlek: 25L x 25W cm<\/li>\n<li>Nedre plattformsstorlek: 50L x 40W cm<\/li>\n<li>Kulstorlek: 5 x 15 cm<\/li>\n<li>Storlek p\u00e5 kolonnen: 6,8 cm<\/li>\n<li>Rekommenderad husdjursvikt: mindre \u00e4n 4,5 kg<\/li>\n<li>Artikelnummer: D30-349<\/li>\n<\/ul>\n<h3>Leveransens omfattning:<\/h3>\n<ul>\n<li>1 x skrapstolpe<\/li>\n<li>1 x Instruktioner<\/li>\n<\/ul>\n","protected":false},"excerpt":{"rendered":"<p>Tillfredsst\u00e4ll din katts naturliga instinkter p\u00e5 ett s\u00e4kert s\u00e4tt med detta skrapinl\u00e4gg! Med flera plattformar f\u00f6r att slappa och sola&#8230;<\/p>\n","protected":false},"featured_media":6916,"template":"","meta":[],"product_brand":[],"product_cat":[573,588,589],"product_tag":[],"class_list":{"0":"post-6915","1":"product","2":"type-product","3":"status-publish","4":"has-post-thumbnail","6":"product_cat-husdjursmaterial","7":"product_cat-katttillbehor","8":"product_cat-skrapande-inlagg","10":"first","11":"instock","12":"sale","13":"taxable","14":"shipping-taxable","15":"purchasable","16":"product-type-simple"},"yoast_head":"<!-- This site is optimized with the Yoast SEO plugin v25.4 - https:\/\/yoast.com\/wordpress\/plugins\/seo\/ -->\n<title>TRUUSK Katttr\u00e4d med Skrapstolpe och Kattgrotstege - Multi-level Aktivitetscenter - E1 MDF Material - Sisal - Ljusgr\u00e5 - 60 x 48 x - TRUUSK - Hem, Tr\u00e4dg\u00e5rd &amp; Fritid<\/title>\n<meta name=\"robots\" content=\"index, follow, max-snippet:-1, max-image-preview:large, max-video-preview:-1\" \/>\n<link rel=\"canonical\" href=\"https:\/\/truusk.store\/sv\/produkt\/truusk-katttrad-med-skrapstolpe-och-kattgrotstege-multi-level-aktivitetscenter-e1-mdf-material-sisal-ljusgra-60-x-48-x\/\" \/>\n<meta property=\"og:locale\" content=\"sv_SE\" \/>\n<meta property=\"og:type\" content=\"article\" \/>\n<meta property=\"og:title\" content=\"TRUUSK Katttr\u00e4d med Skrapstolpe och Kattgrotstege - Multi-level Aktivitetscenter - E1 MDF Material - Sisal - Ljusgr\u00e5 - 60 x 48 x - TRUUSK - Hem, Tr\u00e4dg\u00e5rd &amp; Fritid\" \/>\n<meta property=\"og:description\" content=\"Tillfredsst\u00e4ll din katts naturliga instinkter p\u00e5 ett s\u00e4kert s\u00e4tt med detta skrapinl\u00e4gg! Med flera plattformar f\u00f6r att slappa och sola...\" \/>\n<meta property=\"og:url\" content=\"https:\/\/truusk.store\/sv\/produkt\/truusk-katttrad-med-skrapstolpe-och-kattgrotstege-multi-level-aktivitetscenter-e1-mdf-material-sisal-ljusgra-60-x-48-x\/\" \/>\n<meta property=\"og:site_name\" content=\"TRUUSK - Hem, Tr\u00e4dg\u00e5rd &amp; Fritid\" \/>\n<meta property=\"article:modified_time\" content=\"2026-03-12T07:55:23+00:00\" \/>\n<meta property=\"og:image\" content=\"https:\/\/i0.wp.com\/truusk.se\/wp-content\/uploads\/2024\/02\/skrapstolpe-med-kattgrotstege-katttrad-klattertrad-for-katter-multi-level-multi-aktivitetscenter-e1-mdf-sisal-ljusgra-60-x-48-x-122-cm.webp?fit=800%2C800&ssl=1\" \/>\n\t<meta property=\"og:image:width\" content=\"800\" \/>\n\t<meta property=\"og:image:height\" content=\"800\" \/>\n\t<meta property=\"og:image:type\" content=\"image\/webp\" \/>\n<meta name=\"twitter:card\" content=\"summary_large_image\" \/>\n<meta name=\"twitter:label1\" content=\"Ber\u00e4knad l\u00e4stid\" \/>\n\t<meta name=\"twitter:data1\" content=\"1 minut\" \/>\n<!-- \/ Yoast SEO plugin. -->","yoast_head_json":{"title":"TRUUSK Katttr\u00e4d med Skrapstolpe och Kattgrotstege - Multi-level Aktivitetscenter - E1 MDF Material - Sisal - Ljusgr\u00e5 - 60 x 48 x - TRUUSK - Hem, Tr\u00e4dg\u00e5rd &amp; Fritid","robots":{"index":"index","follow":"follow","max-snippet":"max-snippet:-1","max-image-preview":"max-image-preview:large","max-video-preview":"max-video-preview:-1"},"canonical":"https:\/\/truusk.store\/sv\/produkt\/truusk-katttrad-med-skrapstolpe-och-kattgrotstege-multi-level-aktivitetscenter-e1-mdf-material-sisal-ljusgra-60-x-48-x\/","og_locale":"sv_SE","og_type":"article","og_title":"TRUUSK Katttr\u00e4d med Skrapstolpe och Kattgrotstege - Multi-level Aktivitetscenter - E1 MDF Material - Sisal - Ljusgr\u00e5 - 60 x 48 x - TRUUSK - Hem, Tr\u00e4dg\u00e5rd &amp; Fritid","og_description":"Tillfredsst\u00e4ll din katts naturliga instinkter p\u00e5 ett s\u00e4kert s\u00e4tt med detta skrapinl\u00e4gg! Med flera plattformar f\u00f6r att slappa och sola...","og_url":"https:\/\/truusk.store\/sv\/produkt\/truusk-katttrad-med-skrapstolpe-och-kattgrotstege-multi-level-aktivitetscenter-e1-mdf-material-sisal-ljusgra-60-x-48-x\/","og_site_name":"TRUUSK - Hem, Tr\u00e4dg\u00e5rd &amp; Fritid","article_modified_time":"2026-03-12T07:55:23+00:00","og_image":[{"width":800,"height":800,"url":"https:\/\/i0.wp.com\/truusk.se\/wp-content\/uploads\/2024\/02\/skrapstolpe-med-kattgrotstege-katttrad-klattertrad-for-katter-multi-level-multi-aktivitetscenter-e1-mdf-sisal-ljusgra-60-x-48-x-122-cm.webp?fit=800%2C800&ssl=1","type":"image\/webp"}],"twitter_card":"summary_large_image","twitter_misc":{"Ber\u00e4knad l\u00e4stid":"1 minut"},"schema":{"@context":"https:\/\/schema.org","@graph":[{"@type":"WebPage","@id":"https:\/\/truusk.store\/sv\/produkt\/truusk-katttrad-med-skrapstolpe-och-kattgrotstege-multi-level-aktivitetscenter-e1-mdf-material-sisal-ljusgra-60-x-48-x\/","url":"https:\/\/truusk.store\/sv\/produkt\/truusk-katttrad-med-skrapstolpe-och-kattgrotstege-multi-level-aktivitetscenter-e1-mdf-material-sisal-ljusgra-60-x-48-x\/","name":"TRUUSK Katttr\u00e4d med Skrapstolpe och Kattgrotstege - Multi-level Aktivitetscenter - E1 MDF Material - Sisal - Ljusgr\u00e5 - 60 x 48 x - TRUUSK - Hem, Tr\u00e4dg\u00e5rd &amp; Fritid","isPartOf":{"@id":"https:\/\/truusk.store\/sv\/#website"},"primaryImageOfPage":{"@id":"https:\/\/truusk.store\/sv\/produkt\/truusk-katttrad-med-skrapstolpe-och-kattgrotstege-multi-level-aktivitetscenter-e1-mdf-material-sisal-ljusgra-60-x-48-x\/#primaryimage"},"image":{"@id":"https:\/\/truusk.store\/sv\/produkt\/truusk-katttrad-med-skrapstolpe-och-kattgrotstege-multi-level-aktivitetscenter-e1-mdf-material-sisal-ljusgra-60-x-48-x\/#primaryimage"},"thumbnailUrl":"https:\/\/i0.wp.com\/truusk.store\/wp-content\/uploads\/2024\/02\/skrapstolpe-med-kattgrotstege-katttrad-klattertrad-for-katter-multi-level-multi-aktivitetscenter-e1-mdf-sisal-ljusgra-60-x-48-x-122-cm.webp?fit=800%2C800&ssl=1","datePublished":"2024-02-13T07:38:47+00:00","dateModified":"2026-03-12T07:55:23+00:00","breadcrumb":{"@id":"https:\/\/truusk.store\/sv\/produkt\/truusk-katttrad-med-skrapstolpe-och-kattgrotstege-multi-level-aktivitetscenter-e1-mdf-material-sisal-ljusgra-60-x-48-x\/#breadcrumb"},"inLanguage":"sv-SE","potentialAction":[{"@type":"ReadAction","target":["https:\/\/truusk.store\/sv\/produkt\/truusk-katttrad-med-skrapstolpe-och-kattgrotstege-multi-level-aktivitetscenter-e1-mdf-material-sisal-ljusgra-60-x-48-x\/"]}]},{"@type":"ImageObject","inLanguage":"sv-SE","@id":"https:\/\/truusk.store\/sv\/produkt\/truusk-katttrad-med-skrapstolpe-och-kattgrotstege-multi-level-aktivitetscenter-e1-mdf-material-sisal-ljusgra-60-x-48-x\/#primaryimage","url":"https:\/\/i0.wp.com\/truusk.store\/wp-content\/uploads\/2024\/02\/skrapstolpe-med-kattgrotstege-katttrad-klattertrad-for-katter-multi-level-multi-aktivitetscenter-e1-mdf-sisal-ljusgra-60-x-48-x-122-cm.webp?fit=800%2C800&ssl=1","contentUrl":"https:\/\/i0.wp.com\/truusk.store\/wp-content\/uploads\/2024\/02\/skrapstolpe-med-kattgrotstege-katttrad-klattertrad-for-katter-multi-level-multi-aktivitetscenter-e1-mdf-sisal-ljusgra-60-x-48-x-122-cm.webp?fit=800%2C800&ssl=1","width":800,"height":800,"caption":"Skrapstolpe Med Kattgrotstege Katttr\u00e4d Kl\u00e4ttertr\u00e4d F\u00f6r Katter Multi-level Multi-aktivitetscenter E1 MDF Sisal Ljusgr\u00e5 60 X 48 X 122 Cm 1"},{"@type":"BreadcrumbList","@id":"https:\/\/truusk.store\/sv\/produkt\/truusk-katttrad-med-skrapstolpe-och-kattgrotstege-multi-level-aktivitetscenter-e1-mdf-material-sisal-ljusgra-60-x-48-x\/#breadcrumb","itemListElement":[{"@type":"ListItem","position":1,"name":"Home","item":"https:\/\/truusk.store\/sv\/"},{"@type":"ListItem","position":2,"name":"Shop","item":"https:\/\/truusk.store\/shop\/"},{"@type":"ListItem","position":3,"name":"TRUUSK Katttr\u00e4d med Skrapstolpe och Kattgrotstege &#8211; Multi-level Aktivitetscenter &#8211; E1 MDF Material &#8211; Sisal &#8211; Ljusgr\u00e5 &#8211; 60 x 48 x"}]},{"@type":"WebSite","@id":"https:\/\/truusk.store\/sv\/#website","url":"https:\/\/truusk.store\/sv\/","name":"TRUUSK - Hem, Tr\u00e4dg\u00e5rd & Fritid","description":"","publisher":{"@id":"https:\/\/truusk.store\/sv\/#organization"},"potentialAction":[{"@type":"SearchAction","target":{"@type":"EntryPoint","urlTemplate":"https:\/\/truusk.store\/sv\/?s={search_term_string}"},"query-input":{"@type":"PropertyValueSpecification","valueRequired":true,"valueName":"search_term_string"}}],"inLanguage":"sv-SE"},{"@type":"Organization","@id":"https:\/\/truusk.store\/sv\/#organization","name":"TRUUSK - Hem, Tr\u00e4dg\u00e5rd & Fritid","url":"https:\/\/truusk.store\/sv\/","logo":{"@type":"ImageObject","inLanguage":"sv-SE","@id":"https:\/\/truusk.store\/sv\/#\/schema\/logo\/image\/","url":"https:\/\/i0.wp.com\/truusk.store\/wp-content\/uploads\/2026\/03\/cropped-TRUUSK.png?fit=2032%2C917&ssl=1","contentUrl":"https:\/\/i0.wp.com\/truusk.store\/wp-content\/uploads\/2026\/03\/cropped-TRUUSK.png?fit=2032%2C917&ssl=1","width":2032,"height":917,"caption":"TRUUSK - Hem, Tr\u00e4dg\u00e5rd & Fritid"},"image":{"@id":"https:\/\/truusk.store\/sv\/#\/schema\/logo\/image\/"}}]}},"jetpack_sharing_enabled":true,"_links":{"self":[{"href":"https:\/\/truusk.store\/sv\/wp-json\/wp\/v2\/product\/6915","targetHints":{"allow":["GET"]}}],"collection":[{"href":"https:\/\/truusk.store\/sv\/wp-json\/wp\/v2\/product"}],"about":[{"href":"https:\/\/truusk.store\/sv\/wp-json\/wp\/v2\/types\/product"}],"wp:featuredmedia":[{"embeddable":true,"href":"https:\/\/truusk.store\/sv\/wp-json\/wp\/v2\/media\/6916"}],"wp:attachment":[{"href":"https:\/\/truusk.store\/sv\/wp-json\/wp\/v2\/media?parent=6915"}],"wp:term":[{"taxonomy":"product_brand","embeddable":true,"href":"https:\/\/truusk.store\/sv\/wp-json\/wp\/v2\/product_brand?post=6915"},{"taxonomy":"product_cat","embeddable":true,"href":"https:\/\/truusk.store\/sv\/wp-json\/wp\/v2\/product_cat?post=6915"},{"taxonomy":"product_tag","embeddable":true,"href":"https:\/\/truusk.store\/sv\/wp-json\/wp\/v2\/product_tag?post=6915"}],"curies":[{"name":"wp","href":"https:\/\/api.w.org\/{rel}","templated":true}]}}