{"id":69156,"date":"2025-06-05T17:19:01","date_gmt":"2025-06-05T16:19:01","guid":{"rendered":"https:\/\/truusk.store\/product\/cykelled-for-hundar-cykelhundled-enkel-installation-och-demontering-hundled-for-cykling-traning-jogging-svart\/"},"modified":"2026-03-12T09:46:54","modified_gmt":"2026-03-12T08:46:54","slug":"truusk-cykelhundled-enkel-installation-hundled-for-cykling-traning-jogging-svart","status":"publish","type":"product","link":"https:\/\/truusk.store\/sv\/produkt\/truusk-cykelhundled-enkel-installation-hundled-for-cykling-traning-jogging-svart\/","title":{"rendered":"TRUUSK Cykelhundled &#8211; Enkel Installation &#8211; Hundled f\u00f6r Cykling, Tr\u00e4ning, Jogging &#8211; Svart"},"content":{"rendered":"<p>Upplev cykelturer p\u00e5 nytt med TRUUSK hundkoppel f\u00f6r cyklar och njut av varje tur s\u00e4kert och bekv\u00e4mt med din hund. Den speciella f\u00e4stningen h\u00e5ller din hund borta fr\u00e5n hjulen, medan det elastiska repet d\u00e4mpar ryck. Passar f\u00f6r cykelsadelr\u00f6r fr\u00e5n \u00d82,5 till \u00d84 cm och all hundvandringsutrustning.<\/p>\n<p>Beskrivning:<\/p>\n<ul>\n<li> Enkel montering, bara skruva p\u00e5 eller av vid behov<\/li>\n<li> Anslutningen f\u00e4sts p\u00e5 cykeln, ingen demontering kr\u00e4vs<\/li>\n<li> Elastiskt rep minskar st\u00f6ten vid pl\u00f6tsliga drag<\/li>\n<li> St\u00e5lr\u00f6r h\u00e5ller avst\u00e5nd till cykelhjulen<\/li>\n<li> Fungerar ocks\u00e5 som ett vanligt hundkoppel<\/li>\n<li> Passar f\u00f6r cykelsadelr\u00f6rdiameter \u00d82,5-\u00d84 cm<\/li>\n<\/ul>\n<p> Tekniska data:<\/p>\n<ul>\n<li> F\u00e4rg: Svart<\/li>\n<li> Material: St\u00e5l, Polyester<\/li>\n<li> Maximal storlek: 124L cm<\/li>\n<li> Metallst\u00e5ng: \u00d82 x 37,5L cm<\/li>\n<li> Polyesterlina: 27L cm (mitt)<\/li>\n<li> Elastisk lina: 20-40L cm<\/li>\n<li> Passar f\u00f6r cykelsadelr\u00f6r: \u00d82,5-\u00d84 cm<\/li>\n<\/ul>\n<p>Leveransinneh\u00e5ll:<\/p>\n<ul>\n<li> 1 x hundkoppel f\u00f6r cykel<\/li>\n<li> 1 x bruksanvisning<\/li>\n<\/ul>\n","protected":false},"excerpt":{"rendered":"<p>Upplev cykelturer p\u00e5 nytt med TRUUSK hundkoppel f\u00f6r cyklar och njut av varje tur s\u00e4kert och bekv\u00e4mt med din hund&#8230;.<\/p>\n","protected":false},"featured_media":69147,"template":"","meta":[],"product_brand":[],"product_cat":[895,574,913],"product_tag":[],"class_list":{"0":"post-69156","1":"product","2":"type-product","3":"status-publish","4":"has-post-thumbnail","6":"product_cat-djurutrustning","7":"product_cat-hundtillbehor","8":"product_cat-hundvard","10":"first","11":"instock","12":"sale","13":"taxable","14":"shipping-taxable","15":"purchasable","16":"product-type-simple"},"yoast_head":"<!-- This site is optimized with the Yoast SEO plugin v25.4 - https:\/\/yoast.com\/wordpress\/plugins\/seo\/ -->\n<title>TRUUSK Cykelhundled - Enkel Installation - Hundled f\u00f6r Cykling, Tr\u00e4ning, Jogging - Svart - TRUUSK - Hem, Tr\u00e4dg\u00e5rd &amp; Fritid<\/title>\n<meta name=\"robots\" content=\"index, follow, max-snippet:-1, max-image-preview:large, max-video-preview:-1\" \/>\n<link rel=\"canonical\" href=\"https:\/\/truusk.store\/sv\/produkt\/truusk-cykelhundled-enkel-installation-hundled-for-cykling-traning-jogging-svart\/\" \/>\n<meta property=\"og:locale\" content=\"sv_SE\" \/>\n<meta property=\"og:type\" content=\"article\" \/>\n<meta property=\"og:title\" content=\"TRUUSK Cykelhundled - Enkel Installation - Hundled f\u00f6r Cykling, Tr\u00e4ning, Jogging - Svart - TRUUSK - Hem, Tr\u00e4dg\u00e5rd &amp; Fritid\" \/>\n<meta property=\"og:description\" content=\"Upplev cykelturer p\u00e5 nytt med TRUUSK hundkoppel f\u00f6r cyklar och njut av varje tur s\u00e4kert och bekv\u00e4mt med din hund....\" \/>\n<meta property=\"og:url\" content=\"https:\/\/truusk.store\/sv\/produkt\/truusk-cykelhundled-enkel-installation-hundled-for-cykling-traning-jogging-svart\/\" \/>\n<meta property=\"og:site_name\" content=\"TRUUSK - Hem, Tr\u00e4dg\u00e5rd &amp; Fritid\" \/>\n<meta property=\"article:modified_time\" content=\"2026-03-12T08:46:54+00:00\" \/>\n<meta property=\"og:image\" content=\"https:\/\/i0.wp.com\/truusk.se\/wp-content\/uploads\/2025\/06\/cykelled-for-hundar-cykelhundled-enkel-installation-och-demontering-hundled-for-cykling-traning-jogging-svart-1.webp?fit=2000%2C2000&ssl=1\" \/>\n\t<meta property=\"og:image:width\" content=\"2000\" \/>\n\t<meta property=\"og:image:height\" content=\"2000\" \/>\n\t<meta property=\"og:image:type\" content=\"image\/webp\" \/>\n<meta name=\"twitter:card\" content=\"summary_large_image\" \/>\n<meta name=\"twitter:label1\" content=\"Ber\u00e4knad l\u00e4stid\" \/>\n\t<meta name=\"twitter:data1\" content=\"1 minut\" \/>\n<!-- \/ Yoast SEO plugin. -->","yoast_head_json":{"title":"TRUUSK Cykelhundled - Enkel Installation - Hundled f\u00f6r Cykling, Tr\u00e4ning, Jogging - Svart - TRUUSK - Hem, Tr\u00e4dg\u00e5rd &amp; Fritid","robots":{"index":"index","follow":"follow","max-snippet":"max-snippet:-1","max-image-preview":"max-image-preview:large","max-video-preview":"max-video-preview:-1"},"canonical":"https:\/\/truusk.store\/sv\/produkt\/truusk-cykelhundled-enkel-installation-hundled-for-cykling-traning-jogging-svart\/","og_locale":"sv_SE","og_type":"article","og_title":"TRUUSK Cykelhundled - Enkel Installation - Hundled f\u00f6r Cykling, Tr\u00e4ning, Jogging - Svart - TRUUSK - Hem, Tr\u00e4dg\u00e5rd &amp; Fritid","og_description":"Upplev cykelturer p\u00e5 nytt med TRUUSK hundkoppel f\u00f6r cyklar och njut av varje tur s\u00e4kert och bekv\u00e4mt med din hund....","og_url":"https:\/\/truusk.store\/sv\/produkt\/truusk-cykelhundled-enkel-installation-hundled-for-cykling-traning-jogging-svart\/","og_site_name":"TRUUSK - Hem, Tr\u00e4dg\u00e5rd &amp; Fritid","article_modified_time":"2026-03-12T08:46:54+00:00","og_image":[{"width":2000,"height":2000,"url":"https:\/\/i0.wp.com\/truusk.se\/wp-content\/uploads\/2025\/06\/cykelled-for-hundar-cykelhundled-enkel-installation-och-demontering-hundled-for-cykling-traning-jogging-svart-1.webp?fit=2000%2C2000&ssl=1","type":"image\/webp"}],"twitter_card":"summary_large_image","twitter_misc":{"Ber\u00e4knad l\u00e4stid":"1 minut"},"schema":{"@context":"https:\/\/schema.org","@graph":[{"@type":"WebPage","@id":"https:\/\/truusk.store\/sv\/produkt\/truusk-cykelhundled-enkel-installation-hundled-for-cykling-traning-jogging-svart\/","url":"https:\/\/truusk.store\/sv\/produkt\/truusk-cykelhundled-enkel-installation-hundled-for-cykling-traning-jogging-svart\/","name":"TRUUSK Cykelhundled - Enkel Installation - Hundled f\u00f6r Cykling, Tr\u00e4ning, Jogging - Svart - TRUUSK - Hem, Tr\u00e4dg\u00e5rd &amp; Fritid","isPartOf":{"@id":"https:\/\/truusk.store\/sv\/#website"},"primaryImageOfPage":{"@id":"https:\/\/truusk.store\/sv\/produkt\/truusk-cykelhundled-enkel-installation-hundled-for-cykling-traning-jogging-svart\/#primaryimage"},"image":{"@id":"https:\/\/truusk.store\/sv\/produkt\/truusk-cykelhundled-enkel-installation-hundled-for-cykling-traning-jogging-svart\/#primaryimage"},"thumbnailUrl":"https:\/\/i0.wp.com\/truusk.store\/wp-content\/uploads\/2025\/06\/cykelled-for-hundar-cykelhundled-enkel-installation-och-demontering-hundled-for-cykling-traning-jogging-svart-1.webp?fit=2000%2C2000&ssl=1","datePublished":"2025-06-05T16:19:01+00:00","dateModified":"2026-03-12T08:46:54+00:00","breadcrumb":{"@id":"https:\/\/truusk.store\/sv\/produkt\/truusk-cykelhundled-enkel-installation-hundled-for-cykling-traning-jogging-svart\/#breadcrumb"},"inLanguage":"sv-SE","potentialAction":[{"@type":"ReadAction","target":["https:\/\/truusk.store\/sv\/produkt\/truusk-cykelhundled-enkel-installation-hundled-for-cykling-traning-jogging-svart\/"]}]},{"@type":"ImageObject","inLanguage":"sv-SE","@id":"https:\/\/truusk.store\/sv\/produkt\/truusk-cykelhundled-enkel-installation-hundled-for-cykling-traning-jogging-svart\/#primaryimage","url":"https:\/\/i0.wp.com\/truusk.store\/wp-content\/uploads\/2025\/06\/cykelled-for-hundar-cykelhundled-enkel-installation-och-demontering-hundled-for-cykling-traning-jogging-svart-1.webp?fit=2000%2C2000&ssl=1","contentUrl":"https:\/\/i0.wp.com\/truusk.store\/wp-content\/uploads\/2025\/06\/cykelled-for-hundar-cykelhundled-enkel-installation-och-demontering-hundled-for-cykling-traning-jogging-svart-1.webp?fit=2000%2C2000&ssl=1","width":2000,"height":2000},{"@type":"BreadcrumbList","@id":"https:\/\/truusk.store\/sv\/produkt\/truusk-cykelhundled-enkel-installation-hundled-for-cykling-traning-jogging-svart\/#breadcrumb","itemListElement":[{"@type":"ListItem","position":1,"name":"Home","item":"https:\/\/truusk.store\/sv\/"},{"@type":"ListItem","position":2,"name":"Shop","item":"https:\/\/truusk.store\/shop\/"},{"@type":"ListItem","position":3,"name":"TRUUSK Cykelhundled &#8211; Enkel Installation &#8211; Hundled f\u00f6r Cykling, Tr\u00e4ning, Jogging &#8211; Svart"}]},{"@type":"WebSite","@id":"https:\/\/truusk.store\/sv\/#website","url":"https:\/\/truusk.store\/sv\/","name":"TRUUSK - Hem, Tr\u00e4dg\u00e5rd & Fritid","description":"","publisher":{"@id":"https:\/\/truusk.store\/sv\/#organization"},"potentialAction":[{"@type":"SearchAction","target":{"@type":"EntryPoint","urlTemplate":"https:\/\/truusk.store\/sv\/?s={search_term_string}"},"query-input":{"@type":"PropertyValueSpecification","valueRequired":true,"valueName":"search_term_string"}}],"inLanguage":"sv-SE"},{"@type":"Organization","@id":"https:\/\/truusk.store\/sv\/#organization","name":"TRUUSK - Hem, Tr\u00e4dg\u00e5rd & Fritid","url":"https:\/\/truusk.store\/sv\/","logo":{"@type":"ImageObject","inLanguage":"sv-SE","@id":"https:\/\/truusk.store\/sv\/#\/schema\/logo\/image\/","url":"https:\/\/i0.wp.com\/truusk.store\/wp-content\/uploads\/2026\/03\/cropped-TRUUSK.png?fit=2032%2C917&ssl=1","contentUrl":"https:\/\/i0.wp.com\/truusk.store\/wp-content\/uploads\/2026\/03\/cropped-TRUUSK.png?fit=2032%2C917&ssl=1","width":2032,"height":917,"caption":"TRUUSK - Hem, Tr\u00e4dg\u00e5rd & Fritid"},"image":{"@id":"https:\/\/truusk.store\/sv\/#\/schema\/logo\/image\/"}}]}},"jetpack_sharing_enabled":true,"_links":{"self":[{"href":"https:\/\/truusk.store\/sv\/wp-json\/wp\/v2\/product\/69156","targetHints":{"allow":["GET"]}}],"collection":[{"href":"https:\/\/truusk.store\/sv\/wp-json\/wp\/v2\/product"}],"about":[{"href":"https:\/\/truusk.store\/sv\/wp-json\/wp\/v2\/types\/product"}],"wp:featuredmedia":[{"embeddable":true,"href":"https:\/\/truusk.store\/sv\/wp-json\/wp\/v2\/media\/69147"}],"wp:attachment":[{"href":"https:\/\/truusk.store\/sv\/wp-json\/wp\/v2\/media?parent=69156"}],"wp:term":[{"taxonomy":"product_brand","embeddable":true,"href":"https:\/\/truusk.store\/sv\/wp-json\/wp\/v2\/product_brand?post=69156"},{"taxonomy":"product_cat","embeddable":true,"href":"https:\/\/truusk.store\/sv\/wp-json\/wp\/v2\/product_cat?post=69156"},{"taxonomy":"product_tag","embeddable":true,"href":"https:\/\/truusk.store\/sv\/wp-json\/wp\/v2\/product_tag?post=69156"}],"curies":[{"name":"wp","href":"https:\/\/api.w.org\/{rel}","templated":true}]}}