{"id":69208,"date":"2025-06-05T17:24:17","date_gmt":"2025-06-05T16:24:17","guid":{"rendered":"https:\/\/truusk.store\/product\/smadjursbur-gnagarbur-illerbur-med-utdragbart-bricka-musbur-med-ramper-hangmatta-hjul-hylla-bur-med-tillbehor-for-ekorrar-dvarghamstrar-chinchilla-morkgra\/"},"modified":"2026-03-12T09:46:41","modified_gmt":"2026-03-12T08:46:41","slug":"truusk-smadjursbur-med-utdragbart-bricka-hangmatta-och-hjul-for-ekorrar-och-chinchilla-morkgra","status":"publish","type":"product","link":"https:\/\/truusk.store\/sv\/produkt\/truusk-smadjursbur-med-utdragbart-bricka-hangmatta-och-hjul-for-ekorrar-och-chinchilla-morkgra\/","title":{"rendered":"TRUUSK Sm\u00e5djursbur med Utdragbart Bricka &#8211; H\u00e4ngmatta och Hjul &#8211; F\u00f6r Ekorrar och Chinchilla &#8211; M\u00f6rkgr\u00e5"},"content":{"rendered":"<p>Uppt\u00e4ck TRUUSK sm\u00e5djursbur: Ett rymligt tillflyktsort med fem niv\u00e5er och 1,2 cm galleravst\u00e5nd, perfekt f\u00f6r sm\u00e5 gnagare. Tygkl\u00e4dda ramper och en djup botten erbjuder gott om utrymme och s\u00e4ker komfort. Stora d\u00f6rrar p\u00e5 r\u00e5ttburen m\u00f6jligg\u00f6r enkel \u00e5tkomst och h\u00e5ller ditt husdjur s\u00e4kert inuti.<\/p>\n<p>Beskrivning:<\/p>\n<ul>\n<li> Musburens 5-v\u00e5ningsdesign maximerar utrymmet f\u00f6r flera sm\u00e5 djur<\/li>\n<li> Ett galleravst\u00e5nd p\u00e5 1,2 cm f\u00f6rhindrar rymningar<\/li>\n<li> Tygkl\u00e4dda ramper f\u00f6rhindrar halkning och skyddar djurens tassar<\/li>\n<li> En 16 cm djup botten till\u00e5ter mycket str\u00f6 och \u00f6kar komforten<\/li>\n<li> Fyra stora d\u00f6rrar och en utdragbar bricka underl\u00e4ttar \u00e5tkomst och reng\u00f6ring<\/li>\n<li> Ett nedre f\u00f6rvaringsfack p\u00e5 gnagarburen h\u00e5ller tillbeh\u00f6r l\u00e4ttillg\u00e4ngliga och organiserade<\/li>\n<li> Tillverkad av st\u00e5l och plast, garanterar s\u00e4kerhet<\/li>\n<li> Fyra hjul, tv\u00e5 av dem med bromsar, f\u00f6r enkel r\u00f6relse<\/li>\n<\/ul>\n<p> Tekniska specifikationer:<\/p>\n<ul>\n<li> F\u00e4rg: M\u00f6rkgr\u00e5<\/li>\n<li> Material: St\u00e5l, plast<\/li>\n<li> Totala dimensioner: 88L x 48B x 150,5H cm<\/li>\n<li> Inre bur: 88L x 48B x 110H cm (bricka inkluderad)<\/li>\n<li> D\u00f6rr: 22B x 26H cm (Fram), 25B x 34H cm (Sida)<\/li>\n<li> Plattform: 44L x 25B cm<\/li>\n<li> Ramp: 35L x 12B cm<\/li>\n<li> H\u00e4ngmatta: 52L x 43B cm<\/li>\n<li> Bricka: 84L x 47B x 16H cm<\/li>\n<li> F\u00f6rvaringshylla: 88L x 48B cm<\/li>\n<li> Hjuldiameter: 5 cm<\/li>\n<li> St\u00e5ngavst\u00e5nd: 1,2 cm<\/li>\n<\/ul>\n<p>Leveransinneh\u00e5ll:<\/p>\n<ul>\n<li> 1 x Sm\u00e5djursbur<\/li>\n<li> 1 x H\u00e4ngmatta<\/li>\n<li> 4 x Ramper<\/li>\n<li> 6 x Plattformar<\/li>\n<li> 1 x Utdragbar bricka<\/li>\n<li> 1 x Handbok<\/li>\n<\/ul>\n","protected":false},"excerpt":{"rendered":"<p>Uppt\u00e4ck TRUUSK sm\u00e5djursbur: Ett rymligt tillflyktsort med fem niv\u00e5er och 1,2 cm galleravst\u00e5nd, perfekt f\u00f6r sm\u00e5 gnagare. Tygkl\u00e4dda ramper och&#8230;<\/p>\n","protected":false},"featured_media":69197,"template":"","meta":[],"product_brand":[],"product_cat":[878,599,597],"product_tag":[],"class_list":{"0":"post-69208","1":"product","2":"type-product","3":"status-publish","4":"has-post-thumbnail","6":"product_cat-djurbehov","7":"product_cat-sma-djurburar","8":"product_cat-sma-djurtillbehor","10":"first","11":"instock","12":"sale","13":"taxable","14":"shipping-taxable","15":"purchasable","16":"product-type-simple"},"yoast_head":"<!-- This site is optimized with the Yoast SEO plugin v25.4 - https:\/\/yoast.com\/wordpress\/plugins\/seo\/ -->\n<title>TRUUSK Sm\u00e5djursbur med Utdragbart Bricka - H\u00e4ngmatta och Hjul - F\u00f6r Ekorrar och Chinchilla - M\u00f6rkgr\u00e5 - TRUUSK - Hem, Tr\u00e4dg\u00e5rd &amp; Fritid<\/title>\n<meta name=\"robots\" content=\"index, follow, max-snippet:-1, max-image-preview:large, max-video-preview:-1\" \/>\n<link rel=\"canonical\" href=\"https:\/\/truusk.store\/sv\/produkt\/truusk-smadjursbur-med-utdragbart-bricka-hangmatta-och-hjul-for-ekorrar-och-chinchilla-morkgra\/\" \/>\n<meta property=\"og:locale\" content=\"sv_SE\" \/>\n<meta property=\"og:type\" content=\"article\" \/>\n<meta property=\"og:title\" content=\"TRUUSK Sm\u00e5djursbur med Utdragbart Bricka - H\u00e4ngmatta och Hjul - F\u00f6r Ekorrar och Chinchilla - M\u00f6rkgr\u00e5 - TRUUSK - Hem, Tr\u00e4dg\u00e5rd &amp; Fritid\" \/>\n<meta property=\"og:description\" content=\"Uppt\u00e4ck TRUUSK sm\u00e5djursbur: Ett rymligt tillflyktsort med fem niv\u00e5er och 1,2 cm galleravst\u00e5nd, perfekt f\u00f6r sm\u00e5 gnagare. Tygkl\u00e4dda ramper och...\" \/>\n<meta property=\"og:url\" content=\"https:\/\/truusk.store\/sv\/produkt\/truusk-smadjursbur-med-utdragbart-bricka-hangmatta-och-hjul-for-ekorrar-och-chinchilla-morkgra\/\" \/>\n<meta property=\"og:site_name\" content=\"TRUUSK - Hem, Tr\u00e4dg\u00e5rd &amp; Fritid\" \/>\n<meta property=\"article:modified_time\" content=\"2026-03-12T08:46:41+00:00\" \/>\n<meta property=\"og:image\" content=\"https:\/\/i0.wp.com\/truusk.se\/wp-content\/uploads\/2025\/06\/smadjursbur-gnagarbur-illerbur-med-utdragbart-bricka-musbur-med-ramper-hangmatta-hjul-hylla-bur-med-tillbehor-for-ekorrar-dvarghamstrar-chinchilla-morkgra-1.webp?fit=2000%2C2000&ssl=1\" \/>\n\t<meta property=\"og:image:width\" content=\"2000\" \/>\n\t<meta property=\"og:image:height\" content=\"2000\" \/>\n\t<meta property=\"og:image:type\" content=\"image\/webp\" \/>\n<meta name=\"twitter:card\" content=\"summary_large_image\" \/>\n<meta name=\"twitter:label1\" content=\"Ber\u00e4knad l\u00e4stid\" \/>\n\t<meta name=\"twitter:data1\" content=\"1 minut\" \/>\n<!-- \/ Yoast SEO plugin. -->","yoast_head_json":{"title":"TRUUSK Sm\u00e5djursbur med Utdragbart Bricka - H\u00e4ngmatta och Hjul - F\u00f6r Ekorrar och Chinchilla - M\u00f6rkgr\u00e5 - TRUUSK - Hem, Tr\u00e4dg\u00e5rd &amp; Fritid","robots":{"index":"index","follow":"follow","max-snippet":"max-snippet:-1","max-image-preview":"max-image-preview:large","max-video-preview":"max-video-preview:-1"},"canonical":"https:\/\/truusk.store\/sv\/produkt\/truusk-smadjursbur-med-utdragbart-bricka-hangmatta-och-hjul-for-ekorrar-och-chinchilla-morkgra\/","og_locale":"sv_SE","og_type":"article","og_title":"TRUUSK Sm\u00e5djursbur med Utdragbart Bricka - H\u00e4ngmatta och Hjul - F\u00f6r Ekorrar och Chinchilla - M\u00f6rkgr\u00e5 - TRUUSK - Hem, Tr\u00e4dg\u00e5rd &amp; Fritid","og_description":"Uppt\u00e4ck TRUUSK sm\u00e5djursbur: Ett rymligt tillflyktsort med fem niv\u00e5er och 1,2 cm galleravst\u00e5nd, perfekt f\u00f6r sm\u00e5 gnagare. Tygkl\u00e4dda ramper och...","og_url":"https:\/\/truusk.store\/sv\/produkt\/truusk-smadjursbur-med-utdragbart-bricka-hangmatta-och-hjul-for-ekorrar-och-chinchilla-morkgra\/","og_site_name":"TRUUSK - Hem, Tr\u00e4dg\u00e5rd &amp; Fritid","article_modified_time":"2026-03-12T08:46:41+00:00","og_image":[{"width":2000,"height":2000,"url":"https:\/\/i0.wp.com\/truusk.se\/wp-content\/uploads\/2025\/06\/smadjursbur-gnagarbur-illerbur-med-utdragbart-bricka-musbur-med-ramper-hangmatta-hjul-hylla-bur-med-tillbehor-for-ekorrar-dvarghamstrar-chinchilla-morkgra-1.webp?fit=2000%2C2000&ssl=1","type":"image\/webp"}],"twitter_card":"summary_large_image","twitter_misc":{"Ber\u00e4knad l\u00e4stid":"1 minut"},"schema":{"@context":"https:\/\/schema.org","@graph":[{"@type":"WebPage","@id":"https:\/\/truusk.store\/sv\/produkt\/truusk-smadjursbur-med-utdragbart-bricka-hangmatta-och-hjul-for-ekorrar-och-chinchilla-morkgra\/","url":"https:\/\/truusk.store\/sv\/produkt\/truusk-smadjursbur-med-utdragbart-bricka-hangmatta-och-hjul-for-ekorrar-och-chinchilla-morkgra\/","name":"TRUUSK Sm\u00e5djursbur med Utdragbart Bricka - H\u00e4ngmatta och Hjul - F\u00f6r Ekorrar och Chinchilla - M\u00f6rkgr\u00e5 - TRUUSK - Hem, Tr\u00e4dg\u00e5rd &amp; Fritid","isPartOf":{"@id":"https:\/\/truusk.store\/sv\/#website"},"primaryImageOfPage":{"@id":"https:\/\/truusk.store\/sv\/produkt\/truusk-smadjursbur-med-utdragbart-bricka-hangmatta-och-hjul-for-ekorrar-och-chinchilla-morkgra\/#primaryimage"},"image":{"@id":"https:\/\/truusk.store\/sv\/produkt\/truusk-smadjursbur-med-utdragbart-bricka-hangmatta-och-hjul-for-ekorrar-och-chinchilla-morkgra\/#primaryimage"},"thumbnailUrl":"https:\/\/i0.wp.com\/truusk.store\/wp-content\/uploads\/2025\/06\/smadjursbur-gnagarbur-illerbur-med-utdragbart-bricka-musbur-med-ramper-hangmatta-hjul-hylla-bur-med-tillbehor-for-ekorrar-dvarghamstrar-chinchilla-morkgra-1.webp?fit=2000%2C2000&ssl=1","datePublished":"2025-06-05T16:24:17+00:00","dateModified":"2026-03-12T08:46:41+00:00","breadcrumb":{"@id":"https:\/\/truusk.store\/sv\/produkt\/truusk-smadjursbur-med-utdragbart-bricka-hangmatta-och-hjul-for-ekorrar-och-chinchilla-morkgra\/#breadcrumb"},"inLanguage":"sv-SE","potentialAction":[{"@type":"ReadAction","target":["https:\/\/truusk.store\/sv\/produkt\/truusk-smadjursbur-med-utdragbart-bricka-hangmatta-och-hjul-for-ekorrar-och-chinchilla-morkgra\/"]}]},{"@type":"ImageObject","inLanguage":"sv-SE","@id":"https:\/\/truusk.store\/sv\/produkt\/truusk-smadjursbur-med-utdragbart-bricka-hangmatta-och-hjul-for-ekorrar-och-chinchilla-morkgra\/#primaryimage","url":"https:\/\/i0.wp.com\/truusk.store\/wp-content\/uploads\/2025\/06\/smadjursbur-gnagarbur-illerbur-med-utdragbart-bricka-musbur-med-ramper-hangmatta-hjul-hylla-bur-med-tillbehor-for-ekorrar-dvarghamstrar-chinchilla-morkgra-1.webp?fit=2000%2C2000&ssl=1","contentUrl":"https:\/\/i0.wp.com\/truusk.store\/wp-content\/uploads\/2025\/06\/smadjursbur-gnagarbur-illerbur-med-utdragbart-bricka-musbur-med-ramper-hangmatta-hjul-hylla-bur-med-tillbehor-for-ekorrar-dvarghamstrar-chinchilla-morkgra-1.webp?fit=2000%2C2000&ssl=1","width":2000,"height":2000},{"@type":"BreadcrumbList","@id":"https:\/\/truusk.store\/sv\/produkt\/truusk-smadjursbur-med-utdragbart-bricka-hangmatta-och-hjul-for-ekorrar-och-chinchilla-morkgra\/#breadcrumb","itemListElement":[{"@type":"ListItem","position":1,"name":"Home","item":"https:\/\/truusk.store\/sv\/"},{"@type":"ListItem","position":2,"name":"Shop","item":"https:\/\/truusk.store\/shop\/"},{"@type":"ListItem","position":3,"name":"TRUUSK Sm\u00e5djursbur med Utdragbart Bricka &#8211; H\u00e4ngmatta och Hjul &#8211; F\u00f6r Ekorrar och Chinchilla &#8211; M\u00f6rkgr\u00e5"}]},{"@type":"WebSite","@id":"https:\/\/truusk.store\/sv\/#website","url":"https:\/\/truusk.store\/sv\/","name":"TRUUSK - Hem, Tr\u00e4dg\u00e5rd & Fritid","description":"","publisher":{"@id":"https:\/\/truusk.store\/sv\/#organization"},"potentialAction":[{"@type":"SearchAction","target":{"@type":"EntryPoint","urlTemplate":"https:\/\/truusk.store\/sv\/?s={search_term_string}"},"query-input":{"@type":"PropertyValueSpecification","valueRequired":true,"valueName":"search_term_string"}}],"inLanguage":"sv-SE"},{"@type":"Organization","@id":"https:\/\/truusk.store\/sv\/#organization","name":"TRUUSK - Hem, Tr\u00e4dg\u00e5rd & Fritid","url":"https:\/\/truusk.store\/sv\/","logo":{"@type":"ImageObject","inLanguage":"sv-SE","@id":"https:\/\/truusk.store\/sv\/#\/schema\/logo\/image\/","url":"https:\/\/i0.wp.com\/truusk.store\/wp-content\/uploads\/2026\/03\/cropped-TRUUSK.png?fit=2032%2C917&ssl=1","contentUrl":"https:\/\/i0.wp.com\/truusk.store\/wp-content\/uploads\/2026\/03\/cropped-TRUUSK.png?fit=2032%2C917&ssl=1","width":2032,"height":917,"caption":"TRUUSK - Hem, Tr\u00e4dg\u00e5rd & Fritid"},"image":{"@id":"https:\/\/truusk.store\/sv\/#\/schema\/logo\/image\/"}}]}},"jetpack_sharing_enabled":true,"_links":{"self":[{"href":"https:\/\/truusk.store\/sv\/wp-json\/wp\/v2\/product\/69208","targetHints":{"allow":["GET"]}}],"collection":[{"href":"https:\/\/truusk.store\/sv\/wp-json\/wp\/v2\/product"}],"about":[{"href":"https:\/\/truusk.store\/sv\/wp-json\/wp\/v2\/types\/product"}],"wp:featuredmedia":[{"embeddable":true,"href":"https:\/\/truusk.store\/sv\/wp-json\/wp\/v2\/media\/69197"}],"wp:attachment":[{"href":"https:\/\/truusk.store\/sv\/wp-json\/wp\/v2\/media?parent=69208"}],"wp:term":[{"taxonomy":"product_brand","embeddable":true,"href":"https:\/\/truusk.store\/sv\/wp-json\/wp\/v2\/product_brand?post=69208"},{"taxonomy":"product_cat","embeddable":true,"href":"https:\/\/truusk.store\/sv\/wp-json\/wp\/v2\/product_cat?post=69208"},{"taxonomy":"product_tag","embeddable":true,"href":"https:\/\/truusk.store\/sv\/wp-json\/wp\/v2\/product_tag?post=69208"}],"curies":[{"name":"wp","href":"https:\/\/api.w.org\/{rel}","templated":true}]}}