{"id":69216,"date":"2025-06-05T17:24:53","date_gmt":"2025-06-05T16:24:53","guid":{"rendered":"https:\/\/truusk.store\/product\/sidobord-for-tradgard-hojdjusterbart-tradgardsbord-hopfallbart-balkongbord-av-plast-rektangulart-kaffebord-med-50kg-kapacitet-76x50x74h-cm-soffbord-for-utomhus-och-inomhus-balkong-terrass-vit\/"},"modified":"2026-03-12T08:40:37","modified_gmt":"2026-03-12T07:40:37","slug":"truusk-sidobord-for-tradgard-justerbart-och-hopfallbart-plastmaterial-rektangular-design-50-kg-kapacitet-76x50x74h-cm","status":"publish","type":"product","link":"https:\/\/truusk.store\/sv\/produkt\/truusk-sidobord-for-tradgard-justerbart-och-hopfallbart-plastmaterial-rektangular-design-50-kg-kapacitet-76x50x74h-cm\/","title":{"rendered":"TRUUSK Sidobord F\u00f6r Tr\u00e4dg\u00e5rd &#8211; Justerbart och Hopf\u00e4llbart &#8211; Plastmaterial &#8211; Rektangul\u00e4r Design &#8211; 50 kg Kapacitet &#8211; 76x50x74H cm &#8211;"},"content":{"rendered":"<p>Upplev den m\u00e5ngsidiga charmen med TRUUSK Outdoor sidobord, som enkelt kan f\u00e4llas ihop och sparas utrymmeseffektivt. Med sina sex variabla h\u00f6jder f\u00f6rvandlas balkongbordet p\u00e5 nolltid fr\u00e5n ett litet soffbord till ett bistrobord. Den eleganta plastbordsplattan och den stabila metallramen p\u00e5 balkongbordet g\u00f6r det perfekt l\u00e4mpligt f\u00f6r alla tillf\u00e4llen och ger en minimalistisk k\u00e4nsla i tr\u00e4dg\u00e5rden eller p\u00e5 terrassen.<\/p>\n<p>Beskrivning:<\/p>\n<ul>\n<li> F\u00e4llbart design av balkongbordet f\u00f6renklar lagringen och f\u00f6rb\u00e4ttrar b\u00e4rbarheten<\/li>\n<li> 6-stegs h\u00f6jdjustering av det lilla tr\u00e4dg\u00e5rdsbordet anpassar sig till olika anv\u00e4ndarkrav<\/li>\n<li> Plastbordsplatta och metallram p\u00e5 det lilla tr\u00e4dg\u00e5rdsbordet garanterar h\u00e5llbarhet<\/li>\n<li> Minimalistisk design kompletterar b\u00e5de tr\u00e4dg\u00e5rds- och bostadsmilj\u00f6er<\/li>\n<li> Enkel montering kr\u00e4vs<\/li>\n<\/ul>\n<p> Tekniska data:<\/p>\n<ul>\n<li> F\u00e4rg: Vit<\/li>\n<li> Material: Plast, Metall<\/li>\n<li> Totala dimensioner: 76L x 50B x 74H cm<\/li>\n<li> Bordsplattans dimensioner: 76L x 50B x 3,5H cm<\/li>\n<li> F\u00e4llda dimensioner: 86L x 50B x 6,5H cm<\/li>\n<li> B\u00e4rkapacitet: 50 kg<\/li>\n<\/ul>\n<p>Leveransinneh\u00e5ll:<\/p>\n<ul>\n<li> 1 x Sidobord<\/li>\n<li> 1 x Bruksanvisning<\/li>\n<\/ul>\n","protected":false},"excerpt":{"rendered":"<p>Upplev den m\u00e5ngsidiga charmen med TRUUSK Outdoor sidobord, som enkelt kan f\u00e4llas ihop och sparas utrymmeseffektivt. Med sina sex variabla&#8230;<\/p>\n","protected":false},"featured_media":69204,"template":"","meta":[],"product_brand":[],"product_cat":[858,457,450],"product_tag":[],"class_list":{"0":"post-69216","1":"product","2":"type-product","3":"status-publish","4":"has-post-thumbnail","6":"product_cat-tradgard-terrass","7":"product_cat-tradgardsbord","8":"product_cat-tradgardsmobler","10":"first","11":"instock","12":"sale","13":"taxable","14":"shipping-taxable","15":"purchasable","16":"product-type-simple"},"yoast_head":"<!-- This site is optimized with the Yoast SEO plugin v25.4 - https:\/\/yoast.com\/wordpress\/plugins\/seo\/ -->\n<title>TRUUSK Sidobord F\u00f6r Tr\u00e4dg\u00e5rd - Justerbart och Hopf\u00e4llbart - Plastmaterial - Rektangul\u00e4r Design - 50 kg Kapacitet - 76x50x74H cm - TRUUSK - Hem, Tr\u00e4dg\u00e5rd &amp; Fritid<\/title>\n<meta name=\"robots\" content=\"index, follow, max-snippet:-1, max-image-preview:large, max-video-preview:-1\" \/>\n<link rel=\"canonical\" href=\"https:\/\/truusk.store\/sv\/produkt\/truusk-sidobord-for-tradgard-justerbart-och-hopfallbart-plastmaterial-rektangular-design-50-kg-kapacitet-76x50x74h-cm\/\" \/>\n<meta property=\"og:locale\" content=\"sv_SE\" \/>\n<meta property=\"og:type\" content=\"article\" \/>\n<meta property=\"og:title\" content=\"TRUUSK Sidobord F\u00f6r Tr\u00e4dg\u00e5rd - Justerbart och Hopf\u00e4llbart - Plastmaterial - Rektangul\u00e4r Design - 50 kg Kapacitet - 76x50x74H cm - TRUUSK - Hem, Tr\u00e4dg\u00e5rd &amp; Fritid\" \/>\n<meta property=\"og:description\" content=\"Upplev den m\u00e5ngsidiga charmen med TRUUSK Outdoor sidobord, som enkelt kan f\u00e4llas ihop och sparas utrymmeseffektivt. Med sina sex variabla...\" \/>\n<meta property=\"og:url\" content=\"https:\/\/truusk.store\/sv\/produkt\/truusk-sidobord-for-tradgard-justerbart-och-hopfallbart-plastmaterial-rektangular-design-50-kg-kapacitet-76x50x74h-cm\/\" \/>\n<meta property=\"og:site_name\" content=\"TRUUSK - Hem, Tr\u00e4dg\u00e5rd &amp; Fritid\" \/>\n<meta property=\"article:modified_time\" content=\"2026-03-12T07:40:37+00:00\" \/>\n<meta property=\"og:image\" content=\"https:\/\/i0.wp.com\/truusk.se\/wp-content\/uploads\/2025\/06\/sidobord-for-tradgard-hojdjusterbart-tradgardsbord-hopfallbart-balkongbord-av-plast-rektangulart-kaffebord-med-50kg-kapacitet-76x50x74h-cm-soffbord-for-utomhus-och-inomhus-balkong-terrass-vit-1.webp?fit=2000%2C2000&ssl=1\" \/>\n\t<meta property=\"og:image:width\" content=\"2000\" \/>\n\t<meta property=\"og:image:height\" content=\"2000\" \/>\n\t<meta property=\"og:image:type\" content=\"image\/webp\" \/>\n<meta name=\"twitter:card\" content=\"summary_large_image\" \/>\n<meta name=\"twitter:label1\" content=\"Ber\u00e4knad l\u00e4stid\" \/>\n\t<meta name=\"twitter:data1\" content=\"1 minut\" \/>\n<!-- \/ Yoast SEO plugin. -->","yoast_head_json":{"title":"TRUUSK Sidobord F\u00f6r Tr\u00e4dg\u00e5rd - Justerbart och Hopf\u00e4llbart - Plastmaterial - Rektangul\u00e4r Design - 50 kg Kapacitet - 76x50x74H cm - TRUUSK - Hem, Tr\u00e4dg\u00e5rd &amp; Fritid","robots":{"index":"index","follow":"follow","max-snippet":"max-snippet:-1","max-image-preview":"max-image-preview:large","max-video-preview":"max-video-preview:-1"},"canonical":"https:\/\/truusk.store\/sv\/produkt\/truusk-sidobord-for-tradgard-justerbart-och-hopfallbart-plastmaterial-rektangular-design-50-kg-kapacitet-76x50x74h-cm\/","og_locale":"sv_SE","og_type":"article","og_title":"TRUUSK Sidobord F\u00f6r Tr\u00e4dg\u00e5rd - Justerbart och Hopf\u00e4llbart - Plastmaterial - Rektangul\u00e4r Design - 50 kg Kapacitet - 76x50x74H cm - TRUUSK - Hem, Tr\u00e4dg\u00e5rd &amp; Fritid","og_description":"Upplev den m\u00e5ngsidiga charmen med TRUUSK Outdoor sidobord, som enkelt kan f\u00e4llas ihop och sparas utrymmeseffektivt. Med sina sex variabla...","og_url":"https:\/\/truusk.store\/sv\/produkt\/truusk-sidobord-for-tradgard-justerbart-och-hopfallbart-plastmaterial-rektangular-design-50-kg-kapacitet-76x50x74h-cm\/","og_site_name":"TRUUSK - Hem, Tr\u00e4dg\u00e5rd &amp; Fritid","article_modified_time":"2026-03-12T07:40:37+00:00","og_image":[{"width":2000,"height":2000,"url":"https:\/\/i0.wp.com\/truusk.se\/wp-content\/uploads\/2025\/06\/sidobord-for-tradgard-hojdjusterbart-tradgardsbord-hopfallbart-balkongbord-av-plast-rektangulart-kaffebord-med-50kg-kapacitet-76x50x74h-cm-soffbord-for-utomhus-och-inomhus-balkong-terrass-vit-1.webp?fit=2000%2C2000&ssl=1","type":"image\/webp"}],"twitter_card":"summary_large_image","twitter_misc":{"Ber\u00e4knad l\u00e4stid":"1 minut"},"schema":{"@context":"https:\/\/schema.org","@graph":[{"@type":"WebPage","@id":"https:\/\/truusk.store\/sv\/produkt\/truusk-sidobord-for-tradgard-justerbart-och-hopfallbart-plastmaterial-rektangular-design-50-kg-kapacitet-76x50x74h-cm\/","url":"https:\/\/truusk.store\/sv\/produkt\/truusk-sidobord-for-tradgard-justerbart-och-hopfallbart-plastmaterial-rektangular-design-50-kg-kapacitet-76x50x74h-cm\/","name":"TRUUSK Sidobord F\u00f6r Tr\u00e4dg\u00e5rd - Justerbart och Hopf\u00e4llbart - Plastmaterial - Rektangul\u00e4r Design - 50 kg Kapacitet - 76x50x74H cm - TRUUSK - Hem, Tr\u00e4dg\u00e5rd &amp; Fritid","isPartOf":{"@id":"https:\/\/truusk.store\/sv\/#website"},"primaryImageOfPage":{"@id":"https:\/\/truusk.store\/sv\/produkt\/truusk-sidobord-for-tradgard-justerbart-och-hopfallbart-plastmaterial-rektangular-design-50-kg-kapacitet-76x50x74h-cm\/#primaryimage"},"image":{"@id":"https:\/\/truusk.store\/sv\/produkt\/truusk-sidobord-for-tradgard-justerbart-och-hopfallbart-plastmaterial-rektangular-design-50-kg-kapacitet-76x50x74h-cm\/#primaryimage"},"thumbnailUrl":"https:\/\/i0.wp.com\/truusk.store\/wp-content\/uploads\/2025\/06\/sidobord-for-tradgard-hojdjusterbart-tradgardsbord-hopfallbart-balkongbord-av-plast-rektangulart-kaffebord-med-50kg-kapacitet-76x50x74h-cm-soffbord-for-utomhus-och-inomhus-balkong-terrass-vit-1.webp?fit=2000%2C2000&ssl=1","datePublished":"2025-06-05T16:24:53+00:00","dateModified":"2026-03-12T07:40:37+00:00","breadcrumb":{"@id":"https:\/\/truusk.store\/sv\/produkt\/truusk-sidobord-for-tradgard-justerbart-och-hopfallbart-plastmaterial-rektangular-design-50-kg-kapacitet-76x50x74h-cm\/#breadcrumb"},"inLanguage":"sv-SE","potentialAction":[{"@type":"ReadAction","target":["https:\/\/truusk.store\/sv\/produkt\/truusk-sidobord-for-tradgard-justerbart-och-hopfallbart-plastmaterial-rektangular-design-50-kg-kapacitet-76x50x74h-cm\/"]}]},{"@type":"ImageObject","inLanguage":"sv-SE","@id":"https:\/\/truusk.store\/sv\/produkt\/truusk-sidobord-for-tradgard-justerbart-och-hopfallbart-plastmaterial-rektangular-design-50-kg-kapacitet-76x50x74h-cm\/#primaryimage","url":"https:\/\/i0.wp.com\/truusk.store\/wp-content\/uploads\/2025\/06\/sidobord-for-tradgard-hojdjusterbart-tradgardsbord-hopfallbart-balkongbord-av-plast-rektangulart-kaffebord-med-50kg-kapacitet-76x50x74h-cm-soffbord-for-utomhus-och-inomhus-balkong-terrass-vit-1.webp?fit=2000%2C2000&ssl=1","contentUrl":"https:\/\/i0.wp.com\/truusk.store\/wp-content\/uploads\/2025\/06\/sidobord-for-tradgard-hojdjusterbart-tradgardsbord-hopfallbart-balkongbord-av-plast-rektangulart-kaffebord-med-50kg-kapacitet-76x50x74h-cm-soffbord-for-utomhus-och-inomhus-balkong-terrass-vit-1.webp?fit=2000%2C2000&ssl=1","width":2000,"height":2000},{"@type":"BreadcrumbList","@id":"https:\/\/truusk.store\/sv\/produkt\/truusk-sidobord-for-tradgard-justerbart-och-hopfallbart-plastmaterial-rektangular-design-50-kg-kapacitet-76x50x74h-cm\/#breadcrumb","itemListElement":[{"@type":"ListItem","position":1,"name":"Home","item":"https:\/\/truusk.store\/sv\/"},{"@type":"ListItem","position":2,"name":"Shop","item":"https:\/\/truusk.store\/shop\/"},{"@type":"ListItem","position":3,"name":"TRUUSK Sidobord F\u00f6r Tr\u00e4dg\u00e5rd &#8211; Justerbart och Hopf\u00e4llbart &#8211; Plastmaterial &#8211; Rektangul\u00e4r Design &#8211; 50 kg Kapacitet &#8211; 76x50x74H cm &#8211;"}]},{"@type":"WebSite","@id":"https:\/\/truusk.store\/sv\/#website","url":"https:\/\/truusk.store\/sv\/","name":"TRUUSK - Hem, Tr\u00e4dg\u00e5rd & Fritid","description":"","publisher":{"@id":"https:\/\/truusk.store\/sv\/#organization"},"potentialAction":[{"@type":"SearchAction","target":{"@type":"EntryPoint","urlTemplate":"https:\/\/truusk.store\/sv\/?s={search_term_string}"},"query-input":{"@type":"PropertyValueSpecification","valueRequired":true,"valueName":"search_term_string"}}],"inLanguage":"sv-SE"},{"@type":"Organization","@id":"https:\/\/truusk.store\/sv\/#organization","name":"TRUUSK - Hem, Tr\u00e4dg\u00e5rd & Fritid","url":"https:\/\/truusk.store\/sv\/","logo":{"@type":"ImageObject","inLanguage":"sv-SE","@id":"https:\/\/truusk.store\/sv\/#\/schema\/logo\/image\/","url":"https:\/\/i0.wp.com\/truusk.store\/wp-content\/uploads\/2026\/03\/cropped-TRUUSK.png?fit=2032%2C917&ssl=1","contentUrl":"https:\/\/i0.wp.com\/truusk.store\/wp-content\/uploads\/2026\/03\/cropped-TRUUSK.png?fit=2032%2C917&ssl=1","width":2032,"height":917,"caption":"TRUUSK - Hem, Tr\u00e4dg\u00e5rd & Fritid"},"image":{"@id":"https:\/\/truusk.store\/sv\/#\/schema\/logo\/image\/"}}]}},"jetpack_sharing_enabled":true,"_links":{"self":[{"href":"https:\/\/truusk.store\/sv\/wp-json\/wp\/v2\/product\/69216","targetHints":{"allow":["GET"]}}],"collection":[{"href":"https:\/\/truusk.store\/sv\/wp-json\/wp\/v2\/product"}],"about":[{"href":"https:\/\/truusk.store\/sv\/wp-json\/wp\/v2\/types\/product"}],"wp:featuredmedia":[{"embeddable":true,"href":"https:\/\/truusk.store\/sv\/wp-json\/wp\/v2\/media\/69204"}],"wp:attachment":[{"href":"https:\/\/truusk.store\/sv\/wp-json\/wp\/v2\/media?parent=69216"}],"wp:term":[{"taxonomy":"product_brand","embeddable":true,"href":"https:\/\/truusk.store\/sv\/wp-json\/wp\/v2\/product_brand?post=69216"},{"taxonomy":"product_cat","embeddable":true,"href":"https:\/\/truusk.store\/sv\/wp-json\/wp\/v2\/product_cat?post=69216"},{"taxonomy":"product_tag","embeddable":true,"href":"https:\/\/truusk.store\/sv\/wp-json\/wp\/v2\/product_tag?post=69216"}],"curies":[{"name":"wp","href":"https:\/\/api.w.org\/{rel}","templated":true}]}}