{"id":69236,"date":"2025-06-05T17:26:48","date_gmt":"2025-06-05T16:26:48","guid":{"rendered":"https:\/\/truusk.store\/product\/soffbord-i-hardat-glas-vardagsrumsbord-med-justerbara-fotdynor-och-stalram-runt-sidobord-for-vardagsrum-transparent-o80-x-45-cm\/"},"modified":"2026-03-12T09:45:24","modified_gmt":"2026-03-12T08:45:24","slug":"truusk-soffbord-i-hardat-glas-justerbara-fotdynor-och-stalram-runt-sidobord-transparent-o80-x-45-cm","status":"publish","type":"product","link":"https:\/\/truusk.store\/sv\/produkt\/truusk-soffbord-i-hardat-glas-justerbara-fotdynor-och-stalram-runt-sidobord-transparent-o80-x-45-cm\/","title":{"rendered":"TRUUSK Soffbord I H\u00e4rdat Glas &#8211; Justerbara Fotdynor Och St\u00e5lram &#8211; Runt Sidobord &#8211; Transparent &#8211; \u00d880 X 45 cm"},"content":{"rendered":"<p>Uppt\u00e4ck den stiliga TRUUSK soffbordet, en elegant till\u00e4gg till ditt hem. Detta kaffebord st\u00e5r stabilt p\u00e5 ben med tr\u00e4korn och de justerbara fotdynorna skyddar dina golv. Med detta m\u00f6belstycke av soffbordet f\u00e5r du en verklig allroundare i huset, som kan anv\u00e4ndas flexibelt i olika milj\u00f6er.<\/p>\n<p>Beskrivning:<\/p>\n<ul>\n<li> Klara linjer f\u00f6rh\u00f6jer stilen i ditt rum<\/li>\n<li> H\u00e4rdad glas av soffbordet garanterar s\u00e4kerhet och h\u00e5llbarhet<\/li>\n<li> Robust, st\u00f6tt\u00e5ligt design av kaffebordet st\u00e5r emot daglig anv\u00e4ndning<\/li>\n<li> Enkel underh\u00e5ll f\u00f6r problemfri v\u00e5rd<\/li>\n<li> Ben i tr\u00e4utseende erbjuder h\u00f6g stabilitet<\/li>\n<li> Justerbara fotdynor av vardagsrumsbordet skyddar golv fr\u00e5n repor<\/li>\n<li> M\u00e5ngsidigt anv\u00e4ndbar<\/li>\n<li> Enkel montering kr\u00e4vs<\/li>\n<\/ul>\n<p> Tekniska data:<\/p>\n<ul>\n<li> F\u00e4rg: Transparent<\/li>\n<li> Material: H\u00e4rdat glas, St\u00e5l<\/li>\n<li> Totala dimensioner: \u00d880 x 45H cm<\/li>\n<li> Ytstorlek: \u00d880 x 0,8T cm<\/li>\n<li> B\u00e4rkapacitet: 15 kg<\/li>\n<\/ul>\n<p>Leveransinneh\u00e5ll:<\/p>\n<ul>\n<li> 1 x Soffbord<\/li>\n<li> 1 x Bruksanvisning<\/li>\n<\/ul>\n","protected":false},"excerpt":{"rendered":"<p>Uppt\u00e4ck den stiliga TRUUSK soffbordet, en elegant till\u00e4gg till ditt hem. Detta kaffebord st\u00e5r stabilt p\u00e5 ben med tr\u00e4korn och&#8230;<\/p>\n","protected":false},"featured_media":69227,"template":"","meta":[],"product_brand":[],"product_cat":[871,957,910],"product_tag":[],"class_list":{"0":"post-69236","1":"product","2":"type-product","3":"status-publish","4":"has-post-thumbnail","6":"product_cat-hus-hem","7":"product_cat-sidobord","8":"product_cat-vardagsrum","10":"first","11":"instock","12":"sale","13":"taxable","14":"shipping-taxable","15":"purchasable","16":"product-type-simple"},"yoast_head":"<!-- This site is optimized with the Yoast SEO plugin v25.4 - https:\/\/yoast.com\/wordpress\/plugins\/seo\/ -->\n<title>TRUUSK Soffbord I H\u00e4rdat Glas - Justerbara Fotdynor Och St\u00e5lram - Runt Sidobord - Transparent - \u00d880 X 45 cm - TRUUSK - Hem, Tr\u00e4dg\u00e5rd &amp; Fritid<\/title>\n<meta name=\"robots\" content=\"index, follow, max-snippet:-1, max-image-preview:large, max-video-preview:-1\" \/>\n<link rel=\"canonical\" href=\"https:\/\/truusk.store\/sv\/produkt\/truusk-soffbord-i-hardat-glas-justerbara-fotdynor-och-stalram-runt-sidobord-transparent-o80-x-45-cm\/\" \/>\n<meta property=\"og:locale\" content=\"sv_SE\" \/>\n<meta property=\"og:type\" content=\"article\" \/>\n<meta property=\"og:title\" content=\"TRUUSK Soffbord I H\u00e4rdat Glas - Justerbara Fotdynor Och St\u00e5lram - Runt Sidobord - Transparent - \u00d880 X 45 cm - TRUUSK - Hem, Tr\u00e4dg\u00e5rd &amp; Fritid\" \/>\n<meta property=\"og:description\" content=\"Uppt\u00e4ck den stiliga TRUUSK soffbordet, en elegant till\u00e4gg till ditt hem. Detta kaffebord st\u00e5r stabilt p\u00e5 ben med tr\u00e4korn och...\" \/>\n<meta property=\"og:url\" content=\"https:\/\/truusk.store\/sv\/produkt\/truusk-soffbord-i-hardat-glas-justerbara-fotdynor-och-stalram-runt-sidobord-transparent-o80-x-45-cm\/\" \/>\n<meta property=\"og:site_name\" content=\"TRUUSK - Hem, Tr\u00e4dg\u00e5rd &amp; Fritid\" \/>\n<meta property=\"article:modified_time\" content=\"2026-03-12T08:45:24+00:00\" \/>\n<meta property=\"og:image\" content=\"https:\/\/i0.wp.com\/truusk.se\/wp-content\/uploads\/2025\/06\/soffbord-i-hardat-glas-vardagsrumsbord-med-justerbara-fotdynor-och-stalram-runt-sidobord-for-vardagsrum-transparent-o80-x-45-cm-1.webp?fit=2000%2C2000&ssl=1\" \/>\n\t<meta property=\"og:image:width\" content=\"2000\" \/>\n\t<meta property=\"og:image:height\" content=\"2000\" \/>\n\t<meta property=\"og:image:type\" content=\"image\/webp\" \/>\n<meta name=\"twitter:card\" content=\"summary_large_image\" \/>\n<meta name=\"twitter:label1\" content=\"Ber\u00e4knad l\u00e4stid\" \/>\n\t<meta name=\"twitter:data1\" content=\"1 minut\" \/>\n<!-- \/ Yoast SEO plugin. -->","yoast_head_json":{"title":"TRUUSK Soffbord I H\u00e4rdat Glas - Justerbara Fotdynor Och St\u00e5lram - Runt Sidobord - Transparent - \u00d880 X 45 cm - TRUUSK - Hem, Tr\u00e4dg\u00e5rd &amp; Fritid","robots":{"index":"index","follow":"follow","max-snippet":"max-snippet:-1","max-image-preview":"max-image-preview:large","max-video-preview":"max-video-preview:-1"},"canonical":"https:\/\/truusk.store\/sv\/produkt\/truusk-soffbord-i-hardat-glas-justerbara-fotdynor-och-stalram-runt-sidobord-transparent-o80-x-45-cm\/","og_locale":"sv_SE","og_type":"article","og_title":"TRUUSK Soffbord I H\u00e4rdat Glas - Justerbara Fotdynor Och St\u00e5lram - Runt Sidobord - Transparent - \u00d880 X 45 cm - TRUUSK - Hem, Tr\u00e4dg\u00e5rd &amp; Fritid","og_description":"Uppt\u00e4ck den stiliga TRUUSK soffbordet, en elegant till\u00e4gg till ditt hem. Detta kaffebord st\u00e5r stabilt p\u00e5 ben med tr\u00e4korn och...","og_url":"https:\/\/truusk.store\/sv\/produkt\/truusk-soffbord-i-hardat-glas-justerbara-fotdynor-och-stalram-runt-sidobord-transparent-o80-x-45-cm\/","og_site_name":"TRUUSK - Hem, Tr\u00e4dg\u00e5rd &amp; Fritid","article_modified_time":"2026-03-12T08:45:24+00:00","og_image":[{"width":2000,"height":2000,"url":"https:\/\/i0.wp.com\/truusk.se\/wp-content\/uploads\/2025\/06\/soffbord-i-hardat-glas-vardagsrumsbord-med-justerbara-fotdynor-och-stalram-runt-sidobord-for-vardagsrum-transparent-o80-x-45-cm-1.webp?fit=2000%2C2000&ssl=1","type":"image\/webp"}],"twitter_card":"summary_large_image","twitter_misc":{"Ber\u00e4knad l\u00e4stid":"1 minut"},"schema":{"@context":"https:\/\/schema.org","@graph":[{"@type":"WebPage","@id":"https:\/\/truusk.store\/sv\/produkt\/truusk-soffbord-i-hardat-glas-justerbara-fotdynor-och-stalram-runt-sidobord-transparent-o80-x-45-cm\/","url":"https:\/\/truusk.store\/sv\/produkt\/truusk-soffbord-i-hardat-glas-justerbara-fotdynor-och-stalram-runt-sidobord-transparent-o80-x-45-cm\/","name":"TRUUSK Soffbord I H\u00e4rdat Glas - Justerbara Fotdynor Och St\u00e5lram - Runt Sidobord - Transparent - \u00d880 X 45 cm - TRUUSK - Hem, Tr\u00e4dg\u00e5rd &amp; Fritid","isPartOf":{"@id":"https:\/\/truusk.store\/sv\/#website"},"primaryImageOfPage":{"@id":"https:\/\/truusk.store\/sv\/produkt\/truusk-soffbord-i-hardat-glas-justerbara-fotdynor-och-stalram-runt-sidobord-transparent-o80-x-45-cm\/#primaryimage"},"image":{"@id":"https:\/\/truusk.store\/sv\/produkt\/truusk-soffbord-i-hardat-glas-justerbara-fotdynor-och-stalram-runt-sidobord-transparent-o80-x-45-cm\/#primaryimage"},"thumbnailUrl":"https:\/\/i0.wp.com\/truusk.store\/wp-content\/uploads\/2025\/06\/soffbord-i-hardat-glas-vardagsrumsbord-med-justerbara-fotdynor-och-stalram-runt-sidobord-for-vardagsrum-transparent-o80-x-45-cm-1.webp?fit=2000%2C2000&ssl=1","datePublished":"2025-06-05T16:26:48+00:00","dateModified":"2026-03-12T08:45:24+00:00","breadcrumb":{"@id":"https:\/\/truusk.store\/sv\/produkt\/truusk-soffbord-i-hardat-glas-justerbara-fotdynor-och-stalram-runt-sidobord-transparent-o80-x-45-cm\/#breadcrumb"},"inLanguage":"sv-SE","potentialAction":[{"@type":"ReadAction","target":["https:\/\/truusk.store\/sv\/produkt\/truusk-soffbord-i-hardat-glas-justerbara-fotdynor-och-stalram-runt-sidobord-transparent-o80-x-45-cm\/"]}]},{"@type":"ImageObject","inLanguage":"sv-SE","@id":"https:\/\/truusk.store\/sv\/produkt\/truusk-soffbord-i-hardat-glas-justerbara-fotdynor-och-stalram-runt-sidobord-transparent-o80-x-45-cm\/#primaryimage","url":"https:\/\/i0.wp.com\/truusk.store\/wp-content\/uploads\/2025\/06\/soffbord-i-hardat-glas-vardagsrumsbord-med-justerbara-fotdynor-och-stalram-runt-sidobord-for-vardagsrum-transparent-o80-x-45-cm-1.webp?fit=2000%2C2000&ssl=1","contentUrl":"https:\/\/i0.wp.com\/truusk.store\/wp-content\/uploads\/2025\/06\/soffbord-i-hardat-glas-vardagsrumsbord-med-justerbara-fotdynor-och-stalram-runt-sidobord-for-vardagsrum-transparent-o80-x-45-cm-1.webp?fit=2000%2C2000&ssl=1","width":2000,"height":2000},{"@type":"BreadcrumbList","@id":"https:\/\/truusk.store\/sv\/produkt\/truusk-soffbord-i-hardat-glas-justerbara-fotdynor-och-stalram-runt-sidobord-transparent-o80-x-45-cm\/#breadcrumb","itemListElement":[{"@type":"ListItem","position":1,"name":"Home","item":"https:\/\/truusk.store\/sv\/"},{"@type":"ListItem","position":2,"name":"Shop","item":"https:\/\/truusk.store\/shop\/"},{"@type":"ListItem","position":3,"name":"TRUUSK Soffbord I H\u00e4rdat Glas &#8211; Justerbara Fotdynor Och St\u00e5lram &#8211; Runt Sidobord &#8211; Transparent &#8211; \u00d880 X 45 cm"}]},{"@type":"WebSite","@id":"https:\/\/truusk.store\/sv\/#website","url":"https:\/\/truusk.store\/sv\/","name":"TRUUSK - Hem, Tr\u00e4dg\u00e5rd & Fritid","description":"","publisher":{"@id":"https:\/\/truusk.store\/sv\/#organization"},"potentialAction":[{"@type":"SearchAction","target":{"@type":"EntryPoint","urlTemplate":"https:\/\/truusk.store\/sv\/?s={search_term_string}"},"query-input":{"@type":"PropertyValueSpecification","valueRequired":true,"valueName":"search_term_string"}}],"inLanguage":"sv-SE"},{"@type":"Organization","@id":"https:\/\/truusk.store\/sv\/#organization","name":"TRUUSK - Hem, Tr\u00e4dg\u00e5rd & Fritid","url":"https:\/\/truusk.store\/sv\/","logo":{"@type":"ImageObject","inLanguage":"sv-SE","@id":"https:\/\/truusk.store\/sv\/#\/schema\/logo\/image\/","url":"https:\/\/i0.wp.com\/truusk.store\/wp-content\/uploads\/2026\/03\/cropped-TRUUSK.png?fit=2032%2C917&ssl=1","contentUrl":"https:\/\/i0.wp.com\/truusk.store\/wp-content\/uploads\/2026\/03\/cropped-TRUUSK.png?fit=2032%2C917&ssl=1","width":2032,"height":917,"caption":"TRUUSK - Hem, Tr\u00e4dg\u00e5rd & Fritid"},"image":{"@id":"https:\/\/truusk.store\/sv\/#\/schema\/logo\/image\/"}}]}},"jetpack_sharing_enabled":true,"_links":{"self":[{"href":"https:\/\/truusk.store\/sv\/wp-json\/wp\/v2\/product\/69236","targetHints":{"allow":["GET"]}}],"collection":[{"href":"https:\/\/truusk.store\/sv\/wp-json\/wp\/v2\/product"}],"about":[{"href":"https:\/\/truusk.store\/sv\/wp-json\/wp\/v2\/types\/product"}],"wp:featuredmedia":[{"embeddable":true,"href":"https:\/\/truusk.store\/sv\/wp-json\/wp\/v2\/media\/69227"}],"wp:attachment":[{"href":"https:\/\/truusk.store\/sv\/wp-json\/wp\/v2\/media?parent=69236"}],"wp:term":[{"taxonomy":"product_brand","embeddable":true,"href":"https:\/\/truusk.store\/sv\/wp-json\/wp\/v2\/product_brand?post=69236"},{"taxonomy":"product_cat","embeddable":true,"href":"https:\/\/truusk.store\/sv\/wp-json\/wp\/v2\/product_cat?post=69236"},{"taxonomy":"product_tag","embeddable":true,"href":"https:\/\/truusk.store\/sv\/wp-json\/wp\/v2\/product_tag?post=69236"}],"curies":[{"name":"wp","href":"https:\/\/api.w.org\/{rel}","templated":true}]}}