{"id":69246,"date":"2025-06-05T17:27:57","date_gmt":"2025-06-05T16:27:57","guid":{"rendered":"https:\/\/truusk.store\/product\/grillvagn-6-hyllor-serveringsvagn-med-arbetsyta-handduksstall-bbq-grillbord-av-tra-grill-sidobord-utomhus-trolley-kolgrill-for-tradgard-terrass-1345x50x915cm-naturtra\/"},"modified":"2026-03-12T09:45:34","modified_gmt":"2026-03-12T08:45:34","slug":"truusk-grillvagn-med-6-hyllor-och-arbetsyta-handduksstall-bbq-grillbord-i-tra-sidobord-utomhus-trolley-kolgrill-for","status":"publish","type":"product","link":"https:\/\/truusk.store\/sv\/produkt\/truusk-grillvagn-med-6-hyllor-och-arbetsyta-handduksstall-bbq-grillbord-i-tra-sidobord-utomhus-trolley-kolgrill-for\/","title":{"rendered":"TRUUSK Grillvagn med 6 hyllor och arbetsyta &#8211; Handduksst\u00e4ll &#8211; BBQ Grillbord i tr\u00e4 &#8211; Sidobord &#8211; Utomhus Trolley &#8211; Kolgrill f\u00f6r"},"content":{"rendered":"<p>Utomhusgrillvagnen fr\u00e5n TRUUSK kombinerar en v\u00e4rmet\u00e5lig rostfri st\u00e5lyta med en robust tr\u00e4ram, idealisk f\u00f6r matlagning och grillning. Grillvagnen \u00e4r utrustad med tre hyllor, ett kryddhylla, en handduksh\u00e5llare och ett f\u00f6rvaringssk\u00e5p. Fyra 360\u00b0-hjul p\u00e5 grillbordet, tv\u00e5 med l\u00e5sfunktion, s\u00e4kerst\u00e4ller smidig r\u00f6rlighet och stabilitet. Perfekt som barvagn, matlagningsstation eller k\u00f6ks\u00f6, f\u00f6r inomhus och utomhusbruk.<\/p>\n<p>Beskrivning:<\/p>\n<ul>\n<li> Rostfritt st\u00e5lyta \u00e4r rostbest\u00e4ndig och underl\u00e4ttar reng\u00f6ring<\/li>\n<li> Grillbordets massivtr\u00e4konstruktion f\u00f6rb\u00e4ttrar l\u00e5ngvarig utomhusanv\u00e4ndning<\/li>\n<li> Trestegshyllorna p\u00e5 serveringsvagnen organiserar porslin och mat<\/li>\n<li> Praktisk krydda- och handdukshylla p\u00e5 serveringsvagnen f\u00f6r snabb \u00e5tkomst<\/li>\n<li> S\u00e4kert sk\u00e5p med hylla f\u00f6r ytterligare f\u00f6rvaringsm\u00f6jligheter<\/li>\n<li> Fyra roterande hjul m\u00f6jligg\u00f6r enkel och flexibel r\u00f6relse<\/li>\n<li> Kan anv\u00e4ndas som grillbord, pizzaugnsbord, serveringsvagn eller som arbetsbord f\u00f6r tr\u00e4dg\u00e5rdsarbete<\/li>\n<li> Montering kr\u00e4vs<\/li>\n<\/ul>\n<p> Tekniska data:<\/p>\n<ul>\n<li> F\u00e4rg: Naturtr\u00e4<\/li>\n<li> Material: St\u00e5l, grantr\u00e4<\/li>\n<li> Totala dimensioner: 134,5L x 50B x 91,5H cm<\/li>\n<li> Storlek p\u00e5 rostfritt st\u00e5lplatta: 103,5B x 50T cm<\/li>\n<li> Storlek p\u00e5 f\u00f6rvaringshylla: 49L x 47B x 24\/25,5\/20,5H cm (nedan\/mitten\/ovan)<\/li>\n<li> Storlek p\u00e5 kryddbricka: 43,5L x 13B x 8H cm<\/li>\n<li> Storlek p\u00e5 handduksh\u00e5llare: \u00d82 x 47L cm<\/li>\n<li> Storlek p\u00e5 inre hylla: 48,5L x 41B x 36H cm<\/li>\n<li> D\u00f6rrstorlek: 44,5B x 71H cm<\/li>\n<li> Avst\u00e5nd botten till golv: 10 cm<\/li>\n<li> Belastningskapacitet: 50 kg (ovan), 20 kg (hylla)<\/li>\n<\/ul>\n<p>Leveransinneh\u00e5ll:<\/p>\n<ul>\n<li> 1 x Grillvagn<\/li>\n<li> 1 x Bruksanvisning<\/li>\n<\/ul>\n","protected":false},"excerpt":{"rendered":"<p>Utomhusgrillvagnen fr\u00e5n TRUUSK kombinerar en v\u00e4rmet\u00e5lig rostfri st\u00e5lyta med en robust tr\u00e4ram, idealisk f\u00f6r matlagning och grillning. Grillvagnen \u00e4r utrustad&#8230;<\/p>\n","protected":false},"featured_media":69237,"template":"","meta":[],"product_brand":[],"product_cat":[871,889,1017],"product_tag":[],"class_list":{"0":"post-69246","1":"product","2":"type-product","3":"status-publish","4":"has-post-thumbnail","6":"product_cat-hus-hem","7":"product_cat-kok-matsal","8":"product_cat-koksoar","10":"first","11":"instock","12":"sale","13":"taxable","14":"shipping-taxable","15":"purchasable","16":"product-type-simple"},"yoast_head":"<!-- This site is optimized with the Yoast SEO plugin v25.4 - https:\/\/yoast.com\/wordpress\/plugins\/seo\/ -->\n<title>TRUUSK Grillvagn med 6 hyllor och arbetsyta - Handduksst\u00e4ll - BBQ Grillbord i tr\u00e4 - Sidobord - Utomhus Trolley - Kolgrill f\u00f6r - TRUUSK - Hem, Tr\u00e4dg\u00e5rd &amp; Fritid<\/title>\n<meta name=\"robots\" content=\"index, follow, max-snippet:-1, max-image-preview:large, max-video-preview:-1\" \/>\n<link rel=\"canonical\" href=\"https:\/\/truusk.store\/sv\/produkt\/truusk-grillvagn-med-6-hyllor-och-arbetsyta-handduksstall-bbq-grillbord-i-tra-sidobord-utomhus-trolley-kolgrill-for\/\" \/>\n<meta property=\"og:locale\" content=\"sv_SE\" \/>\n<meta property=\"og:type\" content=\"article\" \/>\n<meta property=\"og:title\" content=\"TRUUSK Grillvagn med 6 hyllor och arbetsyta - Handduksst\u00e4ll - BBQ Grillbord i tr\u00e4 - Sidobord - Utomhus Trolley - Kolgrill f\u00f6r - TRUUSK - Hem, Tr\u00e4dg\u00e5rd &amp; Fritid\" \/>\n<meta property=\"og:description\" content=\"Utomhusgrillvagnen fr\u00e5n TRUUSK kombinerar en v\u00e4rmet\u00e5lig rostfri st\u00e5lyta med en robust tr\u00e4ram, idealisk f\u00f6r matlagning och grillning. Grillvagnen \u00e4r utrustad...\" \/>\n<meta property=\"og:url\" content=\"https:\/\/truusk.store\/sv\/produkt\/truusk-grillvagn-med-6-hyllor-och-arbetsyta-handduksstall-bbq-grillbord-i-tra-sidobord-utomhus-trolley-kolgrill-for\/\" \/>\n<meta property=\"og:site_name\" content=\"TRUUSK - Hem, Tr\u00e4dg\u00e5rd &amp; Fritid\" \/>\n<meta property=\"article:modified_time\" content=\"2026-03-12T08:45:34+00:00\" \/>\n<meta property=\"og:image\" content=\"https:\/\/i0.wp.com\/truusk.se\/wp-content\/uploads\/2025\/06\/grillvagn-6-hyllor-serveringsvagn-med-arbetsyta-handduksstall-bbq-grillbord-av-tra-grill-sidobord-utomhus-trolley-kolgrill-for-tradgard-terrass-1345x50x915cm-naturtra-1.webp?fit=2000%2C2000&ssl=1\" \/>\n\t<meta property=\"og:image:width\" content=\"2000\" \/>\n\t<meta property=\"og:image:height\" content=\"2000\" \/>\n\t<meta property=\"og:image:type\" content=\"image\/webp\" \/>\n<meta name=\"twitter:card\" content=\"summary_large_image\" \/>\n<meta name=\"twitter:label1\" content=\"Ber\u00e4knad l\u00e4stid\" \/>\n\t<meta name=\"twitter:data1\" content=\"1 minut\" \/>\n<!-- \/ Yoast SEO plugin. -->","yoast_head_json":{"title":"TRUUSK Grillvagn med 6 hyllor och arbetsyta - Handduksst\u00e4ll - BBQ Grillbord i tr\u00e4 - Sidobord - Utomhus Trolley - Kolgrill f\u00f6r - TRUUSK - Hem, Tr\u00e4dg\u00e5rd &amp; Fritid","robots":{"index":"index","follow":"follow","max-snippet":"max-snippet:-1","max-image-preview":"max-image-preview:large","max-video-preview":"max-video-preview:-1"},"canonical":"https:\/\/truusk.store\/sv\/produkt\/truusk-grillvagn-med-6-hyllor-och-arbetsyta-handduksstall-bbq-grillbord-i-tra-sidobord-utomhus-trolley-kolgrill-for\/","og_locale":"sv_SE","og_type":"article","og_title":"TRUUSK Grillvagn med 6 hyllor och arbetsyta - Handduksst\u00e4ll - BBQ Grillbord i tr\u00e4 - Sidobord - Utomhus Trolley - Kolgrill f\u00f6r - TRUUSK - Hem, Tr\u00e4dg\u00e5rd &amp; Fritid","og_description":"Utomhusgrillvagnen fr\u00e5n TRUUSK kombinerar en v\u00e4rmet\u00e5lig rostfri st\u00e5lyta med en robust tr\u00e4ram, idealisk f\u00f6r matlagning och grillning. Grillvagnen \u00e4r utrustad...","og_url":"https:\/\/truusk.store\/sv\/produkt\/truusk-grillvagn-med-6-hyllor-och-arbetsyta-handduksstall-bbq-grillbord-i-tra-sidobord-utomhus-trolley-kolgrill-for\/","og_site_name":"TRUUSK - Hem, Tr\u00e4dg\u00e5rd &amp; Fritid","article_modified_time":"2026-03-12T08:45:34+00:00","og_image":[{"width":2000,"height":2000,"url":"https:\/\/i0.wp.com\/truusk.se\/wp-content\/uploads\/2025\/06\/grillvagn-6-hyllor-serveringsvagn-med-arbetsyta-handduksstall-bbq-grillbord-av-tra-grill-sidobord-utomhus-trolley-kolgrill-for-tradgard-terrass-1345x50x915cm-naturtra-1.webp?fit=2000%2C2000&ssl=1","type":"image\/webp"}],"twitter_card":"summary_large_image","twitter_misc":{"Ber\u00e4knad l\u00e4stid":"1 minut"},"schema":{"@context":"https:\/\/schema.org","@graph":[{"@type":"WebPage","@id":"https:\/\/truusk.store\/sv\/produkt\/truusk-grillvagn-med-6-hyllor-och-arbetsyta-handduksstall-bbq-grillbord-i-tra-sidobord-utomhus-trolley-kolgrill-for\/","url":"https:\/\/truusk.store\/sv\/produkt\/truusk-grillvagn-med-6-hyllor-och-arbetsyta-handduksstall-bbq-grillbord-i-tra-sidobord-utomhus-trolley-kolgrill-for\/","name":"TRUUSK Grillvagn med 6 hyllor och arbetsyta - Handduksst\u00e4ll - BBQ Grillbord i tr\u00e4 - Sidobord - Utomhus Trolley - Kolgrill f\u00f6r - TRUUSK - Hem, Tr\u00e4dg\u00e5rd &amp; Fritid","isPartOf":{"@id":"https:\/\/truusk.store\/sv\/#website"},"primaryImageOfPage":{"@id":"https:\/\/truusk.store\/sv\/produkt\/truusk-grillvagn-med-6-hyllor-och-arbetsyta-handduksstall-bbq-grillbord-i-tra-sidobord-utomhus-trolley-kolgrill-for\/#primaryimage"},"image":{"@id":"https:\/\/truusk.store\/sv\/produkt\/truusk-grillvagn-med-6-hyllor-och-arbetsyta-handduksstall-bbq-grillbord-i-tra-sidobord-utomhus-trolley-kolgrill-for\/#primaryimage"},"thumbnailUrl":"https:\/\/i0.wp.com\/truusk.store\/wp-content\/uploads\/2025\/06\/grillvagn-6-hyllor-serveringsvagn-med-arbetsyta-handduksstall-bbq-grillbord-av-tra-grill-sidobord-utomhus-trolley-kolgrill-for-tradgard-terrass-1345x50x915cm-naturtra-1.webp?fit=2000%2C2000&ssl=1","datePublished":"2025-06-05T16:27:57+00:00","dateModified":"2026-03-12T08:45:34+00:00","breadcrumb":{"@id":"https:\/\/truusk.store\/sv\/produkt\/truusk-grillvagn-med-6-hyllor-och-arbetsyta-handduksstall-bbq-grillbord-i-tra-sidobord-utomhus-trolley-kolgrill-for\/#breadcrumb"},"inLanguage":"sv-SE","potentialAction":[{"@type":"ReadAction","target":["https:\/\/truusk.store\/sv\/produkt\/truusk-grillvagn-med-6-hyllor-och-arbetsyta-handduksstall-bbq-grillbord-i-tra-sidobord-utomhus-trolley-kolgrill-for\/"]}]},{"@type":"ImageObject","inLanguage":"sv-SE","@id":"https:\/\/truusk.store\/sv\/produkt\/truusk-grillvagn-med-6-hyllor-och-arbetsyta-handduksstall-bbq-grillbord-i-tra-sidobord-utomhus-trolley-kolgrill-for\/#primaryimage","url":"https:\/\/i0.wp.com\/truusk.store\/wp-content\/uploads\/2025\/06\/grillvagn-6-hyllor-serveringsvagn-med-arbetsyta-handduksstall-bbq-grillbord-av-tra-grill-sidobord-utomhus-trolley-kolgrill-for-tradgard-terrass-1345x50x915cm-naturtra-1.webp?fit=2000%2C2000&ssl=1","contentUrl":"https:\/\/i0.wp.com\/truusk.store\/wp-content\/uploads\/2025\/06\/grillvagn-6-hyllor-serveringsvagn-med-arbetsyta-handduksstall-bbq-grillbord-av-tra-grill-sidobord-utomhus-trolley-kolgrill-for-tradgard-terrass-1345x50x915cm-naturtra-1.webp?fit=2000%2C2000&ssl=1","width":2000,"height":2000},{"@type":"BreadcrumbList","@id":"https:\/\/truusk.store\/sv\/produkt\/truusk-grillvagn-med-6-hyllor-och-arbetsyta-handduksstall-bbq-grillbord-i-tra-sidobord-utomhus-trolley-kolgrill-for\/#breadcrumb","itemListElement":[{"@type":"ListItem","position":1,"name":"Home","item":"https:\/\/truusk.store\/sv\/"},{"@type":"ListItem","position":2,"name":"Shop","item":"https:\/\/truusk.store\/shop\/"},{"@type":"ListItem","position":3,"name":"TRUUSK Grillvagn med 6 hyllor och arbetsyta &#8211; Handduksst\u00e4ll &#8211; BBQ Grillbord i tr\u00e4 &#8211; Sidobord &#8211; Utomhus Trolley &#8211; Kolgrill f\u00f6r"}]},{"@type":"WebSite","@id":"https:\/\/truusk.store\/sv\/#website","url":"https:\/\/truusk.store\/sv\/","name":"TRUUSK - Hem, Tr\u00e4dg\u00e5rd & Fritid","description":"","publisher":{"@id":"https:\/\/truusk.store\/sv\/#organization"},"potentialAction":[{"@type":"SearchAction","target":{"@type":"EntryPoint","urlTemplate":"https:\/\/truusk.store\/sv\/?s={search_term_string}"},"query-input":{"@type":"PropertyValueSpecification","valueRequired":true,"valueName":"search_term_string"}}],"inLanguage":"sv-SE"},{"@type":"Organization","@id":"https:\/\/truusk.store\/sv\/#organization","name":"TRUUSK - Hem, Tr\u00e4dg\u00e5rd & Fritid","url":"https:\/\/truusk.store\/sv\/","logo":{"@type":"ImageObject","inLanguage":"sv-SE","@id":"https:\/\/truusk.store\/sv\/#\/schema\/logo\/image\/","url":"https:\/\/i0.wp.com\/truusk.store\/wp-content\/uploads\/2026\/03\/cropped-TRUUSK.png?fit=2032%2C917&ssl=1","contentUrl":"https:\/\/i0.wp.com\/truusk.store\/wp-content\/uploads\/2026\/03\/cropped-TRUUSK.png?fit=2032%2C917&ssl=1","width":2032,"height":917,"caption":"TRUUSK - Hem, Tr\u00e4dg\u00e5rd & Fritid"},"image":{"@id":"https:\/\/truusk.store\/sv\/#\/schema\/logo\/image\/"}}]}},"jetpack_sharing_enabled":true,"_links":{"self":[{"href":"https:\/\/truusk.store\/sv\/wp-json\/wp\/v2\/product\/69246","targetHints":{"allow":["GET"]}}],"collection":[{"href":"https:\/\/truusk.store\/sv\/wp-json\/wp\/v2\/product"}],"about":[{"href":"https:\/\/truusk.store\/sv\/wp-json\/wp\/v2\/types\/product"}],"wp:featuredmedia":[{"embeddable":true,"href":"https:\/\/truusk.store\/sv\/wp-json\/wp\/v2\/media\/69237"}],"wp:attachment":[{"href":"https:\/\/truusk.store\/sv\/wp-json\/wp\/v2\/media?parent=69246"}],"wp:term":[{"taxonomy":"product_brand","embeddable":true,"href":"https:\/\/truusk.store\/sv\/wp-json\/wp\/v2\/product_brand?post=69246"},{"taxonomy":"product_cat","embeddable":true,"href":"https:\/\/truusk.store\/sv\/wp-json\/wp\/v2\/product_cat?post=69246"},{"taxonomy":"product_tag","embeddable":true,"href":"https:\/\/truusk.store\/sv\/wp-json\/wp\/v2\/product_tag?post=69246"}],"curies":[{"name":"wp","href":"https:\/\/api.w.org\/{rel}","templated":true}]}}