{"id":69286,"date":"2025-06-05T17:32:10","date_gmt":"2025-06-05T16:32:10","guid":{"rendered":"https:\/\/truusk.store\/product\/hogbadd-i-stal-planteringsbadd-tidig-badd-tradgardsbadd-stapelbar-blomlada-instickbar-planteringslada-120x120x43cm-gronsaksbadd-for-tradgard-balkong-terrass-planteringskruka-for-blommor-vaxt\/"},"modified":"2026-03-12T09:46:26","modified_gmt":"2026-03-12T08:46:26","slug":"truusk-hogbadd-i-stal-planteringsbadd-120x120x43cm-stapelbar-instickbar-for-tradgard-och-balkong-gronsaksbadd-och","status":"publish","type":"product","link":"https:\/\/truusk.store\/sv\/produkt\/truusk-hogbadd-i-stal-planteringsbadd-120x120x43cm-stapelbar-instickbar-for-tradgard-och-balkong-gronsaksbadd-och\/","title":{"rendered":"TRUUSK H\u00f6gb\u00e4dd I St\u00e5l &#8211; Planteringsb\u00e4dd 120x120x43cm &#8211; Stapelbar &#8211; Instickbar &#8211; F\u00f6r Tr\u00e4dg\u00e5rd och Balkong &#8211; Gr\u00f6nsaksb\u00e4dd och"},"content":{"rendered":"<p>Med ett djup p\u00e5 43 cm \u00e4r denna h\u00f6ga s\u00e4ng f\u00f6r tr\u00e4dg\u00e5rden fr\u00e5n TRUUSK utm\u00e4rkt f\u00f6r tillv\u00e4xten av kraftiga r\u00f6tter, oavsett om du odlar \u00f6mt\u00e5liga blommor eller gr\u00f6nsaker. Tillverkad av 0,6 mm tjock galvaniserad st\u00e5l, st\u00e5r denna h\u00f6ga s\u00e4ng f\u00f6r balkong mot v\u00e4derp\u00e5verkan och rost. En s\u00e4kerhetsgummistrip p\u00e5 \u00f6rttr\u00e4dg\u00e5rden garanterar ocks\u00e5 skydd vid plantering.<\/p>\n<p>Beskrivning:<\/p>\n<ul>\n<li> Det st\u00f6rre djupet p\u00e5 43 cm m\u00f6jligg\u00f6r omfattande rotv\u00e4xt<\/li>\n<li> 0,6 mm tjockt st\u00e5l i \u00f6rttr\u00e4dg\u00e5rden \u00f6kar h\u00e5llbarheten<\/li>\n<li> Galvaniserad ram med lackering av blomsterb\u00e4dden erbjuder rost- och v\u00e4derbest\u00e4ndighet<\/li>\n<li> Skyddsgummistrip vid kanten f\u00f6r s\u00e4krare hantering<\/li>\n<li> Inkluderar handskar f\u00f6r att skydda h\u00e4nderna vid tr\u00e4dg\u00e5rdsarbete<\/li>\n<li> \u00d6ppen botten design av v\u00e4xtl\u00e5dan f\u00f6rhindrar vattenansamlingar och f\u00f6rfall<\/li>\n<li> Montering kr\u00e4vs<\/li>\n<\/ul>\n<p> Tekniska data:<\/p>\n<ul>\n<li> F\u00e4rg: Kr\u00e4m vit<\/li>\n<li> Material: Galvaniserat st\u00e5l<\/li>\n<li> Totala dimensioner: \u00d8120 x 43H cm<\/li>\n<li> Inre storlek: \u00d8118 x 43H cm<\/li>\n<li> St\u00e5lpl\u00e5ttjocklek: 0,6 mm<\/li>\n<\/ul>\n<p>Leverans inneh\u00e5ller:<\/p>\n<ul>\n<li> 1 x H\u00f6gb\u00e4dd<\/li>\n<li> 1 par handskar<\/li>\n<li> 1 x Handbok<\/li>\n<\/ul>\n","protected":false},"excerpt":{"rendered":"<p>Med ett djup p\u00e5 43 cm \u00e4r denna h\u00f6ga s\u00e4ng f\u00f6r tr\u00e4dg\u00e5rden fr\u00e5n TRUUSK utm\u00e4rkt f\u00f6r tillv\u00e4xten av kraftiga r\u00f6tter,&#8230;<\/p>\n","protected":false},"featured_media":69277,"template":"","meta":[],"product_brand":[],"product_cat":[924,858,443],"product_tag":[],"class_list":{"0":"post-69286","1":"product","2":"type-product","3":"status-publish","4":"has-post-thumbnail","6":"product_cat-plantkarl","7":"product_cat-tradgard-terrass","8":"product_cat-vaxthus-tradgardsskotsel","10":"first","11":"instock","12":"sale","13":"taxable","14":"shipping-taxable","15":"purchasable","16":"product-type-simple"},"yoast_head":"<!-- This site is optimized with the Yoast SEO plugin v25.4 - https:\/\/yoast.com\/wordpress\/plugins\/seo\/ -->\n<title>TRUUSK H\u00f6gb\u00e4dd I St\u00e5l - Planteringsb\u00e4dd 120x120x43cm - Stapelbar - Instickbar - F\u00f6r Tr\u00e4dg\u00e5rd och Balkong - Gr\u00f6nsaksb\u00e4dd och - TRUUSK - Hem, Tr\u00e4dg\u00e5rd &amp; Fritid<\/title>\n<meta name=\"robots\" content=\"index, follow, max-snippet:-1, max-image-preview:large, max-video-preview:-1\" \/>\n<link rel=\"canonical\" href=\"https:\/\/truusk.store\/sv\/produkt\/truusk-hogbadd-i-stal-planteringsbadd-120x120x43cm-stapelbar-instickbar-for-tradgard-och-balkong-gronsaksbadd-och\/\" \/>\n<meta property=\"og:locale\" content=\"sv_SE\" \/>\n<meta property=\"og:type\" content=\"article\" \/>\n<meta property=\"og:title\" content=\"TRUUSK H\u00f6gb\u00e4dd I St\u00e5l - Planteringsb\u00e4dd 120x120x43cm - Stapelbar - Instickbar - F\u00f6r Tr\u00e4dg\u00e5rd och Balkong - Gr\u00f6nsaksb\u00e4dd och - TRUUSK - Hem, Tr\u00e4dg\u00e5rd &amp; Fritid\" \/>\n<meta property=\"og:description\" content=\"Med ett djup p\u00e5 43 cm \u00e4r denna h\u00f6ga s\u00e4ng f\u00f6r tr\u00e4dg\u00e5rden fr\u00e5n TRUUSK utm\u00e4rkt f\u00f6r tillv\u00e4xten av kraftiga r\u00f6tter,...\" \/>\n<meta property=\"og:url\" content=\"https:\/\/truusk.store\/sv\/produkt\/truusk-hogbadd-i-stal-planteringsbadd-120x120x43cm-stapelbar-instickbar-for-tradgard-och-balkong-gronsaksbadd-och\/\" \/>\n<meta property=\"og:site_name\" content=\"TRUUSK - Hem, Tr\u00e4dg\u00e5rd &amp; Fritid\" \/>\n<meta property=\"article:modified_time\" content=\"2026-03-12T08:46:26+00:00\" \/>\n<meta property=\"og:image\" content=\"https:\/\/i0.wp.com\/truusk.se\/wp-content\/uploads\/2025\/06\/hogbadd-i-stal-planteringsbadd-tidig-badd-tradgardsbadd-stapelbar-blomlada-instickbar-planteringslada-120x120x43cm-gronsaksbadd-for-tradgard-balkong-terrass-planteringskruka-for-blommor-vaxt-1.webp?fit=2000%2C2000&ssl=1\" \/>\n\t<meta property=\"og:image:width\" content=\"2000\" \/>\n\t<meta property=\"og:image:height\" content=\"2000\" \/>\n\t<meta property=\"og:image:type\" content=\"image\/webp\" \/>\n<meta name=\"twitter:card\" content=\"summary_large_image\" \/>\n<meta name=\"twitter:label1\" content=\"Ber\u00e4knad l\u00e4stid\" \/>\n\t<meta name=\"twitter:data1\" content=\"1 minut\" \/>\n<!-- \/ Yoast SEO plugin. -->","yoast_head_json":{"title":"TRUUSK H\u00f6gb\u00e4dd I St\u00e5l - Planteringsb\u00e4dd 120x120x43cm - Stapelbar - Instickbar - F\u00f6r Tr\u00e4dg\u00e5rd och Balkong - Gr\u00f6nsaksb\u00e4dd och - TRUUSK - Hem, Tr\u00e4dg\u00e5rd &amp; Fritid","robots":{"index":"index","follow":"follow","max-snippet":"max-snippet:-1","max-image-preview":"max-image-preview:large","max-video-preview":"max-video-preview:-1"},"canonical":"https:\/\/truusk.store\/sv\/produkt\/truusk-hogbadd-i-stal-planteringsbadd-120x120x43cm-stapelbar-instickbar-for-tradgard-och-balkong-gronsaksbadd-och\/","og_locale":"sv_SE","og_type":"article","og_title":"TRUUSK H\u00f6gb\u00e4dd I St\u00e5l - Planteringsb\u00e4dd 120x120x43cm - Stapelbar - Instickbar - F\u00f6r Tr\u00e4dg\u00e5rd och Balkong - Gr\u00f6nsaksb\u00e4dd och - TRUUSK - Hem, Tr\u00e4dg\u00e5rd &amp; Fritid","og_description":"Med ett djup p\u00e5 43 cm \u00e4r denna h\u00f6ga s\u00e4ng f\u00f6r tr\u00e4dg\u00e5rden fr\u00e5n TRUUSK utm\u00e4rkt f\u00f6r tillv\u00e4xten av kraftiga r\u00f6tter,...","og_url":"https:\/\/truusk.store\/sv\/produkt\/truusk-hogbadd-i-stal-planteringsbadd-120x120x43cm-stapelbar-instickbar-for-tradgard-och-balkong-gronsaksbadd-och\/","og_site_name":"TRUUSK - Hem, Tr\u00e4dg\u00e5rd &amp; Fritid","article_modified_time":"2026-03-12T08:46:26+00:00","og_image":[{"width":2000,"height":2000,"url":"https:\/\/i0.wp.com\/truusk.se\/wp-content\/uploads\/2025\/06\/hogbadd-i-stal-planteringsbadd-tidig-badd-tradgardsbadd-stapelbar-blomlada-instickbar-planteringslada-120x120x43cm-gronsaksbadd-for-tradgard-balkong-terrass-planteringskruka-for-blommor-vaxt-1.webp?fit=2000%2C2000&ssl=1","type":"image\/webp"}],"twitter_card":"summary_large_image","twitter_misc":{"Ber\u00e4knad l\u00e4stid":"1 minut"},"schema":{"@context":"https:\/\/schema.org","@graph":[{"@type":"WebPage","@id":"https:\/\/truusk.store\/sv\/produkt\/truusk-hogbadd-i-stal-planteringsbadd-120x120x43cm-stapelbar-instickbar-for-tradgard-och-balkong-gronsaksbadd-och\/","url":"https:\/\/truusk.store\/sv\/produkt\/truusk-hogbadd-i-stal-planteringsbadd-120x120x43cm-stapelbar-instickbar-for-tradgard-och-balkong-gronsaksbadd-och\/","name":"TRUUSK H\u00f6gb\u00e4dd I St\u00e5l - Planteringsb\u00e4dd 120x120x43cm - Stapelbar - Instickbar - F\u00f6r Tr\u00e4dg\u00e5rd och Balkong - Gr\u00f6nsaksb\u00e4dd och - TRUUSK - Hem, Tr\u00e4dg\u00e5rd &amp; Fritid","isPartOf":{"@id":"https:\/\/truusk.store\/sv\/#website"},"primaryImageOfPage":{"@id":"https:\/\/truusk.store\/sv\/produkt\/truusk-hogbadd-i-stal-planteringsbadd-120x120x43cm-stapelbar-instickbar-for-tradgard-och-balkong-gronsaksbadd-och\/#primaryimage"},"image":{"@id":"https:\/\/truusk.store\/sv\/produkt\/truusk-hogbadd-i-stal-planteringsbadd-120x120x43cm-stapelbar-instickbar-for-tradgard-och-balkong-gronsaksbadd-och\/#primaryimage"},"thumbnailUrl":"https:\/\/i0.wp.com\/truusk.store\/wp-content\/uploads\/2025\/06\/hogbadd-i-stal-planteringsbadd-tidig-badd-tradgardsbadd-stapelbar-blomlada-instickbar-planteringslada-120x120x43cm-gronsaksbadd-for-tradgard-balkong-terrass-planteringskruka-for-blommor-vaxt-1.webp?fit=2000%2C2000&ssl=1","datePublished":"2025-06-05T16:32:10+00:00","dateModified":"2026-03-12T08:46:26+00:00","breadcrumb":{"@id":"https:\/\/truusk.store\/sv\/produkt\/truusk-hogbadd-i-stal-planteringsbadd-120x120x43cm-stapelbar-instickbar-for-tradgard-och-balkong-gronsaksbadd-och\/#breadcrumb"},"inLanguage":"sv-SE","potentialAction":[{"@type":"ReadAction","target":["https:\/\/truusk.store\/sv\/produkt\/truusk-hogbadd-i-stal-planteringsbadd-120x120x43cm-stapelbar-instickbar-for-tradgard-och-balkong-gronsaksbadd-och\/"]}]},{"@type":"ImageObject","inLanguage":"sv-SE","@id":"https:\/\/truusk.store\/sv\/produkt\/truusk-hogbadd-i-stal-planteringsbadd-120x120x43cm-stapelbar-instickbar-for-tradgard-och-balkong-gronsaksbadd-och\/#primaryimage","url":"https:\/\/i0.wp.com\/truusk.store\/wp-content\/uploads\/2025\/06\/hogbadd-i-stal-planteringsbadd-tidig-badd-tradgardsbadd-stapelbar-blomlada-instickbar-planteringslada-120x120x43cm-gronsaksbadd-for-tradgard-balkong-terrass-planteringskruka-for-blommor-vaxt-1.webp?fit=2000%2C2000&ssl=1","contentUrl":"https:\/\/i0.wp.com\/truusk.store\/wp-content\/uploads\/2025\/06\/hogbadd-i-stal-planteringsbadd-tidig-badd-tradgardsbadd-stapelbar-blomlada-instickbar-planteringslada-120x120x43cm-gronsaksbadd-for-tradgard-balkong-terrass-planteringskruka-for-blommor-vaxt-1.webp?fit=2000%2C2000&ssl=1","width":2000,"height":2000},{"@type":"BreadcrumbList","@id":"https:\/\/truusk.store\/sv\/produkt\/truusk-hogbadd-i-stal-planteringsbadd-120x120x43cm-stapelbar-instickbar-for-tradgard-och-balkong-gronsaksbadd-och\/#breadcrumb","itemListElement":[{"@type":"ListItem","position":1,"name":"Home","item":"https:\/\/truusk.store\/sv\/"},{"@type":"ListItem","position":2,"name":"Shop","item":"https:\/\/truusk.store\/shop\/"},{"@type":"ListItem","position":3,"name":"TRUUSK H\u00f6gb\u00e4dd I St\u00e5l &#8211; Planteringsb\u00e4dd 120x120x43cm &#8211; Stapelbar &#8211; Instickbar &#8211; F\u00f6r Tr\u00e4dg\u00e5rd och Balkong &#8211; Gr\u00f6nsaksb\u00e4dd och"}]},{"@type":"WebSite","@id":"https:\/\/truusk.store\/sv\/#website","url":"https:\/\/truusk.store\/sv\/","name":"TRUUSK - Hem, Tr\u00e4dg\u00e5rd & Fritid","description":"","publisher":{"@id":"https:\/\/truusk.store\/sv\/#organization"},"potentialAction":[{"@type":"SearchAction","target":{"@type":"EntryPoint","urlTemplate":"https:\/\/truusk.store\/sv\/?s={search_term_string}"},"query-input":{"@type":"PropertyValueSpecification","valueRequired":true,"valueName":"search_term_string"}}],"inLanguage":"sv-SE"},{"@type":"Organization","@id":"https:\/\/truusk.store\/sv\/#organization","name":"TRUUSK - Hem, Tr\u00e4dg\u00e5rd & Fritid","url":"https:\/\/truusk.store\/sv\/","logo":{"@type":"ImageObject","inLanguage":"sv-SE","@id":"https:\/\/truusk.store\/sv\/#\/schema\/logo\/image\/","url":"https:\/\/i0.wp.com\/truusk.store\/wp-content\/uploads\/2026\/03\/cropped-TRUUSK.png?fit=2032%2C917&ssl=1","contentUrl":"https:\/\/i0.wp.com\/truusk.store\/wp-content\/uploads\/2026\/03\/cropped-TRUUSK.png?fit=2032%2C917&ssl=1","width":2032,"height":917,"caption":"TRUUSK - Hem, Tr\u00e4dg\u00e5rd & Fritid"},"image":{"@id":"https:\/\/truusk.store\/sv\/#\/schema\/logo\/image\/"}}]}},"jetpack_sharing_enabled":true,"_links":{"self":[{"href":"https:\/\/truusk.store\/sv\/wp-json\/wp\/v2\/product\/69286","targetHints":{"allow":["GET"]}}],"collection":[{"href":"https:\/\/truusk.store\/sv\/wp-json\/wp\/v2\/product"}],"about":[{"href":"https:\/\/truusk.store\/sv\/wp-json\/wp\/v2\/types\/product"}],"wp:featuredmedia":[{"embeddable":true,"href":"https:\/\/truusk.store\/sv\/wp-json\/wp\/v2\/media\/69277"}],"wp:attachment":[{"href":"https:\/\/truusk.store\/sv\/wp-json\/wp\/v2\/media?parent=69286"}],"wp:term":[{"taxonomy":"product_brand","embeddable":true,"href":"https:\/\/truusk.store\/sv\/wp-json\/wp\/v2\/product_brand?post=69286"},{"taxonomy":"product_cat","embeddable":true,"href":"https:\/\/truusk.store\/sv\/wp-json\/wp\/v2\/product_cat?post=69286"},{"taxonomy":"product_tag","embeddable":true,"href":"https:\/\/truusk.store\/sv\/wp-json\/wp\/v2\/product_tag?post=69286"}],"curies":[{"name":"wp","href":"https:\/\/api.w.org\/{rel}","templated":true}]}}