{"id":69296,"date":"2025-06-05T17:33:11","date_gmt":"2025-06-05T16:33:11","guid":{"rendered":"https:\/\/truusk.store\/product\/aiyaplay-utomhusbasketkorg-for-barn-200-260-cm-justerbar-hojd-basketstallning-med-hjul-viktpase-basketanlaggning-med-stallning-for-barn-fran-6-ar-rod\/"},"modified":"2026-03-12T09:44:42","modified_gmt":"2026-03-12T08:44:42","slug":"truusk-utomhusbasketkorg-for-barn-justerbar-hojd-200-260-cm-med-hjul-viktpase-for-barn-fran-6-ar-rod","status":"publish","type":"product","link":"https:\/\/truusk.store\/sv\/produkt\/truusk-utomhusbasketkorg-for-barn-justerbar-hojd-200-260-cm-med-hjul-viktpase-for-barn-fran-6-ar-rod\/","title":{"rendered":"TRUUSK Utomhusbasketkorg f\u00f6r Barn &#8211; Justerbar H\u00f6jd 200-260 cm &#8211; Med Hjul &#8211; Viktp\u00e5se &#8211; F\u00f6r Barn fr\u00e5n 6 \u00e5r &#8211; R\u00f6d"},"content":{"rendered":"<p>Med AIYAPLAY barnbasketkorg kan h\u00f6jden justeras fr\u00e5n 200-260 cm, s\u00e5 att konstruktionen v\u00e4xer med ditt barn. Den robusta basen rymmer upp till 70 kg av en vatten-sandblandning och garanterar en stabil st\u00e5ndpunkt. Tack vare de praktiska hjulen kan den ocks\u00e5 l\u00e4tt flyttas. Perfekt f\u00f6r unga basketbolltalanger fr\u00e5n 6 \u00e5r!<\/p>\n<p>Beskrivning:<\/p>\n<ul>\n<li> H\u00f6jden kan justeras fr\u00e5n 200-260 cm och anpassar sig s\u00e5 till barn upp till ton\u00e5ringar<\/li>\n<li> Stor bas kan stabiliseras med upp till 70 kg vatten och sand<\/li>\n<li> Inkluderar hjul f\u00f6r enkel mobilitet<\/li>\n<li> St\u00e5lram och genomskinlig bakv\u00e4gg f\u00f6r h\u00e5llbarhet<\/li>\n<li> Basen har en praktisk f\u00f6rvaringsr\u00e4nna f\u00f6r bollar<\/li>\n<li> Montering kr\u00e4vs<\/li>\n<\/ul>\n<p> Tekniska data:<\/p>\n<ul>\n<li> F\u00e4rg: R\u00f6d+Svart<\/li>\n<li> Material: Plast, St\u00e5l<\/li>\n<li> Bakv\u00e4ggsstorlek: 83B x 2T x 60H cm<\/li>\n<li> Basketkorgsh\u00f6jd: 200-260 cm<\/li>\n<li> Basketkorg: \u00d838 cm<\/li>\n<li> Basstorlek: 90L x 60B x 14H cm<\/li>\n<li> Hjulstorlek: \u00d89 cm<\/li>\n<li> Viktp\u00e5sestorlek: 51L x 15B x 26H cm<\/li>\n<li> Rekommenderad \u00e5lder: 6+ \u00e5r<\/li>\n<\/ul>\n<p>Leverans inneh\u00e5ller:<\/p>\n<ul>\n<li> 1 x Basketkorg<\/li>\n<li> 1 x Viktp\u00e5se<\/li>\n<li> 1 x Handbok<\/li>\n<\/ul>\n","protected":false},"excerpt":{"rendered":"<p>Med AIYAPLAY barnbasketkorg kan h\u00f6jden justeras fr\u00e5n 200-260 cm, s\u00e5 att konstruktionen v\u00e4xer med ditt barn. Den robusta basen rymmer&#8230;<\/p>\n","protected":false},"featured_media":69287,"template":"","meta":[],"product_brand":[],"product_cat":[880,939,953,616],"product_tag":[],"class_list":{"0":"post-69296","1":"product","2":"type-product","3":"status-publish","4":"has-post-thumbnail","6":"product_cat-baby-barn-2","7":"product_cat-barnsport","8":"product_cat-basketballstander","9":"product_cat-utomhusleksaker","11":"first","12":"instock","13":"sale","14":"taxable","15":"shipping-taxable","16":"purchasable","17":"product-type-simple"},"yoast_head":"<!-- This site is optimized with the Yoast SEO plugin v25.4 - https:\/\/yoast.com\/wordpress\/plugins\/seo\/ -->\n<title>TRUUSK Utomhusbasketkorg f\u00f6r Barn - Justerbar H\u00f6jd 200-260 cm - Med Hjul - Viktp\u00e5se - F\u00f6r Barn fr\u00e5n 6 \u00e5r - R\u00f6d - TRUUSK - Hem, Tr\u00e4dg\u00e5rd &amp; Fritid<\/title>\n<meta name=\"robots\" content=\"index, follow, max-snippet:-1, max-image-preview:large, max-video-preview:-1\" \/>\n<link rel=\"canonical\" href=\"https:\/\/truusk.store\/sv\/produkt\/truusk-utomhusbasketkorg-for-barn-justerbar-hojd-200-260-cm-med-hjul-viktpase-for-barn-fran-6-ar-rod\/\" \/>\n<meta property=\"og:locale\" content=\"sv_SE\" \/>\n<meta property=\"og:type\" content=\"article\" \/>\n<meta property=\"og:title\" content=\"TRUUSK Utomhusbasketkorg f\u00f6r Barn - Justerbar H\u00f6jd 200-260 cm - Med Hjul - Viktp\u00e5se - F\u00f6r Barn fr\u00e5n 6 \u00e5r - R\u00f6d - TRUUSK - Hem, Tr\u00e4dg\u00e5rd &amp; Fritid\" \/>\n<meta property=\"og:description\" content=\"Med AIYAPLAY barnbasketkorg kan h\u00f6jden justeras fr\u00e5n 200-260 cm, s\u00e5 att konstruktionen v\u00e4xer med ditt barn. Den robusta basen rymmer...\" \/>\n<meta property=\"og:url\" content=\"https:\/\/truusk.store\/sv\/produkt\/truusk-utomhusbasketkorg-for-barn-justerbar-hojd-200-260-cm-med-hjul-viktpase-for-barn-fran-6-ar-rod\/\" \/>\n<meta property=\"og:site_name\" content=\"TRUUSK - Hem, Tr\u00e4dg\u00e5rd &amp; Fritid\" \/>\n<meta property=\"article:modified_time\" content=\"2026-03-12T08:44:42+00:00\" \/>\n<meta property=\"og:image\" content=\"https:\/\/i0.wp.com\/truusk.se\/wp-content\/uploads\/2025\/06\/aiyaplay-utomhusbasketkorg-for-barn-200-260-cm-justerbar-hojd-basketstallning-med-hjul-viktpase-basketanlaggning-med-stallning-for-barn-fran-6-ar-rod-1.webp?fit=2000%2C2000&ssl=1\" \/>\n\t<meta property=\"og:image:width\" content=\"2000\" \/>\n\t<meta property=\"og:image:height\" content=\"2000\" \/>\n\t<meta property=\"og:image:type\" content=\"image\/webp\" \/>\n<meta name=\"twitter:card\" content=\"summary_large_image\" \/>\n<meta name=\"twitter:label1\" content=\"Ber\u00e4knad l\u00e4stid\" \/>\n\t<meta name=\"twitter:data1\" content=\"1 minut\" \/>\n<!-- \/ Yoast SEO plugin. -->","yoast_head_json":{"title":"TRUUSK Utomhusbasketkorg f\u00f6r Barn - Justerbar H\u00f6jd 200-260 cm - Med Hjul - Viktp\u00e5se - F\u00f6r Barn fr\u00e5n 6 \u00e5r - R\u00f6d - TRUUSK - Hem, Tr\u00e4dg\u00e5rd &amp; Fritid","robots":{"index":"index","follow":"follow","max-snippet":"max-snippet:-1","max-image-preview":"max-image-preview:large","max-video-preview":"max-video-preview:-1"},"canonical":"https:\/\/truusk.store\/sv\/produkt\/truusk-utomhusbasketkorg-for-barn-justerbar-hojd-200-260-cm-med-hjul-viktpase-for-barn-fran-6-ar-rod\/","og_locale":"sv_SE","og_type":"article","og_title":"TRUUSK Utomhusbasketkorg f\u00f6r Barn - Justerbar H\u00f6jd 200-260 cm - Med Hjul - Viktp\u00e5se - F\u00f6r Barn fr\u00e5n 6 \u00e5r - R\u00f6d - TRUUSK - Hem, Tr\u00e4dg\u00e5rd &amp; Fritid","og_description":"Med AIYAPLAY barnbasketkorg kan h\u00f6jden justeras fr\u00e5n 200-260 cm, s\u00e5 att konstruktionen v\u00e4xer med ditt barn. Den robusta basen rymmer...","og_url":"https:\/\/truusk.store\/sv\/produkt\/truusk-utomhusbasketkorg-for-barn-justerbar-hojd-200-260-cm-med-hjul-viktpase-for-barn-fran-6-ar-rod\/","og_site_name":"TRUUSK - Hem, Tr\u00e4dg\u00e5rd &amp; Fritid","article_modified_time":"2026-03-12T08:44:42+00:00","og_image":[{"width":2000,"height":2000,"url":"https:\/\/i0.wp.com\/truusk.se\/wp-content\/uploads\/2025\/06\/aiyaplay-utomhusbasketkorg-for-barn-200-260-cm-justerbar-hojd-basketstallning-med-hjul-viktpase-basketanlaggning-med-stallning-for-barn-fran-6-ar-rod-1.webp?fit=2000%2C2000&ssl=1","type":"image\/webp"}],"twitter_card":"summary_large_image","twitter_misc":{"Ber\u00e4knad l\u00e4stid":"1 minut"},"schema":{"@context":"https:\/\/schema.org","@graph":[{"@type":"WebPage","@id":"https:\/\/truusk.store\/sv\/produkt\/truusk-utomhusbasketkorg-for-barn-justerbar-hojd-200-260-cm-med-hjul-viktpase-for-barn-fran-6-ar-rod\/","url":"https:\/\/truusk.store\/sv\/produkt\/truusk-utomhusbasketkorg-for-barn-justerbar-hojd-200-260-cm-med-hjul-viktpase-for-barn-fran-6-ar-rod\/","name":"TRUUSK Utomhusbasketkorg f\u00f6r Barn - Justerbar H\u00f6jd 200-260 cm - Med Hjul - Viktp\u00e5se - F\u00f6r Barn fr\u00e5n 6 \u00e5r - R\u00f6d - TRUUSK - Hem, Tr\u00e4dg\u00e5rd &amp; Fritid","isPartOf":{"@id":"https:\/\/truusk.store\/sv\/#website"},"primaryImageOfPage":{"@id":"https:\/\/truusk.store\/sv\/produkt\/truusk-utomhusbasketkorg-for-barn-justerbar-hojd-200-260-cm-med-hjul-viktpase-for-barn-fran-6-ar-rod\/#primaryimage"},"image":{"@id":"https:\/\/truusk.store\/sv\/produkt\/truusk-utomhusbasketkorg-for-barn-justerbar-hojd-200-260-cm-med-hjul-viktpase-for-barn-fran-6-ar-rod\/#primaryimage"},"thumbnailUrl":"https:\/\/i0.wp.com\/truusk.store\/wp-content\/uploads\/2025\/06\/aiyaplay-utomhusbasketkorg-for-barn-200-260-cm-justerbar-hojd-basketstallning-med-hjul-viktpase-basketanlaggning-med-stallning-for-barn-fran-6-ar-rod-1.webp?fit=2000%2C2000&ssl=1","datePublished":"2025-06-05T16:33:11+00:00","dateModified":"2026-03-12T08:44:42+00:00","breadcrumb":{"@id":"https:\/\/truusk.store\/sv\/produkt\/truusk-utomhusbasketkorg-for-barn-justerbar-hojd-200-260-cm-med-hjul-viktpase-for-barn-fran-6-ar-rod\/#breadcrumb"},"inLanguage":"sv-SE","potentialAction":[{"@type":"ReadAction","target":["https:\/\/truusk.store\/sv\/produkt\/truusk-utomhusbasketkorg-for-barn-justerbar-hojd-200-260-cm-med-hjul-viktpase-for-barn-fran-6-ar-rod\/"]}]},{"@type":"ImageObject","inLanguage":"sv-SE","@id":"https:\/\/truusk.store\/sv\/produkt\/truusk-utomhusbasketkorg-for-barn-justerbar-hojd-200-260-cm-med-hjul-viktpase-for-barn-fran-6-ar-rod\/#primaryimage","url":"https:\/\/i0.wp.com\/truusk.store\/wp-content\/uploads\/2025\/06\/aiyaplay-utomhusbasketkorg-for-barn-200-260-cm-justerbar-hojd-basketstallning-med-hjul-viktpase-basketanlaggning-med-stallning-for-barn-fran-6-ar-rod-1.webp?fit=2000%2C2000&ssl=1","contentUrl":"https:\/\/i0.wp.com\/truusk.store\/wp-content\/uploads\/2025\/06\/aiyaplay-utomhusbasketkorg-for-barn-200-260-cm-justerbar-hojd-basketstallning-med-hjul-viktpase-basketanlaggning-med-stallning-for-barn-fran-6-ar-rod-1.webp?fit=2000%2C2000&ssl=1","width":2000,"height":2000},{"@type":"BreadcrumbList","@id":"https:\/\/truusk.store\/sv\/produkt\/truusk-utomhusbasketkorg-for-barn-justerbar-hojd-200-260-cm-med-hjul-viktpase-for-barn-fran-6-ar-rod\/#breadcrumb","itemListElement":[{"@type":"ListItem","position":1,"name":"Home","item":"https:\/\/truusk.store\/sv\/"},{"@type":"ListItem","position":2,"name":"Shop","item":"https:\/\/truusk.store\/shop\/"},{"@type":"ListItem","position":3,"name":"TRUUSK Utomhusbasketkorg f\u00f6r Barn &#8211; Justerbar H\u00f6jd 200-260 cm &#8211; Med Hjul &#8211; Viktp\u00e5se &#8211; F\u00f6r Barn fr\u00e5n 6 \u00e5r &#8211; R\u00f6d"}]},{"@type":"WebSite","@id":"https:\/\/truusk.store\/sv\/#website","url":"https:\/\/truusk.store\/sv\/","name":"TRUUSK - Hem, Tr\u00e4dg\u00e5rd & Fritid","description":"","publisher":{"@id":"https:\/\/truusk.store\/sv\/#organization"},"potentialAction":[{"@type":"SearchAction","target":{"@type":"EntryPoint","urlTemplate":"https:\/\/truusk.store\/sv\/?s={search_term_string}"},"query-input":{"@type":"PropertyValueSpecification","valueRequired":true,"valueName":"search_term_string"}}],"inLanguage":"sv-SE"},{"@type":"Organization","@id":"https:\/\/truusk.store\/sv\/#organization","name":"TRUUSK - Hem, Tr\u00e4dg\u00e5rd & Fritid","url":"https:\/\/truusk.store\/sv\/","logo":{"@type":"ImageObject","inLanguage":"sv-SE","@id":"https:\/\/truusk.store\/sv\/#\/schema\/logo\/image\/","url":"https:\/\/i0.wp.com\/truusk.store\/wp-content\/uploads\/2026\/03\/cropped-TRUUSK.png?fit=2032%2C917&ssl=1","contentUrl":"https:\/\/i0.wp.com\/truusk.store\/wp-content\/uploads\/2026\/03\/cropped-TRUUSK.png?fit=2032%2C917&ssl=1","width":2032,"height":917,"caption":"TRUUSK - Hem, Tr\u00e4dg\u00e5rd & Fritid"},"image":{"@id":"https:\/\/truusk.store\/sv\/#\/schema\/logo\/image\/"}}]}},"jetpack_sharing_enabled":true,"_links":{"self":[{"href":"https:\/\/truusk.store\/sv\/wp-json\/wp\/v2\/product\/69296","targetHints":{"allow":["GET"]}}],"collection":[{"href":"https:\/\/truusk.store\/sv\/wp-json\/wp\/v2\/product"}],"about":[{"href":"https:\/\/truusk.store\/sv\/wp-json\/wp\/v2\/types\/product"}],"wp:featuredmedia":[{"embeddable":true,"href":"https:\/\/truusk.store\/sv\/wp-json\/wp\/v2\/media\/69287"}],"wp:attachment":[{"href":"https:\/\/truusk.store\/sv\/wp-json\/wp\/v2\/media?parent=69296"}],"wp:term":[{"taxonomy":"product_brand","embeddable":true,"href":"https:\/\/truusk.store\/sv\/wp-json\/wp\/v2\/product_brand?post=69296"},{"taxonomy":"product_cat","embeddable":true,"href":"https:\/\/truusk.store\/sv\/wp-json\/wp\/v2\/product_cat?post=69296"},{"taxonomy":"product_tag","embeddable":true,"href":"https:\/\/truusk.store\/sv\/wp-json\/wp\/v2\/product_tag?post=69296"}],"curies":[{"name":"wp","href":"https:\/\/api.w.org\/{rel}","templated":true}]}}