{"id":69306,"date":"2025-06-05T17:34:01","date_gmt":"2025-06-05T16:34:01","guid":{"rendered":"https:\/\/truusk.store\/product\/carport-3x6-m-taltgarage-med-rullande-dorrar-tak-avtagbara-sidovaggar-uv-resistent-vattentat-garage-talt-skydd-lager-talt-betestalt-garageoverhang-for-bil-lastbil-suv-bat-gron\/"},"modified":"2026-03-12T09:46:26","modified_gmt":"2026-03-12T08:46:26","slug":"truusk-carport-3x6-m-taltgarage-med-rullande-dorrar-uv-resistent-vattentat-for-bil-lastbil-suv-bat-gron","status":"publish","type":"product","link":"https:\/\/truusk.store\/sv\/produkt\/truusk-carport-3x6-m-taltgarage-med-rullande-dorrar-uv-resistent-vattentat-for-bil-lastbil-suv-bat-gron\/","title":{"rendered":"TRUUSK Carport 3&#215;6 M &#8211; T\u00e4ltgarage med Rullande D\u00f6rrar &#8211; UV-resistent Vattent\u00e4t &#8211; F\u00f6r Bil, Lastbil, SUV, B\u00e5t &#8211; Gr\u00f6n"},"content":{"rendered":"<p>Uppt\u00e4ck omfattande skydd f\u00f6r fordon, b\u00e5tar eller utrustning med v\u00e5rt robusta 3&#215;6 m carport. T\u00e4ltgaraget \u00e4r utrustat med ett tjockt, UV- och rivbest\u00e4ndigt 180 g polyestertak och -sidov\u00e4ggar samt starka f\u00f6rzinkade \u00d834\/38 mm st\u00e5lr\u00f6r som motst\u00e5r rost och slitage. Idealisk som bil\u00f6verbyggnad, skyddar detta praktiska garage t\u00e4lt i alla v\u00e4der!<\/p>\n<p>Beskrivning:<\/p>\n<ul>\n<li> Rymlig 3&#215;6 m carport rymmer fordon, b\u00e5tar och last<\/li>\n<li> Polyester \u00e4r UV-resistent och rivbest\u00e4ndigt<\/li>\n<li> F\u00f6rzinkade st\u00e5lr\u00f6r i t\u00e4ltgaraget motst\u00e5r sprickor, skalning och rost<\/li>\n<li> Breda fr\u00e4mre och bakre ing\u00e5ngar till t\u00e4ltgaraget underl\u00e4ttar f\u00f6rflyttning av fordon<\/li>\n<li> Inneh\u00e5ller 20 markspikar och 4 f\u00f6rankringslinor f\u00f6r stabilitet<\/li>\n<\/ul>\n<p> Tekniska data:<\/p>\n<ul>\n<li> F\u00e4rg: Gr\u00f6n<\/li>\n<li> Material: F\u00f6rzinkat st\u00e5l, Polyester<\/li>\n<li> Totala dimensioner: 594L x 300B x 280H cm<\/li>\n<li> D\u00f6rrstorlek: 230B x 180H cm<\/li>\n<li> Takfots h\u00f6jd: 174 cm<\/li>\n<\/ul>\n<p>Leverans inneh\u00e5ller:<\/p>\n<ul>\n<li> 1 x Carport<\/li>\n<li> 20 x Markspik<\/li>\n<li> 4 x F\u00f6rankringslina<\/li>\n<li> 1 x Bruksanvisning<\/li>\n<\/ul>\n","protected":false},"excerpt":{"rendered":"<p>Uppt\u00e4ck omfattande skydd f\u00f6r fordon, b\u00e5tar eller utrustning med v\u00e5rt robusta 3&#215;6 m carport. T\u00e4ltgaraget \u00e4r utrustat med ett tjockt,&#8230;<\/p>\n","protected":false},"featured_media":69297,"template":"","meta":[],"product_brand":[],"product_cat":[1030,867],"product_tag":[],"class_list":{"0":"post-69306","1":"product","2":"type-product","3":"status-publish","4":"has-post-thumbnail","6":"product_cat-bilaccessoarer","7":"product_cat-byggmarknad","9":"first","10":"instock","11":"sale","12":"taxable","13":"shipping-taxable","14":"purchasable","15":"product-type-simple"},"yoast_head":"<!-- This site is optimized with the Yoast SEO plugin v25.4 - https:\/\/yoast.com\/wordpress\/plugins\/seo\/ -->\n<title>TRUUSK Carport 3x6 M - T\u00e4ltgarage med Rullande D\u00f6rrar - UV-resistent Vattent\u00e4t - F\u00f6r Bil, Lastbil, SUV, B\u00e5t - Gr\u00f6n - TRUUSK - Hem, Tr\u00e4dg\u00e5rd &amp; Fritid<\/title>\n<meta name=\"robots\" content=\"index, follow, max-snippet:-1, max-image-preview:large, max-video-preview:-1\" \/>\n<link rel=\"canonical\" href=\"https:\/\/truusk.store\/sv\/produkt\/truusk-carport-3x6-m-taltgarage-med-rullande-dorrar-uv-resistent-vattentat-for-bil-lastbil-suv-bat-gron\/\" \/>\n<meta property=\"og:locale\" content=\"sv_SE\" \/>\n<meta property=\"og:type\" content=\"article\" \/>\n<meta property=\"og:title\" content=\"TRUUSK Carport 3x6 M - T\u00e4ltgarage med Rullande D\u00f6rrar - UV-resistent Vattent\u00e4t - F\u00f6r Bil, Lastbil, SUV, B\u00e5t - Gr\u00f6n - TRUUSK - Hem, Tr\u00e4dg\u00e5rd &amp; Fritid\" \/>\n<meta property=\"og:description\" content=\"Uppt\u00e4ck omfattande skydd f\u00f6r fordon, b\u00e5tar eller utrustning med v\u00e5rt robusta 3&#215;6 m carport. T\u00e4ltgaraget \u00e4r utrustat med ett tjockt,...\" \/>\n<meta property=\"og:url\" content=\"https:\/\/truusk.store\/sv\/produkt\/truusk-carport-3x6-m-taltgarage-med-rullande-dorrar-uv-resistent-vattentat-for-bil-lastbil-suv-bat-gron\/\" \/>\n<meta property=\"og:site_name\" content=\"TRUUSK - Hem, Tr\u00e4dg\u00e5rd &amp; Fritid\" \/>\n<meta property=\"article:modified_time\" content=\"2026-03-12T08:46:26+00:00\" \/>\n<meta property=\"og:image\" content=\"https:\/\/i0.wp.com\/truusk.se\/wp-content\/uploads\/2025\/06\/carport-3x6-m-taltgarage-med-rullande-dorrar-tak-avtagbara-sidovaggar-uv-resistent-vattentat-garage-talt-skydd-lager-talt-betestalt-garageoverhang-for-bil-lastbil-suv-bat-gron-1.webp?fit=2000%2C2000&ssl=1\" \/>\n\t<meta property=\"og:image:width\" content=\"2000\" \/>\n\t<meta property=\"og:image:height\" content=\"2000\" \/>\n\t<meta property=\"og:image:type\" content=\"image\/webp\" \/>\n<meta name=\"twitter:card\" content=\"summary_large_image\" \/>\n<meta name=\"twitter:label1\" content=\"Ber\u00e4knad l\u00e4stid\" \/>\n\t<meta name=\"twitter:data1\" content=\"1 minut\" \/>\n<!-- \/ Yoast SEO plugin. -->","yoast_head_json":{"title":"TRUUSK Carport 3x6 M - T\u00e4ltgarage med Rullande D\u00f6rrar - UV-resistent Vattent\u00e4t - F\u00f6r Bil, Lastbil, SUV, B\u00e5t - Gr\u00f6n - TRUUSK - Hem, Tr\u00e4dg\u00e5rd &amp; Fritid","robots":{"index":"index","follow":"follow","max-snippet":"max-snippet:-1","max-image-preview":"max-image-preview:large","max-video-preview":"max-video-preview:-1"},"canonical":"https:\/\/truusk.store\/sv\/produkt\/truusk-carport-3x6-m-taltgarage-med-rullande-dorrar-uv-resistent-vattentat-for-bil-lastbil-suv-bat-gron\/","og_locale":"sv_SE","og_type":"article","og_title":"TRUUSK Carport 3x6 M - T\u00e4ltgarage med Rullande D\u00f6rrar - UV-resistent Vattent\u00e4t - F\u00f6r Bil, Lastbil, SUV, B\u00e5t - Gr\u00f6n - TRUUSK - Hem, Tr\u00e4dg\u00e5rd &amp; Fritid","og_description":"Uppt\u00e4ck omfattande skydd f\u00f6r fordon, b\u00e5tar eller utrustning med v\u00e5rt robusta 3&#215;6 m carport. T\u00e4ltgaraget \u00e4r utrustat med ett tjockt,...","og_url":"https:\/\/truusk.store\/sv\/produkt\/truusk-carport-3x6-m-taltgarage-med-rullande-dorrar-uv-resistent-vattentat-for-bil-lastbil-suv-bat-gron\/","og_site_name":"TRUUSK - Hem, Tr\u00e4dg\u00e5rd &amp; Fritid","article_modified_time":"2026-03-12T08:46:26+00:00","og_image":[{"width":2000,"height":2000,"url":"https:\/\/i0.wp.com\/truusk.se\/wp-content\/uploads\/2025\/06\/carport-3x6-m-taltgarage-med-rullande-dorrar-tak-avtagbara-sidovaggar-uv-resistent-vattentat-garage-talt-skydd-lager-talt-betestalt-garageoverhang-for-bil-lastbil-suv-bat-gron-1.webp?fit=2000%2C2000&ssl=1","type":"image\/webp"}],"twitter_card":"summary_large_image","twitter_misc":{"Ber\u00e4knad l\u00e4stid":"1 minut"},"schema":{"@context":"https:\/\/schema.org","@graph":[{"@type":"WebPage","@id":"https:\/\/truusk.store\/sv\/produkt\/truusk-carport-3x6-m-taltgarage-med-rullande-dorrar-uv-resistent-vattentat-for-bil-lastbil-suv-bat-gron\/","url":"https:\/\/truusk.store\/sv\/produkt\/truusk-carport-3x6-m-taltgarage-med-rullande-dorrar-uv-resistent-vattentat-for-bil-lastbil-suv-bat-gron\/","name":"TRUUSK Carport 3x6 M - T\u00e4ltgarage med Rullande D\u00f6rrar - UV-resistent Vattent\u00e4t - F\u00f6r Bil, Lastbil, SUV, B\u00e5t - Gr\u00f6n - TRUUSK - Hem, Tr\u00e4dg\u00e5rd &amp; Fritid","isPartOf":{"@id":"https:\/\/truusk.store\/sv\/#website"},"primaryImageOfPage":{"@id":"https:\/\/truusk.store\/sv\/produkt\/truusk-carport-3x6-m-taltgarage-med-rullande-dorrar-uv-resistent-vattentat-for-bil-lastbil-suv-bat-gron\/#primaryimage"},"image":{"@id":"https:\/\/truusk.store\/sv\/produkt\/truusk-carport-3x6-m-taltgarage-med-rullande-dorrar-uv-resistent-vattentat-for-bil-lastbil-suv-bat-gron\/#primaryimage"},"thumbnailUrl":"https:\/\/i0.wp.com\/truusk.store\/wp-content\/uploads\/2025\/06\/carport-3x6-m-taltgarage-med-rullande-dorrar-tak-avtagbara-sidovaggar-uv-resistent-vattentat-garage-talt-skydd-lager-talt-betestalt-garageoverhang-for-bil-lastbil-suv-bat-gron-1.webp?fit=2000%2C2000&ssl=1","datePublished":"2025-06-05T16:34:01+00:00","dateModified":"2026-03-12T08:46:26+00:00","breadcrumb":{"@id":"https:\/\/truusk.store\/sv\/produkt\/truusk-carport-3x6-m-taltgarage-med-rullande-dorrar-uv-resistent-vattentat-for-bil-lastbil-suv-bat-gron\/#breadcrumb"},"inLanguage":"sv-SE","potentialAction":[{"@type":"ReadAction","target":["https:\/\/truusk.store\/sv\/produkt\/truusk-carport-3x6-m-taltgarage-med-rullande-dorrar-uv-resistent-vattentat-for-bil-lastbil-suv-bat-gron\/"]}]},{"@type":"ImageObject","inLanguage":"sv-SE","@id":"https:\/\/truusk.store\/sv\/produkt\/truusk-carport-3x6-m-taltgarage-med-rullande-dorrar-uv-resistent-vattentat-for-bil-lastbil-suv-bat-gron\/#primaryimage","url":"https:\/\/i0.wp.com\/truusk.store\/wp-content\/uploads\/2025\/06\/carport-3x6-m-taltgarage-med-rullande-dorrar-tak-avtagbara-sidovaggar-uv-resistent-vattentat-garage-talt-skydd-lager-talt-betestalt-garageoverhang-for-bil-lastbil-suv-bat-gron-1.webp?fit=2000%2C2000&ssl=1","contentUrl":"https:\/\/i0.wp.com\/truusk.store\/wp-content\/uploads\/2025\/06\/carport-3x6-m-taltgarage-med-rullande-dorrar-tak-avtagbara-sidovaggar-uv-resistent-vattentat-garage-talt-skydd-lager-talt-betestalt-garageoverhang-for-bil-lastbil-suv-bat-gron-1.webp?fit=2000%2C2000&ssl=1","width":2000,"height":2000},{"@type":"BreadcrumbList","@id":"https:\/\/truusk.store\/sv\/produkt\/truusk-carport-3x6-m-taltgarage-med-rullande-dorrar-uv-resistent-vattentat-for-bil-lastbil-suv-bat-gron\/#breadcrumb","itemListElement":[{"@type":"ListItem","position":1,"name":"Home","item":"https:\/\/truusk.store\/sv\/"},{"@type":"ListItem","position":2,"name":"Shop","item":"https:\/\/truusk.store\/shop\/"},{"@type":"ListItem","position":3,"name":"TRUUSK Carport 3&#215;6 M &#8211; T\u00e4ltgarage med Rullande D\u00f6rrar &#8211; UV-resistent Vattent\u00e4t &#8211; F\u00f6r Bil, Lastbil, SUV, B\u00e5t &#8211; Gr\u00f6n"}]},{"@type":"WebSite","@id":"https:\/\/truusk.store\/sv\/#website","url":"https:\/\/truusk.store\/sv\/","name":"TRUUSK - Hem, Tr\u00e4dg\u00e5rd & Fritid","description":"","publisher":{"@id":"https:\/\/truusk.store\/sv\/#organization"},"potentialAction":[{"@type":"SearchAction","target":{"@type":"EntryPoint","urlTemplate":"https:\/\/truusk.store\/sv\/?s={search_term_string}"},"query-input":{"@type":"PropertyValueSpecification","valueRequired":true,"valueName":"search_term_string"}}],"inLanguage":"sv-SE"},{"@type":"Organization","@id":"https:\/\/truusk.store\/sv\/#organization","name":"TRUUSK - Hem, Tr\u00e4dg\u00e5rd & Fritid","url":"https:\/\/truusk.store\/sv\/","logo":{"@type":"ImageObject","inLanguage":"sv-SE","@id":"https:\/\/truusk.store\/sv\/#\/schema\/logo\/image\/","url":"https:\/\/i0.wp.com\/truusk.store\/wp-content\/uploads\/2026\/03\/cropped-TRUUSK.png?fit=2032%2C917&ssl=1","contentUrl":"https:\/\/i0.wp.com\/truusk.store\/wp-content\/uploads\/2026\/03\/cropped-TRUUSK.png?fit=2032%2C917&ssl=1","width":2032,"height":917,"caption":"TRUUSK - Hem, Tr\u00e4dg\u00e5rd & Fritid"},"image":{"@id":"https:\/\/truusk.store\/sv\/#\/schema\/logo\/image\/"}}]}},"jetpack_sharing_enabled":true,"_links":{"self":[{"href":"https:\/\/truusk.store\/sv\/wp-json\/wp\/v2\/product\/69306","targetHints":{"allow":["GET"]}}],"collection":[{"href":"https:\/\/truusk.store\/sv\/wp-json\/wp\/v2\/product"}],"about":[{"href":"https:\/\/truusk.store\/sv\/wp-json\/wp\/v2\/types\/product"}],"wp:featuredmedia":[{"embeddable":true,"href":"https:\/\/truusk.store\/sv\/wp-json\/wp\/v2\/media\/69297"}],"wp:attachment":[{"href":"https:\/\/truusk.store\/sv\/wp-json\/wp\/v2\/media?parent=69306"}],"wp:term":[{"taxonomy":"product_brand","embeddable":true,"href":"https:\/\/truusk.store\/sv\/wp-json\/wp\/v2\/product_brand?post=69306"},{"taxonomy":"product_cat","embeddable":true,"href":"https:\/\/truusk.store\/sv\/wp-json\/wp\/v2\/product_cat?post=69306"},{"taxonomy":"product_tag","embeddable":true,"href":"https:\/\/truusk.store\/sv\/wp-json\/wp\/v2\/product_tag?post=69306"}],"curies":[{"name":"wp","href":"https:\/\/api.w.org\/{rel}","templated":true}]}}