{"id":69356,"date":"2025-06-05T17:38:54","date_gmt":"2025-06-05T16:38:54","guid":{"rendered":"https:\/\/truusk.store\/product\/hog-sang-av-stal-planteringsbadd-tidig-sang-tradgardsbadd-stapelbar-blomlada-pluggbar-planteringslada-160x80x80cm-gronsaksbadd-for-tradgard-balkong-terrass-planteringskruka-for-blommor-vaxter\/"},"modified":"2026-03-12T09:46:27","modified_gmt":"2026-03-12T08:46:27","slug":"truusk-hog-sang-av-stal-planteringsbadd-160x80x80cm-stapelbar-pluggbar-for-tradgard-balkong-terrass-gronsaksbadd-och","status":"publish","type":"product","link":"https:\/\/truusk.store\/sv\/produkt\/truusk-hog-sang-av-stal-planteringsbadd-160x80x80cm-stapelbar-pluggbar-for-tradgard-balkong-terrass-gronsaksbadd-och\/","title":{"rendered":"TRUUSK H\u00f6g S\u00e4ng Av St\u00e5l &#8211; Planteringsb\u00e4dd 160x80x80cm &#8211; Stapelbar &#8211; Pluggbar &#8211; F\u00f6r Tr\u00e4dg\u00e5rd Balkong Terrass &#8211; Gr\u00f6nsaksb\u00e4dd och"},"content":{"rendered":"<p>Det modul\u00e4ra metallh\u00f6gkvarteret f\u00f6r tr\u00e4dg\u00e5rd fr\u00e5n TRUUSK, anpassar sig flexibelt till dina design\u00f6nskem\u00e5l. Denna f\u00f6rzinkade h\u00f6gkvarter f\u00f6r balkong med sin v\u00e5gformade, ovala struktur \u00e4r rostbest\u00e4ndig och kan motst\u00e5 h\u00f6gt tryck och d\u00e5ligt v\u00e4der. Idealisk f\u00f6r djupt rotade v\u00e4xter, erbjuder det mycket utrymme och djup. Den \u00f6ppna botten av v\u00e4xtl\u00e5dan st\u00f6der utm\u00e4rkt dr\u00e4nering och fr\u00e4mjar h\u00e4lsosamma r\u00f6tter, medan monteringen blir s\u00e4krare tack vare gummikanter och handskar.<\/p>\n<p>Beskrivning:<\/p>\n<ul>\n<li> Flexibel, modul\u00e4r design av \u00f6rt h\u00f6gkvarter f\u00f6r olika konfigurationer<\/li>\n<li> Extra djupt omr\u00e5de idealiskt f\u00f6r v\u00e4xter med djupa r\u00f6tter<\/li>\n<li> 0,6 mm tjock, f\u00f6rzinkad st\u00e5lram av v\u00e4xtl\u00e5dan f\u00f6r f\u00f6rb\u00e4ttrad h\u00e5llbarhet och robusthet<\/li>\n<li> Gummif\u00f6rseglingss\u00e4kerhetskanter av gr\u00f6nsaksb\u00e4dden skyddar fingrarna fr\u00e5n sk\u00e4r<\/li>\n<li> \u00d6ppen botten design fr\u00e4mjar naturlig vattenavlopp och rotv\u00e4xt<\/li>\n<li> 100 f\u00e4stskruvar vid gr\u00e4nssnitten f\u00f6r extra stabilitet<\/li>\n<li> Enkel montering, ett par handskar ing\u00e5r<\/li>\n<\/ul>\n<p> Tekniska data:<\/p>\n<ul>\n<li> F\u00e4rg: M\u00f6rkgr\u00e5<\/li>\n<li> Material: F\u00f6rzinkat st\u00e5l<\/li>\n<li> Totala dimensioner: 160L x 80B x 80H cm<\/li>\n<li> Inre storlek p\u00e5 planteringsk\u00e4rlet: 159L x 79B x 80H cm<\/li>\n<li> St\u00e5lpl\u00e5ttjocklek: 0,6 mm<\/li>\n<\/ul>\n<p>Leveransinneh\u00e5ll:<\/p>\n<ul>\n<li> 1 x H\u00f6gkvarter<\/li>\n<li> 1 x Gummikantsremsa<\/li>\n<li> 100 x Skruvar<\/li>\n<li> 1 x Par handskar<\/li>\n<li> 1 x Bruksanvisning<\/li>\n<\/ul>\n","protected":false},"excerpt":{"rendered":"<p>Det modul\u00e4ra metallh\u00f6gkvarteret f\u00f6r tr\u00e4dg\u00e5rd fr\u00e5n TRUUSK, anpassar sig flexibelt till dina design\u00f6nskem\u00e5l. Denna f\u00f6rzinkade h\u00f6gkvarter f\u00f6r balkong med sin&#8230;<\/p>\n","protected":false},"featured_media":69347,"template":"","meta":[],"product_brand":[],"product_cat":[924,858,443],"product_tag":[],"class_list":{"0":"post-69356","1":"product","2":"type-product","3":"status-publish","4":"has-post-thumbnail","6":"product_cat-plantkarl","7":"product_cat-tradgard-terrass","8":"product_cat-vaxthus-tradgardsskotsel","10":"first","11":"instock","12":"sale","13":"taxable","14":"shipping-taxable","15":"purchasable","16":"product-type-simple"},"yoast_head":"<!-- This site is optimized with the Yoast SEO plugin v25.4 - https:\/\/yoast.com\/wordpress\/plugins\/seo\/ -->\n<title>TRUUSK H\u00f6g S\u00e4ng Av St\u00e5l - Planteringsb\u00e4dd 160x80x80cm - Stapelbar - Pluggbar - F\u00f6r Tr\u00e4dg\u00e5rd Balkong Terrass - Gr\u00f6nsaksb\u00e4dd och - TRUUSK - Hem, Tr\u00e4dg\u00e5rd &amp; Fritid<\/title>\n<meta name=\"robots\" content=\"index, follow, max-snippet:-1, max-image-preview:large, max-video-preview:-1\" \/>\n<link rel=\"canonical\" href=\"https:\/\/truusk.store\/sv\/produkt\/truusk-hog-sang-av-stal-planteringsbadd-160x80x80cm-stapelbar-pluggbar-for-tradgard-balkong-terrass-gronsaksbadd-och\/\" \/>\n<meta property=\"og:locale\" content=\"sv_SE\" \/>\n<meta property=\"og:type\" content=\"article\" \/>\n<meta property=\"og:title\" content=\"TRUUSK H\u00f6g S\u00e4ng Av St\u00e5l - Planteringsb\u00e4dd 160x80x80cm - Stapelbar - Pluggbar - F\u00f6r Tr\u00e4dg\u00e5rd Balkong Terrass - Gr\u00f6nsaksb\u00e4dd och - TRUUSK - Hem, Tr\u00e4dg\u00e5rd &amp; Fritid\" \/>\n<meta property=\"og:description\" content=\"Det modul\u00e4ra metallh\u00f6gkvarteret f\u00f6r tr\u00e4dg\u00e5rd fr\u00e5n TRUUSK, anpassar sig flexibelt till dina design\u00f6nskem\u00e5l. Denna f\u00f6rzinkade h\u00f6gkvarter f\u00f6r balkong med sin...\" \/>\n<meta property=\"og:url\" content=\"https:\/\/truusk.store\/sv\/produkt\/truusk-hog-sang-av-stal-planteringsbadd-160x80x80cm-stapelbar-pluggbar-for-tradgard-balkong-terrass-gronsaksbadd-och\/\" \/>\n<meta property=\"og:site_name\" content=\"TRUUSK - Hem, Tr\u00e4dg\u00e5rd &amp; Fritid\" \/>\n<meta property=\"article:modified_time\" content=\"2026-03-12T08:46:27+00:00\" \/>\n<meta property=\"og:image\" content=\"https:\/\/i0.wp.com\/truusk.se\/wp-content\/uploads\/2025\/06\/hog-sang-av-stal-planteringsbadd-tidig-sang-tradgardsbadd-stapelbar-blomlada-pluggbar-planteringslada-160x80x80cm-gronsaksbadd-for-tradgard-balkong-terrass-planteringskruka-for-blommor-vaxter-1.webp?fit=2000%2C2000&ssl=1\" \/>\n\t<meta property=\"og:image:width\" content=\"2000\" \/>\n\t<meta property=\"og:image:height\" content=\"2000\" \/>\n\t<meta property=\"og:image:type\" content=\"image\/webp\" \/>\n<meta name=\"twitter:card\" content=\"summary_large_image\" \/>\n<meta name=\"twitter:label1\" content=\"Ber\u00e4knad l\u00e4stid\" \/>\n\t<meta name=\"twitter:data1\" content=\"1 minut\" \/>\n<!-- \/ Yoast SEO plugin. -->","yoast_head_json":{"title":"TRUUSK H\u00f6g S\u00e4ng Av St\u00e5l - Planteringsb\u00e4dd 160x80x80cm - Stapelbar - Pluggbar - F\u00f6r Tr\u00e4dg\u00e5rd Balkong Terrass - Gr\u00f6nsaksb\u00e4dd och - TRUUSK - Hem, Tr\u00e4dg\u00e5rd &amp; Fritid","robots":{"index":"index","follow":"follow","max-snippet":"max-snippet:-1","max-image-preview":"max-image-preview:large","max-video-preview":"max-video-preview:-1"},"canonical":"https:\/\/truusk.store\/sv\/produkt\/truusk-hog-sang-av-stal-planteringsbadd-160x80x80cm-stapelbar-pluggbar-for-tradgard-balkong-terrass-gronsaksbadd-och\/","og_locale":"sv_SE","og_type":"article","og_title":"TRUUSK H\u00f6g S\u00e4ng Av St\u00e5l - Planteringsb\u00e4dd 160x80x80cm - Stapelbar - Pluggbar - F\u00f6r Tr\u00e4dg\u00e5rd Balkong Terrass - Gr\u00f6nsaksb\u00e4dd och - TRUUSK - Hem, Tr\u00e4dg\u00e5rd &amp; Fritid","og_description":"Det modul\u00e4ra metallh\u00f6gkvarteret f\u00f6r tr\u00e4dg\u00e5rd fr\u00e5n TRUUSK, anpassar sig flexibelt till dina design\u00f6nskem\u00e5l. Denna f\u00f6rzinkade h\u00f6gkvarter f\u00f6r balkong med sin...","og_url":"https:\/\/truusk.store\/sv\/produkt\/truusk-hog-sang-av-stal-planteringsbadd-160x80x80cm-stapelbar-pluggbar-for-tradgard-balkong-terrass-gronsaksbadd-och\/","og_site_name":"TRUUSK - Hem, Tr\u00e4dg\u00e5rd &amp; Fritid","article_modified_time":"2026-03-12T08:46:27+00:00","og_image":[{"width":2000,"height":2000,"url":"https:\/\/i0.wp.com\/truusk.se\/wp-content\/uploads\/2025\/06\/hog-sang-av-stal-planteringsbadd-tidig-sang-tradgardsbadd-stapelbar-blomlada-pluggbar-planteringslada-160x80x80cm-gronsaksbadd-for-tradgard-balkong-terrass-planteringskruka-for-blommor-vaxter-1.webp?fit=2000%2C2000&ssl=1","type":"image\/webp"}],"twitter_card":"summary_large_image","twitter_misc":{"Ber\u00e4knad l\u00e4stid":"1 minut"},"schema":{"@context":"https:\/\/schema.org","@graph":[{"@type":"WebPage","@id":"https:\/\/truusk.store\/sv\/produkt\/truusk-hog-sang-av-stal-planteringsbadd-160x80x80cm-stapelbar-pluggbar-for-tradgard-balkong-terrass-gronsaksbadd-och\/","url":"https:\/\/truusk.store\/sv\/produkt\/truusk-hog-sang-av-stal-planteringsbadd-160x80x80cm-stapelbar-pluggbar-for-tradgard-balkong-terrass-gronsaksbadd-och\/","name":"TRUUSK H\u00f6g S\u00e4ng Av St\u00e5l - Planteringsb\u00e4dd 160x80x80cm - Stapelbar - Pluggbar - F\u00f6r Tr\u00e4dg\u00e5rd Balkong Terrass - Gr\u00f6nsaksb\u00e4dd och - TRUUSK - Hem, Tr\u00e4dg\u00e5rd &amp; Fritid","isPartOf":{"@id":"https:\/\/truusk.store\/sv\/#website"},"primaryImageOfPage":{"@id":"https:\/\/truusk.store\/sv\/produkt\/truusk-hog-sang-av-stal-planteringsbadd-160x80x80cm-stapelbar-pluggbar-for-tradgard-balkong-terrass-gronsaksbadd-och\/#primaryimage"},"image":{"@id":"https:\/\/truusk.store\/sv\/produkt\/truusk-hog-sang-av-stal-planteringsbadd-160x80x80cm-stapelbar-pluggbar-for-tradgard-balkong-terrass-gronsaksbadd-och\/#primaryimage"},"thumbnailUrl":"https:\/\/i0.wp.com\/truusk.store\/wp-content\/uploads\/2025\/06\/hog-sang-av-stal-planteringsbadd-tidig-sang-tradgardsbadd-stapelbar-blomlada-pluggbar-planteringslada-160x80x80cm-gronsaksbadd-for-tradgard-balkong-terrass-planteringskruka-for-blommor-vaxter-1.webp?fit=2000%2C2000&ssl=1","datePublished":"2025-06-05T16:38:54+00:00","dateModified":"2026-03-12T08:46:27+00:00","breadcrumb":{"@id":"https:\/\/truusk.store\/sv\/produkt\/truusk-hog-sang-av-stal-planteringsbadd-160x80x80cm-stapelbar-pluggbar-for-tradgard-balkong-terrass-gronsaksbadd-och\/#breadcrumb"},"inLanguage":"sv-SE","potentialAction":[{"@type":"ReadAction","target":["https:\/\/truusk.store\/sv\/produkt\/truusk-hog-sang-av-stal-planteringsbadd-160x80x80cm-stapelbar-pluggbar-for-tradgard-balkong-terrass-gronsaksbadd-och\/"]}]},{"@type":"ImageObject","inLanguage":"sv-SE","@id":"https:\/\/truusk.store\/sv\/produkt\/truusk-hog-sang-av-stal-planteringsbadd-160x80x80cm-stapelbar-pluggbar-for-tradgard-balkong-terrass-gronsaksbadd-och\/#primaryimage","url":"https:\/\/i0.wp.com\/truusk.store\/wp-content\/uploads\/2025\/06\/hog-sang-av-stal-planteringsbadd-tidig-sang-tradgardsbadd-stapelbar-blomlada-pluggbar-planteringslada-160x80x80cm-gronsaksbadd-for-tradgard-balkong-terrass-planteringskruka-for-blommor-vaxter-1.webp?fit=2000%2C2000&ssl=1","contentUrl":"https:\/\/i0.wp.com\/truusk.store\/wp-content\/uploads\/2025\/06\/hog-sang-av-stal-planteringsbadd-tidig-sang-tradgardsbadd-stapelbar-blomlada-pluggbar-planteringslada-160x80x80cm-gronsaksbadd-for-tradgard-balkong-terrass-planteringskruka-for-blommor-vaxter-1.webp?fit=2000%2C2000&ssl=1","width":2000,"height":2000},{"@type":"BreadcrumbList","@id":"https:\/\/truusk.store\/sv\/produkt\/truusk-hog-sang-av-stal-planteringsbadd-160x80x80cm-stapelbar-pluggbar-for-tradgard-balkong-terrass-gronsaksbadd-och\/#breadcrumb","itemListElement":[{"@type":"ListItem","position":1,"name":"Home","item":"https:\/\/truusk.store\/sv\/"},{"@type":"ListItem","position":2,"name":"Shop","item":"https:\/\/truusk.store\/shop\/"},{"@type":"ListItem","position":3,"name":"TRUUSK H\u00f6g S\u00e4ng Av St\u00e5l &#8211; Planteringsb\u00e4dd 160x80x80cm &#8211; Stapelbar &#8211; Pluggbar &#8211; F\u00f6r Tr\u00e4dg\u00e5rd Balkong Terrass &#8211; Gr\u00f6nsaksb\u00e4dd och"}]},{"@type":"WebSite","@id":"https:\/\/truusk.store\/sv\/#website","url":"https:\/\/truusk.store\/sv\/","name":"TRUUSK - Hem, Tr\u00e4dg\u00e5rd & Fritid","description":"","publisher":{"@id":"https:\/\/truusk.store\/sv\/#organization"},"potentialAction":[{"@type":"SearchAction","target":{"@type":"EntryPoint","urlTemplate":"https:\/\/truusk.store\/sv\/?s={search_term_string}"},"query-input":{"@type":"PropertyValueSpecification","valueRequired":true,"valueName":"search_term_string"}}],"inLanguage":"sv-SE"},{"@type":"Organization","@id":"https:\/\/truusk.store\/sv\/#organization","name":"TRUUSK - Hem, Tr\u00e4dg\u00e5rd & Fritid","url":"https:\/\/truusk.store\/sv\/","logo":{"@type":"ImageObject","inLanguage":"sv-SE","@id":"https:\/\/truusk.store\/sv\/#\/schema\/logo\/image\/","url":"https:\/\/i0.wp.com\/truusk.store\/wp-content\/uploads\/2026\/03\/cropped-TRUUSK.png?fit=2032%2C917&ssl=1","contentUrl":"https:\/\/i0.wp.com\/truusk.store\/wp-content\/uploads\/2026\/03\/cropped-TRUUSK.png?fit=2032%2C917&ssl=1","width":2032,"height":917,"caption":"TRUUSK - Hem, Tr\u00e4dg\u00e5rd & Fritid"},"image":{"@id":"https:\/\/truusk.store\/sv\/#\/schema\/logo\/image\/"}}]}},"jetpack_sharing_enabled":true,"_links":{"self":[{"href":"https:\/\/truusk.store\/sv\/wp-json\/wp\/v2\/product\/69356","targetHints":{"allow":["GET"]}}],"collection":[{"href":"https:\/\/truusk.store\/sv\/wp-json\/wp\/v2\/product"}],"about":[{"href":"https:\/\/truusk.store\/sv\/wp-json\/wp\/v2\/types\/product"}],"wp:featuredmedia":[{"embeddable":true,"href":"https:\/\/truusk.store\/sv\/wp-json\/wp\/v2\/media\/69347"}],"wp:attachment":[{"href":"https:\/\/truusk.store\/sv\/wp-json\/wp\/v2\/media?parent=69356"}],"wp:term":[{"taxonomy":"product_brand","embeddable":true,"href":"https:\/\/truusk.store\/sv\/wp-json\/wp\/v2\/product_brand?post=69356"},{"taxonomy":"product_cat","embeddable":true,"href":"https:\/\/truusk.store\/sv\/wp-json\/wp\/v2\/product_cat?post=69356"},{"taxonomy":"product_tag","embeddable":true,"href":"https:\/\/truusk.store\/sv\/wp-json\/wp\/v2\/product_tag?post=69356"}],"curies":[{"name":"wp","href":"https:\/\/api.w.org\/{rel}","templated":true}]}}