{"id":69386,"date":"2025-06-05T17:42:03","date_gmt":"2025-06-05T16:42:03","guid":{"rendered":"https:\/\/truusk.store\/product\/redskapshus-21m%c2%b2-vattentatt-tradgardshus-med-golv-och-sadeltak-131x186x198-172-cm-redskapsbod-med-lasbar-dorr-fonster-cykelgarage-tradgardsskap-av-aluminium-for-bakgard-tradgard-gra\/"},"modified":"2026-03-12T09:45:32","modified_gmt":"2026-03-12T08:45:32","slug":"truusk-redskapshus-21m%c2%b2-vattentatt-tradgardshus-med-golv-och-sadeltak-lasbar-dorr-fonster-cykelgarage-for-bakgard","status":"publish","type":"product","link":"https:\/\/truusk.store\/sv\/produkt\/truusk-redskapshus-21m%c2%b2-vattentatt-tradgardshus-med-golv-och-sadeltak-lasbar-dorr-fonster-cykelgarage-for-bakgard\/","title":{"rendered":"TRUUSK Redskapshus 2,1m\u00b2 &#8211; Vattent\u00e4tt Tr\u00e4dg\u00e5rdshus &#8211; Med Golv och Sadeltak &#8211; L\u00e5sbar D\u00f6rr &#8211; F\u00f6nster &#8211; Cykelgarage &#8211; F\u00f6r Bakg\u00e5rd"},"content":{"rendered":"<p>Upplev den stilfulla TRUUSK tr\u00e4dg\u00e5rdsskjulet, perfekt f\u00f6r dina utomhusf\u00f6rvaringsbehov. Tillverkad av 12 mm tjock polypropenharz och f\u00f6rst\u00e4rkt med aluminium, erbjuder detta vattent\u00e4ta, UV-resistenta cykelskjul ett golv mot regn och ett klart f\u00f6nster som ger ljus. I detta tr\u00e4dg\u00e5rdsredskapshus kan du s\u00e4kert och skyddat mot v\u00e4der och vind f\u00f6rvara dina tr\u00e4dg\u00e5rdsredskap, verktyg och mer.<\/p>\n<p>Beskrivning:<\/p>\n<ul>\n<li> Rymligt verktygshus i metall ut\u00f6kar m\u00f6jligheterna f\u00f6r utomhusf\u00f6rvaring<\/li>\n<li> Polypropenharz i cykelskjulet \u00e4r v\u00e4derbest\u00e4ndigt, UV-resistent och rostfritt<\/li>\n<li> Det medf\u00f6ljande golvet skyddar mot markfuktighet<\/li>\n<li> Med transparent f\u00f6nster och ventilations\u00f6ppningar<\/li>\n<li> Apex-takdesignen p\u00e5 det lilla tr\u00e4dg\u00e5rdshuset f\u00f6rhindrar vatten- och sn\u00f6ansamlingar<\/li>\n<li> Sp\u00e4rr och l\u00e5s \u00f6kar s\u00e4kerheten<\/li>\n<li> F\u00f6r montering kr\u00e4vs 2-3 personer, handskar ing\u00e5r<\/li>\n<\/ul>\n<p> Tekniska data:<\/p>\n<ul>\n<li> F\u00e4rg: Gr\u00e5<\/li>\n<li> Material: Plast, Aluminium<\/li>\n<li> Totala dimensioner: 131L x 186B x 198H cm<\/li>\n<li> Takfotsh\u00f6jd: 172H cm<\/li>\n<li> Golvyta: 120B x 175T cm, 2,1 m\u00b2<\/li>\n<li> Inre m\u00e5tt: 111B x 166T cm<\/li>\n<li> D\u00f6rrstorlek: 63B x 166H cm<\/li>\n<li> F\u00f6nsterstorlek: 38,5B x 61,5H cm<\/li>\n<li> Ventilations\u00f6ppningens dimensioner: 22,5B x 9H cm<\/li>\n<li> Sn\u00f6last: 40 kg\/m\u00b2<\/li>\n<\/ul>\n<p>Leveransinneh\u00e5ll:<\/p>\n<ul>\n<li> 1 x tr\u00e4dg\u00e5rdsskjul med golv<\/li>\n<li> L\u00e5s och nyckel<\/li>\n<li> 1 x par handskar<\/li>\n<li> 1 x handbok<\/li>\n<\/ul>\n","protected":false},"excerpt":{"rendered":"<p>Upplev den stilfulla TRUUSK tr\u00e4dg\u00e5rdsskjulet, perfekt f\u00f6r dina utomhusf\u00f6rvaringsbehov. Tillverkad av 12 mm tjock polypropenharz och f\u00f6rst\u00e4rkt med aluminium, erbjuder&#8230;<\/p>\n","protected":false},"featured_media":69377,"template":"","meta":[],"product_brand":[],"product_cat":[901,902,858],"product_tag":[],"class_list":{"0":"post-69386","1":"product","2":"type-product","3":"status-publish","4":"has-post-thumbnail","6":"product_cat-ordning-i-tradgarden","7":"product_cat-redskapsskjul-och-redskapshus","8":"product_cat-tradgard-terrass","10":"first","11":"instock","12":"sale","13":"taxable","14":"shipping-taxable","15":"purchasable","16":"product-type-simple"},"yoast_head":"<!-- This site is optimized with the Yoast SEO plugin v25.4 - https:\/\/yoast.com\/wordpress\/plugins\/seo\/ -->\n<title>TRUUSK Redskapshus 2,1m\u00b2 - Vattent\u00e4tt Tr\u00e4dg\u00e5rdshus - Med Golv och Sadeltak - L\u00e5sbar D\u00f6rr - F\u00f6nster - Cykelgarage - F\u00f6r Bakg\u00e5rd - TRUUSK - Hem, Tr\u00e4dg\u00e5rd &amp; Fritid<\/title>\n<meta name=\"robots\" content=\"index, follow, max-snippet:-1, max-image-preview:large, max-video-preview:-1\" \/>\n<link rel=\"canonical\" href=\"https:\/\/truusk.store\/sv\/produkt\/truusk-redskapshus-21m%c2%b2-vattentatt-tradgardshus-med-golv-och-sadeltak-lasbar-dorr-fonster-cykelgarage-for-bakgard\/\" \/>\n<meta property=\"og:locale\" content=\"sv_SE\" \/>\n<meta property=\"og:type\" content=\"article\" \/>\n<meta property=\"og:title\" content=\"TRUUSK Redskapshus 2,1m\u00b2 - Vattent\u00e4tt Tr\u00e4dg\u00e5rdshus - Med Golv och Sadeltak - L\u00e5sbar D\u00f6rr - F\u00f6nster - Cykelgarage - F\u00f6r Bakg\u00e5rd - TRUUSK - Hem, Tr\u00e4dg\u00e5rd &amp; Fritid\" \/>\n<meta property=\"og:description\" content=\"Upplev den stilfulla TRUUSK tr\u00e4dg\u00e5rdsskjulet, perfekt f\u00f6r dina utomhusf\u00f6rvaringsbehov. Tillverkad av 12 mm tjock polypropenharz och f\u00f6rst\u00e4rkt med aluminium, erbjuder...\" \/>\n<meta property=\"og:url\" content=\"https:\/\/truusk.store\/sv\/produkt\/truusk-redskapshus-21m%c2%b2-vattentatt-tradgardshus-med-golv-och-sadeltak-lasbar-dorr-fonster-cykelgarage-for-bakgard\/\" \/>\n<meta property=\"og:site_name\" content=\"TRUUSK - Hem, Tr\u00e4dg\u00e5rd &amp; Fritid\" \/>\n<meta property=\"article:modified_time\" content=\"2026-03-12T08:45:32+00:00\" \/>\n<meta property=\"og:image\" content=\"https:\/\/i0.wp.com\/truusk.se\/wp-content\/uploads\/2025\/06\/redskapshus-21mc2b2-vattentatt-tradgardshus-med-golv-och-sadeltak-131x186x198-172-cm-redskapsbod-med-lasbar-dorr-fonster-cykelgarage-tradgardsskap-av-aluminium-for-bakgard-tradgard-gra-1.webp?fit=2000%2C2000&ssl=1\" \/>\n\t<meta property=\"og:image:width\" content=\"2000\" \/>\n\t<meta property=\"og:image:height\" content=\"2000\" \/>\n\t<meta property=\"og:image:type\" content=\"image\/webp\" \/>\n<meta name=\"twitter:card\" content=\"summary_large_image\" \/>\n<meta name=\"twitter:label1\" content=\"Ber\u00e4knad l\u00e4stid\" \/>\n\t<meta name=\"twitter:data1\" content=\"1 minut\" \/>\n<!-- \/ Yoast SEO plugin. -->","yoast_head_json":{"title":"TRUUSK Redskapshus 2,1m\u00b2 - Vattent\u00e4tt Tr\u00e4dg\u00e5rdshus - Med Golv och Sadeltak - L\u00e5sbar D\u00f6rr - F\u00f6nster - Cykelgarage - F\u00f6r Bakg\u00e5rd - TRUUSK - Hem, Tr\u00e4dg\u00e5rd &amp; Fritid","robots":{"index":"index","follow":"follow","max-snippet":"max-snippet:-1","max-image-preview":"max-image-preview:large","max-video-preview":"max-video-preview:-1"},"canonical":"https:\/\/truusk.store\/sv\/produkt\/truusk-redskapshus-21m%c2%b2-vattentatt-tradgardshus-med-golv-och-sadeltak-lasbar-dorr-fonster-cykelgarage-for-bakgard\/","og_locale":"sv_SE","og_type":"article","og_title":"TRUUSK Redskapshus 2,1m\u00b2 - Vattent\u00e4tt Tr\u00e4dg\u00e5rdshus - Med Golv och Sadeltak - L\u00e5sbar D\u00f6rr - F\u00f6nster - Cykelgarage - F\u00f6r Bakg\u00e5rd - TRUUSK - Hem, Tr\u00e4dg\u00e5rd &amp; Fritid","og_description":"Upplev den stilfulla TRUUSK tr\u00e4dg\u00e5rdsskjulet, perfekt f\u00f6r dina utomhusf\u00f6rvaringsbehov. Tillverkad av 12 mm tjock polypropenharz och f\u00f6rst\u00e4rkt med aluminium, erbjuder...","og_url":"https:\/\/truusk.store\/sv\/produkt\/truusk-redskapshus-21m%c2%b2-vattentatt-tradgardshus-med-golv-och-sadeltak-lasbar-dorr-fonster-cykelgarage-for-bakgard\/","og_site_name":"TRUUSK - Hem, Tr\u00e4dg\u00e5rd &amp; Fritid","article_modified_time":"2026-03-12T08:45:32+00:00","og_image":[{"width":2000,"height":2000,"url":"https:\/\/i0.wp.com\/truusk.se\/wp-content\/uploads\/2025\/06\/redskapshus-21mc2b2-vattentatt-tradgardshus-med-golv-och-sadeltak-131x186x198-172-cm-redskapsbod-med-lasbar-dorr-fonster-cykelgarage-tradgardsskap-av-aluminium-for-bakgard-tradgard-gra-1.webp?fit=2000%2C2000&ssl=1","type":"image\/webp"}],"twitter_card":"summary_large_image","twitter_misc":{"Ber\u00e4knad l\u00e4stid":"1 minut"},"schema":{"@context":"https:\/\/schema.org","@graph":[{"@type":"WebPage","@id":"https:\/\/truusk.store\/sv\/produkt\/truusk-redskapshus-21m%c2%b2-vattentatt-tradgardshus-med-golv-och-sadeltak-lasbar-dorr-fonster-cykelgarage-for-bakgard\/","url":"https:\/\/truusk.store\/sv\/produkt\/truusk-redskapshus-21m%c2%b2-vattentatt-tradgardshus-med-golv-och-sadeltak-lasbar-dorr-fonster-cykelgarage-for-bakgard\/","name":"TRUUSK Redskapshus 2,1m\u00b2 - Vattent\u00e4tt Tr\u00e4dg\u00e5rdshus - Med Golv och Sadeltak - L\u00e5sbar D\u00f6rr - F\u00f6nster - Cykelgarage - F\u00f6r Bakg\u00e5rd - TRUUSK - Hem, Tr\u00e4dg\u00e5rd &amp; Fritid","isPartOf":{"@id":"https:\/\/truusk.store\/sv\/#website"},"primaryImageOfPage":{"@id":"https:\/\/truusk.store\/sv\/produkt\/truusk-redskapshus-21m%c2%b2-vattentatt-tradgardshus-med-golv-och-sadeltak-lasbar-dorr-fonster-cykelgarage-for-bakgard\/#primaryimage"},"image":{"@id":"https:\/\/truusk.store\/sv\/produkt\/truusk-redskapshus-21m%c2%b2-vattentatt-tradgardshus-med-golv-och-sadeltak-lasbar-dorr-fonster-cykelgarage-for-bakgard\/#primaryimage"},"thumbnailUrl":"https:\/\/i0.wp.com\/truusk.store\/wp-content\/uploads\/2025\/06\/redskapshus-21mc2b2-vattentatt-tradgardshus-med-golv-och-sadeltak-131x186x198-172-cm-redskapsbod-med-lasbar-dorr-fonster-cykelgarage-tradgardsskap-av-aluminium-for-bakgard-tradgard-gra-1.webp?fit=2000%2C2000&ssl=1","datePublished":"2025-06-05T16:42:03+00:00","dateModified":"2026-03-12T08:45:32+00:00","breadcrumb":{"@id":"https:\/\/truusk.store\/sv\/produkt\/truusk-redskapshus-21m%c2%b2-vattentatt-tradgardshus-med-golv-och-sadeltak-lasbar-dorr-fonster-cykelgarage-for-bakgard\/#breadcrumb"},"inLanguage":"sv-SE","potentialAction":[{"@type":"ReadAction","target":["https:\/\/truusk.store\/sv\/produkt\/truusk-redskapshus-21m%c2%b2-vattentatt-tradgardshus-med-golv-och-sadeltak-lasbar-dorr-fonster-cykelgarage-for-bakgard\/"]}]},{"@type":"ImageObject","inLanguage":"sv-SE","@id":"https:\/\/truusk.store\/sv\/produkt\/truusk-redskapshus-21m%c2%b2-vattentatt-tradgardshus-med-golv-och-sadeltak-lasbar-dorr-fonster-cykelgarage-for-bakgard\/#primaryimage","url":"https:\/\/i0.wp.com\/truusk.store\/wp-content\/uploads\/2025\/06\/redskapshus-21mc2b2-vattentatt-tradgardshus-med-golv-och-sadeltak-131x186x198-172-cm-redskapsbod-med-lasbar-dorr-fonster-cykelgarage-tradgardsskap-av-aluminium-for-bakgard-tradgard-gra-1.webp?fit=2000%2C2000&ssl=1","contentUrl":"https:\/\/i0.wp.com\/truusk.store\/wp-content\/uploads\/2025\/06\/redskapshus-21mc2b2-vattentatt-tradgardshus-med-golv-och-sadeltak-131x186x198-172-cm-redskapsbod-med-lasbar-dorr-fonster-cykelgarage-tradgardsskap-av-aluminium-for-bakgard-tradgard-gra-1.webp?fit=2000%2C2000&ssl=1","width":2000,"height":2000},{"@type":"BreadcrumbList","@id":"https:\/\/truusk.store\/sv\/produkt\/truusk-redskapshus-21m%c2%b2-vattentatt-tradgardshus-med-golv-och-sadeltak-lasbar-dorr-fonster-cykelgarage-for-bakgard\/#breadcrumb","itemListElement":[{"@type":"ListItem","position":1,"name":"Home","item":"https:\/\/truusk.store\/sv\/"},{"@type":"ListItem","position":2,"name":"Shop","item":"https:\/\/truusk.store\/shop\/"},{"@type":"ListItem","position":3,"name":"TRUUSK Redskapshus 2,1m\u00b2 &#8211; Vattent\u00e4tt Tr\u00e4dg\u00e5rdshus &#8211; Med Golv och Sadeltak &#8211; L\u00e5sbar D\u00f6rr &#8211; F\u00f6nster &#8211; Cykelgarage &#8211; F\u00f6r Bakg\u00e5rd"}]},{"@type":"WebSite","@id":"https:\/\/truusk.store\/sv\/#website","url":"https:\/\/truusk.store\/sv\/","name":"TRUUSK - Hem, Tr\u00e4dg\u00e5rd & Fritid","description":"","publisher":{"@id":"https:\/\/truusk.store\/sv\/#organization"},"potentialAction":[{"@type":"SearchAction","target":{"@type":"EntryPoint","urlTemplate":"https:\/\/truusk.store\/sv\/?s={search_term_string}"},"query-input":{"@type":"PropertyValueSpecification","valueRequired":true,"valueName":"search_term_string"}}],"inLanguage":"sv-SE"},{"@type":"Organization","@id":"https:\/\/truusk.store\/sv\/#organization","name":"TRUUSK - Hem, Tr\u00e4dg\u00e5rd & Fritid","url":"https:\/\/truusk.store\/sv\/","logo":{"@type":"ImageObject","inLanguage":"sv-SE","@id":"https:\/\/truusk.store\/sv\/#\/schema\/logo\/image\/","url":"https:\/\/i0.wp.com\/truusk.store\/wp-content\/uploads\/2026\/03\/cropped-TRUUSK.png?fit=2032%2C917&ssl=1","contentUrl":"https:\/\/i0.wp.com\/truusk.store\/wp-content\/uploads\/2026\/03\/cropped-TRUUSK.png?fit=2032%2C917&ssl=1","width":2032,"height":917,"caption":"TRUUSK - Hem, Tr\u00e4dg\u00e5rd & Fritid"},"image":{"@id":"https:\/\/truusk.store\/sv\/#\/schema\/logo\/image\/"}}]}},"jetpack_sharing_enabled":true,"_links":{"self":[{"href":"https:\/\/truusk.store\/sv\/wp-json\/wp\/v2\/product\/69386","targetHints":{"allow":["GET"]}}],"collection":[{"href":"https:\/\/truusk.store\/sv\/wp-json\/wp\/v2\/product"}],"about":[{"href":"https:\/\/truusk.store\/sv\/wp-json\/wp\/v2\/types\/product"}],"wp:featuredmedia":[{"embeddable":true,"href":"https:\/\/truusk.store\/sv\/wp-json\/wp\/v2\/media\/69377"}],"wp:attachment":[{"href":"https:\/\/truusk.store\/sv\/wp-json\/wp\/v2\/media?parent=69386"}],"wp:term":[{"taxonomy":"product_brand","embeddable":true,"href":"https:\/\/truusk.store\/sv\/wp-json\/wp\/v2\/product_brand?post=69386"},{"taxonomy":"product_cat","embeddable":true,"href":"https:\/\/truusk.store\/sv\/wp-json\/wp\/v2\/product_cat?post=69386"},{"taxonomy":"product_tag","embeddable":true,"href":"https:\/\/truusk.store\/sv\/wp-json\/wp\/v2\/product_tag?post=69386"}],"curies":[{"name":"wp","href":"https:\/\/api.w.org\/{rel}","templated":true}]}}