{"id":6939,"date":"2024-02-13T08:39:16","date_gmt":"2024-02-13T07:39:16","guid":{"rendered":"https:\/\/truusk.store\/product\/tradgardsbank-med-armstod-bank-med-vagnhjuldesign-tradgardsmobler-rustik-bank-massivt-tra-brun-114-x-58-x-80-cm\/"},"modified":"2026-03-12T08:55:24","modified_gmt":"2026-03-12T07:55:24","slug":"truusk-tradgardsbank-med-armstod-vagnhjuldesign-rustik-tradgardsmobel-massivt-tra-brun-114-x-58-x-80-cm","status":"publish","type":"product","link":"https:\/\/truusk.store\/sv\/produkt\/truusk-tradgardsbank-med-armstod-vagnhjuldesign-rustik-tradgardsmobel-massivt-tra-brun-114-x-58-x-80-cm\/","title":{"rendered":"TRUUSK Tr\u00e4dg\u00e5rdsb\u00e4nk Med Armst\u00f6d &#8211; Vagnhjuldesign &#8211; Rustik Tr\u00e4dg\u00e5rdsm\u00f6bel &#8211; Massivt Tr\u00e4 &#8211; Brun &#8211; 114 x 58 x 80 cm"},"content":{"rendered":"<p>Ge din tr\u00e4dg\u00e5rd en unik rustik stil. Med v\u00e5r tr\u00e4dg\u00e5rdsb\u00e4nk med de chica vagnhjulsarmst\u00f6den f\u00f6rvandlas denna b\u00e4nk fr\u00e5n ett enkelt, bekv\u00e4mt sittalternativ till ett unikt blickf\u00e5ng. Den solida konstruktionen av grantr\u00e4 s\u00e4kerst\u00e4ller ett visst autentiskt utseende och erbjuder optimal komfort med en lastkapacitet p\u00e5 upp till 250 kg. G\u00f6r din tr\u00e4dg\u00e5rd till n\u00e5got speciellt.<\/p>\n<h3>Beskrivning:<\/h3>\n<ul>\n<li>Rustik stil skapar elegant sk\u00f6nhet och lantlig charm<\/li>\n<li>Vagnhjulsarmst\u00f6den g\u00f6r b\u00e4nken till ett absolut blickf\u00e5ng<\/li>\n<li>Tillverkad av massivt grantr\u00e4 f\u00f6r ett autentiskt utseende och h\u00e5llbarhet<\/li>\n<li>H\u00f6gt ryggst\u00f6d med bred sits f\u00f6r bekv\u00e4m komfort<\/li>\n<li>Stabil konstruktion med en lastkapacitet p\u00e5 upp till 250 kg<\/li>\n<\/ul>\n<h3>Teknisk data:<\/h3>\n<ul>\n<li>Material: gran<\/li>\n<li>M\u00e5tt: L114 x B58 x H80 cm<\/li>\n<li>M\u00e5tt (sits): B104 x D42 cm<\/li>\n<li>Sitth\u00f6jd: 41 cm<\/li>\n<li>Nettovikt: 15 kg Lastkapacitet: 250 kg<\/li>\n<li>F\u00e4rg: M\u00f6rkbrun<\/li>\n<\/ul>\n<h3>Leveransens omfattning:<\/h3>\n<ul>\n<li>1 x Tr\u00e4dg\u00e5rdsb\u00e4nk<\/li>\n<li>1 x Monteringsanvisning<\/li>\n<\/ul>\n","protected":false},"excerpt":{"rendered":"<p>Ge din tr\u00e4dg\u00e5rd en unik rustik stil. Med v\u00e5r tr\u00e4dg\u00e5rdsb\u00e4nk med de chica vagnhjulsarmst\u00f6den f\u00f6rvandlas denna b\u00e4nk fr\u00e5n ett enkelt,&#8230;<\/p>\n","protected":false},"featured_media":6940,"template":"","meta":[],"product_brand":[],"product_cat":[435,454,450],"product_tag":[],"class_list":{"0":"post-6939","1":"product","2":"type-product","3":"status-publish","4":"has-post-thumbnail","6":"product_cat-tradgard-och-terrass","7":"product_cat-tradgardsbankar","8":"product_cat-tradgardsmobler","10":"first","11":"instock","12":"sale","13":"taxable","14":"shipping-taxable","15":"purchasable","16":"product-type-simple"},"yoast_head":"<!-- This site is optimized with the Yoast SEO plugin v25.4 - https:\/\/yoast.com\/wordpress\/plugins\/seo\/ -->\n<title>TRUUSK Tr\u00e4dg\u00e5rdsb\u00e4nk Med Armst\u00f6d - Vagnhjuldesign - Rustik Tr\u00e4dg\u00e5rdsm\u00f6bel - Massivt Tr\u00e4 - Brun - 114 x 58 x 80 cm - TRUUSK - Hem, Tr\u00e4dg\u00e5rd &amp; Fritid<\/title>\n<meta name=\"robots\" content=\"index, follow, max-snippet:-1, max-image-preview:large, max-video-preview:-1\" \/>\n<link rel=\"canonical\" href=\"https:\/\/truusk.store\/sv\/produkt\/truusk-tradgardsbank-med-armstod-vagnhjuldesign-rustik-tradgardsmobel-massivt-tra-brun-114-x-58-x-80-cm\/\" \/>\n<meta property=\"og:locale\" content=\"sv_SE\" \/>\n<meta property=\"og:type\" content=\"article\" \/>\n<meta property=\"og:title\" content=\"TRUUSK Tr\u00e4dg\u00e5rdsb\u00e4nk Med Armst\u00f6d - Vagnhjuldesign - Rustik Tr\u00e4dg\u00e5rdsm\u00f6bel - Massivt Tr\u00e4 - Brun - 114 x 58 x 80 cm - TRUUSK - Hem, Tr\u00e4dg\u00e5rd &amp; Fritid\" \/>\n<meta property=\"og:description\" content=\"Ge din tr\u00e4dg\u00e5rd en unik rustik stil. Med v\u00e5r tr\u00e4dg\u00e5rdsb\u00e4nk med de chica vagnhjulsarmst\u00f6den f\u00f6rvandlas denna b\u00e4nk fr\u00e5n ett enkelt,...\" \/>\n<meta property=\"og:url\" content=\"https:\/\/truusk.store\/sv\/produkt\/truusk-tradgardsbank-med-armstod-vagnhjuldesign-rustik-tradgardsmobel-massivt-tra-brun-114-x-58-x-80-cm\/\" \/>\n<meta property=\"og:site_name\" content=\"TRUUSK - Hem, Tr\u00e4dg\u00e5rd &amp; Fritid\" \/>\n<meta property=\"article:modified_time\" content=\"2026-03-12T07:55:24+00:00\" \/>\n<meta property=\"og:image\" content=\"https:\/\/i0.wp.com\/truusk.se\/wp-content\/uploads\/2024\/02\/tradgardsbank-med-armstod-bank-med-vagnhjuldesign-tradgardsmobler-rustik-bank-massivt-tra-brun-114-x-58-x-80-cm.webp?fit=800%2C800&ssl=1\" \/>\n\t<meta property=\"og:image:width\" content=\"800\" \/>\n\t<meta property=\"og:image:height\" content=\"800\" \/>\n\t<meta property=\"og:image:type\" content=\"image\/webp\" \/>\n<meta name=\"twitter:card\" content=\"summary_large_image\" \/>\n<meta name=\"twitter:label1\" content=\"Ber\u00e4knad l\u00e4stid\" \/>\n\t<meta name=\"twitter:data1\" content=\"1 minut\" \/>\n<!-- \/ Yoast SEO plugin. -->","yoast_head_json":{"title":"TRUUSK Tr\u00e4dg\u00e5rdsb\u00e4nk Med Armst\u00f6d - Vagnhjuldesign - Rustik Tr\u00e4dg\u00e5rdsm\u00f6bel - Massivt Tr\u00e4 - Brun - 114 x 58 x 80 cm - TRUUSK - Hem, Tr\u00e4dg\u00e5rd &amp; Fritid","robots":{"index":"index","follow":"follow","max-snippet":"max-snippet:-1","max-image-preview":"max-image-preview:large","max-video-preview":"max-video-preview:-1"},"canonical":"https:\/\/truusk.store\/sv\/produkt\/truusk-tradgardsbank-med-armstod-vagnhjuldesign-rustik-tradgardsmobel-massivt-tra-brun-114-x-58-x-80-cm\/","og_locale":"sv_SE","og_type":"article","og_title":"TRUUSK Tr\u00e4dg\u00e5rdsb\u00e4nk Med Armst\u00f6d - Vagnhjuldesign - Rustik Tr\u00e4dg\u00e5rdsm\u00f6bel - Massivt Tr\u00e4 - Brun - 114 x 58 x 80 cm - TRUUSK - Hem, Tr\u00e4dg\u00e5rd &amp; Fritid","og_description":"Ge din tr\u00e4dg\u00e5rd en unik rustik stil. Med v\u00e5r tr\u00e4dg\u00e5rdsb\u00e4nk med de chica vagnhjulsarmst\u00f6den f\u00f6rvandlas denna b\u00e4nk fr\u00e5n ett enkelt,...","og_url":"https:\/\/truusk.store\/sv\/produkt\/truusk-tradgardsbank-med-armstod-vagnhjuldesign-rustik-tradgardsmobel-massivt-tra-brun-114-x-58-x-80-cm\/","og_site_name":"TRUUSK - Hem, Tr\u00e4dg\u00e5rd &amp; Fritid","article_modified_time":"2026-03-12T07:55:24+00:00","og_image":[{"width":800,"height":800,"url":"https:\/\/i0.wp.com\/truusk.se\/wp-content\/uploads\/2024\/02\/tradgardsbank-med-armstod-bank-med-vagnhjuldesign-tradgardsmobler-rustik-bank-massivt-tra-brun-114-x-58-x-80-cm.webp?fit=800%2C800&ssl=1","type":"image\/webp"}],"twitter_card":"summary_large_image","twitter_misc":{"Ber\u00e4knad l\u00e4stid":"1 minut"},"schema":{"@context":"https:\/\/schema.org","@graph":[{"@type":"WebPage","@id":"https:\/\/truusk.store\/sv\/produkt\/truusk-tradgardsbank-med-armstod-vagnhjuldesign-rustik-tradgardsmobel-massivt-tra-brun-114-x-58-x-80-cm\/","url":"https:\/\/truusk.store\/sv\/produkt\/truusk-tradgardsbank-med-armstod-vagnhjuldesign-rustik-tradgardsmobel-massivt-tra-brun-114-x-58-x-80-cm\/","name":"TRUUSK Tr\u00e4dg\u00e5rdsb\u00e4nk Med Armst\u00f6d - Vagnhjuldesign - Rustik Tr\u00e4dg\u00e5rdsm\u00f6bel - Massivt Tr\u00e4 - Brun - 114 x 58 x 80 cm - TRUUSK - Hem, Tr\u00e4dg\u00e5rd &amp; Fritid","isPartOf":{"@id":"https:\/\/truusk.store\/sv\/#website"},"primaryImageOfPage":{"@id":"https:\/\/truusk.store\/sv\/produkt\/truusk-tradgardsbank-med-armstod-vagnhjuldesign-rustik-tradgardsmobel-massivt-tra-brun-114-x-58-x-80-cm\/#primaryimage"},"image":{"@id":"https:\/\/truusk.store\/sv\/produkt\/truusk-tradgardsbank-med-armstod-vagnhjuldesign-rustik-tradgardsmobel-massivt-tra-brun-114-x-58-x-80-cm\/#primaryimage"},"thumbnailUrl":"https:\/\/i0.wp.com\/truusk.store\/wp-content\/uploads\/2024\/02\/tradgardsbank-med-armstod-bank-med-vagnhjuldesign-tradgardsmobler-rustik-bank-massivt-tra-brun-114-x-58-x-80-cm.webp?fit=800%2C800&ssl=1","datePublished":"2024-02-13T07:39:16+00:00","dateModified":"2026-03-12T07:55:24+00:00","breadcrumb":{"@id":"https:\/\/truusk.store\/sv\/produkt\/truusk-tradgardsbank-med-armstod-vagnhjuldesign-rustik-tradgardsmobel-massivt-tra-brun-114-x-58-x-80-cm\/#breadcrumb"},"inLanguage":"sv-SE","potentialAction":[{"@type":"ReadAction","target":["https:\/\/truusk.store\/sv\/produkt\/truusk-tradgardsbank-med-armstod-vagnhjuldesign-rustik-tradgardsmobel-massivt-tra-brun-114-x-58-x-80-cm\/"]}]},{"@type":"ImageObject","inLanguage":"sv-SE","@id":"https:\/\/truusk.store\/sv\/produkt\/truusk-tradgardsbank-med-armstod-vagnhjuldesign-rustik-tradgardsmobel-massivt-tra-brun-114-x-58-x-80-cm\/#primaryimage","url":"https:\/\/i0.wp.com\/truusk.store\/wp-content\/uploads\/2024\/02\/tradgardsbank-med-armstod-bank-med-vagnhjuldesign-tradgardsmobler-rustik-bank-massivt-tra-brun-114-x-58-x-80-cm.webp?fit=800%2C800&ssl=1","contentUrl":"https:\/\/i0.wp.com\/truusk.store\/wp-content\/uploads\/2024\/02\/tradgardsbank-med-armstod-bank-med-vagnhjuldesign-tradgardsmobler-rustik-bank-massivt-tra-brun-114-x-58-x-80-cm.webp?fit=800%2C800&ssl=1","width":800,"height":800,"caption":"Tr\u00e4dg\u00e5rdsb\u00e4nk Med Armst\u00f6d, B\u00e4nk Med Vagnhjuldesign, Tr\u00e4dg\u00e5rdsm\u00f6bler, Rustik B\u00e4nk, Massivt Tr\u00e4, Brun, 114 X 58 X 80 Cm 1"},{"@type":"BreadcrumbList","@id":"https:\/\/truusk.store\/sv\/produkt\/truusk-tradgardsbank-med-armstod-vagnhjuldesign-rustik-tradgardsmobel-massivt-tra-brun-114-x-58-x-80-cm\/#breadcrumb","itemListElement":[{"@type":"ListItem","position":1,"name":"Home","item":"https:\/\/truusk.store\/sv\/"},{"@type":"ListItem","position":2,"name":"Shop","item":"https:\/\/truusk.store\/shop\/"},{"@type":"ListItem","position":3,"name":"TRUUSK Tr\u00e4dg\u00e5rdsb\u00e4nk Med Armst\u00f6d &#8211; Vagnhjuldesign &#8211; Rustik Tr\u00e4dg\u00e5rdsm\u00f6bel &#8211; Massivt Tr\u00e4 &#8211; Brun &#8211; 114 x 58 x 80 cm"}]},{"@type":"WebSite","@id":"https:\/\/truusk.store\/sv\/#website","url":"https:\/\/truusk.store\/sv\/","name":"TRUUSK - Hem, Tr\u00e4dg\u00e5rd & Fritid","description":"","publisher":{"@id":"https:\/\/truusk.store\/sv\/#organization"},"potentialAction":[{"@type":"SearchAction","target":{"@type":"EntryPoint","urlTemplate":"https:\/\/truusk.store\/sv\/?s={search_term_string}"},"query-input":{"@type":"PropertyValueSpecification","valueRequired":true,"valueName":"search_term_string"}}],"inLanguage":"sv-SE"},{"@type":"Organization","@id":"https:\/\/truusk.store\/sv\/#organization","name":"TRUUSK - Hem, Tr\u00e4dg\u00e5rd & Fritid","url":"https:\/\/truusk.store\/sv\/","logo":{"@type":"ImageObject","inLanguage":"sv-SE","@id":"https:\/\/truusk.store\/sv\/#\/schema\/logo\/image\/","url":"https:\/\/i0.wp.com\/truusk.store\/wp-content\/uploads\/2026\/03\/cropped-TRUUSK.png?fit=2032%2C917&ssl=1","contentUrl":"https:\/\/i0.wp.com\/truusk.store\/wp-content\/uploads\/2026\/03\/cropped-TRUUSK.png?fit=2032%2C917&ssl=1","width":2032,"height":917,"caption":"TRUUSK - Hem, Tr\u00e4dg\u00e5rd & Fritid"},"image":{"@id":"https:\/\/truusk.store\/sv\/#\/schema\/logo\/image\/"}}]}},"jetpack_sharing_enabled":true,"_links":{"self":[{"href":"https:\/\/truusk.store\/sv\/wp-json\/wp\/v2\/product\/6939","targetHints":{"allow":["GET"]}}],"collection":[{"href":"https:\/\/truusk.store\/sv\/wp-json\/wp\/v2\/product"}],"about":[{"href":"https:\/\/truusk.store\/sv\/wp-json\/wp\/v2\/types\/product"}],"wp:featuredmedia":[{"embeddable":true,"href":"https:\/\/truusk.store\/sv\/wp-json\/wp\/v2\/media\/6940"}],"wp:attachment":[{"href":"https:\/\/truusk.store\/sv\/wp-json\/wp\/v2\/media?parent=6939"}],"wp:term":[{"taxonomy":"product_brand","embeddable":true,"href":"https:\/\/truusk.store\/sv\/wp-json\/wp\/v2\/product_brand?post=6939"},{"taxonomy":"product_cat","embeddable":true,"href":"https:\/\/truusk.store\/sv\/wp-json\/wp\/v2\/product_cat?post=6939"},{"taxonomy":"product_tag","embeddable":true,"href":"https:\/\/truusk.store\/sv\/wp-json\/wp\/v2\/product_tag?post=6939"}],"curies":[{"name":"wp","href":"https:\/\/api.w.org\/{rel}","templated":true}]}}