{"id":69476,"date":"2025-06-05T17:51:01","date_gmt":"2025-06-05T16:51:01","guid":{"rendered":"https:\/\/truusk.store\/product\/avslappningsstol-tv-stol-med-liggfunktion-tv-stol-med-fickfjaderkarna-vadderad-liggstol-vilstol-upp-till-150-kg-belastning-for-vardagsrum-sovrum-morkgra\/"},"modified":"2026-03-12T08:42:31","modified_gmt":"2026-03-12T07:42:31","slug":"truusk-avslappningsstol-med-liggfunktion-fickfjaderkarna-vadderad-upp-till-150-kg-morkgra","status":"publish","type":"product","link":"https:\/\/truusk.store\/sv\/produkt\/truusk-avslappningsstol-med-liggfunktion-fickfjaderkarna-vadderad-upp-till-150-kg-morkgra\/","title":{"rendered":"TRUUSK Avslappningsstol med Liggfunktion &#8211; Fickfj\u00e4derk\u00e4rna &#8211; Vadderad &#8211; Upp Till 150 kg &#8211; M\u00f6rkgr\u00e5"},"content":{"rendered":"<p>Slappna av i den lyxiga TRUUSK relaxstolen med en 160\u00b0 justerbar ryggst\u00f6d, f\u00f6r optimal avkoppling. Fotst\u00f6det kan du enkelt f\u00e4lla ut och in med h\u00e4len efter en anstr\u00e4ngande dag. Stolens fickfj\u00e4derstoppning med liggl\u00e4ge, kl\u00e4dd med mjukt tyg, ger varje rum modern elegans och garanterar flexibelt st\u00f6d genom den gener\u00f6sa fyllningen och den stilfulla designen.<\/p>\n<p>Beskrivning:<\/p>\n<ul>\n<li> Ryggst\u00f6det p\u00e5 liggstolen kan lutas upp till 160\u00b0 och justeras manuellt med en sp\u00e4nnkontroll. Fotst\u00f6det kan f\u00e4llas ut eller in med tryck fr\u00e5n h\u00e4len eller benen<\/li>\n<li> Stoppning med fickfj\u00e4derk\u00e4rna och S-fj\u00e4der f\u00f6r \u00f6kad komfort<\/li>\n<li> Tjock stoppning av TV-stolen med liggl\u00e4ge f\u00f6r extra mysighet<\/li>\n<li> Tyg med linneutseende f\u00f6r andningsbar mjukhet<\/li>\n<li> Snabb montering p\u00e5 15 minuter, inga verktyg kr\u00e4vs<\/li>\n<li> Stabil metallram av \u00e4ldre stol garanterar l\u00e5ng h\u00e5llbarhet<\/li>\n<\/ul>\n<p> Tekniska data:<\/p>\n<ul>\n<li> F\u00e4rg: M\u00f6rkgr\u00e5<\/li>\n<li> Material: Bomulls-linne-tyg (60% polyuretan, 40% polyester), skum, metall<\/li>\n<li> Totala dimensioner: (Uppr\u00e4tt) 80B x 94D x 101H cm<\/li>\n<li> Totala dimensioner: (Tillbakalutad) 80B x 167D x 74H cm<\/li>\n<li> Sitsstorlek: 48B x 55D cm<\/li>\n<li> Sitth\u00f6jd: 57 cm<\/li>\n<li> Ryggst\u00f6d: 67B x 63H cm<\/li>\n<li> Stoppningstjocklek: 12 cm (sits), 24 cm (rygg)<\/li>\n<li> B\u00e4rkapacitet: 150 kg<\/li>\n<li> L\u00e4mplig f\u00f6r kroppsl\u00e4ngd: \u2264 185 cm<\/li>\n<\/ul>\n<p>Leveransinneh\u00e5ll:<\/p>\n<ul>\n<li> 1 x Relaxstol<\/li>\n<li> 1 x Handbok<\/li>\n<\/ul>\n","protected":false},"excerpt":{"rendered":"<p>Slappna av i den lyxiga TRUUSK relaxstolen med en 160\u00b0 justerbar ryggst\u00f6d, f\u00f6r optimal avkoppling. Fotst\u00f6det kan du enkelt f\u00e4lla&#8230;<\/p>\n","protected":false},"featured_media":69467,"template":"","meta":[],"product_brand":[],"product_cat":[521,946,871,910],"product_tag":[],"class_list":{"0":"post-69476","1":"product","2":"type-product","3":"status-publish","4":"has-post-thumbnail","6":"product_cat-fatolj","7":"product_cat-fernsehsessel","8":"product_cat-hus-hem","9":"product_cat-vardagsrum","11":"first","12":"instock","13":"sale","14":"taxable","15":"shipping-taxable","16":"purchasable","17":"product-type-simple"},"yoast_head":"<!-- This site is optimized with the Yoast SEO plugin v25.4 - https:\/\/yoast.com\/wordpress\/plugins\/seo\/ -->\n<title>TRUUSK Avslappningsstol med Liggfunktion - Fickfj\u00e4derk\u00e4rna - Vadderad - Upp Till 150 kg - M\u00f6rkgr\u00e5 - TRUUSK - Hem, Tr\u00e4dg\u00e5rd &amp; Fritid<\/title>\n<meta name=\"robots\" content=\"index, follow, max-snippet:-1, max-image-preview:large, max-video-preview:-1\" \/>\n<link rel=\"canonical\" href=\"https:\/\/truusk.store\/sv\/produkt\/truusk-avslappningsstol-med-liggfunktion-fickfjaderkarna-vadderad-upp-till-150-kg-morkgra\/\" \/>\n<meta property=\"og:locale\" content=\"sv_SE\" \/>\n<meta property=\"og:type\" content=\"article\" \/>\n<meta property=\"og:title\" content=\"TRUUSK Avslappningsstol med Liggfunktion - Fickfj\u00e4derk\u00e4rna - Vadderad - Upp Till 150 kg - M\u00f6rkgr\u00e5 - TRUUSK - Hem, Tr\u00e4dg\u00e5rd &amp; Fritid\" \/>\n<meta property=\"og:description\" content=\"Slappna av i den lyxiga TRUUSK relaxstolen med en 160\u00b0 justerbar ryggst\u00f6d, f\u00f6r optimal avkoppling. Fotst\u00f6det kan du enkelt f\u00e4lla...\" \/>\n<meta property=\"og:url\" content=\"https:\/\/truusk.store\/sv\/produkt\/truusk-avslappningsstol-med-liggfunktion-fickfjaderkarna-vadderad-upp-till-150-kg-morkgra\/\" \/>\n<meta property=\"og:site_name\" content=\"TRUUSK - Hem, Tr\u00e4dg\u00e5rd &amp; Fritid\" \/>\n<meta property=\"article:modified_time\" content=\"2026-03-12T07:42:31+00:00\" \/>\n<meta property=\"og:image\" content=\"https:\/\/i0.wp.com\/truusk.se\/wp-content\/uploads\/2025\/06\/avslappningsstol-tv-stol-med-liggfunktion-tv-stol-med-fickfjaderkarna-vadderad-liggstol-vilstol-upp-till-150-kg-belastning-for-vardagsrum-sovrum-morkgra-1.webp?fit=2000%2C2000&ssl=1\" \/>\n\t<meta property=\"og:image:width\" content=\"2000\" \/>\n\t<meta property=\"og:image:height\" content=\"2000\" \/>\n\t<meta property=\"og:image:type\" content=\"image\/webp\" \/>\n<meta name=\"twitter:card\" content=\"summary_large_image\" \/>\n<meta name=\"twitter:label1\" content=\"Ber\u00e4knad l\u00e4stid\" \/>\n\t<meta name=\"twitter:data1\" content=\"1 minut\" \/>\n<!-- \/ Yoast SEO plugin. -->","yoast_head_json":{"title":"TRUUSK Avslappningsstol med Liggfunktion - Fickfj\u00e4derk\u00e4rna - Vadderad - Upp Till 150 kg - M\u00f6rkgr\u00e5 - TRUUSK - Hem, Tr\u00e4dg\u00e5rd &amp; Fritid","robots":{"index":"index","follow":"follow","max-snippet":"max-snippet:-1","max-image-preview":"max-image-preview:large","max-video-preview":"max-video-preview:-1"},"canonical":"https:\/\/truusk.store\/sv\/produkt\/truusk-avslappningsstol-med-liggfunktion-fickfjaderkarna-vadderad-upp-till-150-kg-morkgra\/","og_locale":"sv_SE","og_type":"article","og_title":"TRUUSK Avslappningsstol med Liggfunktion - Fickfj\u00e4derk\u00e4rna - Vadderad - Upp Till 150 kg - M\u00f6rkgr\u00e5 - TRUUSK - Hem, Tr\u00e4dg\u00e5rd &amp; Fritid","og_description":"Slappna av i den lyxiga TRUUSK relaxstolen med en 160\u00b0 justerbar ryggst\u00f6d, f\u00f6r optimal avkoppling. Fotst\u00f6det kan du enkelt f\u00e4lla...","og_url":"https:\/\/truusk.store\/sv\/produkt\/truusk-avslappningsstol-med-liggfunktion-fickfjaderkarna-vadderad-upp-till-150-kg-morkgra\/","og_site_name":"TRUUSK - Hem, Tr\u00e4dg\u00e5rd &amp; Fritid","article_modified_time":"2026-03-12T07:42:31+00:00","og_image":[{"width":2000,"height":2000,"url":"https:\/\/i0.wp.com\/truusk.se\/wp-content\/uploads\/2025\/06\/avslappningsstol-tv-stol-med-liggfunktion-tv-stol-med-fickfjaderkarna-vadderad-liggstol-vilstol-upp-till-150-kg-belastning-for-vardagsrum-sovrum-morkgra-1.webp?fit=2000%2C2000&ssl=1","type":"image\/webp"}],"twitter_card":"summary_large_image","twitter_misc":{"Ber\u00e4knad l\u00e4stid":"1 minut"},"schema":{"@context":"https:\/\/schema.org","@graph":[{"@type":"WebPage","@id":"https:\/\/truusk.store\/sv\/produkt\/truusk-avslappningsstol-med-liggfunktion-fickfjaderkarna-vadderad-upp-till-150-kg-morkgra\/","url":"https:\/\/truusk.store\/sv\/produkt\/truusk-avslappningsstol-med-liggfunktion-fickfjaderkarna-vadderad-upp-till-150-kg-morkgra\/","name":"TRUUSK Avslappningsstol med Liggfunktion - Fickfj\u00e4derk\u00e4rna - Vadderad - Upp Till 150 kg - M\u00f6rkgr\u00e5 - TRUUSK - Hem, Tr\u00e4dg\u00e5rd &amp; Fritid","isPartOf":{"@id":"https:\/\/truusk.store\/sv\/#website"},"primaryImageOfPage":{"@id":"https:\/\/truusk.store\/sv\/produkt\/truusk-avslappningsstol-med-liggfunktion-fickfjaderkarna-vadderad-upp-till-150-kg-morkgra\/#primaryimage"},"image":{"@id":"https:\/\/truusk.store\/sv\/produkt\/truusk-avslappningsstol-med-liggfunktion-fickfjaderkarna-vadderad-upp-till-150-kg-morkgra\/#primaryimage"},"thumbnailUrl":"https:\/\/i0.wp.com\/truusk.store\/wp-content\/uploads\/2025\/06\/avslappningsstol-tv-stol-med-liggfunktion-tv-stol-med-fickfjaderkarna-vadderad-liggstol-vilstol-upp-till-150-kg-belastning-for-vardagsrum-sovrum-morkgra-1.webp?fit=2000%2C2000&ssl=1","datePublished":"2025-06-05T16:51:01+00:00","dateModified":"2026-03-12T07:42:31+00:00","breadcrumb":{"@id":"https:\/\/truusk.store\/sv\/produkt\/truusk-avslappningsstol-med-liggfunktion-fickfjaderkarna-vadderad-upp-till-150-kg-morkgra\/#breadcrumb"},"inLanguage":"sv-SE","potentialAction":[{"@type":"ReadAction","target":["https:\/\/truusk.store\/sv\/produkt\/truusk-avslappningsstol-med-liggfunktion-fickfjaderkarna-vadderad-upp-till-150-kg-morkgra\/"]}]},{"@type":"ImageObject","inLanguage":"sv-SE","@id":"https:\/\/truusk.store\/sv\/produkt\/truusk-avslappningsstol-med-liggfunktion-fickfjaderkarna-vadderad-upp-till-150-kg-morkgra\/#primaryimage","url":"https:\/\/i0.wp.com\/truusk.store\/wp-content\/uploads\/2025\/06\/avslappningsstol-tv-stol-med-liggfunktion-tv-stol-med-fickfjaderkarna-vadderad-liggstol-vilstol-upp-till-150-kg-belastning-for-vardagsrum-sovrum-morkgra-1.webp?fit=2000%2C2000&ssl=1","contentUrl":"https:\/\/i0.wp.com\/truusk.store\/wp-content\/uploads\/2025\/06\/avslappningsstol-tv-stol-med-liggfunktion-tv-stol-med-fickfjaderkarna-vadderad-liggstol-vilstol-upp-till-150-kg-belastning-for-vardagsrum-sovrum-morkgra-1.webp?fit=2000%2C2000&ssl=1","width":2000,"height":2000},{"@type":"BreadcrumbList","@id":"https:\/\/truusk.store\/sv\/produkt\/truusk-avslappningsstol-med-liggfunktion-fickfjaderkarna-vadderad-upp-till-150-kg-morkgra\/#breadcrumb","itemListElement":[{"@type":"ListItem","position":1,"name":"Home","item":"https:\/\/truusk.store\/sv\/"},{"@type":"ListItem","position":2,"name":"Shop","item":"https:\/\/truusk.store\/shop\/"},{"@type":"ListItem","position":3,"name":"TRUUSK Avslappningsstol med Liggfunktion &#8211; Fickfj\u00e4derk\u00e4rna &#8211; Vadderad &#8211; Upp Till 150 kg &#8211; M\u00f6rkgr\u00e5"}]},{"@type":"WebSite","@id":"https:\/\/truusk.store\/sv\/#website","url":"https:\/\/truusk.store\/sv\/","name":"TRUUSK - Hem, Tr\u00e4dg\u00e5rd & Fritid","description":"","publisher":{"@id":"https:\/\/truusk.store\/sv\/#organization"},"potentialAction":[{"@type":"SearchAction","target":{"@type":"EntryPoint","urlTemplate":"https:\/\/truusk.store\/sv\/?s={search_term_string}"},"query-input":{"@type":"PropertyValueSpecification","valueRequired":true,"valueName":"search_term_string"}}],"inLanguage":"sv-SE"},{"@type":"Organization","@id":"https:\/\/truusk.store\/sv\/#organization","name":"TRUUSK - Hem, Tr\u00e4dg\u00e5rd & Fritid","url":"https:\/\/truusk.store\/sv\/","logo":{"@type":"ImageObject","inLanguage":"sv-SE","@id":"https:\/\/truusk.store\/sv\/#\/schema\/logo\/image\/","url":"https:\/\/i0.wp.com\/truusk.store\/wp-content\/uploads\/2026\/03\/cropped-TRUUSK.png?fit=2032%2C917&ssl=1","contentUrl":"https:\/\/i0.wp.com\/truusk.store\/wp-content\/uploads\/2026\/03\/cropped-TRUUSK.png?fit=2032%2C917&ssl=1","width":2032,"height":917,"caption":"TRUUSK - Hem, Tr\u00e4dg\u00e5rd & Fritid"},"image":{"@id":"https:\/\/truusk.store\/sv\/#\/schema\/logo\/image\/"}}]}},"jetpack_sharing_enabled":true,"_links":{"self":[{"href":"https:\/\/truusk.store\/sv\/wp-json\/wp\/v2\/product\/69476","targetHints":{"allow":["GET"]}}],"collection":[{"href":"https:\/\/truusk.store\/sv\/wp-json\/wp\/v2\/product"}],"about":[{"href":"https:\/\/truusk.store\/sv\/wp-json\/wp\/v2\/types\/product"}],"wp:featuredmedia":[{"embeddable":true,"href":"https:\/\/truusk.store\/sv\/wp-json\/wp\/v2\/media\/69467"}],"wp:attachment":[{"href":"https:\/\/truusk.store\/sv\/wp-json\/wp\/v2\/media?parent=69476"}],"wp:term":[{"taxonomy":"product_brand","embeddable":true,"href":"https:\/\/truusk.store\/sv\/wp-json\/wp\/v2\/product_brand?post=69476"},{"taxonomy":"product_cat","embeddable":true,"href":"https:\/\/truusk.store\/sv\/wp-json\/wp\/v2\/product_cat?post=69476"},{"taxonomy":"product_tag","embeddable":true,"href":"https:\/\/truusk.store\/sv\/wp-json\/wp\/v2\/product_tag?post=69476"}],"curies":[{"name":"wp","href":"https:\/\/api.w.org\/{rel}","templated":true}]}}