{"id":69498,"date":"2025-06-05T17:53:05","date_gmt":"2025-06-05T16:53:05","guid":{"rendered":"https:\/\/truusk.store\/product\/hogbadd-med-akrylplattor-upphojd-ortbadd-med-avloppshal-planteringslada-i-tra-vaderbestandig-gronsaksbadd-tradgardsbadd-planteringsbadd-for-tradgard-balkong-110-x-50-x-80-cm-naturligt-tra\/"},"modified":"2026-03-12T09:45:33","modified_gmt":"2026-03-12T08:45:33","slug":"truusk-hogbadd-i-naturligt-tra-med-akrylplattor-upphojd-ortbadd-vaderbestandig-for-tradgard-och-balkong-110-x-50-x-80-cm","status":"publish","type":"product","link":"https:\/\/truusk.store\/sv\/produkt\/truusk-hogbadd-i-naturligt-tra-med-akrylplattor-upphojd-ortbadd-vaderbestandig-for-tradgard-och-balkong-110-x-50-x-80-cm\/","title":{"rendered":"TRUUSK H\u00f6gb\u00e4dd i Naturligt Tr\u00e4 &#8211; Med Akrylplattor &#8211; Upph\u00f6jd \u00f6rtb\u00e4dd &#8211; V\u00e4derbest\u00e4ndig &#8211; F\u00f6r Tr\u00e4dg\u00e5rd och Balkong &#8211; 110 x 50 x 80 cm"},"content":{"rendered":"<p>Optimera din tr\u00e4dg\u00e5rdsarbete med TRUUSK h\u00f6gkvarter f\u00f6r balkong! Denna bloml\u00e5da g\u00f6r det m\u00f6jligt att framg\u00e5ngsrikt odla \u00e4ven p\u00e5 minsta utrymme. Genomskinliga akrylplattor l\u00e5ter dig se dina v\u00e4xter v\u00e4xa utan att p\u00e5verka r\u00f6tterna. Integrerade vattenavloppsh\u00e5l och en non-woven liner av h\u00f6gkvarteret s\u00e4kerst\u00e4ller optimal dr\u00e4nering, medan det stabila tr\u00e4designet ger rustik charm till din tr\u00e4dg\u00e5rd.<\/p>\n<p>Beskrivning:<\/p>\n<ul>\n<li> Detta h\u00f6gkvarter f\u00f6r tr\u00e4dg\u00e5rd ger plats f\u00f6r cirka 118 liter jord f\u00f6r tillr\u00e4ckligt planteringsutrymme<\/li>\n<li> Akrylplattor p\u00e5 tv\u00e5 sidor f\u00f6r enkel tillv\u00e4xtkontroll<\/li>\n<li> Tv\u00e5 vattenavloppsh\u00e5l och en non-woven liner av bloml\u00e5dan f\u00f6rhindrar \u00f6vervattning<\/li>\n<li> Konstruktion av grantr\u00e4 garanterar h\u00e5llbarhet och robusthet<\/li>\n<li> M\u00e5lad yta av bloml\u00e5dan ger extra skydd mot v\u00e4derp\u00e5verkan<\/li>\n<li> Montering kr\u00e4vs<\/li>\n<\/ul>\n<p> Tekniska data:<\/p>\n<ul>\n<li> F\u00e4rg: Naturtr\u00e4<\/li>\n<li> Material: Grantr\u00e4<\/li>\n<li> Totala dimensioner: 110L x 50B x 80H cm<\/li>\n<li> Planteringsomr\u00e5de Storlek: 103,5L x 44B x 26H cm<\/li>\n<li> H\u00f6jd botten till mark: 50 cm<\/li>\n<li> Belastningskapacitet: 50 kg<\/li>\n<\/ul>\n<p>Inneh\u00e5ll:<\/p>\n<ul>\n<li> 1 x H\u00f6gkvarter<\/li>\n<li> 1 x Bruksanvisning<\/li>\n<\/ul>\n","protected":false},"excerpt":{"rendered":"<p>Optimera din tr\u00e4dg\u00e5rdsarbete med TRUUSK h\u00f6gkvarter f\u00f6r balkong! Denna bloml\u00e5da g\u00f6r det m\u00f6jligt att framg\u00e5ngsrikt odla \u00e4ven p\u00e5 minsta utrymme&#8230;.<\/p>\n","protected":false},"featured_media":69487,"template":"","meta":[],"product_brand":[],"product_cat":[924,858,443],"product_tag":[],"class_list":{"0":"post-69498","1":"product","2":"type-product","3":"status-publish","4":"has-post-thumbnail","6":"product_cat-plantkarl","7":"product_cat-tradgard-terrass","8":"product_cat-vaxthus-tradgardsskotsel","10":"first","11":"instock","12":"sale","13":"taxable","14":"shipping-taxable","15":"purchasable","16":"product-type-simple"},"yoast_head":"<!-- This site is optimized with the Yoast SEO plugin v25.4 - https:\/\/yoast.com\/wordpress\/plugins\/seo\/ -->\n<title>TRUUSK H\u00f6gb\u00e4dd i Naturligt Tr\u00e4 - Med Akrylplattor - Upph\u00f6jd \u00f6rtb\u00e4dd - V\u00e4derbest\u00e4ndig - F\u00f6r Tr\u00e4dg\u00e5rd och Balkong - 110 x 50 x 80 cm - TRUUSK - Hem, Tr\u00e4dg\u00e5rd &amp; Fritid<\/title>\n<meta name=\"robots\" content=\"index, follow, max-snippet:-1, max-image-preview:large, max-video-preview:-1\" \/>\n<link rel=\"canonical\" href=\"https:\/\/truusk.store\/sv\/produkt\/truusk-hogbadd-i-naturligt-tra-med-akrylplattor-upphojd-ortbadd-vaderbestandig-for-tradgard-och-balkong-110-x-50-x-80-cm\/\" \/>\n<meta property=\"og:locale\" content=\"sv_SE\" \/>\n<meta property=\"og:type\" content=\"article\" \/>\n<meta property=\"og:title\" content=\"TRUUSK H\u00f6gb\u00e4dd i Naturligt Tr\u00e4 - Med Akrylplattor - Upph\u00f6jd \u00f6rtb\u00e4dd - V\u00e4derbest\u00e4ndig - F\u00f6r Tr\u00e4dg\u00e5rd och Balkong - 110 x 50 x 80 cm - TRUUSK - Hem, Tr\u00e4dg\u00e5rd &amp; Fritid\" \/>\n<meta property=\"og:description\" content=\"Optimera din tr\u00e4dg\u00e5rdsarbete med TRUUSK h\u00f6gkvarter f\u00f6r balkong! Denna bloml\u00e5da g\u00f6r det m\u00f6jligt att framg\u00e5ngsrikt odla \u00e4ven p\u00e5 minsta utrymme....\" \/>\n<meta property=\"og:url\" content=\"https:\/\/truusk.store\/sv\/produkt\/truusk-hogbadd-i-naturligt-tra-med-akrylplattor-upphojd-ortbadd-vaderbestandig-for-tradgard-och-balkong-110-x-50-x-80-cm\/\" \/>\n<meta property=\"og:site_name\" content=\"TRUUSK - Hem, Tr\u00e4dg\u00e5rd &amp; Fritid\" \/>\n<meta property=\"article:modified_time\" content=\"2026-03-12T08:45:33+00:00\" \/>\n<meta property=\"og:image\" content=\"https:\/\/i0.wp.com\/truusk.se\/wp-content\/uploads\/2025\/06\/hogbadd-med-akrylplattor-upphojd-ortbadd-med-avloppshal-planteringslada-i-tra-vaderbestandig-gronsaksbadd-tradgardsbadd-planteringsbadd-for-tradgard-balkong-110-x-50-x-80-cm-naturligt-tra-1.webp?fit=2000%2C2000&ssl=1\" \/>\n\t<meta property=\"og:image:width\" content=\"2000\" \/>\n\t<meta property=\"og:image:height\" content=\"2000\" \/>\n\t<meta property=\"og:image:type\" content=\"image\/webp\" \/>\n<meta name=\"twitter:card\" content=\"summary_large_image\" \/>\n<meta name=\"twitter:label1\" content=\"Ber\u00e4knad l\u00e4stid\" \/>\n\t<meta name=\"twitter:data1\" content=\"1 minut\" \/>\n<!-- \/ Yoast SEO plugin. -->","yoast_head_json":{"title":"TRUUSK H\u00f6gb\u00e4dd i Naturligt Tr\u00e4 - Med Akrylplattor - Upph\u00f6jd \u00f6rtb\u00e4dd - V\u00e4derbest\u00e4ndig - F\u00f6r Tr\u00e4dg\u00e5rd och Balkong - 110 x 50 x 80 cm - TRUUSK - Hem, Tr\u00e4dg\u00e5rd &amp; Fritid","robots":{"index":"index","follow":"follow","max-snippet":"max-snippet:-1","max-image-preview":"max-image-preview:large","max-video-preview":"max-video-preview:-1"},"canonical":"https:\/\/truusk.store\/sv\/produkt\/truusk-hogbadd-i-naturligt-tra-med-akrylplattor-upphojd-ortbadd-vaderbestandig-for-tradgard-och-balkong-110-x-50-x-80-cm\/","og_locale":"sv_SE","og_type":"article","og_title":"TRUUSK H\u00f6gb\u00e4dd i Naturligt Tr\u00e4 - Med Akrylplattor - Upph\u00f6jd \u00f6rtb\u00e4dd - V\u00e4derbest\u00e4ndig - F\u00f6r Tr\u00e4dg\u00e5rd och Balkong - 110 x 50 x 80 cm - TRUUSK - Hem, Tr\u00e4dg\u00e5rd &amp; Fritid","og_description":"Optimera din tr\u00e4dg\u00e5rdsarbete med TRUUSK h\u00f6gkvarter f\u00f6r balkong! Denna bloml\u00e5da g\u00f6r det m\u00f6jligt att framg\u00e5ngsrikt odla \u00e4ven p\u00e5 minsta utrymme....","og_url":"https:\/\/truusk.store\/sv\/produkt\/truusk-hogbadd-i-naturligt-tra-med-akrylplattor-upphojd-ortbadd-vaderbestandig-for-tradgard-och-balkong-110-x-50-x-80-cm\/","og_site_name":"TRUUSK - Hem, Tr\u00e4dg\u00e5rd &amp; Fritid","article_modified_time":"2026-03-12T08:45:33+00:00","og_image":[{"width":2000,"height":2000,"url":"https:\/\/i0.wp.com\/truusk.se\/wp-content\/uploads\/2025\/06\/hogbadd-med-akrylplattor-upphojd-ortbadd-med-avloppshal-planteringslada-i-tra-vaderbestandig-gronsaksbadd-tradgardsbadd-planteringsbadd-for-tradgard-balkong-110-x-50-x-80-cm-naturligt-tra-1.webp?fit=2000%2C2000&ssl=1","type":"image\/webp"}],"twitter_card":"summary_large_image","twitter_misc":{"Ber\u00e4knad l\u00e4stid":"1 minut"},"schema":{"@context":"https:\/\/schema.org","@graph":[{"@type":"WebPage","@id":"https:\/\/truusk.store\/sv\/produkt\/truusk-hogbadd-i-naturligt-tra-med-akrylplattor-upphojd-ortbadd-vaderbestandig-for-tradgard-och-balkong-110-x-50-x-80-cm\/","url":"https:\/\/truusk.store\/sv\/produkt\/truusk-hogbadd-i-naturligt-tra-med-akrylplattor-upphojd-ortbadd-vaderbestandig-for-tradgard-och-balkong-110-x-50-x-80-cm\/","name":"TRUUSK H\u00f6gb\u00e4dd i Naturligt Tr\u00e4 - Med Akrylplattor - Upph\u00f6jd \u00f6rtb\u00e4dd - V\u00e4derbest\u00e4ndig - F\u00f6r Tr\u00e4dg\u00e5rd och Balkong - 110 x 50 x 80 cm - TRUUSK - Hem, Tr\u00e4dg\u00e5rd &amp; Fritid","isPartOf":{"@id":"https:\/\/truusk.store\/sv\/#website"},"primaryImageOfPage":{"@id":"https:\/\/truusk.store\/sv\/produkt\/truusk-hogbadd-i-naturligt-tra-med-akrylplattor-upphojd-ortbadd-vaderbestandig-for-tradgard-och-balkong-110-x-50-x-80-cm\/#primaryimage"},"image":{"@id":"https:\/\/truusk.store\/sv\/produkt\/truusk-hogbadd-i-naturligt-tra-med-akrylplattor-upphojd-ortbadd-vaderbestandig-for-tradgard-och-balkong-110-x-50-x-80-cm\/#primaryimage"},"thumbnailUrl":"https:\/\/i0.wp.com\/truusk.store\/wp-content\/uploads\/2025\/06\/hogbadd-med-akrylplattor-upphojd-ortbadd-med-avloppshal-planteringslada-i-tra-vaderbestandig-gronsaksbadd-tradgardsbadd-planteringsbadd-for-tradgard-balkong-110-x-50-x-80-cm-naturligt-tra-1.webp?fit=2000%2C2000&ssl=1","datePublished":"2025-06-05T16:53:05+00:00","dateModified":"2026-03-12T08:45:33+00:00","breadcrumb":{"@id":"https:\/\/truusk.store\/sv\/produkt\/truusk-hogbadd-i-naturligt-tra-med-akrylplattor-upphojd-ortbadd-vaderbestandig-for-tradgard-och-balkong-110-x-50-x-80-cm\/#breadcrumb"},"inLanguage":"sv-SE","potentialAction":[{"@type":"ReadAction","target":["https:\/\/truusk.store\/sv\/produkt\/truusk-hogbadd-i-naturligt-tra-med-akrylplattor-upphojd-ortbadd-vaderbestandig-for-tradgard-och-balkong-110-x-50-x-80-cm\/"]}]},{"@type":"ImageObject","inLanguage":"sv-SE","@id":"https:\/\/truusk.store\/sv\/produkt\/truusk-hogbadd-i-naturligt-tra-med-akrylplattor-upphojd-ortbadd-vaderbestandig-for-tradgard-och-balkong-110-x-50-x-80-cm\/#primaryimage","url":"https:\/\/i0.wp.com\/truusk.store\/wp-content\/uploads\/2025\/06\/hogbadd-med-akrylplattor-upphojd-ortbadd-med-avloppshal-planteringslada-i-tra-vaderbestandig-gronsaksbadd-tradgardsbadd-planteringsbadd-for-tradgard-balkong-110-x-50-x-80-cm-naturligt-tra-1.webp?fit=2000%2C2000&ssl=1","contentUrl":"https:\/\/i0.wp.com\/truusk.store\/wp-content\/uploads\/2025\/06\/hogbadd-med-akrylplattor-upphojd-ortbadd-med-avloppshal-planteringslada-i-tra-vaderbestandig-gronsaksbadd-tradgardsbadd-planteringsbadd-for-tradgard-balkong-110-x-50-x-80-cm-naturligt-tra-1.webp?fit=2000%2C2000&ssl=1","width":2000,"height":2000},{"@type":"BreadcrumbList","@id":"https:\/\/truusk.store\/sv\/produkt\/truusk-hogbadd-i-naturligt-tra-med-akrylplattor-upphojd-ortbadd-vaderbestandig-for-tradgard-och-balkong-110-x-50-x-80-cm\/#breadcrumb","itemListElement":[{"@type":"ListItem","position":1,"name":"Home","item":"https:\/\/truusk.store\/sv\/"},{"@type":"ListItem","position":2,"name":"Shop","item":"https:\/\/truusk.store\/shop\/"},{"@type":"ListItem","position":3,"name":"TRUUSK H\u00f6gb\u00e4dd i Naturligt Tr\u00e4 &#8211; Med Akrylplattor &#8211; Upph\u00f6jd \u00f6rtb\u00e4dd &#8211; V\u00e4derbest\u00e4ndig &#8211; F\u00f6r Tr\u00e4dg\u00e5rd och Balkong &#8211; 110 x 50 x 80 cm"}]},{"@type":"WebSite","@id":"https:\/\/truusk.store\/sv\/#website","url":"https:\/\/truusk.store\/sv\/","name":"TRUUSK - Hem, Tr\u00e4dg\u00e5rd & Fritid","description":"","publisher":{"@id":"https:\/\/truusk.store\/sv\/#organization"},"potentialAction":[{"@type":"SearchAction","target":{"@type":"EntryPoint","urlTemplate":"https:\/\/truusk.store\/sv\/?s={search_term_string}"},"query-input":{"@type":"PropertyValueSpecification","valueRequired":true,"valueName":"search_term_string"}}],"inLanguage":"sv-SE"},{"@type":"Organization","@id":"https:\/\/truusk.store\/sv\/#organization","name":"TRUUSK - Hem, Tr\u00e4dg\u00e5rd & Fritid","url":"https:\/\/truusk.store\/sv\/","logo":{"@type":"ImageObject","inLanguage":"sv-SE","@id":"https:\/\/truusk.store\/sv\/#\/schema\/logo\/image\/","url":"https:\/\/i0.wp.com\/truusk.store\/wp-content\/uploads\/2026\/03\/cropped-TRUUSK.png?fit=2032%2C917&ssl=1","contentUrl":"https:\/\/i0.wp.com\/truusk.store\/wp-content\/uploads\/2026\/03\/cropped-TRUUSK.png?fit=2032%2C917&ssl=1","width":2032,"height":917,"caption":"TRUUSK - Hem, Tr\u00e4dg\u00e5rd & Fritid"},"image":{"@id":"https:\/\/truusk.store\/sv\/#\/schema\/logo\/image\/"}}]}},"jetpack_sharing_enabled":true,"_links":{"self":[{"href":"https:\/\/truusk.store\/sv\/wp-json\/wp\/v2\/product\/69498","targetHints":{"allow":["GET"]}}],"collection":[{"href":"https:\/\/truusk.store\/sv\/wp-json\/wp\/v2\/product"}],"about":[{"href":"https:\/\/truusk.store\/sv\/wp-json\/wp\/v2\/types\/product"}],"wp:featuredmedia":[{"embeddable":true,"href":"https:\/\/truusk.store\/sv\/wp-json\/wp\/v2\/media\/69487"}],"wp:attachment":[{"href":"https:\/\/truusk.store\/sv\/wp-json\/wp\/v2\/media?parent=69498"}],"wp:term":[{"taxonomy":"product_brand","embeddable":true,"href":"https:\/\/truusk.store\/sv\/wp-json\/wp\/v2\/product_brand?post=69498"},{"taxonomy":"product_cat","embeddable":true,"href":"https:\/\/truusk.store\/sv\/wp-json\/wp\/v2\/product_cat?post=69498"},{"taxonomy":"product_tag","embeddable":true,"href":"https:\/\/truusk.store\/sv\/wp-json\/wp\/v2\/product_tag?post=69498"}],"curies":[{"name":"wp","href":"https:\/\/api.w.org\/{rel}","templated":true}]}}