{"id":69506,"date":"2025-06-05T17:53:44","date_gmt":"2025-06-05T16:53:44","guid":{"rendered":"https:\/\/truusk.store\/product\/2-pack-konstgjord-buxbom-stor-70-cm-konstvaxt-med-uv-skydd-konstgjorda-vaxter-som-ser-akta-ut-med-markspett-for-vardagsrum-sovrum-kontor-tradgard-modern-dekoration\/"},"modified":"2026-03-12T09:42:21","modified_gmt":"2026-03-12T08:42:21","slug":"truusk-2-pack-konstgjord-buxbom-stor-70-cm-uv-skydd-akta-utseende-markspett-modern-dekoration","status":"publish","type":"product","link":"https:\/\/truusk.store\/sv\/produkt\/truusk-2-pack-konstgjord-buxbom-stor-70-cm-uv-skydd-akta-utseende-markspett-modern-dekoration\/","title":{"rendered":"TRUUSK 2-pack Konstgjord Buxbom Stor 70 Cm &#8211; UV-skydd &#8211; \u00c4kta Utseende &#8211; Markspett &#8211; Modern Dekoration"},"content":{"rendered":"<p>Ge ditt hem en touch av elegans och fr\u00e4schhet med TRUUSK konstv\u00e4xter &#8211; helt utan underh\u00e5ll! Detta set med tv\u00e5 runda buxbom imponerar med sin bedr\u00e4gligt realistiska utseende och beh\u00e5ller tack vare UV-skydd alltid sin intensiva f\u00e4rg. Oavsett om det \u00e4r inomhus eller utomhus, ger de v\u00e4derbest\u00e4ndiga markspjuten stabilitet och h\u00e5llbarhet. Omforma dina rum och skapa en inbjudande atmosf\u00e4r som utstr\u00e5lar personlighet och naturlighet.<\/p>\n<p>Beskrivning:<\/p>\n<ul>\n<li> Tv\u00e5 realistiska runda buxbom berikar din inomhus- och utomhusdekoration<\/li>\n<li> Setet inneh\u00e5ller v\u00e4derbest\u00e4ndiga markspjut f\u00f6r m\u00e5ngsidiga placeringsm\u00f6jligheter<\/li>\n<li> UV-skydd bevarar bladens f\u00e4rg fr\u00e5n att blekna<\/li>\n<li> L\u00e4tt att underh\u00e5lla, eftersom varken bevattning eller besk\u00e4rning kr\u00e4vs<\/li>\n<li> En idealisk g\u00e5va f\u00f6r tillf\u00e4llen som f\u00f6delsedagar, jubileer etc.<\/li>\n<li> Omedelbart redo att anv\u00e4ndas, eftersom ingen montering kr\u00e4vs<\/li>\n<\/ul>\n<p> Tekniska data:<\/p>\n<ul>\n<li> F\u00e4rg: Gr\u00f6n<\/li>\n<li> Material: PE<\/li>\n<li> Totala dimensioner: \u00d840 x 70H cm<\/li>\n<li> Antal blad: 440<\/li>\n<li> H\u00f6jd p\u00e5 markspjut: 26H cm<\/li>\n<\/ul>\n<p>Leveransinneh\u00e5ll:<\/p>\n<ul>\n<li> 2 x Konstgjorda v\u00e4xter<\/li>\n<li> 1 x Instruktioner<\/li>\n<\/ul>\n","protected":false},"excerpt":{"rendered":"<p>Ge ditt hem en touch av elegans och fr\u00e4schhet med TRUUSK konstv\u00e4xter &#8211; helt utan underh\u00e5ll! Detta set med tv\u00e5&#8230;<\/p>\n","protected":false},"featured_media":69495,"template":"","meta":[],"product_brand":[],"product_cat":[962,871,681],"product_tag":[],"class_list":{"0":"post-69506","1":"product","2":"type-product","3":"status-publish","4":"has-post-thumbnail","6":"product_cat-dekoration","7":"product_cat-hus-hem","8":"product_cat-konstgjorda-vaxter","10":"first","11":"instock","12":"sale","13":"taxable","14":"shipping-taxable","15":"purchasable","16":"product-type-simple"},"yoast_head":"<!-- This site is optimized with the Yoast SEO plugin v25.4 - https:\/\/yoast.com\/wordpress\/plugins\/seo\/ -->\n<title>TRUUSK 2-pack Konstgjord Buxbom Stor 70 Cm - UV-skydd - \u00c4kta Utseende - Markspett - Modern Dekoration - TRUUSK - Hem, Tr\u00e4dg\u00e5rd &amp; Fritid<\/title>\n<meta name=\"robots\" content=\"index, follow, max-snippet:-1, max-image-preview:large, max-video-preview:-1\" \/>\n<link rel=\"canonical\" href=\"https:\/\/truusk.store\/sv\/produkt\/truusk-2-pack-konstgjord-buxbom-stor-70-cm-uv-skydd-akta-utseende-markspett-modern-dekoration\/\" \/>\n<meta property=\"og:locale\" content=\"sv_SE\" \/>\n<meta property=\"og:type\" content=\"article\" \/>\n<meta property=\"og:title\" content=\"TRUUSK 2-pack Konstgjord Buxbom Stor 70 Cm - UV-skydd - \u00c4kta Utseende - Markspett - Modern Dekoration - TRUUSK - Hem, Tr\u00e4dg\u00e5rd &amp; Fritid\" \/>\n<meta property=\"og:description\" content=\"Ge ditt hem en touch av elegans och fr\u00e4schhet med TRUUSK konstv\u00e4xter &#8211; helt utan underh\u00e5ll! Detta set med tv\u00e5...\" \/>\n<meta property=\"og:url\" content=\"https:\/\/truusk.store\/sv\/produkt\/truusk-2-pack-konstgjord-buxbom-stor-70-cm-uv-skydd-akta-utseende-markspett-modern-dekoration\/\" \/>\n<meta property=\"og:site_name\" content=\"TRUUSK - Hem, Tr\u00e4dg\u00e5rd &amp; Fritid\" \/>\n<meta property=\"article:modified_time\" content=\"2026-03-12T08:42:21+00:00\" \/>\n<meta property=\"og:image\" content=\"https:\/\/i0.wp.com\/truusk.se\/wp-content\/uploads\/2025\/06\/2-pack-konstgjord-buxbom-stor-70-cm-konstvaxt-med-uv-skydd-konstgjorda-vaxter-som-ser-akta-ut-med-markspett-for-vardagsrum-sovrum-kontor-tradgard-modern-dekoration-1.webp?fit=2000%2C2000&ssl=1\" \/>\n\t<meta property=\"og:image:width\" content=\"2000\" \/>\n\t<meta property=\"og:image:height\" content=\"2000\" \/>\n\t<meta property=\"og:image:type\" content=\"image\/webp\" \/>\n<meta name=\"twitter:card\" content=\"summary_large_image\" \/>\n<meta name=\"twitter:label1\" content=\"Ber\u00e4knad l\u00e4stid\" \/>\n\t<meta name=\"twitter:data1\" content=\"1 minut\" \/>\n<!-- \/ Yoast SEO plugin. -->","yoast_head_json":{"title":"TRUUSK 2-pack Konstgjord Buxbom Stor 70 Cm - UV-skydd - \u00c4kta Utseende - Markspett - Modern Dekoration - TRUUSK - Hem, Tr\u00e4dg\u00e5rd &amp; Fritid","robots":{"index":"index","follow":"follow","max-snippet":"max-snippet:-1","max-image-preview":"max-image-preview:large","max-video-preview":"max-video-preview:-1"},"canonical":"https:\/\/truusk.store\/sv\/produkt\/truusk-2-pack-konstgjord-buxbom-stor-70-cm-uv-skydd-akta-utseende-markspett-modern-dekoration\/","og_locale":"sv_SE","og_type":"article","og_title":"TRUUSK 2-pack Konstgjord Buxbom Stor 70 Cm - UV-skydd - \u00c4kta Utseende - Markspett - Modern Dekoration - TRUUSK - Hem, Tr\u00e4dg\u00e5rd &amp; Fritid","og_description":"Ge ditt hem en touch av elegans och fr\u00e4schhet med TRUUSK konstv\u00e4xter &#8211; helt utan underh\u00e5ll! Detta set med tv\u00e5...","og_url":"https:\/\/truusk.store\/sv\/produkt\/truusk-2-pack-konstgjord-buxbom-stor-70-cm-uv-skydd-akta-utseende-markspett-modern-dekoration\/","og_site_name":"TRUUSK - Hem, Tr\u00e4dg\u00e5rd &amp; Fritid","article_modified_time":"2026-03-12T08:42:21+00:00","og_image":[{"width":2000,"height":2000,"url":"https:\/\/i0.wp.com\/truusk.se\/wp-content\/uploads\/2025\/06\/2-pack-konstgjord-buxbom-stor-70-cm-konstvaxt-med-uv-skydd-konstgjorda-vaxter-som-ser-akta-ut-med-markspett-for-vardagsrum-sovrum-kontor-tradgard-modern-dekoration-1.webp?fit=2000%2C2000&ssl=1","type":"image\/webp"}],"twitter_card":"summary_large_image","twitter_misc":{"Ber\u00e4knad l\u00e4stid":"1 minut"},"schema":{"@context":"https:\/\/schema.org","@graph":[{"@type":"WebPage","@id":"https:\/\/truusk.store\/sv\/produkt\/truusk-2-pack-konstgjord-buxbom-stor-70-cm-uv-skydd-akta-utseende-markspett-modern-dekoration\/","url":"https:\/\/truusk.store\/sv\/produkt\/truusk-2-pack-konstgjord-buxbom-stor-70-cm-uv-skydd-akta-utseende-markspett-modern-dekoration\/","name":"TRUUSK 2-pack Konstgjord Buxbom Stor 70 Cm - UV-skydd - \u00c4kta Utseende - Markspett - Modern Dekoration - TRUUSK - Hem, Tr\u00e4dg\u00e5rd &amp; Fritid","isPartOf":{"@id":"https:\/\/truusk.store\/sv\/#website"},"primaryImageOfPage":{"@id":"https:\/\/truusk.store\/sv\/produkt\/truusk-2-pack-konstgjord-buxbom-stor-70-cm-uv-skydd-akta-utseende-markspett-modern-dekoration\/#primaryimage"},"image":{"@id":"https:\/\/truusk.store\/sv\/produkt\/truusk-2-pack-konstgjord-buxbom-stor-70-cm-uv-skydd-akta-utseende-markspett-modern-dekoration\/#primaryimage"},"thumbnailUrl":"https:\/\/i0.wp.com\/truusk.store\/wp-content\/uploads\/2025\/06\/2-pack-konstgjord-buxbom-stor-70-cm-konstvaxt-med-uv-skydd-konstgjorda-vaxter-som-ser-akta-ut-med-markspett-for-vardagsrum-sovrum-kontor-tradgard-modern-dekoration-1.webp?fit=2000%2C2000&ssl=1","datePublished":"2025-06-05T16:53:44+00:00","dateModified":"2026-03-12T08:42:21+00:00","breadcrumb":{"@id":"https:\/\/truusk.store\/sv\/produkt\/truusk-2-pack-konstgjord-buxbom-stor-70-cm-uv-skydd-akta-utseende-markspett-modern-dekoration\/#breadcrumb"},"inLanguage":"sv-SE","potentialAction":[{"@type":"ReadAction","target":["https:\/\/truusk.store\/sv\/produkt\/truusk-2-pack-konstgjord-buxbom-stor-70-cm-uv-skydd-akta-utseende-markspett-modern-dekoration\/"]}]},{"@type":"ImageObject","inLanguage":"sv-SE","@id":"https:\/\/truusk.store\/sv\/produkt\/truusk-2-pack-konstgjord-buxbom-stor-70-cm-uv-skydd-akta-utseende-markspett-modern-dekoration\/#primaryimage","url":"https:\/\/i0.wp.com\/truusk.store\/wp-content\/uploads\/2025\/06\/2-pack-konstgjord-buxbom-stor-70-cm-konstvaxt-med-uv-skydd-konstgjorda-vaxter-som-ser-akta-ut-med-markspett-for-vardagsrum-sovrum-kontor-tradgard-modern-dekoration-1.webp?fit=2000%2C2000&ssl=1","contentUrl":"https:\/\/i0.wp.com\/truusk.store\/wp-content\/uploads\/2025\/06\/2-pack-konstgjord-buxbom-stor-70-cm-konstvaxt-med-uv-skydd-konstgjorda-vaxter-som-ser-akta-ut-med-markspett-for-vardagsrum-sovrum-kontor-tradgard-modern-dekoration-1.webp?fit=2000%2C2000&ssl=1","width":2000,"height":2000},{"@type":"BreadcrumbList","@id":"https:\/\/truusk.store\/sv\/produkt\/truusk-2-pack-konstgjord-buxbom-stor-70-cm-uv-skydd-akta-utseende-markspett-modern-dekoration\/#breadcrumb","itemListElement":[{"@type":"ListItem","position":1,"name":"Home","item":"https:\/\/truusk.store\/sv\/"},{"@type":"ListItem","position":2,"name":"Shop","item":"https:\/\/truusk.store\/shop\/"},{"@type":"ListItem","position":3,"name":"TRUUSK 2-pack Konstgjord Buxbom Stor 70 Cm &#8211; UV-skydd &#8211; \u00c4kta Utseende &#8211; Markspett &#8211; Modern Dekoration"}]},{"@type":"WebSite","@id":"https:\/\/truusk.store\/sv\/#website","url":"https:\/\/truusk.store\/sv\/","name":"TRUUSK - Hem, Tr\u00e4dg\u00e5rd & Fritid","description":"","publisher":{"@id":"https:\/\/truusk.store\/sv\/#organization"},"potentialAction":[{"@type":"SearchAction","target":{"@type":"EntryPoint","urlTemplate":"https:\/\/truusk.store\/sv\/?s={search_term_string}"},"query-input":{"@type":"PropertyValueSpecification","valueRequired":true,"valueName":"search_term_string"}}],"inLanguage":"sv-SE"},{"@type":"Organization","@id":"https:\/\/truusk.store\/sv\/#organization","name":"TRUUSK - Hem, Tr\u00e4dg\u00e5rd & Fritid","url":"https:\/\/truusk.store\/sv\/","logo":{"@type":"ImageObject","inLanguage":"sv-SE","@id":"https:\/\/truusk.store\/sv\/#\/schema\/logo\/image\/","url":"https:\/\/i0.wp.com\/truusk.store\/wp-content\/uploads\/2026\/03\/cropped-TRUUSK.png?fit=2032%2C917&ssl=1","contentUrl":"https:\/\/i0.wp.com\/truusk.store\/wp-content\/uploads\/2026\/03\/cropped-TRUUSK.png?fit=2032%2C917&ssl=1","width":2032,"height":917,"caption":"TRUUSK - Hem, Tr\u00e4dg\u00e5rd & Fritid"},"image":{"@id":"https:\/\/truusk.store\/sv\/#\/schema\/logo\/image\/"}}]}},"jetpack_sharing_enabled":true,"_links":{"self":[{"href":"https:\/\/truusk.store\/sv\/wp-json\/wp\/v2\/product\/69506","targetHints":{"allow":["GET"]}}],"collection":[{"href":"https:\/\/truusk.store\/sv\/wp-json\/wp\/v2\/product"}],"about":[{"href":"https:\/\/truusk.store\/sv\/wp-json\/wp\/v2\/types\/product"}],"wp:featuredmedia":[{"embeddable":true,"href":"https:\/\/truusk.store\/sv\/wp-json\/wp\/v2\/media\/69495"}],"wp:attachment":[{"href":"https:\/\/truusk.store\/sv\/wp-json\/wp\/v2\/media?parent=69506"}],"wp:term":[{"taxonomy":"product_brand","embeddable":true,"href":"https:\/\/truusk.store\/sv\/wp-json\/wp\/v2\/product_brand?post=69506"},{"taxonomy":"product_cat","embeddable":true,"href":"https:\/\/truusk.store\/sv\/wp-json\/wp\/v2\/product_cat?post=69506"},{"taxonomy":"product_tag","embeddable":true,"href":"https:\/\/truusk.store\/sv\/wp-json\/wp\/v2\/product_tag?post=69506"}],"curies":[{"name":"wp","href":"https:\/\/api.w.org\/{rel}","templated":true}]}}