{"id":69556,"date":"2025-06-05T17:58:42","date_gmt":"2025-06-05T16:58:42","guid":{"rendered":"https:\/\/truusk.store\/product\/koksvagn-serveringsvagn-med-vinhylla-arbetsbank-2-nivaer-rullvagn-for-kontor-kok-vardagsrum-66-x-40-x-70-cm-bambu-natur\/"},"modified":"2026-03-12T08:42:43","modified_gmt":"2026-03-12T07:42:43","slug":"truusk-koksvagn-serveringsvagn-med-vinhylla-arbetsbank-2-nivaer-rullvagn-for-kontor-kok-vardagsrum-bambu-natur-66","status":"publish","type":"product","link":"https:\/\/truusk.store\/sv\/produkt\/truusk-koksvagn-serveringsvagn-med-vinhylla-arbetsbank-2-nivaer-rullvagn-for-kontor-kok-vardagsrum-bambu-natur-66\/","title":{"rendered":"TRUUSK K\u00f6ksvagn Serveringsvagn Med Vinhylla &#8211; Arbetsb\u00e4nk &#8211; 2 Niv\u00e5er &#8211; Rullvagn F\u00f6r Kontor &#8211; K\u00f6k &#8211; Vardagsrum &#8211; Bambu &#8211; Natur &#8211; 66"},"content":{"rendered":"<p>Ge dina fester liv med den eleganta TRUUSK k\u00f6ksvagnen i bambu! Den har tv\u00e5 hyllor och plats f\u00f6r tre vinflaskor. Dessutom kan den enkelt f\u00e4llas ihop f\u00f6r platsbesparande f\u00f6rvaring. Tack vare de fyra hjulen (tv\u00e5 av dem med broms) kan k\u00f6ksvagnen enkelt flyttas till vilket rum som helst. Njut av stilfull komfort!<\/p>\n<p>Beskrivning:<\/p>\n<ul>\n<li> Tv\u00e5 brickor och tre vinhyllor p\u00e5 rullvagnen erbjuder gott om utrymme<\/li>\n<li> F\u00e4llbar n\u00e4r den inte anv\u00e4nds<\/li>\n<li> Fyra hjul, tv\u00e5 av dem med bromsar, garanterar enkel r\u00f6rlighet och stabilitet<\/li>\n<li> Lamelldesignen p\u00e5 bambuservagnen fr\u00e4mjar h\u00e5llbarheten och ger ett h\u00f6gkvalitativt utseende<\/li>\n<li> Montering kr\u00e4vs<\/li>\n<\/ul>\n<p> Tekniska data:<\/p>\n<ul>\n<li> F\u00e4rg: Naturtr\u00e4<\/li>\n<li> Material: Bambu<\/li>\n<li> Totala dimensioner: 66B x 40T x 70H cm<\/li>\n<li> Brickstorlek: 54B x 33T x 2,5\/36,5H cm<\/li>\n<li> H\u00f6jd fr\u00e5n botten till golvet: 14 cm<\/li>\n<li> B\u00e4rkapacitet: 12 kg (totalt), 4 kg (varje bricka), 4 kg (vinhylla)<\/li>\n<\/ul>\n<p>Leveransinneh\u00e5ll:<\/p>\n<ul>\n<li> 1 x K\u00f6ksvagn<\/li>\n<li> 1 x Bruksanvisning<\/li>\n<\/ul>\n","protected":false},"excerpt":{"rendered":"<p>Ge dina fester liv med den eleganta TRUUSK k\u00f6ksvagnen i bambu! Den har tv\u00e5 hyllor och plats f\u00f6r tre vinflaskor&#8230;.<\/p>\n","protected":false},"featured_media":69547,"template":"","meta":[],"product_brand":[],"product_cat":[871,889,503],"product_tag":[],"class_list":{"0":"post-69556","1":"product","2":"type-product","3":"status-publish","4":"has-post-thumbnail","6":"product_cat-hus-hem","7":"product_cat-kok-matsal","8":"product_cat-serveringsvagn","10":"first","11":"instock","12":"sale","13":"taxable","14":"shipping-taxable","15":"purchasable","16":"product-type-simple"},"yoast_head":"<!-- This site is optimized with the Yoast SEO plugin v25.4 - https:\/\/yoast.com\/wordpress\/plugins\/seo\/ -->\n<title>TRUUSK K\u00f6ksvagn Serveringsvagn Med Vinhylla - Arbetsb\u00e4nk - 2 Niv\u00e5er - Rullvagn F\u00f6r Kontor - K\u00f6k - Vardagsrum - Bambu - Natur - 66 - TRUUSK - Hem, Tr\u00e4dg\u00e5rd &amp; Fritid<\/title>\n<meta name=\"robots\" content=\"index, follow, max-snippet:-1, max-image-preview:large, max-video-preview:-1\" \/>\n<link rel=\"canonical\" href=\"https:\/\/truusk.store\/sv\/produkt\/truusk-koksvagn-serveringsvagn-med-vinhylla-arbetsbank-2-nivaer-rullvagn-for-kontor-kok-vardagsrum-bambu-natur-66\/\" \/>\n<meta property=\"og:locale\" content=\"sv_SE\" \/>\n<meta property=\"og:type\" content=\"article\" \/>\n<meta property=\"og:title\" content=\"TRUUSK K\u00f6ksvagn Serveringsvagn Med Vinhylla - Arbetsb\u00e4nk - 2 Niv\u00e5er - Rullvagn F\u00f6r Kontor - K\u00f6k - Vardagsrum - Bambu - Natur - 66 - TRUUSK - Hem, Tr\u00e4dg\u00e5rd &amp; Fritid\" \/>\n<meta property=\"og:description\" content=\"Ge dina fester liv med den eleganta TRUUSK k\u00f6ksvagnen i bambu! Den har tv\u00e5 hyllor och plats f\u00f6r tre vinflaskor....\" \/>\n<meta property=\"og:url\" content=\"https:\/\/truusk.store\/sv\/produkt\/truusk-koksvagn-serveringsvagn-med-vinhylla-arbetsbank-2-nivaer-rullvagn-for-kontor-kok-vardagsrum-bambu-natur-66\/\" \/>\n<meta property=\"og:site_name\" content=\"TRUUSK - Hem, Tr\u00e4dg\u00e5rd &amp; Fritid\" \/>\n<meta property=\"article:modified_time\" content=\"2026-03-12T07:42:43+00:00\" \/>\n<meta property=\"og:image\" content=\"https:\/\/i0.wp.com\/truusk.se\/wp-content\/uploads\/2025\/06\/koksvagn-serveringsvagn-med-vinhylla-arbetsbank-2-nivaer-rullvagn-for-kontor-kok-vardagsrum-66-x-40-x-70-cm-bambu-natur-1.webp?fit=2000%2C2000&ssl=1\" \/>\n\t<meta property=\"og:image:width\" content=\"2000\" \/>\n\t<meta property=\"og:image:height\" content=\"2000\" \/>\n\t<meta property=\"og:image:type\" content=\"image\/webp\" \/>\n<meta name=\"twitter:card\" content=\"summary_large_image\" \/>\n<meta name=\"twitter:label1\" content=\"Ber\u00e4knad l\u00e4stid\" \/>\n\t<meta name=\"twitter:data1\" content=\"1 minut\" \/>\n<!-- \/ Yoast SEO plugin. -->","yoast_head_json":{"title":"TRUUSK K\u00f6ksvagn Serveringsvagn Med Vinhylla - Arbetsb\u00e4nk - 2 Niv\u00e5er - Rullvagn F\u00f6r Kontor - K\u00f6k - Vardagsrum - Bambu - Natur - 66 - TRUUSK - Hem, Tr\u00e4dg\u00e5rd &amp; Fritid","robots":{"index":"index","follow":"follow","max-snippet":"max-snippet:-1","max-image-preview":"max-image-preview:large","max-video-preview":"max-video-preview:-1"},"canonical":"https:\/\/truusk.store\/sv\/produkt\/truusk-koksvagn-serveringsvagn-med-vinhylla-arbetsbank-2-nivaer-rullvagn-for-kontor-kok-vardagsrum-bambu-natur-66\/","og_locale":"sv_SE","og_type":"article","og_title":"TRUUSK K\u00f6ksvagn Serveringsvagn Med Vinhylla - Arbetsb\u00e4nk - 2 Niv\u00e5er - Rullvagn F\u00f6r Kontor - K\u00f6k - Vardagsrum - Bambu - Natur - 66 - TRUUSK - Hem, Tr\u00e4dg\u00e5rd &amp; Fritid","og_description":"Ge dina fester liv med den eleganta TRUUSK k\u00f6ksvagnen i bambu! Den har tv\u00e5 hyllor och plats f\u00f6r tre vinflaskor....","og_url":"https:\/\/truusk.store\/sv\/produkt\/truusk-koksvagn-serveringsvagn-med-vinhylla-arbetsbank-2-nivaer-rullvagn-for-kontor-kok-vardagsrum-bambu-natur-66\/","og_site_name":"TRUUSK - Hem, Tr\u00e4dg\u00e5rd &amp; Fritid","article_modified_time":"2026-03-12T07:42:43+00:00","og_image":[{"width":2000,"height":2000,"url":"https:\/\/i0.wp.com\/truusk.se\/wp-content\/uploads\/2025\/06\/koksvagn-serveringsvagn-med-vinhylla-arbetsbank-2-nivaer-rullvagn-for-kontor-kok-vardagsrum-66-x-40-x-70-cm-bambu-natur-1.webp?fit=2000%2C2000&ssl=1","type":"image\/webp"}],"twitter_card":"summary_large_image","twitter_misc":{"Ber\u00e4knad l\u00e4stid":"1 minut"},"schema":{"@context":"https:\/\/schema.org","@graph":[{"@type":"WebPage","@id":"https:\/\/truusk.store\/sv\/produkt\/truusk-koksvagn-serveringsvagn-med-vinhylla-arbetsbank-2-nivaer-rullvagn-for-kontor-kok-vardagsrum-bambu-natur-66\/","url":"https:\/\/truusk.store\/sv\/produkt\/truusk-koksvagn-serveringsvagn-med-vinhylla-arbetsbank-2-nivaer-rullvagn-for-kontor-kok-vardagsrum-bambu-natur-66\/","name":"TRUUSK K\u00f6ksvagn Serveringsvagn Med Vinhylla - Arbetsb\u00e4nk - 2 Niv\u00e5er - Rullvagn F\u00f6r Kontor - K\u00f6k - Vardagsrum - Bambu - Natur - 66 - TRUUSK - Hem, Tr\u00e4dg\u00e5rd &amp; Fritid","isPartOf":{"@id":"https:\/\/truusk.store\/sv\/#website"},"primaryImageOfPage":{"@id":"https:\/\/truusk.store\/sv\/produkt\/truusk-koksvagn-serveringsvagn-med-vinhylla-arbetsbank-2-nivaer-rullvagn-for-kontor-kok-vardagsrum-bambu-natur-66\/#primaryimage"},"image":{"@id":"https:\/\/truusk.store\/sv\/produkt\/truusk-koksvagn-serveringsvagn-med-vinhylla-arbetsbank-2-nivaer-rullvagn-for-kontor-kok-vardagsrum-bambu-natur-66\/#primaryimage"},"thumbnailUrl":"https:\/\/i0.wp.com\/truusk.store\/wp-content\/uploads\/2025\/06\/koksvagn-serveringsvagn-med-vinhylla-arbetsbank-2-nivaer-rullvagn-for-kontor-kok-vardagsrum-66-x-40-x-70-cm-bambu-natur-1.webp?fit=2000%2C2000&ssl=1","datePublished":"2025-06-05T16:58:42+00:00","dateModified":"2026-03-12T07:42:43+00:00","breadcrumb":{"@id":"https:\/\/truusk.store\/sv\/produkt\/truusk-koksvagn-serveringsvagn-med-vinhylla-arbetsbank-2-nivaer-rullvagn-for-kontor-kok-vardagsrum-bambu-natur-66\/#breadcrumb"},"inLanguage":"sv-SE","potentialAction":[{"@type":"ReadAction","target":["https:\/\/truusk.store\/sv\/produkt\/truusk-koksvagn-serveringsvagn-med-vinhylla-arbetsbank-2-nivaer-rullvagn-for-kontor-kok-vardagsrum-bambu-natur-66\/"]}]},{"@type":"ImageObject","inLanguage":"sv-SE","@id":"https:\/\/truusk.store\/sv\/produkt\/truusk-koksvagn-serveringsvagn-med-vinhylla-arbetsbank-2-nivaer-rullvagn-for-kontor-kok-vardagsrum-bambu-natur-66\/#primaryimage","url":"https:\/\/i0.wp.com\/truusk.store\/wp-content\/uploads\/2025\/06\/koksvagn-serveringsvagn-med-vinhylla-arbetsbank-2-nivaer-rullvagn-for-kontor-kok-vardagsrum-66-x-40-x-70-cm-bambu-natur-1.webp?fit=2000%2C2000&ssl=1","contentUrl":"https:\/\/i0.wp.com\/truusk.store\/wp-content\/uploads\/2025\/06\/koksvagn-serveringsvagn-med-vinhylla-arbetsbank-2-nivaer-rullvagn-for-kontor-kok-vardagsrum-66-x-40-x-70-cm-bambu-natur-1.webp?fit=2000%2C2000&ssl=1","width":2000,"height":2000},{"@type":"BreadcrumbList","@id":"https:\/\/truusk.store\/sv\/produkt\/truusk-koksvagn-serveringsvagn-med-vinhylla-arbetsbank-2-nivaer-rullvagn-for-kontor-kok-vardagsrum-bambu-natur-66\/#breadcrumb","itemListElement":[{"@type":"ListItem","position":1,"name":"Home","item":"https:\/\/truusk.store\/sv\/"},{"@type":"ListItem","position":2,"name":"Shop","item":"https:\/\/truusk.store\/shop\/"},{"@type":"ListItem","position":3,"name":"TRUUSK K\u00f6ksvagn Serveringsvagn Med Vinhylla &#8211; Arbetsb\u00e4nk &#8211; 2 Niv\u00e5er &#8211; Rullvagn F\u00f6r Kontor &#8211; K\u00f6k &#8211; Vardagsrum &#8211; Bambu &#8211; Natur &#8211; 66"}]},{"@type":"WebSite","@id":"https:\/\/truusk.store\/sv\/#website","url":"https:\/\/truusk.store\/sv\/","name":"TRUUSK - Hem, Tr\u00e4dg\u00e5rd & Fritid","description":"","publisher":{"@id":"https:\/\/truusk.store\/sv\/#organization"},"potentialAction":[{"@type":"SearchAction","target":{"@type":"EntryPoint","urlTemplate":"https:\/\/truusk.store\/sv\/?s={search_term_string}"},"query-input":{"@type":"PropertyValueSpecification","valueRequired":true,"valueName":"search_term_string"}}],"inLanguage":"sv-SE"},{"@type":"Organization","@id":"https:\/\/truusk.store\/sv\/#organization","name":"TRUUSK - Hem, Tr\u00e4dg\u00e5rd & Fritid","url":"https:\/\/truusk.store\/sv\/","logo":{"@type":"ImageObject","inLanguage":"sv-SE","@id":"https:\/\/truusk.store\/sv\/#\/schema\/logo\/image\/","url":"https:\/\/i0.wp.com\/truusk.store\/wp-content\/uploads\/2026\/03\/cropped-TRUUSK.png?fit=2032%2C917&ssl=1","contentUrl":"https:\/\/i0.wp.com\/truusk.store\/wp-content\/uploads\/2026\/03\/cropped-TRUUSK.png?fit=2032%2C917&ssl=1","width":2032,"height":917,"caption":"TRUUSK - Hem, Tr\u00e4dg\u00e5rd & Fritid"},"image":{"@id":"https:\/\/truusk.store\/sv\/#\/schema\/logo\/image\/"}}]}},"jetpack_sharing_enabled":true,"_links":{"self":[{"href":"https:\/\/truusk.store\/sv\/wp-json\/wp\/v2\/product\/69556","targetHints":{"allow":["GET"]}}],"collection":[{"href":"https:\/\/truusk.store\/sv\/wp-json\/wp\/v2\/product"}],"about":[{"href":"https:\/\/truusk.store\/sv\/wp-json\/wp\/v2\/types\/product"}],"wp:featuredmedia":[{"embeddable":true,"href":"https:\/\/truusk.store\/sv\/wp-json\/wp\/v2\/media\/69547"}],"wp:attachment":[{"href":"https:\/\/truusk.store\/sv\/wp-json\/wp\/v2\/media?parent=69556"}],"wp:term":[{"taxonomy":"product_brand","embeddable":true,"href":"https:\/\/truusk.store\/sv\/wp-json\/wp\/v2\/product_brand?post=69556"},{"taxonomy":"product_cat","embeddable":true,"href":"https:\/\/truusk.store\/sv\/wp-json\/wp\/v2\/product_cat?post=69556"},{"taxonomy":"product_tag","embeddable":true,"href":"https:\/\/truusk.store\/sv\/wp-json\/wp\/v2\/product_tag?post=69556"}],"curies":[{"name":"wp","href":"https:\/\/api.w.org\/{rel}","templated":true}]}}