{"id":69567,"date":"2025-06-05T17:59:52","date_gmt":"2025-06-05T16:59:52","guid":{"rendered":"https:\/\/truusk.store\/product\/vaxthus-med-rund-takdorr-hyllor-vinterbestandigt-folievaxthus-av-stal-drivhus-for-balkong-tradgard-tomatvaxthus-100-x-45-x-160-cm-tomatvaxthus-for-tomater-gronsaker-blommor-gront\/"},"modified":"2026-03-12T09:46:24","modified_gmt":"2026-03-12T08:46:24","slug":"truusk-tomatvaxthus-med-rund-takdorr-vinterbestandigt-folievaxthus-av-stal-hyllor-for-balkong-tradgard-tomater","status":"publish","type":"product","link":"https:\/\/truusk.store\/sv\/produkt\/truusk-tomatvaxthus-med-rund-takdorr-vinterbestandigt-folievaxthus-av-stal-hyllor-for-balkong-tradgard-tomater\/","title":{"rendered":"TRUUSK Tomatv\u00e4xthus med Rund Takd\u00f6rr &#8211; Vinterbest\u00e4ndigt Foliev\u00e4xthus av St\u00e5l &#8211; Hyllor &#8211; F\u00f6r Balkong, Tr\u00e4dg\u00e5rd &#8211; Tomater,"},"content":{"rendered":"<p>Det fyra niv\u00e5ers design av detta v\u00e4xthus fr\u00e5n TRUUSK erbjuder gott om plats f\u00f6r blomkrukor och odlingsbrickor, allt skyddat av en 140g\/m\u00b2 stark plast\u00f6verdrag som skyddar mot UV-str\u00e5lar och erbjuder rikligt med solljus. Den upprullbara d\u00f6rren till tomatv\u00e4xthuset med dragkedja ger enkel \u00e5tkomst och garanterar optimal ventilation. Perfekt f\u00f6r entusiaster av sm\u00e5 v\u00e4xthus som \u00f6nskar en mobil tr\u00e4dg\u00e5rdsoas!<\/p>\n<p>Beskrivning:<\/p>\n<ul>\n<li> Fyrstegs v\u00e4xtst\u00e4ll i tomatv\u00e4xthuset maximerar lagring av tr\u00e4dg\u00e5rdstillbeh\u00f6r<\/li>\n<li> 140g\/m\u00b2 plast\u00f6verdrag av v\u00e4xthuset skyddar v\u00e4xter fr\u00e5n UV-str\u00e5lning och \u00f6kar livsl\u00e4ngden<\/li>\n<li> Upprullbar dragkedjad\u00f6rr till tomatv\u00e4xthuset garanterar enkel \u00e5tkomst och optimal ventilation<\/li>\n<li> Pulverlackerad st\u00e5lram erbjuder robust, stabil st\u00f6d<\/li>\n<li> F\u00e5llade kanter f\u00f6rst\u00e4rker \u00f6verdraget och f\u00f6rhindrar sprickor<\/li>\n<li> Enkel montering kr\u00e4vs<\/li>\n<\/ul>\n<p> Tekniska data:<\/p>\n<ul>\n<li> F\u00e4rg: Gr\u00f6n<\/li>\n<li> Material: St\u00e5l, plast<\/li>\n<li> Totala dimensioner: 100L x 45B x 160H cm<\/li>\n<li> D\u00f6rrdimension: 78B x 151H cm<\/li>\n<li> Tr\u00e5dhyllans dimensioner: 34L x 46B x 34H cm (v\u00e4nster), 53,5L x 46B x 34H cm (h\u00f6ger)<\/li>\n<li> Belastningskapacitet per hylla: 10 kg<\/li>\n<li> Vindmotst\u00e5ndsniv\u00e5: 3 (19 km\/h). L\u00e5t inte st\u00e5 i starkare vindar<\/li>\n<li> Montering kr\u00e4vs: Rekommenderas f\u00f6r 1-2 personer<\/li>\n<\/ul>\n<p>Leveransinneh\u00e5ll:<\/p>\n<ul>\n<li> 1 x v\u00e4xthus<\/li>\n<li> 14 x plastsp\u00e4nne<\/li>\n<li> 1 x handbok<\/li>\n<\/ul>\n","protected":false},"excerpt":{"rendered":"<p>Det fyra niv\u00e5ers design av detta v\u00e4xthus fr\u00e5n TRUUSK erbjuder gott om plats f\u00f6r blomkrukor och odlingsbrickor, allt skyddat av&#8230;<\/p>\n","protected":false},"featured_media":69557,"template":"","meta":[],"product_brand":[],"product_cat":[903,858,443],"product_tag":[],"class_list":{"0":"post-69567","1":"product","2":"type-product","3":"status-publish","4":"has-post-thumbnail","6":"product_cat-plastvaxthus","7":"product_cat-tradgard-terrass","8":"product_cat-vaxthus-tradgardsskotsel","10":"first","11":"instock","12":"sale","13":"taxable","14":"shipping-taxable","15":"purchasable","16":"product-type-simple"},"yoast_head":"<!-- This site is optimized with the Yoast SEO plugin v25.4 - https:\/\/yoast.com\/wordpress\/plugins\/seo\/ -->\n<title>TRUUSK Tomatv\u00e4xthus med Rund Takd\u00f6rr - Vinterbest\u00e4ndigt Foliev\u00e4xthus av St\u00e5l - Hyllor - F\u00f6r Balkong, Tr\u00e4dg\u00e5rd - Tomater, - TRUUSK - Hem, Tr\u00e4dg\u00e5rd &amp; Fritid<\/title>\n<meta name=\"robots\" content=\"index, follow, max-snippet:-1, max-image-preview:large, max-video-preview:-1\" \/>\n<link rel=\"canonical\" href=\"https:\/\/truusk.store\/sv\/produkt\/truusk-tomatvaxthus-med-rund-takdorr-vinterbestandigt-folievaxthus-av-stal-hyllor-for-balkong-tradgard-tomater\/\" \/>\n<meta property=\"og:locale\" content=\"sv_SE\" \/>\n<meta property=\"og:type\" content=\"article\" \/>\n<meta property=\"og:title\" content=\"TRUUSK Tomatv\u00e4xthus med Rund Takd\u00f6rr - Vinterbest\u00e4ndigt Foliev\u00e4xthus av St\u00e5l - Hyllor - F\u00f6r Balkong, Tr\u00e4dg\u00e5rd - Tomater, - TRUUSK - Hem, Tr\u00e4dg\u00e5rd &amp; Fritid\" \/>\n<meta property=\"og:description\" content=\"Det fyra niv\u00e5ers design av detta v\u00e4xthus fr\u00e5n TRUUSK erbjuder gott om plats f\u00f6r blomkrukor och odlingsbrickor, allt skyddat av...\" \/>\n<meta property=\"og:url\" content=\"https:\/\/truusk.store\/sv\/produkt\/truusk-tomatvaxthus-med-rund-takdorr-vinterbestandigt-folievaxthus-av-stal-hyllor-for-balkong-tradgard-tomater\/\" \/>\n<meta property=\"og:site_name\" content=\"TRUUSK - Hem, Tr\u00e4dg\u00e5rd &amp; Fritid\" \/>\n<meta property=\"article:modified_time\" content=\"2026-03-12T08:46:24+00:00\" \/>\n<meta property=\"og:image\" content=\"https:\/\/i0.wp.com\/truusk.se\/wp-content\/uploads\/2025\/06\/vaxthus-med-rund-takdorr-hyllor-vinterbestandigt-folievaxthus-av-stal-drivhus-for-balkong-tradgard-tomatvaxthus-100-x-45-x-160-cm-tomatvaxthus-for-tomater-gronsaker-blommor-gront-1.webp?fit=2000%2C2000&ssl=1\" \/>\n\t<meta property=\"og:image:width\" content=\"2000\" \/>\n\t<meta property=\"og:image:height\" content=\"2000\" \/>\n\t<meta property=\"og:image:type\" content=\"image\/webp\" \/>\n<meta name=\"twitter:card\" content=\"summary_large_image\" \/>\n<meta name=\"twitter:label1\" content=\"Ber\u00e4knad l\u00e4stid\" \/>\n\t<meta name=\"twitter:data1\" content=\"1 minut\" \/>\n<!-- \/ Yoast SEO plugin. -->","yoast_head_json":{"title":"TRUUSK Tomatv\u00e4xthus med Rund Takd\u00f6rr - Vinterbest\u00e4ndigt Foliev\u00e4xthus av St\u00e5l - Hyllor - F\u00f6r Balkong, Tr\u00e4dg\u00e5rd - Tomater, - TRUUSK - Hem, Tr\u00e4dg\u00e5rd &amp; Fritid","robots":{"index":"index","follow":"follow","max-snippet":"max-snippet:-1","max-image-preview":"max-image-preview:large","max-video-preview":"max-video-preview:-1"},"canonical":"https:\/\/truusk.store\/sv\/produkt\/truusk-tomatvaxthus-med-rund-takdorr-vinterbestandigt-folievaxthus-av-stal-hyllor-for-balkong-tradgard-tomater\/","og_locale":"sv_SE","og_type":"article","og_title":"TRUUSK Tomatv\u00e4xthus med Rund Takd\u00f6rr - Vinterbest\u00e4ndigt Foliev\u00e4xthus av St\u00e5l - Hyllor - F\u00f6r Balkong, Tr\u00e4dg\u00e5rd - Tomater, - TRUUSK - Hem, Tr\u00e4dg\u00e5rd &amp; Fritid","og_description":"Det fyra niv\u00e5ers design av detta v\u00e4xthus fr\u00e5n TRUUSK erbjuder gott om plats f\u00f6r blomkrukor och odlingsbrickor, allt skyddat av...","og_url":"https:\/\/truusk.store\/sv\/produkt\/truusk-tomatvaxthus-med-rund-takdorr-vinterbestandigt-folievaxthus-av-stal-hyllor-for-balkong-tradgard-tomater\/","og_site_name":"TRUUSK - Hem, Tr\u00e4dg\u00e5rd &amp; Fritid","article_modified_time":"2026-03-12T08:46:24+00:00","og_image":[{"width":2000,"height":2000,"url":"https:\/\/i0.wp.com\/truusk.se\/wp-content\/uploads\/2025\/06\/vaxthus-med-rund-takdorr-hyllor-vinterbestandigt-folievaxthus-av-stal-drivhus-for-balkong-tradgard-tomatvaxthus-100-x-45-x-160-cm-tomatvaxthus-for-tomater-gronsaker-blommor-gront-1.webp?fit=2000%2C2000&ssl=1","type":"image\/webp"}],"twitter_card":"summary_large_image","twitter_misc":{"Ber\u00e4knad l\u00e4stid":"1 minut"},"schema":{"@context":"https:\/\/schema.org","@graph":[{"@type":"WebPage","@id":"https:\/\/truusk.store\/sv\/produkt\/truusk-tomatvaxthus-med-rund-takdorr-vinterbestandigt-folievaxthus-av-stal-hyllor-for-balkong-tradgard-tomater\/","url":"https:\/\/truusk.store\/sv\/produkt\/truusk-tomatvaxthus-med-rund-takdorr-vinterbestandigt-folievaxthus-av-stal-hyllor-for-balkong-tradgard-tomater\/","name":"TRUUSK Tomatv\u00e4xthus med Rund Takd\u00f6rr - Vinterbest\u00e4ndigt Foliev\u00e4xthus av St\u00e5l - Hyllor - F\u00f6r Balkong, Tr\u00e4dg\u00e5rd - Tomater, - TRUUSK - Hem, Tr\u00e4dg\u00e5rd &amp; Fritid","isPartOf":{"@id":"https:\/\/truusk.store\/sv\/#website"},"primaryImageOfPage":{"@id":"https:\/\/truusk.store\/sv\/produkt\/truusk-tomatvaxthus-med-rund-takdorr-vinterbestandigt-folievaxthus-av-stal-hyllor-for-balkong-tradgard-tomater\/#primaryimage"},"image":{"@id":"https:\/\/truusk.store\/sv\/produkt\/truusk-tomatvaxthus-med-rund-takdorr-vinterbestandigt-folievaxthus-av-stal-hyllor-for-balkong-tradgard-tomater\/#primaryimage"},"thumbnailUrl":"https:\/\/i0.wp.com\/truusk.store\/wp-content\/uploads\/2025\/06\/vaxthus-med-rund-takdorr-hyllor-vinterbestandigt-folievaxthus-av-stal-drivhus-for-balkong-tradgard-tomatvaxthus-100-x-45-x-160-cm-tomatvaxthus-for-tomater-gronsaker-blommor-gront-1.webp?fit=2000%2C2000&ssl=1","datePublished":"2025-06-05T16:59:52+00:00","dateModified":"2026-03-12T08:46:24+00:00","breadcrumb":{"@id":"https:\/\/truusk.store\/sv\/produkt\/truusk-tomatvaxthus-med-rund-takdorr-vinterbestandigt-folievaxthus-av-stal-hyllor-for-balkong-tradgard-tomater\/#breadcrumb"},"inLanguage":"sv-SE","potentialAction":[{"@type":"ReadAction","target":["https:\/\/truusk.store\/sv\/produkt\/truusk-tomatvaxthus-med-rund-takdorr-vinterbestandigt-folievaxthus-av-stal-hyllor-for-balkong-tradgard-tomater\/"]}]},{"@type":"ImageObject","inLanguage":"sv-SE","@id":"https:\/\/truusk.store\/sv\/produkt\/truusk-tomatvaxthus-med-rund-takdorr-vinterbestandigt-folievaxthus-av-stal-hyllor-for-balkong-tradgard-tomater\/#primaryimage","url":"https:\/\/i0.wp.com\/truusk.store\/wp-content\/uploads\/2025\/06\/vaxthus-med-rund-takdorr-hyllor-vinterbestandigt-folievaxthus-av-stal-drivhus-for-balkong-tradgard-tomatvaxthus-100-x-45-x-160-cm-tomatvaxthus-for-tomater-gronsaker-blommor-gront-1.webp?fit=2000%2C2000&ssl=1","contentUrl":"https:\/\/i0.wp.com\/truusk.store\/wp-content\/uploads\/2025\/06\/vaxthus-med-rund-takdorr-hyllor-vinterbestandigt-folievaxthus-av-stal-drivhus-for-balkong-tradgard-tomatvaxthus-100-x-45-x-160-cm-tomatvaxthus-for-tomater-gronsaker-blommor-gront-1.webp?fit=2000%2C2000&ssl=1","width":2000,"height":2000},{"@type":"BreadcrumbList","@id":"https:\/\/truusk.store\/sv\/produkt\/truusk-tomatvaxthus-med-rund-takdorr-vinterbestandigt-folievaxthus-av-stal-hyllor-for-balkong-tradgard-tomater\/#breadcrumb","itemListElement":[{"@type":"ListItem","position":1,"name":"Home","item":"https:\/\/truusk.store\/sv\/"},{"@type":"ListItem","position":2,"name":"Shop","item":"https:\/\/truusk.store\/shop\/"},{"@type":"ListItem","position":3,"name":"TRUUSK Tomatv\u00e4xthus med Rund Takd\u00f6rr &#8211; Vinterbest\u00e4ndigt Foliev\u00e4xthus av St\u00e5l &#8211; Hyllor &#8211; F\u00f6r Balkong, Tr\u00e4dg\u00e5rd &#8211; Tomater,"}]},{"@type":"WebSite","@id":"https:\/\/truusk.store\/sv\/#website","url":"https:\/\/truusk.store\/sv\/","name":"TRUUSK - Hem, Tr\u00e4dg\u00e5rd & Fritid","description":"","publisher":{"@id":"https:\/\/truusk.store\/sv\/#organization"},"potentialAction":[{"@type":"SearchAction","target":{"@type":"EntryPoint","urlTemplate":"https:\/\/truusk.store\/sv\/?s={search_term_string}"},"query-input":{"@type":"PropertyValueSpecification","valueRequired":true,"valueName":"search_term_string"}}],"inLanguage":"sv-SE"},{"@type":"Organization","@id":"https:\/\/truusk.store\/sv\/#organization","name":"TRUUSK - Hem, Tr\u00e4dg\u00e5rd & Fritid","url":"https:\/\/truusk.store\/sv\/","logo":{"@type":"ImageObject","inLanguage":"sv-SE","@id":"https:\/\/truusk.store\/sv\/#\/schema\/logo\/image\/","url":"https:\/\/i0.wp.com\/truusk.store\/wp-content\/uploads\/2026\/03\/cropped-TRUUSK.png?fit=2032%2C917&ssl=1","contentUrl":"https:\/\/i0.wp.com\/truusk.store\/wp-content\/uploads\/2026\/03\/cropped-TRUUSK.png?fit=2032%2C917&ssl=1","width":2032,"height":917,"caption":"TRUUSK - Hem, Tr\u00e4dg\u00e5rd & Fritid"},"image":{"@id":"https:\/\/truusk.store\/sv\/#\/schema\/logo\/image\/"}}]}},"jetpack_sharing_enabled":true,"_links":{"self":[{"href":"https:\/\/truusk.store\/sv\/wp-json\/wp\/v2\/product\/69567","targetHints":{"allow":["GET"]}}],"collection":[{"href":"https:\/\/truusk.store\/sv\/wp-json\/wp\/v2\/product"}],"about":[{"href":"https:\/\/truusk.store\/sv\/wp-json\/wp\/v2\/types\/product"}],"wp:featuredmedia":[{"embeddable":true,"href":"https:\/\/truusk.store\/sv\/wp-json\/wp\/v2\/media\/69557"}],"wp:attachment":[{"href":"https:\/\/truusk.store\/sv\/wp-json\/wp\/v2\/media?parent=69567"}],"wp:term":[{"taxonomy":"product_brand","embeddable":true,"href":"https:\/\/truusk.store\/sv\/wp-json\/wp\/v2\/product_brand?post=69567"},{"taxonomy":"product_cat","embeddable":true,"href":"https:\/\/truusk.store\/sv\/wp-json\/wp\/v2\/product_cat?post=69567"},{"taxonomy":"product_tag","embeddable":true,"href":"https:\/\/truusk.store\/sv\/wp-json\/wp\/v2\/product_tag?post=69567"}],"curies":[{"name":"wp","href":"https:\/\/api.w.org\/{rel}","templated":true}]}}