{"id":69576,"date":"2025-06-05T18:00:37","date_gmt":"2025-06-05T17:00:37","guid":{"rendered":"https:\/\/truusk.store\/product\/vaxthusfilm-8x10-m-vattentat-tradgardsfilm-med-uv-skydd-extra-tjock-rivfast-plastfilm-tackduk-for-vaxthus-tunnelplast-for-utomhusbruk-transparent\/"},"modified":"2026-03-12T08:40:32","modified_gmt":"2026-03-12T07:40:32","slug":"truusk-vaxthusfilm-8x10-m-vattentat-med-uv-skydd-extra-tjock-rivfast-transparent-for-vaxthus-och-utomhusbruk","status":"publish","type":"product","link":"https:\/\/truusk.store\/sv\/produkt\/truusk-vaxthusfilm-8x10-m-vattentat-med-uv-skydd-extra-tjock-rivfast-transparent-for-vaxthus-och-utomhusbruk\/","title":{"rendered":"TRUUSK V\u00e4xthusfilm 8&#215;10 M &#8211; Vattent\u00e4t med UV-skydd &#8211; Extra tjock &#8211; Rivfast &#8211; Transparent &#8211; F\u00f6r v\u00e4xthus och utomhusbruk"},"content":{"rendered":"<p>Denna transparenta TRUUSK-film f\u00f6r v\u00e4xthus, tillverkad av slitstarkt och UV-resistent plastmaterial, fr\u00e4mjar dina v\u00e4xters tillv\u00e4xt. V\u00e4xthus\u00f6verdraget \u00e4r UV5% skyddat och vattent\u00e4tt, perfekt f\u00f6r permanent utomhusbruk. Den robusta konstruktionen av v\u00e4xthusfilmen \u00e4r v\u00e4derbest\u00e4ndig och st\u00e5r emot vind och l\u00e4tt sn\u00f6, s\u00e5 att din tr\u00e4dg\u00e5rd \u00e4r skyddad \u00e5ret runt. Idealisk f\u00f6r alla som \u00f6nskar en funktionell och stilfull l\u00f6sning f\u00f6r sitt v\u00e4xthus.<\/p>\n<p>Beskrivning:<\/p>\n<ul>\n<li> 0,15 mm tjock, robust v\u00e4xthusfilm erbjuder UV5% skydd<\/li>\n<li> 8 x 10 m tomatv\u00e4xthusfilm f\u00f6r utrymmesbesparande och enkel montering<\/li>\n<li> Vattent\u00e4t och termisk tomatv\u00e4xthusfilm garanterar stabil v\u00e4xttillv\u00e4xt<\/li>\n<li> Anpassningsbar och m\u00e5ngsidig genom att klippa i olika former och storlekar<\/li>\n<li> Montering kr\u00e4vs<\/li>\n<\/ul>\n<p> Tekniska data:<\/p>\n<ul>\n<li> F\u00e4rg: Transparent<\/li>\n<li> Material: Plast<\/li>\n<li> Totala dimensioner: 8L x 10B m<\/li>\n<\/ul>\n<p>Leveransinneh\u00e5ll:<\/p>\n<ul>\n<li> 1 x v\u00e4xthus\u00f6verdrag;<\/li>\n<\/ul>\n","protected":false},"excerpt":{"rendered":"<p>Denna transparenta TRUUSK-film f\u00f6r v\u00e4xthus, tillverkad av slitstarkt och UV-resistent plastmaterial, fr\u00e4mjar dina v\u00e4xters tillv\u00e4xt. V\u00e4xthus\u00f6verdraget \u00e4r UV5% skyddat och&#8230;<\/p>\n","protected":false},"featured_media":69565,"template":"","meta":[],"product_brand":[],"product_cat":[1025,858,443],"product_tag":[],"class_list":{"0":"post-69576","1":"product","2":"type-product","3":"status-publish","4":"has-post-thumbnail","6":"product_cat-plastfilmvaxthus","7":"product_cat-tradgard-terrass","8":"product_cat-vaxthus-tradgardsskotsel","10":"first","11":"instock","12":"sale","13":"taxable","14":"shipping-taxable","15":"purchasable","16":"product-type-simple"},"yoast_head":"<!-- This site is optimized with the Yoast SEO plugin v25.4 - https:\/\/yoast.com\/wordpress\/plugins\/seo\/ -->\n<title>TRUUSK V\u00e4xthusfilm 8x10 M - Vattent\u00e4t med UV-skydd - Extra tjock - Rivfast - Transparent - F\u00f6r v\u00e4xthus och utomhusbruk - TRUUSK - Hem, Tr\u00e4dg\u00e5rd &amp; Fritid<\/title>\n<meta name=\"robots\" content=\"index, follow, max-snippet:-1, max-image-preview:large, max-video-preview:-1\" \/>\n<link rel=\"canonical\" href=\"https:\/\/truusk.store\/sv\/produkt\/truusk-vaxthusfilm-8x10-m-vattentat-med-uv-skydd-extra-tjock-rivfast-transparent-for-vaxthus-och-utomhusbruk\/\" \/>\n<meta property=\"og:locale\" content=\"sv_SE\" \/>\n<meta property=\"og:type\" content=\"article\" \/>\n<meta property=\"og:title\" content=\"TRUUSK V\u00e4xthusfilm 8x10 M - Vattent\u00e4t med UV-skydd - Extra tjock - Rivfast - Transparent - F\u00f6r v\u00e4xthus och utomhusbruk - TRUUSK - Hem, Tr\u00e4dg\u00e5rd &amp; Fritid\" \/>\n<meta property=\"og:description\" content=\"Denna transparenta TRUUSK-film f\u00f6r v\u00e4xthus, tillverkad av slitstarkt och UV-resistent plastmaterial, fr\u00e4mjar dina v\u00e4xters tillv\u00e4xt. V\u00e4xthus\u00f6verdraget \u00e4r UV5% skyddat och...\" \/>\n<meta property=\"og:url\" content=\"https:\/\/truusk.store\/sv\/produkt\/truusk-vaxthusfilm-8x10-m-vattentat-med-uv-skydd-extra-tjock-rivfast-transparent-for-vaxthus-och-utomhusbruk\/\" \/>\n<meta property=\"og:site_name\" content=\"TRUUSK - Hem, Tr\u00e4dg\u00e5rd &amp; Fritid\" \/>\n<meta property=\"article:modified_time\" content=\"2026-03-12T07:40:32+00:00\" \/>\n<meta property=\"og:image\" content=\"https:\/\/i0.wp.com\/truusk.se\/wp-content\/uploads\/2025\/06\/vaxthusfilm-8x10-m-vattentat-tradgardsfilm-med-uv-skydd-extra-tjock-rivfast-plastfilm-tackduk-for-vaxthus-tunnelplast-for-utomhusbruk-transparent-1.webp?fit=2000%2C2000&ssl=1\" \/>\n\t<meta property=\"og:image:width\" content=\"2000\" \/>\n\t<meta property=\"og:image:height\" content=\"2000\" \/>\n\t<meta property=\"og:image:type\" content=\"image\/webp\" \/>\n<meta name=\"twitter:card\" content=\"summary_large_image\" \/>\n<meta name=\"twitter:label1\" content=\"Ber\u00e4knad l\u00e4stid\" \/>\n\t<meta name=\"twitter:data1\" content=\"1 minut\" \/>\n<!-- \/ Yoast SEO plugin. -->","yoast_head_json":{"title":"TRUUSK V\u00e4xthusfilm 8x10 M - Vattent\u00e4t med UV-skydd - Extra tjock - Rivfast - Transparent - F\u00f6r v\u00e4xthus och utomhusbruk - TRUUSK - Hem, Tr\u00e4dg\u00e5rd &amp; Fritid","robots":{"index":"index","follow":"follow","max-snippet":"max-snippet:-1","max-image-preview":"max-image-preview:large","max-video-preview":"max-video-preview:-1"},"canonical":"https:\/\/truusk.store\/sv\/produkt\/truusk-vaxthusfilm-8x10-m-vattentat-med-uv-skydd-extra-tjock-rivfast-transparent-for-vaxthus-och-utomhusbruk\/","og_locale":"sv_SE","og_type":"article","og_title":"TRUUSK V\u00e4xthusfilm 8x10 M - Vattent\u00e4t med UV-skydd - Extra tjock - Rivfast - Transparent - F\u00f6r v\u00e4xthus och utomhusbruk - TRUUSK - Hem, Tr\u00e4dg\u00e5rd &amp; Fritid","og_description":"Denna transparenta TRUUSK-film f\u00f6r v\u00e4xthus, tillverkad av slitstarkt och UV-resistent plastmaterial, fr\u00e4mjar dina v\u00e4xters tillv\u00e4xt. V\u00e4xthus\u00f6verdraget \u00e4r UV5% skyddat och...","og_url":"https:\/\/truusk.store\/sv\/produkt\/truusk-vaxthusfilm-8x10-m-vattentat-med-uv-skydd-extra-tjock-rivfast-transparent-for-vaxthus-och-utomhusbruk\/","og_site_name":"TRUUSK - Hem, Tr\u00e4dg\u00e5rd &amp; Fritid","article_modified_time":"2026-03-12T07:40:32+00:00","og_image":[{"width":2000,"height":2000,"url":"https:\/\/i0.wp.com\/truusk.se\/wp-content\/uploads\/2025\/06\/vaxthusfilm-8x10-m-vattentat-tradgardsfilm-med-uv-skydd-extra-tjock-rivfast-plastfilm-tackduk-for-vaxthus-tunnelplast-for-utomhusbruk-transparent-1.webp?fit=2000%2C2000&ssl=1","type":"image\/webp"}],"twitter_card":"summary_large_image","twitter_misc":{"Ber\u00e4knad l\u00e4stid":"1 minut"},"schema":{"@context":"https:\/\/schema.org","@graph":[{"@type":"WebPage","@id":"https:\/\/truusk.store\/sv\/produkt\/truusk-vaxthusfilm-8x10-m-vattentat-med-uv-skydd-extra-tjock-rivfast-transparent-for-vaxthus-och-utomhusbruk\/","url":"https:\/\/truusk.store\/sv\/produkt\/truusk-vaxthusfilm-8x10-m-vattentat-med-uv-skydd-extra-tjock-rivfast-transparent-for-vaxthus-och-utomhusbruk\/","name":"TRUUSK V\u00e4xthusfilm 8x10 M - Vattent\u00e4t med UV-skydd - Extra tjock - Rivfast - Transparent - F\u00f6r v\u00e4xthus och utomhusbruk - TRUUSK - Hem, Tr\u00e4dg\u00e5rd &amp; Fritid","isPartOf":{"@id":"https:\/\/truusk.store\/sv\/#website"},"primaryImageOfPage":{"@id":"https:\/\/truusk.store\/sv\/produkt\/truusk-vaxthusfilm-8x10-m-vattentat-med-uv-skydd-extra-tjock-rivfast-transparent-for-vaxthus-och-utomhusbruk\/#primaryimage"},"image":{"@id":"https:\/\/truusk.store\/sv\/produkt\/truusk-vaxthusfilm-8x10-m-vattentat-med-uv-skydd-extra-tjock-rivfast-transparent-for-vaxthus-och-utomhusbruk\/#primaryimage"},"thumbnailUrl":"https:\/\/i0.wp.com\/truusk.store\/wp-content\/uploads\/2025\/06\/vaxthusfilm-8x10-m-vattentat-tradgardsfilm-med-uv-skydd-extra-tjock-rivfast-plastfilm-tackduk-for-vaxthus-tunnelplast-for-utomhusbruk-transparent-1.webp?fit=2000%2C2000&ssl=1","datePublished":"2025-06-05T17:00:37+00:00","dateModified":"2026-03-12T07:40:32+00:00","breadcrumb":{"@id":"https:\/\/truusk.store\/sv\/produkt\/truusk-vaxthusfilm-8x10-m-vattentat-med-uv-skydd-extra-tjock-rivfast-transparent-for-vaxthus-och-utomhusbruk\/#breadcrumb"},"inLanguage":"sv-SE","potentialAction":[{"@type":"ReadAction","target":["https:\/\/truusk.store\/sv\/produkt\/truusk-vaxthusfilm-8x10-m-vattentat-med-uv-skydd-extra-tjock-rivfast-transparent-for-vaxthus-och-utomhusbruk\/"]}]},{"@type":"ImageObject","inLanguage":"sv-SE","@id":"https:\/\/truusk.store\/sv\/produkt\/truusk-vaxthusfilm-8x10-m-vattentat-med-uv-skydd-extra-tjock-rivfast-transparent-for-vaxthus-och-utomhusbruk\/#primaryimage","url":"https:\/\/i0.wp.com\/truusk.store\/wp-content\/uploads\/2025\/06\/vaxthusfilm-8x10-m-vattentat-tradgardsfilm-med-uv-skydd-extra-tjock-rivfast-plastfilm-tackduk-for-vaxthus-tunnelplast-for-utomhusbruk-transparent-1.webp?fit=2000%2C2000&ssl=1","contentUrl":"https:\/\/i0.wp.com\/truusk.store\/wp-content\/uploads\/2025\/06\/vaxthusfilm-8x10-m-vattentat-tradgardsfilm-med-uv-skydd-extra-tjock-rivfast-plastfilm-tackduk-for-vaxthus-tunnelplast-for-utomhusbruk-transparent-1.webp?fit=2000%2C2000&ssl=1","width":2000,"height":2000},{"@type":"BreadcrumbList","@id":"https:\/\/truusk.store\/sv\/produkt\/truusk-vaxthusfilm-8x10-m-vattentat-med-uv-skydd-extra-tjock-rivfast-transparent-for-vaxthus-och-utomhusbruk\/#breadcrumb","itemListElement":[{"@type":"ListItem","position":1,"name":"Home","item":"https:\/\/truusk.store\/sv\/"},{"@type":"ListItem","position":2,"name":"Shop","item":"https:\/\/truusk.store\/shop\/"},{"@type":"ListItem","position":3,"name":"TRUUSK V\u00e4xthusfilm 8&#215;10 M &#8211; Vattent\u00e4t med UV-skydd &#8211; Extra tjock &#8211; Rivfast &#8211; Transparent &#8211; F\u00f6r v\u00e4xthus och utomhusbruk"}]},{"@type":"WebSite","@id":"https:\/\/truusk.store\/sv\/#website","url":"https:\/\/truusk.store\/sv\/","name":"TRUUSK - Hem, Tr\u00e4dg\u00e5rd & Fritid","description":"","publisher":{"@id":"https:\/\/truusk.store\/sv\/#organization"},"potentialAction":[{"@type":"SearchAction","target":{"@type":"EntryPoint","urlTemplate":"https:\/\/truusk.store\/sv\/?s={search_term_string}"},"query-input":{"@type":"PropertyValueSpecification","valueRequired":true,"valueName":"search_term_string"}}],"inLanguage":"sv-SE"},{"@type":"Organization","@id":"https:\/\/truusk.store\/sv\/#organization","name":"TRUUSK - Hem, Tr\u00e4dg\u00e5rd & Fritid","url":"https:\/\/truusk.store\/sv\/","logo":{"@type":"ImageObject","inLanguage":"sv-SE","@id":"https:\/\/truusk.store\/sv\/#\/schema\/logo\/image\/","url":"https:\/\/i0.wp.com\/truusk.store\/wp-content\/uploads\/2026\/03\/cropped-TRUUSK.png?fit=2032%2C917&ssl=1","contentUrl":"https:\/\/i0.wp.com\/truusk.store\/wp-content\/uploads\/2026\/03\/cropped-TRUUSK.png?fit=2032%2C917&ssl=1","width":2032,"height":917,"caption":"TRUUSK - Hem, Tr\u00e4dg\u00e5rd & Fritid"},"image":{"@id":"https:\/\/truusk.store\/sv\/#\/schema\/logo\/image\/"}}]}},"jetpack_sharing_enabled":true,"_links":{"self":[{"href":"https:\/\/truusk.store\/sv\/wp-json\/wp\/v2\/product\/69576","targetHints":{"allow":["GET"]}}],"collection":[{"href":"https:\/\/truusk.store\/sv\/wp-json\/wp\/v2\/product"}],"about":[{"href":"https:\/\/truusk.store\/sv\/wp-json\/wp\/v2\/types\/product"}],"wp:featuredmedia":[{"embeddable":true,"href":"https:\/\/truusk.store\/sv\/wp-json\/wp\/v2\/media\/69565"}],"wp:attachment":[{"href":"https:\/\/truusk.store\/sv\/wp-json\/wp\/v2\/media?parent=69576"}],"wp:term":[{"taxonomy":"product_brand","embeddable":true,"href":"https:\/\/truusk.store\/sv\/wp-json\/wp\/v2\/product_brand?post=69576"},{"taxonomy":"product_cat","embeddable":true,"href":"https:\/\/truusk.store\/sv\/wp-json\/wp\/v2\/product_cat?post=69576"},{"taxonomy":"product_tag","embeddable":true,"href":"https:\/\/truusk.store\/sv\/wp-json\/wp\/v2\/product_tag?post=69576"}],"curies":[{"name":"wp","href":"https:\/\/api.w.org\/{rel}","templated":true}]}}