{"id":69616,"date":"2025-06-05T18:04:54","date_gmt":"2025-06-05T17:04:54","guid":{"rendered":"https:\/\/truusk.store\/product\/vaxthus-med-rullande-dorr-fonster-hyllor-vinterbestandigt-folievaxthus-av-stal-vaxthus-for-balkong-tradgard-tomatvaxthus-143-x-74-x-190-cm-tomatvaxthus-for-tomater-gronsaker-vit\/"},"modified":"2026-03-12T09:46:27","modified_gmt":"2026-03-12T08:46:27","slug":"truusk-vaxthus-med-rullande-dorr-fonster-hyllor-vinterbestandigt-folievaxthus-av-stal-for-balkong-tradgard","status":"publish","type":"product","link":"https:\/\/truusk.store\/sv\/produkt\/truusk-vaxthus-med-rullande-dorr-fonster-hyllor-vinterbestandigt-folievaxthus-av-stal-for-balkong-tradgard\/","title":{"rendered":"TRUUSK V\u00e4xthus Med Rullande D\u00f6rr &#8211; F\u00f6nster &amp; Hyllor &#8211; Vinterbest\u00e4ndigt Foliev\u00e4xthus Av St\u00e5l &#8211; F\u00f6r Balkong &amp; Tr\u00e4dg\u00e5rd &#8211;"},"content":{"rendered":"<p>Slut med oron f\u00f6r dina k\u00e4rleksfullt sk\u00f6tta v\u00e4xter! TRUUSKs g\u00e5ngbara v\u00e4xthus med inbyggd v\u00e4xtst\u00e4llning \u00e4r den idealiska l\u00f6sningen f\u00f6r hobbytr\u00e4dg\u00e5rdsm\u00e4stare. Den UV-resistenta plast\u00f6verdraget med upprullbar d\u00f6rr och tv\u00e5 n\u00e4t f\u00f6nster p\u00e5 tomat huset reglerar temperatur och fuktighet optimalt. Genom anpassningsbara tr\u00e5dpaneler i foliev\u00e4xthuset kan inredningen dessutom anpassas flexibelt beroende p\u00e5 v\u00e4xth\u00f6jden.<\/p>\n<p>Beskrivning:<\/p>\n<ul>\n<li> G\u00e5ngbart v\u00e4xthus med trestegs v\u00e4xtst\u00e4llningar p\u00e5 b\u00e5da sidor<\/li>\n<li> UV-resistent \u00f6verdrag p\u00e5 foliev\u00e4xthuset f\u00f6rhindrar br\u00e4nnskador och f\u00f6rl\u00e4nger livsl\u00e4ngden<\/li>\n<li> Kantade kanter f\u00f6rst\u00e4rker \u00f6verdraget och f\u00f6rhindrar sprickor<\/li>\n<li> Upprullbar dragkedjad\u00f6rr och n\u00e4t f\u00f6nster f\u00f6r enkel \u00e5tkomst och ventilation<\/li>\n<li> \u00d6verl\u00e5ngt \u00f6verdrag, sp\u00e4nnlinor och markankare g\u00f6r v\u00e4xthuset stabilare och s\u00e4krare<\/li>\n<li> Enkel montering med plastkopplingar och hyllclips<\/li>\n<\/ul>\n<p> Tekniska data:<\/p>\n<ul>\n<li> F\u00e4rg: Vit<\/li>\n<li> Material: St\u00e5l, plast<\/li>\n<li> Totala dimensioner: 143L x 74B x 190H cm<\/li>\n<li> D\u00f6rrdimensioner: 86B x 157H cm<\/li>\n<li> F\u00f6nsterdimensioner: 30B x 30H cm<\/li>\n<li> Tr\u00e5dhyllans dimensioner: 60B x 25T cm<\/li>\n<li> Hyllavst\u00e5nd: 45 cm<\/li>\n<li> Kantbredd: 10 cm<\/li>\n<li> Hyllans b\u00e4rkapacitet: 10 kg<\/li>\n<\/ul>\n<p>Leveransinneh\u00e5ll:<\/p>\n<ul>\n<li> 1 x V\u00e4xthus<\/li>\n<li> 4 x Sp\u00e4nnlinor<\/li>\n<li> 4 x Markspikar<\/li>\n<li> 16 x Clips<\/li>\n<li> 1 x Bruksanvisning<\/li>\n<\/ul>\n","protected":false},"excerpt":{"rendered":"<p>Slut med oron f\u00f6r dina k\u00e4rleksfullt sk\u00f6tta v\u00e4xter! TRUUSKs g\u00e5ngbara v\u00e4xthus med inbyggd v\u00e4xtst\u00e4llning \u00e4r den idealiska l\u00f6sningen f\u00f6r hobbytr\u00e4dg\u00e5rdsm\u00e4stare&#8230;.<\/p>\n","protected":false},"featured_media":69607,"template":"","meta":[],"product_brand":[],"product_cat":[923,858,443],"product_tag":[],"class_list":{"0":"post-69616","1":"product","2":"type-product","3":"status-publish","4":"has-post-thumbnail","6":"product_cat-plastfilm-vaxthus","7":"product_cat-tradgard-terrass","8":"product_cat-vaxthus-tradgardsskotsel","10":"first","11":"instock","12":"sale","13":"taxable","14":"shipping-taxable","15":"purchasable","16":"product-type-simple"},"yoast_head":"<!-- This site is optimized with the Yoast SEO plugin v25.4 - https:\/\/yoast.com\/wordpress\/plugins\/seo\/ -->\n<title>TRUUSK V\u00e4xthus Med Rullande D\u00f6rr - F\u00f6nster &amp; Hyllor - Vinterbest\u00e4ndigt Foliev\u00e4xthus Av St\u00e5l - F\u00f6r Balkong &amp; Tr\u00e4dg\u00e5rd - TRUUSK - Hem, Tr\u00e4dg\u00e5rd &amp; Fritid<\/title>\n<meta name=\"robots\" content=\"index, follow, max-snippet:-1, max-image-preview:large, max-video-preview:-1\" \/>\n<link rel=\"canonical\" href=\"https:\/\/truusk.store\/sv\/produkt\/truusk-vaxthus-med-rullande-dorr-fonster-hyllor-vinterbestandigt-folievaxthus-av-stal-for-balkong-tradgard\/\" \/>\n<meta property=\"og:locale\" content=\"sv_SE\" \/>\n<meta property=\"og:type\" content=\"article\" \/>\n<meta property=\"og:title\" content=\"TRUUSK V\u00e4xthus Med Rullande D\u00f6rr - F\u00f6nster &amp; Hyllor - Vinterbest\u00e4ndigt Foliev\u00e4xthus Av St\u00e5l - F\u00f6r Balkong &amp; Tr\u00e4dg\u00e5rd - TRUUSK - Hem, Tr\u00e4dg\u00e5rd &amp; Fritid\" \/>\n<meta property=\"og:description\" content=\"Slut med oron f\u00f6r dina k\u00e4rleksfullt sk\u00f6tta v\u00e4xter! TRUUSKs g\u00e5ngbara v\u00e4xthus med inbyggd v\u00e4xtst\u00e4llning \u00e4r den idealiska l\u00f6sningen f\u00f6r hobbytr\u00e4dg\u00e5rdsm\u00e4stare....\" \/>\n<meta property=\"og:url\" content=\"https:\/\/truusk.store\/sv\/produkt\/truusk-vaxthus-med-rullande-dorr-fonster-hyllor-vinterbestandigt-folievaxthus-av-stal-for-balkong-tradgard\/\" \/>\n<meta property=\"og:site_name\" content=\"TRUUSK - Hem, Tr\u00e4dg\u00e5rd &amp; Fritid\" \/>\n<meta property=\"article:modified_time\" content=\"2026-03-12T08:46:27+00:00\" \/>\n<meta property=\"og:image\" content=\"https:\/\/i0.wp.com\/truusk.se\/wp-content\/uploads\/2025\/06\/vaxthus-med-rullande-dorr-fonster-hyllor-vinterbestandigt-folievaxthus-av-stal-vaxthus-for-balkong-tradgard-tomatvaxthus-143-x-74-x-190-cm-tomatvaxthus-for-tomater-gronsaker-vit-1.webp?fit=2000%2C2000&ssl=1\" \/>\n\t<meta property=\"og:image:width\" content=\"2000\" \/>\n\t<meta property=\"og:image:height\" content=\"2000\" \/>\n\t<meta property=\"og:image:type\" content=\"image\/webp\" \/>\n<meta name=\"twitter:card\" content=\"summary_large_image\" \/>\n<meta name=\"twitter:label1\" content=\"Ber\u00e4knad l\u00e4stid\" \/>\n\t<meta name=\"twitter:data1\" content=\"1 minut\" \/>\n<!-- \/ Yoast SEO plugin. -->","yoast_head_json":{"title":"TRUUSK V\u00e4xthus Med Rullande D\u00f6rr - F\u00f6nster &amp; Hyllor - Vinterbest\u00e4ndigt Foliev\u00e4xthus Av St\u00e5l - F\u00f6r Balkong &amp; Tr\u00e4dg\u00e5rd - TRUUSK - Hem, Tr\u00e4dg\u00e5rd &amp; Fritid","robots":{"index":"index","follow":"follow","max-snippet":"max-snippet:-1","max-image-preview":"max-image-preview:large","max-video-preview":"max-video-preview:-1"},"canonical":"https:\/\/truusk.store\/sv\/produkt\/truusk-vaxthus-med-rullande-dorr-fonster-hyllor-vinterbestandigt-folievaxthus-av-stal-for-balkong-tradgard\/","og_locale":"sv_SE","og_type":"article","og_title":"TRUUSK V\u00e4xthus Med Rullande D\u00f6rr - F\u00f6nster &amp; Hyllor - Vinterbest\u00e4ndigt Foliev\u00e4xthus Av St\u00e5l - F\u00f6r Balkong &amp; Tr\u00e4dg\u00e5rd - TRUUSK - Hem, Tr\u00e4dg\u00e5rd &amp; Fritid","og_description":"Slut med oron f\u00f6r dina k\u00e4rleksfullt sk\u00f6tta v\u00e4xter! TRUUSKs g\u00e5ngbara v\u00e4xthus med inbyggd v\u00e4xtst\u00e4llning \u00e4r den idealiska l\u00f6sningen f\u00f6r hobbytr\u00e4dg\u00e5rdsm\u00e4stare....","og_url":"https:\/\/truusk.store\/sv\/produkt\/truusk-vaxthus-med-rullande-dorr-fonster-hyllor-vinterbestandigt-folievaxthus-av-stal-for-balkong-tradgard\/","og_site_name":"TRUUSK - Hem, Tr\u00e4dg\u00e5rd &amp; Fritid","article_modified_time":"2026-03-12T08:46:27+00:00","og_image":[{"width":2000,"height":2000,"url":"https:\/\/i0.wp.com\/truusk.se\/wp-content\/uploads\/2025\/06\/vaxthus-med-rullande-dorr-fonster-hyllor-vinterbestandigt-folievaxthus-av-stal-vaxthus-for-balkong-tradgard-tomatvaxthus-143-x-74-x-190-cm-tomatvaxthus-for-tomater-gronsaker-vit-1.webp?fit=2000%2C2000&ssl=1","type":"image\/webp"}],"twitter_card":"summary_large_image","twitter_misc":{"Ber\u00e4knad l\u00e4stid":"1 minut"},"schema":{"@context":"https:\/\/schema.org","@graph":[{"@type":"WebPage","@id":"https:\/\/truusk.store\/sv\/produkt\/truusk-vaxthus-med-rullande-dorr-fonster-hyllor-vinterbestandigt-folievaxthus-av-stal-for-balkong-tradgard\/","url":"https:\/\/truusk.store\/sv\/produkt\/truusk-vaxthus-med-rullande-dorr-fonster-hyllor-vinterbestandigt-folievaxthus-av-stal-for-balkong-tradgard\/","name":"TRUUSK V\u00e4xthus Med Rullande D\u00f6rr - F\u00f6nster &amp; Hyllor - Vinterbest\u00e4ndigt Foliev\u00e4xthus Av St\u00e5l - F\u00f6r Balkong &amp; Tr\u00e4dg\u00e5rd - TRUUSK - Hem, Tr\u00e4dg\u00e5rd &amp; Fritid","isPartOf":{"@id":"https:\/\/truusk.store\/sv\/#website"},"primaryImageOfPage":{"@id":"https:\/\/truusk.store\/sv\/produkt\/truusk-vaxthus-med-rullande-dorr-fonster-hyllor-vinterbestandigt-folievaxthus-av-stal-for-balkong-tradgard\/#primaryimage"},"image":{"@id":"https:\/\/truusk.store\/sv\/produkt\/truusk-vaxthus-med-rullande-dorr-fonster-hyllor-vinterbestandigt-folievaxthus-av-stal-for-balkong-tradgard\/#primaryimage"},"thumbnailUrl":"https:\/\/i0.wp.com\/truusk.store\/wp-content\/uploads\/2025\/06\/vaxthus-med-rullande-dorr-fonster-hyllor-vinterbestandigt-folievaxthus-av-stal-vaxthus-for-balkong-tradgard-tomatvaxthus-143-x-74-x-190-cm-tomatvaxthus-for-tomater-gronsaker-vit-1.webp?fit=2000%2C2000&ssl=1","datePublished":"2025-06-05T17:04:54+00:00","dateModified":"2026-03-12T08:46:27+00:00","breadcrumb":{"@id":"https:\/\/truusk.store\/sv\/produkt\/truusk-vaxthus-med-rullande-dorr-fonster-hyllor-vinterbestandigt-folievaxthus-av-stal-for-balkong-tradgard\/#breadcrumb"},"inLanguage":"sv-SE","potentialAction":[{"@type":"ReadAction","target":["https:\/\/truusk.store\/sv\/produkt\/truusk-vaxthus-med-rullande-dorr-fonster-hyllor-vinterbestandigt-folievaxthus-av-stal-for-balkong-tradgard\/"]}]},{"@type":"ImageObject","inLanguage":"sv-SE","@id":"https:\/\/truusk.store\/sv\/produkt\/truusk-vaxthus-med-rullande-dorr-fonster-hyllor-vinterbestandigt-folievaxthus-av-stal-for-balkong-tradgard\/#primaryimage","url":"https:\/\/i0.wp.com\/truusk.store\/wp-content\/uploads\/2025\/06\/vaxthus-med-rullande-dorr-fonster-hyllor-vinterbestandigt-folievaxthus-av-stal-vaxthus-for-balkong-tradgard-tomatvaxthus-143-x-74-x-190-cm-tomatvaxthus-for-tomater-gronsaker-vit-1.webp?fit=2000%2C2000&ssl=1","contentUrl":"https:\/\/i0.wp.com\/truusk.store\/wp-content\/uploads\/2025\/06\/vaxthus-med-rullande-dorr-fonster-hyllor-vinterbestandigt-folievaxthus-av-stal-vaxthus-for-balkong-tradgard-tomatvaxthus-143-x-74-x-190-cm-tomatvaxthus-for-tomater-gronsaker-vit-1.webp?fit=2000%2C2000&ssl=1","width":2000,"height":2000},{"@type":"BreadcrumbList","@id":"https:\/\/truusk.store\/sv\/produkt\/truusk-vaxthus-med-rullande-dorr-fonster-hyllor-vinterbestandigt-folievaxthus-av-stal-for-balkong-tradgard\/#breadcrumb","itemListElement":[{"@type":"ListItem","position":1,"name":"Home","item":"https:\/\/truusk.store\/sv\/"},{"@type":"ListItem","position":2,"name":"Shop","item":"https:\/\/truusk.store\/shop\/"},{"@type":"ListItem","position":3,"name":"TRUUSK V\u00e4xthus Med Rullande D\u00f6rr &#8211; F\u00f6nster &amp; Hyllor &#8211; Vinterbest\u00e4ndigt Foliev\u00e4xthus Av St\u00e5l &#8211; F\u00f6r Balkong &amp; Tr\u00e4dg\u00e5rd &#8211;"}]},{"@type":"WebSite","@id":"https:\/\/truusk.store\/sv\/#website","url":"https:\/\/truusk.store\/sv\/","name":"TRUUSK - Hem, Tr\u00e4dg\u00e5rd & Fritid","description":"","publisher":{"@id":"https:\/\/truusk.store\/sv\/#organization"},"potentialAction":[{"@type":"SearchAction","target":{"@type":"EntryPoint","urlTemplate":"https:\/\/truusk.store\/sv\/?s={search_term_string}"},"query-input":{"@type":"PropertyValueSpecification","valueRequired":true,"valueName":"search_term_string"}}],"inLanguage":"sv-SE"},{"@type":"Organization","@id":"https:\/\/truusk.store\/sv\/#organization","name":"TRUUSK - Hem, Tr\u00e4dg\u00e5rd & Fritid","url":"https:\/\/truusk.store\/sv\/","logo":{"@type":"ImageObject","inLanguage":"sv-SE","@id":"https:\/\/truusk.store\/sv\/#\/schema\/logo\/image\/","url":"https:\/\/i0.wp.com\/truusk.store\/wp-content\/uploads\/2026\/03\/cropped-TRUUSK.png?fit=2032%2C917&ssl=1","contentUrl":"https:\/\/i0.wp.com\/truusk.store\/wp-content\/uploads\/2026\/03\/cropped-TRUUSK.png?fit=2032%2C917&ssl=1","width":2032,"height":917,"caption":"TRUUSK - Hem, Tr\u00e4dg\u00e5rd & Fritid"},"image":{"@id":"https:\/\/truusk.store\/sv\/#\/schema\/logo\/image\/"}}]}},"jetpack_sharing_enabled":true,"_links":{"self":[{"href":"https:\/\/truusk.store\/sv\/wp-json\/wp\/v2\/product\/69616","targetHints":{"allow":["GET"]}}],"collection":[{"href":"https:\/\/truusk.store\/sv\/wp-json\/wp\/v2\/product"}],"about":[{"href":"https:\/\/truusk.store\/sv\/wp-json\/wp\/v2\/types\/product"}],"wp:featuredmedia":[{"embeddable":true,"href":"https:\/\/truusk.store\/sv\/wp-json\/wp\/v2\/media\/69607"}],"wp:attachment":[{"href":"https:\/\/truusk.store\/sv\/wp-json\/wp\/v2\/media?parent=69616"}],"wp:term":[{"taxonomy":"product_brand","embeddable":true,"href":"https:\/\/truusk.store\/sv\/wp-json\/wp\/v2\/product_brand?post=69616"},{"taxonomy":"product_cat","embeddable":true,"href":"https:\/\/truusk.store\/sv\/wp-json\/wp\/v2\/product_cat?post=69616"},{"taxonomy":"product_tag","embeddable":true,"href":"https:\/\/truusk.store\/sv\/wp-json\/wp\/v2\/product_tag?post=69616"}],"curies":[{"name":"wp","href":"https:\/\/api.w.org\/{rel}","templated":true}]}}