{"id":69623,"date":"2025-06-05T18:05:27","date_gmt":"2025-06-05T17:05:27","guid":{"rendered":"https:\/\/truusk.store\/product\/ersattnings-tak-for-paviljong-3x3-m-vattenavvisande-stabil-vinterfast-paviljongtak-for-hopfallbar-paviljong-stormfast-partytalt-ersattningsoverdrag-med-enkelt-tak-baldakin-for-tradgardspaviljong-kaff\/"},"modified":"2026-03-12T08:40:18","modified_gmt":"2026-03-12T07:40:18","slug":"truusk-ersattningstak-for-paviljong-3x3-m-vattenavvisande-stabil-vinterfast-stormsaker-enkelt-tak-baldakin-for","status":"publish","type":"product","link":"https:\/\/truusk.store\/sv\/produkt\/truusk-ersattningstak-for-paviljong-3x3-m-vattenavvisande-stabil-vinterfast-stormsaker-enkelt-tak-baldakin-for\/","title":{"rendered":"TRUUSK Ers\u00e4ttningstak f\u00f6r Paviljong 3&#215;3 M &#8211; Vattenavvisande &#8211; Stabil &#8211; Vinterfast &#8211; Storms\u00e4ker &#8211; Enkelt tak &#8211; Baldakin &#8211; F\u00f6r"},"content":{"rendered":"<p>Optimera dina tr\u00e4dg\u00e5rdsfester med TRUUSK paviljongers\u00e4ttnings tak! Perfekt designad f\u00f6r 3 x 3 m basyta \/ 2,4 x 2,4 m pop-up paviljonger med lutande ben, erbjuder detta tjocka polyester\u00f6verdrag f\u00f6r ers\u00e4ttningstaket optimalt solskydd och \u00e4r utrustat med UPF50+. Kardborrebanden p\u00e5 paviljongtaket s\u00e4kerst\u00e4ller en tajt passform, vilket g\u00f6r varje tr\u00e4dg\u00e5rdst\u00e4lt till h\u00e4ndelsens centrum. Dessutom \u00e4r det mycket enkelt att f\u00f6rvara n\u00e4r det inte anv\u00e4nds!<\/p>\n<p>Beskrivning:<\/p>\n<ul>\n<li> Passar p\u00e5 en 3 x 3 m bas. 2,4 x 2,4 m \u00f6vre baldakin. TRUUSK SKU 01-0232-serien<\/li>\n<li> Tjock polyester och UPF50+ silverbel\u00e4ggning p\u00e5 paviljongtaket skyddar mot intensiv solstr\u00e5lning<\/li>\n<li> Kardborrebanden p\u00e5 ers\u00e4ttnings\u00f6verdraget s\u00e4krar toppen utan anstr\u00e4ngning<\/li>\n<li> Elastiska krokar p\u00e5 ers\u00e4ttnings\u00f6verdraget kan snabbt f\u00e4stas p\u00e5 paviljongbenen<\/li>\n<li> Uppbyggnad av tv\u00e5 personer p\u00e5 mindre \u00e4n fem minuter m\u00f6jligt<\/li>\n<li> L\u00e4tt och hopf\u00e4llbar f\u00f6r problemfri lagring<\/li>\n<\/ul>\n<p> Tekniska data:<\/p>\n<ul>\n<li> F\u00e4rg: Kaffe<\/li>\n<li> Material: Oxford-tyg (100% polyester)<\/li>\n<li> Totala dimensioner: 240L x 240B cm (\u00f6vre), 300L x 300B cm (bas)<\/li>\n<li> Passar f\u00f6r TRUUSK SKU 01-0232<\/li>\n<\/ul>\n<p>Leveransinneh\u00e5ll:<\/p>\n<ul>\n<li> 1 x Paviljongers\u00e4ttnings tak<\/li>\n<li> 1 x Bruksanvisning<\/li>\n<\/ul>\n","protected":false},"excerpt":{"rendered":"<p>Optimera dina tr\u00e4dg\u00e5rdsfester med TRUUSK paviljongers\u00e4ttnings tak! Perfekt designad f\u00f6r 3 x 3 m basyta \/ 2,4 x 2,4 m&#8230;<\/p>\n","protected":false},"featured_media":69617,"template":"","meta":[],"product_brand":[],"product_cat":[479,858,476],"product_tag":[],"class_list":{"0":"post-69623","1":"product","2":"type-product","3":"status-publish","4":"has-post-thumbnail","6":"product_cat-paviljongtak","7":"product_cat-tradgard-terrass","8":"product_cat-tradgardspaviljonger","10":"first","11":"instock","12":"sale","13":"taxable","14":"shipping-taxable","15":"purchasable","16":"product-type-simple"},"yoast_head":"<!-- This site is optimized with the Yoast SEO plugin v25.4 - https:\/\/yoast.com\/wordpress\/plugins\/seo\/ -->\n<title>TRUUSK Ers\u00e4ttningstak f\u00f6r Paviljong 3x3 M - Vattenavvisande - Stabil - Vinterfast - Storms\u00e4ker - Enkelt tak - Baldakin - F\u00f6r - TRUUSK - Hem, Tr\u00e4dg\u00e5rd &amp; Fritid<\/title>\n<meta name=\"robots\" content=\"index, follow, max-snippet:-1, max-image-preview:large, max-video-preview:-1\" \/>\n<link rel=\"canonical\" href=\"https:\/\/truusk.store\/sv\/produkt\/truusk-ersattningstak-for-paviljong-3x3-m-vattenavvisande-stabil-vinterfast-stormsaker-enkelt-tak-baldakin-for\/\" \/>\n<meta property=\"og:locale\" content=\"sv_SE\" \/>\n<meta property=\"og:type\" content=\"article\" \/>\n<meta property=\"og:title\" content=\"TRUUSK Ers\u00e4ttningstak f\u00f6r Paviljong 3x3 M - Vattenavvisande - Stabil - Vinterfast - Storms\u00e4ker - Enkelt tak - Baldakin - F\u00f6r - TRUUSK - Hem, Tr\u00e4dg\u00e5rd &amp; Fritid\" \/>\n<meta property=\"og:description\" content=\"Optimera dina tr\u00e4dg\u00e5rdsfester med TRUUSK paviljongers\u00e4ttnings tak! Perfekt designad f\u00f6r 3 x 3 m basyta \/ 2,4 x 2,4 m...\" \/>\n<meta property=\"og:url\" content=\"https:\/\/truusk.store\/sv\/produkt\/truusk-ersattningstak-for-paviljong-3x3-m-vattenavvisande-stabil-vinterfast-stormsaker-enkelt-tak-baldakin-for\/\" \/>\n<meta property=\"og:site_name\" content=\"TRUUSK - Hem, Tr\u00e4dg\u00e5rd &amp; Fritid\" \/>\n<meta property=\"article:modified_time\" content=\"2026-03-12T07:40:18+00:00\" \/>\n<meta property=\"og:image\" content=\"https:\/\/i0.wp.com\/truusk.se\/wp-content\/uploads\/2025\/06\/ersattnings-tak-for-paviljong-3x3-m-vattenavvisande-stabil-vinterfast-paviljongtak-for-hopfallbar-paviljong-stormfast-partytalt-ersattningsoverdrag-med-enkelt-tak-baldakin-for-tradgardspaviljong-kaff-1.webp?fit=2000%2C2000&ssl=1\" \/>\n\t<meta property=\"og:image:width\" content=\"2000\" \/>\n\t<meta property=\"og:image:height\" content=\"2000\" \/>\n\t<meta property=\"og:image:type\" content=\"image\/webp\" \/>\n<meta name=\"twitter:card\" content=\"summary_large_image\" \/>\n<meta name=\"twitter:label1\" content=\"Ber\u00e4knad l\u00e4stid\" \/>\n\t<meta name=\"twitter:data1\" content=\"1 minut\" \/>\n<!-- \/ Yoast SEO plugin. -->","yoast_head_json":{"title":"TRUUSK Ers\u00e4ttningstak f\u00f6r Paviljong 3x3 M - Vattenavvisande - Stabil - Vinterfast - Storms\u00e4ker - Enkelt tak - Baldakin - F\u00f6r - TRUUSK - Hem, Tr\u00e4dg\u00e5rd &amp; Fritid","robots":{"index":"index","follow":"follow","max-snippet":"max-snippet:-1","max-image-preview":"max-image-preview:large","max-video-preview":"max-video-preview:-1"},"canonical":"https:\/\/truusk.store\/sv\/produkt\/truusk-ersattningstak-for-paviljong-3x3-m-vattenavvisande-stabil-vinterfast-stormsaker-enkelt-tak-baldakin-for\/","og_locale":"sv_SE","og_type":"article","og_title":"TRUUSK Ers\u00e4ttningstak f\u00f6r Paviljong 3x3 M - Vattenavvisande - Stabil - Vinterfast - Storms\u00e4ker - Enkelt tak - Baldakin - F\u00f6r - TRUUSK - Hem, Tr\u00e4dg\u00e5rd &amp; Fritid","og_description":"Optimera dina tr\u00e4dg\u00e5rdsfester med TRUUSK paviljongers\u00e4ttnings tak! Perfekt designad f\u00f6r 3 x 3 m basyta \/ 2,4 x 2,4 m...","og_url":"https:\/\/truusk.store\/sv\/produkt\/truusk-ersattningstak-for-paviljong-3x3-m-vattenavvisande-stabil-vinterfast-stormsaker-enkelt-tak-baldakin-for\/","og_site_name":"TRUUSK - Hem, Tr\u00e4dg\u00e5rd &amp; Fritid","article_modified_time":"2026-03-12T07:40:18+00:00","og_image":[{"width":2000,"height":2000,"url":"https:\/\/i0.wp.com\/truusk.se\/wp-content\/uploads\/2025\/06\/ersattnings-tak-for-paviljong-3x3-m-vattenavvisande-stabil-vinterfast-paviljongtak-for-hopfallbar-paviljong-stormfast-partytalt-ersattningsoverdrag-med-enkelt-tak-baldakin-for-tradgardspaviljong-kaff-1.webp?fit=2000%2C2000&ssl=1","type":"image\/webp"}],"twitter_card":"summary_large_image","twitter_misc":{"Ber\u00e4knad l\u00e4stid":"1 minut"},"schema":{"@context":"https:\/\/schema.org","@graph":[{"@type":"WebPage","@id":"https:\/\/truusk.store\/sv\/produkt\/truusk-ersattningstak-for-paviljong-3x3-m-vattenavvisande-stabil-vinterfast-stormsaker-enkelt-tak-baldakin-for\/","url":"https:\/\/truusk.store\/sv\/produkt\/truusk-ersattningstak-for-paviljong-3x3-m-vattenavvisande-stabil-vinterfast-stormsaker-enkelt-tak-baldakin-for\/","name":"TRUUSK Ers\u00e4ttningstak f\u00f6r Paviljong 3x3 M - Vattenavvisande - Stabil - Vinterfast - Storms\u00e4ker - Enkelt tak - Baldakin - F\u00f6r - TRUUSK - Hem, Tr\u00e4dg\u00e5rd &amp; Fritid","isPartOf":{"@id":"https:\/\/truusk.store\/sv\/#website"},"primaryImageOfPage":{"@id":"https:\/\/truusk.store\/sv\/produkt\/truusk-ersattningstak-for-paviljong-3x3-m-vattenavvisande-stabil-vinterfast-stormsaker-enkelt-tak-baldakin-for\/#primaryimage"},"image":{"@id":"https:\/\/truusk.store\/sv\/produkt\/truusk-ersattningstak-for-paviljong-3x3-m-vattenavvisande-stabil-vinterfast-stormsaker-enkelt-tak-baldakin-for\/#primaryimage"},"thumbnailUrl":"https:\/\/i0.wp.com\/truusk.store\/wp-content\/uploads\/2025\/06\/ersattnings-tak-for-paviljong-3x3-m-vattenavvisande-stabil-vinterfast-paviljongtak-for-hopfallbar-paviljong-stormfast-partytalt-ersattningsoverdrag-med-enkelt-tak-baldakin-for-tradgardspaviljong-kaff-1.webp?fit=2000%2C2000&ssl=1","datePublished":"2025-06-05T17:05:27+00:00","dateModified":"2026-03-12T07:40:18+00:00","breadcrumb":{"@id":"https:\/\/truusk.store\/sv\/produkt\/truusk-ersattningstak-for-paviljong-3x3-m-vattenavvisande-stabil-vinterfast-stormsaker-enkelt-tak-baldakin-for\/#breadcrumb"},"inLanguage":"sv-SE","potentialAction":[{"@type":"ReadAction","target":["https:\/\/truusk.store\/sv\/produkt\/truusk-ersattningstak-for-paviljong-3x3-m-vattenavvisande-stabil-vinterfast-stormsaker-enkelt-tak-baldakin-for\/"]}]},{"@type":"ImageObject","inLanguage":"sv-SE","@id":"https:\/\/truusk.store\/sv\/produkt\/truusk-ersattningstak-for-paviljong-3x3-m-vattenavvisande-stabil-vinterfast-stormsaker-enkelt-tak-baldakin-for\/#primaryimage","url":"https:\/\/i0.wp.com\/truusk.store\/wp-content\/uploads\/2025\/06\/ersattnings-tak-for-paviljong-3x3-m-vattenavvisande-stabil-vinterfast-paviljongtak-for-hopfallbar-paviljong-stormfast-partytalt-ersattningsoverdrag-med-enkelt-tak-baldakin-for-tradgardspaviljong-kaff-1.webp?fit=2000%2C2000&ssl=1","contentUrl":"https:\/\/i0.wp.com\/truusk.store\/wp-content\/uploads\/2025\/06\/ersattnings-tak-for-paviljong-3x3-m-vattenavvisande-stabil-vinterfast-paviljongtak-for-hopfallbar-paviljong-stormfast-partytalt-ersattningsoverdrag-med-enkelt-tak-baldakin-for-tradgardspaviljong-kaff-1.webp?fit=2000%2C2000&ssl=1","width":2000,"height":2000},{"@type":"BreadcrumbList","@id":"https:\/\/truusk.store\/sv\/produkt\/truusk-ersattningstak-for-paviljong-3x3-m-vattenavvisande-stabil-vinterfast-stormsaker-enkelt-tak-baldakin-for\/#breadcrumb","itemListElement":[{"@type":"ListItem","position":1,"name":"Home","item":"https:\/\/truusk.store\/sv\/"},{"@type":"ListItem","position":2,"name":"Shop","item":"https:\/\/truusk.store\/shop\/"},{"@type":"ListItem","position":3,"name":"TRUUSK Ers\u00e4ttningstak f\u00f6r Paviljong 3&#215;3 M &#8211; Vattenavvisande &#8211; Stabil &#8211; Vinterfast &#8211; Storms\u00e4ker &#8211; Enkelt tak &#8211; Baldakin &#8211; F\u00f6r"}]},{"@type":"WebSite","@id":"https:\/\/truusk.store\/sv\/#website","url":"https:\/\/truusk.store\/sv\/","name":"TRUUSK - Hem, Tr\u00e4dg\u00e5rd & Fritid","description":"","publisher":{"@id":"https:\/\/truusk.store\/sv\/#organization"},"potentialAction":[{"@type":"SearchAction","target":{"@type":"EntryPoint","urlTemplate":"https:\/\/truusk.store\/sv\/?s={search_term_string}"},"query-input":{"@type":"PropertyValueSpecification","valueRequired":true,"valueName":"search_term_string"}}],"inLanguage":"sv-SE"},{"@type":"Organization","@id":"https:\/\/truusk.store\/sv\/#organization","name":"TRUUSK - Hem, Tr\u00e4dg\u00e5rd & Fritid","url":"https:\/\/truusk.store\/sv\/","logo":{"@type":"ImageObject","inLanguage":"sv-SE","@id":"https:\/\/truusk.store\/sv\/#\/schema\/logo\/image\/","url":"https:\/\/i0.wp.com\/truusk.store\/wp-content\/uploads\/2026\/03\/cropped-TRUUSK.png?fit=2032%2C917&ssl=1","contentUrl":"https:\/\/i0.wp.com\/truusk.store\/wp-content\/uploads\/2026\/03\/cropped-TRUUSK.png?fit=2032%2C917&ssl=1","width":2032,"height":917,"caption":"TRUUSK - Hem, Tr\u00e4dg\u00e5rd & Fritid"},"image":{"@id":"https:\/\/truusk.store\/sv\/#\/schema\/logo\/image\/"}}]}},"jetpack_sharing_enabled":true,"_links":{"self":[{"href":"https:\/\/truusk.store\/sv\/wp-json\/wp\/v2\/product\/69623","targetHints":{"allow":["GET"]}}],"collection":[{"href":"https:\/\/truusk.store\/sv\/wp-json\/wp\/v2\/product"}],"about":[{"href":"https:\/\/truusk.store\/sv\/wp-json\/wp\/v2\/types\/product"}],"wp:featuredmedia":[{"embeddable":true,"href":"https:\/\/truusk.store\/sv\/wp-json\/wp\/v2\/media\/69617"}],"wp:attachment":[{"href":"https:\/\/truusk.store\/sv\/wp-json\/wp\/v2\/media?parent=69623"}],"wp:term":[{"taxonomy":"product_brand","embeddable":true,"href":"https:\/\/truusk.store\/sv\/wp-json\/wp\/v2\/product_brand?post=69623"},{"taxonomy":"product_cat","embeddable":true,"href":"https:\/\/truusk.store\/sv\/wp-json\/wp\/v2\/product_cat?post=69623"},{"taxonomy":"product_tag","embeddable":true,"href":"https:\/\/truusk.store\/sv\/wp-json\/wp\/v2\/product_tag?post=69623"}],"curies":[{"name":"wp","href":"https:\/\/api.w.org\/{rel}","templated":true}]}}