{"id":69707,"date":"2025-06-05T18:14:55","date_gmt":"2025-06-05T17:14:55","guid":{"rendered":"https:\/\/truusk.store\/product\/vaxthus-med-hyllor-rullande-dorr-vinterbestandigt-folievaxthus-av-stal-vaxthus-for-balkong-tradgard-tomatvaxthus-med-uv-skydd-100x40x150cm-tomatvaxthus-for-gronsaker-blommor-vaxter-gron\/"},"modified":"2026-03-12T09:46:15","modified_gmt":"2026-03-12T08:46:15","slug":"truusk-vaxthus-med-hyllor-rullande-dorr-vinterbestandigt-folievaxthus-stalkonstruktion-uv-skydd-100x40x150cm-for","status":"publish","type":"product","link":"https:\/\/truusk.store\/sv\/produkt\/truusk-vaxthus-med-hyllor-rullande-dorr-vinterbestandigt-folievaxthus-stalkonstruktion-uv-skydd-100x40x150cm-for\/","title":{"rendered":"TRUUSK V\u00e4xthus Med Hyllor &#8211; Rullande D\u00f6rr &#8211; Vinterbest\u00e4ndigt Foliev\u00e4xthus &#8211; St\u00e5lkonstruktion &#8211; UV-skydd &#8211; 100x40x150cm &#8211; F\u00f6r"},"content":{"rendered":"<p>Detta TRUUSK v\u00e4xthus med tre niv\u00e5er och hyllor erbjuder gott om utrymme f\u00f6r blomkrukor och odlingsbrickor, omgivna av ett robust plasth\u00f6lje som skyddar dina v\u00e4xter fr\u00e5n UV-skador och f\u00f6rser dem med solljus. Den upprullbara d\u00f6rren med dragkedja p\u00e5 v\u00e4xthuset underl\u00e4ttar \u00e5tkomst och s\u00e4kerst\u00e4ller utm\u00e4rkt ventilation. Perfekt tomatv\u00e4xthus f\u00f6r alla som vill skapa en blomstrande, b\u00e4rbar tr\u00e4dg\u00e5rdsoas!<\/p>\n<p>Beskrivning:<\/p>\n<ul>\n<li> Det trestegs v\u00e4xtst\u00e4ll i tomatv\u00e4xthuset maximerar lagringsutrymmet f\u00f6r tr\u00e4dg\u00e5rdstillbeh\u00f6r<\/li>\n<li> F\u00f6rst\u00e4rkt plast\u00f6verdrag p\u00e5 v\u00e4xthuset skyddar v\u00e4xter fr\u00e5n UV-str\u00e5lning och \u00f6kar livsl\u00e4ngden<\/li>\n<li> Upprullbar dragkedjad\u00f6rr s\u00e4kerst\u00e4ller bekv\u00e4m \u00e5tkomst och optimal ventilation<\/li>\n<li> Varje sida inneh\u00e5ller ett ventilationsh\u00e5l f\u00f6r att fr\u00e4mja luftcirkulation<\/li>\n<li> Snedtakdesign f\u00f6rhindrar vattenansamling och skyddar strukturen<\/li>\n<li> Pulverlackerad st\u00e5lram p\u00e5 v\u00e4xthuset erbjuder robust, stabil st\u00f6d<\/li>\n<li> Extra l\u00e5ngt \u00f6verdrag f\u00f6r att gr\u00e4va in i marken f\u00f6r t\u00e4tning och stabilitet<\/li>\n<li> Montering kr\u00e4vs<\/li>\n<\/ul>\n<p> Tekniska data:<\/p>\n<ul>\n<li> F\u00e4rg: Gr\u00f6n<\/li>\n<li> Material: St\u00e5l, Plast<\/li>\n<li> Totala dimensioner: 100B x 40T x 150H cm<\/li>\n<li> D\u00f6rrdimension: 73B x 137H cm<\/li>\n<li> Hyllstorlek: 95B x 40T cm<\/li>\n<li> Tr\u00e5dhylladimension: 42L x 41,5B x 45H cm<\/li>\n<li> Kantbredd: 10 cm<\/li>\n<li> Lastkapacitet per hylla: 10 kg<\/li>\n<li> Montering kr\u00e4vs: 1-2 personer rekommenderas<\/li>\n<\/ul>\n<p>Leveransinneh\u00e5ll:<\/p>\n<ul>\n<li> 1 x V\u00e4xthus<\/li>\n<li> 8 x Plastsp\u00e4nne<\/li>\n<li> 1 x Handbok<\/li>\n<\/ul>\n","protected":false},"excerpt":{"rendered":"<p>Detta TRUUSK v\u00e4xthus med tre niv\u00e5er och hyllor erbjuder gott om utrymme f\u00f6r blomkrukor och odlingsbrickor, omgivna av ett robust&#8230;<\/p>\n","protected":false},"featured_media":69698,"template":"","meta":[],"product_brand":[],"product_cat":[903,858,443],"product_tag":[],"class_list":{"0":"post-69707","1":"product","2":"type-product","3":"status-publish","4":"has-post-thumbnail","6":"product_cat-plastvaxthus","7":"product_cat-tradgard-terrass","8":"product_cat-vaxthus-tradgardsskotsel","10":"first","11":"instock","12":"sale","13":"taxable","14":"shipping-taxable","15":"purchasable","16":"product-type-simple"},"yoast_head":"<!-- This site is optimized with the Yoast SEO plugin v25.4 - https:\/\/yoast.com\/wordpress\/plugins\/seo\/ -->\n<title>TRUUSK V\u00e4xthus Med Hyllor - Rullande D\u00f6rr - Vinterbest\u00e4ndigt Foliev\u00e4xthus - St\u00e5lkonstruktion - UV-skydd - 100x40x150cm - F\u00f6r - TRUUSK - Hem, Tr\u00e4dg\u00e5rd &amp; Fritid<\/title>\n<meta name=\"robots\" content=\"index, follow, max-snippet:-1, max-image-preview:large, max-video-preview:-1\" \/>\n<link rel=\"canonical\" href=\"https:\/\/truusk.store\/sv\/produkt\/truusk-vaxthus-med-hyllor-rullande-dorr-vinterbestandigt-folievaxthus-stalkonstruktion-uv-skydd-100x40x150cm-for\/\" \/>\n<meta property=\"og:locale\" content=\"sv_SE\" \/>\n<meta property=\"og:type\" content=\"article\" \/>\n<meta property=\"og:title\" content=\"TRUUSK V\u00e4xthus Med Hyllor - Rullande D\u00f6rr - Vinterbest\u00e4ndigt Foliev\u00e4xthus - St\u00e5lkonstruktion - UV-skydd - 100x40x150cm - F\u00f6r - TRUUSK - Hem, Tr\u00e4dg\u00e5rd &amp; Fritid\" \/>\n<meta property=\"og:description\" content=\"Detta TRUUSK v\u00e4xthus med tre niv\u00e5er och hyllor erbjuder gott om utrymme f\u00f6r blomkrukor och odlingsbrickor, omgivna av ett robust...\" \/>\n<meta property=\"og:url\" content=\"https:\/\/truusk.store\/sv\/produkt\/truusk-vaxthus-med-hyllor-rullande-dorr-vinterbestandigt-folievaxthus-stalkonstruktion-uv-skydd-100x40x150cm-for\/\" \/>\n<meta property=\"og:site_name\" content=\"TRUUSK - Hem, Tr\u00e4dg\u00e5rd &amp; Fritid\" \/>\n<meta property=\"article:modified_time\" content=\"2026-03-12T08:46:15+00:00\" \/>\n<meta property=\"og:image\" content=\"https:\/\/i0.wp.com\/truusk.se\/wp-content\/uploads\/2025\/06\/vaxthus-med-hyllor-rullande-dorr-vinterbestandigt-folievaxthus-av-stal-vaxthus-for-balkong-tradgard-tomatvaxthus-med-uv-skydd-100x40x150cm-tomatvaxthus-for-gronsaker-blommor-vaxter-gron-1.webp?fit=2000%2C2000&ssl=1\" \/>\n\t<meta property=\"og:image:width\" content=\"2000\" \/>\n\t<meta property=\"og:image:height\" content=\"2000\" \/>\n\t<meta property=\"og:image:type\" content=\"image\/webp\" \/>\n<meta name=\"twitter:card\" content=\"summary_large_image\" \/>\n<meta name=\"twitter:label1\" content=\"Ber\u00e4knad l\u00e4stid\" \/>\n\t<meta name=\"twitter:data1\" content=\"1 minut\" \/>\n<!-- \/ Yoast SEO plugin. -->","yoast_head_json":{"title":"TRUUSK V\u00e4xthus Med Hyllor - Rullande D\u00f6rr - Vinterbest\u00e4ndigt Foliev\u00e4xthus - St\u00e5lkonstruktion - UV-skydd - 100x40x150cm - F\u00f6r - TRUUSK - Hem, Tr\u00e4dg\u00e5rd &amp; Fritid","robots":{"index":"index","follow":"follow","max-snippet":"max-snippet:-1","max-image-preview":"max-image-preview:large","max-video-preview":"max-video-preview:-1"},"canonical":"https:\/\/truusk.store\/sv\/produkt\/truusk-vaxthus-med-hyllor-rullande-dorr-vinterbestandigt-folievaxthus-stalkonstruktion-uv-skydd-100x40x150cm-for\/","og_locale":"sv_SE","og_type":"article","og_title":"TRUUSK V\u00e4xthus Med Hyllor - Rullande D\u00f6rr - Vinterbest\u00e4ndigt Foliev\u00e4xthus - St\u00e5lkonstruktion - UV-skydd - 100x40x150cm - F\u00f6r - TRUUSK - Hem, Tr\u00e4dg\u00e5rd &amp; Fritid","og_description":"Detta TRUUSK v\u00e4xthus med tre niv\u00e5er och hyllor erbjuder gott om utrymme f\u00f6r blomkrukor och odlingsbrickor, omgivna av ett robust...","og_url":"https:\/\/truusk.store\/sv\/produkt\/truusk-vaxthus-med-hyllor-rullande-dorr-vinterbestandigt-folievaxthus-stalkonstruktion-uv-skydd-100x40x150cm-for\/","og_site_name":"TRUUSK - Hem, Tr\u00e4dg\u00e5rd &amp; Fritid","article_modified_time":"2026-03-12T08:46:15+00:00","og_image":[{"width":2000,"height":2000,"url":"https:\/\/i0.wp.com\/truusk.se\/wp-content\/uploads\/2025\/06\/vaxthus-med-hyllor-rullande-dorr-vinterbestandigt-folievaxthus-av-stal-vaxthus-for-balkong-tradgard-tomatvaxthus-med-uv-skydd-100x40x150cm-tomatvaxthus-for-gronsaker-blommor-vaxter-gron-1.webp?fit=2000%2C2000&ssl=1","type":"image\/webp"}],"twitter_card":"summary_large_image","twitter_misc":{"Ber\u00e4knad l\u00e4stid":"1 minut"},"schema":{"@context":"https:\/\/schema.org","@graph":[{"@type":"WebPage","@id":"https:\/\/truusk.store\/sv\/produkt\/truusk-vaxthus-med-hyllor-rullande-dorr-vinterbestandigt-folievaxthus-stalkonstruktion-uv-skydd-100x40x150cm-for\/","url":"https:\/\/truusk.store\/sv\/produkt\/truusk-vaxthus-med-hyllor-rullande-dorr-vinterbestandigt-folievaxthus-stalkonstruktion-uv-skydd-100x40x150cm-for\/","name":"TRUUSK V\u00e4xthus Med Hyllor - Rullande D\u00f6rr - Vinterbest\u00e4ndigt Foliev\u00e4xthus - St\u00e5lkonstruktion - UV-skydd - 100x40x150cm - F\u00f6r - TRUUSK - Hem, Tr\u00e4dg\u00e5rd &amp; Fritid","isPartOf":{"@id":"https:\/\/truusk.store\/sv\/#website"},"primaryImageOfPage":{"@id":"https:\/\/truusk.store\/sv\/produkt\/truusk-vaxthus-med-hyllor-rullande-dorr-vinterbestandigt-folievaxthus-stalkonstruktion-uv-skydd-100x40x150cm-for\/#primaryimage"},"image":{"@id":"https:\/\/truusk.store\/sv\/produkt\/truusk-vaxthus-med-hyllor-rullande-dorr-vinterbestandigt-folievaxthus-stalkonstruktion-uv-skydd-100x40x150cm-for\/#primaryimage"},"thumbnailUrl":"https:\/\/i0.wp.com\/truusk.store\/wp-content\/uploads\/2025\/06\/vaxthus-med-hyllor-rullande-dorr-vinterbestandigt-folievaxthus-av-stal-vaxthus-for-balkong-tradgard-tomatvaxthus-med-uv-skydd-100x40x150cm-tomatvaxthus-for-gronsaker-blommor-vaxter-gron-1.webp?fit=2000%2C2000&ssl=1","datePublished":"2025-06-05T17:14:55+00:00","dateModified":"2026-03-12T08:46:15+00:00","breadcrumb":{"@id":"https:\/\/truusk.store\/sv\/produkt\/truusk-vaxthus-med-hyllor-rullande-dorr-vinterbestandigt-folievaxthus-stalkonstruktion-uv-skydd-100x40x150cm-for\/#breadcrumb"},"inLanguage":"sv-SE","potentialAction":[{"@type":"ReadAction","target":["https:\/\/truusk.store\/sv\/produkt\/truusk-vaxthus-med-hyllor-rullande-dorr-vinterbestandigt-folievaxthus-stalkonstruktion-uv-skydd-100x40x150cm-for\/"]}]},{"@type":"ImageObject","inLanguage":"sv-SE","@id":"https:\/\/truusk.store\/sv\/produkt\/truusk-vaxthus-med-hyllor-rullande-dorr-vinterbestandigt-folievaxthus-stalkonstruktion-uv-skydd-100x40x150cm-for\/#primaryimage","url":"https:\/\/i0.wp.com\/truusk.store\/wp-content\/uploads\/2025\/06\/vaxthus-med-hyllor-rullande-dorr-vinterbestandigt-folievaxthus-av-stal-vaxthus-for-balkong-tradgard-tomatvaxthus-med-uv-skydd-100x40x150cm-tomatvaxthus-for-gronsaker-blommor-vaxter-gron-1.webp?fit=2000%2C2000&ssl=1","contentUrl":"https:\/\/i0.wp.com\/truusk.store\/wp-content\/uploads\/2025\/06\/vaxthus-med-hyllor-rullande-dorr-vinterbestandigt-folievaxthus-av-stal-vaxthus-for-balkong-tradgard-tomatvaxthus-med-uv-skydd-100x40x150cm-tomatvaxthus-for-gronsaker-blommor-vaxter-gron-1.webp?fit=2000%2C2000&ssl=1","width":2000,"height":2000},{"@type":"BreadcrumbList","@id":"https:\/\/truusk.store\/sv\/produkt\/truusk-vaxthus-med-hyllor-rullande-dorr-vinterbestandigt-folievaxthus-stalkonstruktion-uv-skydd-100x40x150cm-for\/#breadcrumb","itemListElement":[{"@type":"ListItem","position":1,"name":"Home","item":"https:\/\/truusk.store\/sv\/"},{"@type":"ListItem","position":2,"name":"Shop","item":"https:\/\/truusk.store\/shop\/"},{"@type":"ListItem","position":3,"name":"TRUUSK V\u00e4xthus Med Hyllor &#8211; Rullande D\u00f6rr &#8211; Vinterbest\u00e4ndigt Foliev\u00e4xthus &#8211; St\u00e5lkonstruktion &#8211; UV-skydd &#8211; 100x40x150cm &#8211; F\u00f6r"}]},{"@type":"WebSite","@id":"https:\/\/truusk.store\/sv\/#website","url":"https:\/\/truusk.store\/sv\/","name":"TRUUSK - Hem, Tr\u00e4dg\u00e5rd & Fritid","description":"","publisher":{"@id":"https:\/\/truusk.store\/sv\/#organization"},"potentialAction":[{"@type":"SearchAction","target":{"@type":"EntryPoint","urlTemplate":"https:\/\/truusk.store\/sv\/?s={search_term_string}"},"query-input":{"@type":"PropertyValueSpecification","valueRequired":true,"valueName":"search_term_string"}}],"inLanguage":"sv-SE"},{"@type":"Organization","@id":"https:\/\/truusk.store\/sv\/#organization","name":"TRUUSK - Hem, Tr\u00e4dg\u00e5rd & Fritid","url":"https:\/\/truusk.store\/sv\/","logo":{"@type":"ImageObject","inLanguage":"sv-SE","@id":"https:\/\/truusk.store\/sv\/#\/schema\/logo\/image\/","url":"https:\/\/i0.wp.com\/truusk.store\/wp-content\/uploads\/2026\/03\/cropped-TRUUSK.png?fit=2032%2C917&ssl=1","contentUrl":"https:\/\/i0.wp.com\/truusk.store\/wp-content\/uploads\/2026\/03\/cropped-TRUUSK.png?fit=2032%2C917&ssl=1","width":2032,"height":917,"caption":"TRUUSK - Hem, Tr\u00e4dg\u00e5rd & Fritid"},"image":{"@id":"https:\/\/truusk.store\/sv\/#\/schema\/logo\/image\/"}}]}},"jetpack_sharing_enabled":true,"_links":{"self":[{"href":"https:\/\/truusk.store\/sv\/wp-json\/wp\/v2\/product\/69707","targetHints":{"allow":["GET"]}}],"collection":[{"href":"https:\/\/truusk.store\/sv\/wp-json\/wp\/v2\/product"}],"about":[{"href":"https:\/\/truusk.store\/sv\/wp-json\/wp\/v2\/types\/product"}],"wp:featuredmedia":[{"embeddable":true,"href":"https:\/\/truusk.store\/sv\/wp-json\/wp\/v2\/media\/69698"}],"wp:attachment":[{"href":"https:\/\/truusk.store\/sv\/wp-json\/wp\/v2\/media?parent=69707"}],"wp:term":[{"taxonomy":"product_brand","embeddable":true,"href":"https:\/\/truusk.store\/sv\/wp-json\/wp\/v2\/product_brand?post=69707"},{"taxonomy":"product_cat","embeddable":true,"href":"https:\/\/truusk.store\/sv\/wp-json\/wp\/v2\/product_cat?post=69707"},{"taxonomy":"product_tag","embeddable":true,"href":"https:\/\/truusk.store\/sv\/wp-json\/wp\/v2\/product_tag?post=69707"}],"curies":[{"name":"wp","href":"https:\/\/api.w.org\/{rel}","templated":true}]}}