{"id":69737,"date":"2025-06-05T18:17:54","date_gmt":"2025-06-05T17:17:54","guid":{"rendered":"https:\/\/truusk.store\/product\/odlingsbadd-med-tackning-upphojd-ortbadd-med-avloppshal-planteringslada-i-metall-vaderbestandig-gronsaksbadd-tradgardsbadd-planteringsbadd-for-tradgard-balkong-60-x-60-x-120-cm-svart\/"},"modified":"2026-03-12T09:46:30","modified_gmt":"2026-03-12T08:46:30","slug":"truusk-upphojd-odlingsbadd-med-avloppshal-vaderbestandig-metall-for-tradgard-och-balkong-60-x-60-x-120-cm-svart","status":"publish","type":"product","link":"https:\/\/truusk.store\/sv\/produkt\/truusk-upphojd-odlingsbadd-med-avloppshal-vaderbestandig-metall-for-tradgard-och-balkong-60-x-60-x-120-cm-svart\/","title":{"rendered":"TRUUSK Upph\u00f6jd odlingsb\u00e4dd med avloppsh\u00e5l &#8211; V\u00e4derbest\u00e4ndig &#8211; Metall &#8211; F\u00f6r tr\u00e4dg\u00e5rd och balkong &#8211; 60 x 60 x 120 cm &#8211; Svart"},"content":{"rendered":"<p>Upplev enkel tr\u00e4dg\u00e5rdssk\u00f6tsel med TRUUSK h\u00f6g s\u00e4ng f\u00f6r balkongen! Denna tr\u00e4dg\u00e5rdsl\u00e5da har ett v\u00e4xthuskydd med plast\u00f6verdrag och d\u00f6rr, som skyddar och h\u00e5ller dina v\u00e4xter s\u00e4kra. Den upph\u00f6jda konstruktionen av bloml\u00e5dan minskar b\u00f6jningen, g\u00f6r tr\u00e4dg\u00e5rdssk\u00f6tsel l\u00e4ttare och skyddar mot ogr\u00e4s och skadedjur. Avloppsh\u00e5let i den h\u00f6ga s\u00e4ngen fr\u00e4mjar ocks\u00e5 en h\u00e4lsosam jordkvalitet genom att undvika vattenstockning.<\/p>\n<p>Beskrivning:<\/p>\n<ul>\n<li> Kombinerad h\u00f6g s\u00e4ng-plantl\u00e5da med v\u00e4xthus f\u00f6r \u00e5ret-runt-anv\u00e4ndning<\/li>\n<li> Plast\u00f6verdraget erbjuder \u00e5ret-runt-v\u00e4xthusskydd f\u00f6r v\u00e4xttillv\u00e4xt<\/li>\n<li> D\u00f6rren med remmar p\u00e5 bloml\u00e5dan m\u00f6jligg\u00f6r enkel v\u00e4xtv\u00e5rd<\/li>\n<li> Upph\u00f6jd design av bloml\u00e5dan minimerar b\u00f6jning, skyddar v\u00e4xter mot ogr\u00e4s och skadedjur<\/li>\n<li> Dr\u00e4neringsh\u00e5l f\u00f6rhindrar vattenstockning och fr\u00e4mjar h\u00e4lsosamma r\u00f6tter<\/li>\n<li> Robust metallram och st\u00e5lr\u00f6r garanterar strukturell integritet och h\u00e5llbarhet<\/li>\n<li> Montering kr\u00e4vs<\/li>\n<\/ul>\n<p> Tekniska data:<\/p>\n<ul>\n<li> F\u00e4rg: Svart<\/li>\n<li> Material: Metall, St\u00e5l, Plast<\/li>\n<li> Totala dimensioner: 60L x 60B x 120H cm<\/li>\n<li> Dimensioner f\u00f6r h\u00f6g s\u00e4ng: 55,5L x 55,5B x 76H cm<\/li>\n<li> Planteringsomr\u00e5dets dimensioner: 55L x 55B x 22H cm<\/li>\n<li> V\u00e4xthusdimensioner: 60L x 60B x 44H cm<\/li>\n<li> D\u00f6rrstorlek: 43B x 30H cm<\/li>\n<li> Golv till golv h\u00f6jd: 54 cm<\/li>\n<li> Belastningskapacitet: 50 kg<\/li>\n<\/ul>\n<p>Leveransinneh\u00e5ll:<\/p>\n<ul>\n<li> 1 x H\u00f6g s\u00e4ng<\/li>\n<li> 1 x Plast\u00f6verdrag<\/li>\n<li> 1 x Bruksanvisning<\/li>\n<\/ul>\n","protected":false},"excerpt":{"rendered":"<p>Upplev enkel tr\u00e4dg\u00e5rdssk\u00f6tsel med TRUUSK h\u00f6g s\u00e4ng f\u00f6r balkongen! Denna tr\u00e4dg\u00e5rdsl\u00e5da har ett v\u00e4xthuskydd med plast\u00f6verdrag och d\u00f6rr, som skyddar&#8230;<\/p>\n","protected":false},"featured_media":69728,"template":"","meta":[],"product_brand":[],"product_cat":[1032,858,443],"product_tag":[],"class_list":{"0":"post-69737","1":"product","2":"type-product","3":"status-publish","4":"has-post-thumbnail","6":"product_cat-kallbankar","7":"product_cat-tradgard-terrass","8":"product_cat-vaxthus-tradgardsskotsel","10":"first","11":"instock","12":"sale","13":"taxable","14":"shipping-taxable","15":"purchasable","16":"product-type-simple"},"yoast_head":"<!-- This site is optimized with the Yoast SEO plugin v25.4 - https:\/\/yoast.com\/wordpress\/plugins\/seo\/ -->\n<title>TRUUSK Upph\u00f6jd odlingsb\u00e4dd med avloppsh\u00e5l - V\u00e4derbest\u00e4ndig - Metall - F\u00f6r tr\u00e4dg\u00e5rd och balkong - 60 x 60 x 120 cm - Svart - TRUUSK - Hem, Tr\u00e4dg\u00e5rd &amp; Fritid<\/title>\n<meta name=\"robots\" content=\"index, follow, max-snippet:-1, max-image-preview:large, max-video-preview:-1\" \/>\n<link rel=\"canonical\" href=\"https:\/\/truusk.store\/sv\/produkt\/truusk-upphojd-odlingsbadd-med-avloppshal-vaderbestandig-metall-for-tradgard-och-balkong-60-x-60-x-120-cm-svart\/\" \/>\n<meta property=\"og:locale\" content=\"sv_SE\" \/>\n<meta property=\"og:type\" content=\"article\" \/>\n<meta property=\"og:title\" content=\"TRUUSK Upph\u00f6jd odlingsb\u00e4dd med avloppsh\u00e5l - V\u00e4derbest\u00e4ndig - Metall - F\u00f6r tr\u00e4dg\u00e5rd och balkong - 60 x 60 x 120 cm - Svart - TRUUSK - Hem, Tr\u00e4dg\u00e5rd &amp; Fritid\" \/>\n<meta property=\"og:description\" content=\"Upplev enkel tr\u00e4dg\u00e5rdssk\u00f6tsel med TRUUSK h\u00f6g s\u00e4ng f\u00f6r balkongen! Denna tr\u00e4dg\u00e5rdsl\u00e5da har ett v\u00e4xthuskydd med plast\u00f6verdrag och d\u00f6rr, som skyddar...\" \/>\n<meta property=\"og:url\" content=\"https:\/\/truusk.store\/sv\/produkt\/truusk-upphojd-odlingsbadd-med-avloppshal-vaderbestandig-metall-for-tradgard-och-balkong-60-x-60-x-120-cm-svart\/\" \/>\n<meta property=\"og:site_name\" content=\"TRUUSK - Hem, Tr\u00e4dg\u00e5rd &amp; Fritid\" \/>\n<meta property=\"article:modified_time\" content=\"2026-03-12T08:46:30+00:00\" \/>\n<meta property=\"og:image\" content=\"https:\/\/i0.wp.com\/truusk.se\/wp-content\/uploads\/2025\/06\/odlingsbadd-med-tackning-upphojd-ortbadd-med-avloppshal-planteringslada-i-metall-vaderbestandig-gronsaksbadd-tradgardsbadd-planteringsbadd-for-tradgard-balkong-60-x-60-x-120-cm-svart-1.webp?fit=2000%2C2000&ssl=1\" \/>\n\t<meta property=\"og:image:width\" content=\"2000\" \/>\n\t<meta property=\"og:image:height\" content=\"2000\" \/>\n\t<meta property=\"og:image:type\" content=\"image\/webp\" \/>\n<meta name=\"twitter:card\" content=\"summary_large_image\" \/>\n<meta name=\"twitter:label1\" content=\"Ber\u00e4knad l\u00e4stid\" \/>\n\t<meta name=\"twitter:data1\" content=\"1 minut\" \/>\n<!-- \/ Yoast SEO plugin. -->","yoast_head_json":{"title":"TRUUSK Upph\u00f6jd odlingsb\u00e4dd med avloppsh\u00e5l - V\u00e4derbest\u00e4ndig - Metall - F\u00f6r tr\u00e4dg\u00e5rd och balkong - 60 x 60 x 120 cm - Svart - TRUUSK - Hem, Tr\u00e4dg\u00e5rd &amp; Fritid","robots":{"index":"index","follow":"follow","max-snippet":"max-snippet:-1","max-image-preview":"max-image-preview:large","max-video-preview":"max-video-preview:-1"},"canonical":"https:\/\/truusk.store\/sv\/produkt\/truusk-upphojd-odlingsbadd-med-avloppshal-vaderbestandig-metall-for-tradgard-och-balkong-60-x-60-x-120-cm-svart\/","og_locale":"sv_SE","og_type":"article","og_title":"TRUUSK Upph\u00f6jd odlingsb\u00e4dd med avloppsh\u00e5l - V\u00e4derbest\u00e4ndig - Metall - F\u00f6r tr\u00e4dg\u00e5rd och balkong - 60 x 60 x 120 cm - Svart - TRUUSK - Hem, Tr\u00e4dg\u00e5rd &amp; Fritid","og_description":"Upplev enkel tr\u00e4dg\u00e5rdssk\u00f6tsel med TRUUSK h\u00f6g s\u00e4ng f\u00f6r balkongen! Denna tr\u00e4dg\u00e5rdsl\u00e5da har ett v\u00e4xthuskydd med plast\u00f6verdrag och d\u00f6rr, som skyddar...","og_url":"https:\/\/truusk.store\/sv\/produkt\/truusk-upphojd-odlingsbadd-med-avloppshal-vaderbestandig-metall-for-tradgard-och-balkong-60-x-60-x-120-cm-svart\/","og_site_name":"TRUUSK - Hem, Tr\u00e4dg\u00e5rd &amp; Fritid","article_modified_time":"2026-03-12T08:46:30+00:00","og_image":[{"width":2000,"height":2000,"url":"https:\/\/i0.wp.com\/truusk.se\/wp-content\/uploads\/2025\/06\/odlingsbadd-med-tackning-upphojd-ortbadd-med-avloppshal-planteringslada-i-metall-vaderbestandig-gronsaksbadd-tradgardsbadd-planteringsbadd-for-tradgard-balkong-60-x-60-x-120-cm-svart-1.webp?fit=2000%2C2000&ssl=1","type":"image\/webp"}],"twitter_card":"summary_large_image","twitter_misc":{"Ber\u00e4knad l\u00e4stid":"1 minut"},"schema":{"@context":"https:\/\/schema.org","@graph":[{"@type":"WebPage","@id":"https:\/\/truusk.store\/sv\/produkt\/truusk-upphojd-odlingsbadd-med-avloppshal-vaderbestandig-metall-for-tradgard-och-balkong-60-x-60-x-120-cm-svart\/","url":"https:\/\/truusk.store\/sv\/produkt\/truusk-upphojd-odlingsbadd-med-avloppshal-vaderbestandig-metall-for-tradgard-och-balkong-60-x-60-x-120-cm-svart\/","name":"TRUUSK Upph\u00f6jd odlingsb\u00e4dd med avloppsh\u00e5l - V\u00e4derbest\u00e4ndig - Metall - F\u00f6r tr\u00e4dg\u00e5rd och balkong - 60 x 60 x 120 cm - Svart - TRUUSK - Hem, Tr\u00e4dg\u00e5rd &amp; Fritid","isPartOf":{"@id":"https:\/\/truusk.store\/sv\/#website"},"primaryImageOfPage":{"@id":"https:\/\/truusk.store\/sv\/produkt\/truusk-upphojd-odlingsbadd-med-avloppshal-vaderbestandig-metall-for-tradgard-och-balkong-60-x-60-x-120-cm-svart\/#primaryimage"},"image":{"@id":"https:\/\/truusk.store\/sv\/produkt\/truusk-upphojd-odlingsbadd-med-avloppshal-vaderbestandig-metall-for-tradgard-och-balkong-60-x-60-x-120-cm-svart\/#primaryimage"},"thumbnailUrl":"https:\/\/i0.wp.com\/truusk.store\/wp-content\/uploads\/2025\/06\/odlingsbadd-med-tackning-upphojd-ortbadd-med-avloppshal-planteringslada-i-metall-vaderbestandig-gronsaksbadd-tradgardsbadd-planteringsbadd-for-tradgard-balkong-60-x-60-x-120-cm-svart-1.webp?fit=2000%2C2000&ssl=1","datePublished":"2025-06-05T17:17:54+00:00","dateModified":"2026-03-12T08:46:30+00:00","breadcrumb":{"@id":"https:\/\/truusk.store\/sv\/produkt\/truusk-upphojd-odlingsbadd-med-avloppshal-vaderbestandig-metall-for-tradgard-och-balkong-60-x-60-x-120-cm-svart\/#breadcrumb"},"inLanguage":"sv-SE","potentialAction":[{"@type":"ReadAction","target":["https:\/\/truusk.store\/sv\/produkt\/truusk-upphojd-odlingsbadd-med-avloppshal-vaderbestandig-metall-for-tradgard-och-balkong-60-x-60-x-120-cm-svart\/"]}]},{"@type":"ImageObject","inLanguage":"sv-SE","@id":"https:\/\/truusk.store\/sv\/produkt\/truusk-upphojd-odlingsbadd-med-avloppshal-vaderbestandig-metall-for-tradgard-och-balkong-60-x-60-x-120-cm-svart\/#primaryimage","url":"https:\/\/i0.wp.com\/truusk.store\/wp-content\/uploads\/2025\/06\/odlingsbadd-med-tackning-upphojd-ortbadd-med-avloppshal-planteringslada-i-metall-vaderbestandig-gronsaksbadd-tradgardsbadd-planteringsbadd-for-tradgard-balkong-60-x-60-x-120-cm-svart-1.webp?fit=2000%2C2000&ssl=1","contentUrl":"https:\/\/i0.wp.com\/truusk.store\/wp-content\/uploads\/2025\/06\/odlingsbadd-med-tackning-upphojd-ortbadd-med-avloppshal-planteringslada-i-metall-vaderbestandig-gronsaksbadd-tradgardsbadd-planteringsbadd-for-tradgard-balkong-60-x-60-x-120-cm-svart-1.webp?fit=2000%2C2000&ssl=1","width":2000,"height":2000},{"@type":"BreadcrumbList","@id":"https:\/\/truusk.store\/sv\/produkt\/truusk-upphojd-odlingsbadd-med-avloppshal-vaderbestandig-metall-for-tradgard-och-balkong-60-x-60-x-120-cm-svart\/#breadcrumb","itemListElement":[{"@type":"ListItem","position":1,"name":"Home","item":"https:\/\/truusk.store\/sv\/"},{"@type":"ListItem","position":2,"name":"Shop","item":"https:\/\/truusk.store\/shop\/"},{"@type":"ListItem","position":3,"name":"TRUUSK Upph\u00f6jd odlingsb\u00e4dd med avloppsh\u00e5l &#8211; V\u00e4derbest\u00e4ndig &#8211; Metall &#8211; F\u00f6r tr\u00e4dg\u00e5rd och balkong &#8211; 60 x 60 x 120 cm &#8211; Svart"}]},{"@type":"WebSite","@id":"https:\/\/truusk.store\/sv\/#website","url":"https:\/\/truusk.store\/sv\/","name":"TRUUSK - Hem, Tr\u00e4dg\u00e5rd & Fritid","description":"","publisher":{"@id":"https:\/\/truusk.store\/sv\/#organization"},"potentialAction":[{"@type":"SearchAction","target":{"@type":"EntryPoint","urlTemplate":"https:\/\/truusk.store\/sv\/?s={search_term_string}"},"query-input":{"@type":"PropertyValueSpecification","valueRequired":true,"valueName":"search_term_string"}}],"inLanguage":"sv-SE"},{"@type":"Organization","@id":"https:\/\/truusk.store\/sv\/#organization","name":"TRUUSK - Hem, Tr\u00e4dg\u00e5rd & Fritid","url":"https:\/\/truusk.store\/sv\/","logo":{"@type":"ImageObject","inLanguage":"sv-SE","@id":"https:\/\/truusk.store\/sv\/#\/schema\/logo\/image\/","url":"https:\/\/i0.wp.com\/truusk.store\/wp-content\/uploads\/2026\/03\/cropped-TRUUSK.png?fit=2032%2C917&ssl=1","contentUrl":"https:\/\/i0.wp.com\/truusk.store\/wp-content\/uploads\/2026\/03\/cropped-TRUUSK.png?fit=2032%2C917&ssl=1","width":2032,"height":917,"caption":"TRUUSK - Hem, Tr\u00e4dg\u00e5rd & Fritid"},"image":{"@id":"https:\/\/truusk.store\/sv\/#\/schema\/logo\/image\/"}}]}},"jetpack_sharing_enabled":true,"_links":{"self":[{"href":"https:\/\/truusk.store\/sv\/wp-json\/wp\/v2\/product\/69737","targetHints":{"allow":["GET"]}}],"collection":[{"href":"https:\/\/truusk.store\/sv\/wp-json\/wp\/v2\/product"}],"about":[{"href":"https:\/\/truusk.store\/sv\/wp-json\/wp\/v2\/types\/product"}],"wp:featuredmedia":[{"embeddable":true,"href":"https:\/\/truusk.store\/sv\/wp-json\/wp\/v2\/media\/69728"}],"wp:attachment":[{"href":"https:\/\/truusk.store\/sv\/wp-json\/wp\/v2\/media?parent=69737"}],"wp:term":[{"taxonomy":"product_brand","embeddable":true,"href":"https:\/\/truusk.store\/sv\/wp-json\/wp\/v2\/product_brand?post=69737"},{"taxonomy":"product_cat","embeddable":true,"href":"https:\/\/truusk.store\/sv\/wp-json\/wp\/v2\/product_cat?post=69737"},{"taxonomy":"product_tag","embeddable":true,"href":"https:\/\/truusk.store\/sv\/wp-json\/wp\/v2\/product_tag?post=69737"}],"curies":[{"name":"wp","href":"https:\/\/api.w.org\/{rel}","templated":true}]}}