{"id":69747,"date":"2025-06-05T18:18:42","date_gmt":"2025-06-05T17:18:42","guid":{"rendered":"https:\/\/truusk.store\/product\/barstolar-2-pack-vadderad-barstol-med-stalram-ryggstod-justerbar-hojd-koksstolar-med-fotstod-360-roterande-bardiskstolar-for-kok-vardagsrum-matsal-konstlader-svart\/"},"modified":"2026-03-12T08:42:35","modified_gmt":"2026-03-12T07:42:35","slug":"truusk-barstolar-2-pack-vadderad-barstol-med-stalram-ryggstod-justerbar-hojd-koksstolar-med-fotstod-360-roterande","status":"publish","type":"product","link":"https:\/\/truusk.store\/sv\/produkt\/truusk-barstolar-2-pack-vadderad-barstol-med-stalram-ryggstod-justerbar-hojd-koksstolar-med-fotstod-360-roterande\/","title":{"rendered":"TRUUSK Barstolar 2-pack &#8211; Vadderad Barstol Med St\u00e5lram &#8211; Ryggst\u00f6d &#8211; Justerbar H\u00f6jd &#8211; K\u00f6ksstolar Med Fotst\u00f6d &#8211; 360\u00b0 Roterande &#8211;"},"content":{"rendered":"<p>Med det uts\u00f6kta h\u00f6jdjusterbara barstolsetet fr\u00e5n TRUUSK tar du moderna m\u00f6bler till ditt hem. Oavsett om det \u00e4r en riklig frukost eller avkopplande kv\u00e4llsdrinkar, garanterar dessa stiliga bardiskstolar en unik sittupplevelse vid varje tillf\u00e4lle. De h\u00f6jdjusterbara, bekv\u00e4mt formade barstolarna \u00e4r ocks\u00e5 l\u00e4tta att underh\u00e5lla. Fotst\u00f6det p\u00e5 den stabila st\u00e5lramen ger full\u00e4ndad komfort.<\/p>\n<p>Beskrivning:<\/p>\n<ul>\n<li> Set med 2 moderna barstolar<\/li>\n<li> H\u00f6jden kan enkelt justeras med ett handtag<\/li>\n<li> Sv\u00e4ngbart s\u00e4te p\u00e5 barstolarna med ryggst\u00f6d ger gott om r\u00f6relsefrihet<\/li>\n<li> Praktiskt nedre fotst\u00f6d<\/li>\n<li> Vadderat s\u00e4te med mjukt formad ryggst\u00f6d p\u00e5 barstolarna \u00e4r s\u00e4rskilt bekv\u00e4mt<\/li>\n<li> Tung bas i st\u00e5l \u00e4r stabil och utrustad med halkfria gummipuffar<\/li>\n<li> Montering kr\u00e4vs<\/li>\n<\/ul>\n<p> Tekniska data:<\/p>\n<ul>\n<li> F\u00e4rg: Svart<\/li>\n<li> Material: Konstl\u00e4der, plast, st\u00e5l<\/li>\n<li> Totala dimensioner: 38B x 42T x 82-104H cm<\/li>\n<li> Sittm\u00e5tt: 38B x 34T x 62-82H cm<\/li>\n<li> Basdimension: \u00d841 cm<\/li>\n<li> Belastningskapacitet: 120 kg<\/li>\n<\/ul>\n<p>Leveransinneh\u00e5ll:<\/p>\n<ul>\n<li> 2 x barstolar<\/li>\n<li> 1 x instruktioner<\/li>\n<\/ul>\n","protected":false},"excerpt":{"rendered":"<p>Med det uts\u00f6kta h\u00f6jdjusterbara barstolsetet fr\u00e5n TRUUSK tar du moderna m\u00f6bler till ditt hem. Oavsett om det \u00e4r en riklig&#8230;<\/p>\n","protected":false},"featured_media":69738,"template":"","meta":[],"product_brand":[],"product_cat":[643,871,889],"product_tag":[],"class_list":{"0":"post-69747","1":"product","2":"type-product","3":"status-publish","4":"has-post-thumbnail","6":"product_cat-barnstolar","7":"product_cat-hus-hem","8":"product_cat-kok-matsal","10":"first","11":"instock","12":"sale","13":"taxable","14":"shipping-taxable","15":"purchasable","16":"product-type-simple"},"yoast_head":"<!-- This site is optimized with the Yoast SEO plugin v25.4 - https:\/\/yoast.com\/wordpress\/plugins\/seo\/ -->\n<title>TRUUSK Barstolar 2-pack - Vadderad Barstol Med St\u00e5lram - Ryggst\u00f6d - Justerbar H\u00f6jd - K\u00f6ksstolar Med Fotst\u00f6d - 360\u00b0 Roterande - TRUUSK - Hem, Tr\u00e4dg\u00e5rd &amp; Fritid<\/title>\n<meta name=\"robots\" content=\"index, follow, max-snippet:-1, max-image-preview:large, max-video-preview:-1\" \/>\n<link rel=\"canonical\" href=\"https:\/\/truusk.store\/sv\/produkt\/truusk-barstolar-2-pack-vadderad-barstol-med-stalram-ryggstod-justerbar-hojd-koksstolar-med-fotstod-360-roterande\/\" \/>\n<meta property=\"og:locale\" content=\"sv_SE\" \/>\n<meta property=\"og:type\" content=\"article\" \/>\n<meta property=\"og:title\" content=\"TRUUSK Barstolar 2-pack - Vadderad Barstol Med St\u00e5lram - Ryggst\u00f6d - Justerbar H\u00f6jd - K\u00f6ksstolar Med Fotst\u00f6d - 360\u00b0 Roterande - TRUUSK - Hem, Tr\u00e4dg\u00e5rd &amp; Fritid\" \/>\n<meta property=\"og:description\" content=\"Med det uts\u00f6kta h\u00f6jdjusterbara barstolsetet fr\u00e5n TRUUSK tar du moderna m\u00f6bler till ditt hem. Oavsett om det \u00e4r en riklig...\" \/>\n<meta property=\"og:url\" content=\"https:\/\/truusk.store\/sv\/produkt\/truusk-barstolar-2-pack-vadderad-barstol-med-stalram-ryggstod-justerbar-hojd-koksstolar-med-fotstod-360-roterande\/\" \/>\n<meta property=\"og:site_name\" content=\"TRUUSK - Hem, Tr\u00e4dg\u00e5rd &amp; Fritid\" \/>\n<meta property=\"article:modified_time\" content=\"2026-03-12T07:42:35+00:00\" \/>\n<meta property=\"og:image\" content=\"https:\/\/i0.wp.com\/truusk.se\/wp-content\/uploads\/2025\/06\/barstolar-2-pack-vadderad-barstol-med-stalram-ryggstod-justerbar-hojd-koksstolar-med-fotstod-360-roterande-bardiskstolar-for-kok-vardagsrum-matsal-konstlader-svart-1.webp?fit=2000%2C2000&ssl=1\" \/>\n\t<meta property=\"og:image:width\" content=\"2000\" \/>\n\t<meta property=\"og:image:height\" content=\"2000\" \/>\n\t<meta property=\"og:image:type\" content=\"image\/webp\" \/>\n<meta name=\"twitter:card\" content=\"summary_large_image\" \/>\n<meta name=\"twitter:label1\" content=\"Ber\u00e4knad l\u00e4stid\" \/>\n\t<meta name=\"twitter:data1\" content=\"1 minut\" \/>\n<!-- \/ Yoast SEO plugin. -->","yoast_head_json":{"title":"TRUUSK Barstolar 2-pack - Vadderad Barstol Med St\u00e5lram - Ryggst\u00f6d - Justerbar H\u00f6jd - K\u00f6ksstolar Med Fotst\u00f6d - 360\u00b0 Roterande - TRUUSK - Hem, Tr\u00e4dg\u00e5rd &amp; Fritid","robots":{"index":"index","follow":"follow","max-snippet":"max-snippet:-1","max-image-preview":"max-image-preview:large","max-video-preview":"max-video-preview:-1"},"canonical":"https:\/\/truusk.store\/sv\/produkt\/truusk-barstolar-2-pack-vadderad-barstol-med-stalram-ryggstod-justerbar-hojd-koksstolar-med-fotstod-360-roterande\/","og_locale":"sv_SE","og_type":"article","og_title":"TRUUSK Barstolar 2-pack - Vadderad Barstol Med St\u00e5lram - Ryggst\u00f6d - Justerbar H\u00f6jd - K\u00f6ksstolar Med Fotst\u00f6d - 360\u00b0 Roterande - TRUUSK - Hem, Tr\u00e4dg\u00e5rd &amp; Fritid","og_description":"Med det uts\u00f6kta h\u00f6jdjusterbara barstolsetet fr\u00e5n TRUUSK tar du moderna m\u00f6bler till ditt hem. Oavsett om det \u00e4r en riklig...","og_url":"https:\/\/truusk.store\/sv\/produkt\/truusk-barstolar-2-pack-vadderad-barstol-med-stalram-ryggstod-justerbar-hojd-koksstolar-med-fotstod-360-roterande\/","og_site_name":"TRUUSK - Hem, Tr\u00e4dg\u00e5rd &amp; Fritid","article_modified_time":"2026-03-12T07:42:35+00:00","og_image":[{"width":2000,"height":2000,"url":"https:\/\/i0.wp.com\/truusk.se\/wp-content\/uploads\/2025\/06\/barstolar-2-pack-vadderad-barstol-med-stalram-ryggstod-justerbar-hojd-koksstolar-med-fotstod-360-roterande-bardiskstolar-for-kok-vardagsrum-matsal-konstlader-svart-1.webp?fit=2000%2C2000&ssl=1","type":"image\/webp"}],"twitter_card":"summary_large_image","twitter_misc":{"Ber\u00e4knad l\u00e4stid":"1 minut"},"schema":{"@context":"https:\/\/schema.org","@graph":[{"@type":"WebPage","@id":"https:\/\/truusk.store\/sv\/produkt\/truusk-barstolar-2-pack-vadderad-barstol-med-stalram-ryggstod-justerbar-hojd-koksstolar-med-fotstod-360-roterande\/","url":"https:\/\/truusk.store\/sv\/produkt\/truusk-barstolar-2-pack-vadderad-barstol-med-stalram-ryggstod-justerbar-hojd-koksstolar-med-fotstod-360-roterande\/","name":"TRUUSK Barstolar 2-pack - Vadderad Barstol Med St\u00e5lram - Ryggst\u00f6d - Justerbar H\u00f6jd - K\u00f6ksstolar Med Fotst\u00f6d - 360\u00b0 Roterande - TRUUSK - Hem, Tr\u00e4dg\u00e5rd &amp; Fritid","isPartOf":{"@id":"https:\/\/truusk.store\/sv\/#website"},"primaryImageOfPage":{"@id":"https:\/\/truusk.store\/sv\/produkt\/truusk-barstolar-2-pack-vadderad-barstol-med-stalram-ryggstod-justerbar-hojd-koksstolar-med-fotstod-360-roterande\/#primaryimage"},"image":{"@id":"https:\/\/truusk.store\/sv\/produkt\/truusk-barstolar-2-pack-vadderad-barstol-med-stalram-ryggstod-justerbar-hojd-koksstolar-med-fotstod-360-roterande\/#primaryimage"},"thumbnailUrl":"https:\/\/i0.wp.com\/truusk.store\/wp-content\/uploads\/2025\/06\/barstolar-2-pack-vadderad-barstol-med-stalram-ryggstod-justerbar-hojd-koksstolar-med-fotstod-360-roterande-bardiskstolar-for-kok-vardagsrum-matsal-konstlader-svart-1.webp?fit=2000%2C2000&ssl=1","datePublished":"2025-06-05T17:18:42+00:00","dateModified":"2026-03-12T07:42:35+00:00","breadcrumb":{"@id":"https:\/\/truusk.store\/sv\/produkt\/truusk-barstolar-2-pack-vadderad-barstol-med-stalram-ryggstod-justerbar-hojd-koksstolar-med-fotstod-360-roterande\/#breadcrumb"},"inLanguage":"sv-SE","potentialAction":[{"@type":"ReadAction","target":["https:\/\/truusk.store\/sv\/produkt\/truusk-barstolar-2-pack-vadderad-barstol-med-stalram-ryggstod-justerbar-hojd-koksstolar-med-fotstod-360-roterande\/"]}]},{"@type":"ImageObject","inLanguage":"sv-SE","@id":"https:\/\/truusk.store\/sv\/produkt\/truusk-barstolar-2-pack-vadderad-barstol-med-stalram-ryggstod-justerbar-hojd-koksstolar-med-fotstod-360-roterande\/#primaryimage","url":"https:\/\/i0.wp.com\/truusk.store\/wp-content\/uploads\/2025\/06\/barstolar-2-pack-vadderad-barstol-med-stalram-ryggstod-justerbar-hojd-koksstolar-med-fotstod-360-roterande-bardiskstolar-for-kok-vardagsrum-matsal-konstlader-svart-1.webp?fit=2000%2C2000&ssl=1","contentUrl":"https:\/\/i0.wp.com\/truusk.store\/wp-content\/uploads\/2025\/06\/barstolar-2-pack-vadderad-barstol-med-stalram-ryggstod-justerbar-hojd-koksstolar-med-fotstod-360-roterande-bardiskstolar-for-kok-vardagsrum-matsal-konstlader-svart-1.webp?fit=2000%2C2000&ssl=1","width":2000,"height":2000},{"@type":"BreadcrumbList","@id":"https:\/\/truusk.store\/sv\/produkt\/truusk-barstolar-2-pack-vadderad-barstol-med-stalram-ryggstod-justerbar-hojd-koksstolar-med-fotstod-360-roterande\/#breadcrumb","itemListElement":[{"@type":"ListItem","position":1,"name":"Home","item":"https:\/\/truusk.store\/sv\/"},{"@type":"ListItem","position":2,"name":"Shop","item":"https:\/\/truusk.store\/shop\/"},{"@type":"ListItem","position":3,"name":"TRUUSK Barstolar 2-pack &#8211; Vadderad Barstol Med St\u00e5lram &#8211; Ryggst\u00f6d &#8211; Justerbar H\u00f6jd &#8211; K\u00f6ksstolar Med Fotst\u00f6d &#8211; 360\u00b0 Roterande &#8211;"}]},{"@type":"WebSite","@id":"https:\/\/truusk.store\/sv\/#website","url":"https:\/\/truusk.store\/sv\/","name":"TRUUSK - Hem, Tr\u00e4dg\u00e5rd & Fritid","description":"","publisher":{"@id":"https:\/\/truusk.store\/sv\/#organization"},"potentialAction":[{"@type":"SearchAction","target":{"@type":"EntryPoint","urlTemplate":"https:\/\/truusk.store\/sv\/?s={search_term_string}"},"query-input":{"@type":"PropertyValueSpecification","valueRequired":true,"valueName":"search_term_string"}}],"inLanguage":"sv-SE"},{"@type":"Organization","@id":"https:\/\/truusk.store\/sv\/#organization","name":"TRUUSK - Hem, Tr\u00e4dg\u00e5rd & Fritid","url":"https:\/\/truusk.store\/sv\/","logo":{"@type":"ImageObject","inLanguage":"sv-SE","@id":"https:\/\/truusk.store\/sv\/#\/schema\/logo\/image\/","url":"https:\/\/i0.wp.com\/truusk.store\/wp-content\/uploads\/2026\/03\/cropped-TRUUSK.png?fit=2032%2C917&ssl=1","contentUrl":"https:\/\/i0.wp.com\/truusk.store\/wp-content\/uploads\/2026\/03\/cropped-TRUUSK.png?fit=2032%2C917&ssl=1","width":2032,"height":917,"caption":"TRUUSK - Hem, Tr\u00e4dg\u00e5rd & Fritid"},"image":{"@id":"https:\/\/truusk.store\/sv\/#\/schema\/logo\/image\/"}}]}},"jetpack_sharing_enabled":true,"_links":{"self":[{"href":"https:\/\/truusk.store\/sv\/wp-json\/wp\/v2\/product\/69747","targetHints":{"allow":["GET"]}}],"collection":[{"href":"https:\/\/truusk.store\/sv\/wp-json\/wp\/v2\/product"}],"about":[{"href":"https:\/\/truusk.store\/sv\/wp-json\/wp\/v2\/types\/product"}],"wp:featuredmedia":[{"embeddable":true,"href":"https:\/\/truusk.store\/sv\/wp-json\/wp\/v2\/media\/69738"}],"wp:attachment":[{"href":"https:\/\/truusk.store\/sv\/wp-json\/wp\/v2\/media?parent=69747"}],"wp:term":[{"taxonomy":"product_brand","embeddable":true,"href":"https:\/\/truusk.store\/sv\/wp-json\/wp\/v2\/product_brand?post=69747"},{"taxonomy":"product_cat","embeddable":true,"href":"https:\/\/truusk.store\/sv\/wp-json\/wp\/v2\/product_cat?post=69747"},{"taxonomy":"product_tag","embeddable":true,"href":"https:\/\/truusk.store\/sv\/wp-json\/wp\/v2\/product_tag?post=69747"}],"curies":[{"name":"wp","href":"https:\/\/api.w.org\/{rel}","templated":true}]}}