{"id":69767,"date":"2025-06-05T18:20:49","date_gmt":"2025-06-05T17:20:49","guid":{"rendered":"https:\/\/truusk.store\/product\/hopfallbar-solsang-med-huvudkudde-sidoficka-solstol-med-5-lages-justerbar-ryggstod-vaderbestandig-camping-sang-upp-till-120-kg-belastning-for-tradgard-strand-pool-brun\/"},"modified":"2026-03-12T09:12:14","modified_gmt":"2026-03-12T08:12:14","slug":"truusk-hopfallbar-solsang-med-huvudkudde-sidoficka-5-lages-justerbar-ryggstod-vaderbestandig-upp-till-120-kg-belastning","status":"publish","type":"product","link":"https:\/\/truusk.store\/sv\/produkt\/truusk-hopfallbar-solsang-med-huvudkudde-sidoficka-5-lages-justerbar-ryggstod-vaderbestandig-upp-till-120-kg-belastning\/","title":{"rendered":"TRUUSK Hopf\u00e4llbar Sols\u00e4ng &#8211; Med Huvudkudde &#8211; Sidoficka &#8211; 5-l\u00e4ges Justerbar Ryggst\u00f6d &#8211; V\u00e4derbest\u00e4ndig &#8211; Upp Till 120 Kg Belastning"},"content":{"rendered":"<p>Den stabila st\u00e5lramen p\u00e5 den hopf\u00e4llbara TRUUSK tr\u00e4dg\u00e5rdsliggstolen b\u00e4r upp till 120 kg. Justera ryggst\u00f6det p\u00e5 campingstolen i fem positioner och njut av behaglig avkoppling utomhus. Sitsen i n\u00e4ttyg och den avtagbara huvud-\/nackkudden erbjuder optimal komfort. Kompakt hopf\u00e4llbar, l\u00e4tt att transportera och f\u00f6rvara, \u00e4r denna balkongstol det perfekta valet f\u00f6r dina helgutflykter till stranden, campingsemestern eller en avkopplande paus i tr\u00e4dg\u00e5rden.<\/p>\n<p>Beskrivning:<\/p>\n<ul>\n<li> Justerbart ryggst\u00f6d p\u00e5 bastustolen kan st\u00e4llas in i fem olika vinklar<\/li>\n<li> Avtagbar, vadderad kudde p\u00e5 f\u00e4llstolen f\u00f6r st\u00f6d av huvud och nacke<\/li>\n<li> Sidoficka p\u00e5 kippstolen f\u00f6r enkel f\u00f6rvaring<\/li>\n<li> Stabil, pulverlackerad st\u00e5lram, hopf\u00e4llbar f\u00f6r enkel f\u00f6rvaring<\/li>\n<li> V\u00e4derbest\u00e4ndigt, bekv\u00e4mt n\u00e4ttygsoverdrag<\/li>\n<li> Maximal belastning: 120 kg<\/li>\n<\/ul>\n<p> Tekniska data:<\/p>\n<ul>\n<li> F\u00e4rg: Brun<\/li>\n<li> Material: N\u00e4ttyg, St\u00e5l<\/li>\n<li> Totala dimensioner: 185L x 58B x 30H cm (helt lutad)<\/li>\n<li> Hopf\u00e4llda dimensioner: 74L x 58B x 14H cm<\/li>\n<li> Sidoficka: 32L x 24B cm<\/li>\n<li> B\u00e4rkapacitet: 120 kg<\/li>\n<\/ul>\n<p>Leveransomfattning:<\/p>\n<ul>\n<li> 1 x Liggstol<\/li>\n<li> 1 x Manual<\/li>\n<\/ul>\n","protected":false},"excerpt":{"rendered":"<p>Den stabila st\u00e5lramen p\u00e5 den hopf\u00e4llbara TRUUSK tr\u00e4dg\u00e5rdsliggstolen b\u00e4r upp till 120 kg. Justera ryggst\u00f6det p\u00e5 campingstolen i fem positioner&#8230;<\/p>\n","protected":false},"featured_media":69758,"template":"","meta":[],"product_brand":[],"product_cat":[451,858,450],"product_tag":[],"class_list":{"0":"post-69767","1":"product","2":"type-product","3":"status-publish","4":"has-post-thumbnail","6":"product_cat-solstolar","7":"product_cat-tradgard-terrass","8":"product_cat-tradgardsmobler","10":"first","11":"instock","12":"sale","13":"taxable","14":"shipping-taxable","15":"purchasable","16":"product-type-simple"},"yoast_head":"<!-- This site is optimized with the Yoast SEO plugin v25.4 - https:\/\/yoast.com\/wordpress\/plugins\/seo\/ -->\n<title>TRUUSK Hopf\u00e4llbar Sols\u00e4ng - Med Huvudkudde - Sidoficka - 5-l\u00e4ges Justerbar Ryggst\u00f6d - V\u00e4derbest\u00e4ndig - Upp Till 120 Kg Belastning - TRUUSK - Hem, Tr\u00e4dg\u00e5rd &amp; Fritid<\/title>\n<meta name=\"robots\" content=\"index, follow, max-snippet:-1, max-image-preview:large, max-video-preview:-1\" \/>\n<link rel=\"canonical\" href=\"https:\/\/truusk.store\/sv\/produkt\/truusk-hopfallbar-solsang-med-huvudkudde-sidoficka-5-lages-justerbar-ryggstod-vaderbestandig-upp-till-120-kg-belastning\/\" \/>\n<meta property=\"og:locale\" content=\"sv_SE\" \/>\n<meta property=\"og:type\" content=\"article\" \/>\n<meta property=\"og:title\" content=\"TRUUSK Hopf\u00e4llbar Sols\u00e4ng - Med Huvudkudde - Sidoficka - 5-l\u00e4ges Justerbar Ryggst\u00f6d - V\u00e4derbest\u00e4ndig - Upp Till 120 Kg Belastning - TRUUSK - Hem, Tr\u00e4dg\u00e5rd &amp; Fritid\" \/>\n<meta property=\"og:description\" content=\"Den stabila st\u00e5lramen p\u00e5 den hopf\u00e4llbara TRUUSK tr\u00e4dg\u00e5rdsliggstolen b\u00e4r upp till 120 kg. Justera ryggst\u00f6det p\u00e5 campingstolen i fem positioner...\" \/>\n<meta property=\"og:url\" content=\"https:\/\/truusk.store\/sv\/produkt\/truusk-hopfallbar-solsang-med-huvudkudde-sidoficka-5-lages-justerbar-ryggstod-vaderbestandig-upp-till-120-kg-belastning\/\" \/>\n<meta property=\"og:site_name\" content=\"TRUUSK - Hem, Tr\u00e4dg\u00e5rd &amp; Fritid\" \/>\n<meta property=\"article:modified_time\" content=\"2026-03-12T08:12:14+00:00\" \/>\n<meta property=\"og:image\" content=\"https:\/\/i0.wp.com\/truusk.se\/wp-content\/uploads\/2025\/06\/hopfallbar-solsang-med-huvudkudde-sidoficka-solstol-med-5-lages-justerbar-ryggstod-vaderbestandig-camping-sang-upp-till-120-kg-belastning-for-tradgard-strand-pool-brun-1.webp?fit=2000%2C2000&ssl=1\" \/>\n\t<meta property=\"og:image:width\" content=\"2000\" \/>\n\t<meta property=\"og:image:height\" content=\"2000\" \/>\n\t<meta property=\"og:image:type\" content=\"image\/webp\" \/>\n<meta name=\"twitter:card\" content=\"summary_large_image\" \/>\n<meta name=\"twitter:label1\" content=\"Ber\u00e4knad l\u00e4stid\" \/>\n\t<meta name=\"twitter:data1\" content=\"1 minut\" \/>\n<!-- \/ Yoast SEO plugin. -->","yoast_head_json":{"title":"TRUUSK Hopf\u00e4llbar Sols\u00e4ng - Med Huvudkudde - Sidoficka - 5-l\u00e4ges Justerbar Ryggst\u00f6d - V\u00e4derbest\u00e4ndig - Upp Till 120 Kg Belastning - TRUUSK - Hem, Tr\u00e4dg\u00e5rd &amp; Fritid","robots":{"index":"index","follow":"follow","max-snippet":"max-snippet:-1","max-image-preview":"max-image-preview:large","max-video-preview":"max-video-preview:-1"},"canonical":"https:\/\/truusk.store\/sv\/produkt\/truusk-hopfallbar-solsang-med-huvudkudde-sidoficka-5-lages-justerbar-ryggstod-vaderbestandig-upp-till-120-kg-belastning\/","og_locale":"sv_SE","og_type":"article","og_title":"TRUUSK Hopf\u00e4llbar Sols\u00e4ng - Med Huvudkudde - Sidoficka - 5-l\u00e4ges Justerbar Ryggst\u00f6d - V\u00e4derbest\u00e4ndig - Upp Till 120 Kg Belastning - TRUUSK - Hem, Tr\u00e4dg\u00e5rd &amp; Fritid","og_description":"Den stabila st\u00e5lramen p\u00e5 den hopf\u00e4llbara TRUUSK tr\u00e4dg\u00e5rdsliggstolen b\u00e4r upp till 120 kg. Justera ryggst\u00f6det p\u00e5 campingstolen i fem positioner...","og_url":"https:\/\/truusk.store\/sv\/produkt\/truusk-hopfallbar-solsang-med-huvudkudde-sidoficka-5-lages-justerbar-ryggstod-vaderbestandig-upp-till-120-kg-belastning\/","og_site_name":"TRUUSK - Hem, Tr\u00e4dg\u00e5rd &amp; Fritid","article_modified_time":"2026-03-12T08:12:14+00:00","og_image":[{"width":2000,"height":2000,"url":"https:\/\/i0.wp.com\/truusk.se\/wp-content\/uploads\/2025\/06\/hopfallbar-solsang-med-huvudkudde-sidoficka-solstol-med-5-lages-justerbar-ryggstod-vaderbestandig-camping-sang-upp-till-120-kg-belastning-for-tradgard-strand-pool-brun-1.webp?fit=2000%2C2000&ssl=1","type":"image\/webp"}],"twitter_card":"summary_large_image","twitter_misc":{"Ber\u00e4knad l\u00e4stid":"1 minut"},"schema":{"@context":"https:\/\/schema.org","@graph":[{"@type":"WebPage","@id":"https:\/\/truusk.store\/sv\/produkt\/truusk-hopfallbar-solsang-med-huvudkudde-sidoficka-5-lages-justerbar-ryggstod-vaderbestandig-upp-till-120-kg-belastning\/","url":"https:\/\/truusk.store\/sv\/produkt\/truusk-hopfallbar-solsang-med-huvudkudde-sidoficka-5-lages-justerbar-ryggstod-vaderbestandig-upp-till-120-kg-belastning\/","name":"TRUUSK Hopf\u00e4llbar Sols\u00e4ng - Med Huvudkudde - Sidoficka - 5-l\u00e4ges Justerbar Ryggst\u00f6d - V\u00e4derbest\u00e4ndig - Upp Till 120 Kg Belastning - TRUUSK - Hem, Tr\u00e4dg\u00e5rd &amp; Fritid","isPartOf":{"@id":"https:\/\/truusk.store\/sv\/#website"},"primaryImageOfPage":{"@id":"https:\/\/truusk.store\/sv\/produkt\/truusk-hopfallbar-solsang-med-huvudkudde-sidoficka-5-lages-justerbar-ryggstod-vaderbestandig-upp-till-120-kg-belastning\/#primaryimage"},"image":{"@id":"https:\/\/truusk.store\/sv\/produkt\/truusk-hopfallbar-solsang-med-huvudkudde-sidoficka-5-lages-justerbar-ryggstod-vaderbestandig-upp-till-120-kg-belastning\/#primaryimage"},"thumbnailUrl":"https:\/\/i0.wp.com\/truusk.store\/wp-content\/uploads\/2025\/06\/hopfallbar-solsang-med-huvudkudde-sidoficka-solstol-med-5-lages-justerbar-ryggstod-vaderbestandig-camping-sang-upp-till-120-kg-belastning-for-tradgard-strand-pool-brun-1.webp?fit=2000%2C2000&ssl=1","datePublished":"2025-06-05T17:20:49+00:00","dateModified":"2026-03-12T08:12:14+00:00","breadcrumb":{"@id":"https:\/\/truusk.store\/sv\/produkt\/truusk-hopfallbar-solsang-med-huvudkudde-sidoficka-5-lages-justerbar-ryggstod-vaderbestandig-upp-till-120-kg-belastning\/#breadcrumb"},"inLanguage":"sv-SE","potentialAction":[{"@type":"ReadAction","target":["https:\/\/truusk.store\/sv\/produkt\/truusk-hopfallbar-solsang-med-huvudkudde-sidoficka-5-lages-justerbar-ryggstod-vaderbestandig-upp-till-120-kg-belastning\/"]}]},{"@type":"ImageObject","inLanguage":"sv-SE","@id":"https:\/\/truusk.store\/sv\/produkt\/truusk-hopfallbar-solsang-med-huvudkudde-sidoficka-5-lages-justerbar-ryggstod-vaderbestandig-upp-till-120-kg-belastning\/#primaryimage","url":"https:\/\/i0.wp.com\/truusk.store\/wp-content\/uploads\/2025\/06\/hopfallbar-solsang-med-huvudkudde-sidoficka-solstol-med-5-lages-justerbar-ryggstod-vaderbestandig-camping-sang-upp-till-120-kg-belastning-for-tradgard-strand-pool-brun-1.webp?fit=2000%2C2000&ssl=1","contentUrl":"https:\/\/i0.wp.com\/truusk.store\/wp-content\/uploads\/2025\/06\/hopfallbar-solsang-med-huvudkudde-sidoficka-solstol-med-5-lages-justerbar-ryggstod-vaderbestandig-camping-sang-upp-till-120-kg-belastning-for-tradgard-strand-pool-brun-1.webp?fit=2000%2C2000&ssl=1","width":2000,"height":2000},{"@type":"BreadcrumbList","@id":"https:\/\/truusk.store\/sv\/produkt\/truusk-hopfallbar-solsang-med-huvudkudde-sidoficka-5-lages-justerbar-ryggstod-vaderbestandig-upp-till-120-kg-belastning\/#breadcrumb","itemListElement":[{"@type":"ListItem","position":1,"name":"Home","item":"https:\/\/truusk.store\/sv\/"},{"@type":"ListItem","position":2,"name":"Shop","item":"https:\/\/truusk.store\/shop\/"},{"@type":"ListItem","position":3,"name":"TRUUSK Hopf\u00e4llbar Sols\u00e4ng &#8211; Med Huvudkudde &#8211; Sidoficka &#8211; 5-l\u00e4ges Justerbar Ryggst\u00f6d &#8211; V\u00e4derbest\u00e4ndig &#8211; Upp Till 120 Kg Belastning"}]},{"@type":"WebSite","@id":"https:\/\/truusk.store\/sv\/#website","url":"https:\/\/truusk.store\/sv\/","name":"TRUUSK - Hem, Tr\u00e4dg\u00e5rd & Fritid","description":"","publisher":{"@id":"https:\/\/truusk.store\/sv\/#organization"},"potentialAction":[{"@type":"SearchAction","target":{"@type":"EntryPoint","urlTemplate":"https:\/\/truusk.store\/sv\/?s={search_term_string}"},"query-input":{"@type":"PropertyValueSpecification","valueRequired":true,"valueName":"search_term_string"}}],"inLanguage":"sv-SE"},{"@type":"Organization","@id":"https:\/\/truusk.store\/sv\/#organization","name":"TRUUSK - Hem, Tr\u00e4dg\u00e5rd & Fritid","url":"https:\/\/truusk.store\/sv\/","logo":{"@type":"ImageObject","inLanguage":"sv-SE","@id":"https:\/\/truusk.store\/sv\/#\/schema\/logo\/image\/","url":"https:\/\/i0.wp.com\/truusk.store\/wp-content\/uploads\/2026\/03\/cropped-TRUUSK.png?fit=2032%2C917&ssl=1","contentUrl":"https:\/\/i0.wp.com\/truusk.store\/wp-content\/uploads\/2026\/03\/cropped-TRUUSK.png?fit=2032%2C917&ssl=1","width":2032,"height":917,"caption":"TRUUSK - Hem, Tr\u00e4dg\u00e5rd & Fritid"},"image":{"@id":"https:\/\/truusk.store\/sv\/#\/schema\/logo\/image\/"}}]}},"jetpack_sharing_enabled":true,"_links":{"self":[{"href":"https:\/\/truusk.store\/sv\/wp-json\/wp\/v2\/product\/69767","targetHints":{"allow":["GET"]}}],"collection":[{"href":"https:\/\/truusk.store\/sv\/wp-json\/wp\/v2\/product"}],"about":[{"href":"https:\/\/truusk.store\/sv\/wp-json\/wp\/v2\/types\/product"}],"wp:featuredmedia":[{"embeddable":true,"href":"https:\/\/truusk.store\/sv\/wp-json\/wp\/v2\/media\/69758"}],"wp:attachment":[{"href":"https:\/\/truusk.store\/sv\/wp-json\/wp\/v2\/media?parent=69767"}],"wp:term":[{"taxonomy":"product_brand","embeddable":true,"href":"https:\/\/truusk.store\/sv\/wp-json\/wp\/v2\/product_brand?post=69767"},{"taxonomy":"product_cat","embeddable":true,"href":"https:\/\/truusk.store\/sv\/wp-json\/wp\/v2\/product_cat?post=69767"},{"taxonomy":"product_tag","embeddable":true,"href":"https:\/\/truusk.store\/sv\/wp-json\/wp\/v2\/product_tag?post=69767"}],"curies":[{"name":"wp","href":"https:\/\/api.w.org\/{rel}","templated":true}]}}