{"id":69777,"date":"2025-06-05T18:21:48","date_gmt":"2025-06-05T17:21:48","guid":{"rendered":"https:\/\/truusk.store\/product\/tradgardsbord-i-stal-80-x-80-x-74-cm-vaderbestandigt-buffebord-med-stalram-halkfritt-campingbord-for-4-personer-balkongbord-terrassbord-utomhus-matbord-for-tradgard-terrass-balkong-gra\/"},"modified":"2026-03-12T08:40:15","modified_gmt":"2026-03-12T07:40:15","slug":"truusk-tradgardsbord-i-stal-80-x-80-x-74-cm-vaderbestandigt-buffebord-halkfritt-campingbord-for-4-personer-balkongbord","status":"publish","type":"product","link":"https:\/\/truusk.store\/sv\/produkt\/truusk-tradgardsbord-i-stal-80-x-80-x-74-cm-vaderbestandigt-buffebord-halkfritt-campingbord-for-4-personer-balkongbord\/","title":{"rendered":"TRUUSK Tr\u00e4dg\u00e5rdsbord i St\u00e5l 80 x 80 x 74 cm &#8211; V\u00e4derbest\u00e4ndigt Buff\u00e9bord &#8211; Halkfritt Campingbord f\u00f6r 4 Personer &#8211; Balkongbord &#8211;"},"content":{"rendered":"<p>Detta TRUUSK v\u00e4derbest\u00e4ndiga tr\u00e4dg\u00e5rdsbord rymmer bekv\u00e4mt upp till 4 personer. Bordsskivan i lamelldesign f\u00f6rhindrar vattenstagnation och underl\u00e4ttar reng\u00f6ring. Det pulverlackerade, rostfria st\u00e5lramen p\u00e5 det lilla tr\u00e4dg\u00e5rdsbordet lovar ocks\u00e5 h\u00e5llbarhet. Med sin snygga, enkla design passar terrassbordet perfekt till alla tr\u00e4dg\u00e5rdsdesigner och berikar din terrass och andra utomhusomr\u00e5den.<\/p>\n<p>Beskrivning:<\/p>\n<ul>\n<li> Tr\u00e4dg\u00e5rdsbordet rymmer fyra personer, idealiskt f\u00f6r familjem\u00f6ten<\/li>\n<li> Terrassbordets bordsskiva i lamelldesign f\u00f6rhindrar vattenansamlingar och underl\u00e4ttar reng\u00f6ring<\/li>\n<li> Pulverlackerad, rostfri st\u00e5lram<\/li>\n<li> M\u00e5ngsidigt anv\u00e4ndbar<\/li>\n<li> Terrassbordets stilrena, enkla design kompletterar utomhusdekorationen<\/li>\n<\/ul>\n<p> Tekniska data:<\/p>\n<ul>\n<li> F\u00e4rg: Gr\u00e5<\/li>\n<li> Material: St\u00e5l<\/li>\n<li> Totala dimensioner: 80L x 80B x 74H cm<\/li>\n<li> Maximal belastning: 70 kg<\/li>\n<\/ul>\n<p>Leveransinneh\u00e5ll:<\/p>\n<ul>\n<li> 1 x Tr\u00e4dg\u00e5rdsbord<\/li>\n<li> 1 x Bruksanvisning<\/li>\n<\/ul>\n","protected":false},"excerpt":{"rendered":"<p>Detta TRUUSK v\u00e4derbest\u00e4ndiga tr\u00e4dg\u00e5rdsbord rymmer bekv\u00e4mt upp till 4 personer. Bordsskivan i lamelldesign f\u00f6rhindrar vattenstagnation och underl\u00e4ttar reng\u00f6ring. Det pulverlackerade,&#8230;<\/p>\n","protected":false},"featured_media":69768,"template":"","meta":[],"product_brand":[],"product_cat":[858,457,450],"product_tag":[],"class_list":{"0":"post-69777","1":"product","2":"type-product","3":"status-publish","4":"has-post-thumbnail","6":"product_cat-tradgard-terrass","7":"product_cat-tradgardsbord","8":"product_cat-tradgardsmobler","10":"first","11":"instock","12":"sale","13":"taxable","14":"shipping-taxable","15":"purchasable","16":"product-type-simple"},"yoast_head":"<!-- This site is optimized with the Yoast SEO plugin v25.4 - https:\/\/yoast.com\/wordpress\/plugins\/seo\/ -->\n<title>TRUUSK Tr\u00e4dg\u00e5rdsbord i St\u00e5l 80 x 80 x 74 cm - V\u00e4derbest\u00e4ndigt Buff\u00e9bord - Halkfritt Campingbord f\u00f6r 4 Personer - Balkongbord - TRUUSK - Hem, Tr\u00e4dg\u00e5rd &amp; Fritid<\/title>\n<meta name=\"robots\" content=\"index, follow, max-snippet:-1, max-image-preview:large, max-video-preview:-1\" \/>\n<link rel=\"canonical\" href=\"https:\/\/truusk.store\/sv\/produkt\/truusk-tradgardsbord-i-stal-80-x-80-x-74-cm-vaderbestandigt-buffebord-halkfritt-campingbord-for-4-personer-balkongbord\/\" \/>\n<meta property=\"og:locale\" content=\"sv_SE\" \/>\n<meta property=\"og:type\" content=\"article\" \/>\n<meta property=\"og:title\" content=\"TRUUSK Tr\u00e4dg\u00e5rdsbord i St\u00e5l 80 x 80 x 74 cm - V\u00e4derbest\u00e4ndigt Buff\u00e9bord - Halkfritt Campingbord f\u00f6r 4 Personer - Balkongbord - TRUUSK - Hem, Tr\u00e4dg\u00e5rd &amp; Fritid\" \/>\n<meta property=\"og:description\" content=\"Detta TRUUSK v\u00e4derbest\u00e4ndiga tr\u00e4dg\u00e5rdsbord rymmer bekv\u00e4mt upp till 4 personer. Bordsskivan i lamelldesign f\u00f6rhindrar vattenstagnation och underl\u00e4ttar reng\u00f6ring. Det pulverlackerade,...\" \/>\n<meta property=\"og:url\" content=\"https:\/\/truusk.store\/sv\/produkt\/truusk-tradgardsbord-i-stal-80-x-80-x-74-cm-vaderbestandigt-buffebord-halkfritt-campingbord-for-4-personer-balkongbord\/\" \/>\n<meta property=\"og:site_name\" content=\"TRUUSK - Hem, Tr\u00e4dg\u00e5rd &amp; Fritid\" \/>\n<meta property=\"article:modified_time\" content=\"2026-03-12T07:40:15+00:00\" \/>\n<meta property=\"og:image\" content=\"https:\/\/i0.wp.com\/truusk.se\/wp-content\/uploads\/2025\/06\/tradgardsbord-i-stal-80-x-80-x-74-cm-vaderbestandigt-buffebord-med-stalram-halkfritt-campingbord-for-4-personer-balkongbord-terrassbord-utomhus-matbord-for-tradgard-terrass-balkong-gra-1.webp?fit=2000%2C2000&ssl=1\" \/>\n\t<meta property=\"og:image:width\" content=\"2000\" \/>\n\t<meta property=\"og:image:height\" content=\"2000\" \/>\n\t<meta property=\"og:image:type\" content=\"image\/webp\" \/>\n<meta name=\"twitter:card\" content=\"summary_large_image\" \/>\n<meta name=\"twitter:label1\" content=\"Ber\u00e4knad l\u00e4stid\" \/>\n\t<meta name=\"twitter:data1\" content=\"1 minut\" \/>\n<!-- \/ Yoast SEO plugin. -->","yoast_head_json":{"title":"TRUUSK Tr\u00e4dg\u00e5rdsbord i St\u00e5l 80 x 80 x 74 cm - V\u00e4derbest\u00e4ndigt Buff\u00e9bord - Halkfritt Campingbord f\u00f6r 4 Personer - Balkongbord - TRUUSK - Hem, Tr\u00e4dg\u00e5rd &amp; Fritid","robots":{"index":"index","follow":"follow","max-snippet":"max-snippet:-1","max-image-preview":"max-image-preview:large","max-video-preview":"max-video-preview:-1"},"canonical":"https:\/\/truusk.store\/sv\/produkt\/truusk-tradgardsbord-i-stal-80-x-80-x-74-cm-vaderbestandigt-buffebord-halkfritt-campingbord-for-4-personer-balkongbord\/","og_locale":"sv_SE","og_type":"article","og_title":"TRUUSK Tr\u00e4dg\u00e5rdsbord i St\u00e5l 80 x 80 x 74 cm - V\u00e4derbest\u00e4ndigt Buff\u00e9bord - Halkfritt Campingbord f\u00f6r 4 Personer - Balkongbord - TRUUSK - Hem, Tr\u00e4dg\u00e5rd &amp; Fritid","og_description":"Detta TRUUSK v\u00e4derbest\u00e4ndiga tr\u00e4dg\u00e5rdsbord rymmer bekv\u00e4mt upp till 4 personer. Bordsskivan i lamelldesign f\u00f6rhindrar vattenstagnation och underl\u00e4ttar reng\u00f6ring. Det pulverlackerade,...","og_url":"https:\/\/truusk.store\/sv\/produkt\/truusk-tradgardsbord-i-stal-80-x-80-x-74-cm-vaderbestandigt-buffebord-halkfritt-campingbord-for-4-personer-balkongbord\/","og_site_name":"TRUUSK - Hem, Tr\u00e4dg\u00e5rd &amp; Fritid","article_modified_time":"2026-03-12T07:40:15+00:00","og_image":[{"width":2000,"height":2000,"url":"https:\/\/i0.wp.com\/truusk.se\/wp-content\/uploads\/2025\/06\/tradgardsbord-i-stal-80-x-80-x-74-cm-vaderbestandigt-buffebord-med-stalram-halkfritt-campingbord-for-4-personer-balkongbord-terrassbord-utomhus-matbord-for-tradgard-terrass-balkong-gra-1.webp?fit=2000%2C2000&ssl=1","type":"image\/webp"}],"twitter_card":"summary_large_image","twitter_misc":{"Ber\u00e4knad l\u00e4stid":"1 minut"},"schema":{"@context":"https:\/\/schema.org","@graph":[{"@type":"WebPage","@id":"https:\/\/truusk.store\/sv\/produkt\/truusk-tradgardsbord-i-stal-80-x-80-x-74-cm-vaderbestandigt-buffebord-halkfritt-campingbord-for-4-personer-balkongbord\/","url":"https:\/\/truusk.store\/sv\/produkt\/truusk-tradgardsbord-i-stal-80-x-80-x-74-cm-vaderbestandigt-buffebord-halkfritt-campingbord-for-4-personer-balkongbord\/","name":"TRUUSK Tr\u00e4dg\u00e5rdsbord i St\u00e5l 80 x 80 x 74 cm - V\u00e4derbest\u00e4ndigt Buff\u00e9bord - Halkfritt Campingbord f\u00f6r 4 Personer - Balkongbord - TRUUSK - Hem, Tr\u00e4dg\u00e5rd &amp; Fritid","isPartOf":{"@id":"https:\/\/truusk.store\/sv\/#website"},"primaryImageOfPage":{"@id":"https:\/\/truusk.store\/sv\/produkt\/truusk-tradgardsbord-i-stal-80-x-80-x-74-cm-vaderbestandigt-buffebord-halkfritt-campingbord-for-4-personer-balkongbord\/#primaryimage"},"image":{"@id":"https:\/\/truusk.store\/sv\/produkt\/truusk-tradgardsbord-i-stal-80-x-80-x-74-cm-vaderbestandigt-buffebord-halkfritt-campingbord-for-4-personer-balkongbord\/#primaryimage"},"thumbnailUrl":"https:\/\/i0.wp.com\/truusk.store\/wp-content\/uploads\/2025\/06\/tradgardsbord-i-stal-80-x-80-x-74-cm-vaderbestandigt-buffebord-med-stalram-halkfritt-campingbord-for-4-personer-balkongbord-terrassbord-utomhus-matbord-for-tradgard-terrass-balkong-gra-1.webp?fit=2000%2C2000&ssl=1","datePublished":"2025-06-05T17:21:48+00:00","dateModified":"2026-03-12T07:40:15+00:00","breadcrumb":{"@id":"https:\/\/truusk.store\/sv\/produkt\/truusk-tradgardsbord-i-stal-80-x-80-x-74-cm-vaderbestandigt-buffebord-halkfritt-campingbord-for-4-personer-balkongbord\/#breadcrumb"},"inLanguage":"sv-SE","potentialAction":[{"@type":"ReadAction","target":["https:\/\/truusk.store\/sv\/produkt\/truusk-tradgardsbord-i-stal-80-x-80-x-74-cm-vaderbestandigt-buffebord-halkfritt-campingbord-for-4-personer-balkongbord\/"]}]},{"@type":"ImageObject","inLanguage":"sv-SE","@id":"https:\/\/truusk.store\/sv\/produkt\/truusk-tradgardsbord-i-stal-80-x-80-x-74-cm-vaderbestandigt-buffebord-halkfritt-campingbord-for-4-personer-balkongbord\/#primaryimage","url":"https:\/\/i0.wp.com\/truusk.store\/wp-content\/uploads\/2025\/06\/tradgardsbord-i-stal-80-x-80-x-74-cm-vaderbestandigt-buffebord-med-stalram-halkfritt-campingbord-for-4-personer-balkongbord-terrassbord-utomhus-matbord-for-tradgard-terrass-balkong-gra-1.webp?fit=2000%2C2000&ssl=1","contentUrl":"https:\/\/i0.wp.com\/truusk.store\/wp-content\/uploads\/2025\/06\/tradgardsbord-i-stal-80-x-80-x-74-cm-vaderbestandigt-buffebord-med-stalram-halkfritt-campingbord-for-4-personer-balkongbord-terrassbord-utomhus-matbord-for-tradgard-terrass-balkong-gra-1.webp?fit=2000%2C2000&ssl=1","width":2000,"height":2000},{"@type":"BreadcrumbList","@id":"https:\/\/truusk.store\/sv\/produkt\/truusk-tradgardsbord-i-stal-80-x-80-x-74-cm-vaderbestandigt-buffebord-halkfritt-campingbord-for-4-personer-balkongbord\/#breadcrumb","itemListElement":[{"@type":"ListItem","position":1,"name":"Home","item":"https:\/\/truusk.store\/sv\/"},{"@type":"ListItem","position":2,"name":"Shop","item":"https:\/\/truusk.store\/shop\/"},{"@type":"ListItem","position":3,"name":"TRUUSK Tr\u00e4dg\u00e5rdsbord i St\u00e5l 80 x 80 x 74 cm &#8211; V\u00e4derbest\u00e4ndigt Buff\u00e9bord &#8211; Halkfritt Campingbord f\u00f6r 4 Personer &#8211; Balkongbord &#8211;"}]},{"@type":"WebSite","@id":"https:\/\/truusk.store\/sv\/#website","url":"https:\/\/truusk.store\/sv\/","name":"TRUUSK - Hem, Tr\u00e4dg\u00e5rd & Fritid","description":"","publisher":{"@id":"https:\/\/truusk.store\/sv\/#organization"},"potentialAction":[{"@type":"SearchAction","target":{"@type":"EntryPoint","urlTemplate":"https:\/\/truusk.store\/sv\/?s={search_term_string}"},"query-input":{"@type":"PropertyValueSpecification","valueRequired":true,"valueName":"search_term_string"}}],"inLanguage":"sv-SE"},{"@type":"Organization","@id":"https:\/\/truusk.store\/sv\/#organization","name":"TRUUSK - Hem, Tr\u00e4dg\u00e5rd & Fritid","url":"https:\/\/truusk.store\/sv\/","logo":{"@type":"ImageObject","inLanguage":"sv-SE","@id":"https:\/\/truusk.store\/sv\/#\/schema\/logo\/image\/","url":"https:\/\/i0.wp.com\/truusk.store\/wp-content\/uploads\/2026\/03\/cropped-TRUUSK.png?fit=2032%2C917&ssl=1","contentUrl":"https:\/\/i0.wp.com\/truusk.store\/wp-content\/uploads\/2026\/03\/cropped-TRUUSK.png?fit=2032%2C917&ssl=1","width":2032,"height":917,"caption":"TRUUSK - Hem, Tr\u00e4dg\u00e5rd & Fritid"},"image":{"@id":"https:\/\/truusk.store\/sv\/#\/schema\/logo\/image\/"}}]}},"jetpack_sharing_enabled":true,"_links":{"self":[{"href":"https:\/\/truusk.store\/sv\/wp-json\/wp\/v2\/product\/69777","targetHints":{"allow":["GET"]}}],"collection":[{"href":"https:\/\/truusk.store\/sv\/wp-json\/wp\/v2\/product"}],"about":[{"href":"https:\/\/truusk.store\/sv\/wp-json\/wp\/v2\/types\/product"}],"wp:featuredmedia":[{"embeddable":true,"href":"https:\/\/truusk.store\/sv\/wp-json\/wp\/v2\/media\/69768"}],"wp:attachment":[{"href":"https:\/\/truusk.store\/sv\/wp-json\/wp\/v2\/media?parent=69777"}],"wp:term":[{"taxonomy":"product_brand","embeddable":true,"href":"https:\/\/truusk.store\/sv\/wp-json\/wp\/v2\/product_brand?post=69777"},{"taxonomy":"product_cat","embeddable":true,"href":"https:\/\/truusk.store\/sv\/wp-json\/wp\/v2\/product_cat?post=69777"},{"taxonomy":"product_tag","embeddable":true,"href":"https:\/\/truusk.store\/sv\/wp-json\/wp\/v2\/product_tag?post=69777"}],"curies":[{"name":"wp","href":"https:\/\/api.w.org\/{rel}","templated":true}]}}