{"id":69787,"date":"2025-06-05T18:22:48","date_gmt":"2025-06-05T17:22:48","guid":{"rendered":"https:\/\/truusk.store\/product\/smadjursbur-gnagarkage-med-3-ramper-musbur-med-utdragbart-bricka-matskal-vattenflaska-bur-med-tillbehor-for-chinchilla-ekorre-dvarghamster-beige\/"},"modified":"2026-03-12T08:42:26","modified_gmt":"2026-03-12T07:42:26","slug":"truusk-smadjursbur-med-3-ramper-utdragbar-bricka-matskal-vattenflaska-tillbehor-for-chinchilla-ekorre-dvarghamster","status":"publish","type":"product","link":"https:\/\/truusk.store\/sv\/produkt\/truusk-smadjursbur-med-3-ramper-utdragbar-bricka-matskal-vattenflaska-tillbehor-for-chinchilla-ekorre-dvarghamster\/","title":{"rendered":"TRUUSK Sm\u00e5djursbur med 3 Ramper &#8211; Utdragbar Bricka &#8211; Matsk\u00e5l &#8211; Vattenflaska &#8211; Tillbeh\u00f6r f\u00f6r Chinchilla, Ekorre, Dv\u00e4rghamster &#8211;"},"content":{"rendered":"<p>Uppt\u00e4ck TRUUSK Chinchilla bur &#8211; ett rymligt 4-v\u00e5nings skydd f\u00f6r kaniner, illrar, chinchillas och ekorrar samt stora syriska hamstrar. Med ett s\u00e4kert 1 cm stavavst\u00e5nd, erbjuder denna bur tre kl\u00e4tterniv\u00e5er med ramper, en matbunke och en vattenflaska, inb\u00e4ddad i en solid st\u00e5l- och plastkonstruktion. Tv\u00e5 omfattande d\u00f6rrar och en 15 cm h\u00f6g panna av dv\u00e4rghamsterburen garanterar l\u00e4tt tillg\u00e5ng och enkel reng\u00f6ring.<\/p>\n<p>Beskrivning:<\/p>\n<ul>\n<li> Gnagarens bur fyra niv\u00e5ers design erbjuder gott om utrymme f\u00f6r sm\u00e5 djur<\/li>\n<li> Ett galleravst\u00e5nd p\u00e5 1 cm garanterar s\u00e4kerhet f\u00f6r olika sm\u00e5 husdjur<\/li>\n<li> Inneh\u00e5ller tre plattformar och ramper f\u00f6r kl\u00e4ttring<\/li>\n<li> Levereras med en matbunke och en vattenflaska<\/li>\n<li> 15 cm djup sk\u00e5l av musburen st\u00f6der olika str\u00f6material<\/li>\n<li> Tv\u00e5 stora d\u00f6rrar underl\u00e4ttar tillg\u00e5ng och reng\u00f6ring<\/li>\n<li> Konstruktion av st\u00e5l och plast garanterar h\u00e5llbarhet och s\u00e4kerhet<\/li>\n<li> Fyra hjul, tv\u00e5 av dem med bromsar, f\u00f6r enkel r\u00f6rlighet<\/li>\n<\/ul>\n<p>Specifikationer:<\/p>\n<ul>\n<li> F\u00e4rg: Beige<\/li>\n<li> Material: St\u00e5l, Plast<\/li>\n<li> Totala dimensioner: 69L x 44B x 120H cm<\/li>\n<li> Burstorlek: 69L x 44B x 102H cm<\/li>\n<li> Framd\u00f6rr: 26B x 30H cm<\/li>\n<li> Plattform: 41L x 20B cm<\/li>\n<li> Ramp: 37L x 13B cm<\/li>\n<li> Undersk\u00e5l: 69L x 44B x 15H cm<\/li>\n<li> Matbunke: \u00d820 x 5,5H cm<\/li>\n<li> Vattenflaska: 500 ml<\/li>\n<li> Hyllstorlek: 69L x 44B x 31H cm<\/li>\n<li> Hjul: 5 cm<\/li>\n<li> Stavavst\u00e5nd: 1 cm<\/li>\n<\/ul>\n<p>Leverans inneh\u00e5ller:<\/p>\n<ul>\n<li> 1 x Sm\u00e5djursbur<\/li>\n<li> 3 x Ramper<\/li>\n<li> 3 x Plattformar<\/li>\n<li> 1 x Matbunke<\/li>\n<li> 1 x Vattenflaska<\/li>\n<li> 1 x Bruksanvisning<\/li>\n<\/ul>\n","protected":false},"excerpt":{"rendered":"<p>Uppt\u00e4ck TRUUSK Chinchilla bur &#8211; ett rymligt 4-v\u00e5nings skydd f\u00f6r kaniner, illrar, chinchillas och ekorrar samt stora syriska hamstrar. Med&#8230;<\/p>\n","protected":false},"featured_media":69778,"template":"","meta":[],"product_brand":[],"product_cat":[878,599,597],"product_tag":[],"class_list":{"0":"post-69787","1":"product","2":"type-product","3":"status-publish","4":"has-post-thumbnail","6":"product_cat-djurbehov","7":"product_cat-sma-djurburar","8":"product_cat-sma-djurtillbehor","10":"first","11":"instock","12":"sale","13":"taxable","14":"shipping-taxable","15":"purchasable","16":"product-type-simple"},"yoast_head":"<!-- This site is optimized with the Yoast SEO plugin v25.4 - https:\/\/yoast.com\/wordpress\/plugins\/seo\/ -->\n<title>TRUUSK Sm\u00e5djursbur med 3 Ramper - Utdragbar Bricka - Matsk\u00e5l - Vattenflaska - Tillbeh\u00f6r f\u00f6r Chinchilla, Ekorre, Dv\u00e4rghamster - TRUUSK - Hem, Tr\u00e4dg\u00e5rd &amp; Fritid<\/title>\n<meta name=\"robots\" content=\"index, follow, max-snippet:-1, max-image-preview:large, max-video-preview:-1\" \/>\n<link rel=\"canonical\" href=\"https:\/\/truusk.store\/sv\/produkt\/truusk-smadjursbur-med-3-ramper-utdragbar-bricka-matskal-vattenflaska-tillbehor-for-chinchilla-ekorre-dvarghamster\/\" \/>\n<meta property=\"og:locale\" content=\"sv_SE\" \/>\n<meta property=\"og:type\" content=\"article\" \/>\n<meta property=\"og:title\" content=\"TRUUSK Sm\u00e5djursbur med 3 Ramper - Utdragbar Bricka - Matsk\u00e5l - Vattenflaska - Tillbeh\u00f6r f\u00f6r Chinchilla, Ekorre, Dv\u00e4rghamster - TRUUSK - Hem, Tr\u00e4dg\u00e5rd &amp; Fritid\" \/>\n<meta property=\"og:description\" content=\"Uppt\u00e4ck TRUUSK Chinchilla bur &#8211; ett rymligt 4-v\u00e5nings skydd f\u00f6r kaniner, illrar, chinchillas och ekorrar samt stora syriska hamstrar. Med...\" \/>\n<meta property=\"og:url\" content=\"https:\/\/truusk.store\/sv\/produkt\/truusk-smadjursbur-med-3-ramper-utdragbar-bricka-matskal-vattenflaska-tillbehor-for-chinchilla-ekorre-dvarghamster\/\" \/>\n<meta property=\"og:site_name\" content=\"TRUUSK - Hem, Tr\u00e4dg\u00e5rd &amp; Fritid\" \/>\n<meta property=\"article:modified_time\" content=\"2026-03-12T07:42:26+00:00\" \/>\n<meta property=\"og:image\" content=\"https:\/\/i0.wp.com\/truusk.se\/wp-content\/uploads\/2025\/06\/smadjursbur-gnagarkage-med-3-ramper-musbur-med-utdragbart-bricka-matskal-vattenflaska-bur-med-tillbehor-for-chinchilla-ekorre-dvarghamster-beige-1.webp?fit=2000%2C2000&ssl=1\" \/>\n\t<meta property=\"og:image:width\" content=\"2000\" \/>\n\t<meta property=\"og:image:height\" content=\"2000\" \/>\n\t<meta property=\"og:image:type\" content=\"image\/webp\" \/>\n<meta name=\"twitter:card\" content=\"summary_large_image\" \/>\n<meta name=\"twitter:label1\" content=\"Ber\u00e4knad l\u00e4stid\" \/>\n\t<meta name=\"twitter:data1\" content=\"1 minut\" \/>\n<!-- \/ Yoast SEO plugin. -->","yoast_head_json":{"title":"TRUUSK Sm\u00e5djursbur med 3 Ramper - Utdragbar Bricka - Matsk\u00e5l - Vattenflaska - Tillbeh\u00f6r f\u00f6r Chinchilla, Ekorre, Dv\u00e4rghamster - TRUUSK - Hem, Tr\u00e4dg\u00e5rd &amp; Fritid","robots":{"index":"index","follow":"follow","max-snippet":"max-snippet:-1","max-image-preview":"max-image-preview:large","max-video-preview":"max-video-preview:-1"},"canonical":"https:\/\/truusk.store\/sv\/produkt\/truusk-smadjursbur-med-3-ramper-utdragbar-bricka-matskal-vattenflaska-tillbehor-for-chinchilla-ekorre-dvarghamster\/","og_locale":"sv_SE","og_type":"article","og_title":"TRUUSK Sm\u00e5djursbur med 3 Ramper - Utdragbar Bricka - Matsk\u00e5l - Vattenflaska - Tillbeh\u00f6r f\u00f6r Chinchilla, Ekorre, Dv\u00e4rghamster - TRUUSK - Hem, Tr\u00e4dg\u00e5rd &amp; Fritid","og_description":"Uppt\u00e4ck TRUUSK Chinchilla bur &#8211; ett rymligt 4-v\u00e5nings skydd f\u00f6r kaniner, illrar, chinchillas och ekorrar samt stora syriska hamstrar. Med...","og_url":"https:\/\/truusk.store\/sv\/produkt\/truusk-smadjursbur-med-3-ramper-utdragbar-bricka-matskal-vattenflaska-tillbehor-for-chinchilla-ekorre-dvarghamster\/","og_site_name":"TRUUSK - Hem, Tr\u00e4dg\u00e5rd &amp; Fritid","article_modified_time":"2026-03-12T07:42:26+00:00","og_image":[{"width":2000,"height":2000,"url":"https:\/\/i0.wp.com\/truusk.se\/wp-content\/uploads\/2025\/06\/smadjursbur-gnagarkage-med-3-ramper-musbur-med-utdragbart-bricka-matskal-vattenflaska-bur-med-tillbehor-for-chinchilla-ekorre-dvarghamster-beige-1.webp?fit=2000%2C2000&ssl=1","type":"image\/webp"}],"twitter_card":"summary_large_image","twitter_misc":{"Ber\u00e4knad l\u00e4stid":"1 minut"},"schema":{"@context":"https:\/\/schema.org","@graph":[{"@type":"WebPage","@id":"https:\/\/truusk.store\/sv\/produkt\/truusk-smadjursbur-med-3-ramper-utdragbar-bricka-matskal-vattenflaska-tillbehor-for-chinchilla-ekorre-dvarghamster\/","url":"https:\/\/truusk.store\/sv\/produkt\/truusk-smadjursbur-med-3-ramper-utdragbar-bricka-matskal-vattenflaska-tillbehor-for-chinchilla-ekorre-dvarghamster\/","name":"TRUUSK Sm\u00e5djursbur med 3 Ramper - Utdragbar Bricka - Matsk\u00e5l - Vattenflaska - Tillbeh\u00f6r f\u00f6r Chinchilla, Ekorre, Dv\u00e4rghamster - TRUUSK - Hem, Tr\u00e4dg\u00e5rd &amp; Fritid","isPartOf":{"@id":"https:\/\/truusk.store\/sv\/#website"},"primaryImageOfPage":{"@id":"https:\/\/truusk.store\/sv\/produkt\/truusk-smadjursbur-med-3-ramper-utdragbar-bricka-matskal-vattenflaska-tillbehor-for-chinchilla-ekorre-dvarghamster\/#primaryimage"},"image":{"@id":"https:\/\/truusk.store\/sv\/produkt\/truusk-smadjursbur-med-3-ramper-utdragbar-bricka-matskal-vattenflaska-tillbehor-for-chinchilla-ekorre-dvarghamster\/#primaryimage"},"thumbnailUrl":"https:\/\/i0.wp.com\/truusk.store\/wp-content\/uploads\/2025\/06\/smadjursbur-gnagarkage-med-3-ramper-musbur-med-utdragbart-bricka-matskal-vattenflaska-bur-med-tillbehor-for-chinchilla-ekorre-dvarghamster-beige-1.webp?fit=2000%2C2000&ssl=1","datePublished":"2025-06-05T17:22:48+00:00","dateModified":"2026-03-12T07:42:26+00:00","breadcrumb":{"@id":"https:\/\/truusk.store\/sv\/produkt\/truusk-smadjursbur-med-3-ramper-utdragbar-bricka-matskal-vattenflaska-tillbehor-for-chinchilla-ekorre-dvarghamster\/#breadcrumb"},"inLanguage":"sv-SE","potentialAction":[{"@type":"ReadAction","target":["https:\/\/truusk.store\/sv\/produkt\/truusk-smadjursbur-med-3-ramper-utdragbar-bricka-matskal-vattenflaska-tillbehor-for-chinchilla-ekorre-dvarghamster\/"]}]},{"@type":"ImageObject","inLanguage":"sv-SE","@id":"https:\/\/truusk.store\/sv\/produkt\/truusk-smadjursbur-med-3-ramper-utdragbar-bricka-matskal-vattenflaska-tillbehor-for-chinchilla-ekorre-dvarghamster\/#primaryimage","url":"https:\/\/i0.wp.com\/truusk.store\/wp-content\/uploads\/2025\/06\/smadjursbur-gnagarkage-med-3-ramper-musbur-med-utdragbart-bricka-matskal-vattenflaska-bur-med-tillbehor-for-chinchilla-ekorre-dvarghamster-beige-1.webp?fit=2000%2C2000&ssl=1","contentUrl":"https:\/\/i0.wp.com\/truusk.store\/wp-content\/uploads\/2025\/06\/smadjursbur-gnagarkage-med-3-ramper-musbur-med-utdragbart-bricka-matskal-vattenflaska-bur-med-tillbehor-for-chinchilla-ekorre-dvarghamster-beige-1.webp?fit=2000%2C2000&ssl=1","width":2000,"height":2000},{"@type":"BreadcrumbList","@id":"https:\/\/truusk.store\/sv\/produkt\/truusk-smadjursbur-med-3-ramper-utdragbar-bricka-matskal-vattenflaska-tillbehor-for-chinchilla-ekorre-dvarghamster\/#breadcrumb","itemListElement":[{"@type":"ListItem","position":1,"name":"Home","item":"https:\/\/truusk.store\/sv\/"},{"@type":"ListItem","position":2,"name":"Shop","item":"https:\/\/truusk.store\/shop\/"},{"@type":"ListItem","position":3,"name":"TRUUSK Sm\u00e5djursbur med 3 Ramper &#8211; Utdragbar Bricka &#8211; Matsk\u00e5l &#8211; Vattenflaska &#8211; Tillbeh\u00f6r f\u00f6r Chinchilla, Ekorre, Dv\u00e4rghamster &#8211;"}]},{"@type":"WebSite","@id":"https:\/\/truusk.store\/sv\/#website","url":"https:\/\/truusk.store\/sv\/","name":"TRUUSK - Hem, Tr\u00e4dg\u00e5rd & Fritid","description":"","publisher":{"@id":"https:\/\/truusk.store\/sv\/#organization"},"potentialAction":[{"@type":"SearchAction","target":{"@type":"EntryPoint","urlTemplate":"https:\/\/truusk.store\/sv\/?s={search_term_string}"},"query-input":{"@type":"PropertyValueSpecification","valueRequired":true,"valueName":"search_term_string"}}],"inLanguage":"sv-SE"},{"@type":"Organization","@id":"https:\/\/truusk.store\/sv\/#organization","name":"TRUUSK - Hem, Tr\u00e4dg\u00e5rd & Fritid","url":"https:\/\/truusk.store\/sv\/","logo":{"@type":"ImageObject","inLanguage":"sv-SE","@id":"https:\/\/truusk.store\/sv\/#\/schema\/logo\/image\/","url":"https:\/\/i0.wp.com\/truusk.store\/wp-content\/uploads\/2026\/03\/cropped-TRUUSK.png?fit=2032%2C917&ssl=1","contentUrl":"https:\/\/i0.wp.com\/truusk.store\/wp-content\/uploads\/2026\/03\/cropped-TRUUSK.png?fit=2032%2C917&ssl=1","width":2032,"height":917,"caption":"TRUUSK - Hem, Tr\u00e4dg\u00e5rd & Fritid"},"image":{"@id":"https:\/\/truusk.store\/sv\/#\/schema\/logo\/image\/"}}]}},"jetpack_sharing_enabled":true,"_links":{"self":[{"href":"https:\/\/truusk.store\/sv\/wp-json\/wp\/v2\/product\/69787","targetHints":{"allow":["GET"]}}],"collection":[{"href":"https:\/\/truusk.store\/sv\/wp-json\/wp\/v2\/product"}],"about":[{"href":"https:\/\/truusk.store\/sv\/wp-json\/wp\/v2\/types\/product"}],"wp:featuredmedia":[{"embeddable":true,"href":"https:\/\/truusk.store\/sv\/wp-json\/wp\/v2\/media\/69778"}],"wp:attachment":[{"href":"https:\/\/truusk.store\/sv\/wp-json\/wp\/v2\/media?parent=69787"}],"wp:term":[{"taxonomy":"product_brand","embeddable":true,"href":"https:\/\/truusk.store\/sv\/wp-json\/wp\/v2\/product_brand?post=69787"},{"taxonomy":"product_cat","embeddable":true,"href":"https:\/\/truusk.store\/sv\/wp-json\/wp\/v2\/product_cat?post=69787"},{"taxonomy":"product_tag","embeddable":true,"href":"https:\/\/truusk.store\/sv\/wp-json\/wp\/v2\/product_tag?post=69787"}],"curies":[{"name":"wp","href":"https:\/\/api.w.org\/{rel}","templated":true}]}}