{"id":69817,"date":"2025-06-05T18:25:53","date_gmt":"2025-06-05T17:25:53","guid":{"rendered":"https:\/\/truusk.store\/product\/vaxthus-ca-4-x-3-x-2-m-folievaxthus-med-8-fonster-rullande-dorr-upprullbara-sidovaggar-uv-resistent-folietunnel-vinterfast-tomatvaxthus-med-jordankare-gron\/"},"modified":"2026-03-12T09:46:25","modified_gmt":"2026-03-12T08:46:25","slug":"truusk-folievaxthus-ca-4-x-3-x-2-m-8-fonster-rullande-dorr-upprullbara-sidovaggar-uv-resistent-jordankare-gron","status":"publish","type":"product","link":"https:\/\/truusk.store\/sv\/produkt\/truusk-folievaxthus-ca-4-x-3-x-2-m-8-fonster-rullande-dorr-upprullbara-sidovaggar-uv-resistent-jordankare-gron\/","title":{"rendered":"TRUUSK Foliev\u00e4xthus Ca. 4 X 3 X 2 M &#8211; 8 F\u00f6nster &#8211; Rullande D\u00f6rr &#8211; Upprullbara Sidov\u00e4ggar &#8211; UV-resistent &#8211; Jordankare &#8211; Gr\u00f6n"},"content":{"rendered":"<p>Ut\u00f6ka odlings\u00e4songen med denna f\u00f6rb\u00e4ttrade TRUUSK b\u00e5gtunnel. Ramen p\u00e5 tunnelv\u00e4xthuset \u00e4r gjord av galvaniserat st\u00e5l och \u00e4r utrustad med extra f\u00f6rst\u00e4rkningsst\u00e4nger runt om. Den f\u00f6rst\u00e4rkta t\u00e4ckningen av folietunneln passar perfekt p\u00e5 ramen. Det gener\u00f6sa utrymmet inuti \u00e4r utm\u00e4rkt f\u00f6r odling av m\u00e5nga v\u00e4xter och den \u00f6ppna designen ger utrymme f\u00f6r olika designm\u00f6jligheter.<\/p>\n<p>Beskrivning:<\/p>\n<ul>\n<li> 170 g\/m\u00b2 plast\u00f6verdrag f\u00f6r tomatv\u00e4xthuset h\u00e5ller l\u00e4ngre \u00e4n j\u00e4mf\u00f6rbara produkter<\/li>\n<li> F\u00f6rb\u00e4ttrad ram med f\u00f6rst\u00e4rkt topp-, sid- och d\u00f6rrram<\/li>\n<li> Vattent\u00e5ligt, b\u00f6jresistent 25 mm galvaniserat st\u00e5lr\u00f6r f\u00f6r folietunneln \u00e4r motst\u00e5ndskraftigt mot yttre p\u00e5verkan<\/li>\n<li> Rullande d\u00f6rr med dragkedja och f\u00f6nster med n\u00e4ttyg f\u00f6r tillg\u00e5ng och ventilation<\/li>\n<li> L\u00e5nga kanter f\u00f6r att gr\u00e4va in i marken f\u00f6r extra stabilitet<\/li>\n<li> U-formade t\u00e4ltspikar f\u00f6r tomatv\u00e4xthuset f\u00f6r tr\u00e4dg\u00e5rden f\u00f6r att f\u00e4sta bottenramen och sp\u00e4nnlinorna<\/li>\n<li> Montering kr\u00e4vs, tv\u00e5 till tre personer rekommenderas<\/li>\n<\/ul>\n<p> Tekniska data:<\/p>\n<ul>\n<li> F\u00e4rg: Gr\u00f6n<\/li>\n<li> Material: Plast, St\u00e5l<\/li>\n<li> Totala dimensioner: 398L x 298B x 198H cm<\/li>\n<li> F\u00f6nsterstorlek: 40B x 40H cm<\/li>\n<li> D\u00f6rrstorlek: 196B x 153H cm<\/li>\n<li> Kantbredd: 20 cm<\/li>\n<li> Vindt\u00e5lig: Niv\u00e5 4 (vindhastighet under 28 km\/h)<\/li>\n<li> F\u00f6r montering: 2-3 personer rekommenderas<\/li>\n<\/ul>\n<p>Leveransinneh\u00e5ll:<\/p>\n<ul>\n<li> 1 x Tunnelv\u00e4xthus<\/li>\n<li> 16 x U-formad markspik<\/li>\n<li> 4 x Sp\u00e4nnlina<\/li>\n<li> 1 x Bruksanvisning<\/li>\n<\/ul>\n","protected":false},"excerpt":{"rendered":"<p>Ut\u00f6ka odlings\u00e4songen med denna f\u00f6rb\u00e4ttrade TRUUSK b\u00e5gtunnel. Ramen p\u00e5 tunnelv\u00e4xthuset \u00e4r gjord av galvaniserat st\u00e5l och \u00e4r utrustad med extra&#8230;<\/p>\n","protected":false},"featured_media":69808,"template":"","meta":[],"product_brand":[],"product_cat":[903,858,443],"product_tag":[],"class_list":{"0":"post-69817","1":"product","2":"type-product","3":"status-publish","4":"has-post-thumbnail","6":"product_cat-plastvaxthus","7":"product_cat-tradgard-terrass","8":"product_cat-vaxthus-tradgardsskotsel","10":"first","11":"instock","12":"sale","13":"taxable","14":"shipping-taxable","15":"purchasable","16":"product-type-simple"},"yoast_head":"<!-- This site is optimized with the Yoast SEO plugin v25.4 - https:\/\/yoast.com\/wordpress\/plugins\/seo\/ -->\n<title>TRUUSK Foliev\u00e4xthus Ca. 4 X 3 X 2 M - 8 F\u00f6nster - Rullande D\u00f6rr - Upprullbara Sidov\u00e4ggar - UV-resistent - Jordankare - Gr\u00f6n - TRUUSK - Hem, Tr\u00e4dg\u00e5rd &amp; Fritid<\/title>\n<meta name=\"robots\" content=\"index, follow, max-snippet:-1, max-image-preview:large, max-video-preview:-1\" \/>\n<link rel=\"canonical\" href=\"https:\/\/truusk.store\/sv\/produkt\/truusk-folievaxthus-ca-4-x-3-x-2-m-8-fonster-rullande-dorr-upprullbara-sidovaggar-uv-resistent-jordankare-gron\/\" \/>\n<meta property=\"og:locale\" content=\"sv_SE\" \/>\n<meta property=\"og:type\" content=\"article\" \/>\n<meta property=\"og:title\" content=\"TRUUSK Foliev\u00e4xthus Ca. 4 X 3 X 2 M - 8 F\u00f6nster - Rullande D\u00f6rr - Upprullbara Sidov\u00e4ggar - UV-resistent - Jordankare - Gr\u00f6n - TRUUSK - Hem, Tr\u00e4dg\u00e5rd &amp; Fritid\" \/>\n<meta property=\"og:description\" content=\"Ut\u00f6ka odlings\u00e4songen med denna f\u00f6rb\u00e4ttrade TRUUSK b\u00e5gtunnel. Ramen p\u00e5 tunnelv\u00e4xthuset \u00e4r gjord av galvaniserat st\u00e5l och \u00e4r utrustad med extra...\" \/>\n<meta property=\"og:url\" content=\"https:\/\/truusk.store\/sv\/produkt\/truusk-folievaxthus-ca-4-x-3-x-2-m-8-fonster-rullande-dorr-upprullbara-sidovaggar-uv-resistent-jordankare-gron\/\" \/>\n<meta property=\"og:site_name\" content=\"TRUUSK - Hem, Tr\u00e4dg\u00e5rd &amp; Fritid\" \/>\n<meta property=\"article:modified_time\" content=\"2026-03-12T08:46:25+00:00\" \/>\n<meta property=\"og:image\" content=\"https:\/\/i0.wp.com\/truusk.se\/wp-content\/uploads\/2025\/06\/vaxthus-ca-4-x-3-x-2-m-folievaxthus-med-8-fonster-rullande-dorr-upprullbara-sidovaggar-uv-resistent-folietunnel-vinterfast-tomatvaxthus-med-jordankare-gron-1.webp?fit=2000%2C2000&ssl=1\" \/>\n\t<meta property=\"og:image:width\" content=\"2000\" \/>\n\t<meta property=\"og:image:height\" content=\"2000\" \/>\n\t<meta property=\"og:image:type\" content=\"image\/webp\" \/>\n<meta name=\"twitter:card\" content=\"summary_large_image\" \/>\n<meta name=\"twitter:label1\" content=\"Ber\u00e4knad l\u00e4stid\" \/>\n\t<meta name=\"twitter:data1\" content=\"1 minut\" \/>\n<!-- \/ Yoast SEO plugin. -->","yoast_head_json":{"title":"TRUUSK Foliev\u00e4xthus Ca. 4 X 3 X 2 M - 8 F\u00f6nster - Rullande D\u00f6rr - Upprullbara Sidov\u00e4ggar - UV-resistent - Jordankare - Gr\u00f6n - TRUUSK - Hem, Tr\u00e4dg\u00e5rd &amp; Fritid","robots":{"index":"index","follow":"follow","max-snippet":"max-snippet:-1","max-image-preview":"max-image-preview:large","max-video-preview":"max-video-preview:-1"},"canonical":"https:\/\/truusk.store\/sv\/produkt\/truusk-folievaxthus-ca-4-x-3-x-2-m-8-fonster-rullande-dorr-upprullbara-sidovaggar-uv-resistent-jordankare-gron\/","og_locale":"sv_SE","og_type":"article","og_title":"TRUUSK Foliev\u00e4xthus Ca. 4 X 3 X 2 M - 8 F\u00f6nster - Rullande D\u00f6rr - Upprullbara Sidov\u00e4ggar - UV-resistent - Jordankare - Gr\u00f6n - TRUUSK - Hem, Tr\u00e4dg\u00e5rd &amp; Fritid","og_description":"Ut\u00f6ka odlings\u00e4songen med denna f\u00f6rb\u00e4ttrade TRUUSK b\u00e5gtunnel. Ramen p\u00e5 tunnelv\u00e4xthuset \u00e4r gjord av galvaniserat st\u00e5l och \u00e4r utrustad med extra...","og_url":"https:\/\/truusk.store\/sv\/produkt\/truusk-folievaxthus-ca-4-x-3-x-2-m-8-fonster-rullande-dorr-upprullbara-sidovaggar-uv-resistent-jordankare-gron\/","og_site_name":"TRUUSK - Hem, Tr\u00e4dg\u00e5rd &amp; Fritid","article_modified_time":"2026-03-12T08:46:25+00:00","og_image":[{"width":2000,"height":2000,"url":"https:\/\/i0.wp.com\/truusk.se\/wp-content\/uploads\/2025\/06\/vaxthus-ca-4-x-3-x-2-m-folievaxthus-med-8-fonster-rullande-dorr-upprullbara-sidovaggar-uv-resistent-folietunnel-vinterfast-tomatvaxthus-med-jordankare-gron-1.webp?fit=2000%2C2000&ssl=1","type":"image\/webp"}],"twitter_card":"summary_large_image","twitter_misc":{"Ber\u00e4knad l\u00e4stid":"1 minut"},"schema":{"@context":"https:\/\/schema.org","@graph":[{"@type":"WebPage","@id":"https:\/\/truusk.store\/sv\/produkt\/truusk-folievaxthus-ca-4-x-3-x-2-m-8-fonster-rullande-dorr-upprullbara-sidovaggar-uv-resistent-jordankare-gron\/","url":"https:\/\/truusk.store\/sv\/produkt\/truusk-folievaxthus-ca-4-x-3-x-2-m-8-fonster-rullande-dorr-upprullbara-sidovaggar-uv-resistent-jordankare-gron\/","name":"TRUUSK Foliev\u00e4xthus Ca. 4 X 3 X 2 M - 8 F\u00f6nster - Rullande D\u00f6rr - Upprullbara Sidov\u00e4ggar - UV-resistent - Jordankare - Gr\u00f6n - TRUUSK - Hem, Tr\u00e4dg\u00e5rd &amp; Fritid","isPartOf":{"@id":"https:\/\/truusk.store\/sv\/#website"},"primaryImageOfPage":{"@id":"https:\/\/truusk.store\/sv\/produkt\/truusk-folievaxthus-ca-4-x-3-x-2-m-8-fonster-rullande-dorr-upprullbara-sidovaggar-uv-resistent-jordankare-gron\/#primaryimage"},"image":{"@id":"https:\/\/truusk.store\/sv\/produkt\/truusk-folievaxthus-ca-4-x-3-x-2-m-8-fonster-rullande-dorr-upprullbara-sidovaggar-uv-resistent-jordankare-gron\/#primaryimage"},"thumbnailUrl":"https:\/\/i0.wp.com\/truusk.store\/wp-content\/uploads\/2025\/06\/vaxthus-ca-4-x-3-x-2-m-folievaxthus-med-8-fonster-rullande-dorr-upprullbara-sidovaggar-uv-resistent-folietunnel-vinterfast-tomatvaxthus-med-jordankare-gron-1.webp?fit=2000%2C2000&ssl=1","datePublished":"2025-06-05T17:25:53+00:00","dateModified":"2026-03-12T08:46:25+00:00","breadcrumb":{"@id":"https:\/\/truusk.store\/sv\/produkt\/truusk-folievaxthus-ca-4-x-3-x-2-m-8-fonster-rullande-dorr-upprullbara-sidovaggar-uv-resistent-jordankare-gron\/#breadcrumb"},"inLanguage":"sv-SE","potentialAction":[{"@type":"ReadAction","target":["https:\/\/truusk.store\/sv\/produkt\/truusk-folievaxthus-ca-4-x-3-x-2-m-8-fonster-rullande-dorr-upprullbara-sidovaggar-uv-resistent-jordankare-gron\/"]}]},{"@type":"ImageObject","inLanguage":"sv-SE","@id":"https:\/\/truusk.store\/sv\/produkt\/truusk-folievaxthus-ca-4-x-3-x-2-m-8-fonster-rullande-dorr-upprullbara-sidovaggar-uv-resistent-jordankare-gron\/#primaryimage","url":"https:\/\/i0.wp.com\/truusk.store\/wp-content\/uploads\/2025\/06\/vaxthus-ca-4-x-3-x-2-m-folievaxthus-med-8-fonster-rullande-dorr-upprullbara-sidovaggar-uv-resistent-folietunnel-vinterfast-tomatvaxthus-med-jordankare-gron-1.webp?fit=2000%2C2000&ssl=1","contentUrl":"https:\/\/i0.wp.com\/truusk.store\/wp-content\/uploads\/2025\/06\/vaxthus-ca-4-x-3-x-2-m-folievaxthus-med-8-fonster-rullande-dorr-upprullbara-sidovaggar-uv-resistent-folietunnel-vinterfast-tomatvaxthus-med-jordankare-gron-1.webp?fit=2000%2C2000&ssl=1","width":2000,"height":2000},{"@type":"BreadcrumbList","@id":"https:\/\/truusk.store\/sv\/produkt\/truusk-folievaxthus-ca-4-x-3-x-2-m-8-fonster-rullande-dorr-upprullbara-sidovaggar-uv-resistent-jordankare-gron\/#breadcrumb","itemListElement":[{"@type":"ListItem","position":1,"name":"Home","item":"https:\/\/truusk.store\/sv\/"},{"@type":"ListItem","position":2,"name":"Shop","item":"https:\/\/truusk.store\/shop\/"},{"@type":"ListItem","position":3,"name":"TRUUSK Foliev\u00e4xthus Ca. 4 X 3 X 2 M &#8211; 8 F\u00f6nster &#8211; Rullande D\u00f6rr &#8211; Upprullbara Sidov\u00e4ggar &#8211; UV-resistent &#8211; Jordankare &#8211; Gr\u00f6n"}]},{"@type":"WebSite","@id":"https:\/\/truusk.store\/sv\/#website","url":"https:\/\/truusk.store\/sv\/","name":"TRUUSK - Hem, Tr\u00e4dg\u00e5rd & Fritid","description":"","publisher":{"@id":"https:\/\/truusk.store\/sv\/#organization"},"potentialAction":[{"@type":"SearchAction","target":{"@type":"EntryPoint","urlTemplate":"https:\/\/truusk.store\/sv\/?s={search_term_string}"},"query-input":{"@type":"PropertyValueSpecification","valueRequired":true,"valueName":"search_term_string"}}],"inLanguage":"sv-SE"},{"@type":"Organization","@id":"https:\/\/truusk.store\/sv\/#organization","name":"TRUUSK - Hem, Tr\u00e4dg\u00e5rd & Fritid","url":"https:\/\/truusk.store\/sv\/","logo":{"@type":"ImageObject","inLanguage":"sv-SE","@id":"https:\/\/truusk.store\/sv\/#\/schema\/logo\/image\/","url":"https:\/\/i0.wp.com\/truusk.store\/wp-content\/uploads\/2026\/03\/cropped-TRUUSK.png?fit=2032%2C917&ssl=1","contentUrl":"https:\/\/i0.wp.com\/truusk.store\/wp-content\/uploads\/2026\/03\/cropped-TRUUSK.png?fit=2032%2C917&ssl=1","width":2032,"height":917,"caption":"TRUUSK - Hem, Tr\u00e4dg\u00e5rd & Fritid"},"image":{"@id":"https:\/\/truusk.store\/sv\/#\/schema\/logo\/image\/"}}]}},"jetpack_sharing_enabled":true,"_links":{"self":[{"href":"https:\/\/truusk.store\/sv\/wp-json\/wp\/v2\/product\/69817","targetHints":{"allow":["GET"]}}],"collection":[{"href":"https:\/\/truusk.store\/sv\/wp-json\/wp\/v2\/product"}],"about":[{"href":"https:\/\/truusk.store\/sv\/wp-json\/wp\/v2\/types\/product"}],"wp:featuredmedia":[{"embeddable":true,"href":"https:\/\/truusk.store\/sv\/wp-json\/wp\/v2\/media\/69808"}],"wp:attachment":[{"href":"https:\/\/truusk.store\/sv\/wp-json\/wp\/v2\/media?parent=69817"}],"wp:term":[{"taxonomy":"product_brand","embeddable":true,"href":"https:\/\/truusk.store\/sv\/wp-json\/wp\/v2\/product_brand?post=69817"},{"taxonomy":"product_cat","embeddable":true,"href":"https:\/\/truusk.store\/sv\/wp-json\/wp\/v2\/product_cat?post=69817"},{"taxonomy":"product_tag","embeddable":true,"href":"https:\/\/truusk.store\/sv\/wp-json\/wp\/v2\/product_tag?post=69817"}],"curies":[{"name":"wp","href":"https:\/\/api.w.org\/{rel}","templated":true}]}}