{"id":69887,"date":"2025-06-05T18:32:41","date_gmt":"2025-06-05T17:32:41","guid":{"rendered":"https:\/\/truusk.store\/product\/parasoll-o233-cm-parasoll-med-knackfunktion-attkantig-balkongparasoll-strandparasoll-vindfast-stabil-marknadsparasoll-vevparasoll-solskydd-for-strand-balkong-terrass-tradgard-beige\/"},"modified":"2026-03-12T08:41:16","modified_gmt":"2026-03-12T07:41:16","slug":"truusk-parasoll-o233-cm-med-knackfunktion-attkantig-design-vindtalig-stabil-vevmekanism-solskydd-beige","status":"publish","type":"product","link":"https:\/\/truusk.store\/sv\/produkt\/truusk-parasoll-o233-cm-med-knackfunktion-attkantig-design-vindtalig-stabil-vevmekanism-solskydd-beige\/","title":{"rendered":"TRUUSK Parasoll \u00d8233 cm &#8211; Med Kn\u00e4ckfunktion &#8211; \u00c5ttkantig Design &#8211; Vindt\u00e5lig &#8211; Stabil &#8211; Vevmekanism &#8211; Solskydd &#8211; Beige"},"content":{"rendered":"<p>Med TRUUSK parasollet kan du njuta av m\u00e5nga sommardagar utomhus. Denna tr\u00e4dg\u00e5rdsparasoll ger gott om UV-skydd och skugga, som du kan justera flexibelt. Dess lutande huvud f\u00f6rhindrar ocks\u00e5 att du blir bl\u00e4ndad av solen. Tillverkad av polyester, med en robust aluminiumst\u00e5ng och \u00e5tta glasfiberribbor, ger tr\u00e4dg\u00e5rdsparasollen behaglig skugga hela sommaren.<\/p>\n<p>Beskrivning:<\/p>\n<ul>\n<li> 2,33 m stor parasoll f\u00f6r behaglig skugga<\/li>\n<li> Lutande tak i tv\u00e5 riktningar, enligt din preferens<\/li>\n<li> Handvev g\u00f6r det enkelt att \u00f6ppna och st\u00e4nga tr\u00e4dg\u00e5rdsparasollen<\/li>\n<li> \u00c5tta glasfiberribbor och v\u00e4derbest\u00e4ndig aluminiummast f\u00f6r \u00f6kad stabilitet<\/li>\n<li> Ventilerad topp f\u00f6r att sl\u00e4ppa in kall luft och motst\u00e5 l\u00e4tt vind<\/li>\n<li> Tredelad mast p\u00e5 balkongparasollen f\u00f6r bekv\u00e4m transport<\/li>\n<li> Kr\u00e4ver en 22 kg bas (ing\u00e5r ej)<\/li>\n<li> Montering kr\u00e4vs<\/li>\n<\/ul>\n<p> Tekniska data:<\/p>\n<ul>\n<li> F\u00e4rg: Beige<\/li>\n<li> Material: Polyester, Aluminium, Glasfiber<\/li>\n<li> Totala dimensioner: 2,33L x 2,33B x 2,4H m<\/li>\n<li> Parasollst\u00e5ngdiameter: 37,5 mm<\/li>\n<li> Not 1: Kr\u00e4ver 22 kg bas (ing\u00e5r ej)<\/li>\n<li> Not 2: Anv\u00e4nd inte parasollet vid extremt v\u00e4der (stark vind, kraftigt regn, sn\u00f6)<\/li>\n<\/ul>\n<p>Leveransinneh\u00e5ll:<\/p>\n<ul>\n<li> 1 x Terrassparasoll<\/li>\n<li> 1 x Bruksanvisning<\/li>\n<\/ul>\n","protected":false},"excerpt":{"rendered":"<p>Med TRUUSK parasollet kan du njuta av m\u00e5nga sommardagar utomhus. Denna tr\u00e4dg\u00e5rdsparasoll ger gott om UV-skydd och skugga, som du&#8230;<\/p>\n","protected":false},"featured_media":69878,"template":"","meta":[],"product_brand":[],"product_cat":[472,862,858],"product_tag":[],"class_list":{"0":"post-69887","1":"product","2":"type-product","3":"status-publish","4":"has-post-thumbnail","6":"product_cat-parasoller","7":"product_cat-sol-insynsskydd","8":"product_cat-tradgard-terrass","10":"first","11":"instock","12":"sale","13":"taxable","14":"shipping-taxable","15":"purchasable","16":"product-type-simple"},"yoast_head":"<!-- This site is optimized with the Yoast SEO plugin v25.4 - https:\/\/yoast.com\/wordpress\/plugins\/seo\/ -->\n<title>TRUUSK Parasoll \u00d8233 cm - Med Kn\u00e4ckfunktion - \u00c5ttkantig Design - Vindt\u00e5lig - Stabil - Vevmekanism - Solskydd - Beige - TRUUSK - Hem, Tr\u00e4dg\u00e5rd &amp; Fritid<\/title>\n<meta name=\"robots\" content=\"index, follow, max-snippet:-1, max-image-preview:large, max-video-preview:-1\" \/>\n<link rel=\"canonical\" href=\"https:\/\/truusk.store\/sv\/produkt\/truusk-parasoll-o233-cm-med-knackfunktion-attkantig-design-vindtalig-stabil-vevmekanism-solskydd-beige\/\" \/>\n<meta property=\"og:locale\" content=\"sv_SE\" \/>\n<meta property=\"og:type\" content=\"article\" \/>\n<meta property=\"og:title\" content=\"TRUUSK Parasoll \u00d8233 cm - Med Kn\u00e4ckfunktion - \u00c5ttkantig Design - Vindt\u00e5lig - Stabil - Vevmekanism - Solskydd - Beige - TRUUSK - Hem, Tr\u00e4dg\u00e5rd &amp; Fritid\" \/>\n<meta property=\"og:description\" content=\"Med TRUUSK parasollet kan du njuta av m\u00e5nga sommardagar utomhus. Denna tr\u00e4dg\u00e5rdsparasoll ger gott om UV-skydd och skugga, som du...\" \/>\n<meta property=\"og:url\" content=\"https:\/\/truusk.store\/sv\/produkt\/truusk-parasoll-o233-cm-med-knackfunktion-attkantig-design-vindtalig-stabil-vevmekanism-solskydd-beige\/\" \/>\n<meta property=\"og:site_name\" content=\"TRUUSK - Hem, Tr\u00e4dg\u00e5rd &amp; Fritid\" \/>\n<meta property=\"article:modified_time\" content=\"2026-03-12T07:41:16+00:00\" \/>\n<meta property=\"og:image\" content=\"https:\/\/i0.wp.com\/truusk.se\/wp-content\/uploads\/2025\/06\/parasoll-o233-cm-parasoll-med-knackfunktion-attkantig-balkongparasoll-strandparasoll-vindfast-stabil-marknadsparasoll-vevparasoll-solskydd-for-strand-balkong-terrass-tradgard-beige-1.webp?fit=2000%2C2000&ssl=1\" \/>\n\t<meta property=\"og:image:width\" content=\"2000\" \/>\n\t<meta property=\"og:image:height\" content=\"2000\" \/>\n\t<meta property=\"og:image:type\" content=\"image\/webp\" \/>\n<meta name=\"twitter:card\" content=\"summary_large_image\" \/>\n<meta name=\"twitter:label1\" content=\"Ber\u00e4knad l\u00e4stid\" \/>\n\t<meta name=\"twitter:data1\" content=\"1 minut\" \/>\n<!-- \/ Yoast SEO plugin. -->","yoast_head_json":{"title":"TRUUSK Parasoll \u00d8233 cm - Med Kn\u00e4ckfunktion - \u00c5ttkantig Design - Vindt\u00e5lig - Stabil - Vevmekanism - Solskydd - Beige - TRUUSK - Hem, Tr\u00e4dg\u00e5rd &amp; Fritid","robots":{"index":"index","follow":"follow","max-snippet":"max-snippet:-1","max-image-preview":"max-image-preview:large","max-video-preview":"max-video-preview:-1"},"canonical":"https:\/\/truusk.store\/sv\/produkt\/truusk-parasoll-o233-cm-med-knackfunktion-attkantig-design-vindtalig-stabil-vevmekanism-solskydd-beige\/","og_locale":"sv_SE","og_type":"article","og_title":"TRUUSK Parasoll \u00d8233 cm - Med Kn\u00e4ckfunktion - \u00c5ttkantig Design - Vindt\u00e5lig - Stabil - Vevmekanism - Solskydd - Beige - TRUUSK - Hem, Tr\u00e4dg\u00e5rd &amp; Fritid","og_description":"Med TRUUSK parasollet kan du njuta av m\u00e5nga sommardagar utomhus. Denna tr\u00e4dg\u00e5rdsparasoll ger gott om UV-skydd och skugga, som du...","og_url":"https:\/\/truusk.store\/sv\/produkt\/truusk-parasoll-o233-cm-med-knackfunktion-attkantig-design-vindtalig-stabil-vevmekanism-solskydd-beige\/","og_site_name":"TRUUSK - Hem, Tr\u00e4dg\u00e5rd &amp; Fritid","article_modified_time":"2026-03-12T07:41:16+00:00","og_image":[{"width":2000,"height":2000,"url":"https:\/\/i0.wp.com\/truusk.se\/wp-content\/uploads\/2025\/06\/parasoll-o233-cm-parasoll-med-knackfunktion-attkantig-balkongparasoll-strandparasoll-vindfast-stabil-marknadsparasoll-vevparasoll-solskydd-for-strand-balkong-terrass-tradgard-beige-1.webp?fit=2000%2C2000&ssl=1","type":"image\/webp"}],"twitter_card":"summary_large_image","twitter_misc":{"Ber\u00e4knad l\u00e4stid":"1 minut"},"schema":{"@context":"https:\/\/schema.org","@graph":[{"@type":"WebPage","@id":"https:\/\/truusk.store\/sv\/produkt\/truusk-parasoll-o233-cm-med-knackfunktion-attkantig-design-vindtalig-stabil-vevmekanism-solskydd-beige\/","url":"https:\/\/truusk.store\/sv\/produkt\/truusk-parasoll-o233-cm-med-knackfunktion-attkantig-design-vindtalig-stabil-vevmekanism-solskydd-beige\/","name":"TRUUSK Parasoll \u00d8233 cm - Med Kn\u00e4ckfunktion - \u00c5ttkantig Design - Vindt\u00e5lig - Stabil - Vevmekanism - Solskydd - Beige - TRUUSK - Hem, Tr\u00e4dg\u00e5rd &amp; Fritid","isPartOf":{"@id":"https:\/\/truusk.store\/sv\/#website"},"primaryImageOfPage":{"@id":"https:\/\/truusk.store\/sv\/produkt\/truusk-parasoll-o233-cm-med-knackfunktion-attkantig-design-vindtalig-stabil-vevmekanism-solskydd-beige\/#primaryimage"},"image":{"@id":"https:\/\/truusk.store\/sv\/produkt\/truusk-parasoll-o233-cm-med-knackfunktion-attkantig-design-vindtalig-stabil-vevmekanism-solskydd-beige\/#primaryimage"},"thumbnailUrl":"https:\/\/i0.wp.com\/truusk.store\/wp-content\/uploads\/2025\/06\/parasoll-o233-cm-parasoll-med-knackfunktion-attkantig-balkongparasoll-strandparasoll-vindfast-stabil-marknadsparasoll-vevparasoll-solskydd-for-strand-balkong-terrass-tradgard-beige-1.webp?fit=2000%2C2000&ssl=1","datePublished":"2025-06-05T17:32:41+00:00","dateModified":"2026-03-12T07:41:16+00:00","breadcrumb":{"@id":"https:\/\/truusk.store\/sv\/produkt\/truusk-parasoll-o233-cm-med-knackfunktion-attkantig-design-vindtalig-stabil-vevmekanism-solskydd-beige\/#breadcrumb"},"inLanguage":"sv-SE","potentialAction":[{"@type":"ReadAction","target":["https:\/\/truusk.store\/sv\/produkt\/truusk-parasoll-o233-cm-med-knackfunktion-attkantig-design-vindtalig-stabil-vevmekanism-solskydd-beige\/"]}]},{"@type":"ImageObject","inLanguage":"sv-SE","@id":"https:\/\/truusk.store\/sv\/produkt\/truusk-parasoll-o233-cm-med-knackfunktion-attkantig-design-vindtalig-stabil-vevmekanism-solskydd-beige\/#primaryimage","url":"https:\/\/i0.wp.com\/truusk.store\/wp-content\/uploads\/2025\/06\/parasoll-o233-cm-parasoll-med-knackfunktion-attkantig-balkongparasoll-strandparasoll-vindfast-stabil-marknadsparasoll-vevparasoll-solskydd-for-strand-balkong-terrass-tradgard-beige-1.webp?fit=2000%2C2000&ssl=1","contentUrl":"https:\/\/i0.wp.com\/truusk.store\/wp-content\/uploads\/2025\/06\/parasoll-o233-cm-parasoll-med-knackfunktion-attkantig-balkongparasoll-strandparasoll-vindfast-stabil-marknadsparasoll-vevparasoll-solskydd-for-strand-balkong-terrass-tradgard-beige-1.webp?fit=2000%2C2000&ssl=1","width":2000,"height":2000},{"@type":"BreadcrumbList","@id":"https:\/\/truusk.store\/sv\/produkt\/truusk-parasoll-o233-cm-med-knackfunktion-attkantig-design-vindtalig-stabil-vevmekanism-solskydd-beige\/#breadcrumb","itemListElement":[{"@type":"ListItem","position":1,"name":"Home","item":"https:\/\/truusk.store\/sv\/"},{"@type":"ListItem","position":2,"name":"Shop","item":"https:\/\/truusk.store\/shop\/"},{"@type":"ListItem","position":3,"name":"TRUUSK Parasoll \u00d8233 cm &#8211; Med Kn\u00e4ckfunktion &#8211; \u00c5ttkantig Design &#8211; Vindt\u00e5lig &#8211; Stabil &#8211; Vevmekanism &#8211; Solskydd &#8211; Beige"}]},{"@type":"WebSite","@id":"https:\/\/truusk.store\/sv\/#website","url":"https:\/\/truusk.store\/sv\/","name":"TRUUSK - Hem, Tr\u00e4dg\u00e5rd & Fritid","description":"","publisher":{"@id":"https:\/\/truusk.store\/sv\/#organization"},"potentialAction":[{"@type":"SearchAction","target":{"@type":"EntryPoint","urlTemplate":"https:\/\/truusk.store\/sv\/?s={search_term_string}"},"query-input":{"@type":"PropertyValueSpecification","valueRequired":true,"valueName":"search_term_string"}}],"inLanguage":"sv-SE"},{"@type":"Organization","@id":"https:\/\/truusk.store\/sv\/#organization","name":"TRUUSK - Hem, Tr\u00e4dg\u00e5rd & Fritid","url":"https:\/\/truusk.store\/sv\/","logo":{"@type":"ImageObject","inLanguage":"sv-SE","@id":"https:\/\/truusk.store\/sv\/#\/schema\/logo\/image\/","url":"https:\/\/i0.wp.com\/truusk.store\/wp-content\/uploads\/2026\/03\/cropped-TRUUSK.png?fit=2032%2C917&ssl=1","contentUrl":"https:\/\/i0.wp.com\/truusk.store\/wp-content\/uploads\/2026\/03\/cropped-TRUUSK.png?fit=2032%2C917&ssl=1","width":2032,"height":917,"caption":"TRUUSK - Hem, Tr\u00e4dg\u00e5rd & Fritid"},"image":{"@id":"https:\/\/truusk.store\/sv\/#\/schema\/logo\/image\/"}}]}},"jetpack_sharing_enabled":true,"_links":{"self":[{"href":"https:\/\/truusk.store\/sv\/wp-json\/wp\/v2\/product\/69887","targetHints":{"allow":["GET"]}}],"collection":[{"href":"https:\/\/truusk.store\/sv\/wp-json\/wp\/v2\/product"}],"about":[{"href":"https:\/\/truusk.store\/sv\/wp-json\/wp\/v2\/types\/product"}],"wp:featuredmedia":[{"embeddable":true,"href":"https:\/\/truusk.store\/sv\/wp-json\/wp\/v2\/media\/69878"}],"wp:attachment":[{"href":"https:\/\/truusk.store\/sv\/wp-json\/wp\/v2\/media?parent=69887"}],"wp:term":[{"taxonomy":"product_brand","embeddable":true,"href":"https:\/\/truusk.store\/sv\/wp-json\/wp\/v2\/product_brand?post=69887"},{"taxonomy":"product_cat","embeddable":true,"href":"https:\/\/truusk.store\/sv\/wp-json\/wp\/v2\/product_cat?post=69887"},{"taxonomy":"product_tag","embeddable":true,"href":"https:\/\/truusk.store\/sv\/wp-json\/wp\/v2\/product_tag?post=69887"}],"curies":[{"name":"wp","href":"https:\/\/api.w.org\/{rel}","templated":true}]}}