{"id":69897,"date":"2025-06-05T18:33:48","date_gmt":"2025-06-05T17:33:48","guid":{"rendered":"https:\/\/truusk.store\/product\/cykelmonteringsstall-reparationsstall-for-cyklar-upp-till-40-kg-cykelstall-hopfallbart-hojdjusterbart-och-360-roterbart-for-racercykel-mountainbike-e-cykel\/"},"modified":"2026-03-12T08:41:15","modified_gmt":"2026-03-12T07:41:15","slug":"truusk-cykelmonteringsstall-upp-till-40-kg-hopfallbart-och-hojdjusterbart-360-roterbart-for-racercykel-mountainbike","status":"publish","type":"product","link":"https:\/\/truusk.store\/sv\/produkt\/truusk-cykelmonteringsstall-upp-till-40-kg-hopfallbart-och-hojdjusterbart-360-roterbart-for-racercykel-mountainbike\/","title":{"rendered":"TRUUSK Cykelmonteringsst\u00e4ll upp till 40 kg &#8211; Hopf\u00e4llbart och h\u00f6jdjusterbart &#8211; 360\u00b0 Roterbart &#8211; F\u00f6r Racercykel, Mountainbike,"},"content":{"rendered":"<p>Underh\u00e5ll din cykel utan anstr\u00e4ngning med TRUUSK cykelmonteringsst\u00e4ll! H\u00f6jden kan justeras mellan 107-160 cm och kan roteras 360\u00b0, vilket g\u00f6r det m\u00f6jligt att enkelt komma \u00e5t fr\u00e5n alla riktningar. Den inbyggda verktygshyllan h\u00e5ller verktygen inom r\u00e4ckh\u00e5ll. Cykelreparationsst\u00e4llet, som \u00e4r l\u00e4mpligt f\u00f6r cyklar och elcyklar upp till 40 kg, ger stabilitet med sina halkfria gummif\u00f6tter. Den hopf\u00e4llbara designen underl\u00e4ttar f\u00f6rvaring n\u00e4r den inte anv\u00e4nds.<\/p>\n<p>Beskrivning:<\/p>\n<ul>\n<li> H\u00f6jden kan justeras mellan 107-160 cm f\u00f6r att m\u00f6jligg\u00f6ra bekv\u00e4ma cykelreparationer<\/li>\n<li> Den 360\u00b0 roterande kl\u00e4mman kan vrida och fixera din cykel i vilken vinkel som helst<\/li>\n<li> Styrf\u00e4stet h\u00e5ller cykeln s\u00e4kert under underh\u00e5llet<\/li>\n<li> St\u00f6der standardcykelramar fr\u00e5n 20-55 mm och upp till 40 kg<\/li>\n<li> Tillverkad av f\u00f6rst\u00e4rkt, l\u00e4tt aluminium f\u00f6r enkel man\u00f6vrering<\/li>\n<li> Robusta ben med gummif\u00f6tter f\u00f6rhindrar skador p\u00e5 golvet<\/li>\n<li> Monteringsst\u00e4llets hopf\u00e4llbara design sparar plats n\u00e4r den inte anv\u00e4nds<\/li>\n<li> Montering kr\u00e4vs<\/li>\n<\/ul>\n<p> Tekniska data:<\/p>\n<ul>\n<li> F\u00e4rg: Svart<\/li>\n<li> Material: Metall, aluminium, nylon, plast<\/li>\n<li> Totala dimensioner: 82L x 106B x 107-160H cm<\/li>\n<li> Gripare: F\u00f6r r\u00f6rdiameter 20-55 mm<\/li>\n<li> Verktygshyllans dimensioner: 20L x 15B cm<\/li>\n<li> Griparens h\u00f6jd fr\u00e5n golvet: 98-155 cm<\/li>\n<li> Hopf\u00e4llda dimensioner: 9L x 25B x 22H cm<\/li>\n<li> B\u00e4rkapacitet: 40 kg<\/li>\n<\/ul>\n<p>Leveransinneh\u00e5ll:<\/p>\n<ul>\n<li> 1 x Cykelreparationsst\u00e4ll<\/li>\n<li> 1 x Bruksanvisning<\/li>\n<\/ul>\n","protected":false},"excerpt":{"rendered":"<p>Underh\u00e5ll din cykel utan anstr\u00e4ngning med TRUUSK cykelmonteringsst\u00e4ll! H\u00f6jden kan justeras mellan 107-160 cm och kan roteras 360\u00b0, vilket g\u00f6r&#8230;<\/p>\n","protected":false},"featured_media":69888,"template":"","meta":[],"product_brand":[],"product_cat":[652,654,1033,647],"product_tag":[],"class_list":{"0":"post-69897","1":"product","2":"type-product","3":"status-publish","4":"has-post-thumbnail","6":"product_cat-cykel","7":"product_cat-cykeltillbehor","8":"product_cat-fahrrad-montagestander","9":"product_cat-sport-fritid","11":"first","12":"instock","13":"sale","14":"taxable","15":"shipping-taxable","16":"purchasable","17":"product-type-simple"},"yoast_head":"<!-- This site is optimized with the Yoast SEO plugin v25.4 - https:\/\/yoast.com\/wordpress\/plugins\/seo\/ -->\n<title>TRUUSK Cykelmonteringsst\u00e4ll upp till 40 kg - Hopf\u00e4llbart och h\u00f6jdjusterbart - 360\u00b0 Roterbart - F\u00f6r Racercykel, Mountainbike, - TRUUSK - Hem, Tr\u00e4dg\u00e5rd &amp; Fritid<\/title>\n<meta name=\"robots\" content=\"index, follow, max-snippet:-1, max-image-preview:large, max-video-preview:-1\" \/>\n<link rel=\"canonical\" href=\"https:\/\/truusk.store\/sv\/produkt\/truusk-cykelmonteringsstall-upp-till-40-kg-hopfallbart-och-hojdjusterbart-360-roterbart-for-racercykel-mountainbike\/\" \/>\n<meta property=\"og:locale\" content=\"sv_SE\" \/>\n<meta property=\"og:type\" content=\"article\" \/>\n<meta property=\"og:title\" content=\"TRUUSK Cykelmonteringsst\u00e4ll upp till 40 kg - Hopf\u00e4llbart och h\u00f6jdjusterbart - 360\u00b0 Roterbart - F\u00f6r Racercykel, Mountainbike, - TRUUSK - Hem, Tr\u00e4dg\u00e5rd &amp; Fritid\" \/>\n<meta property=\"og:description\" content=\"Underh\u00e5ll din cykel utan anstr\u00e4ngning med TRUUSK cykelmonteringsst\u00e4ll! H\u00f6jden kan justeras mellan 107-160 cm och kan roteras 360\u00b0, vilket g\u00f6r...\" \/>\n<meta property=\"og:url\" content=\"https:\/\/truusk.store\/sv\/produkt\/truusk-cykelmonteringsstall-upp-till-40-kg-hopfallbart-och-hojdjusterbart-360-roterbart-for-racercykel-mountainbike\/\" \/>\n<meta property=\"og:site_name\" content=\"TRUUSK - Hem, Tr\u00e4dg\u00e5rd &amp; Fritid\" \/>\n<meta property=\"article:modified_time\" content=\"2026-03-12T07:41:15+00:00\" \/>\n<meta property=\"og:image\" content=\"https:\/\/i0.wp.com\/truusk.se\/wp-content\/uploads\/2025\/06\/cykelmonteringsstall-reparationsstall-for-cyklar-upp-till-40-kg-cykelstall-hopfallbart-hojdjusterbart-och-360-roterbart-for-racercykel-mountainbike-e-cykel-1.webp?fit=2000%2C2000&ssl=1\" \/>\n\t<meta property=\"og:image:width\" content=\"2000\" \/>\n\t<meta property=\"og:image:height\" content=\"2000\" \/>\n\t<meta property=\"og:image:type\" content=\"image\/webp\" \/>\n<meta name=\"twitter:card\" content=\"summary_large_image\" \/>\n<meta name=\"twitter:label1\" content=\"Ber\u00e4knad l\u00e4stid\" \/>\n\t<meta name=\"twitter:data1\" content=\"1 minut\" \/>\n<!-- \/ Yoast SEO plugin. -->","yoast_head_json":{"title":"TRUUSK Cykelmonteringsst\u00e4ll upp till 40 kg - Hopf\u00e4llbart och h\u00f6jdjusterbart - 360\u00b0 Roterbart - F\u00f6r Racercykel, Mountainbike, - TRUUSK - Hem, Tr\u00e4dg\u00e5rd &amp; Fritid","robots":{"index":"index","follow":"follow","max-snippet":"max-snippet:-1","max-image-preview":"max-image-preview:large","max-video-preview":"max-video-preview:-1"},"canonical":"https:\/\/truusk.store\/sv\/produkt\/truusk-cykelmonteringsstall-upp-till-40-kg-hopfallbart-och-hojdjusterbart-360-roterbart-for-racercykel-mountainbike\/","og_locale":"sv_SE","og_type":"article","og_title":"TRUUSK Cykelmonteringsst\u00e4ll upp till 40 kg - Hopf\u00e4llbart och h\u00f6jdjusterbart - 360\u00b0 Roterbart - F\u00f6r Racercykel, Mountainbike, - TRUUSK - Hem, Tr\u00e4dg\u00e5rd &amp; Fritid","og_description":"Underh\u00e5ll din cykel utan anstr\u00e4ngning med TRUUSK cykelmonteringsst\u00e4ll! H\u00f6jden kan justeras mellan 107-160 cm och kan roteras 360\u00b0, vilket g\u00f6r...","og_url":"https:\/\/truusk.store\/sv\/produkt\/truusk-cykelmonteringsstall-upp-till-40-kg-hopfallbart-och-hojdjusterbart-360-roterbart-for-racercykel-mountainbike\/","og_site_name":"TRUUSK - Hem, Tr\u00e4dg\u00e5rd &amp; Fritid","article_modified_time":"2026-03-12T07:41:15+00:00","og_image":[{"width":2000,"height":2000,"url":"https:\/\/i0.wp.com\/truusk.se\/wp-content\/uploads\/2025\/06\/cykelmonteringsstall-reparationsstall-for-cyklar-upp-till-40-kg-cykelstall-hopfallbart-hojdjusterbart-och-360-roterbart-for-racercykel-mountainbike-e-cykel-1.webp?fit=2000%2C2000&ssl=1","type":"image\/webp"}],"twitter_card":"summary_large_image","twitter_misc":{"Ber\u00e4knad l\u00e4stid":"1 minut"},"schema":{"@context":"https:\/\/schema.org","@graph":[{"@type":"WebPage","@id":"https:\/\/truusk.store\/sv\/produkt\/truusk-cykelmonteringsstall-upp-till-40-kg-hopfallbart-och-hojdjusterbart-360-roterbart-for-racercykel-mountainbike\/","url":"https:\/\/truusk.store\/sv\/produkt\/truusk-cykelmonteringsstall-upp-till-40-kg-hopfallbart-och-hojdjusterbart-360-roterbart-for-racercykel-mountainbike\/","name":"TRUUSK Cykelmonteringsst\u00e4ll upp till 40 kg - Hopf\u00e4llbart och h\u00f6jdjusterbart - 360\u00b0 Roterbart - F\u00f6r Racercykel, Mountainbike, - TRUUSK - Hem, Tr\u00e4dg\u00e5rd &amp; Fritid","isPartOf":{"@id":"https:\/\/truusk.store\/sv\/#website"},"primaryImageOfPage":{"@id":"https:\/\/truusk.store\/sv\/produkt\/truusk-cykelmonteringsstall-upp-till-40-kg-hopfallbart-och-hojdjusterbart-360-roterbart-for-racercykel-mountainbike\/#primaryimage"},"image":{"@id":"https:\/\/truusk.store\/sv\/produkt\/truusk-cykelmonteringsstall-upp-till-40-kg-hopfallbart-och-hojdjusterbart-360-roterbart-for-racercykel-mountainbike\/#primaryimage"},"thumbnailUrl":"https:\/\/i0.wp.com\/truusk.store\/wp-content\/uploads\/2025\/06\/cykelmonteringsstall-reparationsstall-for-cyklar-upp-till-40-kg-cykelstall-hopfallbart-hojdjusterbart-och-360-roterbart-for-racercykel-mountainbike-e-cykel-1.webp?fit=2000%2C2000&ssl=1","datePublished":"2025-06-05T17:33:48+00:00","dateModified":"2026-03-12T07:41:15+00:00","breadcrumb":{"@id":"https:\/\/truusk.store\/sv\/produkt\/truusk-cykelmonteringsstall-upp-till-40-kg-hopfallbart-och-hojdjusterbart-360-roterbart-for-racercykel-mountainbike\/#breadcrumb"},"inLanguage":"sv-SE","potentialAction":[{"@type":"ReadAction","target":["https:\/\/truusk.store\/sv\/produkt\/truusk-cykelmonteringsstall-upp-till-40-kg-hopfallbart-och-hojdjusterbart-360-roterbart-for-racercykel-mountainbike\/"]}]},{"@type":"ImageObject","inLanguage":"sv-SE","@id":"https:\/\/truusk.store\/sv\/produkt\/truusk-cykelmonteringsstall-upp-till-40-kg-hopfallbart-och-hojdjusterbart-360-roterbart-for-racercykel-mountainbike\/#primaryimage","url":"https:\/\/i0.wp.com\/truusk.store\/wp-content\/uploads\/2025\/06\/cykelmonteringsstall-reparationsstall-for-cyklar-upp-till-40-kg-cykelstall-hopfallbart-hojdjusterbart-och-360-roterbart-for-racercykel-mountainbike-e-cykel-1.webp?fit=2000%2C2000&ssl=1","contentUrl":"https:\/\/i0.wp.com\/truusk.store\/wp-content\/uploads\/2025\/06\/cykelmonteringsstall-reparationsstall-for-cyklar-upp-till-40-kg-cykelstall-hopfallbart-hojdjusterbart-och-360-roterbart-for-racercykel-mountainbike-e-cykel-1.webp?fit=2000%2C2000&ssl=1","width":2000,"height":2000},{"@type":"BreadcrumbList","@id":"https:\/\/truusk.store\/sv\/produkt\/truusk-cykelmonteringsstall-upp-till-40-kg-hopfallbart-och-hojdjusterbart-360-roterbart-for-racercykel-mountainbike\/#breadcrumb","itemListElement":[{"@type":"ListItem","position":1,"name":"Home","item":"https:\/\/truusk.store\/sv\/"},{"@type":"ListItem","position":2,"name":"Shop","item":"https:\/\/truusk.store\/shop\/"},{"@type":"ListItem","position":3,"name":"TRUUSK Cykelmonteringsst\u00e4ll upp till 40 kg &#8211; Hopf\u00e4llbart och h\u00f6jdjusterbart &#8211; 360\u00b0 Roterbart &#8211; F\u00f6r Racercykel, Mountainbike,"}]},{"@type":"WebSite","@id":"https:\/\/truusk.store\/sv\/#website","url":"https:\/\/truusk.store\/sv\/","name":"TRUUSK - Hem, Tr\u00e4dg\u00e5rd & Fritid","description":"","publisher":{"@id":"https:\/\/truusk.store\/sv\/#organization"},"potentialAction":[{"@type":"SearchAction","target":{"@type":"EntryPoint","urlTemplate":"https:\/\/truusk.store\/sv\/?s={search_term_string}"},"query-input":{"@type":"PropertyValueSpecification","valueRequired":true,"valueName":"search_term_string"}}],"inLanguage":"sv-SE"},{"@type":"Organization","@id":"https:\/\/truusk.store\/sv\/#organization","name":"TRUUSK - Hem, Tr\u00e4dg\u00e5rd & Fritid","url":"https:\/\/truusk.store\/sv\/","logo":{"@type":"ImageObject","inLanguage":"sv-SE","@id":"https:\/\/truusk.store\/sv\/#\/schema\/logo\/image\/","url":"https:\/\/i0.wp.com\/truusk.store\/wp-content\/uploads\/2026\/03\/cropped-TRUUSK.png?fit=2032%2C917&ssl=1","contentUrl":"https:\/\/i0.wp.com\/truusk.store\/wp-content\/uploads\/2026\/03\/cropped-TRUUSK.png?fit=2032%2C917&ssl=1","width":2032,"height":917,"caption":"TRUUSK - Hem, Tr\u00e4dg\u00e5rd & Fritid"},"image":{"@id":"https:\/\/truusk.store\/sv\/#\/schema\/logo\/image\/"}}]}},"jetpack_sharing_enabled":true,"_links":{"self":[{"href":"https:\/\/truusk.store\/sv\/wp-json\/wp\/v2\/product\/69897","targetHints":{"allow":["GET"]}}],"collection":[{"href":"https:\/\/truusk.store\/sv\/wp-json\/wp\/v2\/product"}],"about":[{"href":"https:\/\/truusk.store\/sv\/wp-json\/wp\/v2\/types\/product"}],"wp:featuredmedia":[{"embeddable":true,"href":"https:\/\/truusk.store\/sv\/wp-json\/wp\/v2\/media\/69888"}],"wp:attachment":[{"href":"https:\/\/truusk.store\/sv\/wp-json\/wp\/v2\/media?parent=69897"}],"wp:term":[{"taxonomy":"product_brand","embeddable":true,"href":"https:\/\/truusk.store\/sv\/wp-json\/wp\/v2\/product_brand?post=69897"},{"taxonomy":"product_cat","embeddable":true,"href":"https:\/\/truusk.store\/sv\/wp-json\/wp\/v2\/product_cat?post=69897"},{"taxonomy":"product_tag","embeddable":true,"href":"https:\/\/truusk.store\/sv\/wp-json\/wp\/v2\/product_tag?post=69897"}],"curies":[{"name":"wp","href":"https:\/\/api.w.org\/{rel}","templated":true}]}}