{"id":69907,"date":"2025-06-05T18:34:35","date_gmt":"2025-06-05T17:34:35","guid":{"rendered":"https:\/\/truusk.store\/product\/badhylla-badrumshylla-med-5-nivaer-forvaringshylla-i-bambu-fristaende-hylla-med-justerbara-hyllplan-for-badrum-vardagsrum-kok-435-x-315-x-142-cm-naturligt-tra\/"},"modified":"2026-03-12T09:46:58","modified_gmt":"2026-03-12T08:46:58","slug":"truusk-badhylla-med-5-nivaer-forvaringshylla-i-bambu-justerbara-hyllplan-naturligt-tra-435-x-315-x-142-cm","status":"publish","type":"product","link":"https:\/\/truusk.store\/sv\/produkt\/truusk-badhylla-med-5-nivaer-forvaringshylla-i-bambu-justerbara-hyllplan-naturligt-tra-435-x-315-x-142-cm\/","title":{"rendered":"TRUUSK Badhylla med 5 niv\u00e5er &#8211; F\u00f6rvaringshylla i bambu &#8211; Justerbara hyllplan &#8211; Naturligt tr\u00e4 &#8211; 43,5 x 31,5 x 142 cm"},"content":{"rendered":"<p>Upplev elegansen med TRUUSK bambu badrumshylla: En stilfull, frist\u00e5ende f\u00f6rvaringsl\u00f6sning med tippskydd f\u00f6r \u00f6kad s\u00e4kerhet. Tillverkad av vattenavvisande bambu, har denna m\u00e5ngsidiga badrumshylla fem justerbara hyllor som \u00e4r perfekt anpassade till dina behov och \u00e4r en uts\u00f6kt tillg\u00e5ng till alla badrum.<\/p>\n<p>Beskrivning:<\/p>\n<ul>\n<li> Fem hyllplan kan justeras i nio positioner, vilket \u00f6kar lagringsflexibiliteten<\/li>\n<li> Bambumaterial och vattent\u00e4t bel\u00e4ggning garanterar h\u00e5llbarhet<\/li>\n<li> Multifunktionell hylla, l\u00e4mplig f\u00f6r olika anv\u00e4ndningar<\/li>\n<li> Tipp-s\u00e4kert design f\u00f6r s\u00e4krare anv\u00e4ndning<\/li>\n<li> Montering kr\u00e4vs<\/li>\n<\/ul>\n<p> Tekniska data:<\/p>\n<ul>\n<li> F\u00e4rg: Naturtr\u00e4<\/li>\n<li> Material: Bambu<\/li>\n<li> Totala dimensioner: 43,5B x 31,5T x 142H cm<\/li>\n<li> Hyllstorlek: 41B x 31,5T cm<\/li>\n<li> B\u00e4rkapacitet: 25 kg (totalt), 5 kg (per hylla)<\/li>\n<\/ul>\n<p>Leveransinneh\u00e5ll:<\/p>\n<ul>\n<li> 1 x Badrumshylla<\/li>\n<li> 1 x Bruksanvisning<\/li>\n<\/ul>\n","protected":false},"excerpt":{"rendered":"<p>Upplev elegansen med TRUUSK bambu badrumshylla: En stilfull, frist\u00e5ende f\u00f6rvaringsl\u00f6sning med tippskydd f\u00f6r \u00f6kad s\u00e4kerhet. Tillverkad av vattenavvisande bambu, har&#8230;<\/p>\n","protected":false},"featured_media":69898,"template":"","meta":[],"product_brand":[],"product_cat":[915,549,871],"product_tag":[],"class_list":{"0":"post-69907","1":"product","2":"type-product","3":"status-publish","4":"has-post-thumbnail","6":"product_cat-badrum","7":"product_cat-badrumshyllor","8":"product_cat-hus-hem","10":"first","11":"instock","12":"sale","13":"taxable","14":"shipping-taxable","15":"purchasable","16":"product-type-simple"},"yoast_head":"<!-- This site is optimized with the Yoast SEO plugin v25.4 - https:\/\/yoast.com\/wordpress\/plugins\/seo\/ -->\n<title>TRUUSK Badhylla med 5 niv\u00e5er - F\u00f6rvaringshylla i bambu - Justerbara hyllplan - Naturligt tr\u00e4 - 43,5 x 31,5 x 142 cm - TRUUSK - Hem, Tr\u00e4dg\u00e5rd &amp; Fritid<\/title>\n<meta name=\"robots\" content=\"index, follow, max-snippet:-1, max-image-preview:large, max-video-preview:-1\" \/>\n<link rel=\"canonical\" href=\"https:\/\/truusk.store\/sv\/produkt\/truusk-badhylla-med-5-nivaer-forvaringshylla-i-bambu-justerbara-hyllplan-naturligt-tra-435-x-315-x-142-cm\/\" \/>\n<meta property=\"og:locale\" content=\"sv_SE\" \/>\n<meta property=\"og:type\" content=\"article\" \/>\n<meta property=\"og:title\" content=\"TRUUSK Badhylla med 5 niv\u00e5er - F\u00f6rvaringshylla i bambu - Justerbara hyllplan - Naturligt tr\u00e4 - 43,5 x 31,5 x 142 cm - TRUUSK - Hem, Tr\u00e4dg\u00e5rd &amp; Fritid\" \/>\n<meta property=\"og:description\" content=\"Upplev elegansen med TRUUSK bambu badrumshylla: En stilfull, frist\u00e5ende f\u00f6rvaringsl\u00f6sning med tippskydd f\u00f6r \u00f6kad s\u00e4kerhet. Tillverkad av vattenavvisande bambu, har...\" \/>\n<meta property=\"og:url\" content=\"https:\/\/truusk.store\/sv\/produkt\/truusk-badhylla-med-5-nivaer-forvaringshylla-i-bambu-justerbara-hyllplan-naturligt-tra-435-x-315-x-142-cm\/\" \/>\n<meta property=\"og:site_name\" content=\"TRUUSK - Hem, Tr\u00e4dg\u00e5rd &amp; Fritid\" \/>\n<meta property=\"article:modified_time\" content=\"2026-03-12T08:46:58+00:00\" \/>\n<meta property=\"og:image\" content=\"https:\/\/i0.wp.com\/truusk.se\/wp-content\/uploads\/2025\/06\/badhylla-badrumshylla-med-5-nivaer-forvaringshylla-i-bambu-fristaende-hylla-med-justerbara-hyllplan-for-badrum-vardagsrum-kok-435-x-315-x-142-cm-naturligt-tra-1.webp?fit=2000%2C2000&ssl=1\" \/>\n\t<meta property=\"og:image:width\" content=\"2000\" \/>\n\t<meta property=\"og:image:height\" content=\"2000\" \/>\n\t<meta property=\"og:image:type\" content=\"image\/webp\" \/>\n<meta name=\"twitter:card\" content=\"summary_large_image\" \/>\n<meta name=\"twitter:label1\" content=\"Ber\u00e4knad l\u00e4stid\" \/>\n\t<meta name=\"twitter:data1\" content=\"1 minut\" \/>\n<!-- \/ Yoast SEO plugin. -->","yoast_head_json":{"title":"TRUUSK Badhylla med 5 niv\u00e5er - F\u00f6rvaringshylla i bambu - Justerbara hyllplan - Naturligt tr\u00e4 - 43,5 x 31,5 x 142 cm - TRUUSK - Hem, Tr\u00e4dg\u00e5rd &amp; Fritid","robots":{"index":"index","follow":"follow","max-snippet":"max-snippet:-1","max-image-preview":"max-image-preview:large","max-video-preview":"max-video-preview:-1"},"canonical":"https:\/\/truusk.store\/sv\/produkt\/truusk-badhylla-med-5-nivaer-forvaringshylla-i-bambu-justerbara-hyllplan-naturligt-tra-435-x-315-x-142-cm\/","og_locale":"sv_SE","og_type":"article","og_title":"TRUUSK Badhylla med 5 niv\u00e5er - F\u00f6rvaringshylla i bambu - Justerbara hyllplan - Naturligt tr\u00e4 - 43,5 x 31,5 x 142 cm - TRUUSK - Hem, Tr\u00e4dg\u00e5rd &amp; Fritid","og_description":"Upplev elegansen med TRUUSK bambu badrumshylla: En stilfull, frist\u00e5ende f\u00f6rvaringsl\u00f6sning med tippskydd f\u00f6r \u00f6kad s\u00e4kerhet. Tillverkad av vattenavvisande bambu, har...","og_url":"https:\/\/truusk.store\/sv\/produkt\/truusk-badhylla-med-5-nivaer-forvaringshylla-i-bambu-justerbara-hyllplan-naturligt-tra-435-x-315-x-142-cm\/","og_site_name":"TRUUSK - Hem, Tr\u00e4dg\u00e5rd &amp; Fritid","article_modified_time":"2026-03-12T08:46:58+00:00","og_image":[{"width":2000,"height":2000,"url":"https:\/\/i0.wp.com\/truusk.se\/wp-content\/uploads\/2025\/06\/badhylla-badrumshylla-med-5-nivaer-forvaringshylla-i-bambu-fristaende-hylla-med-justerbara-hyllplan-for-badrum-vardagsrum-kok-435-x-315-x-142-cm-naturligt-tra-1.webp?fit=2000%2C2000&ssl=1","type":"image\/webp"}],"twitter_card":"summary_large_image","twitter_misc":{"Ber\u00e4knad l\u00e4stid":"1 minut"},"schema":{"@context":"https:\/\/schema.org","@graph":[{"@type":"WebPage","@id":"https:\/\/truusk.store\/sv\/produkt\/truusk-badhylla-med-5-nivaer-forvaringshylla-i-bambu-justerbara-hyllplan-naturligt-tra-435-x-315-x-142-cm\/","url":"https:\/\/truusk.store\/sv\/produkt\/truusk-badhylla-med-5-nivaer-forvaringshylla-i-bambu-justerbara-hyllplan-naturligt-tra-435-x-315-x-142-cm\/","name":"TRUUSK Badhylla med 5 niv\u00e5er - F\u00f6rvaringshylla i bambu - Justerbara hyllplan - Naturligt tr\u00e4 - 43,5 x 31,5 x 142 cm - TRUUSK - Hem, Tr\u00e4dg\u00e5rd &amp; Fritid","isPartOf":{"@id":"https:\/\/truusk.store\/sv\/#website"},"primaryImageOfPage":{"@id":"https:\/\/truusk.store\/sv\/produkt\/truusk-badhylla-med-5-nivaer-forvaringshylla-i-bambu-justerbara-hyllplan-naturligt-tra-435-x-315-x-142-cm\/#primaryimage"},"image":{"@id":"https:\/\/truusk.store\/sv\/produkt\/truusk-badhylla-med-5-nivaer-forvaringshylla-i-bambu-justerbara-hyllplan-naturligt-tra-435-x-315-x-142-cm\/#primaryimage"},"thumbnailUrl":"https:\/\/i0.wp.com\/truusk.store\/wp-content\/uploads\/2025\/06\/badhylla-badrumshylla-med-5-nivaer-forvaringshylla-i-bambu-fristaende-hylla-med-justerbara-hyllplan-for-badrum-vardagsrum-kok-435-x-315-x-142-cm-naturligt-tra-1.webp?fit=2000%2C2000&ssl=1","datePublished":"2025-06-05T17:34:35+00:00","dateModified":"2026-03-12T08:46:58+00:00","breadcrumb":{"@id":"https:\/\/truusk.store\/sv\/produkt\/truusk-badhylla-med-5-nivaer-forvaringshylla-i-bambu-justerbara-hyllplan-naturligt-tra-435-x-315-x-142-cm\/#breadcrumb"},"inLanguage":"sv-SE","potentialAction":[{"@type":"ReadAction","target":["https:\/\/truusk.store\/sv\/produkt\/truusk-badhylla-med-5-nivaer-forvaringshylla-i-bambu-justerbara-hyllplan-naturligt-tra-435-x-315-x-142-cm\/"]}]},{"@type":"ImageObject","inLanguage":"sv-SE","@id":"https:\/\/truusk.store\/sv\/produkt\/truusk-badhylla-med-5-nivaer-forvaringshylla-i-bambu-justerbara-hyllplan-naturligt-tra-435-x-315-x-142-cm\/#primaryimage","url":"https:\/\/i0.wp.com\/truusk.store\/wp-content\/uploads\/2025\/06\/badhylla-badrumshylla-med-5-nivaer-forvaringshylla-i-bambu-fristaende-hylla-med-justerbara-hyllplan-for-badrum-vardagsrum-kok-435-x-315-x-142-cm-naturligt-tra-1.webp?fit=2000%2C2000&ssl=1","contentUrl":"https:\/\/i0.wp.com\/truusk.store\/wp-content\/uploads\/2025\/06\/badhylla-badrumshylla-med-5-nivaer-forvaringshylla-i-bambu-fristaende-hylla-med-justerbara-hyllplan-for-badrum-vardagsrum-kok-435-x-315-x-142-cm-naturligt-tra-1.webp?fit=2000%2C2000&ssl=1","width":2000,"height":2000},{"@type":"BreadcrumbList","@id":"https:\/\/truusk.store\/sv\/produkt\/truusk-badhylla-med-5-nivaer-forvaringshylla-i-bambu-justerbara-hyllplan-naturligt-tra-435-x-315-x-142-cm\/#breadcrumb","itemListElement":[{"@type":"ListItem","position":1,"name":"Home","item":"https:\/\/truusk.store\/sv\/"},{"@type":"ListItem","position":2,"name":"Shop","item":"https:\/\/truusk.store\/shop\/"},{"@type":"ListItem","position":3,"name":"TRUUSK Badhylla med 5 niv\u00e5er &#8211; F\u00f6rvaringshylla i bambu &#8211; Justerbara hyllplan &#8211; Naturligt tr\u00e4 &#8211; 43,5 x 31,5 x 142 cm"}]},{"@type":"WebSite","@id":"https:\/\/truusk.store\/sv\/#website","url":"https:\/\/truusk.store\/sv\/","name":"TRUUSK - Hem, Tr\u00e4dg\u00e5rd & Fritid","description":"","publisher":{"@id":"https:\/\/truusk.store\/sv\/#organization"},"potentialAction":[{"@type":"SearchAction","target":{"@type":"EntryPoint","urlTemplate":"https:\/\/truusk.store\/sv\/?s={search_term_string}"},"query-input":{"@type":"PropertyValueSpecification","valueRequired":true,"valueName":"search_term_string"}}],"inLanguage":"sv-SE"},{"@type":"Organization","@id":"https:\/\/truusk.store\/sv\/#organization","name":"TRUUSK - Hem, Tr\u00e4dg\u00e5rd & Fritid","url":"https:\/\/truusk.store\/sv\/","logo":{"@type":"ImageObject","inLanguage":"sv-SE","@id":"https:\/\/truusk.store\/sv\/#\/schema\/logo\/image\/","url":"https:\/\/i0.wp.com\/truusk.store\/wp-content\/uploads\/2026\/03\/cropped-TRUUSK.png?fit=2032%2C917&ssl=1","contentUrl":"https:\/\/i0.wp.com\/truusk.store\/wp-content\/uploads\/2026\/03\/cropped-TRUUSK.png?fit=2032%2C917&ssl=1","width":2032,"height":917,"caption":"TRUUSK - Hem, Tr\u00e4dg\u00e5rd & Fritid"},"image":{"@id":"https:\/\/truusk.store\/sv\/#\/schema\/logo\/image\/"}}]}},"jetpack_sharing_enabled":true,"_links":{"self":[{"href":"https:\/\/truusk.store\/sv\/wp-json\/wp\/v2\/product\/69907","targetHints":{"allow":["GET"]}}],"collection":[{"href":"https:\/\/truusk.store\/sv\/wp-json\/wp\/v2\/product"}],"about":[{"href":"https:\/\/truusk.store\/sv\/wp-json\/wp\/v2\/types\/product"}],"wp:featuredmedia":[{"embeddable":true,"href":"https:\/\/truusk.store\/sv\/wp-json\/wp\/v2\/media\/69898"}],"wp:attachment":[{"href":"https:\/\/truusk.store\/sv\/wp-json\/wp\/v2\/media?parent=69907"}],"wp:term":[{"taxonomy":"product_brand","embeddable":true,"href":"https:\/\/truusk.store\/sv\/wp-json\/wp\/v2\/product_brand?post=69907"},{"taxonomy":"product_cat","embeddable":true,"href":"https:\/\/truusk.store\/sv\/wp-json\/wp\/v2\/product_cat?post=69907"},{"taxonomy":"product_tag","embeddable":true,"href":"https:\/\/truusk.store\/sv\/wp-json\/wp\/v2\/product_tag?post=69907"}],"curies":[{"name":"wp","href":"https:\/\/api.w.org\/{rel}","templated":true}]}}