{"id":69917,"date":"2025-06-05T18:35:38","date_gmt":"2025-06-05T17:35:38","guid":{"rendered":"https:\/\/truusk.store\/product\/kontorsstol-ergonomisk-skrivbordsstol-med-armstod-justerbar-huvudstod-hojdjusterbar-mesh-svangstol-med-gungfunktion-svart\/"},"modified":"2026-03-12T08:40:56","modified_gmt":"2026-03-12T07:40:56","slug":"truusk-ergonomisk-kontorsstol-med-armstod-justerbart-huvudstod-hojdjusterbar-gungfunktion-svart","status":"publish","type":"product","link":"https:\/\/truusk.store\/sv\/produkt\/truusk-ergonomisk-kontorsstol-med-armstod-justerbart-huvudstod-hojdjusterbar-gungfunktion-svart\/","title":{"rendered":"TRUUSK Ergonomisk Kontorsstol med Armst\u00f6d &#8211; Justerbart Huvudst\u00f6d &#8211; H\u00f6jdjusterbar &#8211; Gungfunktion &#8211; Svart"},"content":{"rendered":"<p>Med TRUUSK kontorsstolen upplever du v\u00e4lkommen bekv\u00e4mlighet \u00e4ven under arbetet. Den flexibla huvudst\u00f6det kan roteras och justeras f\u00f6r att optimalt st\u00f6dja din nacke. S\u00e4tet av h\u00f6gdensitetsskum ger komfort hela dagen och den andningsbara n\u00e4tstolen ger svalka, oavsett hur l\u00e5ng din arbetsdag \u00e4r. Den idealiska f\u00f6ljeslagaren f\u00f6r effektivt arbete och samtidigt v\u00e4lbefinnande!<\/p>\n<p>Beskrivning:<\/p>\n<ul>\n<li> Det roterbara huvudst\u00f6det kan justeras upp och ner f\u00f6r individuell nackkomfort<\/li>\n<li> Den h\u00f6jdjusterbara sittytan anpassar sig till olika kroppsstorlekar<\/li>\n<li> Sitsvaddering av h\u00f6gdensitetsskum ger varaktig sittkomfort<\/li>\n<li> Andningsbart n\u00e4ttyg h\u00e5ller dig sval \u00e4ven vid l\u00e4ngre anv\u00e4ndning<\/li>\n<li> Lutningsfunktionen m\u00f6jligg\u00f6r mjuk gungning f\u00f6r avkoppling<\/li>\n<li> Roterande hjul och sits f\u00f6rb\u00e4ttrar r\u00f6rligheten p\u00e5 arbetsplatsen<\/li>\n<li> Montering kr\u00e4vs<\/li>\n<\/ul>\n<p> Tekniska data:<\/p>\n<ul>\n<li> F\u00e4rg: Svart<\/li>\n<li> Material: Mesh (100% Polyester), Plast, Skum<\/li>\n<li> Totala dimensioner: 60B x 64D x 102-112H cm<\/li>\n<li> Sitsstorlek: 53B x 53D cm<\/li>\n<li> Sitth\u00f6jd: 46-56 cm<\/li>\n<li> Sitt tjocklek: 9,5 cm<\/li>\n<li> Armst\u00f6dsh\u00f6jd till sits: 18 cm<\/li>\n<li> Ryggst\u00f6dsstorlek: 50B x 52H cm<\/li>\n<li> Huvudst\u00f6dsstorlek: 34B x 18H cm<\/li>\n<li> B\u00e4rkapacitet: 135 kg<\/li>\n<\/ul>\n<p>Leveransinneh\u00e5ll:<\/p>\n<ul>\n<li> 1 x Kontorsstol<\/li>\n<li> 1 x Bruksanvisning<\/li>\n<\/ul>\n","protected":false},"excerpt":{"rendered":"<p>Med TRUUSK kontorsstolen upplever du v\u00e4lkommen bekv\u00e4mlighet \u00e4ven under arbetet. Den flexibla huvudst\u00f6det kan roteras och justeras f\u00f6r att optimalt&#8230;<\/p>\n","protected":false},"featured_media":69908,"template":"","meta":[],"product_brand":[],"product_cat":[872,871,516],"product_tag":[],"class_list":{"0":"post-69917","1":"product","2":"type-product","3":"status-publish","4":"has-post-thumbnail","6":"product_cat-hemmakontor-arbetsplats","7":"product_cat-hus-hem","8":"product_cat-kontorsstolar","10":"first","11":"instock","12":"sale","13":"taxable","14":"shipping-taxable","15":"purchasable","16":"product-type-simple"},"yoast_head":"<!-- This site is optimized with the Yoast SEO plugin v25.4 - https:\/\/yoast.com\/wordpress\/plugins\/seo\/ -->\n<title>TRUUSK Ergonomisk Kontorsstol med Armst\u00f6d - Justerbart Huvudst\u00f6d - H\u00f6jdjusterbar - Gungfunktion - Svart - TRUUSK - Hem, Tr\u00e4dg\u00e5rd &amp; Fritid<\/title>\n<meta name=\"robots\" content=\"index, follow, max-snippet:-1, max-image-preview:large, max-video-preview:-1\" \/>\n<link rel=\"canonical\" href=\"https:\/\/truusk.store\/sv\/produkt\/truusk-ergonomisk-kontorsstol-med-armstod-justerbart-huvudstod-hojdjusterbar-gungfunktion-svart\/\" \/>\n<meta property=\"og:locale\" content=\"sv_SE\" \/>\n<meta property=\"og:type\" content=\"article\" \/>\n<meta property=\"og:title\" content=\"TRUUSK Ergonomisk Kontorsstol med Armst\u00f6d - Justerbart Huvudst\u00f6d - H\u00f6jdjusterbar - Gungfunktion - Svart - TRUUSK - Hem, Tr\u00e4dg\u00e5rd &amp; Fritid\" \/>\n<meta property=\"og:description\" content=\"Med TRUUSK kontorsstolen upplever du v\u00e4lkommen bekv\u00e4mlighet \u00e4ven under arbetet. Den flexibla huvudst\u00f6det kan roteras och justeras f\u00f6r att optimalt...\" \/>\n<meta property=\"og:url\" content=\"https:\/\/truusk.store\/sv\/produkt\/truusk-ergonomisk-kontorsstol-med-armstod-justerbart-huvudstod-hojdjusterbar-gungfunktion-svart\/\" \/>\n<meta property=\"og:site_name\" content=\"TRUUSK - Hem, Tr\u00e4dg\u00e5rd &amp; Fritid\" \/>\n<meta property=\"article:modified_time\" content=\"2026-03-12T07:40:56+00:00\" \/>\n<meta property=\"og:image\" content=\"https:\/\/i0.wp.com\/truusk.se\/wp-content\/uploads\/2025\/06\/kontorsstol-ergonomisk-skrivbordsstol-med-armstod-justerbar-huvudstod-hojdjusterbar-mesh-svangstol-med-gungfunktion-svart-1.webp?fit=2000%2C2000&ssl=1\" \/>\n\t<meta property=\"og:image:width\" content=\"2000\" \/>\n\t<meta property=\"og:image:height\" content=\"2000\" \/>\n\t<meta property=\"og:image:type\" content=\"image\/webp\" \/>\n<meta name=\"twitter:card\" content=\"summary_large_image\" \/>\n<meta name=\"twitter:label1\" content=\"Ber\u00e4knad l\u00e4stid\" \/>\n\t<meta name=\"twitter:data1\" content=\"1 minut\" \/>\n<!-- \/ Yoast SEO plugin. -->","yoast_head_json":{"title":"TRUUSK Ergonomisk Kontorsstol med Armst\u00f6d - Justerbart Huvudst\u00f6d - H\u00f6jdjusterbar - Gungfunktion - Svart - TRUUSK - Hem, Tr\u00e4dg\u00e5rd &amp; Fritid","robots":{"index":"index","follow":"follow","max-snippet":"max-snippet:-1","max-image-preview":"max-image-preview:large","max-video-preview":"max-video-preview:-1"},"canonical":"https:\/\/truusk.store\/sv\/produkt\/truusk-ergonomisk-kontorsstol-med-armstod-justerbart-huvudstod-hojdjusterbar-gungfunktion-svart\/","og_locale":"sv_SE","og_type":"article","og_title":"TRUUSK Ergonomisk Kontorsstol med Armst\u00f6d - Justerbart Huvudst\u00f6d - H\u00f6jdjusterbar - Gungfunktion - Svart - TRUUSK - Hem, Tr\u00e4dg\u00e5rd &amp; Fritid","og_description":"Med TRUUSK kontorsstolen upplever du v\u00e4lkommen bekv\u00e4mlighet \u00e4ven under arbetet. Den flexibla huvudst\u00f6det kan roteras och justeras f\u00f6r att optimalt...","og_url":"https:\/\/truusk.store\/sv\/produkt\/truusk-ergonomisk-kontorsstol-med-armstod-justerbart-huvudstod-hojdjusterbar-gungfunktion-svart\/","og_site_name":"TRUUSK - Hem, Tr\u00e4dg\u00e5rd &amp; Fritid","article_modified_time":"2026-03-12T07:40:56+00:00","og_image":[{"width":2000,"height":2000,"url":"https:\/\/i0.wp.com\/truusk.se\/wp-content\/uploads\/2025\/06\/kontorsstol-ergonomisk-skrivbordsstol-med-armstod-justerbar-huvudstod-hojdjusterbar-mesh-svangstol-med-gungfunktion-svart-1.webp?fit=2000%2C2000&ssl=1","type":"image\/webp"}],"twitter_card":"summary_large_image","twitter_misc":{"Ber\u00e4knad l\u00e4stid":"1 minut"},"schema":{"@context":"https:\/\/schema.org","@graph":[{"@type":"WebPage","@id":"https:\/\/truusk.store\/sv\/produkt\/truusk-ergonomisk-kontorsstol-med-armstod-justerbart-huvudstod-hojdjusterbar-gungfunktion-svart\/","url":"https:\/\/truusk.store\/sv\/produkt\/truusk-ergonomisk-kontorsstol-med-armstod-justerbart-huvudstod-hojdjusterbar-gungfunktion-svart\/","name":"TRUUSK Ergonomisk Kontorsstol med Armst\u00f6d - Justerbart Huvudst\u00f6d - H\u00f6jdjusterbar - Gungfunktion - Svart - TRUUSK - Hem, Tr\u00e4dg\u00e5rd &amp; Fritid","isPartOf":{"@id":"https:\/\/truusk.store\/sv\/#website"},"primaryImageOfPage":{"@id":"https:\/\/truusk.store\/sv\/produkt\/truusk-ergonomisk-kontorsstol-med-armstod-justerbart-huvudstod-hojdjusterbar-gungfunktion-svart\/#primaryimage"},"image":{"@id":"https:\/\/truusk.store\/sv\/produkt\/truusk-ergonomisk-kontorsstol-med-armstod-justerbart-huvudstod-hojdjusterbar-gungfunktion-svart\/#primaryimage"},"thumbnailUrl":"https:\/\/i0.wp.com\/truusk.store\/wp-content\/uploads\/2025\/06\/kontorsstol-ergonomisk-skrivbordsstol-med-armstod-justerbar-huvudstod-hojdjusterbar-mesh-svangstol-med-gungfunktion-svart-1.webp?fit=2000%2C2000&ssl=1","datePublished":"2025-06-05T17:35:38+00:00","dateModified":"2026-03-12T07:40:56+00:00","breadcrumb":{"@id":"https:\/\/truusk.store\/sv\/produkt\/truusk-ergonomisk-kontorsstol-med-armstod-justerbart-huvudstod-hojdjusterbar-gungfunktion-svart\/#breadcrumb"},"inLanguage":"sv-SE","potentialAction":[{"@type":"ReadAction","target":["https:\/\/truusk.store\/sv\/produkt\/truusk-ergonomisk-kontorsstol-med-armstod-justerbart-huvudstod-hojdjusterbar-gungfunktion-svart\/"]}]},{"@type":"ImageObject","inLanguage":"sv-SE","@id":"https:\/\/truusk.store\/sv\/produkt\/truusk-ergonomisk-kontorsstol-med-armstod-justerbart-huvudstod-hojdjusterbar-gungfunktion-svart\/#primaryimage","url":"https:\/\/i0.wp.com\/truusk.store\/wp-content\/uploads\/2025\/06\/kontorsstol-ergonomisk-skrivbordsstol-med-armstod-justerbar-huvudstod-hojdjusterbar-mesh-svangstol-med-gungfunktion-svart-1.webp?fit=2000%2C2000&ssl=1","contentUrl":"https:\/\/i0.wp.com\/truusk.store\/wp-content\/uploads\/2025\/06\/kontorsstol-ergonomisk-skrivbordsstol-med-armstod-justerbar-huvudstod-hojdjusterbar-mesh-svangstol-med-gungfunktion-svart-1.webp?fit=2000%2C2000&ssl=1","width":2000,"height":2000},{"@type":"BreadcrumbList","@id":"https:\/\/truusk.store\/sv\/produkt\/truusk-ergonomisk-kontorsstol-med-armstod-justerbart-huvudstod-hojdjusterbar-gungfunktion-svart\/#breadcrumb","itemListElement":[{"@type":"ListItem","position":1,"name":"Home","item":"https:\/\/truusk.store\/sv\/"},{"@type":"ListItem","position":2,"name":"Shop","item":"https:\/\/truusk.store\/shop\/"},{"@type":"ListItem","position":3,"name":"TRUUSK Ergonomisk Kontorsstol med Armst\u00f6d &#8211; Justerbart Huvudst\u00f6d &#8211; H\u00f6jdjusterbar &#8211; Gungfunktion &#8211; Svart"}]},{"@type":"WebSite","@id":"https:\/\/truusk.store\/sv\/#website","url":"https:\/\/truusk.store\/sv\/","name":"TRUUSK - Hem, Tr\u00e4dg\u00e5rd & Fritid","description":"","publisher":{"@id":"https:\/\/truusk.store\/sv\/#organization"},"potentialAction":[{"@type":"SearchAction","target":{"@type":"EntryPoint","urlTemplate":"https:\/\/truusk.store\/sv\/?s={search_term_string}"},"query-input":{"@type":"PropertyValueSpecification","valueRequired":true,"valueName":"search_term_string"}}],"inLanguage":"sv-SE"},{"@type":"Organization","@id":"https:\/\/truusk.store\/sv\/#organization","name":"TRUUSK - Hem, Tr\u00e4dg\u00e5rd & Fritid","url":"https:\/\/truusk.store\/sv\/","logo":{"@type":"ImageObject","inLanguage":"sv-SE","@id":"https:\/\/truusk.store\/sv\/#\/schema\/logo\/image\/","url":"https:\/\/i0.wp.com\/truusk.store\/wp-content\/uploads\/2026\/03\/cropped-TRUUSK.png?fit=2032%2C917&ssl=1","contentUrl":"https:\/\/i0.wp.com\/truusk.store\/wp-content\/uploads\/2026\/03\/cropped-TRUUSK.png?fit=2032%2C917&ssl=1","width":2032,"height":917,"caption":"TRUUSK - Hem, Tr\u00e4dg\u00e5rd & Fritid"},"image":{"@id":"https:\/\/truusk.store\/sv\/#\/schema\/logo\/image\/"}}]}},"jetpack_sharing_enabled":true,"_links":{"self":[{"href":"https:\/\/truusk.store\/sv\/wp-json\/wp\/v2\/product\/69917","targetHints":{"allow":["GET"]}}],"collection":[{"href":"https:\/\/truusk.store\/sv\/wp-json\/wp\/v2\/product"}],"about":[{"href":"https:\/\/truusk.store\/sv\/wp-json\/wp\/v2\/types\/product"}],"wp:featuredmedia":[{"embeddable":true,"href":"https:\/\/truusk.store\/sv\/wp-json\/wp\/v2\/media\/69908"}],"wp:attachment":[{"href":"https:\/\/truusk.store\/sv\/wp-json\/wp\/v2\/media?parent=69917"}],"wp:term":[{"taxonomy":"product_brand","embeddable":true,"href":"https:\/\/truusk.store\/sv\/wp-json\/wp\/v2\/product_brand?post=69917"},{"taxonomy":"product_cat","embeddable":true,"href":"https:\/\/truusk.store\/sv\/wp-json\/wp\/v2\/product_cat?post=69917"},{"taxonomy":"product_tag","embeddable":true,"href":"https:\/\/truusk.store\/sv\/wp-json\/wp\/v2\/product_tag?post=69917"}],"curies":[{"name":"wp","href":"https:\/\/api.w.org\/{rel}","templated":true}]}}