{"id":69957,"date":"2025-06-05T18:39:43","date_gmt":"2025-06-05T17:39:43","guid":{"rendered":"https:\/\/truusk.store\/product\/garderobestall-med-skobank-kladstall-med-krokar-skohylla-garderob-med-sittkudde-jackstall-for-entreomrade-hall-bambu-natur\/"},"modified":"2026-03-12T08:40:50","modified_gmt":"2026-03-12T07:40:50","slug":"truusk-garderobskombination-med-skohylla-kladstall-med-krokar-sittkudde-jackstall-entremobel-bambu-natur","status":"publish","type":"product","link":"https:\/\/truusk.store\/sv\/produkt\/truusk-garderobskombination-med-skohylla-kladstall-med-krokar-sittkudde-jackstall-entremobel-bambu-natur\/","title":{"rendered":"TRUUSK Garderobskombination med Skohylla &#8211; Kl\u00e4dst\u00e4ll med Krokar &#8211; Sittkudde &#8211; Jackst\u00e4ll &#8211; Entr\u00e9m\u00f6bel &#8211; Bambu &#8211; Natur"},"content":{"rendered":"<p>F\u00f6rvandla din entr\u00e9 till en v\u00e4lkomsthall med den stiliga TRUUSK-garderoben! Jackst\u00e4llet erbjuder en kl\u00e4dst\u00e5ng, 10 krokar f\u00f6r kl\u00e4der och en skohylla. Under den mjuka, 4 cm tjocka s\u00e4tet finns ett dolt fack f\u00f6r skov\u00e5rdsredskap. En elegant och praktisk uppgradering f\u00f6r ditt hem.<\/p>\n<p>Beskrivning:<\/p>\n<ul>\n<li> Kombinerar en kl\u00e4dst\u00e5ng, 10 kl\u00e4dkrokar, en skob\u00e4nk, ett dolt f\u00f6rvaringsutrymme och en skohylla<\/li>\n<li> Skohyllan i hallgarderoben rymmer upp till tre par skor<\/li>\n<li> 4 cm tjockt sittkudde, fylld med h\u00f6gdensitetsskum, erbjuder bekv\u00e4mt sittande<\/li>\n<li> Garderobens konstl\u00e4der\u00f6verdrag \u00e4r sl\u00e4tt och mjukt<\/li>\n<li> Tillverkad av naturligt bambu<\/li>\n<li> Tipp-s\u00e4ker design f\u00f6r s\u00e4ker anv\u00e4ndning<\/li>\n<li> Montering kr\u00e4vs<\/li>\n<\/ul>\n<p> Tekniska data:<\/p>\n<ul>\n<li> F\u00e4rg: Natur<\/li>\n<li> Material: Bambu, konstl\u00e4der<\/li>\n<li> Totala dimensioner: 73,5B x 34D x 171H cm<\/li>\n<li> Storlek p\u00e5 kl\u00e4dst\u00e5ngen: 67,5L x \u00d81,5 cm<\/li>\n<li> Sittstorlek: 67B x 34D cm<\/li>\n<li> Storlek p\u00e5 det dolda f\u00f6rvaringsutrymmet: 63B x 31D x 4H cm<\/li>\n<li> Skohyllans storlek: 73B x 31D x 19H cm<\/li>\n<li> B\u00e4rkapacitet: 150 kg (totalt), 130 kg (sittplats), 5 kg (skohylla), 1,5 kg (krok)<\/li>\n<\/ul>\n<p>Leveransinneh\u00e5ll:<\/p>\n<ul>\n<li> 1 x Garderobsst\u00e4ll<\/li>\n<li> 1 x Handbok<\/li>\n<\/ul>\n","protected":false},"excerpt":{"rendered":"<p>F\u00f6rvandla din entr\u00e9 till en v\u00e4lkomsthall med den stiliga TRUUSK-garderoben! Jackst\u00e4llet erbjuder en kl\u00e4dst\u00e5ng, 10 krokar f\u00f6r kl\u00e4der och en&#8230;<\/p>\n","protected":false},"featured_media":69948,"template":"","meta":[],"product_brand":[],"product_cat":[893,871,560],"product_tag":[],"class_list":{"0":"post-69957","1":"product","2":"type-product","3":"status-publish","4":"has-post-thumbnail","6":"product_cat-garderob-hall","7":"product_cat-hus-hem","8":"product_cat-kladhangare","10":"first","11":"instock","12":"sale","13":"taxable","14":"shipping-taxable","15":"purchasable","16":"product-type-simple"},"yoast_head":"<!-- This site is optimized with the Yoast SEO plugin v25.4 - https:\/\/yoast.com\/wordpress\/plugins\/seo\/ -->\n<title>TRUUSK Garderobskombination med Skohylla - Kl\u00e4dst\u00e4ll med Krokar - Sittkudde - Jackst\u00e4ll - Entr\u00e9m\u00f6bel - Bambu - Natur - TRUUSK - Hem, Tr\u00e4dg\u00e5rd &amp; Fritid<\/title>\n<meta name=\"robots\" content=\"index, follow, max-snippet:-1, max-image-preview:large, max-video-preview:-1\" \/>\n<link rel=\"canonical\" href=\"https:\/\/truusk.store\/sv\/produkt\/truusk-garderobskombination-med-skohylla-kladstall-med-krokar-sittkudde-jackstall-entremobel-bambu-natur\/\" \/>\n<meta property=\"og:locale\" content=\"sv_SE\" \/>\n<meta property=\"og:type\" content=\"article\" \/>\n<meta property=\"og:title\" content=\"TRUUSK Garderobskombination med Skohylla - Kl\u00e4dst\u00e4ll med Krokar - Sittkudde - Jackst\u00e4ll - Entr\u00e9m\u00f6bel - Bambu - Natur - TRUUSK - Hem, Tr\u00e4dg\u00e5rd &amp; Fritid\" \/>\n<meta property=\"og:description\" content=\"F\u00f6rvandla din entr\u00e9 till en v\u00e4lkomsthall med den stiliga TRUUSK-garderoben! Jackst\u00e4llet erbjuder en kl\u00e4dst\u00e5ng, 10 krokar f\u00f6r kl\u00e4der och en...\" \/>\n<meta property=\"og:url\" content=\"https:\/\/truusk.store\/sv\/produkt\/truusk-garderobskombination-med-skohylla-kladstall-med-krokar-sittkudde-jackstall-entremobel-bambu-natur\/\" \/>\n<meta property=\"og:site_name\" content=\"TRUUSK - Hem, Tr\u00e4dg\u00e5rd &amp; Fritid\" \/>\n<meta property=\"article:modified_time\" content=\"2026-03-12T07:40:50+00:00\" \/>\n<meta property=\"og:image\" content=\"https:\/\/i0.wp.com\/truusk.se\/wp-content\/uploads\/2025\/06\/garderobestall-med-skobank-kladstall-med-krokar-skohylla-garderob-med-sittkudde-jackstall-for-entreomrade-hall-bambu-natur-1.webp?fit=2000%2C2000&ssl=1\" \/>\n\t<meta property=\"og:image:width\" content=\"2000\" \/>\n\t<meta property=\"og:image:height\" content=\"2000\" \/>\n\t<meta property=\"og:image:type\" content=\"image\/webp\" \/>\n<meta name=\"twitter:card\" content=\"summary_large_image\" \/>\n<meta name=\"twitter:label1\" content=\"Ber\u00e4knad l\u00e4stid\" \/>\n\t<meta name=\"twitter:data1\" content=\"1 minut\" \/>\n<!-- \/ Yoast SEO plugin. -->","yoast_head_json":{"title":"TRUUSK Garderobskombination med Skohylla - Kl\u00e4dst\u00e4ll med Krokar - Sittkudde - Jackst\u00e4ll - Entr\u00e9m\u00f6bel - Bambu - Natur - TRUUSK - Hem, Tr\u00e4dg\u00e5rd &amp; Fritid","robots":{"index":"index","follow":"follow","max-snippet":"max-snippet:-1","max-image-preview":"max-image-preview:large","max-video-preview":"max-video-preview:-1"},"canonical":"https:\/\/truusk.store\/sv\/produkt\/truusk-garderobskombination-med-skohylla-kladstall-med-krokar-sittkudde-jackstall-entremobel-bambu-natur\/","og_locale":"sv_SE","og_type":"article","og_title":"TRUUSK Garderobskombination med Skohylla - Kl\u00e4dst\u00e4ll med Krokar - Sittkudde - Jackst\u00e4ll - Entr\u00e9m\u00f6bel - Bambu - Natur - TRUUSK - Hem, Tr\u00e4dg\u00e5rd &amp; Fritid","og_description":"F\u00f6rvandla din entr\u00e9 till en v\u00e4lkomsthall med den stiliga TRUUSK-garderoben! Jackst\u00e4llet erbjuder en kl\u00e4dst\u00e5ng, 10 krokar f\u00f6r kl\u00e4der och en...","og_url":"https:\/\/truusk.store\/sv\/produkt\/truusk-garderobskombination-med-skohylla-kladstall-med-krokar-sittkudde-jackstall-entremobel-bambu-natur\/","og_site_name":"TRUUSK - Hem, Tr\u00e4dg\u00e5rd &amp; Fritid","article_modified_time":"2026-03-12T07:40:50+00:00","og_image":[{"width":2000,"height":2000,"url":"https:\/\/i0.wp.com\/truusk.se\/wp-content\/uploads\/2025\/06\/garderobestall-med-skobank-kladstall-med-krokar-skohylla-garderob-med-sittkudde-jackstall-for-entreomrade-hall-bambu-natur-1.webp?fit=2000%2C2000&ssl=1","type":"image\/webp"}],"twitter_card":"summary_large_image","twitter_misc":{"Ber\u00e4knad l\u00e4stid":"1 minut"},"schema":{"@context":"https:\/\/schema.org","@graph":[{"@type":"WebPage","@id":"https:\/\/truusk.store\/sv\/produkt\/truusk-garderobskombination-med-skohylla-kladstall-med-krokar-sittkudde-jackstall-entremobel-bambu-natur\/","url":"https:\/\/truusk.store\/sv\/produkt\/truusk-garderobskombination-med-skohylla-kladstall-med-krokar-sittkudde-jackstall-entremobel-bambu-natur\/","name":"TRUUSK Garderobskombination med Skohylla - Kl\u00e4dst\u00e4ll med Krokar - Sittkudde - Jackst\u00e4ll - Entr\u00e9m\u00f6bel - Bambu - Natur - TRUUSK - Hem, Tr\u00e4dg\u00e5rd &amp; Fritid","isPartOf":{"@id":"https:\/\/truusk.store\/sv\/#website"},"primaryImageOfPage":{"@id":"https:\/\/truusk.store\/sv\/produkt\/truusk-garderobskombination-med-skohylla-kladstall-med-krokar-sittkudde-jackstall-entremobel-bambu-natur\/#primaryimage"},"image":{"@id":"https:\/\/truusk.store\/sv\/produkt\/truusk-garderobskombination-med-skohylla-kladstall-med-krokar-sittkudde-jackstall-entremobel-bambu-natur\/#primaryimage"},"thumbnailUrl":"https:\/\/i0.wp.com\/truusk.store\/wp-content\/uploads\/2025\/06\/garderobestall-med-skobank-kladstall-med-krokar-skohylla-garderob-med-sittkudde-jackstall-for-entreomrade-hall-bambu-natur-1.webp?fit=2000%2C2000&ssl=1","datePublished":"2025-06-05T17:39:43+00:00","dateModified":"2026-03-12T07:40:50+00:00","breadcrumb":{"@id":"https:\/\/truusk.store\/sv\/produkt\/truusk-garderobskombination-med-skohylla-kladstall-med-krokar-sittkudde-jackstall-entremobel-bambu-natur\/#breadcrumb"},"inLanguage":"sv-SE","potentialAction":[{"@type":"ReadAction","target":["https:\/\/truusk.store\/sv\/produkt\/truusk-garderobskombination-med-skohylla-kladstall-med-krokar-sittkudde-jackstall-entremobel-bambu-natur\/"]}]},{"@type":"ImageObject","inLanguage":"sv-SE","@id":"https:\/\/truusk.store\/sv\/produkt\/truusk-garderobskombination-med-skohylla-kladstall-med-krokar-sittkudde-jackstall-entremobel-bambu-natur\/#primaryimage","url":"https:\/\/i0.wp.com\/truusk.store\/wp-content\/uploads\/2025\/06\/garderobestall-med-skobank-kladstall-med-krokar-skohylla-garderob-med-sittkudde-jackstall-for-entreomrade-hall-bambu-natur-1.webp?fit=2000%2C2000&ssl=1","contentUrl":"https:\/\/i0.wp.com\/truusk.store\/wp-content\/uploads\/2025\/06\/garderobestall-med-skobank-kladstall-med-krokar-skohylla-garderob-med-sittkudde-jackstall-for-entreomrade-hall-bambu-natur-1.webp?fit=2000%2C2000&ssl=1","width":2000,"height":2000},{"@type":"BreadcrumbList","@id":"https:\/\/truusk.store\/sv\/produkt\/truusk-garderobskombination-med-skohylla-kladstall-med-krokar-sittkudde-jackstall-entremobel-bambu-natur\/#breadcrumb","itemListElement":[{"@type":"ListItem","position":1,"name":"Home","item":"https:\/\/truusk.store\/sv\/"},{"@type":"ListItem","position":2,"name":"Shop","item":"https:\/\/truusk.store\/shop\/"},{"@type":"ListItem","position":3,"name":"TRUUSK Garderobskombination med Skohylla &#8211; Kl\u00e4dst\u00e4ll med Krokar &#8211; Sittkudde &#8211; Jackst\u00e4ll &#8211; Entr\u00e9m\u00f6bel &#8211; Bambu &#8211; Natur"}]},{"@type":"WebSite","@id":"https:\/\/truusk.store\/sv\/#website","url":"https:\/\/truusk.store\/sv\/","name":"TRUUSK - Hem, Tr\u00e4dg\u00e5rd & Fritid","description":"","publisher":{"@id":"https:\/\/truusk.store\/sv\/#organization"},"potentialAction":[{"@type":"SearchAction","target":{"@type":"EntryPoint","urlTemplate":"https:\/\/truusk.store\/sv\/?s={search_term_string}"},"query-input":{"@type":"PropertyValueSpecification","valueRequired":true,"valueName":"search_term_string"}}],"inLanguage":"sv-SE"},{"@type":"Organization","@id":"https:\/\/truusk.store\/sv\/#organization","name":"TRUUSK - Hem, Tr\u00e4dg\u00e5rd & Fritid","url":"https:\/\/truusk.store\/sv\/","logo":{"@type":"ImageObject","inLanguage":"sv-SE","@id":"https:\/\/truusk.store\/sv\/#\/schema\/logo\/image\/","url":"https:\/\/i0.wp.com\/truusk.store\/wp-content\/uploads\/2026\/03\/cropped-TRUUSK.png?fit=2032%2C917&ssl=1","contentUrl":"https:\/\/i0.wp.com\/truusk.store\/wp-content\/uploads\/2026\/03\/cropped-TRUUSK.png?fit=2032%2C917&ssl=1","width":2032,"height":917,"caption":"TRUUSK - Hem, Tr\u00e4dg\u00e5rd & Fritid"},"image":{"@id":"https:\/\/truusk.store\/sv\/#\/schema\/logo\/image\/"}}]}},"jetpack_sharing_enabled":true,"_links":{"self":[{"href":"https:\/\/truusk.store\/sv\/wp-json\/wp\/v2\/product\/69957","targetHints":{"allow":["GET"]}}],"collection":[{"href":"https:\/\/truusk.store\/sv\/wp-json\/wp\/v2\/product"}],"about":[{"href":"https:\/\/truusk.store\/sv\/wp-json\/wp\/v2\/types\/product"}],"wp:featuredmedia":[{"embeddable":true,"href":"https:\/\/truusk.store\/sv\/wp-json\/wp\/v2\/media\/69948"}],"wp:attachment":[{"href":"https:\/\/truusk.store\/sv\/wp-json\/wp\/v2\/media?parent=69957"}],"wp:term":[{"taxonomy":"product_brand","embeddable":true,"href":"https:\/\/truusk.store\/sv\/wp-json\/wp\/v2\/product_brand?post=69957"},{"taxonomy":"product_cat","embeddable":true,"href":"https:\/\/truusk.store\/sv\/wp-json\/wp\/v2\/product_cat?post=69957"},{"taxonomy":"product_tag","embeddable":true,"href":"https:\/\/truusk.store\/sv\/wp-json\/wp\/v2\/product_tag?post=69957"}],"curies":[{"name":"wp","href":"https:\/\/api.w.org\/{rel}","templated":true}]}}