{"id":69977,"date":"2025-06-05T18:41:46","date_gmt":"2025-06-05T17:41:46","guid":{"rendered":"https:\/\/truusk.store\/product\/hollywood-svangskydd-3-sits-vattenavvisande-vinterfast-skyddsholje-for-tradgardssvang-uv-resistent-tackplan-skyddshuv-slitstarkt-600d-oxford-tyg-205x124x164cm-morkgra\/"},"modified":"2026-03-12T09:37:31","modified_gmt":"2026-03-12T08:37:31","slug":"truusk-hollywood-skydd-for-3-sits-svang-vattenavvisande-och-uv-resistent-slitstarkt-600d-oxford-tyg-morkgra-205x124x164cm","status":"publish","type":"product","link":"https:\/\/truusk.store\/sv\/produkt\/truusk-hollywood-skydd-for-3-sits-svang-vattenavvisande-och-uv-resistent-slitstarkt-600d-oxford-tyg-morkgra-205x124x164cm\/","title":{"rendered":"TRUUSK Hollywood-skydd f\u00f6r 3-sits sv\u00e4ng, Vattenavvisande och UV-resistent &#8211; Slitstarkt 600D Oxford-tyg &#8211; M\u00f6rkgr\u00e5 &#8211; 205x124x164cm"},"content":{"rendered":"<p>Skydda dina tr\u00e4dg\u00e5rdsm\u00f6bler fr\u00e5n d\u00e5ligt v\u00e4der med v\u00e5rt praktiska skyddsh\u00f6lje f\u00f6r Hollywood-gungor. Tillverkad av h\u00f6gkvalitativ Oxford-tyg och utrustad med en extra plastbel\u00e4ggning, \u00e4r skyddsh\u00f6ljet f\u00f6r Hollywood-gungor slitstarkt och v\u00e4derbest\u00e4ndigt. Tyget skyddar dina m\u00f6bler fr\u00e5n UV-str\u00e5lning, f\u00f6rhindrar att f\u00e4rgerna bleknar och \u00e4r samtidigt andningsbart. Skyddsh\u00f6ljet f\u00f6r Hollywood-gungor kan \u00f6ppnas och st\u00e4ngas med ett enkelt dragkedjesystem.<\/p>\n<p>Beskrivning:<\/p>\n<ul>\n<li> Skyddar tr\u00e4dg\u00e5rdsm\u00f6bler fr\u00e5n vind, regn, solljus och andra v\u00e4derf\u00f6rh\u00e5llanden<\/li>\n<li> Skyddsh\u00f6ljet f\u00f6r Hollywood-gungor \u00e4r tillverkat av h\u00f6gkvalitativ Oxford-tyg<\/li>\n<li> Tex-Lock skyddar mot stark vind<\/li>\n<li> T\u00e4ta s\u00f6mmar p\u00e5 skyddsh\u00f6ljet f\u00f6r Hollywood-gungor skyddar mot vatten och smuts<\/li>\n<li> Enkel reng\u00f6ring<\/li>\n<li> Dragkedjesystemet p\u00e5 skyddsh\u00f6ljet f\u00f6r Hollywood-gungor f\u00f6r enkel \u00f6ppning och st\u00e4ngning<\/li>\n<li> L\u00e4mplig f\u00f6r gungb\u00e4nkar och andra m\u00f6belstycken<\/li>\n<\/ul>\n<p> Tekniska data:<\/p>\n<ul>\n<li> F\u00e4rg: M\u00f6rkgr\u00e5<\/li>\n<li> Material: Oxford-tyg (100% polyester)<\/li>\n<li> M\u00e5tt: 205L x 124B x 164H cm<\/li>\n<li> \u00d6ppningsm\u00e5tt: 204L x 154H cm<\/li>\n<li> Netto vikt: 2,94 kg<\/li>\n<\/ul>\n<p>Leveransinneh\u00e5ll:<\/p>\n<ul>\n<li> 1 x Skyddsh\u00f6lje f\u00f6r Hollywood-gungor<\/li>\n<li> 1 x Monteringsanvisningar<\/li>\n<\/ul>\n","protected":false},"excerpt":{"rendered":"<p>Skydda dina tr\u00e4dg\u00e5rdsm\u00f6bler fr\u00e5n d\u00e5ligt v\u00e4der med v\u00e5rt praktiska skyddsh\u00f6lje f\u00f6r Hollywood-gungor. Tillverkad av h\u00f6gkvalitativ Oxford-tyg och utrustad med en&#8230;<\/p>\n","protected":false},"featured_media":69968,"template":"","meta":[],"product_brand":[],"product_cat":[1034,453,858,450],"product_tag":[],"class_list":{"0":"post-69977","1":"product","2":"type-product","3":"status-publish","4":"has-post-thumbnail","6":"product_cat-abdeckung","7":"product_cat-hollywood-gungor","8":"product_cat-tradgard-terrass","9":"product_cat-tradgardsmobler","11":"first","12":"instock","13":"sale","14":"taxable","15":"shipping-taxable","16":"purchasable","17":"product-type-simple"},"yoast_head":"<!-- This site is optimized with the Yoast SEO plugin v25.4 - https:\/\/yoast.com\/wordpress\/plugins\/seo\/ -->\n<title>TRUUSK Hollywood-skydd f\u00f6r 3-sits sv\u00e4ng, Vattenavvisande och UV-resistent - Slitstarkt 600D Oxford-tyg - M\u00f6rkgr\u00e5 - 205x124x164cm - TRUUSK - Hem, Tr\u00e4dg\u00e5rd &amp; Fritid<\/title>\n<meta name=\"robots\" content=\"index, follow, max-snippet:-1, max-image-preview:large, max-video-preview:-1\" \/>\n<link rel=\"canonical\" href=\"https:\/\/truusk.store\/sv\/produkt\/truusk-hollywood-skydd-for-3-sits-svang-vattenavvisande-och-uv-resistent-slitstarkt-600d-oxford-tyg-morkgra-205x124x164cm\/\" \/>\n<meta property=\"og:locale\" content=\"sv_SE\" \/>\n<meta property=\"og:type\" content=\"article\" \/>\n<meta property=\"og:title\" content=\"TRUUSK Hollywood-skydd f\u00f6r 3-sits sv\u00e4ng, Vattenavvisande och UV-resistent - Slitstarkt 600D Oxford-tyg - M\u00f6rkgr\u00e5 - 205x124x164cm - TRUUSK - Hem, Tr\u00e4dg\u00e5rd &amp; Fritid\" \/>\n<meta property=\"og:description\" content=\"Skydda dina tr\u00e4dg\u00e5rdsm\u00f6bler fr\u00e5n d\u00e5ligt v\u00e4der med v\u00e5rt praktiska skyddsh\u00f6lje f\u00f6r Hollywood-gungor. Tillverkad av h\u00f6gkvalitativ Oxford-tyg och utrustad med en...\" \/>\n<meta property=\"og:url\" content=\"https:\/\/truusk.store\/sv\/produkt\/truusk-hollywood-skydd-for-3-sits-svang-vattenavvisande-och-uv-resistent-slitstarkt-600d-oxford-tyg-morkgra-205x124x164cm\/\" \/>\n<meta property=\"og:site_name\" content=\"TRUUSK - Hem, Tr\u00e4dg\u00e5rd &amp; Fritid\" \/>\n<meta property=\"article:modified_time\" content=\"2026-03-12T08:37:31+00:00\" \/>\n<meta property=\"og:image\" content=\"https:\/\/i0.wp.com\/truusk.se\/wp-content\/uploads\/2025\/06\/hollywood-svangskydd-3-sits-vattenavvisande-vinterfast-skyddsholje-for-tradgardssvang-uv-resistent-tackplan-skyddshuv-slitstarkt-600d-oxford-tyg-205x124x164cm-morkgra-1.webp?fit=2000%2C2000&ssl=1\" \/>\n\t<meta property=\"og:image:width\" content=\"2000\" \/>\n\t<meta property=\"og:image:height\" content=\"2000\" \/>\n\t<meta property=\"og:image:type\" content=\"image\/webp\" \/>\n<meta name=\"twitter:card\" content=\"summary_large_image\" \/>\n<meta name=\"twitter:label1\" content=\"Ber\u00e4knad l\u00e4stid\" \/>\n\t<meta name=\"twitter:data1\" content=\"1 minut\" \/>\n<!-- \/ Yoast SEO plugin. -->","yoast_head_json":{"title":"TRUUSK Hollywood-skydd f\u00f6r 3-sits sv\u00e4ng, Vattenavvisande och UV-resistent - Slitstarkt 600D Oxford-tyg - M\u00f6rkgr\u00e5 - 205x124x164cm - TRUUSK - Hem, Tr\u00e4dg\u00e5rd &amp; Fritid","robots":{"index":"index","follow":"follow","max-snippet":"max-snippet:-1","max-image-preview":"max-image-preview:large","max-video-preview":"max-video-preview:-1"},"canonical":"https:\/\/truusk.store\/sv\/produkt\/truusk-hollywood-skydd-for-3-sits-svang-vattenavvisande-och-uv-resistent-slitstarkt-600d-oxford-tyg-morkgra-205x124x164cm\/","og_locale":"sv_SE","og_type":"article","og_title":"TRUUSK Hollywood-skydd f\u00f6r 3-sits sv\u00e4ng, Vattenavvisande och UV-resistent - Slitstarkt 600D Oxford-tyg - M\u00f6rkgr\u00e5 - 205x124x164cm - TRUUSK - Hem, Tr\u00e4dg\u00e5rd &amp; Fritid","og_description":"Skydda dina tr\u00e4dg\u00e5rdsm\u00f6bler fr\u00e5n d\u00e5ligt v\u00e4der med v\u00e5rt praktiska skyddsh\u00f6lje f\u00f6r Hollywood-gungor. Tillverkad av h\u00f6gkvalitativ Oxford-tyg och utrustad med en...","og_url":"https:\/\/truusk.store\/sv\/produkt\/truusk-hollywood-skydd-for-3-sits-svang-vattenavvisande-och-uv-resistent-slitstarkt-600d-oxford-tyg-morkgra-205x124x164cm\/","og_site_name":"TRUUSK - Hem, Tr\u00e4dg\u00e5rd &amp; Fritid","article_modified_time":"2026-03-12T08:37:31+00:00","og_image":[{"width":2000,"height":2000,"url":"https:\/\/i0.wp.com\/truusk.se\/wp-content\/uploads\/2025\/06\/hollywood-svangskydd-3-sits-vattenavvisande-vinterfast-skyddsholje-for-tradgardssvang-uv-resistent-tackplan-skyddshuv-slitstarkt-600d-oxford-tyg-205x124x164cm-morkgra-1.webp?fit=2000%2C2000&ssl=1","type":"image\/webp"}],"twitter_card":"summary_large_image","twitter_misc":{"Ber\u00e4knad l\u00e4stid":"1 minut"},"schema":{"@context":"https:\/\/schema.org","@graph":[{"@type":"WebPage","@id":"https:\/\/truusk.store\/sv\/produkt\/truusk-hollywood-skydd-for-3-sits-svang-vattenavvisande-och-uv-resistent-slitstarkt-600d-oxford-tyg-morkgra-205x124x164cm\/","url":"https:\/\/truusk.store\/sv\/produkt\/truusk-hollywood-skydd-for-3-sits-svang-vattenavvisande-och-uv-resistent-slitstarkt-600d-oxford-tyg-morkgra-205x124x164cm\/","name":"TRUUSK Hollywood-skydd f\u00f6r 3-sits sv\u00e4ng, Vattenavvisande och UV-resistent - Slitstarkt 600D Oxford-tyg - M\u00f6rkgr\u00e5 - 205x124x164cm - TRUUSK - Hem, Tr\u00e4dg\u00e5rd &amp; Fritid","isPartOf":{"@id":"https:\/\/truusk.store\/sv\/#website"},"primaryImageOfPage":{"@id":"https:\/\/truusk.store\/sv\/produkt\/truusk-hollywood-skydd-for-3-sits-svang-vattenavvisande-och-uv-resistent-slitstarkt-600d-oxford-tyg-morkgra-205x124x164cm\/#primaryimage"},"image":{"@id":"https:\/\/truusk.store\/sv\/produkt\/truusk-hollywood-skydd-for-3-sits-svang-vattenavvisande-och-uv-resistent-slitstarkt-600d-oxford-tyg-morkgra-205x124x164cm\/#primaryimage"},"thumbnailUrl":"https:\/\/i0.wp.com\/truusk.store\/wp-content\/uploads\/2025\/06\/hollywood-svangskydd-3-sits-vattenavvisande-vinterfast-skyddsholje-for-tradgardssvang-uv-resistent-tackplan-skyddshuv-slitstarkt-600d-oxford-tyg-205x124x164cm-morkgra-1.webp?fit=2000%2C2000&ssl=1","datePublished":"2025-06-05T17:41:46+00:00","dateModified":"2026-03-12T08:37:31+00:00","breadcrumb":{"@id":"https:\/\/truusk.store\/sv\/produkt\/truusk-hollywood-skydd-for-3-sits-svang-vattenavvisande-och-uv-resistent-slitstarkt-600d-oxford-tyg-morkgra-205x124x164cm\/#breadcrumb"},"inLanguage":"sv-SE","potentialAction":[{"@type":"ReadAction","target":["https:\/\/truusk.store\/sv\/produkt\/truusk-hollywood-skydd-for-3-sits-svang-vattenavvisande-och-uv-resistent-slitstarkt-600d-oxford-tyg-morkgra-205x124x164cm\/"]}]},{"@type":"ImageObject","inLanguage":"sv-SE","@id":"https:\/\/truusk.store\/sv\/produkt\/truusk-hollywood-skydd-for-3-sits-svang-vattenavvisande-och-uv-resistent-slitstarkt-600d-oxford-tyg-morkgra-205x124x164cm\/#primaryimage","url":"https:\/\/i0.wp.com\/truusk.store\/wp-content\/uploads\/2025\/06\/hollywood-svangskydd-3-sits-vattenavvisande-vinterfast-skyddsholje-for-tradgardssvang-uv-resistent-tackplan-skyddshuv-slitstarkt-600d-oxford-tyg-205x124x164cm-morkgra-1.webp?fit=2000%2C2000&ssl=1","contentUrl":"https:\/\/i0.wp.com\/truusk.store\/wp-content\/uploads\/2025\/06\/hollywood-svangskydd-3-sits-vattenavvisande-vinterfast-skyddsholje-for-tradgardssvang-uv-resistent-tackplan-skyddshuv-slitstarkt-600d-oxford-tyg-205x124x164cm-morkgra-1.webp?fit=2000%2C2000&ssl=1","width":2000,"height":2000},{"@type":"BreadcrumbList","@id":"https:\/\/truusk.store\/sv\/produkt\/truusk-hollywood-skydd-for-3-sits-svang-vattenavvisande-och-uv-resistent-slitstarkt-600d-oxford-tyg-morkgra-205x124x164cm\/#breadcrumb","itemListElement":[{"@type":"ListItem","position":1,"name":"Home","item":"https:\/\/truusk.store\/sv\/"},{"@type":"ListItem","position":2,"name":"Shop","item":"https:\/\/truusk.store\/shop\/"},{"@type":"ListItem","position":3,"name":"TRUUSK Hollywood-skydd f\u00f6r 3-sits sv\u00e4ng, Vattenavvisande och UV-resistent &#8211; Slitstarkt 600D Oxford-tyg &#8211; M\u00f6rkgr\u00e5 &#8211; 205x124x164cm"}]},{"@type":"WebSite","@id":"https:\/\/truusk.store\/sv\/#website","url":"https:\/\/truusk.store\/sv\/","name":"TRUUSK - Hem, Tr\u00e4dg\u00e5rd & Fritid","description":"","publisher":{"@id":"https:\/\/truusk.store\/sv\/#organization"},"potentialAction":[{"@type":"SearchAction","target":{"@type":"EntryPoint","urlTemplate":"https:\/\/truusk.store\/sv\/?s={search_term_string}"},"query-input":{"@type":"PropertyValueSpecification","valueRequired":true,"valueName":"search_term_string"}}],"inLanguage":"sv-SE"},{"@type":"Organization","@id":"https:\/\/truusk.store\/sv\/#organization","name":"TRUUSK - Hem, Tr\u00e4dg\u00e5rd & Fritid","url":"https:\/\/truusk.store\/sv\/","logo":{"@type":"ImageObject","inLanguage":"sv-SE","@id":"https:\/\/truusk.store\/sv\/#\/schema\/logo\/image\/","url":"https:\/\/i0.wp.com\/truusk.store\/wp-content\/uploads\/2026\/03\/cropped-TRUUSK.png?fit=2032%2C917&ssl=1","contentUrl":"https:\/\/i0.wp.com\/truusk.store\/wp-content\/uploads\/2026\/03\/cropped-TRUUSK.png?fit=2032%2C917&ssl=1","width":2032,"height":917,"caption":"TRUUSK - Hem, Tr\u00e4dg\u00e5rd & Fritid"},"image":{"@id":"https:\/\/truusk.store\/sv\/#\/schema\/logo\/image\/"}}]}},"jetpack_sharing_enabled":true,"_links":{"self":[{"href":"https:\/\/truusk.store\/sv\/wp-json\/wp\/v2\/product\/69977","targetHints":{"allow":["GET"]}}],"collection":[{"href":"https:\/\/truusk.store\/sv\/wp-json\/wp\/v2\/product"}],"about":[{"href":"https:\/\/truusk.store\/sv\/wp-json\/wp\/v2\/types\/product"}],"wp:featuredmedia":[{"embeddable":true,"href":"https:\/\/truusk.store\/sv\/wp-json\/wp\/v2\/media\/69968"}],"wp:attachment":[{"href":"https:\/\/truusk.store\/sv\/wp-json\/wp\/v2\/media?parent=69977"}],"wp:term":[{"taxonomy":"product_brand","embeddable":true,"href":"https:\/\/truusk.store\/sv\/wp-json\/wp\/v2\/product_brand?post=69977"},{"taxonomy":"product_cat","embeddable":true,"href":"https:\/\/truusk.store\/sv\/wp-json\/wp\/v2\/product_cat?post=69977"},{"taxonomy":"product_tag","embeddable":true,"href":"https:\/\/truusk.store\/sv\/wp-json\/wp\/v2\/product_tag?post=69977"}],"curies":[{"name":"wp","href":"https:\/\/api.w.org\/{rel}","templated":true}]}}